{"id":47728,"date":"2026-05-12T12:14:23","date_gmt":"2026-05-12T10:14:23","guid":{"rendered":"https:\/\/www.navarroaubanell.com\/producto\/conjunto-pluton-navarroaubanell\/"},"modified":"2026-05-12T12:28:01","modified_gmt":"2026-05-12T10:28:01","slug":"conjunt-pluton-navarroaubanell","status":"publish","type":"product","link":"https:\/\/www.navarroaubanell.com\/ca\/producte\/conjunt-pluton-navarroaubanell\/","title":{"rendered":"Conjunt Plut\u00f3n"},"content":{"rendered":"<h5 data-start=\"0\" data-end=\"19\">Conjunt Plut\u00f3n: Disseny modern per a exteriors<\/h5>\n<p data-start=\"56\" data-end=\"241\">El conjunt Plut\u00f3n destaca pel seu estil modern, minimalista i atemporal; ideal per a crear espais exteriors elegants i funcionals en terrasses, jardins, hotels o zones chill out.<\/p>\n<h6 data-section-id=\"qt8697\" data-start=\"243\" data-end=\"279\">Estructura resistent i duradora<\/h6>\n<p data-start=\"273\" data-end=\"476\">La seva estructura d&#8217;alumini en color blanc garanteix lleugeresa, resist\u00e8ncia i durabilitat, incl\u00fas en usos intensius i condicions clim\u00e0tiques variables. El seu acabat aporta un disseny net i contemporani.<\/p>\n<h6 data-section-id=\"71fgkc\" data-start=\"586\" data-end=\"635\">Coixins confortables i de f\u00e0cil manteniment<\/h6>\n<p data-start=\"518\" data-end=\"713\">Els coixins en color natural s\u00f3n desenfundables per a facilitat la seva neteja. Incorporen tractament TPU waterproof, que protegeix el teixit vers la humitat i millora la seva durabilitat en exteriors.<\/p>\n<h6 data-section-id=\"oyjb18\" data-start=\"837\" data-end=\"862\">Taula de centre a joc<\/h6>\n<p data-start=\"863\" data-end=\"999\">La taula de centre combina estructura i tauler d&#8217;alumini en color blanc, mantenint una est\u00e8tica uniforme, equilibrada i sofisticada.<\/p>\n<h6 data-section-id=\"8tk6fk\" data-start=\"1001\" data-end=\"1029\">Composici\u00f3 del conjunt<\/h6>\n<p data-start=\"1030\" data-end=\"1244\" data-is-last-node=\"\" data-is-only-node=\"\">El conjunt Plut\u00f3n compta amb:<\/p>\n<ul>\n<li data-start=\"1030\" data-end=\"1244\">Sof\u00e0 de 3 places<\/li>\n<li data-start=\"1030\" data-end=\"1244\">Sof\u00e0 de 2 places<\/li>\n<li data-start=\"1030\" data-end=\"1244\">Butaca<\/li>\n<li data-start=\"1030\" data-end=\"1244\">Taula de centre.<\/li>\n<\/ul>\n<p>Tots els elements tamb\u00e9 es poden adquirir de manera individual per a adaptar la composici\u00f3 a mesura de cada espai.<\/p>\n","protected":false},"excerpt":{"rendered":"<p>Conjunt Plut\u00f3n: Disseny modern per a exteriors El conjunt Plut\u00f3n destaca pel seu estil modern, minimalista i atemporal; ideal per a crear espais exteriors elegants i funcionals en terrasses, jardins, hotels o zones chill out. Estructura resistent i duradora La seva estructura d&#8217;alumini en color blanc garanteix lleugeresa, resist\u00e8ncia i durabilitat, incl\u00fas en usos intensius&hellip;<\/p>\n","protected":false},"featured_media":47726,"template":"","meta":{"_acf_changed":false},"product_brand":[],"product_cat":[1693,565,563,1718],"product_tag":[605,617,640,1600,1651,754],"class_list":{"0":"post-47728","1":"product","2":"type-product","3":"status-publish","4":"has-post-thumbnail","6":"product_cat-chill-out-2-ca","7":"product_cat-conjunts-exterior","8":"product_cat-exterior-ca","9":"product_cat-sets-de-terraza","10":"product_tag-butaca-ca","11":"product_tag-conjunt","12":"product_tag-exterior-ca","13":"product_tag-f16-ca","14":"product_tag-mesa-de-centro-ca","15":"product_tag-sofa-ca","16":"description-off","18":"first","19":"instock","20":"shipping-taxable","21":"product-type-simple"},"acf":[],"yoast_head":"<!-- This site is optimized with the Yoast SEO plugin v27.5 - https:\/\/yoast.com\/product\/yoast-seo-wordpress\/ -->\n<title>Conjunt Plut\u00f3n - Navarro Aubanell<\/title>\n<meta name=\"description\" content=\"Conjunt Plut\u00f3n d&#039;exterior en alumini blanc amb coixins waterproof. Disseny modern, modular i resistent ideal per a terrasses i jardins.\" \/>\n<meta name=\"robots\" content=\"index, follow, max-snippet:-1, max-image-preview:large, max-video-preview:-1\" \/>\n<link rel=\"canonical\" href=\"https:\/\/www.navarroaubanell.com\/ca\/producte\/conjunt-pluton-navarroaubanell\/\" \/>\n<meta property=\"og:locale\" content=\"ca_ES\" \/>\n<meta property=\"og:type\" content=\"article\" \/>\n<meta property=\"og:title\" content=\"Conjunt Plut\u00f3n - Navarro Aubanell\" \/>\n<meta property=\"og:description\" content=\"Conjunt Plut\u00f3n d&#039;exterior en alumini blanc amb coixins waterproof. Disseny modern, modular i resistent ideal per a terrasses i jardins.\" \/>\n<meta property=\"og:url\" content=\"https:\/\/www.navarroaubanell.com\/ca\/producte\/conjunt-pluton-navarroaubanell\/\" \/>\n<meta property=\"og:site_name\" content=\"Navarro Aubanell\" \/>\n<meta property=\"article:modified_time\" content=\"2026-05-12T10:28:01+00:00\" \/>\n<meta property=\"og:image\" content=\"https:\/\/www.navarroaubanell.com\/wp-content\/uploads\/2026\/05\/Conjunto-Pluton-5.png\" \/>\n\t<meta property=\"og:image:width\" content=\"850\" \/>\n\t<meta property=\"og:image:height\" content=\"600\" \/>\n\t<meta property=\"og:image:type\" content=\"image\/png\" \/>\n<meta name=\"twitter:label1\" content=\"Est. reading time\" \/>\n\t<meta name=\"twitter:data1\" content=\"1 minute\" \/>\n<script type=\"application\/ld+json\" class=\"yoast-schema-graph\">{\"@context\":\"https:\\\/\\\/schema.org\",\"@graph\":[{\"@type\":\"WebPage\",\"@id\":\"https:\\\/\\\/www.navarroaubanell.com\\\/ca\\\/producte\\\/conjunt-pluton-navarroaubanell\\\/\",\"url\":\"https:\\\/\\\/www.navarroaubanell.com\\\/ca\\\/producte\\\/conjunt-pluton-navarroaubanell\\\/\",\"name\":\"Conjunt Plut\u00f3n - Navarro Aubanell\",\"isPartOf\":{\"@id\":\"https:\\\/\\\/www.navarroaubanell.com\\\/ca\\\/#website\"},\"primaryImageOfPage\":{\"@id\":\"https:\\\/\\\/www.navarroaubanell.com\\\/ca\\\/producte\\\/conjunt-pluton-navarroaubanell\\\/#primaryimage\"},\"image\":{\"@id\":\"https:\\\/\\\/www.navarroaubanell.com\\\/ca\\\/producte\\\/conjunt-pluton-navarroaubanell\\\/#primaryimage\"},\"thumbnailUrl\":\"https:\\\/\\\/www.navarroaubanell.com\\\/wp-content\\\/uploads\\\/2026\\\/05\\\/Conjunto-Pluton-5.png\",\"datePublished\":\"2026-05-12T10:14:23+00:00\",\"dateModified\":\"2026-05-12T10:28:01+00:00\",\"description\":\"Conjunt Plut\u00f3n d'exterior en alumini blanc amb coixins waterproof. Disseny modern, modular i resistent ideal per a terrasses i jardins.\",\"breadcrumb\":{\"@id\":\"https:\\\/\\\/www.navarroaubanell.com\\\/ca\\\/producte\\\/conjunt-pluton-navarroaubanell\\\/#breadcrumb\"},\"inLanguage\":\"ca\",\"potentialAction\":[{\"@type\":\"ReadAction\",\"target\":[\"https:\\\/\\\/www.navarroaubanell.com\\\/ca\\\/producte\\\/conjunt-pluton-navarroaubanell\\\/\"]}]},{\"@type\":\"ImageObject\",\"inLanguage\":\"ca\",\"@id\":\"https:\\\/\\\/www.navarroaubanell.com\\\/ca\\\/producte\\\/conjunt-pluton-navarroaubanell\\\/#primaryimage\",\"url\":\"https:\\\/\\\/www.navarroaubanell.com\\\/wp-content\\\/uploads\\\/2026\\\/05\\\/Conjunto-Pluton-5.png\",\"contentUrl\":\"https:\\\/\\\/www.navarroaubanell.com\\\/wp-content\\\/uploads\\\/2026\\\/05\\\/Conjunto-Pluton-5.png\",\"width\":850,\"height\":600,\"caption\":\"Conjunto Pluton\"},{\"@type\":\"BreadcrumbList\",\"@id\":\"https:\\\/\\\/www.navarroaubanell.com\\\/ca\\\/producte\\\/conjunt-pluton-navarroaubanell\\\/#breadcrumb\",\"itemListElement\":[{\"@type\":\"ListItem\",\"position\":1,\"name\":\"Portada\",\"item\":\"https:\\\/\\\/www.navarroaubanell.com\\\/ca\\\/\"},{\"@type\":\"ListItem\",\"position\":2,\"name\":\"Productes\",\"item\":\"https:\\\/\\\/www.navarroaubanell.com\\\/productos\\\/\"},{\"@type\":\"ListItem\",\"position\":3,\"name\":\"Conjunt Plut\u00f3n\"}]},{\"@type\":\"WebSite\",\"@id\":\"https:\\\/\\\/www.navarroaubanell.com\\\/ca\\\/#website\",\"url\":\"https:\\\/\\\/www.navarroaubanell.com\\\/ca\\\/\",\"name\":\"Navarro Aubanell\",\"description\":\"Mobiliario para hoteler\u00eda, colectividades y oficinas\",\"publisher\":{\"@id\":\"https:\\\/\\\/www.navarroaubanell.com\\\/ca\\\/#organization\"},\"potentialAction\":[{\"@type\":\"SearchAction\",\"target\":{\"@type\":\"EntryPoint\",\"urlTemplate\":\"https:\\\/\\\/www.navarroaubanell.com\\\/ca\\\/?s={search_term_string}\"},\"query-input\":{\"@type\":\"PropertyValueSpecification\",\"valueRequired\":true,\"valueName\":\"search_term_string\"}}],\"inLanguage\":\"ca\"},{\"@type\":\"Organization\",\"@id\":\"https:\\\/\\\/www.navarroaubanell.com\\\/ca\\\/#organization\",\"name\":\"COMERCIAL NAVARRO AUBANELL, S.A\",\"url\":\"https:\\\/\\\/www.navarroaubanell.com\\\/ca\\\/\",\"logo\":{\"@type\":\"ImageObject\",\"inLanguage\":\"ca\",\"@id\":\"https:\\\/\\\/www.navarroaubanell.com\\\/ca\\\/#\\\/schema\\\/logo\\\/image\\\/\",\"url\":\"https:\\\/\\\/www.navarroaubanell.com\\\/wp-content\\\/uploads\\\/2017\\\/07\\\/logo-navarro-aubuanell.png\",\"contentUrl\":\"https:\\\/\\\/www.navarroaubanell.com\\\/wp-content\\\/uploads\\\/2017\\\/07\\\/logo-navarro-aubuanell.png\",\"width\":6304,\"height\":1154,\"caption\":\"COMERCIAL NAVARRO AUBANELL, S.A\"},\"image\":{\"@id\":\"https:\\\/\\\/www.navarroaubanell.com\\\/ca\\\/#\\\/schema\\\/logo\\\/image\\\/\"}}]}<\/script>\n<!-- \/ Yoast SEO plugin. -->","yoast_head_json":{"title":"Conjunt Plut\u00f3n - Navarro Aubanell","description":"Conjunt Plut\u00f3n d'exterior en alumini blanc amb coixins waterproof. Disseny modern, modular i resistent ideal per a terrasses i jardins.","robots":{"index":"index","follow":"follow","max-snippet":"max-snippet:-1","max-image-preview":"max-image-preview:large","max-video-preview":"max-video-preview:-1"},"canonical":"https:\/\/www.navarroaubanell.com\/ca\/producte\/conjunt-pluton-navarroaubanell\/","og_locale":"ca_ES","og_type":"article","og_title":"Conjunt Plut\u00f3n - Navarro Aubanell","og_description":"Conjunt Plut\u00f3n d'exterior en alumini blanc amb coixins waterproof. Disseny modern, modular i resistent ideal per a terrasses i jardins.","og_url":"https:\/\/www.navarroaubanell.com\/ca\/producte\/conjunt-pluton-navarroaubanell\/","og_site_name":"Navarro Aubanell","article_modified_time":"2026-05-12T10:28:01+00:00","og_image":[{"width":850,"height":600,"url":"https:\/\/www.navarroaubanell.com\/wp-content\/uploads\/2026\/05\/Conjunto-Pluton-5.png","type":"image\/png"}],"twitter_misc":{"Est. reading time":"1 minute"},"schema":{"@context":"https:\/\/schema.org","@graph":[{"@type":"WebPage","@id":"https:\/\/www.navarroaubanell.com\/ca\/producte\/conjunt-pluton-navarroaubanell\/","url":"https:\/\/www.navarroaubanell.com\/ca\/producte\/conjunt-pluton-navarroaubanell\/","name":"Conjunt Plut\u00f3n - Navarro Aubanell","isPartOf":{"@id":"https:\/\/www.navarroaubanell.com\/ca\/#website"},"primaryImageOfPage":{"@id":"https:\/\/www.navarroaubanell.com\/ca\/producte\/conjunt-pluton-navarroaubanell\/#primaryimage"},"image":{"@id":"https:\/\/www.navarroaubanell.com\/ca\/producte\/conjunt-pluton-navarroaubanell\/#primaryimage"},"thumbnailUrl":"https:\/\/www.navarroaubanell.com\/wp-content\/uploads\/2026\/05\/Conjunto-Pluton-5.png","datePublished":"2026-05-12T10:14:23+00:00","dateModified":"2026-05-12T10:28:01+00:00","description":"Conjunt Plut\u00f3n d'exterior en alumini blanc amb coixins waterproof. Disseny modern, modular i resistent ideal per a terrasses i jardins.","breadcrumb":{"@id":"https:\/\/www.navarroaubanell.com\/ca\/producte\/conjunt-pluton-navarroaubanell\/#breadcrumb"},"inLanguage":"ca","potentialAction":[{"@type":"ReadAction","target":["https:\/\/www.navarroaubanell.com\/ca\/producte\/conjunt-pluton-navarroaubanell\/"]}]},{"@type":"ImageObject","inLanguage":"ca","@id":"https:\/\/www.navarroaubanell.com\/ca\/producte\/conjunt-pluton-navarroaubanell\/#primaryimage","url":"https:\/\/www.navarroaubanell.com\/wp-content\/uploads\/2026\/05\/Conjunto-Pluton-5.png","contentUrl":"https:\/\/www.navarroaubanell.com\/wp-content\/uploads\/2026\/05\/Conjunto-Pluton-5.png","width":850,"height":600,"caption":"Conjunto Pluton"},{"@type":"BreadcrumbList","@id":"https:\/\/www.navarroaubanell.com\/ca\/producte\/conjunt-pluton-navarroaubanell\/#breadcrumb","itemListElement":[{"@type":"ListItem","position":1,"name":"Portada","item":"https:\/\/www.navarroaubanell.com\/ca\/"},{"@type":"ListItem","position":2,"name":"Productes","item":"https:\/\/www.navarroaubanell.com\/productos\/"},{"@type":"ListItem","position":3,"name":"Conjunt Plut\u00f3n"}]},{"@type":"WebSite","@id":"https:\/\/www.navarroaubanell.com\/ca\/#website","url":"https:\/\/www.navarroaubanell.com\/ca\/","name":"Navarro Aubanell","description":"Mobiliario para hoteler\u00eda, colectividades y oficinas","publisher":{"@id":"https:\/\/www.navarroaubanell.com\/ca\/#organization"},"potentialAction":[{"@type":"SearchAction","target":{"@type":"EntryPoint","urlTemplate":"https:\/\/www.navarroaubanell.com\/ca\/?s={search_term_string}"},"query-input":{"@type":"PropertyValueSpecification","valueRequired":true,"valueName":"search_term_string"}}],"inLanguage":"ca"},{"@type":"Organization","@id":"https:\/\/www.navarroaubanell.com\/ca\/#organization","name":"COMERCIAL NAVARRO AUBANELL, S.A","url":"https:\/\/www.navarroaubanell.com\/ca\/","logo":{"@type":"ImageObject","inLanguage":"ca","@id":"https:\/\/www.navarroaubanell.com\/ca\/#\/schema\/logo\/image\/","url":"https:\/\/www.navarroaubanell.com\/wp-content\/uploads\/2017\/07\/logo-navarro-aubuanell.png","contentUrl":"https:\/\/www.navarroaubanell.com\/wp-content\/uploads\/2017\/07\/logo-navarro-aubuanell.png","width":6304,"height":1154,"caption":"COMERCIAL NAVARRO AUBANELL, S.A"},"image":{"@id":"https:\/\/www.navarroaubanell.com\/ca\/#\/schema\/logo\/image\/"}}]}},"_links":{"self":[{"href":"https:\/\/www.navarroaubanell.com\/ca\/wp-json\/wp\/v2\/product\/47728","targetHints":{"allow":["GET"]}}],"collection":[{"href":"https:\/\/www.navarroaubanell.com\/ca\/wp-json\/wp\/v2\/product"}],"about":[{"href":"https:\/\/www.navarroaubanell.com\/ca\/wp-json\/wp\/v2\/types\/product"}],"wp:featuredmedia":[{"embeddable":true,"href":"https:\/\/www.navarroaubanell.com\/ca\/wp-json\/wp\/v2\/media\/47726"}],"wp:attachment":[{"href":"https:\/\/www.navarroaubanell.com\/ca\/wp-json\/wp\/v2\/media?parent=47728"}],"wp:term":[{"taxonomy":"product_brand","embeddable":true,"href":"https:\/\/www.navarroaubanell.com\/ca\/wp-json\/wp\/v2\/product_brand?post=47728"},{"taxonomy":"product_cat","embeddable":true,"href":"https:\/\/www.navarroaubanell.com\/ca\/wp-json\/wp\/v2\/product_cat?post=47728"},{"taxonomy":"product_tag","embeddable":true,"href":"https:\/\/www.navarroaubanell.com\/ca\/wp-json\/wp\/v2\/product_tag?post=47728"}],"curies":[{"name":"wp","href":"https:\/\/api.w.org\/{rel}","templated":true}]}}