{"id":47685,"date":"2026-05-11T17:10:47","date_gmt":"2026-05-11T15:10:47","guid":{"rendered":"https:\/\/www.navarroaubanell.com\/producto\/sillon-luba-navarroaubanelll\/"},"modified":"2026-05-11T17:26:09","modified_gmt":"2026-05-11T15:26:09","slug":"cadira-de-bracos-luba-navarroaubanelll","status":"publish","type":"product","link":"https:\/\/www.navarroaubanell.com\/ca\/producte\/cadira-de-bracos-luba-navarroaubanelll\/","title":{"rendered":"Cadira de bra\u00e7os Luba"},"content":{"rendered":"<h5 data-section-id=\"cqgll3\" data-start=\"0\" data-end=\"46\">Cadira de bra\u00e7os Luba: disseny modern per a hostaleria<\/h5>\n<p data-start=\"61\" data-end=\"293\">La cadira de bra\u00e7os Luba combina una est\u00e8tica moderna, org\u00e0nica i minimalista, ideal per a espais d\u2019hostaleria, restauraci\u00f3 i terrasses. El seu disseny contemporani aporta versatilitat i eleg\u00e0ncia tant en interiors com en exteriors.<\/p>\n<h6 data-section-id=\"1elfgn1\" data-start=\"274\" data-end=\"299\">Resist\u00e8ncia i lleugeresa<\/h6>\n<p data-start=\"324\" data-end=\"654\">Fabricada en tecnopol\u00edmer injectat refor\u00e7at amb fibra de vidre, Luba ofereix una excel\u00b7lent resist\u00e8ncia, estabilitat i durabilitat sense renunciar a una estructura lleugera i c\u00f2moda per a un \u00fas intensiu diari. A m\u00e9s, est\u00e0 disponible en diversos colors per adaptar-se f\u00e0cilment a qualsevol ambient professional.<\/p>\n<h6 data-section-id=\"4c8n3a\" data-start=\"616\" data-end=\"646\">Protecci\u00f3 UV per exteriors<\/h6>\n<p data-start=\"689\" data-end=\"915\">Gr\u00e0cies al seu tractament de protecci\u00f3 UV, aquesta cadira de bra\u00e7os est\u00e0 preparada per suportar llargues jornades a l\u2019aire lliure, mantenint les seves propietats davant l\u2019exposici\u00f3 solar i les condicions clim\u00e0tiques habituals.<\/p>\n<h6 data-section-id=\"1govfsf\" data-start=\"875\" data-end=\"914\">Cadira de bra\u00e7os apilable per a \u00fas professional<\/h6>\n<div class=\"qMYqUG_convSearchResultHighlightRoot\">\n<div class=\"\" data-turn-id-container=\"request-WEB:0f338650-97b8-4749-a232-b6456d41c2b8-8\" data-is-intersecting=\"true\">\n<div class=\"relative w-full overflow-visible\">\n<section class=\"text-token-text-primary w-full focus:outline-none [--shadow-height:45px] has-data-writing-block:pointer-events-none has-data-writing-block:-mt-(--shadow-height) has-data-writing-block:pt-(--shadow-height) [&amp;:has([data-writing-block])&gt;*]:pointer-events-auto R6Vx5W_threadScrollVars scroll-mb-[calc(var(--scroll-root-safe-area-inset-bottom,0px)+var(--thread-response-height))] scroll-mt-[calc(var(--header-height)+min(200px,max(70px,20svh)))]\" dir=\"auto\" data-turn-id=\"request-WEB:0f338650-97b8-4749-a232-b6456d41c2b8-8\" data-turn-id-container=\"request-WEB:0f338650-97b8-4749-a232-b6456d41c2b8-8\" data-testid=\"conversation-turn-18\" data-scroll-anchor=\"false\" data-turn=\"assistant\">\n<div class=\"text-base my-auto mx-auto pb-10 [--thread-content-margin:var(--thread-content-margin-xs,calc(var(--spacing)*4))] @w-sm\/main:[--thread-content-margin:var(--thread-content-margin-sm,calc(var(--spacing)*6))] @w-lg\/main:[--thread-content-margin:var(--thread-content-margin-lg,calc(var(--spacing)*16))] px-(--thread-content-margin)\">\n<div class=\"[--thread-content-max-width:40rem] @w-lg\/main:[--thread-content-max-width:48rem] mx-auto max-w-(--thread-content-max-width) flex-1 group\/turn-messages focus-visible:outline-hidden relative flex w-full min-w-0 flex-col agent-turn\">\n<div class=\"flex max-w-full flex-col gap-4 grow\">\n<div class=\"min-h-8 text-message relative flex w-full flex-col items-end gap-2 text-start break-words whitespace-normal outline-none keyboard-focused:focus-ring [.text-message+&amp;]:mt-1\" dir=\"auto\" tabindex=\"0\" data-message-author-role=\"assistant\" data-message-id=\"3bfcec55-0e0b-4252-8315-2903f88c10a4\" data-message-model-slug=\"gpt-5-5\" data-turn-start-message=\"true\">\n<div class=\"flex w-full flex-col gap-1 empty:hidden\">\n<div class=\"markdown prose dark:prose-invert wrap-break-word w-full light markdown-new-styling\">\n<p data-start=\"969\" data-end=\"1200\" data-is-last-node=\"\" data-is-only-node=\"\">Pensada especialment per al sector de l\u2019hostaleria, la cadira de bra\u00e7os \u00e9s apilable, facilitant l\u2019emmagatzematge i l\u2019optimitzaci\u00f3 de l\u2019espai. Una soluci\u00f3 funcional i resistent per a restaurants, cafeteries, hotels i terrasses.<\/p>\n<\/div>\n<\/div>\n<\/div>\n<\/div>\n<\/div>\n<\/div>\n<\/section>\n<\/div>\n<\/div>\n<\/div>\n","protected":false},"excerpt":{"rendered":"<p>Cadira de bra\u00e7os Luba: disseny modern per a hostaleria La cadira de bra\u00e7os Luba combina una est\u00e8tica moderna, org\u00e0nica i minimalista, ideal per a espais d\u2019hostaleria, restauraci\u00f3 i terrasses. El seu disseny contemporani aporta versatilitat i eleg\u00e0ncia tant en interiors com en exteriors. Resist\u00e8ncia i lleugeresa Fabricada en tecnopol\u00edmer injectat refor\u00e7at amb fibra de vidre,&hellip;<\/p>\n","protected":false},"featured_media":47681,"template":"","meta":{"_acf_changed":false},"product_brand":[],"product_cat":[573,563,1229],"product_tag":[587,749,640,1600,664],"class_list":{"0":"post-47685","1":"product","2":"type-product","3":"status-publish","4":"has-post-thumbnail","6":"product_cat-cadires-de-bracos-exterior","7":"product_cat-exterior-ca","8":"product_cat-novetats","9":"product_tag-apilable-ca","10":"product_tag-cadira-de-barcos","11":"product_tag-exterior-ca","12":"product_tag-f16-ca","13":"product_tag-interior-ca","14":"description-off","16":"first","17":"instock","18":"shipping-taxable","19":"product-type-simple"},"acf":[],"yoast_head":"<!-- This site is optimized with the Yoast SEO plugin v27.5 - https:\/\/yoast.com\/product\/yoast-seo-wordpress\/ -->\n<title>Cadira de bra\u00e7os Luba - Navarro Aubanell<\/title>\n<meta name=\"description\" content=\"Cadira de bra\u00e7os Luba fabricat en tecnopol\u00edmer refor\u00e7at amb fibra de vidre, apilable, resistent i amb protecci\u00f3 UV per a \u00fas interior i exterior.\" \/>\n<meta name=\"robots\" content=\"index, follow, max-snippet:-1, max-image-preview:large, max-video-preview:-1\" \/>\n<link rel=\"canonical\" href=\"https:\/\/www.navarroaubanell.com\/ca\/producte\/cadira-de-bracos-luba-navarroaubanelll\/\" \/>\n<meta property=\"og:locale\" content=\"ca_ES\" \/>\n<meta property=\"og:type\" content=\"article\" \/>\n<meta property=\"og:title\" content=\"Cadira de bra\u00e7os Luba - Navarro Aubanell\" \/>\n<meta property=\"og:description\" content=\"Cadira de bra\u00e7os Luba fabricat en tecnopol\u00edmer refor\u00e7at amb fibra de vidre, apilable, resistent i amb protecci\u00f3 UV per a \u00fas interior i exterior.\" \/>\n<meta property=\"og:url\" content=\"https:\/\/www.navarroaubanell.com\/ca\/producte\/cadira-de-bracos-luba-navarroaubanelll\/\" \/>\n<meta property=\"og:site_name\" content=\"Navarro Aubanell\" \/>\n<meta property=\"article:modified_time\" content=\"2026-05-11T15:26:09+00:00\" \/>\n<meta property=\"og:image\" content=\"https:\/\/www.navarroaubanell.com\/wp-content\/uploads\/2026\/05\/Sillon-Luba-4.png\" \/>\n\t<meta property=\"og:image:width\" content=\"850\" \/>\n\t<meta property=\"og:image:height\" content=\"600\" \/>\n\t<meta property=\"og:image:type\" content=\"image\/png\" \/>\n<meta name=\"twitter:label1\" content=\"Est. reading time\" \/>\n\t<meta name=\"twitter:data1\" content=\"2 minutes\" \/>\n<script type=\"application\/ld+json\" class=\"yoast-schema-graph\">{\"@context\":\"https:\\\/\\\/schema.org\",\"@graph\":[{\"@type\":\"WebPage\",\"@id\":\"https:\\\/\\\/www.navarroaubanell.com\\\/ca\\\/producte\\\/cadira-de-bracos-luba-navarroaubanelll\\\/\",\"url\":\"https:\\\/\\\/www.navarroaubanell.com\\\/ca\\\/producte\\\/cadira-de-bracos-luba-navarroaubanelll\\\/\",\"name\":\"Cadira de bra\u00e7os Luba - Navarro Aubanell\",\"isPartOf\":{\"@id\":\"https:\\\/\\\/www.navarroaubanell.com\\\/ca\\\/#website\"},\"primaryImageOfPage\":{\"@id\":\"https:\\\/\\\/www.navarroaubanell.com\\\/ca\\\/producte\\\/cadira-de-bracos-luba-navarroaubanelll\\\/#primaryimage\"},\"image\":{\"@id\":\"https:\\\/\\\/www.navarroaubanell.com\\\/ca\\\/producte\\\/cadira-de-bracos-luba-navarroaubanelll\\\/#primaryimage\"},\"thumbnailUrl\":\"https:\\\/\\\/www.navarroaubanell.com\\\/wp-content\\\/uploads\\\/2026\\\/05\\\/Sillon-Luba-4.png\",\"datePublished\":\"2026-05-11T15:10:47+00:00\",\"dateModified\":\"2026-05-11T15:26:09+00:00\",\"description\":\"Cadira de bra\u00e7os Luba fabricat en tecnopol\u00edmer refor\u00e7at amb fibra de vidre, apilable, resistent i amb protecci\u00f3 UV per a \u00fas interior i exterior.\",\"breadcrumb\":{\"@id\":\"https:\\\/\\\/www.navarroaubanell.com\\\/ca\\\/producte\\\/cadira-de-bracos-luba-navarroaubanelll\\\/#breadcrumb\"},\"inLanguage\":\"ca\",\"potentialAction\":[{\"@type\":\"ReadAction\",\"target\":[\"https:\\\/\\\/www.navarroaubanell.com\\\/ca\\\/producte\\\/cadira-de-bracos-luba-navarroaubanelll\\\/\"]}]},{\"@type\":\"ImageObject\",\"inLanguage\":\"ca\",\"@id\":\"https:\\\/\\\/www.navarroaubanell.com\\\/ca\\\/producte\\\/cadira-de-bracos-luba-navarroaubanelll\\\/#primaryimage\",\"url\":\"https:\\\/\\\/www.navarroaubanell.com\\\/wp-content\\\/uploads\\\/2026\\\/05\\\/Sillon-Luba-4.png\",\"contentUrl\":\"https:\\\/\\\/www.navarroaubanell.com\\\/wp-content\\\/uploads\\\/2026\\\/05\\\/Sillon-Luba-4.png\",\"width\":850,\"height\":600,\"caption\":\"Sill\u00f3n Luba\"},{\"@type\":\"BreadcrumbList\",\"@id\":\"https:\\\/\\\/www.navarroaubanell.com\\\/ca\\\/producte\\\/cadira-de-bracos-luba-navarroaubanelll\\\/#breadcrumb\",\"itemListElement\":[{\"@type\":\"ListItem\",\"position\":1,\"name\":\"Portada\",\"item\":\"https:\\\/\\\/www.navarroaubanell.com\\\/ca\\\/\"},{\"@type\":\"ListItem\",\"position\":2,\"name\":\"Productes\",\"item\":\"https:\\\/\\\/www.navarroaubanell.com\\\/productos\\\/\"},{\"@type\":\"ListItem\",\"position\":3,\"name\":\"Cadira de bra\u00e7os Luba\"}]},{\"@type\":\"WebSite\",\"@id\":\"https:\\\/\\\/www.navarroaubanell.com\\\/ca\\\/#website\",\"url\":\"https:\\\/\\\/www.navarroaubanell.com\\\/ca\\\/\",\"name\":\"Navarro Aubanell\",\"description\":\"Mobiliario para hoteler\u00eda, colectividades y oficinas\",\"publisher\":{\"@id\":\"https:\\\/\\\/www.navarroaubanell.com\\\/ca\\\/#organization\"},\"potentialAction\":[{\"@type\":\"SearchAction\",\"target\":{\"@type\":\"EntryPoint\",\"urlTemplate\":\"https:\\\/\\\/www.navarroaubanell.com\\\/ca\\\/?s={search_term_string}\"},\"query-input\":{\"@type\":\"PropertyValueSpecification\",\"valueRequired\":true,\"valueName\":\"search_term_string\"}}],\"inLanguage\":\"ca\"},{\"@type\":\"Organization\",\"@id\":\"https:\\\/\\\/www.navarroaubanell.com\\\/ca\\\/#organization\",\"name\":\"COMERCIAL NAVARRO AUBANELL, S.A\",\"url\":\"https:\\\/\\\/www.navarroaubanell.com\\\/ca\\\/\",\"logo\":{\"@type\":\"ImageObject\",\"inLanguage\":\"ca\",\"@id\":\"https:\\\/\\\/www.navarroaubanell.com\\\/ca\\\/#\\\/schema\\\/logo\\\/image\\\/\",\"url\":\"https:\\\/\\\/www.navarroaubanell.com\\\/wp-content\\\/uploads\\\/2017\\\/07\\\/logo-navarro-aubuanell.png\",\"contentUrl\":\"https:\\\/\\\/www.navarroaubanell.com\\\/wp-content\\\/uploads\\\/2017\\\/07\\\/logo-navarro-aubuanell.png\",\"width\":6304,\"height\":1154,\"caption\":\"COMERCIAL NAVARRO AUBANELL, S.A\"},\"image\":{\"@id\":\"https:\\\/\\\/www.navarroaubanell.com\\\/ca\\\/#\\\/schema\\\/logo\\\/image\\\/\"}}]}<\/script>\n<!-- \/ Yoast SEO plugin. -->","yoast_head_json":{"title":"Cadira de bra\u00e7os Luba - Navarro Aubanell","description":"Cadira de bra\u00e7os Luba fabricat en tecnopol\u00edmer refor\u00e7at amb fibra de vidre, apilable, resistent i amb protecci\u00f3 UV per a \u00fas interior i exterior.","robots":{"index":"index","follow":"follow","max-snippet":"max-snippet:-1","max-image-preview":"max-image-preview:large","max-video-preview":"max-video-preview:-1"},"canonical":"https:\/\/www.navarroaubanell.com\/ca\/producte\/cadira-de-bracos-luba-navarroaubanelll\/","og_locale":"ca_ES","og_type":"article","og_title":"Cadira de bra\u00e7os Luba - Navarro Aubanell","og_description":"Cadira de bra\u00e7os Luba fabricat en tecnopol\u00edmer refor\u00e7at amb fibra de vidre, apilable, resistent i amb protecci\u00f3 UV per a \u00fas interior i exterior.","og_url":"https:\/\/www.navarroaubanell.com\/ca\/producte\/cadira-de-bracos-luba-navarroaubanelll\/","og_site_name":"Navarro Aubanell","article_modified_time":"2026-05-11T15:26:09+00:00","og_image":[{"width":850,"height":600,"url":"https:\/\/www.navarroaubanell.com\/wp-content\/uploads\/2026\/05\/Sillon-Luba-4.png","type":"image\/png"}],"twitter_misc":{"Est. reading time":"2 minutes"},"schema":{"@context":"https:\/\/schema.org","@graph":[{"@type":"WebPage","@id":"https:\/\/www.navarroaubanell.com\/ca\/producte\/cadira-de-bracos-luba-navarroaubanelll\/","url":"https:\/\/www.navarroaubanell.com\/ca\/producte\/cadira-de-bracos-luba-navarroaubanelll\/","name":"Cadira de bra\u00e7os Luba - Navarro Aubanell","isPartOf":{"@id":"https:\/\/www.navarroaubanell.com\/ca\/#website"},"primaryImageOfPage":{"@id":"https:\/\/www.navarroaubanell.com\/ca\/producte\/cadira-de-bracos-luba-navarroaubanelll\/#primaryimage"},"image":{"@id":"https:\/\/www.navarroaubanell.com\/ca\/producte\/cadira-de-bracos-luba-navarroaubanelll\/#primaryimage"},"thumbnailUrl":"https:\/\/www.navarroaubanell.com\/wp-content\/uploads\/2026\/05\/Sillon-Luba-4.png","datePublished":"2026-05-11T15:10:47+00:00","dateModified":"2026-05-11T15:26:09+00:00","description":"Cadira de bra\u00e7os Luba fabricat en tecnopol\u00edmer refor\u00e7at amb fibra de vidre, apilable, resistent i amb protecci\u00f3 UV per a \u00fas interior i exterior.","breadcrumb":{"@id":"https:\/\/www.navarroaubanell.com\/ca\/producte\/cadira-de-bracos-luba-navarroaubanelll\/#breadcrumb"},"inLanguage":"ca","potentialAction":[{"@type":"ReadAction","target":["https:\/\/www.navarroaubanell.com\/ca\/producte\/cadira-de-bracos-luba-navarroaubanelll\/"]}]},{"@type":"ImageObject","inLanguage":"ca","@id":"https:\/\/www.navarroaubanell.com\/ca\/producte\/cadira-de-bracos-luba-navarroaubanelll\/#primaryimage","url":"https:\/\/www.navarroaubanell.com\/wp-content\/uploads\/2026\/05\/Sillon-Luba-4.png","contentUrl":"https:\/\/www.navarroaubanell.com\/wp-content\/uploads\/2026\/05\/Sillon-Luba-4.png","width":850,"height":600,"caption":"Sill\u00f3n Luba"},{"@type":"BreadcrumbList","@id":"https:\/\/www.navarroaubanell.com\/ca\/producte\/cadira-de-bracos-luba-navarroaubanelll\/#breadcrumb","itemListElement":[{"@type":"ListItem","position":1,"name":"Portada","item":"https:\/\/www.navarroaubanell.com\/ca\/"},{"@type":"ListItem","position":2,"name":"Productes","item":"https:\/\/www.navarroaubanell.com\/productos\/"},{"@type":"ListItem","position":3,"name":"Cadira de bra\u00e7os Luba"}]},{"@type":"WebSite","@id":"https:\/\/www.navarroaubanell.com\/ca\/#website","url":"https:\/\/www.navarroaubanell.com\/ca\/","name":"Navarro Aubanell","description":"Mobiliario para hoteler\u00eda, colectividades y oficinas","publisher":{"@id":"https:\/\/www.navarroaubanell.com\/ca\/#organization"},"potentialAction":[{"@type":"SearchAction","target":{"@type":"EntryPoint","urlTemplate":"https:\/\/www.navarroaubanell.com\/ca\/?s={search_term_string}"},"query-input":{"@type":"PropertyValueSpecification","valueRequired":true,"valueName":"search_term_string"}}],"inLanguage":"ca"},{"@type":"Organization","@id":"https:\/\/www.navarroaubanell.com\/ca\/#organization","name":"COMERCIAL NAVARRO AUBANELL, S.A","url":"https:\/\/www.navarroaubanell.com\/ca\/","logo":{"@type":"ImageObject","inLanguage":"ca","@id":"https:\/\/www.navarroaubanell.com\/ca\/#\/schema\/logo\/image\/","url":"https:\/\/www.navarroaubanell.com\/wp-content\/uploads\/2017\/07\/logo-navarro-aubuanell.png","contentUrl":"https:\/\/www.navarroaubanell.com\/wp-content\/uploads\/2017\/07\/logo-navarro-aubuanell.png","width":6304,"height":1154,"caption":"COMERCIAL NAVARRO AUBANELL, S.A"},"image":{"@id":"https:\/\/www.navarroaubanell.com\/ca\/#\/schema\/logo\/image\/"}}]}},"_links":{"self":[{"href":"https:\/\/www.navarroaubanell.com\/ca\/wp-json\/wp\/v2\/product\/47685","targetHints":{"allow":["GET"]}}],"collection":[{"href":"https:\/\/www.navarroaubanell.com\/ca\/wp-json\/wp\/v2\/product"}],"about":[{"href":"https:\/\/www.navarroaubanell.com\/ca\/wp-json\/wp\/v2\/types\/product"}],"wp:featuredmedia":[{"embeddable":true,"href":"https:\/\/www.navarroaubanell.com\/ca\/wp-json\/wp\/v2\/media\/47681"}],"wp:attachment":[{"href":"https:\/\/www.navarroaubanell.com\/ca\/wp-json\/wp\/v2\/media?parent=47685"}],"wp:term":[{"taxonomy":"product_brand","embeddable":true,"href":"https:\/\/www.navarroaubanell.com\/ca\/wp-json\/wp\/v2\/product_brand?post=47685"},{"taxonomy":"product_cat","embeddable":true,"href":"https:\/\/www.navarroaubanell.com\/ca\/wp-json\/wp\/v2\/product_cat?post=47685"},{"taxonomy":"product_tag","embeddable":true,"href":"https:\/\/www.navarroaubanell.com\/ca\/wp-json\/wp\/v2\/product_tag?post=47685"}],"curies":[{"name":"wp","href":"https:\/\/api.w.org\/{rel}","templated":true}]}}