{"id":47642,"date":"2026-05-11T09:40:22","date_gmt":"2026-05-11T07:40:22","guid":{"rendered":"https:\/\/www.navarroaubanell.com\/producto\/silla-tanu-navarroaubanell\/"},"modified":"2026-05-11T10:10:55","modified_gmt":"2026-05-11T08:10:55","slug":"cadira-tanu-navarroaubanell","status":"publish","type":"product","link":"https:\/\/www.navarroaubanell.com\/ca\/producte\/cadira-tanu-navarroaubanell\/","title":{"rendered":"Cadira Tanu"},"content":{"rendered":"<div class=\"\" data-turn-id-container=\"3a15c6a9-46e7-4e1e-ac9f-f968ccd97335\" data-is-intersecting=\"true\">\n<div class=\"relative w-full overflow-visible\">\n<section class=\"text-token-text-primary w-full focus:outline-none [--shadow-height:45px] has-data-writing-block:pointer-events-none has-data-writing-block:-mt-(--shadow-height) has-data-writing-block:pt-(--shadow-height) [&amp;:has([data-writing-block])&gt;*]:pointer-events-auto R6Vx5W_threadScrollVars scroll-mb-[calc(var(--scroll-root-safe-area-inset-bottom,0px)+var(--thread-response-height))] scroll-mt-(--header-height)\" dir=\"auto\" data-turn-id=\"3a15c6a9-46e7-4e1e-ac9f-f968ccd97335\" data-turn-id-container=\"3a15c6a9-46e7-4e1e-ac9f-f968ccd97335\" data-testid=\"conversation-turn-3\" data-scroll-anchor=\"false\" data-turn=\"user\"><\/section>\n<h5 class=\"contents\">Cadira Tanu: Disseny modern i funcional per a hostaleria<\/h5>\n<div>\n<p data-start=\"111\" data-end=\"404\">La cadira Tanu destaca pel seu disseny modern i org\u00e0nic, ideal per a espais d\u2019hostaleria, restauraci\u00f3 i col\u00b7lectivitats que busquen funcionalitat sense renunciar a l\u2019est\u00e8tica. La seva silueta contempor\u00e0nia i lleugera aporta personalitat a terrasses, restaurants, cafeteries i espais interiors.<\/p>\n<\/div>\n<\/div>\n<\/div>\n<div class=\"\" data-turn-id-container=\"request-WEB:c63c328e-966b-477c-97fe-3065b1e7bdf6-1\" data-is-intersecting=\"true\">\n<div class=\"relative w-full overflow-visible\">\n<section class=\"text-token-text-primary w-full focus:outline-none [--shadow-height:45px] has-data-writing-block:pointer-events-none has-data-writing-block:-mt-(--shadow-height) has-data-writing-block:pt-(--shadow-height) [&amp;:has([data-writing-block])&gt;*]:pointer-events-auto R6Vx5W_threadScrollVars scroll-mb-[calc(var(--scroll-root-safe-area-inset-bottom,0px)+var(--thread-response-height))] scroll-mt-[calc(var(--header-height)+min(200px,max(70px,20svh)))]\" dir=\"auto\" data-turn-id=\"request-WEB:c63c328e-966b-477c-97fe-3065b1e7bdf6-1\" data-turn-id-container=\"request-WEB:c63c328e-966b-477c-97fe-3065b1e7bdf6-1\" data-testid=\"conversation-turn-4\" data-scroll-anchor=\"false\" data-turn=\"assistant\">\n<div class=\"text-base my-auto mx-auto pb-10 [--thread-content-margin:var(--thread-content-margin-xs,calc(var(--spacing)*4))] @w-sm\/main:[--thread-content-margin:var(--thread-content-margin-sm,calc(var(--spacing)*6))] @w-lg\/main:[--thread-content-margin:var(--thread-content-margin-lg,calc(var(--spacing)*16))] px-(--thread-content-margin)\">\n<div class=\"[--thread-content-max-width:40rem] @w-lg\/main:[--thread-content-max-width:48rem] mx-auto max-w-(--thread-content-max-width) flex-1 group\/turn-messages focus-visible:outline-hidden relative flex w-full min-w-0 flex-col agent-turn\">\n<div class=\"flex max-w-full flex-col gap-4 grow\">\n<div class=\"min-h-8 text-message relative flex w-full flex-col items-end gap-2 text-start break-words whitespace-normal outline-none keyboard-focused:focus-ring [.text-message+&amp;]:mt-1\" dir=\"auto\" tabindex=\"0\" data-message-author-role=\"assistant\" data-message-id=\"cf4d6dd9-a227-4bdd-bbbb-e5fc5a3596bf\" data-message-model-slug=\"gpt-5-5\" data-turn-start-message=\"true\">\n<div class=\"flex w-full flex-col gap-1 empty:hidden\">\n<div class=\"markdown prose dark:prose-invert wrap-break-word w-full light markdown-new-styling\">\n<h6 data-section-id=\"o7tmha\" data-start=\"397\" data-end=\"439\">Resist\u00e8ncia i lleugeresa en tecnopol\u00edmer<\/h6>\n<p data-start=\"451\" data-end=\"757\">Fabricada amb una estructura resistent de tecnopol\u00edmer, Tanu ofereix una excel\u00b7lent durabilitat i una gran lleugeresa, convertint-se en una opci\u00f3 pr\u00e0ctica per a un \u00fas intensiu. A m\u00e9s, est\u00e0 disponible en diversos colors, adaptant-se f\u00e0cilment a diferents estils decoratius i entorns professionals.<\/p>\n<h6 data-section-id=\"1wzmy7l\" data-start=\"759\" data-end=\"797\">Disseny perforat per a major confort<\/h6>\n<p data-start=\"803\" data-end=\"997\">La seva est\u00e8tica perforada aporta un toc contemporani i elegant, alhora que afavoreix la transpirabilitat i millora la comoditat durant l\u2019\u00fas. Un equilibri perfecte entre disseny i funcionalitat.<\/p>\n<\/div>\n<div class=\"markdown prose dark:prose-invert wrap-break-word w-full light markdown-new-styling\">\n<h6 data-section-id=\"1jiv1li\" data-start=\"996\" data-end=\"1040\">Cadira apilable ideal per a \u00fas professional<\/h6>\n<div class=\"qMYqUG_convSearchResultHighlightRoot\">\n<div class=\"\" data-turn-id-container=\"request-WEB:c63c328e-966b-477c-97fe-3065b1e7bdf6-6\" data-is-intersecting=\"true\">\n<div class=\"relative w-full overflow-visible\">\n<section class=\"text-token-text-primary w-full focus:outline-none [--shadow-height:45px] has-data-writing-block:pointer-events-none has-data-writing-block:-mt-(--shadow-height) has-data-writing-block:pt-(--shadow-height) [&amp;:has([data-writing-block])&gt;*]:pointer-events-auto R6Vx5W_threadScrollVars scroll-mb-[calc(var(--scroll-root-safe-area-inset-bottom,0px)+var(--thread-response-height))] scroll-mt-[calc(var(--header-height)+min(200px,max(70px,20svh)))]\" dir=\"auto\" data-turn-id=\"request-WEB:c63c328e-966b-477c-97fe-3065b1e7bdf6-6\" data-turn-id-container=\"request-WEB:c63c328e-966b-477c-97fe-3065b1e7bdf6-6\" data-testid=\"conversation-turn-14\" data-scroll-anchor=\"false\" data-turn=\"assistant\">\n<div class=\"text-base my-auto mx-auto pb-10 [--thread-content-margin:var(--thread-content-margin-xs,calc(var(--spacing)*4))] @w-sm\/main:[--thread-content-margin:var(--thread-content-margin-sm,calc(var(--spacing)*6))] @w-lg\/main:[--thread-content-margin:var(--thread-content-margin-lg,calc(var(--spacing)*16))] px-(--thread-content-margin)\">\n<div class=\"[--thread-content-max-width:40rem] @w-lg\/main:[--thread-content-max-width:48rem] mx-auto max-w-(--thread-content-max-width) flex-1 group\/turn-messages focus-visible:outline-hidden relative flex w-full min-w-0 flex-col agent-turn\">\n<div class=\"flex max-w-full flex-col gap-4 grow\">\n<div class=\"min-h-8 text-message relative flex w-full flex-col items-end gap-2 text-start break-words whitespace-normal outline-none keyboard-focused:focus-ring [.text-message+&amp;]:mt-1\" dir=\"auto\" tabindex=\"0\" data-message-author-role=\"assistant\" data-message-id=\"5f08ab42-26bf-4da3-b761-5105ba9c5d05\" data-message-model-slug=\"gpt-5-5\" data-turn-start-message=\"true\">\n<div class=\"flex w-full flex-col gap-1 empty:hidden\">\n<div class=\"markdown prose dark:prose-invert wrap-break-word w-full light markdown-new-styling\">\n<p data-start=\"1047\" data-end=\"1266\" data-is-last-node=\"\" data-is-only-node=\"\">Gr\u00e0cies al seu disseny apilable, la cadira Tanu facilita l\u2019emmagatzematge i l\u2019optimitzaci\u00f3 de l\u2019espai. \u00c9s una soluci\u00f3 ideal per a negocis d\u2019hostaleria que necessiten versatilitat, comoditat i efici\u00e8ncia en el dia a dia.<\/p>\n<\/div>\n<\/div>\n<\/div>\n<\/div>\n<\/div>\n<\/div>\n<\/section>\n<\/div>\n<\/div>\n<\/div>\n<\/div>\n<\/div>\n<\/div>\n<\/div>\n<\/div>\n<\/div>\n<\/section>\n<\/div>\n<\/div>\n","protected":false},"excerpt":{"rendered":"<p>Cadira Tanu: Disseny modern i funcional per a hostaleria La cadira Tanu destaca pel seu disseny modern i org\u00e0nic, ideal per a espais d\u2019hostaleria, restauraci\u00f3 i col\u00b7lectivitats que busquen funcionalitat sense renunciar a l\u2019est\u00e8tica. La seva silueta contempor\u00e0nia i lleugera aporta personalitat a terrasses, restaurants, cafeteries i espais interiors. Resist\u00e8ncia i lleugeresa en tecnopol\u00edmer Fabricada&hellip;<\/p>\n","protected":false},"featured_media":47629,"template":"","meta":{"_acf_changed":false},"product_brand":[],"product_cat":[572,563,1229],"product_tag":[587,863,640,1600],"class_list":{"0":"post-47642","1":"product","2":"type-product","3":"status-publish","4":"has-post-thumbnail","6":"product_cat-cadires-exterior","7":"product_cat-exterior-ca","8":"product_cat-novetats","9":"product_tag-apilable-ca","10":"product_tag-cadira","11":"product_tag-exterior-ca","12":"product_tag-f16-ca","13":"description-off","15":"first","16":"instock","17":"shipping-taxable","18":"product-type-simple"},"acf":[],"yoast_head":"<!-- This site is optimized with the Yoast SEO plugin v27.5 - https:\/\/yoast.com\/product\/yoast-seo-wordpress\/ -->\n<title>Cadira Tanu - Navarro Aubanell<\/title>\n<meta name=\"description\" content=\"Cadira Tanu apilable amb disseny modern, fabricada en tecnopol\u00edmer resistent i lleuger. Ideal per a hostaleria, restaurants i terrasses.\" \/>\n<meta name=\"robots\" content=\"index, follow, max-snippet:-1, max-image-preview:large, max-video-preview:-1\" \/>\n<link rel=\"canonical\" href=\"https:\/\/www.navarroaubanell.com\/ca\/producte\/cadira-tanu-navarroaubanell\/\" \/>\n<meta property=\"og:locale\" content=\"ca_ES\" \/>\n<meta property=\"og:type\" content=\"article\" \/>\n<meta property=\"og:title\" content=\"Cadira Tanu - Navarro Aubanell\" \/>\n<meta property=\"og:description\" content=\"Cadira Tanu apilable amb disseny modern, fabricada en tecnopol\u00edmer resistent i lleuger. Ideal per a hostaleria, restaurants i terrasses.\" \/>\n<meta property=\"og:url\" content=\"https:\/\/www.navarroaubanell.com\/ca\/producte\/cadira-tanu-navarroaubanell\/\" \/>\n<meta property=\"og:site_name\" content=\"Navarro Aubanell\" \/>\n<meta property=\"article:modified_time\" content=\"2026-05-11T08:10:55+00:00\" \/>\n<meta property=\"og:image\" content=\"https:\/\/www.navarroaubanell.com\/wp-content\/uploads\/2026\/05\/Silla-Tanu-4.png\" \/>\n\t<meta property=\"og:image:width\" content=\"1224\" \/>\n\t<meta property=\"og:image:height\" content=\"864\" \/>\n\t<meta property=\"og:image:type\" content=\"image\/png\" \/>\n<meta name=\"twitter:label1\" content=\"Est. reading time\" \/>\n\t<meta name=\"twitter:data1\" content=\"2 minutes\" \/>\n<script type=\"application\/ld+json\" class=\"yoast-schema-graph\">{\"@context\":\"https:\\\/\\\/schema.org\",\"@graph\":[{\"@type\":\"WebPage\",\"@id\":\"https:\\\/\\\/www.navarroaubanell.com\\\/ca\\\/producte\\\/cadira-tanu-navarroaubanell\\\/\",\"url\":\"https:\\\/\\\/www.navarroaubanell.com\\\/ca\\\/producte\\\/cadira-tanu-navarroaubanell\\\/\",\"name\":\"Cadira Tanu - Navarro Aubanell\",\"isPartOf\":{\"@id\":\"https:\\\/\\\/www.navarroaubanell.com\\\/ca\\\/#website\"},\"primaryImageOfPage\":{\"@id\":\"https:\\\/\\\/www.navarroaubanell.com\\\/ca\\\/producte\\\/cadira-tanu-navarroaubanell\\\/#primaryimage\"},\"image\":{\"@id\":\"https:\\\/\\\/www.navarroaubanell.com\\\/ca\\\/producte\\\/cadira-tanu-navarroaubanell\\\/#primaryimage\"},\"thumbnailUrl\":\"https:\\\/\\\/www.navarroaubanell.com\\\/wp-content\\\/uploads\\\/2026\\\/05\\\/Silla-Tanu-4.png\",\"datePublished\":\"2026-05-11T07:40:22+00:00\",\"dateModified\":\"2026-05-11T08:10:55+00:00\",\"description\":\"Cadira Tanu apilable amb disseny modern, fabricada en tecnopol\u00edmer resistent i lleuger. Ideal per a hostaleria, restaurants i terrasses.\",\"breadcrumb\":{\"@id\":\"https:\\\/\\\/www.navarroaubanell.com\\\/ca\\\/producte\\\/cadira-tanu-navarroaubanell\\\/#breadcrumb\"},\"inLanguage\":\"ca\",\"potentialAction\":[{\"@type\":\"ReadAction\",\"target\":[\"https:\\\/\\\/www.navarroaubanell.com\\\/ca\\\/producte\\\/cadira-tanu-navarroaubanell\\\/\"]}]},{\"@type\":\"ImageObject\",\"inLanguage\":\"ca\",\"@id\":\"https:\\\/\\\/www.navarroaubanell.com\\\/ca\\\/producte\\\/cadira-tanu-navarroaubanell\\\/#primaryimage\",\"url\":\"https:\\\/\\\/www.navarroaubanell.com\\\/wp-content\\\/uploads\\\/2026\\\/05\\\/Silla-Tanu-4.png\",\"contentUrl\":\"https:\\\/\\\/www.navarroaubanell.com\\\/wp-content\\\/uploads\\\/2026\\\/05\\\/Silla-Tanu-4.png\",\"width\":1224,\"height\":864,\"caption\":\"Silla Tanu\"},{\"@type\":\"BreadcrumbList\",\"@id\":\"https:\\\/\\\/www.navarroaubanell.com\\\/ca\\\/producte\\\/cadira-tanu-navarroaubanell\\\/#breadcrumb\",\"itemListElement\":[{\"@type\":\"ListItem\",\"position\":1,\"name\":\"Portada\",\"item\":\"https:\\\/\\\/www.navarroaubanell.com\\\/ca\\\/\"},{\"@type\":\"ListItem\",\"position\":2,\"name\":\"Productes\",\"item\":\"https:\\\/\\\/www.navarroaubanell.com\\\/productos\\\/\"},{\"@type\":\"ListItem\",\"position\":3,\"name\":\"Cadira Tanu\"}]},{\"@type\":\"WebSite\",\"@id\":\"https:\\\/\\\/www.navarroaubanell.com\\\/ca\\\/#website\",\"url\":\"https:\\\/\\\/www.navarroaubanell.com\\\/ca\\\/\",\"name\":\"Navarro Aubanell\",\"description\":\"Mobiliario para hoteler\u00eda, colectividades y oficinas\",\"publisher\":{\"@id\":\"https:\\\/\\\/www.navarroaubanell.com\\\/ca\\\/#organization\"},\"potentialAction\":[{\"@type\":\"SearchAction\",\"target\":{\"@type\":\"EntryPoint\",\"urlTemplate\":\"https:\\\/\\\/www.navarroaubanell.com\\\/ca\\\/?s={search_term_string}\"},\"query-input\":{\"@type\":\"PropertyValueSpecification\",\"valueRequired\":true,\"valueName\":\"search_term_string\"}}],\"inLanguage\":\"ca\"},{\"@type\":\"Organization\",\"@id\":\"https:\\\/\\\/www.navarroaubanell.com\\\/ca\\\/#organization\",\"name\":\"COMERCIAL NAVARRO AUBANELL, S.A\",\"url\":\"https:\\\/\\\/www.navarroaubanell.com\\\/ca\\\/\",\"logo\":{\"@type\":\"ImageObject\",\"inLanguage\":\"ca\",\"@id\":\"https:\\\/\\\/www.navarroaubanell.com\\\/ca\\\/#\\\/schema\\\/logo\\\/image\\\/\",\"url\":\"https:\\\/\\\/www.navarroaubanell.com\\\/wp-content\\\/uploads\\\/2017\\\/07\\\/logo-navarro-aubuanell.png\",\"contentUrl\":\"https:\\\/\\\/www.navarroaubanell.com\\\/wp-content\\\/uploads\\\/2017\\\/07\\\/logo-navarro-aubuanell.png\",\"width\":6304,\"height\":1154,\"caption\":\"COMERCIAL NAVARRO AUBANELL, S.A\"},\"image\":{\"@id\":\"https:\\\/\\\/www.navarroaubanell.com\\\/ca\\\/#\\\/schema\\\/logo\\\/image\\\/\"}}]}<\/script>\n<!-- \/ Yoast SEO plugin. -->","yoast_head_json":{"title":"Cadira Tanu - Navarro Aubanell","description":"Cadira Tanu apilable amb disseny modern, fabricada en tecnopol\u00edmer resistent i lleuger. Ideal per a hostaleria, restaurants i terrasses.","robots":{"index":"index","follow":"follow","max-snippet":"max-snippet:-1","max-image-preview":"max-image-preview:large","max-video-preview":"max-video-preview:-1"},"canonical":"https:\/\/www.navarroaubanell.com\/ca\/producte\/cadira-tanu-navarroaubanell\/","og_locale":"ca_ES","og_type":"article","og_title":"Cadira Tanu - Navarro Aubanell","og_description":"Cadira Tanu apilable amb disseny modern, fabricada en tecnopol\u00edmer resistent i lleuger. Ideal per a hostaleria, restaurants i terrasses.","og_url":"https:\/\/www.navarroaubanell.com\/ca\/producte\/cadira-tanu-navarroaubanell\/","og_site_name":"Navarro Aubanell","article_modified_time":"2026-05-11T08:10:55+00:00","og_image":[{"width":1224,"height":864,"url":"https:\/\/www.navarroaubanell.com\/wp-content\/uploads\/2026\/05\/Silla-Tanu-4.png","type":"image\/png"}],"twitter_misc":{"Est. reading time":"2 minutes"},"schema":{"@context":"https:\/\/schema.org","@graph":[{"@type":"WebPage","@id":"https:\/\/www.navarroaubanell.com\/ca\/producte\/cadira-tanu-navarroaubanell\/","url":"https:\/\/www.navarroaubanell.com\/ca\/producte\/cadira-tanu-navarroaubanell\/","name":"Cadira Tanu - Navarro Aubanell","isPartOf":{"@id":"https:\/\/www.navarroaubanell.com\/ca\/#website"},"primaryImageOfPage":{"@id":"https:\/\/www.navarroaubanell.com\/ca\/producte\/cadira-tanu-navarroaubanell\/#primaryimage"},"image":{"@id":"https:\/\/www.navarroaubanell.com\/ca\/producte\/cadira-tanu-navarroaubanell\/#primaryimage"},"thumbnailUrl":"https:\/\/www.navarroaubanell.com\/wp-content\/uploads\/2026\/05\/Silla-Tanu-4.png","datePublished":"2026-05-11T07:40:22+00:00","dateModified":"2026-05-11T08:10:55+00:00","description":"Cadira Tanu apilable amb disseny modern, fabricada en tecnopol\u00edmer resistent i lleuger. Ideal per a hostaleria, restaurants i terrasses.","breadcrumb":{"@id":"https:\/\/www.navarroaubanell.com\/ca\/producte\/cadira-tanu-navarroaubanell\/#breadcrumb"},"inLanguage":"ca","potentialAction":[{"@type":"ReadAction","target":["https:\/\/www.navarroaubanell.com\/ca\/producte\/cadira-tanu-navarroaubanell\/"]}]},{"@type":"ImageObject","inLanguage":"ca","@id":"https:\/\/www.navarroaubanell.com\/ca\/producte\/cadira-tanu-navarroaubanell\/#primaryimage","url":"https:\/\/www.navarroaubanell.com\/wp-content\/uploads\/2026\/05\/Silla-Tanu-4.png","contentUrl":"https:\/\/www.navarroaubanell.com\/wp-content\/uploads\/2026\/05\/Silla-Tanu-4.png","width":1224,"height":864,"caption":"Silla Tanu"},{"@type":"BreadcrumbList","@id":"https:\/\/www.navarroaubanell.com\/ca\/producte\/cadira-tanu-navarroaubanell\/#breadcrumb","itemListElement":[{"@type":"ListItem","position":1,"name":"Portada","item":"https:\/\/www.navarroaubanell.com\/ca\/"},{"@type":"ListItem","position":2,"name":"Productes","item":"https:\/\/www.navarroaubanell.com\/productos\/"},{"@type":"ListItem","position":3,"name":"Cadira Tanu"}]},{"@type":"WebSite","@id":"https:\/\/www.navarroaubanell.com\/ca\/#website","url":"https:\/\/www.navarroaubanell.com\/ca\/","name":"Navarro Aubanell","description":"Mobiliario para hoteler\u00eda, colectividades y oficinas","publisher":{"@id":"https:\/\/www.navarroaubanell.com\/ca\/#organization"},"potentialAction":[{"@type":"SearchAction","target":{"@type":"EntryPoint","urlTemplate":"https:\/\/www.navarroaubanell.com\/ca\/?s={search_term_string}"},"query-input":{"@type":"PropertyValueSpecification","valueRequired":true,"valueName":"search_term_string"}}],"inLanguage":"ca"},{"@type":"Organization","@id":"https:\/\/www.navarroaubanell.com\/ca\/#organization","name":"COMERCIAL NAVARRO AUBANELL, S.A","url":"https:\/\/www.navarroaubanell.com\/ca\/","logo":{"@type":"ImageObject","inLanguage":"ca","@id":"https:\/\/www.navarroaubanell.com\/ca\/#\/schema\/logo\/image\/","url":"https:\/\/www.navarroaubanell.com\/wp-content\/uploads\/2017\/07\/logo-navarro-aubuanell.png","contentUrl":"https:\/\/www.navarroaubanell.com\/wp-content\/uploads\/2017\/07\/logo-navarro-aubuanell.png","width":6304,"height":1154,"caption":"COMERCIAL NAVARRO AUBANELL, S.A"},"image":{"@id":"https:\/\/www.navarroaubanell.com\/ca\/#\/schema\/logo\/image\/"}}]}},"_links":{"self":[{"href":"https:\/\/www.navarroaubanell.com\/ca\/wp-json\/wp\/v2\/product\/47642","targetHints":{"allow":["GET"]}}],"collection":[{"href":"https:\/\/www.navarroaubanell.com\/ca\/wp-json\/wp\/v2\/product"}],"about":[{"href":"https:\/\/www.navarroaubanell.com\/ca\/wp-json\/wp\/v2\/types\/product"}],"wp:featuredmedia":[{"embeddable":true,"href":"https:\/\/www.navarroaubanell.com\/ca\/wp-json\/wp\/v2\/media\/47629"}],"wp:attachment":[{"href":"https:\/\/www.navarroaubanell.com\/ca\/wp-json\/wp\/v2\/media?parent=47642"}],"wp:term":[{"taxonomy":"product_brand","embeddable":true,"href":"https:\/\/www.navarroaubanell.com\/ca\/wp-json\/wp\/v2\/product_brand?post=47642"},{"taxonomy":"product_cat","embeddable":true,"href":"https:\/\/www.navarroaubanell.com\/ca\/wp-json\/wp\/v2\/product_cat?post=47642"},{"taxonomy":"product_tag","embeddable":true,"href":"https:\/\/www.navarroaubanell.com\/ca\/wp-json\/wp\/v2\/product_tag?post=47642"}],"curies":[{"name":"wp","href":"https:\/\/api.w.org\/{rel}","templated":true}]}}