{"id":47611,"date":"2026-05-08T16:16:18","date_gmt":"2026-05-08T14:16:18","guid":{"rendered":"https:\/\/www.navarroaubanell.com\/producto\/sillon-nalu-navarroaubanell\/"},"modified":"2026-05-08T16:37:22","modified_gmt":"2026-05-08T14:37:22","slug":"cadira-de-bracos-nalu-navarroaubanell","status":"publish","type":"product","link":"https:\/\/www.navarroaubanell.com\/ca\/producte\/cadira-de-bracos-nalu-navarroaubanell\/","title":{"rendered":"Cadira de bra\u00e7os Nalu"},"content":{"rendered":"<div class=\"\" data-turn-id-container=\"request-WEB:9f914db9-3568-454d-b2be-b0a0f56fbb88-24\" data-is-intersecting=\"true\">\n<section class=\"text-token-text-primary w-full focus:outline-none [--shadow-height:45px] has-data-writing-block:pointer-events-none has-data-writing-block:-mt-(--shadow-height) has-data-writing-block:pt-(--shadow-height) [&amp;:has([data-writing-block])&gt;*]:pointer-events-auto R6Vx5W_threadScrollVars scroll-mb-[calc(var(--scroll-root-safe-area-inset-bottom,0px)+var(--thread-response-height))] scroll-mt-[calc(var(--header-height)+min(200px,max(70px,20svh)))]\" dir=\"auto\" data-turn-id=\"request-WEB:9f914db9-3568-454d-b2be-b0a0f56fbb88-24\" data-testid=\"conversation-turn-50\" data-scroll-anchor=\"false\" data-turn=\"assistant\">\n<div class=\"text-base my-auto mx-auto pb-10 [--thread-content-margin:var(--thread-content-margin-xs,calc(var(--spacing)*4))] @w-sm\/main:[--thread-content-margin:var(--thread-content-margin-sm,calc(var(--spacing)*6))] @w-lg\/main:[--thread-content-margin:var(--thread-content-margin-lg,calc(var(--spacing)*16))] px-(--thread-content-margin)\">\n<div class=\"[--thread-content-max-width:40rem] @w-lg\/main:[--thread-content-max-width:48rem] mx-auto max-w-(--thread-content-max-width) flex-1 group\/turn-messages focus-visible:outline-hidden relative flex w-full min-w-0 flex-col agent-turn\">\n<div class=\"flex max-w-full flex-col gap-4 grow\">\n<div class=\"min-h-8 text-message relative flex w-full flex-col items-end gap-2 text-start break-words whitespace-normal outline-none keyboard-focused:focus-ring [.text-message+&amp;]:mt-1\" dir=\"auto\" tabindex=\"0\" data-message-author-role=\"assistant\" data-message-id=\"35e8272c-2baf-483e-9183-12bbb059c1f3\" data-message-model-slug=\"gpt-5-5\" data-turn-start-message=\"true\">\n<div class=\"flex w-full flex-col gap-1 empty:hidden\">\n<div class=\"markdown prose dark:prose-invert wrap-break-word w-full light markdown-new-styling\">\n<h5 data-section-id=\"yj4dba\" data-start=\"0\" data-end=\"71\">Cadira de bra\u00e7os Nalu: disseny org\u00e0nic i resist\u00e8ncia per a hostaleria<\/h5>\n<p data-start=\"73\" data-end=\"368\">La cadira de bra\u00e7os Nalu aporta un toc de distinci\u00f3 i frescor a qualsevol espai d\u2019hostaleria gr\u00e0cies al seu disseny d\u2019inspiraci\u00f3 org\u00e0nica. La seva est\u00e8tica equilibrada la converteix en una opci\u00f3 ideal per a terrasses, restaurants i cafeteries que busquen funcionalitat sense renunciar a l\u2019estil.<\/p>\n<h6 data-section-id=\"ofol96\" data-start=\"370\" data-end=\"413\">Estructura de ferro resistent i duradora<\/h6>\n<p data-start=\"415\" data-end=\"707\">L\u2019estructura est\u00e0 fabricada en ferro d\u2019alta qualitat, la qual cosa garanteix una excel\u00b7lent resist\u00e8ncia i durabilitat. Est\u00e0 disponible en acabats negre, verd o terracota, tots ells amb tractament EDP que proporciona una cobertura uniforme i una alta protecci\u00f3 davant la corrosi\u00f3 i el desgast.<\/p>\n<h6 data-section-id=\"byo9gg\" data-start=\"709\" data-end=\"749\">Seient i respatller en v\u00edmet sint\u00e8tic<\/h6>\n<p data-start=\"751\" data-end=\"996\">El seient i el respatller estan elaborats en v\u00edmet sint\u00e8tic trenat, disponible en colors natural, verd, terracota o marr\u00f3. Aquest material destaca per la seva resist\u00e8ncia, lleugeresa i f\u00e0cil manteniment, ideal per a un \u00fas intensiu en hostaleria.<\/p>\n<h6 data-section-id=\"zkuceu\" data-start=\"998\" data-end=\"1029\">Disseny funcional i apilable<\/h6>\n<p data-start=\"1031\" data-end=\"1264\" data-is-last-node=\"\" data-is-only-node=\"\">La cadira de bra\u00e7os Nalu ha estat dissenyada espec\u00edficament per al sector de l\u2019hostaleria. La seva estructura apilable permet optimitzar l\u2019espai d\u2019emmagatzematge i facilita la seva manipulaci\u00f3 en entorns professionals d\u2019alta rotaci\u00f3.<\/p>\n<\/div>\n<\/div>\n<\/div>\n<\/div>\n<div class=\"z-0 flex min-h-[46px] justify-start\"><\/div>\n<\/div>\n<\/div>\n<\/section>\n<\/div>\n<div class=\"pointer-events-none -mt-px h-px translate-y-[calc(var(--scroll-root-safe-area-inset-bottom)-14*var(--spacing))]\" aria-hidden=\"true\"><\/div>\n","protected":false},"excerpt":{"rendered":"<p>Cadira de bra\u00e7os Nalu: disseny org\u00e0nic i resist\u00e8ncia per a hostaleria La cadira de bra\u00e7os Nalu aporta un toc de distinci\u00f3 i frescor a qualsevol espai d\u2019hostaleria gr\u00e0cies al seu disseny d\u2019inspiraci\u00f3 org\u00e0nica. La seva est\u00e8tica equilibrada la converteix en una opci\u00f3 ideal per a terrasses, restaurants i cafeteries que busquen funcionalitat sense renunciar a&hellip;<\/p>\n","protected":false},"featured_media":47608,"template":"","meta":{"_acf_changed":false},"product_brand":[],"product_cat":[573,563],"product_tag":[587,749,640,1600],"class_list":{"0":"post-47611","1":"product","2":"type-product","3":"status-publish","4":"has-post-thumbnail","6":"product_cat-cadires-de-bracos-exterior","7":"product_cat-exterior-ca","8":"product_tag-apilable-ca","9":"product_tag-cadira-de-barcos","10":"product_tag-exterior-ca","11":"product_tag-f16-ca","12":"description-off","14":"first","15":"instock","16":"shipping-taxable","17":"product-type-simple"},"acf":[],"yoast_head":"<!-- This site is optimized with the Yoast SEO plugin v27.6 - https:\/\/yoast.com\/product\/yoast-seo-wordpress\/ -->\n<title>Cadira de bra\u00e7os Nalu - Navarro Aubanell<\/title>\n<meta name=\"description\" content=\"Cadira de bra\u00e7os Nalu apilable per a hostaleria amb estructura d ferro i v\u00edmet sint\u00e8tic. Disseny org\u00e0nic, resistent i disponible en diversos colors.\" \/>\n<meta name=\"robots\" content=\"index, follow, max-snippet:-1, max-image-preview:large, max-video-preview:-1\" \/>\n<link rel=\"canonical\" href=\"https:\/\/www.navarroaubanell.com\/ca\/producte\/cadira-de-bracos-nalu-navarroaubanell\/\" \/>\n<meta property=\"og:locale\" content=\"ca_ES\" \/>\n<meta property=\"og:type\" content=\"article\" \/>\n<meta property=\"og:title\" content=\"Cadira de bra\u00e7os Nalu - Navarro Aubanell\" \/>\n<meta property=\"og:description\" content=\"Cadira de bra\u00e7os Nalu apilable per a hostaleria amb estructura d ferro i v\u00edmet sint\u00e8tic. Disseny org\u00e0nic, resistent i disponible en diversos colors.\" \/>\n<meta property=\"og:url\" content=\"https:\/\/www.navarroaubanell.com\/ca\/producte\/cadira-de-bracos-nalu-navarroaubanell\/\" \/>\n<meta property=\"og:site_name\" content=\"Navarro Aubanell\" \/>\n<meta property=\"article:modified_time\" content=\"2026-05-08T14:37:22+00:00\" \/>\n<meta property=\"og:image\" content=\"https:\/\/www.navarroaubanell.com\/wp-content\/uploads\/2026\/05\/Sillon-Nalu.png\" \/>\n\t<meta property=\"og:image:width\" content=\"1225\" \/>\n\t<meta property=\"og:image:height\" content=\"864\" \/>\n\t<meta property=\"og:image:type\" content=\"image\/png\" \/>\n<meta name=\"twitter:label1\" content=\"Est. reading time\" \/>\n\t<meta name=\"twitter:data1\" content=\"2 minutes\" \/>\n<script type=\"application\/ld+json\" class=\"yoast-schema-graph\">{\"@context\":\"https:\\\/\\\/schema.org\",\"@graph\":[{\"@type\":\"WebPage\",\"@id\":\"https:\\\/\\\/www.navarroaubanell.com\\\/ca\\\/producte\\\/cadira-de-bracos-nalu-navarroaubanell\\\/\",\"url\":\"https:\\\/\\\/www.navarroaubanell.com\\\/ca\\\/producte\\\/cadira-de-bracos-nalu-navarroaubanell\\\/\",\"name\":\"Cadira de bra\u00e7os Nalu - Navarro Aubanell\",\"isPartOf\":{\"@id\":\"https:\\\/\\\/www.navarroaubanell.com\\\/ca\\\/#website\"},\"primaryImageOfPage\":{\"@id\":\"https:\\\/\\\/www.navarroaubanell.com\\\/ca\\\/producte\\\/cadira-de-bracos-nalu-navarroaubanell\\\/#primaryimage\"},\"image\":{\"@id\":\"https:\\\/\\\/www.navarroaubanell.com\\\/ca\\\/producte\\\/cadira-de-bracos-nalu-navarroaubanell\\\/#primaryimage\"},\"thumbnailUrl\":\"https:\\\/\\\/www.navarroaubanell.com\\\/wp-content\\\/uploads\\\/2026\\\/05\\\/Sillon-Nalu.png\",\"datePublished\":\"2026-05-08T14:16:18+00:00\",\"dateModified\":\"2026-05-08T14:37:22+00:00\",\"description\":\"Cadira de bra\u00e7os Nalu apilable per a hostaleria amb estructura d ferro i v\u00edmet sint\u00e8tic. Disseny org\u00e0nic, resistent i disponible en diversos colors.\",\"breadcrumb\":{\"@id\":\"https:\\\/\\\/www.navarroaubanell.com\\\/ca\\\/producte\\\/cadira-de-bracos-nalu-navarroaubanell\\\/#breadcrumb\"},\"inLanguage\":\"ca\",\"potentialAction\":[{\"@type\":\"ReadAction\",\"target\":[\"https:\\\/\\\/www.navarroaubanell.com\\\/ca\\\/producte\\\/cadira-de-bracos-nalu-navarroaubanell\\\/\"]}]},{\"@type\":\"ImageObject\",\"inLanguage\":\"ca\",\"@id\":\"https:\\\/\\\/www.navarroaubanell.com\\\/ca\\\/producte\\\/cadira-de-bracos-nalu-navarroaubanell\\\/#primaryimage\",\"url\":\"https:\\\/\\\/www.navarroaubanell.com\\\/wp-content\\\/uploads\\\/2026\\\/05\\\/Sillon-Nalu.png\",\"contentUrl\":\"https:\\\/\\\/www.navarroaubanell.com\\\/wp-content\\\/uploads\\\/2026\\\/05\\\/Sillon-Nalu.png\",\"width\":1225,\"height\":864,\"caption\":\"Sill\u00f3n Nalu\"},{\"@type\":\"BreadcrumbList\",\"@id\":\"https:\\\/\\\/www.navarroaubanell.com\\\/ca\\\/producte\\\/cadira-de-bracos-nalu-navarroaubanell\\\/#breadcrumb\",\"itemListElement\":[{\"@type\":\"ListItem\",\"position\":1,\"name\":\"Portada\",\"item\":\"https:\\\/\\\/www.navarroaubanell.com\\\/ca\\\/\"},{\"@type\":\"ListItem\",\"position\":2,\"name\":\"Productes\",\"item\":\"https:\\\/\\\/www.navarroaubanell.com\\\/productos\\\/\"},{\"@type\":\"ListItem\",\"position\":3,\"name\":\"Cadira de bra\u00e7os Nalu\"}]},{\"@type\":\"WebSite\",\"@id\":\"https:\\\/\\\/www.navarroaubanell.com\\\/ca\\\/#website\",\"url\":\"https:\\\/\\\/www.navarroaubanell.com\\\/ca\\\/\",\"name\":\"Navarro Aubanell\",\"description\":\"Mobiliario para hoteler\u00eda, colectividades y oficinas\",\"publisher\":{\"@id\":\"https:\\\/\\\/www.navarroaubanell.com\\\/ca\\\/#organization\"},\"potentialAction\":[{\"@type\":\"SearchAction\",\"target\":{\"@type\":\"EntryPoint\",\"urlTemplate\":\"https:\\\/\\\/www.navarroaubanell.com\\\/ca\\\/?s={search_term_string}\"},\"query-input\":{\"@type\":\"PropertyValueSpecification\",\"valueRequired\":true,\"valueName\":\"search_term_string\"}}],\"inLanguage\":\"ca\"},{\"@type\":\"Organization\",\"@id\":\"https:\\\/\\\/www.navarroaubanell.com\\\/ca\\\/#organization\",\"name\":\"COMERCIAL NAVARRO AUBANELL, S.A\",\"url\":\"https:\\\/\\\/www.navarroaubanell.com\\\/ca\\\/\",\"logo\":{\"@type\":\"ImageObject\",\"inLanguage\":\"ca\",\"@id\":\"https:\\\/\\\/www.navarroaubanell.com\\\/ca\\\/#\\\/schema\\\/logo\\\/image\\\/\",\"url\":\"https:\\\/\\\/www.navarroaubanell.com\\\/wp-content\\\/uploads\\\/2017\\\/07\\\/logo-navarro-aubuanell.png\",\"contentUrl\":\"https:\\\/\\\/www.navarroaubanell.com\\\/wp-content\\\/uploads\\\/2017\\\/07\\\/logo-navarro-aubuanell.png\",\"width\":6304,\"height\":1154,\"caption\":\"COMERCIAL NAVARRO AUBANELL, S.A\"},\"image\":{\"@id\":\"https:\\\/\\\/www.navarroaubanell.com\\\/ca\\\/#\\\/schema\\\/logo\\\/image\\\/\"}}]}<\/script>\n<!-- \/ Yoast SEO plugin. -->","yoast_head_json":{"title":"Cadira de bra\u00e7os Nalu - Navarro Aubanell","description":"Cadira de bra\u00e7os Nalu apilable per a hostaleria amb estructura d ferro i v\u00edmet sint\u00e8tic. Disseny org\u00e0nic, resistent i disponible en diversos colors.","robots":{"index":"index","follow":"follow","max-snippet":"max-snippet:-1","max-image-preview":"max-image-preview:large","max-video-preview":"max-video-preview:-1"},"canonical":"https:\/\/www.navarroaubanell.com\/ca\/producte\/cadira-de-bracos-nalu-navarroaubanell\/","og_locale":"ca_ES","og_type":"article","og_title":"Cadira de bra\u00e7os Nalu - Navarro Aubanell","og_description":"Cadira de bra\u00e7os Nalu apilable per a hostaleria amb estructura d ferro i v\u00edmet sint\u00e8tic. Disseny org\u00e0nic, resistent i disponible en diversos colors.","og_url":"https:\/\/www.navarroaubanell.com\/ca\/producte\/cadira-de-bracos-nalu-navarroaubanell\/","og_site_name":"Navarro Aubanell","article_modified_time":"2026-05-08T14:37:22+00:00","og_image":[{"width":1225,"height":864,"url":"https:\/\/www.navarroaubanell.com\/wp-content\/uploads\/2026\/05\/Sillon-Nalu.png","type":"image\/png"}],"twitter_misc":{"Est. reading time":"2 minutes"},"schema":{"@context":"https:\/\/schema.org","@graph":[{"@type":"WebPage","@id":"https:\/\/www.navarroaubanell.com\/ca\/producte\/cadira-de-bracos-nalu-navarroaubanell\/","url":"https:\/\/www.navarroaubanell.com\/ca\/producte\/cadira-de-bracos-nalu-navarroaubanell\/","name":"Cadira de bra\u00e7os Nalu - Navarro Aubanell","isPartOf":{"@id":"https:\/\/www.navarroaubanell.com\/ca\/#website"},"primaryImageOfPage":{"@id":"https:\/\/www.navarroaubanell.com\/ca\/producte\/cadira-de-bracos-nalu-navarroaubanell\/#primaryimage"},"image":{"@id":"https:\/\/www.navarroaubanell.com\/ca\/producte\/cadira-de-bracos-nalu-navarroaubanell\/#primaryimage"},"thumbnailUrl":"https:\/\/www.navarroaubanell.com\/wp-content\/uploads\/2026\/05\/Sillon-Nalu.png","datePublished":"2026-05-08T14:16:18+00:00","dateModified":"2026-05-08T14:37:22+00:00","description":"Cadira de bra\u00e7os Nalu apilable per a hostaleria amb estructura d ferro i v\u00edmet sint\u00e8tic. Disseny org\u00e0nic, resistent i disponible en diversos colors.","breadcrumb":{"@id":"https:\/\/www.navarroaubanell.com\/ca\/producte\/cadira-de-bracos-nalu-navarroaubanell\/#breadcrumb"},"inLanguage":"ca","potentialAction":[{"@type":"ReadAction","target":["https:\/\/www.navarroaubanell.com\/ca\/producte\/cadira-de-bracos-nalu-navarroaubanell\/"]}]},{"@type":"ImageObject","inLanguage":"ca","@id":"https:\/\/www.navarroaubanell.com\/ca\/producte\/cadira-de-bracos-nalu-navarroaubanell\/#primaryimage","url":"https:\/\/www.navarroaubanell.com\/wp-content\/uploads\/2026\/05\/Sillon-Nalu.png","contentUrl":"https:\/\/www.navarroaubanell.com\/wp-content\/uploads\/2026\/05\/Sillon-Nalu.png","width":1225,"height":864,"caption":"Sill\u00f3n Nalu"},{"@type":"BreadcrumbList","@id":"https:\/\/www.navarroaubanell.com\/ca\/producte\/cadira-de-bracos-nalu-navarroaubanell\/#breadcrumb","itemListElement":[{"@type":"ListItem","position":1,"name":"Portada","item":"https:\/\/www.navarroaubanell.com\/ca\/"},{"@type":"ListItem","position":2,"name":"Productes","item":"https:\/\/www.navarroaubanell.com\/productos\/"},{"@type":"ListItem","position":3,"name":"Cadira de bra\u00e7os Nalu"}]},{"@type":"WebSite","@id":"https:\/\/www.navarroaubanell.com\/ca\/#website","url":"https:\/\/www.navarroaubanell.com\/ca\/","name":"Navarro Aubanell","description":"Mobiliario para hoteler\u00eda, colectividades y oficinas","publisher":{"@id":"https:\/\/www.navarroaubanell.com\/ca\/#organization"},"potentialAction":[{"@type":"SearchAction","target":{"@type":"EntryPoint","urlTemplate":"https:\/\/www.navarroaubanell.com\/ca\/?s={search_term_string}"},"query-input":{"@type":"PropertyValueSpecification","valueRequired":true,"valueName":"search_term_string"}}],"inLanguage":"ca"},{"@type":"Organization","@id":"https:\/\/www.navarroaubanell.com\/ca\/#organization","name":"COMERCIAL NAVARRO AUBANELL, S.A","url":"https:\/\/www.navarroaubanell.com\/ca\/","logo":{"@type":"ImageObject","inLanguage":"ca","@id":"https:\/\/www.navarroaubanell.com\/ca\/#\/schema\/logo\/image\/","url":"https:\/\/www.navarroaubanell.com\/wp-content\/uploads\/2017\/07\/logo-navarro-aubuanell.png","contentUrl":"https:\/\/www.navarroaubanell.com\/wp-content\/uploads\/2017\/07\/logo-navarro-aubuanell.png","width":6304,"height":1154,"caption":"COMERCIAL NAVARRO AUBANELL, S.A"},"image":{"@id":"https:\/\/www.navarroaubanell.com\/ca\/#\/schema\/logo\/image\/"}}]}},"_links":{"self":[{"href":"https:\/\/www.navarroaubanell.com\/ca\/wp-json\/wp\/v2\/product\/47611","targetHints":{"allow":["GET"]}}],"collection":[{"href":"https:\/\/www.navarroaubanell.com\/ca\/wp-json\/wp\/v2\/product"}],"about":[{"href":"https:\/\/www.navarroaubanell.com\/ca\/wp-json\/wp\/v2\/types\/product"}],"wp:featuredmedia":[{"embeddable":true,"href":"https:\/\/www.navarroaubanell.com\/ca\/wp-json\/wp\/v2\/media\/47608"}],"wp:attachment":[{"href":"https:\/\/www.navarroaubanell.com\/ca\/wp-json\/wp\/v2\/media?parent=47611"}],"wp:term":[{"taxonomy":"product_brand","embeddable":true,"href":"https:\/\/www.navarroaubanell.com\/ca\/wp-json\/wp\/v2\/product_brand?post=47611"},{"taxonomy":"product_cat","embeddable":true,"href":"https:\/\/www.navarroaubanell.com\/ca\/wp-json\/wp\/v2\/product_cat?post=47611"},{"taxonomy":"product_tag","embeddable":true,"href":"https:\/\/www.navarroaubanell.com\/ca\/wp-json\/wp\/v2\/product_tag?post=47611"}],"curies":[{"name":"wp","href":"https:\/\/api.w.org\/{rel}","templated":true}]}}