{"id":47553,"date":"2026-05-08T09:57:29","date_gmt":"2026-05-08T07:57:29","guid":{"rendered":"https:\/\/www.navarroaubanell.com\/?post_type=product&#038;p=47553"},"modified":"2026-05-08T10:23:04","modified_gmt":"2026-05-08T08:23:04","slug":"conjunto-delo-navarroaubanell","status":"publish","type":"product","link":"https:\/\/www.navarroaubanell.com\/ca\/producte\/conjunto-delo-navarroaubanell\/","title":{"rendered":"Conjunt Delo"},"content":{"rendered":"<div class=\"\" data-turn-id-container=\"a8065f26-5781-4ce3-a6c4-1c3127cbaee1\" data-is-intersecting=\"true\"><\/div>\n<div class=\"\" data-turn-id-container=\"request-WEB:9f914db9-3568-454d-b2be-b0a0f56fbb88-7\" data-is-intersecting=\"true\">\n<section class=\"text-token-text-primary w-full focus:outline-none [--shadow-height:45px] has-data-writing-block:pointer-events-none has-data-writing-block:-mt-(--shadow-height) has-data-writing-block:pt-(--shadow-height) [&amp;:has([data-writing-block])&gt;*]:pointer-events-auto R6Vx5W_threadScrollVars scroll-mb-[calc(var(--scroll-root-safe-area-inset-bottom,0px)+var(--thread-response-height))] scroll-mt-[calc(var(--header-height)+min(200px,max(70px,20svh)))]\" dir=\"auto\" data-turn-id=\"request-WEB:9f914db9-3568-454d-b2be-b0a0f56fbb88-7\" data-testid=\"conversation-turn-16\" data-scroll-anchor=\"false\" data-turn=\"assistant\">\n<div class=\"text-base my-auto mx-auto pb-10 [--thread-content-margin:var(--thread-content-margin-xs,calc(var(--spacing)*4))] @w-sm\/main:[--thread-content-margin:var(--thread-content-margin-sm,calc(var(--spacing)*6))] @w-lg\/main:[--thread-content-margin:var(--thread-content-margin-lg,calc(var(--spacing)*16))] px-(--thread-content-margin)\">\n<div class=\"[--thread-content-max-width:40rem] @w-lg\/main:[--thread-content-max-width:48rem] mx-auto max-w-(--thread-content-max-width) flex-1 group\/turn-messages focus-visible:outline-hidden relative flex w-full min-w-0 flex-col agent-turn\">\n<div class=\"flex max-w-full flex-col gap-4 grow\">\n<div class=\"min-h-8 text-message relative flex w-full flex-col items-end gap-2 text-start break-words whitespace-normal outline-none keyboard-focused:focus-ring [.text-message+&amp;]:mt-1\" dir=\"auto\" tabindex=\"0\" data-message-author-role=\"assistant\" data-message-id=\"5ce2cabe-2acf-4608-a1dd-ffa8dae92d7c\" data-message-model-slug=\"gpt-5-5\" data-turn-start-message=\"true\">\n<div class=\"flex w-full flex-col gap-1 empty:hidden\">\n<div class=\"markdown prose dark:prose-invert wrap-break-word w-full light markdown-new-styling\">\n<h5 data-section-id=\"sln7uu\" data-start=\"0\" data-end=\"59\">Conjunt Delo: eleg\u00e0ncia i confort per a espais acollidors<\/h5>\n<p data-start=\"61\" data-end=\"314\">El conjunt Delo \u00e9s l&#8217;opci\u00f3 perfecta per crear ambients exteriors c\u00e0lids, acollidors i amb estil. El seu disseny vers\u00e0til permet combinar sof\u00e0, butaca i taula auxiliar de forma independent, adaptant-se f\u00e0cilment a qualsevol espai i necessitat decorativa.<\/p>\n<h6 data-section-id=\"11wjg7r\" data-start=\"316\" data-end=\"350\">Estructura resistent i duradora<\/h6>\n<p data-start=\"352\" data-end=\"533\">L&#8217;estructura est\u00e0 fabricada en ferro trenat amb acabat en color roure natural, un material que garanteix una excel\u00b7lent resist\u00e8ncia, estabilitat i durabilitat per a un \u00fas prolongat.<\/p>\n<h6 data-section-id=\"pm3er2\" data-start=\"535\" data-end=\"554\">Acabats en v\u00edmet<\/h6>\n<p data-start=\"556\" data-end=\"841\">El seient i el respatller estan elaborats en v\u00edmet, un material lleuger, flexible i resistent que aporta un toc artesanal i sofisticat. A m\u00e9s, el disseny corbat del respatller millora l&#8217;ergonomia i proporciona una major comoditat, creant al mateix temps una est\u00e8tica moderna i elegant.<\/p>\n<h6 data-section-id=\"g1qgk1\" data-start=\"843\" data-end=\"879\">Taula auxiliar amb sobre de vidre<\/h6>\n<p data-start=\"881\" data-end=\"976\">La taula auxiliar incorpora un sobre de vidre, aportant lluminositat i sofisticaci\u00f3 al conjunt.<\/p>\n<h6 data-section-id=\"okamam\" data-start=\"978\" data-end=\"1006\">M\u00e0xim confort amb coixins<\/h6>\n<p data-start=\"1008\" data-end=\"1172\" data-is-last-node=\"\" data-is-only-node=\"\">El sof\u00e0 i la butaca inclouen c\u00f2modes coixins de color beix, tant per al seient com per al respatller, oferint un extra de comoditat i un acabat harmoni\u00f3s i elegant.<\/p>\n<\/div>\n<\/div>\n<\/div>\n<\/div>\n<\/div>\n<\/div>\n<\/section>\n<\/div>\n","protected":false},"excerpt":{"rendered":"<p>Conjunt Delo: eleg\u00e0ncia i confort per a espais acollidors El conjunt Delo \u00e9s l&#8217;opci\u00f3 perfecta per crear ambients exteriors c\u00e0lids, acollidors i amb estil. El seu disseny vers\u00e0til permet combinar sof\u00e0, butaca i taula auxiliar de forma independent, adaptant-se f\u00e0cilment a qualsevol espai i necessitat decorativa. Estructura resistent i duradora L&#8217;estructura est\u00e0 fabricada en ferro&hellip;<\/p>\n","protected":false},"featured_media":47547,"template":"","meta":{"_acf_changed":false},"product_brand":[],"product_cat":[1693,565,563,1718],"product_tag":[605,617,640,1600,754,696],"class_list":{"0":"post-47553","1":"product","2":"type-product","3":"status-publish","4":"has-post-thumbnail","6":"product_cat-chill-out-2-ca","7":"product_cat-conjunts-exterior","8":"product_cat-exterior-ca","9":"product_cat-sets-de-terraza","10":"product_tag-butaca-ca","11":"product_tag-conjunt","12":"product_tag-exterior-ca","13":"product_tag-f16-ca","14":"product_tag-sofa-ca","15":"product_tag-taula-auxiliar","16":"description-off","18":"first","19":"instock","20":"shipping-taxable","21":"product-type-simple"},"acf":[],"yoast_head":"<!-- This site is optimized with the Yoast SEO plugin v27.5 - https:\/\/yoast.com\/product\/yoast-seo-wordpress\/ -->\n<title>Conjunt Delo - Navarro Aubanell<\/title>\n<meta name=\"description\" content=\"Conjunt Delo de ferro trenat i v\u00edmet. Composici\u00f3 amb sof\u00e0, butaca i taula auxiliar. Disseny elegant, resistent i c\u00f2mode per a espais acollidors.\" \/>\n<meta name=\"robots\" content=\"index, follow, max-snippet:-1, max-image-preview:large, max-video-preview:-1\" \/>\n<link rel=\"canonical\" href=\"https:\/\/www.navarroaubanell.com\/ca\/producte\/conjunto-delo-navarroaubanell\/\" \/>\n<meta property=\"og:locale\" content=\"ca_ES\" \/>\n<meta property=\"og:type\" content=\"article\" \/>\n<meta property=\"og:title\" content=\"Conjunt Delo - Navarro Aubanell\" \/>\n<meta property=\"og:description\" content=\"Conjunt Delo de ferro trenat i v\u00edmet. Composici\u00f3 amb sof\u00e0, butaca i taula auxiliar. Disseny elegant, resistent i c\u00f2mode per a espais acollidors.\" \/>\n<meta property=\"og:url\" content=\"https:\/\/www.navarroaubanell.com\/ca\/producte\/conjunto-delo-navarroaubanell\/\" \/>\n<meta property=\"og:site_name\" content=\"Navarro Aubanell\" \/>\n<meta property=\"article:modified_time\" content=\"2026-05-08T08:23:04+00:00\" \/>\n<meta property=\"og:image\" content=\"https:\/\/www.navarroaubanell.com\/wp-content\/uploads\/2026\/05\/Sin-nombre-4x-scaled.jpg\" \/>\n\t<meta property=\"og:image:width\" content=\"2560\" \/>\n\t<meta property=\"og:image:height\" content=\"1807\" \/>\n\t<meta property=\"og:image:type\" content=\"image\/jpeg\" \/>\n<meta name=\"twitter:label1\" content=\"Est. reading time\" \/>\n\t<meta name=\"twitter:data1\" content=\"2 minutes\" \/>\n<script type=\"application\/ld+json\" class=\"yoast-schema-graph\">{\"@context\":\"https:\\\/\\\/schema.org\",\"@graph\":[{\"@type\":\"WebPage\",\"@id\":\"https:\\\/\\\/www.navarroaubanell.com\\\/ca\\\/producte\\\/conjunto-delo-navarroaubanell\\\/\",\"url\":\"https:\\\/\\\/www.navarroaubanell.com\\\/ca\\\/producte\\\/conjunto-delo-navarroaubanell\\\/\",\"name\":\"Conjunt Delo - Navarro Aubanell\",\"isPartOf\":{\"@id\":\"https:\\\/\\\/www.navarroaubanell.com\\\/ca\\\/#website\"},\"primaryImageOfPage\":{\"@id\":\"https:\\\/\\\/www.navarroaubanell.com\\\/ca\\\/producte\\\/conjunto-delo-navarroaubanell\\\/#primaryimage\"},\"image\":{\"@id\":\"https:\\\/\\\/www.navarroaubanell.com\\\/ca\\\/producte\\\/conjunto-delo-navarroaubanell\\\/#primaryimage\"},\"thumbnailUrl\":\"https:\\\/\\\/www.navarroaubanell.com\\\/wp-content\\\/uploads\\\/2026\\\/05\\\/Sin-nombre-4x-scaled.jpg\",\"datePublished\":\"2026-05-08T07:57:29+00:00\",\"dateModified\":\"2026-05-08T08:23:04+00:00\",\"description\":\"Conjunt Delo de ferro trenat i v\u00edmet. Composici\u00f3 amb sof\u00e0, butaca i taula auxiliar. Disseny elegant, resistent i c\u00f2mode per a espais acollidors.\",\"breadcrumb\":{\"@id\":\"https:\\\/\\\/www.navarroaubanell.com\\\/ca\\\/producte\\\/conjunto-delo-navarroaubanell\\\/#breadcrumb\"},\"inLanguage\":\"ca\",\"potentialAction\":[{\"@type\":\"ReadAction\",\"target\":[\"https:\\\/\\\/www.navarroaubanell.com\\\/ca\\\/producte\\\/conjunto-delo-navarroaubanell\\\/\"]}]},{\"@type\":\"ImageObject\",\"inLanguage\":\"ca\",\"@id\":\"https:\\\/\\\/www.navarroaubanell.com\\\/ca\\\/producte\\\/conjunto-delo-navarroaubanell\\\/#primaryimage\",\"url\":\"https:\\\/\\\/www.navarroaubanell.com\\\/wp-content\\\/uploads\\\/2026\\\/05\\\/Sin-nombre-4x-scaled.jpg\",\"contentUrl\":\"https:\\\/\\\/www.navarroaubanell.com\\\/wp-content\\\/uploads\\\/2026\\\/05\\\/Sin-nombre-4x-scaled.jpg\",\"width\":2560,\"height\":1807,\"caption\":\"Conjunto Delo\"},{\"@type\":\"BreadcrumbList\",\"@id\":\"https:\\\/\\\/www.navarroaubanell.com\\\/ca\\\/producte\\\/conjunto-delo-navarroaubanell\\\/#breadcrumb\",\"itemListElement\":[{\"@type\":\"ListItem\",\"position\":1,\"name\":\"Portada\",\"item\":\"https:\\\/\\\/www.navarroaubanell.com\\\/ca\\\/\"},{\"@type\":\"ListItem\",\"position\":2,\"name\":\"Productes\",\"item\":\"https:\\\/\\\/www.navarroaubanell.com\\\/productos\\\/\"},{\"@type\":\"ListItem\",\"position\":3,\"name\":\"Conjunt Delo\"}]},{\"@type\":\"WebSite\",\"@id\":\"https:\\\/\\\/www.navarroaubanell.com\\\/ca\\\/#website\",\"url\":\"https:\\\/\\\/www.navarroaubanell.com\\\/ca\\\/\",\"name\":\"Navarro Aubanell\",\"description\":\"Mobiliario para hoteler\u00eda, colectividades y oficinas\",\"publisher\":{\"@id\":\"https:\\\/\\\/www.navarroaubanell.com\\\/ca\\\/#organization\"},\"potentialAction\":[{\"@type\":\"SearchAction\",\"target\":{\"@type\":\"EntryPoint\",\"urlTemplate\":\"https:\\\/\\\/www.navarroaubanell.com\\\/ca\\\/?s={search_term_string}\"},\"query-input\":{\"@type\":\"PropertyValueSpecification\",\"valueRequired\":true,\"valueName\":\"search_term_string\"}}],\"inLanguage\":\"ca\"},{\"@type\":\"Organization\",\"@id\":\"https:\\\/\\\/www.navarroaubanell.com\\\/ca\\\/#organization\",\"name\":\"COMERCIAL NAVARRO AUBANELL, S.A\",\"url\":\"https:\\\/\\\/www.navarroaubanell.com\\\/ca\\\/\",\"logo\":{\"@type\":\"ImageObject\",\"inLanguage\":\"ca\",\"@id\":\"https:\\\/\\\/www.navarroaubanell.com\\\/ca\\\/#\\\/schema\\\/logo\\\/image\\\/\",\"url\":\"https:\\\/\\\/www.navarroaubanell.com\\\/wp-content\\\/uploads\\\/2017\\\/07\\\/logo-navarro-aubuanell.png\",\"contentUrl\":\"https:\\\/\\\/www.navarroaubanell.com\\\/wp-content\\\/uploads\\\/2017\\\/07\\\/logo-navarro-aubuanell.png\",\"width\":6304,\"height\":1154,\"caption\":\"COMERCIAL NAVARRO AUBANELL, S.A\"},\"image\":{\"@id\":\"https:\\\/\\\/www.navarroaubanell.com\\\/ca\\\/#\\\/schema\\\/logo\\\/image\\\/\"}}]}<\/script>\n<!-- \/ Yoast SEO plugin. -->","yoast_head_json":{"title":"Conjunt Delo - Navarro Aubanell","description":"Conjunt Delo de ferro trenat i v\u00edmet. Composici\u00f3 amb sof\u00e0, butaca i taula auxiliar. Disseny elegant, resistent i c\u00f2mode per a espais acollidors.","robots":{"index":"index","follow":"follow","max-snippet":"max-snippet:-1","max-image-preview":"max-image-preview:large","max-video-preview":"max-video-preview:-1"},"canonical":"https:\/\/www.navarroaubanell.com\/ca\/producte\/conjunto-delo-navarroaubanell\/","og_locale":"ca_ES","og_type":"article","og_title":"Conjunt Delo - Navarro Aubanell","og_description":"Conjunt Delo de ferro trenat i v\u00edmet. Composici\u00f3 amb sof\u00e0, butaca i taula auxiliar. Disseny elegant, resistent i c\u00f2mode per a espais acollidors.","og_url":"https:\/\/www.navarroaubanell.com\/ca\/producte\/conjunto-delo-navarroaubanell\/","og_site_name":"Navarro Aubanell","article_modified_time":"2026-05-08T08:23:04+00:00","og_image":[{"width":2560,"height":1807,"url":"https:\/\/www.navarroaubanell.com\/wp-content\/uploads\/2026\/05\/Sin-nombre-4x-scaled.jpg","type":"image\/jpeg"}],"twitter_misc":{"Est. reading time":"2 minutes"},"schema":{"@context":"https:\/\/schema.org","@graph":[{"@type":"WebPage","@id":"https:\/\/www.navarroaubanell.com\/ca\/producte\/conjunto-delo-navarroaubanell\/","url":"https:\/\/www.navarroaubanell.com\/ca\/producte\/conjunto-delo-navarroaubanell\/","name":"Conjunt Delo - Navarro Aubanell","isPartOf":{"@id":"https:\/\/www.navarroaubanell.com\/ca\/#website"},"primaryImageOfPage":{"@id":"https:\/\/www.navarroaubanell.com\/ca\/producte\/conjunto-delo-navarroaubanell\/#primaryimage"},"image":{"@id":"https:\/\/www.navarroaubanell.com\/ca\/producte\/conjunto-delo-navarroaubanell\/#primaryimage"},"thumbnailUrl":"https:\/\/www.navarroaubanell.com\/wp-content\/uploads\/2026\/05\/Sin-nombre-4x-scaled.jpg","datePublished":"2026-05-08T07:57:29+00:00","dateModified":"2026-05-08T08:23:04+00:00","description":"Conjunt Delo de ferro trenat i v\u00edmet. Composici\u00f3 amb sof\u00e0, butaca i taula auxiliar. Disseny elegant, resistent i c\u00f2mode per a espais acollidors.","breadcrumb":{"@id":"https:\/\/www.navarroaubanell.com\/ca\/producte\/conjunto-delo-navarroaubanell\/#breadcrumb"},"inLanguage":"ca","potentialAction":[{"@type":"ReadAction","target":["https:\/\/www.navarroaubanell.com\/ca\/producte\/conjunto-delo-navarroaubanell\/"]}]},{"@type":"ImageObject","inLanguage":"ca","@id":"https:\/\/www.navarroaubanell.com\/ca\/producte\/conjunto-delo-navarroaubanell\/#primaryimage","url":"https:\/\/www.navarroaubanell.com\/wp-content\/uploads\/2026\/05\/Sin-nombre-4x-scaled.jpg","contentUrl":"https:\/\/www.navarroaubanell.com\/wp-content\/uploads\/2026\/05\/Sin-nombre-4x-scaled.jpg","width":2560,"height":1807,"caption":"Conjunto Delo"},{"@type":"BreadcrumbList","@id":"https:\/\/www.navarroaubanell.com\/ca\/producte\/conjunto-delo-navarroaubanell\/#breadcrumb","itemListElement":[{"@type":"ListItem","position":1,"name":"Portada","item":"https:\/\/www.navarroaubanell.com\/ca\/"},{"@type":"ListItem","position":2,"name":"Productes","item":"https:\/\/www.navarroaubanell.com\/productos\/"},{"@type":"ListItem","position":3,"name":"Conjunt Delo"}]},{"@type":"WebSite","@id":"https:\/\/www.navarroaubanell.com\/ca\/#website","url":"https:\/\/www.navarroaubanell.com\/ca\/","name":"Navarro Aubanell","description":"Mobiliario para hoteler\u00eda, colectividades y oficinas","publisher":{"@id":"https:\/\/www.navarroaubanell.com\/ca\/#organization"},"potentialAction":[{"@type":"SearchAction","target":{"@type":"EntryPoint","urlTemplate":"https:\/\/www.navarroaubanell.com\/ca\/?s={search_term_string}"},"query-input":{"@type":"PropertyValueSpecification","valueRequired":true,"valueName":"search_term_string"}}],"inLanguage":"ca"},{"@type":"Organization","@id":"https:\/\/www.navarroaubanell.com\/ca\/#organization","name":"COMERCIAL NAVARRO AUBANELL, S.A","url":"https:\/\/www.navarroaubanell.com\/ca\/","logo":{"@type":"ImageObject","inLanguage":"ca","@id":"https:\/\/www.navarroaubanell.com\/ca\/#\/schema\/logo\/image\/","url":"https:\/\/www.navarroaubanell.com\/wp-content\/uploads\/2017\/07\/logo-navarro-aubuanell.png","contentUrl":"https:\/\/www.navarroaubanell.com\/wp-content\/uploads\/2017\/07\/logo-navarro-aubuanell.png","width":6304,"height":1154,"caption":"COMERCIAL NAVARRO AUBANELL, S.A"},"image":{"@id":"https:\/\/www.navarroaubanell.com\/ca\/#\/schema\/logo\/image\/"}}]}},"_links":{"self":[{"href":"https:\/\/www.navarroaubanell.com\/ca\/wp-json\/wp\/v2\/product\/47553","targetHints":{"allow":["GET"]}}],"collection":[{"href":"https:\/\/www.navarroaubanell.com\/ca\/wp-json\/wp\/v2\/product"}],"about":[{"href":"https:\/\/www.navarroaubanell.com\/ca\/wp-json\/wp\/v2\/types\/product"}],"wp:featuredmedia":[{"embeddable":true,"href":"https:\/\/www.navarroaubanell.com\/ca\/wp-json\/wp\/v2\/media\/47547"}],"wp:attachment":[{"href":"https:\/\/www.navarroaubanell.com\/ca\/wp-json\/wp\/v2\/media?parent=47553"}],"wp:term":[{"taxonomy":"product_brand","embeddable":true,"href":"https:\/\/www.navarroaubanell.com\/ca\/wp-json\/wp\/v2\/product_brand?post=47553"},{"taxonomy":"product_cat","embeddable":true,"href":"https:\/\/www.navarroaubanell.com\/ca\/wp-json\/wp\/v2\/product_cat?post=47553"},{"taxonomy":"product_tag","embeddable":true,"href":"https:\/\/www.navarroaubanell.com\/ca\/wp-json\/wp\/v2\/product_tag?post=47553"}],"curies":[{"name":"wp","href":"https:\/\/api.w.org\/{rel}","templated":true}]}}