{"id":47323,"date":"2026-05-06T09:19:45","date_gmt":"2026-05-06T07:19:45","guid":{"rendered":"https:\/\/www.navarroaubanell.com\/producto\/silla-si-si-navarroaubanell\/"},"modified":"2026-05-06T09:39:01","modified_gmt":"2026-05-06T07:39:01","slug":"cadira-si-si-navarroaubanell","status":"publish","type":"product","link":"https:\/\/www.navarroaubanell.com\/ca\/producte\/cadira-si-si-navarroaubanell\/","title":{"rendered":"Cadira Si-Si"},"content":{"rendered":"<h5 data-start=\"91\" data-end=\"151\">Cadira Si-Si: disseny vers\u00e0til per a interior i exterior<\/h5>\n<p data-start=\"153\" data-end=\"438\">La cadira Si-Si \u00e9s un seient vers\u00e0til i multimaterial, dissenyat per adaptar-se amb eleg\u00e0ncia tant a espais interiors com exteriors. La seva est\u00e8tica contempor\u00e0nia i l\u2019equilibri entre funcionalitat i disseny la converteixen en una soluci\u00f3 ideal per a projectes d\u2019hostaleria i contract.<\/p>\n<p data-start=\"440\" data-end=\"544\">La col\u00b7lecci\u00f3 Si-Si est\u00e0 disponible en diferents versions, cadascuna amb acabats i materials espec\u00edfics:<\/p>\n<ul data-start=\"546\" data-end=\"1436\">\n<li data-section-id=\"n58piy\" data-start=\"546\" data-end=\"709\"><strong data-start=\"548\" data-end=\"557\">Si-Si<\/strong>: estructura d\u2019acer tubular de 20 mm de di\u00e0metre, galvanitzat i recobert amb pintura de poli\u00e8ster. Seient i respatller en xapa galvanitzada i pintada.<\/li>\n<li data-section-id=\"1fawjzx\" data-start=\"710\" data-end=\"923\"><strong data-start=\"712\" data-end=\"729\">Si-Si Barcode<\/strong>: estructura d\u2019acer tubular de 20 mm de di\u00e0metre, galvanitzat i recobert amb pintura de poli\u00e8ster. Seient i respatller en xapa amb perforacions longitudinals verticals tipus lama.<\/li>\n<li data-section-id=\"1qxtmg1\" data-start=\"924\" data-end=\"1096\"><strong data-start=\"926\" data-end=\"940\">Si-Si Dots<\/strong>: estructura d\u2019acer tubular de 20 mm de di\u00e0metre, galvanitzat i recobert amb pintura de poli\u00e8ster. Seient i respatller en xapa amb perforacions circulars.<\/li>\n<li data-section-id=\"18u2dhu\" data-start=\"1097\" data-end=\"1271\"><strong data-start=\"1099\" data-end=\"1114\">Si-Si Vibes<\/strong>: estructura d\u2019acer tubular de 20 mm de di\u00e0metre, galvanitzat i recobert amb pintura de poli\u00e8ster. Seient i respatller fabricats en tecnopol\u00edmer regenerat.<\/li>\n<li data-section-id=\"9he001\" data-start=\"1272\" data-end=\"1436\"><strong data-start=\"1274\" data-end=\"1288\">Si-Si Wood<\/strong>: estructura d\u2019acer tubular de 20 mm de di\u00e0metre, galvanitzat i recobert amb pintura de poli\u00e8ster. Seient i respatller en fusta massissa de caoba.<\/li>\n<\/ul>\n<p data-start=\"1438\" data-end=\"1666\">Totes les versions de la cadira Si-Si estan disponibles en diversos colors i s\u00f3n apilables, fet que en facilita l\u2019emmagatzematge i optimitza l\u2019espai, especialment en entorns d\u2019\u00fas intensiu com restaurants, cafeteries i terrasses.<\/p>\n","protected":false},"excerpt":{"rendered":"<p>Cadira Si-Si: disseny vers\u00e0til per a interior i exterior La cadira Si-Si \u00e9s un seient vers\u00e0til i multimaterial, dissenyat per adaptar-se amb eleg\u00e0ncia tant a espais interiors com exteriors. La seva est\u00e8tica contempor\u00e0nia i l\u2019equilibri entre funcionalitat i disseny la converteixen en una soluci\u00f3 ideal per a projectes d\u2019hostaleria i contract. La col\u00b7lecci\u00f3 Si-Si est\u00e0&hellip;<\/p>\n","protected":false},"featured_media":47281,"template":"","meta":{"_acf_changed":false},"product_brand":[1105],"product_cat":[533,572,563,525],"product_tag":[587,863,640,664],"class_list":{"0":"post-47323","1":"product","2":"type-product","3":"status-publish","4":"has-post-thumbnail","6":"product_brand-scab-ca-2","7":"product_cat-cadires","8":"product_cat-cadires-exterior","9":"product_cat-exterior-ca","10":"product_cat-interior","11":"product_tag-apilable-ca","12":"product_tag-cadira","13":"product_tag-exterior-ca","14":"product_tag-interior-ca","15":"description-off","17":"first","18":"instock","19":"shipping-taxable","20":"product-type-simple"},"acf":[],"yoast_head":"<!-- This site is optimized with the Yoast SEO plugin v27.6 - https:\/\/yoast.com\/product\/yoast-seo-wordpress\/ -->\n<title>Cadira Si-Si - Navarro Aubanell<\/title>\n<meta name=\"description\" content=\"Cadira Si-Si apilable per a interior i exterior. Disseny vers\u00e0til en acer, tecnopol\u00edmer o fusta, ideal per a hostaleria, terrasses i espais contract.\" \/>\n<meta name=\"robots\" content=\"index, follow, max-snippet:-1, max-image-preview:large, max-video-preview:-1\" \/>\n<link rel=\"canonical\" href=\"https:\/\/www.navarroaubanell.com\/ca\/producte\/cadira-si-si-navarroaubanell\/\" \/>\n<meta property=\"og:locale\" content=\"ca_ES\" \/>\n<meta property=\"og:type\" content=\"article\" \/>\n<meta property=\"og:title\" content=\"Cadira Si-Si - Navarro Aubanell\" \/>\n<meta property=\"og:description\" content=\"Cadira Si-Si apilable per a interior i exterior. Disseny vers\u00e0til en acer, tecnopol\u00edmer o fusta, ideal per a hostaleria, terrasses i espais contract.\" \/>\n<meta property=\"og:url\" content=\"https:\/\/www.navarroaubanell.com\/ca\/producte\/cadira-si-si-navarroaubanell\/\" \/>\n<meta property=\"og:site_name\" content=\"Navarro Aubanell\" \/>\n<meta property=\"article:modified_time\" content=\"2026-05-06T07:39:01+00:00\" \/>\n<meta property=\"og:image\" content=\"https:\/\/www.navarroaubanell.com\/wp-content\/uploads\/2026\/05\/Silla-Si-Si-15.jpg\" \/>\n\t<meta property=\"og:image:width\" content=\"850\" \/>\n\t<meta property=\"og:image:height\" content=\"600\" \/>\n\t<meta property=\"og:image:type\" content=\"image\/jpeg\" \/>\n<meta name=\"twitter:label1\" content=\"Est. reading time\" \/>\n\t<meta name=\"twitter:data1\" content=\"2 minutes\" \/>\n<script type=\"application\/ld+json\" class=\"yoast-schema-graph\">{\"@context\":\"https:\\\/\\\/schema.org\",\"@graph\":[{\"@type\":\"WebPage\",\"@id\":\"https:\\\/\\\/www.navarroaubanell.com\\\/ca\\\/producte\\\/cadira-si-si-navarroaubanell\\\/\",\"url\":\"https:\\\/\\\/www.navarroaubanell.com\\\/ca\\\/producte\\\/cadira-si-si-navarroaubanell\\\/\",\"name\":\"Cadira Si-Si - Navarro Aubanell\",\"isPartOf\":{\"@id\":\"https:\\\/\\\/www.navarroaubanell.com\\\/ca\\\/#website\"},\"primaryImageOfPage\":{\"@id\":\"https:\\\/\\\/www.navarroaubanell.com\\\/ca\\\/producte\\\/cadira-si-si-navarroaubanell\\\/#primaryimage\"},\"image\":{\"@id\":\"https:\\\/\\\/www.navarroaubanell.com\\\/ca\\\/producte\\\/cadira-si-si-navarroaubanell\\\/#primaryimage\"},\"thumbnailUrl\":\"https:\\\/\\\/www.navarroaubanell.com\\\/wp-content\\\/uploads\\\/2026\\\/05\\\/Silla-Si-Si-15.jpg\",\"datePublished\":\"2026-05-06T07:19:45+00:00\",\"dateModified\":\"2026-05-06T07:39:01+00:00\",\"description\":\"Cadira Si-Si apilable per a interior i exterior. Disseny vers\u00e0til en acer, tecnopol\u00edmer o fusta, ideal per a hostaleria, terrasses i espais contract.\",\"breadcrumb\":{\"@id\":\"https:\\\/\\\/www.navarroaubanell.com\\\/ca\\\/producte\\\/cadira-si-si-navarroaubanell\\\/#breadcrumb\"},\"inLanguage\":\"ca\",\"potentialAction\":[{\"@type\":\"ReadAction\",\"target\":[\"https:\\\/\\\/www.navarroaubanell.com\\\/ca\\\/producte\\\/cadira-si-si-navarroaubanell\\\/\"]}]},{\"@type\":\"ImageObject\",\"inLanguage\":\"ca\",\"@id\":\"https:\\\/\\\/www.navarroaubanell.com\\\/ca\\\/producte\\\/cadira-si-si-navarroaubanell\\\/#primaryimage\",\"url\":\"https:\\\/\\\/www.navarroaubanell.com\\\/wp-content\\\/uploads\\\/2026\\\/05\\\/Silla-Si-Si-15.jpg\",\"contentUrl\":\"https:\\\/\\\/www.navarroaubanell.com\\\/wp-content\\\/uploads\\\/2026\\\/05\\\/Silla-Si-Si-15.jpg\",\"width\":850,\"height\":600,\"caption\":\"Silla Si-Si\"},{\"@type\":\"BreadcrumbList\",\"@id\":\"https:\\\/\\\/www.navarroaubanell.com\\\/ca\\\/producte\\\/cadira-si-si-navarroaubanell\\\/#breadcrumb\",\"itemListElement\":[{\"@type\":\"ListItem\",\"position\":1,\"name\":\"Portada\",\"item\":\"https:\\\/\\\/www.navarroaubanell.com\\\/ca\\\/\"},{\"@type\":\"ListItem\",\"position\":2,\"name\":\"Productes\",\"item\":\"https:\\\/\\\/www.navarroaubanell.com\\\/productos\\\/\"},{\"@type\":\"ListItem\",\"position\":3,\"name\":\"Cadira Si-Si\"}]},{\"@type\":\"WebSite\",\"@id\":\"https:\\\/\\\/www.navarroaubanell.com\\\/ca\\\/#website\",\"url\":\"https:\\\/\\\/www.navarroaubanell.com\\\/ca\\\/\",\"name\":\"Navarro Aubanell\",\"description\":\"Mobiliario para hoteler\u00eda, colectividades y oficinas\",\"publisher\":{\"@id\":\"https:\\\/\\\/www.navarroaubanell.com\\\/ca\\\/#organization\"},\"potentialAction\":[{\"@type\":\"SearchAction\",\"target\":{\"@type\":\"EntryPoint\",\"urlTemplate\":\"https:\\\/\\\/www.navarroaubanell.com\\\/ca\\\/?s={search_term_string}\"},\"query-input\":{\"@type\":\"PropertyValueSpecification\",\"valueRequired\":true,\"valueName\":\"search_term_string\"}}],\"inLanguage\":\"ca\"},{\"@type\":\"Organization\",\"@id\":\"https:\\\/\\\/www.navarroaubanell.com\\\/ca\\\/#organization\",\"name\":\"COMERCIAL NAVARRO AUBANELL, S.A\",\"url\":\"https:\\\/\\\/www.navarroaubanell.com\\\/ca\\\/\",\"logo\":{\"@type\":\"ImageObject\",\"inLanguage\":\"ca\",\"@id\":\"https:\\\/\\\/www.navarroaubanell.com\\\/ca\\\/#\\\/schema\\\/logo\\\/image\\\/\",\"url\":\"https:\\\/\\\/www.navarroaubanell.com\\\/wp-content\\\/uploads\\\/2017\\\/07\\\/logo-navarro-aubuanell.png\",\"contentUrl\":\"https:\\\/\\\/www.navarroaubanell.com\\\/wp-content\\\/uploads\\\/2017\\\/07\\\/logo-navarro-aubuanell.png\",\"width\":6304,\"height\":1154,\"caption\":\"COMERCIAL NAVARRO AUBANELL, S.A\"},\"image\":{\"@id\":\"https:\\\/\\\/www.navarroaubanell.com\\\/ca\\\/#\\\/schema\\\/logo\\\/image\\\/\"}}]}<\/script>\n<!-- \/ Yoast SEO plugin. -->","yoast_head_json":{"title":"Cadira Si-Si - Navarro Aubanell","description":"Cadira Si-Si apilable per a interior i exterior. Disseny vers\u00e0til en acer, tecnopol\u00edmer o fusta, ideal per a hostaleria, terrasses i espais contract.","robots":{"index":"index","follow":"follow","max-snippet":"max-snippet:-1","max-image-preview":"max-image-preview:large","max-video-preview":"max-video-preview:-1"},"canonical":"https:\/\/www.navarroaubanell.com\/ca\/producte\/cadira-si-si-navarroaubanell\/","og_locale":"ca_ES","og_type":"article","og_title":"Cadira Si-Si - Navarro Aubanell","og_description":"Cadira Si-Si apilable per a interior i exterior. Disseny vers\u00e0til en acer, tecnopol\u00edmer o fusta, ideal per a hostaleria, terrasses i espais contract.","og_url":"https:\/\/www.navarroaubanell.com\/ca\/producte\/cadira-si-si-navarroaubanell\/","og_site_name":"Navarro Aubanell","article_modified_time":"2026-05-06T07:39:01+00:00","og_image":[{"width":850,"height":600,"url":"https:\/\/www.navarroaubanell.com\/wp-content\/uploads\/2026\/05\/Silla-Si-Si-15.jpg","type":"image\/jpeg"}],"twitter_misc":{"Est. reading time":"2 minutes"},"schema":{"@context":"https:\/\/schema.org","@graph":[{"@type":"WebPage","@id":"https:\/\/www.navarroaubanell.com\/ca\/producte\/cadira-si-si-navarroaubanell\/","url":"https:\/\/www.navarroaubanell.com\/ca\/producte\/cadira-si-si-navarroaubanell\/","name":"Cadira Si-Si - Navarro Aubanell","isPartOf":{"@id":"https:\/\/www.navarroaubanell.com\/ca\/#website"},"primaryImageOfPage":{"@id":"https:\/\/www.navarroaubanell.com\/ca\/producte\/cadira-si-si-navarroaubanell\/#primaryimage"},"image":{"@id":"https:\/\/www.navarroaubanell.com\/ca\/producte\/cadira-si-si-navarroaubanell\/#primaryimage"},"thumbnailUrl":"https:\/\/www.navarroaubanell.com\/wp-content\/uploads\/2026\/05\/Silla-Si-Si-15.jpg","datePublished":"2026-05-06T07:19:45+00:00","dateModified":"2026-05-06T07:39:01+00:00","description":"Cadira Si-Si apilable per a interior i exterior. Disseny vers\u00e0til en acer, tecnopol\u00edmer o fusta, ideal per a hostaleria, terrasses i espais contract.","breadcrumb":{"@id":"https:\/\/www.navarroaubanell.com\/ca\/producte\/cadira-si-si-navarroaubanell\/#breadcrumb"},"inLanguage":"ca","potentialAction":[{"@type":"ReadAction","target":["https:\/\/www.navarroaubanell.com\/ca\/producte\/cadira-si-si-navarroaubanell\/"]}]},{"@type":"ImageObject","inLanguage":"ca","@id":"https:\/\/www.navarroaubanell.com\/ca\/producte\/cadira-si-si-navarroaubanell\/#primaryimage","url":"https:\/\/www.navarroaubanell.com\/wp-content\/uploads\/2026\/05\/Silla-Si-Si-15.jpg","contentUrl":"https:\/\/www.navarroaubanell.com\/wp-content\/uploads\/2026\/05\/Silla-Si-Si-15.jpg","width":850,"height":600,"caption":"Silla Si-Si"},{"@type":"BreadcrumbList","@id":"https:\/\/www.navarroaubanell.com\/ca\/producte\/cadira-si-si-navarroaubanell\/#breadcrumb","itemListElement":[{"@type":"ListItem","position":1,"name":"Portada","item":"https:\/\/www.navarroaubanell.com\/ca\/"},{"@type":"ListItem","position":2,"name":"Productes","item":"https:\/\/www.navarroaubanell.com\/productos\/"},{"@type":"ListItem","position":3,"name":"Cadira Si-Si"}]},{"@type":"WebSite","@id":"https:\/\/www.navarroaubanell.com\/ca\/#website","url":"https:\/\/www.navarroaubanell.com\/ca\/","name":"Navarro Aubanell","description":"Mobiliario para hoteler\u00eda, colectividades y oficinas","publisher":{"@id":"https:\/\/www.navarroaubanell.com\/ca\/#organization"},"potentialAction":[{"@type":"SearchAction","target":{"@type":"EntryPoint","urlTemplate":"https:\/\/www.navarroaubanell.com\/ca\/?s={search_term_string}"},"query-input":{"@type":"PropertyValueSpecification","valueRequired":true,"valueName":"search_term_string"}}],"inLanguage":"ca"},{"@type":"Organization","@id":"https:\/\/www.navarroaubanell.com\/ca\/#organization","name":"COMERCIAL NAVARRO AUBANELL, S.A","url":"https:\/\/www.navarroaubanell.com\/ca\/","logo":{"@type":"ImageObject","inLanguage":"ca","@id":"https:\/\/www.navarroaubanell.com\/ca\/#\/schema\/logo\/image\/","url":"https:\/\/www.navarroaubanell.com\/wp-content\/uploads\/2017\/07\/logo-navarro-aubuanell.png","contentUrl":"https:\/\/www.navarroaubanell.com\/wp-content\/uploads\/2017\/07\/logo-navarro-aubuanell.png","width":6304,"height":1154,"caption":"COMERCIAL NAVARRO AUBANELL, S.A"},"image":{"@id":"https:\/\/www.navarroaubanell.com\/ca\/#\/schema\/logo\/image\/"}}]}},"_links":{"self":[{"href":"https:\/\/www.navarroaubanell.com\/ca\/wp-json\/wp\/v2\/product\/47323","targetHints":{"allow":["GET"]}}],"collection":[{"href":"https:\/\/www.navarroaubanell.com\/ca\/wp-json\/wp\/v2\/product"}],"about":[{"href":"https:\/\/www.navarroaubanell.com\/ca\/wp-json\/wp\/v2\/types\/product"}],"wp:featuredmedia":[{"embeddable":true,"href":"https:\/\/www.navarroaubanell.com\/ca\/wp-json\/wp\/v2\/media\/47281"}],"wp:attachment":[{"href":"https:\/\/www.navarroaubanell.com\/ca\/wp-json\/wp\/v2\/media?parent=47323"}],"wp:term":[{"taxonomy":"product_brand","embeddable":true,"href":"https:\/\/www.navarroaubanell.com\/ca\/wp-json\/wp\/v2\/product_brand?post=47323"},{"taxonomy":"product_cat","embeddable":true,"href":"https:\/\/www.navarroaubanell.com\/ca\/wp-json\/wp\/v2\/product_cat?post=47323"},{"taxonomy":"product_tag","embeddable":true,"href":"https:\/\/www.navarroaubanell.com\/ca\/wp-json\/wp\/v2\/product_tag?post=47323"}],"curies":[{"name":"wp","href":"https:\/\/api.w.org\/{rel}","templated":true}]}}