{"id":47257,"date":"2026-05-05T16:03:08","date_gmt":"2026-05-05T14:03:08","guid":{"rendered":"https:\/\/www.navarroaubanell.com\/producto\/sillon-malvasia-navarroaubanell\/"},"modified":"2026-05-05T16:26:03","modified_gmt":"2026-05-05T14:26:03","slug":"sillon-malvasia-navarroaubanell","status":"publish","type":"product","link":"https:\/\/www.navarroaubanell.com\/ca\/producte\/sillon-malvasia-navarroaubanell\/","title":{"rendered":"Cadira de bra\u00e7os Malvasia"},"content":{"rendered":"<h5 data-start=\"106\" data-end=\"189\">Cadira de bra\u00e7os Malvasia per a exterior- Disseny met\u00e0l\u00b7lic apilable, resistent i elegant<\/h5>\n<p data-start=\"191\" data-end=\"419\">La cadira de bra\u00e7os Malvasia \u00e9s una pe\u00e7a d&#8217;exterior que destaca pel seu delicat i equilibrat joc de llums i ombres, generat a trav\u00e9s de les seves trames met\u00e0l\u00b7liques, aportant una est\u00e8tica lleugera i contempor\u00e0nia amb un extra de confort.<\/p>\n<p data-start=\"191\" data-end=\"419\">La seva estructura est\u00e0 formada per quatre potes d&#8217;acer tubular de 20mm de di\u00e0metre, dissenyada per a oferir estabilitat i durabilitat. L&#8217;acer est\u00e0 galvanitzat i recobert amb pintura en pols de poli\u00e8ster, garantint una alta resist\u00e8ncia davant la corrosi\u00f3 i les condicions clim\u00e0tiques, convertint-lo en una opci\u00f3 ideal per al seu \u00fas exterior intensiu.<\/p>\n<p data-start=\"191\" data-end=\"419\">Disponible en diversos colors, la cadira de bra\u00e7os Malvasia s&#8217;adapta f\u00e0cilment a diferents ambients, aportant personalitat i coher\u00e8ncia est\u00e8tica a terrasses, jardins i espais d&#8217;hostaleria.<\/p>\n<p data-start=\"792\" data-end=\"983\">Dissenyat pensant en la funcionalitat professional, \u00e9s una cadira de bra\u00e7os apilable, la qual cosa facilita l&#8217;emmagatzematge i optimitza la gesti\u00f3 de l&#8217;espai en el sector de l&#8217;hostaleria.<\/p>\n<p data-start=\"985\" data-end=\"1161\">A m\u00e9s, compta amb un coix\u00ed opcional que incrementa el confort sense renunciar al seu disseny lleuger i elegant.<\/p>\n<h6 data-start=\"1276\" data-end=\"1308\">Caracter\u00edstiques principals:<\/h6>\n<ul data-start=\"1309\" data-end=\"1555\">\n<li data-section-id=\"mlsm0k\" data-start=\"1309\" data-end=\"1350\">Cadira de bra\u00e7os d&#8217;exterior de disseny met\u00e0l\u00b7lic<\/li>\n<li data-section-id=\"1n6euxp\" data-start=\"1351\" data-end=\"1396\">Estructura d&#8217;acer galvanitzat i pintat<\/li>\n<li data-section-id=\"1xtdjfz\" data-start=\"1371\" data-end=\"1417\">Resistent a la intemp\u00e8rie i a \u00fas intensiu<\/li>\n<li data-section-id=\"iq33tw\" data-start=\"1418\" data-end=\"1458\">Apilable i funcional per a hostaleria<\/li>\n<li data-section-id=\"co4wol\" data-start=\"1459\" data-end=\"1491\">Disponible en diversos colors<\/li>\n<li data-section-id=\"1aqwhpv\" data-start=\"1492\" data-end=\"1529\">Coix\u00ed opcional per a un confort m\u00e9s elevat<\/li>\n<\/ul>\n","protected":false},"excerpt":{"rendered":"<p>Cadira de bra\u00e7os Malvasia per a exterior- Disseny met\u00e0l\u00b7lic apilable, resistent i elegant La cadira de bra\u00e7os Malvasia \u00e9s una pe\u00e7a d&#8217;exterior que destaca pel seu delicat i equilibrat joc de llums i ombres, generat a trav\u00e9s de les seves trames met\u00e0l\u00b7liques, aportant una est\u00e8tica lleugera i contempor\u00e0nia amb un extra de confort. La seva&hellip;<\/p>\n","protected":false},"featured_media":47241,"template":"","meta":{"_acf_changed":false},"product_brand":[1105],"product_cat":[573,563],"product_tag":[587,749,640],"class_list":{"0":"post-47257","1":"product","2":"type-product","3":"status-publish","4":"has-post-thumbnail","6":"product_brand-scab-ca-2","7":"product_cat-cadires-de-bracos-exterior","8":"product_cat-exterior-ca","9":"product_tag-apilable-ca","10":"product_tag-cadira-de-barcos","11":"product_tag-exterior-ca","12":"description-off","14":"first","15":"instock","16":"shipping-taxable","17":"product-type-simple"},"acf":[],"yoast_head":"<!-- This site is optimized with the Yoast SEO plugin v27.6 - https:\/\/yoast.com\/product\/yoast-seo-wordpress\/ -->\n<title>Cadira de bra\u00e7os Malvasia - Navarro Aubanell<\/title>\n<meta name=\"description\" content=\"Cadira de bra\u00e7os Malvasia d&#039;exterior, met\u00e0l\u00b7lic, apilable i resistent. Disseny elegant i innovador; ideal per a hostaleria, terrasses i jardins.\" \/>\n<meta name=\"robots\" content=\"index, follow, max-snippet:-1, max-image-preview:large, max-video-preview:-1\" \/>\n<link rel=\"canonical\" href=\"https:\/\/www.navarroaubanell.com\/ca\/producte\/sillon-malvasia-navarroaubanell\/\" \/>\n<meta property=\"og:locale\" content=\"ca_ES\" \/>\n<meta property=\"og:type\" content=\"article\" \/>\n<meta property=\"og:title\" content=\"Cadira de bra\u00e7os Malvasia - Navarro Aubanell\" \/>\n<meta property=\"og:description\" content=\"Cadira de bra\u00e7os Malvasia d&#039;exterior, met\u00e0l\u00b7lic, apilable i resistent. Disseny elegant i innovador; ideal per a hostaleria, terrasses i jardins.\" \/>\n<meta property=\"og:url\" content=\"https:\/\/www.navarroaubanell.com\/ca\/producte\/sillon-malvasia-navarroaubanell\/\" \/>\n<meta property=\"og:site_name\" content=\"Navarro Aubanell\" \/>\n<meta property=\"article:modified_time\" content=\"2026-05-05T14:26:03+00:00\" \/>\n<meta property=\"og:image\" content=\"https:\/\/www.navarroaubanell.com\/wp-content\/uploads\/2026\/05\/Sillon-Malvasia-10.jpg\" \/>\n\t<meta property=\"og:image:width\" content=\"850\" \/>\n\t<meta property=\"og:image:height\" content=\"600\" \/>\n\t<meta property=\"og:image:type\" content=\"image\/jpeg\" \/>\n<meta name=\"twitter:label1\" content=\"Est. reading time\" \/>\n\t<meta name=\"twitter:data1\" content=\"2 minutes\" \/>\n<script type=\"application\/ld+json\" class=\"yoast-schema-graph\">{\"@context\":\"https:\\\/\\\/schema.org\",\"@graph\":[{\"@type\":\"WebPage\",\"@id\":\"https:\\\/\\\/www.navarroaubanell.com\\\/ca\\\/producte\\\/sillon-malvasia-navarroaubanell\\\/\",\"url\":\"https:\\\/\\\/www.navarroaubanell.com\\\/ca\\\/producte\\\/sillon-malvasia-navarroaubanell\\\/\",\"name\":\"Cadira de bra\u00e7os Malvasia - Navarro Aubanell\",\"isPartOf\":{\"@id\":\"https:\\\/\\\/www.navarroaubanell.com\\\/ca\\\/#website\"},\"primaryImageOfPage\":{\"@id\":\"https:\\\/\\\/www.navarroaubanell.com\\\/ca\\\/producte\\\/sillon-malvasia-navarroaubanell\\\/#primaryimage\"},\"image\":{\"@id\":\"https:\\\/\\\/www.navarroaubanell.com\\\/ca\\\/producte\\\/sillon-malvasia-navarroaubanell\\\/#primaryimage\"},\"thumbnailUrl\":\"https:\\\/\\\/www.navarroaubanell.com\\\/wp-content\\\/uploads\\\/2026\\\/05\\\/Sillon-Malvasia-10.jpg\",\"datePublished\":\"2026-05-05T14:03:08+00:00\",\"dateModified\":\"2026-05-05T14:26:03+00:00\",\"description\":\"Cadira de bra\u00e7os Malvasia d'exterior, met\u00e0l\u00b7lic, apilable i resistent. Disseny elegant i innovador; ideal per a hostaleria, terrasses i jardins.\",\"breadcrumb\":{\"@id\":\"https:\\\/\\\/www.navarroaubanell.com\\\/ca\\\/producte\\\/sillon-malvasia-navarroaubanell\\\/#breadcrumb\"},\"inLanguage\":\"ca\",\"potentialAction\":[{\"@type\":\"ReadAction\",\"target\":[\"https:\\\/\\\/www.navarroaubanell.com\\\/ca\\\/producte\\\/sillon-malvasia-navarroaubanell\\\/\"]}]},{\"@type\":\"ImageObject\",\"inLanguage\":\"ca\",\"@id\":\"https:\\\/\\\/www.navarroaubanell.com\\\/ca\\\/producte\\\/sillon-malvasia-navarroaubanell\\\/#primaryimage\",\"url\":\"https:\\\/\\\/www.navarroaubanell.com\\\/wp-content\\\/uploads\\\/2026\\\/05\\\/Sillon-Malvasia-10.jpg\",\"contentUrl\":\"https:\\\/\\\/www.navarroaubanell.com\\\/wp-content\\\/uploads\\\/2026\\\/05\\\/Sillon-Malvasia-10.jpg\",\"width\":850,\"height\":600,\"caption\":\"Sill\u00f3n Malvasia\"},{\"@type\":\"BreadcrumbList\",\"@id\":\"https:\\\/\\\/www.navarroaubanell.com\\\/ca\\\/producte\\\/sillon-malvasia-navarroaubanell\\\/#breadcrumb\",\"itemListElement\":[{\"@type\":\"ListItem\",\"position\":1,\"name\":\"Portada\",\"item\":\"https:\\\/\\\/www.navarroaubanell.com\\\/ca\\\/\"},{\"@type\":\"ListItem\",\"position\":2,\"name\":\"Productes\",\"item\":\"https:\\\/\\\/www.navarroaubanell.com\\\/productos\\\/\"},{\"@type\":\"ListItem\",\"position\":3,\"name\":\"Cadira de bra\u00e7os Malvasia\"}]},{\"@type\":\"WebSite\",\"@id\":\"https:\\\/\\\/www.navarroaubanell.com\\\/ca\\\/#website\",\"url\":\"https:\\\/\\\/www.navarroaubanell.com\\\/ca\\\/\",\"name\":\"Navarro Aubanell\",\"description\":\"Mobiliario para hoteler\u00eda, colectividades y oficinas\",\"publisher\":{\"@id\":\"https:\\\/\\\/www.navarroaubanell.com\\\/ca\\\/#organization\"},\"potentialAction\":[{\"@type\":\"SearchAction\",\"target\":{\"@type\":\"EntryPoint\",\"urlTemplate\":\"https:\\\/\\\/www.navarroaubanell.com\\\/ca\\\/?s={search_term_string}\"},\"query-input\":{\"@type\":\"PropertyValueSpecification\",\"valueRequired\":true,\"valueName\":\"search_term_string\"}}],\"inLanguage\":\"ca\"},{\"@type\":\"Organization\",\"@id\":\"https:\\\/\\\/www.navarroaubanell.com\\\/ca\\\/#organization\",\"name\":\"COMERCIAL NAVARRO AUBANELL, S.A\",\"url\":\"https:\\\/\\\/www.navarroaubanell.com\\\/ca\\\/\",\"logo\":{\"@type\":\"ImageObject\",\"inLanguage\":\"ca\",\"@id\":\"https:\\\/\\\/www.navarroaubanell.com\\\/ca\\\/#\\\/schema\\\/logo\\\/image\\\/\",\"url\":\"https:\\\/\\\/www.navarroaubanell.com\\\/wp-content\\\/uploads\\\/2017\\\/07\\\/logo-navarro-aubuanell.png\",\"contentUrl\":\"https:\\\/\\\/www.navarroaubanell.com\\\/wp-content\\\/uploads\\\/2017\\\/07\\\/logo-navarro-aubuanell.png\",\"width\":6304,\"height\":1154,\"caption\":\"COMERCIAL NAVARRO AUBANELL, S.A\"},\"image\":{\"@id\":\"https:\\\/\\\/www.navarroaubanell.com\\\/ca\\\/#\\\/schema\\\/logo\\\/image\\\/\"}}]}<\/script>\n<!-- \/ Yoast SEO plugin. -->","yoast_head_json":{"title":"Cadira de bra\u00e7os Malvasia - Navarro Aubanell","description":"Cadira de bra\u00e7os Malvasia d'exterior, met\u00e0l\u00b7lic, apilable i resistent. Disseny elegant i innovador; ideal per a hostaleria, terrasses i jardins.","robots":{"index":"index","follow":"follow","max-snippet":"max-snippet:-1","max-image-preview":"max-image-preview:large","max-video-preview":"max-video-preview:-1"},"canonical":"https:\/\/www.navarroaubanell.com\/ca\/producte\/sillon-malvasia-navarroaubanell\/","og_locale":"ca_ES","og_type":"article","og_title":"Cadira de bra\u00e7os Malvasia - Navarro Aubanell","og_description":"Cadira de bra\u00e7os Malvasia d'exterior, met\u00e0l\u00b7lic, apilable i resistent. Disseny elegant i innovador; ideal per a hostaleria, terrasses i jardins.","og_url":"https:\/\/www.navarroaubanell.com\/ca\/producte\/sillon-malvasia-navarroaubanell\/","og_site_name":"Navarro Aubanell","article_modified_time":"2026-05-05T14:26:03+00:00","og_image":[{"width":850,"height":600,"url":"https:\/\/www.navarroaubanell.com\/wp-content\/uploads\/2026\/05\/Sillon-Malvasia-10.jpg","type":"image\/jpeg"}],"twitter_misc":{"Est. reading time":"2 minutes"},"schema":{"@context":"https:\/\/schema.org","@graph":[{"@type":"WebPage","@id":"https:\/\/www.navarroaubanell.com\/ca\/producte\/sillon-malvasia-navarroaubanell\/","url":"https:\/\/www.navarroaubanell.com\/ca\/producte\/sillon-malvasia-navarroaubanell\/","name":"Cadira de bra\u00e7os Malvasia - Navarro Aubanell","isPartOf":{"@id":"https:\/\/www.navarroaubanell.com\/ca\/#website"},"primaryImageOfPage":{"@id":"https:\/\/www.navarroaubanell.com\/ca\/producte\/sillon-malvasia-navarroaubanell\/#primaryimage"},"image":{"@id":"https:\/\/www.navarroaubanell.com\/ca\/producte\/sillon-malvasia-navarroaubanell\/#primaryimage"},"thumbnailUrl":"https:\/\/www.navarroaubanell.com\/wp-content\/uploads\/2026\/05\/Sillon-Malvasia-10.jpg","datePublished":"2026-05-05T14:03:08+00:00","dateModified":"2026-05-05T14:26:03+00:00","description":"Cadira de bra\u00e7os Malvasia d'exterior, met\u00e0l\u00b7lic, apilable i resistent. Disseny elegant i innovador; ideal per a hostaleria, terrasses i jardins.","breadcrumb":{"@id":"https:\/\/www.navarroaubanell.com\/ca\/producte\/sillon-malvasia-navarroaubanell\/#breadcrumb"},"inLanguage":"ca","potentialAction":[{"@type":"ReadAction","target":["https:\/\/www.navarroaubanell.com\/ca\/producte\/sillon-malvasia-navarroaubanell\/"]}]},{"@type":"ImageObject","inLanguage":"ca","@id":"https:\/\/www.navarroaubanell.com\/ca\/producte\/sillon-malvasia-navarroaubanell\/#primaryimage","url":"https:\/\/www.navarroaubanell.com\/wp-content\/uploads\/2026\/05\/Sillon-Malvasia-10.jpg","contentUrl":"https:\/\/www.navarroaubanell.com\/wp-content\/uploads\/2026\/05\/Sillon-Malvasia-10.jpg","width":850,"height":600,"caption":"Sill\u00f3n Malvasia"},{"@type":"BreadcrumbList","@id":"https:\/\/www.navarroaubanell.com\/ca\/producte\/sillon-malvasia-navarroaubanell\/#breadcrumb","itemListElement":[{"@type":"ListItem","position":1,"name":"Portada","item":"https:\/\/www.navarroaubanell.com\/ca\/"},{"@type":"ListItem","position":2,"name":"Productes","item":"https:\/\/www.navarroaubanell.com\/productos\/"},{"@type":"ListItem","position":3,"name":"Cadira de bra\u00e7os Malvasia"}]},{"@type":"WebSite","@id":"https:\/\/www.navarroaubanell.com\/ca\/#website","url":"https:\/\/www.navarroaubanell.com\/ca\/","name":"Navarro Aubanell","description":"Mobiliario para hoteler\u00eda, colectividades y oficinas","publisher":{"@id":"https:\/\/www.navarroaubanell.com\/ca\/#organization"},"potentialAction":[{"@type":"SearchAction","target":{"@type":"EntryPoint","urlTemplate":"https:\/\/www.navarroaubanell.com\/ca\/?s={search_term_string}"},"query-input":{"@type":"PropertyValueSpecification","valueRequired":true,"valueName":"search_term_string"}}],"inLanguage":"ca"},{"@type":"Organization","@id":"https:\/\/www.navarroaubanell.com\/ca\/#organization","name":"COMERCIAL NAVARRO AUBANELL, S.A","url":"https:\/\/www.navarroaubanell.com\/ca\/","logo":{"@type":"ImageObject","inLanguage":"ca","@id":"https:\/\/www.navarroaubanell.com\/ca\/#\/schema\/logo\/image\/","url":"https:\/\/www.navarroaubanell.com\/wp-content\/uploads\/2017\/07\/logo-navarro-aubuanell.png","contentUrl":"https:\/\/www.navarroaubanell.com\/wp-content\/uploads\/2017\/07\/logo-navarro-aubuanell.png","width":6304,"height":1154,"caption":"COMERCIAL NAVARRO AUBANELL, S.A"},"image":{"@id":"https:\/\/www.navarroaubanell.com\/ca\/#\/schema\/logo\/image\/"}}]}},"_links":{"self":[{"href":"https:\/\/www.navarroaubanell.com\/ca\/wp-json\/wp\/v2\/product\/47257","targetHints":{"allow":["GET"]}}],"collection":[{"href":"https:\/\/www.navarroaubanell.com\/ca\/wp-json\/wp\/v2\/product"}],"about":[{"href":"https:\/\/www.navarroaubanell.com\/ca\/wp-json\/wp\/v2\/types\/product"}],"wp:featuredmedia":[{"embeddable":true,"href":"https:\/\/www.navarroaubanell.com\/ca\/wp-json\/wp\/v2\/media\/47241"}],"wp:attachment":[{"href":"https:\/\/www.navarroaubanell.com\/ca\/wp-json\/wp\/v2\/media?parent=47257"}],"wp:term":[{"taxonomy":"product_brand","embeddable":true,"href":"https:\/\/www.navarroaubanell.com\/ca\/wp-json\/wp\/v2\/product_brand?post=47257"},{"taxonomy":"product_cat","embeddable":true,"href":"https:\/\/www.navarroaubanell.com\/ca\/wp-json\/wp\/v2\/product_cat?post=47257"},{"taxonomy":"product_tag","embeddable":true,"href":"https:\/\/www.navarroaubanell.com\/ca\/wp-json\/wp\/v2\/product_tag?post=47257"}],"curies":[{"name":"wp","href":"https:\/\/api.w.org\/{rel}","templated":true}]}}