{"id":47221,"date":"2026-05-05T12:26:37","date_gmt":"2026-05-05T10:26:37","guid":{"rendered":"https:\/\/www.navarroaubanell.com\/producto\/silla-malvasia-navarroaubanell\/"},"modified":"2026-05-05T12:41:17","modified_gmt":"2026-05-05T10:41:17","slug":"cadira-malvasia-navarroaubanell","status":"publish","type":"product","link":"https:\/\/www.navarroaubanell.com\/ca\/producte\/cadira-malvasia-navarroaubanell\/","title":{"rendered":"Cadira Malvasia"},"content":{"rendered":"<h5 data-start=\"107\" data-end=\"189\">Cadira Malvasia per a exterior- Disseny met\u00e0l\u00b7lic apilable, resistent i elegant<\/h5>\n<p data-start=\"186\" data-end=\"386\">La cadira Malvasia \u00e9s una cadira d\u2019exterior que destaca pel seu joc equilibrat de llums i ombres, generat a trav\u00e9s de les seves trames met\u00e0l\u00b7liques, aportant una est\u00e8tica lleugera i contempor\u00e0nia.<\/p>\n<p data-start=\"388\" data-end=\"746\">La seva estructura est\u00e0 formada per quatre potes d\u2019acer tubular de 20mm de di\u00e0metre, dissenyada per oferir estabilitat i durabilitat. L\u2019acer est\u00e0 galvanitzat i recobert amb pintura en pols de poli\u00e8ster, garantint una alta resist\u00e8ncia a la corrosi\u00f3 i a les condicions clim\u00e0tiques, convertint-la en una opci\u00f3 ideal per a \u00fas exterior intensiu.<\/p>\n<p data-start=\"748\" data-end=\"923\">Disponible en diversos colors, Malvasia s\u2019adapta f\u00e0cilment a diferents ambients, aportant personalitat i coher\u00e8ncia est\u00e8tica a terrasses, jardins i espais d\u2019hostaleria.<\/p>\n<p data-start=\"925\" data-end=\"1102\">Dissenyada pensant en la funcionalitat professional, \u00e9s una cadira apilable, fet que facilita l\u2019emmagatzematge i optimitza la gesti\u00f3 de l\u2019espai en el sector de l\u2019hostaleria.<\/p>\n<p data-start=\"1104\" data-end=\"1219\">A m\u00e9s, compta amb un coix\u00ed opcional que incrementa el confort sense renunciar al seu disseny lleuger i elegant.<\/p>\n<h6 data-start=\"1251\" data-end=\"1283\">Caracter\u00edsticas principales:<\/h6>\n<ul data-start=\"1284\" data-end=\"1529\">\n<li data-section-id=\"p9hq94\" data-start=\"1284\" data-end=\"1324\">Cadira d&#8217;exterior de disseny met\u00e0l\u00b7lic<\/li>\n<li data-section-id=\"1n6euxp\" data-start=\"1325\" data-end=\"1370\">Estructura d&#8217;acer galvanitzat i pintat<\/li>\n<li data-section-id=\"1xtdjfz\" data-start=\"1371\" data-end=\"1417\">Resistent a la intemp\u00e8rie i a \u00fas intensiu<\/li>\n<li data-section-id=\"iq33tw\" data-start=\"1418\" data-end=\"1458\">Apilable i funcional per a hostaleria<\/li>\n<li data-section-id=\"co4wol\" data-start=\"1459\" data-end=\"1491\">Disponible en diversos colors<\/li>\n<li data-section-id=\"1aqwhpv\" data-start=\"1492\" data-end=\"1529\">Coix\u00ed opcional per a major coffort<\/li>\n<\/ul>\n","protected":false},"excerpt":{"rendered":"<p>Cadira Malvasia per a exterior- Disseny met\u00e0l\u00b7lic apilable, resistent i elegant La cadira Malvasia \u00e9s una cadira d\u2019exterior que destaca pel seu joc equilibrat de llums i ombres, generat a trav\u00e9s de les seves trames met\u00e0l\u00b7liques, aportant una est\u00e8tica lleugera i contempor\u00e0nia. La seva estructura est\u00e0 formada per quatre potes d\u2019acer tubular de 20mm de&hellip;<\/p>\n","protected":false},"featured_media":47201,"template":"","meta":{"_acf_changed":false},"product_brand":[],"product_cat":[572,563],"product_tag":[587,863,640],"class_list":{"0":"post-47221","1":"product","2":"type-product","3":"status-publish","4":"has-post-thumbnail","6":"product_cat-cadires-exterior","7":"product_cat-exterior-ca","8":"product_tag-apilable-ca","9":"product_tag-cadira","10":"product_tag-exterior-ca","11":"description-off","13":"first","14":"instock","15":"shipping-taxable","16":"product-type-simple"},"acf":[],"yoast_head":"<!-- This site is optimized with the Yoast SEO plugin v27.6 - https:\/\/yoast.com\/product\/yoast-seo-wordpress\/ -->\n<title>Cadira Malvasia - Navarro Aubanell<\/title>\n<meta name=\"description\" content=\"Cadira Malvasia d&#039;exterior, met\u00e0l\u00b7lica, apilable i resistent. Disseny elegant i innovador, ideal per a hostaleria, terrasses i jardins.\" \/>\n<meta name=\"robots\" content=\"index, follow, max-snippet:-1, max-image-preview:large, max-video-preview:-1\" \/>\n<link rel=\"canonical\" href=\"https:\/\/www.navarroaubanell.com\/ca\/producte\/cadira-malvasia-navarroaubanell\/\" \/>\n<meta property=\"og:locale\" content=\"ca_ES\" \/>\n<meta property=\"og:type\" content=\"article\" \/>\n<meta property=\"og:title\" content=\"Cadira Malvasia - Navarro Aubanell\" \/>\n<meta property=\"og:description\" content=\"Cadira Malvasia d&#039;exterior, met\u00e0l\u00b7lica, apilable i resistent. Disseny elegant i innovador, ideal per a hostaleria, terrasses i jardins.\" \/>\n<meta property=\"og:url\" content=\"https:\/\/www.navarroaubanell.com\/ca\/producte\/cadira-malvasia-navarroaubanell\/\" \/>\n<meta property=\"og:site_name\" content=\"Navarro Aubanell\" \/>\n<meta property=\"article:modified_time\" content=\"2026-05-05T10:41:17+00:00\" \/>\n<meta property=\"og:image\" content=\"https:\/\/www.navarroaubanell.com\/wp-content\/uploads\/2026\/05\/Silla-Malvasia-8.jpg\" \/>\n\t<meta property=\"og:image:width\" content=\"850\" \/>\n\t<meta property=\"og:image:height\" content=\"600\" \/>\n\t<meta property=\"og:image:type\" content=\"image\/jpeg\" \/>\n<meta name=\"twitter:label1\" content=\"Est. reading time\" \/>\n\t<meta name=\"twitter:data1\" content=\"2 minutes\" \/>\n<script type=\"application\/ld+json\" class=\"yoast-schema-graph\">{\"@context\":\"https:\\\/\\\/schema.org\",\"@graph\":[{\"@type\":\"WebPage\",\"@id\":\"https:\\\/\\\/www.navarroaubanell.com\\\/ca\\\/producte\\\/cadira-malvasia-navarroaubanell\\\/\",\"url\":\"https:\\\/\\\/www.navarroaubanell.com\\\/ca\\\/producte\\\/cadira-malvasia-navarroaubanell\\\/\",\"name\":\"Cadira Malvasia - Navarro Aubanell\",\"isPartOf\":{\"@id\":\"https:\\\/\\\/www.navarroaubanell.com\\\/ca\\\/#website\"},\"primaryImageOfPage\":{\"@id\":\"https:\\\/\\\/www.navarroaubanell.com\\\/ca\\\/producte\\\/cadira-malvasia-navarroaubanell\\\/#primaryimage\"},\"image\":{\"@id\":\"https:\\\/\\\/www.navarroaubanell.com\\\/ca\\\/producte\\\/cadira-malvasia-navarroaubanell\\\/#primaryimage\"},\"thumbnailUrl\":\"https:\\\/\\\/www.navarroaubanell.com\\\/wp-content\\\/uploads\\\/2026\\\/05\\\/Silla-Malvasia-8.jpg\",\"datePublished\":\"2026-05-05T10:26:37+00:00\",\"dateModified\":\"2026-05-05T10:41:17+00:00\",\"description\":\"Cadira Malvasia d'exterior, met\u00e0l\u00b7lica, apilable i resistent. Disseny elegant i innovador, ideal per a hostaleria, terrasses i jardins.\",\"breadcrumb\":{\"@id\":\"https:\\\/\\\/www.navarroaubanell.com\\\/ca\\\/producte\\\/cadira-malvasia-navarroaubanell\\\/#breadcrumb\"},\"inLanguage\":\"ca\",\"potentialAction\":[{\"@type\":\"ReadAction\",\"target\":[\"https:\\\/\\\/www.navarroaubanell.com\\\/ca\\\/producte\\\/cadira-malvasia-navarroaubanell\\\/\"]}]},{\"@type\":\"ImageObject\",\"inLanguage\":\"ca\",\"@id\":\"https:\\\/\\\/www.navarroaubanell.com\\\/ca\\\/producte\\\/cadira-malvasia-navarroaubanell\\\/#primaryimage\",\"url\":\"https:\\\/\\\/www.navarroaubanell.com\\\/wp-content\\\/uploads\\\/2026\\\/05\\\/Silla-Malvasia-8.jpg\",\"contentUrl\":\"https:\\\/\\\/www.navarroaubanell.com\\\/wp-content\\\/uploads\\\/2026\\\/05\\\/Silla-Malvasia-8.jpg\",\"width\":850,\"height\":600,\"caption\":\"Silla Malvasia\"},{\"@type\":\"BreadcrumbList\",\"@id\":\"https:\\\/\\\/www.navarroaubanell.com\\\/ca\\\/producte\\\/cadira-malvasia-navarroaubanell\\\/#breadcrumb\",\"itemListElement\":[{\"@type\":\"ListItem\",\"position\":1,\"name\":\"Portada\",\"item\":\"https:\\\/\\\/www.navarroaubanell.com\\\/ca\\\/\"},{\"@type\":\"ListItem\",\"position\":2,\"name\":\"Productes\",\"item\":\"https:\\\/\\\/www.navarroaubanell.com\\\/productos\\\/\"},{\"@type\":\"ListItem\",\"position\":3,\"name\":\"Cadira Malvasia\"}]},{\"@type\":\"WebSite\",\"@id\":\"https:\\\/\\\/www.navarroaubanell.com\\\/ca\\\/#website\",\"url\":\"https:\\\/\\\/www.navarroaubanell.com\\\/ca\\\/\",\"name\":\"Navarro Aubanell\",\"description\":\"Mobiliario para hoteler\u00eda, colectividades y oficinas\",\"publisher\":{\"@id\":\"https:\\\/\\\/www.navarroaubanell.com\\\/ca\\\/#organization\"},\"potentialAction\":[{\"@type\":\"SearchAction\",\"target\":{\"@type\":\"EntryPoint\",\"urlTemplate\":\"https:\\\/\\\/www.navarroaubanell.com\\\/ca\\\/?s={search_term_string}\"},\"query-input\":{\"@type\":\"PropertyValueSpecification\",\"valueRequired\":true,\"valueName\":\"search_term_string\"}}],\"inLanguage\":\"ca\"},{\"@type\":\"Organization\",\"@id\":\"https:\\\/\\\/www.navarroaubanell.com\\\/ca\\\/#organization\",\"name\":\"COMERCIAL NAVARRO AUBANELL, S.A\",\"url\":\"https:\\\/\\\/www.navarroaubanell.com\\\/ca\\\/\",\"logo\":{\"@type\":\"ImageObject\",\"inLanguage\":\"ca\",\"@id\":\"https:\\\/\\\/www.navarroaubanell.com\\\/ca\\\/#\\\/schema\\\/logo\\\/image\\\/\",\"url\":\"https:\\\/\\\/www.navarroaubanell.com\\\/wp-content\\\/uploads\\\/2017\\\/07\\\/logo-navarro-aubuanell.png\",\"contentUrl\":\"https:\\\/\\\/www.navarroaubanell.com\\\/wp-content\\\/uploads\\\/2017\\\/07\\\/logo-navarro-aubuanell.png\",\"width\":6304,\"height\":1154,\"caption\":\"COMERCIAL NAVARRO AUBANELL, S.A\"},\"image\":{\"@id\":\"https:\\\/\\\/www.navarroaubanell.com\\\/ca\\\/#\\\/schema\\\/logo\\\/image\\\/\"}}]}<\/script>\n<!-- \/ Yoast SEO plugin. -->","yoast_head_json":{"title":"Cadira Malvasia - Navarro Aubanell","description":"Cadira Malvasia d'exterior, met\u00e0l\u00b7lica, apilable i resistent. Disseny elegant i innovador, ideal per a hostaleria, terrasses i jardins.","robots":{"index":"index","follow":"follow","max-snippet":"max-snippet:-1","max-image-preview":"max-image-preview:large","max-video-preview":"max-video-preview:-1"},"canonical":"https:\/\/www.navarroaubanell.com\/ca\/producte\/cadira-malvasia-navarroaubanell\/","og_locale":"ca_ES","og_type":"article","og_title":"Cadira Malvasia - Navarro Aubanell","og_description":"Cadira Malvasia d'exterior, met\u00e0l\u00b7lica, apilable i resistent. Disseny elegant i innovador, ideal per a hostaleria, terrasses i jardins.","og_url":"https:\/\/www.navarroaubanell.com\/ca\/producte\/cadira-malvasia-navarroaubanell\/","og_site_name":"Navarro Aubanell","article_modified_time":"2026-05-05T10:41:17+00:00","og_image":[{"width":850,"height":600,"url":"https:\/\/www.navarroaubanell.com\/wp-content\/uploads\/2026\/05\/Silla-Malvasia-8.jpg","type":"image\/jpeg"}],"twitter_misc":{"Est. reading time":"2 minutes"},"schema":{"@context":"https:\/\/schema.org","@graph":[{"@type":"WebPage","@id":"https:\/\/www.navarroaubanell.com\/ca\/producte\/cadira-malvasia-navarroaubanell\/","url":"https:\/\/www.navarroaubanell.com\/ca\/producte\/cadira-malvasia-navarroaubanell\/","name":"Cadira Malvasia - Navarro Aubanell","isPartOf":{"@id":"https:\/\/www.navarroaubanell.com\/ca\/#website"},"primaryImageOfPage":{"@id":"https:\/\/www.navarroaubanell.com\/ca\/producte\/cadira-malvasia-navarroaubanell\/#primaryimage"},"image":{"@id":"https:\/\/www.navarroaubanell.com\/ca\/producte\/cadira-malvasia-navarroaubanell\/#primaryimage"},"thumbnailUrl":"https:\/\/www.navarroaubanell.com\/wp-content\/uploads\/2026\/05\/Silla-Malvasia-8.jpg","datePublished":"2026-05-05T10:26:37+00:00","dateModified":"2026-05-05T10:41:17+00:00","description":"Cadira Malvasia d'exterior, met\u00e0l\u00b7lica, apilable i resistent. Disseny elegant i innovador, ideal per a hostaleria, terrasses i jardins.","breadcrumb":{"@id":"https:\/\/www.navarroaubanell.com\/ca\/producte\/cadira-malvasia-navarroaubanell\/#breadcrumb"},"inLanguage":"ca","potentialAction":[{"@type":"ReadAction","target":["https:\/\/www.navarroaubanell.com\/ca\/producte\/cadira-malvasia-navarroaubanell\/"]}]},{"@type":"ImageObject","inLanguage":"ca","@id":"https:\/\/www.navarroaubanell.com\/ca\/producte\/cadira-malvasia-navarroaubanell\/#primaryimage","url":"https:\/\/www.navarroaubanell.com\/wp-content\/uploads\/2026\/05\/Silla-Malvasia-8.jpg","contentUrl":"https:\/\/www.navarroaubanell.com\/wp-content\/uploads\/2026\/05\/Silla-Malvasia-8.jpg","width":850,"height":600,"caption":"Silla Malvasia"},{"@type":"BreadcrumbList","@id":"https:\/\/www.navarroaubanell.com\/ca\/producte\/cadira-malvasia-navarroaubanell\/#breadcrumb","itemListElement":[{"@type":"ListItem","position":1,"name":"Portada","item":"https:\/\/www.navarroaubanell.com\/ca\/"},{"@type":"ListItem","position":2,"name":"Productes","item":"https:\/\/www.navarroaubanell.com\/productos\/"},{"@type":"ListItem","position":3,"name":"Cadira Malvasia"}]},{"@type":"WebSite","@id":"https:\/\/www.navarroaubanell.com\/ca\/#website","url":"https:\/\/www.navarroaubanell.com\/ca\/","name":"Navarro Aubanell","description":"Mobiliario para hoteler\u00eda, colectividades y oficinas","publisher":{"@id":"https:\/\/www.navarroaubanell.com\/ca\/#organization"},"potentialAction":[{"@type":"SearchAction","target":{"@type":"EntryPoint","urlTemplate":"https:\/\/www.navarroaubanell.com\/ca\/?s={search_term_string}"},"query-input":{"@type":"PropertyValueSpecification","valueRequired":true,"valueName":"search_term_string"}}],"inLanguage":"ca"},{"@type":"Organization","@id":"https:\/\/www.navarroaubanell.com\/ca\/#organization","name":"COMERCIAL NAVARRO AUBANELL, S.A","url":"https:\/\/www.navarroaubanell.com\/ca\/","logo":{"@type":"ImageObject","inLanguage":"ca","@id":"https:\/\/www.navarroaubanell.com\/ca\/#\/schema\/logo\/image\/","url":"https:\/\/www.navarroaubanell.com\/wp-content\/uploads\/2017\/07\/logo-navarro-aubuanell.png","contentUrl":"https:\/\/www.navarroaubanell.com\/wp-content\/uploads\/2017\/07\/logo-navarro-aubuanell.png","width":6304,"height":1154,"caption":"COMERCIAL NAVARRO AUBANELL, S.A"},"image":{"@id":"https:\/\/www.navarroaubanell.com\/ca\/#\/schema\/logo\/image\/"}}]}},"_links":{"self":[{"href":"https:\/\/www.navarroaubanell.com\/ca\/wp-json\/wp\/v2\/product\/47221","targetHints":{"allow":["GET"]}}],"collection":[{"href":"https:\/\/www.navarroaubanell.com\/ca\/wp-json\/wp\/v2\/product"}],"about":[{"href":"https:\/\/www.navarroaubanell.com\/ca\/wp-json\/wp\/v2\/types\/product"}],"wp:featuredmedia":[{"embeddable":true,"href":"https:\/\/www.navarroaubanell.com\/ca\/wp-json\/wp\/v2\/media\/47201"}],"wp:attachment":[{"href":"https:\/\/www.navarroaubanell.com\/ca\/wp-json\/wp\/v2\/media?parent=47221"}],"wp:term":[{"taxonomy":"product_brand","embeddable":true,"href":"https:\/\/www.navarroaubanell.com\/ca\/wp-json\/wp\/v2\/product_brand?post=47221"},{"taxonomy":"product_cat","embeddable":true,"href":"https:\/\/www.navarroaubanell.com\/ca\/wp-json\/wp\/v2\/product_cat?post=47221"},{"taxonomy":"product_tag","embeddable":true,"href":"https:\/\/www.navarroaubanell.com\/ca\/wp-json\/wp\/v2\/product_tag?post=47221"}],"curies":[{"name":"wp","href":"https:\/\/api.w.org\/{rel}","templated":true}]}}