{"id":47181,"date":"2026-05-05T11:19:10","date_gmt":"2026-05-05T09:19:10","guid":{"rendered":"https:\/\/www.navarroaubanell.com\/producto\/silla-reil-navarroaubanell\/"},"modified":"2026-05-05T11:42:05","modified_gmt":"2026-05-05T09:42:05","slug":"cadira-reil-navarroaubanell","status":"publish","type":"product","link":"https:\/\/www.navarroaubanell.com\/ca\/producte\/cadira-reil-navarroaubanell\/","title":{"rendered":"Cadira Reil"},"content":{"rendered":"<h5 data-start=\"115\" data-end=\"198\">Cadira Reil per a exterior- Disseny mediterrani d&#8217;alumini; lleugera i resistent<\/h5>\n<p data-start=\"247\" data-end=\"523\">La cadira Reil reinterpreta la cl\u00e0ssica cadira d\u2019alumini, potenciant el seu disseny sense renunciar a la resist\u00e8ncia, lleugeresa i versatilitat. Amb una marcada est\u00e8tica mediterr\u00e0nia, \u00e9s l\u2019opci\u00f3 ideal per a espais exteriors, terrasses i projectes d\u2019hostaleria.<\/p>\n<p data-start=\"525\" data-end=\"802\">Fabricada amb alumini d\u2019alta qualitat i 100% reciclable, Reil garanteix durabilitat i un excel\u00b7lent comportament davant les condicions clim\u00e0tiques. La seva lleugeresa facilita l\u2019\u00fas diari, mentre que el seu disseny robust assegura un rendiment \u00f2ptim en usos intensius.<\/p>\n<p data-start=\"804\" data-end=\"957\">Disponible en diversos colors, s\u2019adapta f\u00e0cilment a diferents estils i necessitats decoratives, aportant coher\u00e8ncia i personalitat a qualsevol espai.<\/p>\n<p data-start=\"959\" data-end=\"1057\">La col\u00b7lecci\u00f3 Reil es presenta en tres versions, pensades per a diferents usos i prefer\u00e8ncies:<\/p>\n<ul data-start=\"1004\" data-end=\"1132\">\n<li data-section-id=\"10t5f76\" data-start=\"1004\" data-end=\"1037\">Seient de xapa moldeada (Reil)<\/li>\n<li data-section-id=\"15xeq4r\" data-start=\"1038\" data-end=\"1088\">Estructura amb tubs extru\u00efts d&#8217;alumini (Reil Tubes)<\/li>\n<li data-section-id=\"16dsjsw\" data-start=\"1089\" data-end=\"1132\">Versi\u00f3 amb seient de cinta teixida (Reil Stripes)<\/li>\n<\/ul>\n<p data-start=\"1134\" data-end=\"1355\">Dissenyada especialment per al sector professional, la Reil \u00e9s una opci\u00f3 perfecta per a hostaleria, ja que \u00e9s resistent, duradora, vers\u00e0til i apilable, optimitzant l\u2019espai i facilitant-ne l\u2019emmagatzematge.<\/p>\n<h6 data-start=\"1357\" data-end=\"1389\">Caracter\u00edstiques principals:<\/h6>\n<ul data-start=\"1390\" data-end=\"1624\">\n<li data-section-id=\"ji3h8t\" data-start=\"1390\" data-end=\"1423\">Cadira d&#8217;exterior d&#8217;alumini<\/li>\n<li data-section-id=\"1aafbia\" data-start=\"1424\" data-end=\"1468\">Disseny mediterrani, modern i funcional<\/li>\n<li data-section-id=\"1t5dy3l\" data-start=\"1469\" data-end=\"1504\">Lleugera, resistent i reciclable<\/li>\n<li data-section-id=\"jlc6xx\" data-start=\"1505\" data-end=\"1546\">Apta per a \u00fas intensiu en hostaleria<\/li>\n<li data-section-id=\"18zxms4\" data-start=\"1547\" data-end=\"1590\">Disponible en diversos colors i acabats<\/li>\n<li data-section-id=\"a3vwad\" data-start=\"1591\" data-end=\"1624\">Apilable i f\u00e0cil d&#8217;emmagatzemar<\/li>\n<\/ul>\n","protected":false},"excerpt":{"rendered":"<p>Cadira Reil per a exterior- Disseny mediterrani d&#8217;alumini; lleugera i resistent La cadira Reil reinterpreta la cl\u00e0ssica cadira d\u2019alumini, potenciant el seu disseny sense renunciar a la resist\u00e8ncia, lleugeresa i versatilitat. Amb una marcada est\u00e8tica mediterr\u00e0nia, \u00e9s l\u2019opci\u00f3 ideal per a espais exteriors, terrasses i projectes d\u2019hostaleria. Fabricada amb alumini d\u2019alta qualitat i 100% reciclable,&hellip;<\/p>\n","protected":false},"featured_media":47165,"template":"","meta":{"_acf_changed":false},"product_brand":[],"product_cat":[572,563,1229],"product_tag":[992,863,640],"class_list":{"0":"post-47181","1":"product","2":"type-product","3":"status-publish","4":"has-post-thumbnail","6":"product_cat-cadires-exterior","7":"product_cat-exterior-ca","8":"product_cat-novetats","9":"product_tag-aluminio-ca","10":"product_tag-cadira","11":"product_tag-exterior-ca","12":"description-off","14":"first","15":"instock","16":"shipping-taxable","17":"product-type-simple"},"acf":[],"yoast_head":"<!-- This site is optimized with the Yoast SEO plugin v27.5 - https:\/\/yoast.com\/product\/yoast-seo-wordpress\/ -->\n<title>Cadira Reil - Navarro Aubanell<\/title>\n<meta name=\"description\" content=\"Cadira Reil d&#039;alumini per a exterior, lleugera, resistent i apilable. Disseny meditarrani ideal per a hostaleria, terrasses i jardins.\" \/>\n<meta name=\"robots\" content=\"index, follow, max-snippet:-1, max-image-preview:large, max-video-preview:-1\" \/>\n<link rel=\"canonical\" href=\"https:\/\/www.navarroaubanell.com\/ca\/producte\/cadira-reil-navarroaubanell\/\" \/>\n<meta property=\"og:locale\" content=\"ca_ES\" \/>\n<meta property=\"og:type\" content=\"article\" \/>\n<meta property=\"og:title\" content=\"Cadira Reil - Navarro Aubanell\" \/>\n<meta property=\"og:description\" content=\"Cadira Reil d&#039;alumini per a exterior, lleugera, resistent i apilable. Disseny meditarrani ideal per a hostaleria, terrasses i jardins.\" \/>\n<meta property=\"og:url\" content=\"https:\/\/www.navarroaubanell.com\/ca\/producte\/cadira-reil-navarroaubanell\/\" \/>\n<meta property=\"og:site_name\" content=\"Navarro Aubanell\" \/>\n<meta property=\"article:modified_time\" content=\"2026-05-05T09:42:05+00:00\" \/>\n<meta property=\"og:image\" content=\"https:\/\/www.navarroaubanell.com\/wp-content\/uploads\/2026\/05\/Silla-Reil-7.jpg\" \/>\n\t<meta property=\"og:image:width\" content=\"850\" \/>\n\t<meta property=\"og:image:height\" content=\"600\" \/>\n\t<meta property=\"og:image:type\" content=\"image\/jpeg\" \/>\n<meta name=\"twitter:label1\" content=\"Est. reading time\" \/>\n\t<meta name=\"twitter:data1\" content=\"2 minutes\" \/>\n<script type=\"application\/ld+json\" class=\"yoast-schema-graph\">{\"@context\":\"https:\\\/\\\/schema.org\",\"@graph\":[{\"@type\":\"WebPage\",\"@id\":\"https:\\\/\\\/www.navarroaubanell.com\\\/ca\\\/producte\\\/cadira-reil-navarroaubanell\\\/\",\"url\":\"https:\\\/\\\/www.navarroaubanell.com\\\/ca\\\/producte\\\/cadira-reil-navarroaubanell\\\/\",\"name\":\"Cadira Reil - Navarro Aubanell\",\"isPartOf\":{\"@id\":\"https:\\\/\\\/www.navarroaubanell.com\\\/ca\\\/#website\"},\"primaryImageOfPage\":{\"@id\":\"https:\\\/\\\/www.navarroaubanell.com\\\/ca\\\/producte\\\/cadira-reil-navarroaubanell\\\/#primaryimage\"},\"image\":{\"@id\":\"https:\\\/\\\/www.navarroaubanell.com\\\/ca\\\/producte\\\/cadira-reil-navarroaubanell\\\/#primaryimage\"},\"thumbnailUrl\":\"https:\\\/\\\/www.navarroaubanell.com\\\/wp-content\\\/uploads\\\/2026\\\/05\\\/Silla-Reil-7.jpg\",\"datePublished\":\"2026-05-05T09:19:10+00:00\",\"dateModified\":\"2026-05-05T09:42:05+00:00\",\"description\":\"Cadira Reil d'alumini per a exterior, lleugera, resistent i apilable. Disseny meditarrani ideal per a hostaleria, terrasses i jardins.\",\"breadcrumb\":{\"@id\":\"https:\\\/\\\/www.navarroaubanell.com\\\/ca\\\/producte\\\/cadira-reil-navarroaubanell\\\/#breadcrumb\"},\"inLanguage\":\"ca\",\"potentialAction\":[{\"@type\":\"ReadAction\",\"target\":[\"https:\\\/\\\/www.navarroaubanell.com\\\/ca\\\/producte\\\/cadira-reil-navarroaubanell\\\/\"]}]},{\"@type\":\"ImageObject\",\"inLanguage\":\"ca\",\"@id\":\"https:\\\/\\\/www.navarroaubanell.com\\\/ca\\\/producte\\\/cadira-reil-navarroaubanell\\\/#primaryimage\",\"url\":\"https:\\\/\\\/www.navarroaubanell.com\\\/wp-content\\\/uploads\\\/2026\\\/05\\\/Silla-Reil-7.jpg\",\"contentUrl\":\"https:\\\/\\\/www.navarroaubanell.com\\\/wp-content\\\/uploads\\\/2026\\\/05\\\/Silla-Reil-7.jpg\",\"width\":850,\"height\":600,\"caption\":\"Cadira Reil\"},{\"@type\":\"BreadcrumbList\",\"@id\":\"https:\\\/\\\/www.navarroaubanell.com\\\/ca\\\/producte\\\/cadira-reil-navarroaubanell\\\/#breadcrumb\",\"itemListElement\":[{\"@type\":\"ListItem\",\"position\":1,\"name\":\"Portada\",\"item\":\"https:\\\/\\\/www.navarroaubanell.com\\\/ca\\\/\"},{\"@type\":\"ListItem\",\"position\":2,\"name\":\"Productes\",\"item\":\"https:\\\/\\\/www.navarroaubanell.com\\\/productos\\\/\"},{\"@type\":\"ListItem\",\"position\":3,\"name\":\"Cadira Reil\"}]},{\"@type\":\"WebSite\",\"@id\":\"https:\\\/\\\/www.navarroaubanell.com\\\/ca\\\/#website\",\"url\":\"https:\\\/\\\/www.navarroaubanell.com\\\/ca\\\/\",\"name\":\"Navarro Aubanell\",\"description\":\"Mobiliario para hoteler\u00eda, colectividades y oficinas\",\"publisher\":{\"@id\":\"https:\\\/\\\/www.navarroaubanell.com\\\/ca\\\/#organization\"},\"potentialAction\":[{\"@type\":\"SearchAction\",\"target\":{\"@type\":\"EntryPoint\",\"urlTemplate\":\"https:\\\/\\\/www.navarroaubanell.com\\\/ca\\\/?s={search_term_string}\"},\"query-input\":{\"@type\":\"PropertyValueSpecification\",\"valueRequired\":true,\"valueName\":\"search_term_string\"}}],\"inLanguage\":\"ca\"},{\"@type\":\"Organization\",\"@id\":\"https:\\\/\\\/www.navarroaubanell.com\\\/ca\\\/#organization\",\"name\":\"COMERCIAL NAVARRO AUBANELL, S.A\",\"url\":\"https:\\\/\\\/www.navarroaubanell.com\\\/ca\\\/\",\"logo\":{\"@type\":\"ImageObject\",\"inLanguage\":\"ca\",\"@id\":\"https:\\\/\\\/www.navarroaubanell.com\\\/ca\\\/#\\\/schema\\\/logo\\\/image\\\/\",\"url\":\"https:\\\/\\\/www.navarroaubanell.com\\\/wp-content\\\/uploads\\\/2017\\\/07\\\/logo-navarro-aubuanell.png\",\"contentUrl\":\"https:\\\/\\\/www.navarroaubanell.com\\\/wp-content\\\/uploads\\\/2017\\\/07\\\/logo-navarro-aubuanell.png\",\"width\":6304,\"height\":1154,\"caption\":\"COMERCIAL NAVARRO AUBANELL, S.A\"},\"image\":{\"@id\":\"https:\\\/\\\/www.navarroaubanell.com\\\/ca\\\/#\\\/schema\\\/logo\\\/image\\\/\"}}]}<\/script>\n<!-- \/ Yoast SEO plugin. -->","yoast_head_json":{"title":"Cadira Reil - Navarro Aubanell","description":"Cadira Reil d'alumini per a exterior, lleugera, resistent i apilable. Disseny meditarrani ideal per a hostaleria, terrasses i jardins.","robots":{"index":"index","follow":"follow","max-snippet":"max-snippet:-1","max-image-preview":"max-image-preview:large","max-video-preview":"max-video-preview:-1"},"canonical":"https:\/\/www.navarroaubanell.com\/ca\/producte\/cadira-reil-navarroaubanell\/","og_locale":"ca_ES","og_type":"article","og_title":"Cadira Reil - Navarro Aubanell","og_description":"Cadira Reil d'alumini per a exterior, lleugera, resistent i apilable. Disseny meditarrani ideal per a hostaleria, terrasses i jardins.","og_url":"https:\/\/www.navarroaubanell.com\/ca\/producte\/cadira-reil-navarroaubanell\/","og_site_name":"Navarro Aubanell","article_modified_time":"2026-05-05T09:42:05+00:00","og_image":[{"width":850,"height":600,"url":"https:\/\/www.navarroaubanell.com\/wp-content\/uploads\/2026\/05\/Silla-Reil-7.jpg","type":"image\/jpeg"}],"twitter_misc":{"Est. reading time":"2 minutes"},"schema":{"@context":"https:\/\/schema.org","@graph":[{"@type":"WebPage","@id":"https:\/\/www.navarroaubanell.com\/ca\/producte\/cadira-reil-navarroaubanell\/","url":"https:\/\/www.navarroaubanell.com\/ca\/producte\/cadira-reil-navarroaubanell\/","name":"Cadira Reil - Navarro Aubanell","isPartOf":{"@id":"https:\/\/www.navarroaubanell.com\/ca\/#website"},"primaryImageOfPage":{"@id":"https:\/\/www.navarroaubanell.com\/ca\/producte\/cadira-reil-navarroaubanell\/#primaryimage"},"image":{"@id":"https:\/\/www.navarroaubanell.com\/ca\/producte\/cadira-reil-navarroaubanell\/#primaryimage"},"thumbnailUrl":"https:\/\/www.navarroaubanell.com\/wp-content\/uploads\/2026\/05\/Silla-Reil-7.jpg","datePublished":"2026-05-05T09:19:10+00:00","dateModified":"2026-05-05T09:42:05+00:00","description":"Cadira Reil d'alumini per a exterior, lleugera, resistent i apilable. Disseny meditarrani ideal per a hostaleria, terrasses i jardins.","breadcrumb":{"@id":"https:\/\/www.navarroaubanell.com\/ca\/producte\/cadira-reil-navarroaubanell\/#breadcrumb"},"inLanguage":"ca","potentialAction":[{"@type":"ReadAction","target":["https:\/\/www.navarroaubanell.com\/ca\/producte\/cadira-reil-navarroaubanell\/"]}]},{"@type":"ImageObject","inLanguage":"ca","@id":"https:\/\/www.navarroaubanell.com\/ca\/producte\/cadira-reil-navarroaubanell\/#primaryimage","url":"https:\/\/www.navarroaubanell.com\/wp-content\/uploads\/2026\/05\/Silla-Reil-7.jpg","contentUrl":"https:\/\/www.navarroaubanell.com\/wp-content\/uploads\/2026\/05\/Silla-Reil-7.jpg","width":850,"height":600,"caption":"Cadira Reil"},{"@type":"BreadcrumbList","@id":"https:\/\/www.navarroaubanell.com\/ca\/producte\/cadira-reil-navarroaubanell\/#breadcrumb","itemListElement":[{"@type":"ListItem","position":1,"name":"Portada","item":"https:\/\/www.navarroaubanell.com\/ca\/"},{"@type":"ListItem","position":2,"name":"Productes","item":"https:\/\/www.navarroaubanell.com\/productos\/"},{"@type":"ListItem","position":3,"name":"Cadira Reil"}]},{"@type":"WebSite","@id":"https:\/\/www.navarroaubanell.com\/ca\/#website","url":"https:\/\/www.navarroaubanell.com\/ca\/","name":"Navarro Aubanell","description":"Mobiliario para hoteler\u00eda, colectividades y oficinas","publisher":{"@id":"https:\/\/www.navarroaubanell.com\/ca\/#organization"},"potentialAction":[{"@type":"SearchAction","target":{"@type":"EntryPoint","urlTemplate":"https:\/\/www.navarroaubanell.com\/ca\/?s={search_term_string}"},"query-input":{"@type":"PropertyValueSpecification","valueRequired":true,"valueName":"search_term_string"}}],"inLanguage":"ca"},{"@type":"Organization","@id":"https:\/\/www.navarroaubanell.com\/ca\/#organization","name":"COMERCIAL NAVARRO AUBANELL, S.A","url":"https:\/\/www.navarroaubanell.com\/ca\/","logo":{"@type":"ImageObject","inLanguage":"ca","@id":"https:\/\/www.navarroaubanell.com\/ca\/#\/schema\/logo\/image\/","url":"https:\/\/www.navarroaubanell.com\/wp-content\/uploads\/2017\/07\/logo-navarro-aubuanell.png","contentUrl":"https:\/\/www.navarroaubanell.com\/wp-content\/uploads\/2017\/07\/logo-navarro-aubuanell.png","width":6304,"height":1154,"caption":"COMERCIAL NAVARRO AUBANELL, S.A"},"image":{"@id":"https:\/\/www.navarroaubanell.com\/ca\/#\/schema\/logo\/image\/"}}]}},"_links":{"self":[{"href":"https:\/\/www.navarroaubanell.com\/ca\/wp-json\/wp\/v2\/product\/47181","targetHints":{"allow":["GET"]}}],"collection":[{"href":"https:\/\/www.navarroaubanell.com\/ca\/wp-json\/wp\/v2\/product"}],"about":[{"href":"https:\/\/www.navarroaubanell.com\/ca\/wp-json\/wp\/v2\/types\/product"}],"wp:featuredmedia":[{"embeddable":true,"href":"https:\/\/www.navarroaubanell.com\/ca\/wp-json\/wp\/v2\/media\/47165"}],"wp:attachment":[{"href":"https:\/\/www.navarroaubanell.com\/ca\/wp-json\/wp\/v2\/media?parent=47181"}],"wp:term":[{"taxonomy":"product_brand","embeddable":true,"href":"https:\/\/www.navarroaubanell.com\/ca\/wp-json\/wp\/v2\/product_brand?post=47181"},{"taxonomy":"product_cat","embeddable":true,"href":"https:\/\/www.navarroaubanell.com\/ca\/wp-json\/wp\/v2\/product_cat?post=47181"},{"taxonomy":"product_tag","embeddable":true,"href":"https:\/\/www.navarroaubanell.com\/ca\/wp-json\/wp\/v2\/product_tag?post=47181"}],"curies":[{"name":"wp","href":"https:\/\/api.w.org\/{rel}","templated":true}]}}