{"id":47009,"date":"2025-07-29T16:59:38","date_gmt":"2025-07-29T14:59:38","guid":{"rendered":"https:\/\/www.navarroaubanell.com\/producto\/lounge-griante-pedrali-navarro-aubanell\/"},"modified":"2025-07-29T17:07:18","modified_gmt":"2025-07-29T15:07:18","slug":"lounge-griante-pedrali-navarro-aubanell","status":"publish","type":"product","link":"https:\/\/www.navarroaubanell.com\/ca\/producte\/lounge-griante-pedrali-navarro-aubanell\/","title":{"rendered":"Lounge Griante"},"content":{"rendered":"<h5 data-section-id=\"6rk6za\" data-start=\"169\" data-end=\"253\">Lounge Griante: disseny artesanal, relax contemporani i estructura sostenible<\/h5>\n<p data-start=\"315\" data-end=\"642\">El Lounge Griante \u00e9s una reinterpretaci\u00f3 moderna del cl\u00e0ssic seient trenat, dissenyada per a oferir una experi\u00e8ncia de relaxaci\u00f3 profunda amb un toc artesanal. Fusi\u00f3 de tradici\u00f3 italiana i producci\u00f3 industrial aquesta pe\u00e7a est\u00e0 pensada per a enriquir interiors tranquils.<\/p>\n<h6 data-section-id=\"ofqriv\" data-start=\"644\" data-end=\"705\">Fusta de freixe FSC<\/h6>\n<p data-start=\"707\" data-end=\"977\">Fabricat amb freixe mass\u00eds certificat FSC, Griante aposta per la sostenibilitat sense renunciar a l&#8217;eleg\u00e0ncia. Les seves potes tornejades i la seva estructura lateral d&#8217;alumini aporten fermesa i estabilitat, creant una base s\u00f2lida per al descans diari.<\/p>\n<h6 data-section-id=\"1vuyvm0\" data-start=\"979\" data-end=\"1037\">Seient trenat a m\u00e0 amb materials reciclables<\/h6>\n<p data-start=\"1039\" data-end=\"1246\">El seient trenat a m\u00e0 a It\u00e0lia amb una cinta de fil de polipropil\u00e8 de textura tridimensional, un material reciclable, desmuntable i c\u00f2mode que eleva la sensaci\u00f3 de benestar i confort.<\/p>\n<h6 data-section-id=\"1p7gc0l\" data-start=\"1248\" data-end=\"1298\">Est\u00e8tica vers\u00e0til per a ambients relaxats<\/h6>\n<p data-start=\"1300\" data-end=\"1544\">Disponible en una variada gamma de colors, el Lounge s&#8217;adapta a diferents estils decoratius. Els seus tacs protectors prolonguen la seva vida \u00fatil, convertint aquesta pe\u00e7a en una elecci\u00f3 per a interiors on el relax \u00e9s prioritat.<\/p>\n","protected":false},"excerpt":{"rendered":"<p>Lounge Griante: disseny artesanal, relax contemporani i estructura sostenible El Lounge Griante \u00e9s una reinterpretaci\u00f3 moderna del cl\u00e0ssic seient trenat, dissenyada per a oferir una experi\u00e8ncia de relaxaci\u00f3 profunda amb un toc artesanal. Fusi\u00f3 de tradici\u00f3 italiana i producci\u00f3 industrial aquesta pe\u00e7a est\u00e0 pensada per a enriquir interiors tranquils. Fusta de freixe FSC Fabricat amb&hellip;<\/p>\n","protected":false},"featured_media":47001,"template":"","meta":{"_acf_changed":false},"product_brand":[],"product_cat":[528,525],"product_tag":[1594,664,1216,1516],"class_list":{"0":"post-47009","1":"product","2":"type-product","3":"status-publish","4":"has-post-thumbnail","6":"product_cat-butaques","7":"product_cat-interior","8":"product_tag-fresno-ca","9":"product_tag-interior-ca","10":"product_tag-lounge-ca","11":"product_tag-reciclable","12":"description-off","14":"first","15":"instock","16":"shipping-taxable","17":"product-type-simple"},"acf":[],"yoast_head":"<!-- This site is optimized with the Yoast SEO plugin v27.0 - https:\/\/yoast.com\/product\/yoast-seo-wordpress\/ -->\n<title>Lounge Griante - Navarro Aubanell<\/title>\n<meta name=\"description\" content=\"Lounge Griante: disseny trenat artesanal, fusta de freixe i confort relaxant. Ideal per a interiors tranquils i espais dedicats al descans.\" \/>\n<meta name=\"robots\" content=\"index, follow, max-snippet:-1, max-image-preview:large, max-video-preview:-1\" \/>\n<link rel=\"canonical\" href=\"https:\/\/www.navarroaubanell.com\/ca\/producte\/lounge-griante-pedrali-navarro-aubanell\/\" \/>\n<meta property=\"og:locale\" content=\"ca_ES\" \/>\n<meta property=\"og:type\" content=\"article\" \/>\n<meta property=\"og:title\" content=\"Lounge Griante - Navarro Aubanell\" \/>\n<meta property=\"og:description\" content=\"Lounge Griante: disseny trenat artesanal, fusta de freixe i confort relaxant. Ideal per a interiors tranquils i espais dedicats al descans.\" \/>\n<meta property=\"og:url\" content=\"https:\/\/www.navarroaubanell.com\/ca\/producte\/lounge-griante-pedrali-navarro-aubanell\/\" \/>\n<meta property=\"og:site_name\" content=\"Navarro Aubanell\" \/>\n<meta property=\"article:modified_time\" content=\"2025-07-29T15:07:18+00:00\" \/>\n<meta property=\"og:image\" content=\"https:\/\/www.navarroaubanell.com\/wp-content\/uploads\/2025\/07\/Griante-3795_FR-BE2_low-Photoroom.png\" \/>\n\t<meta property=\"og:image:width\" content=\"800\" \/>\n\t<meta property=\"og:image:height\" content=\"650\" \/>\n\t<meta property=\"og:image:type\" content=\"image\/png\" \/>\n<meta name=\"twitter:label1\" content=\"Est. reading time\" \/>\n\t<meta name=\"twitter:data1\" content=\"1 minute\" \/>\n<script type=\"application\/ld+json\" class=\"yoast-schema-graph\">{\"@context\":\"https:\/\/schema.org\",\"@graph\":[{\"@type\":\"WebPage\",\"@id\":\"https:\/\/www.navarroaubanell.com\/ca\/producte\/lounge-griante-pedrali-navarro-aubanell\/\",\"url\":\"https:\/\/www.navarroaubanell.com\/ca\/producte\/lounge-griante-pedrali-navarro-aubanell\/\",\"name\":\"Lounge Griante - Navarro Aubanell\",\"isPartOf\":{\"@id\":\"https:\/\/www.navarroaubanell.com\/ca\/#website\"},\"primaryImageOfPage\":{\"@id\":\"https:\/\/www.navarroaubanell.com\/ca\/producte\/lounge-griante-pedrali-navarro-aubanell\/#primaryimage\"},\"image\":{\"@id\":\"https:\/\/www.navarroaubanell.com\/ca\/producte\/lounge-griante-pedrali-navarro-aubanell\/#primaryimage\"},\"thumbnailUrl\":\"https:\/\/www.navarroaubanell.com\/wp-content\/uploads\/2025\/07\/Griante-3795_FR-BE2_low-Photoroom.png\",\"datePublished\":\"2025-07-29T14:59:38+00:00\",\"dateModified\":\"2025-07-29T15:07:18+00:00\",\"description\":\"Lounge Griante: disseny trenat artesanal, fusta de freixe i confort relaxant. Ideal per a interiors tranquils i espais dedicats al descans.\",\"breadcrumb\":{\"@id\":\"https:\/\/www.navarroaubanell.com\/ca\/producte\/lounge-griante-pedrali-navarro-aubanell\/#breadcrumb\"},\"inLanguage\":\"ca\",\"potentialAction\":[{\"@type\":\"ReadAction\",\"target\":[\"https:\/\/www.navarroaubanell.com\/ca\/producte\/lounge-griante-pedrali-navarro-aubanell\/\"]}]},{\"@type\":\"ImageObject\",\"inLanguage\":\"ca\",\"@id\":\"https:\/\/www.navarroaubanell.com\/ca\/producte\/lounge-griante-pedrali-navarro-aubanell\/#primaryimage\",\"url\":\"https:\/\/www.navarroaubanell.com\/wp-content\/uploads\/2025\/07\/Griante-3795_FR-BE2_low-Photoroom.png\",\"contentUrl\":\"https:\/\/www.navarroaubanell.com\/wp-content\/uploads\/2025\/07\/Griante-3795_FR-BE2_low-Photoroom.png\",\"width\":800,\"height\":650,\"caption\":\"Lounge Griante\"},{\"@type\":\"BreadcrumbList\",\"@id\":\"https:\/\/www.navarroaubanell.com\/ca\/producte\/lounge-griante-pedrali-navarro-aubanell\/#breadcrumb\",\"itemListElement\":[{\"@type\":\"ListItem\",\"position\":1,\"name\":\"Portada\",\"item\":\"https:\/\/www.navarroaubanell.com\/ca\/\"},{\"@type\":\"ListItem\",\"position\":2,\"name\":\"Productes\",\"item\":\"https:\/\/www.navarroaubanell.com\/productos\/\"},{\"@type\":\"ListItem\",\"position\":3,\"name\":\"Lounge Griante\"}]},{\"@type\":\"WebSite\",\"@id\":\"https:\/\/www.navarroaubanell.com\/ca\/#website\",\"url\":\"https:\/\/www.navarroaubanell.com\/ca\/\",\"name\":\"Navarro Aubanell\",\"description\":\"Mobiliario para hoteler\u00eda, colectividades y oficinas\",\"publisher\":{\"@id\":\"https:\/\/www.navarroaubanell.com\/ca\/#organization\"},\"potentialAction\":[{\"@type\":\"SearchAction\",\"target\":{\"@type\":\"EntryPoint\",\"urlTemplate\":\"https:\/\/www.navarroaubanell.com\/ca\/?s={search_term_string}\"},\"query-input\":{\"@type\":\"PropertyValueSpecification\",\"valueRequired\":true,\"valueName\":\"search_term_string\"}}],\"inLanguage\":\"ca\"},{\"@type\":\"Organization\",\"@id\":\"https:\/\/www.navarroaubanell.com\/ca\/#organization\",\"name\":\"COMERCIAL NAVARRO AUBANELL, S.A\",\"url\":\"https:\/\/www.navarroaubanell.com\/ca\/\",\"logo\":{\"@type\":\"ImageObject\",\"inLanguage\":\"ca\",\"@id\":\"https:\/\/www.navarroaubanell.com\/ca\/#\/schema\/logo\/image\/\",\"url\":\"https:\/\/www.navarroaubanell.com\/wp-content\/uploads\/2017\/07\/logo-navarro-aubuanell.png\",\"contentUrl\":\"https:\/\/www.navarroaubanell.com\/wp-content\/uploads\/2017\/07\/logo-navarro-aubuanell.png\",\"width\":6304,\"height\":1154,\"caption\":\"COMERCIAL NAVARRO AUBANELL, S.A\"},\"image\":{\"@id\":\"https:\/\/www.navarroaubanell.com\/ca\/#\/schema\/logo\/image\/\"}}]}<\/script>\n<!-- \/ Yoast SEO plugin. -->","yoast_head_json":{"title":"Lounge Griante - Navarro Aubanell","description":"Lounge Griante: disseny trenat artesanal, fusta de freixe i confort relaxant. Ideal per a interiors tranquils i espais dedicats al descans.","robots":{"index":"index","follow":"follow","max-snippet":"max-snippet:-1","max-image-preview":"max-image-preview:large","max-video-preview":"max-video-preview:-1"},"canonical":"https:\/\/www.navarroaubanell.com\/ca\/producte\/lounge-griante-pedrali-navarro-aubanell\/","og_locale":"ca_ES","og_type":"article","og_title":"Lounge Griante - Navarro Aubanell","og_description":"Lounge Griante: disseny trenat artesanal, fusta de freixe i confort relaxant. Ideal per a interiors tranquils i espais dedicats al descans.","og_url":"https:\/\/www.navarroaubanell.com\/ca\/producte\/lounge-griante-pedrali-navarro-aubanell\/","og_site_name":"Navarro Aubanell","article_modified_time":"2025-07-29T15:07:18+00:00","og_image":[{"width":800,"height":650,"url":"https:\/\/www.navarroaubanell.com\/wp-content\/uploads\/2025\/07\/Griante-3795_FR-BE2_low-Photoroom.png","type":"image\/png"}],"twitter_misc":{"Est. reading time":"1 minute"},"schema":{"@context":"https:\/\/schema.org","@graph":[{"@type":"WebPage","@id":"https:\/\/www.navarroaubanell.com\/ca\/producte\/lounge-griante-pedrali-navarro-aubanell\/","url":"https:\/\/www.navarroaubanell.com\/ca\/producte\/lounge-griante-pedrali-navarro-aubanell\/","name":"Lounge Griante - Navarro Aubanell","isPartOf":{"@id":"https:\/\/www.navarroaubanell.com\/ca\/#website"},"primaryImageOfPage":{"@id":"https:\/\/www.navarroaubanell.com\/ca\/producte\/lounge-griante-pedrali-navarro-aubanell\/#primaryimage"},"image":{"@id":"https:\/\/www.navarroaubanell.com\/ca\/producte\/lounge-griante-pedrali-navarro-aubanell\/#primaryimage"},"thumbnailUrl":"https:\/\/www.navarroaubanell.com\/wp-content\/uploads\/2025\/07\/Griante-3795_FR-BE2_low-Photoroom.png","datePublished":"2025-07-29T14:59:38+00:00","dateModified":"2025-07-29T15:07:18+00:00","description":"Lounge Griante: disseny trenat artesanal, fusta de freixe i confort relaxant. Ideal per a interiors tranquils i espais dedicats al descans.","breadcrumb":{"@id":"https:\/\/www.navarroaubanell.com\/ca\/producte\/lounge-griante-pedrali-navarro-aubanell\/#breadcrumb"},"inLanguage":"ca","potentialAction":[{"@type":"ReadAction","target":["https:\/\/www.navarroaubanell.com\/ca\/producte\/lounge-griante-pedrali-navarro-aubanell\/"]}]},{"@type":"ImageObject","inLanguage":"ca","@id":"https:\/\/www.navarroaubanell.com\/ca\/producte\/lounge-griante-pedrali-navarro-aubanell\/#primaryimage","url":"https:\/\/www.navarroaubanell.com\/wp-content\/uploads\/2025\/07\/Griante-3795_FR-BE2_low-Photoroom.png","contentUrl":"https:\/\/www.navarroaubanell.com\/wp-content\/uploads\/2025\/07\/Griante-3795_FR-BE2_low-Photoroom.png","width":800,"height":650,"caption":"Lounge Griante"},{"@type":"BreadcrumbList","@id":"https:\/\/www.navarroaubanell.com\/ca\/producte\/lounge-griante-pedrali-navarro-aubanell\/#breadcrumb","itemListElement":[{"@type":"ListItem","position":1,"name":"Portada","item":"https:\/\/www.navarroaubanell.com\/ca\/"},{"@type":"ListItem","position":2,"name":"Productes","item":"https:\/\/www.navarroaubanell.com\/productos\/"},{"@type":"ListItem","position":3,"name":"Lounge Griante"}]},{"@type":"WebSite","@id":"https:\/\/www.navarroaubanell.com\/ca\/#website","url":"https:\/\/www.navarroaubanell.com\/ca\/","name":"Navarro Aubanell","description":"Mobiliario para hoteler\u00eda, colectividades y oficinas","publisher":{"@id":"https:\/\/www.navarroaubanell.com\/ca\/#organization"},"potentialAction":[{"@type":"SearchAction","target":{"@type":"EntryPoint","urlTemplate":"https:\/\/www.navarroaubanell.com\/ca\/?s={search_term_string}"},"query-input":{"@type":"PropertyValueSpecification","valueRequired":true,"valueName":"search_term_string"}}],"inLanguage":"ca"},{"@type":"Organization","@id":"https:\/\/www.navarroaubanell.com\/ca\/#organization","name":"COMERCIAL NAVARRO AUBANELL, S.A","url":"https:\/\/www.navarroaubanell.com\/ca\/","logo":{"@type":"ImageObject","inLanguage":"ca","@id":"https:\/\/www.navarroaubanell.com\/ca\/#\/schema\/logo\/image\/","url":"https:\/\/www.navarroaubanell.com\/wp-content\/uploads\/2017\/07\/logo-navarro-aubuanell.png","contentUrl":"https:\/\/www.navarroaubanell.com\/wp-content\/uploads\/2017\/07\/logo-navarro-aubuanell.png","width":6304,"height":1154,"caption":"COMERCIAL NAVARRO AUBANELL, S.A"},"image":{"@id":"https:\/\/www.navarroaubanell.com\/ca\/#\/schema\/logo\/image\/"}}]}},"_links":{"self":[{"href":"https:\/\/www.navarroaubanell.com\/ca\/wp-json\/wp\/v2\/product\/47009","targetHints":{"allow":["GET"]}}],"collection":[{"href":"https:\/\/www.navarroaubanell.com\/ca\/wp-json\/wp\/v2\/product"}],"about":[{"href":"https:\/\/www.navarroaubanell.com\/ca\/wp-json\/wp\/v2\/types\/product"}],"wp:featuredmedia":[{"embeddable":true,"href":"https:\/\/www.navarroaubanell.com\/ca\/wp-json\/wp\/v2\/media\/47001"}],"wp:attachment":[{"href":"https:\/\/www.navarroaubanell.com\/ca\/wp-json\/wp\/v2\/media?parent=47009"}],"wp:term":[{"taxonomy":"product_brand","embeddable":true,"href":"https:\/\/www.navarroaubanell.com\/ca\/wp-json\/wp\/v2\/product_brand?post=47009"},{"taxonomy":"product_cat","embeddable":true,"href":"https:\/\/www.navarroaubanell.com\/ca\/wp-json\/wp\/v2\/product_cat?post=47009"},{"taxonomy":"product_tag","embeddable":true,"href":"https:\/\/www.navarroaubanell.com\/ca\/wp-json\/wp\/v2\/product_tag?post=47009"}],"curies":[{"name":"wp","href":"https:\/\/api.w.org\/{rel}","templated":true}]}}