{"id":46960,"date":"2025-07-29T09:42:04","date_gmt":"2025-07-29T07:42:04","guid":{"rendered":"https:\/\/www.navarroaubanell.com\/producto\/lounge-coney-pedrali-navarroaubanell\/"},"modified":"2025-07-29T09:54:57","modified_gmt":"2025-07-29T07:54:57","slug":"lounge-coney-pedrali-navarroaubanell","status":"publish","type":"product","link":"https:\/\/www.navarroaubanell.com\/ca\/producte\/lounge-coney-pedrali-navarroaubanell\/","title":{"rendered":"Lounge Coney"},"content":{"rendered":"<h5 data-section-id=\"1efgi8a\" data-start=\"193\" data-end=\"273\">Lounge Coney: confort urb\u00e0 amb car\u00e0cter gr\u00e0fic i estructura resistent<\/h5>\n<p data-start=\"275\" data-end=\"631\">El Lounge Coney \u00e9s una pe\u00e7a pensada per als qui busquen un equilibri perfecte entre relax, estil i durabilitat. El seu disseny amb un fort impacte visual el converteix en l&#8217;aliat ideal per a zones de descans, \u00e0rees chill-out i espais urbans dedicats al benestar.<\/p>\n<h6 data-section-id=\"lrsha7\" data-start=\"633\" data-end=\"694\">Disseny robust i ergon\u00f2mic per a moments de descans<\/h6>\n<p data-start=\"696\" data-end=\"1013\">Fabricat en una sola pe\u00e7a, el Lounge Coney compta amb una estructura de tub d&#8217;acer corbat que garanteix solidesa i estabilitat. La seva forma acollidora i disseny ergon\u00f2mic proporcionen una experi\u00e8ncia c\u00f2moda i relaxada, perfecta per a entorns d&#8217;exterior i interior on el descans \u00e9s el protagonista.<\/p>\n<h6 data-section-id=\"yof087\" data-start=\"1015\" data-end=\"1063\">Est\u00e8tica gr\u00e0fica que marca la difer\u00e8ncia<\/h6>\n<p data-start=\"1065\" data-end=\"1350\">El respatller de xapa perfilada, amb llistons verticals, creen un atractiu contrast amb els llistons horitzontals del seient, generant un efecte visual distintiu i modern. La seva pres\u00e8ncia aporta car\u00e0cter i personalitat a qualsevol ambient de relax contemporani.<\/p>\n<h6 data-section-id=\"yj9dbf\" data-start=\"1352\" data-end=\"1408\">Gamma de colors i opci\u00f3 de coix\u00ed extra<\/h6>\n<p data-start=\"1410\" data-end=\"1762\">Disponible en una \u00e0mplia gamma de varietat de colors, el Lounge Coney s&#8217;adapta amb facilitat a diferents estils i ambients. A m\u00e9s, pot complementar-se amb un coix\u00ed addicional per a major confort. \u00c9s apilable, resistent i t\u00e9 uns tacs protectors que prolonguen la seva vida \u00fatil.<\/p>\n","protected":false},"excerpt":{"rendered":"<p>Lounge Coney: confort urb\u00e0 amb car\u00e0cter gr\u00e0fic i estructura resistent El Lounge Coney \u00e9s una pe\u00e7a pensada per als qui busquen un equilibri perfecte entre relax, estil i durabilitat. El seu disseny amb un fort impacte visual el converteix en l&#8217;aliat ideal per a zones de descans, \u00e0rees chill-out i espais urbans dedicats al benestar.&hellip;<\/p>\n","protected":false},"featured_media":46954,"template":"","meta":{"_acf_changed":false},"product_brand":[],"product_cat":[937,563],"product_tag":[1403,587,640,1216,988],"class_list":{"0":"post-46960","1":"product","2":"type-product","3":"status-publish","4":"has-post-thumbnail","6":"product_cat-butaques-ca-2","7":"product_cat-exterior-ca","8":"product_tag-acero-ca","9":"product_tag-apilable-ca","10":"product_tag-exterior-ca","11":"product_tag-lounge-ca","12":"product_tag-relax-ca","13":"description-off","15":"first","16":"instock","17":"shipping-taxable","18":"product-type-simple"},"acf":[],"yoast_head":"<!-- This site is optimized with the Yoast SEO plugin v27.0 - https:\/\/yoast.com\/product\/yoast-seo-wordpress\/ -->\n<title>Lounge Coney - Navarro Aubanell<\/title>\n<meta name=\"description\" content=\"Lounge Coney: disseny gr\u00e0fic, estructura d&#039;acer resistent i confort ergon\u00f2mic. Ideal per a zones de relax, chill-out i espais urbans.\" \/>\n<meta name=\"robots\" content=\"index, follow, max-snippet:-1, max-image-preview:large, max-video-preview:-1\" \/>\n<link rel=\"canonical\" href=\"https:\/\/www.navarroaubanell.com\/ca\/producte\/lounge-coney-pedrali-navarroaubanell\/\" \/>\n<meta property=\"og:locale\" content=\"ca_ES\" \/>\n<meta property=\"og:type\" content=\"article\" \/>\n<meta property=\"og:title\" content=\"Lounge Coney - Navarro Aubanell\" \/>\n<meta property=\"og:description\" content=\"Lounge Coney: disseny gr\u00e0fic, estructura d&#039;acer resistent i confort ergon\u00f2mic. Ideal per a zones de relax, chill-out i espais urbans.\" \/>\n<meta property=\"og:url\" content=\"https:\/\/www.navarroaubanell.com\/ca\/producte\/lounge-coney-pedrali-navarroaubanell\/\" \/>\n<meta property=\"og:site_name\" content=\"Navarro Aubanell\" \/>\n<meta property=\"article:modified_time\" content=\"2025-07-29T07:54:57+00:00\" \/>\n<meta property=\"og:image\" content=\"https:\/\/www.navarroaubanell.com\/wp-content\/uploads\/2025\/07\/Coney-36493649.3_MI100E-TC1163_low-Photoroom.png\" \/>\n\t<meta property=\"og:image:width\" content=\"800\" \/>\n\t<meta property=\"og:image:height\" content=\"650\" \/>\n\t<meta property=\"og:image:type\" content=\"image\/png\" \/>\n<meta name=\"twitter:label1\" content=\"Est. reading time\" \/>\n\t<meta name=\"twitter:data1\" content=\"2 minutes\" \/>\n<script type=\"application\/ld+json\" class=\"yoast-schema-graph\">{\"@context\":\"https:\/\/schema.org\",\"@graph\":[{\"@type\":\"WebPage\",\"@id\":\"https:\/\/www.navarroaubanell.com\/ca\/producte\/lounge-coney-pedrali-navarroaubanell\/\",\"url\":\"https:\/\/www.navarroaubanell.com\/ca\/producte\/lounge-coney-pedrali-navarroaubanell\/\",\"name\":\"Lounge Coney - Navarro Aubanell\",\"isPartOf\":{\"@id\":\"https:\/\/www.navarroaubanell.com\/ca\/#website\"},\"primaryImageOfPage\":{\"@id\":\"https:\/\/www.navarroaubanell.com\/ca\/producte\/lounge-coney-pedrali-navarroaubanell\/#primaryimage\"},\"image\":{\"@id\":\"https:\/\/www.navarroaubanell.com\/ca\/producte\/lounge-coney-pedrali-navarroaubanell\/#primaryimage\"},\"thumbnailUrl\":\"https:\/\/www.navarroaubanell.com\/wp-content\/uploads\/2025\/07\/Coney-36493649.3_MI100E-TC1163_low-Photoroom.png\",\"datePublished\":\"2025-07-29T07:42:04+00:00\",\"dateModified\":\"2025-07-29T07:54:57+00:00\",\"description\":\"Lounge Coney: disseny gr\u00e0fic, estructura d'acer resistent i confort ergon\u00f2mic. Ideal per a zones de relax, chill-out i espais urbans.\",\"breadcrumb\":{\"@id\":\"https:\/\/www.navarroaubanell.com\/ca\/producte\/lounge-coney-pedrali-navarroaubanell\/#breadcrumb\"},\"inLanguage\":\"ca\",\"potentialAction\":[{\"@type\":\"ReadAction\",\"target\":[\"https:\/\/www.navarroaubanell.com\/ca\/producte\/lounge-coney-pedrali-navarroaubanell\/\"]}]},{\"@type\":\"ImageObject\",\"inLanguage\":\"ca\",\"@id\":\"https:\/\/www.navarroaubanell.com\/ca\/producte\/lounge-coney-pedrali-navarroaubanell\/#primaryimage\",\"url\":\"https:\/\/www.navarroaubanell.com\/wp-content\/uploads\/2025\/07\/Coney-36493649.3_MI100E-TC1163_low-Photoroom.png\",\"contentUrl\":\"https:\/\/www.navarroaubanell.com\/wp-content\/uploads\/2025\/07\/Coney-36493649.3_MI100E-TC1163_low-Photoroom.png\",\"width\":800,\"height\":650,\"caption\":\"Lounge Coney\"},{\"@type\":\"BreadcrumbList\",\"@id\":\"https:\/\/www.navarroaubanell.com\/ca\/producte\/lounge-coney-pedrali-navarroaubanell\/#breadcrumb\",\"itemListElement\":[{\"@type\":\"ListItem\",\"position\":1,\"name\":\"Portada\",\"item\":\"https:\/\/www.navarroaubanell.com\/ca\/\"},{\"@type\":\"ListItem\",\"position\":2,\"name\":\"Productes\",\"item\":\"https:\/\/www.navarroaubanell.com\/productos\/\"},{\"@type\":\"ListItem\",\"position\":3,\"name\":\"Lounge Coney\"}]},{\"@type\":\"WebSite\",\"@id\":\"https:\/\/www.navarroaubanell.com\/ca\/#website\",\"url\":\"https:\/\/www.navarroaubanell.com\/ca\/\",\"name\":\"Navarro Aubanell\",\"description\":\"Mobiliario para hoteler\u00eda, colectividades y oficinas\",\"publisher\":{\"@id\":\"https:\/\/www.navarroaubanell.com\/ca\/#organization\"},\"potentialAction\":[{\"@type\":\"SearchAction\",\"target\":{\"@type\":\"EntryPoint\",\"urlTemplate\":\"https:\/\/www.navarroaubanell.com\/ca\/?s={search_term_string}\"},\"query-input\":{\"@type\":\"PropertyValueSpecification\",\"valueRequired\":true,\"valueName\":\"search_term_string\"}}],\"inLanguage\":\"ca\"},{\"@type\":\"Organization\",\"@id\":\"https:\/\/www.navarroaubanell.com\/ca\/#organization\",\"name\":\"COMERCIAL NAVARRO AUBANELL, S.A\",\"url\":\"https:\/\/www.navarroaubanell.com\/ca\/\",\"logo\":{\"@type\":\"ImageObject\",\"inLanguage\":\"ca\",\"@id\":\"https:\/\/www.navarroaubanell.com\/ca\/#\/schema\/logo\/image\/\",\"url\":\"https:\/\/www.navarroaubanell.com\/wp-content\/uploads\/2017\/07\/logo-navarro-aubuanell.png\",\"contentUrl\":\"https:\/\/www.navarroaubanell.com\/wp-content\/uploads\/2017\/07\/logo-navarro-aubuanell.png\",\"width\":6304,\"height\":1154,\"caption\":\"COMERCIAL NAVARRO AUBANELL, S.A\"},\"image\":{\"@id\":\"https:\/\/www.navarroaubanell.com\/ca\/#\/schema\/logo\/image\/\"}}]}<\/script>\n<!-- \/ Yoast SEO plugin. -->","yoast_head_json":{"title":"Lounge Coney - Navarro Aubanell","description":"Lounge Coney: disseny gr\u00e0fic, estructura d'acer resistent i confort ergon\u00f2mic. Ideal per a zones de relax, chill-out i espais urbans.","robots":{"index":"index","follow":"follow","max-snippet":"max-snippet:-1","max-image-preview":"max-image-preview:large","max-video-preview":"max-video-preview:-1"},"canonical":"https:\/\/www.navarroaubanell.com\/ca\/producte\/lounge-coney-pedrali-navarroaubanell\/","og_locale":"ca_ES","og_type":"article","og_title":"Lounge Coney - Navarro Aubanell","og_description":"Lounge Coney: disseny gr\u00e0fic, estructura d'acer resistent i confort ergon\u00f2mic. Ideal per a zones de relax, chill-out i espais urbans.","og_url":"https:\/\/www.navarroaubanell.com\/ca\/producte\/lounge-coney-pedrali-navarroaubanell\/","og_site_name":"Navarro Aubanell","article_modified_time":"2025-07-29T07:54:57+00:00","og_image":[{"width":800,"height":650,"url":"https:\/\/www.navarroaubanell.com\/wp-content\/uploads\/2025\/07\/Coney-36493649.3_MI100E-TC1163_low-Photoroom.png","type":"image\/png"}],"twitter_misc":{"Est. reading time":"2 minutes"},"schema":{"@context":"https:\/\/schema.org","@graph":[{"@type":"WebPage","@id":"https:\/\/www.navarroaubanell.com\/ca\/producte\/lounge-coney-pedrali-navarroaubanell\/","url":"https:\/\/www.navarroaubanell.com\/ca\/producte\/lounge-coney-pedrali-navarroaubanell\/","name":"Lounge Coney - Navarro Aubanell","isPartOf":{"@id":"https:\/\/www.navarroaubanell.com\/ca\/#website"},"primaryImageOfPage":{"@id":"https:\/\/www.navarroaubanell.com\/ca\/producte\/lounge-coney-pedrali-navarroaubanell\/#primaryimage"},"image":{"@id":"https:\/\/www.navarroaubanell.com\/ca\/producte\/lounge-coney-pedrali-navarroaubanell\/#primaryimage"},"thumbnailUrl":"https:\/\/www.navarroaubanell.com\/wp-content\/uploads\/2025\/07\/Coney-36493649.3_MI100E-TC1163_low-Photoroom.png","datePublished":"2025-07-29T07:42:04+00:00","dateModified":"2025-07-29T07:54:57+00:00","description":"Lounge Coney: disseny gr\u00e0fic, estructura d'acer resistent i confort ergon\u00f2mic. Ideal per a zones de relax, chill-out i espais urbans.","breadcrumb":{"@id":"https:\/\/www.navarroaubanell.com\/ca\/producte\/lounge-coney-pedrali-navarroaubanell\/#breadcrumb"},"inLanguage":"ca","potentialAction":[{"@type":"ReadAction","target":["https:\/\/www.navarroaubanell.com\/ca\/producte\/lounge-coney-pedrali-navarroaubanell\/"]}]},{"@type":"ImageObject","inLanguage":"ca","@id":"https:\/\/www.navarroaubanell.com\/ca\/producte\/lounge-coney-pedrali-navarroaubanell\/#primaryimage","url":"https:\/\/www.navarroaubanell.com\/wp-content\/uploads\/2025\/07\/Coney-36493649.3_MI100E-TC1163_low-Photoroom.png","contentUrl":"https:\/\/www.navarroaubanell.com\/wp-content\/uploads\/2025\/07\/Coney-36493649.3_MI100E-TC1163_low-Photoroom.png","width":800,"height":650,"caption":"Lounge Coney"},{"@type":"BreadcrumbList","@id":"https:\/\/www.navarroaubanell.com\/ca\/producte\/lounge-coney-pedrali-navarroaubanell\/#breadcrumb","itemListElement":[{"@type":"ListItem","position":1,"name":"Portada","item":"https:\/\/www.navarroaubanell.com\/ca\/"},{"@type":"ListItem","position":2,"name":"Productes","item":"https:\/\/www.navarroaubanell.com\/productos\/"},{"@type":"ListItem","position":3,"name":"Lounge Coney"}]},{"@type":"WebSite","@id":"https:\/\/www.navarroaubanell.com\/ca\/#website","url":"https:\/\/www.navarroaubanell.com\/ca\/","name":"Navarro Aubanell","description":"Mobiliario para hoteler\u00eda, colectividades y oficinas","publisher":{"@id":"https:\/\/www.navarroaubanell.com\/ca\/#organization"},"potentialAction":[{"@type":"SearchAction","target":{"@type":"EntryPoint","urlTemplate":"https:\/\/www.navarroaubanell.com\/ca\/?s={search_term_string}"},"query-input":{"@type":"PropertyValueSpecification","valueRequired":true,"valueName":"search_term_string"}}],"inLanguage":"ca"},{"@type":"Organization","@id":"https:\/\/www.navarroaubanell.com\/ca\/#organization","name":"COMERCIAL NAVARRO AUBANELL, S.A","url":"https:\/\/www.navarroaubanell.com\/ca\/","logo":{"@type":"ImageObject","inLanguage":"ca","@id":"https:\/\/www.navarroaubanell.com\/ca\/#\/schema\/logo\/image\/","url":"https:\/\/www.navarroaubanell.com\/wp-content\/uploads\/2017\/07\/logo-navarro-aubuanell.png","contentUrl":"https:\/\/www.navarroaubanell.com\/wp-content\/uploads\/2017\/07\/logo-navarro-aubuanell.png","width":6304,"height":1154,"caption":"COMERCIAL NAVARRO AUBANELL, S.A"},"image":{"@id":"https:\/\/www.navarroaubanell.com\/ca\/#\/schema\/logo\/image\/"}}]}},"_links":{"self":[{"href":"https:\/\/www.navarroaubanell.com\/ca\/wp-json\/wp\/v2\/product\/46960","targetHints":{"allow":["GET"]}}],"collection":[{"href":"https:\/\/www.navarroaubanell.com\/ca\/wp-json\/wp\/v2\/product"}],"about":[{"href":"https:\/\/www.navarroaubanell.com\/ca\/wp-json\/wp\/v2\/types\/product"}],"wp:featuredmedia":[{"embeddable":true,"href":"https:\/\/www.navarroaubanell.com\/ca\/wp-json\/wp\/v2\/media\/46954"}],"wp:attachment":[{"href":"https:\/\/www.navarroaubanell.com\/ca\/wp-json\/wp\/v2\/media?parent=46960"}],"wp:term":[{"taxonomy":"product_brand","embeddable":true,"href":"https:\/\/www.navarroaubanell.com\/ca\/wp-json\/wp\/v2\/product_brand?post=46960"},{"taxonomy":"product_cat","embeddable":true,"href":"https:\/\/www.navarroaubanell.com\/ca\/wp-json\/wp\/v2\/product_cat?post=46960"},{"taxonomy":"product_tag","embeddable":true,"href":"https:\/\/www.navarroaubanell.com\/ca\/wp-json\/wp\/v2\/product_tag?post=46960"}],"curies":[{"name":"wp","href":"https:\/\/api.w.org\/{rel}","templated":true}]}}