{"id":46861,"date":"2025-07-18T08:55:04","date_gmt":"2025-07-18T06:55:04","guid":{"rendered":"https:\/\/www.navarroaubanell.com\/producto\/sillon-cutty-navarroaubanell\/"},"modified":"2025-07-18T09:55:04","modified_gmt":"2025-07-18T07:55:04","slug":"cadira-de-bracos-cutty-navarroaubanell","status":"publish","type":"product","link":"https:\/\/www.navarroaubanell.com\/ca\/producte\/cadira-de-bracos-cutty-navarroaubanell\/","title":{"rendered":"Cadira de bra\u00e7os Cutty"},"content":{"rendered":"<h5 data-start=\"170\" data-end=\"241\">Cadira de bra\u00e7os Cutty: disseny avantguardista i resist\u00e8ncia per a exteriors<\/h5>\n<p data-start=\"287\" data-end=\"572\">La cadira de bra\u00e7os Cutty destaca pel seu disseny contemporani i el seu caracter\u00edstic tall en V, que no sols aporta una est\u00e8tica \u00fanica, sin\u00f3 que tamb\u00e9 una funci\u00f3 ergon\u00f2mica. \u00c9s la pe\u00e7a ideal per a crear ambients moderns i acollidors en terrasses, jardins, zones chill out i espais nocturns.<\/p>\n<h6 data-start=\"574\" data-end=\"627\">Fabricat en polietil\u00e8 d&#8217;alta resist\u00e8ncia<\/h6>\n<p data-start=\"628\" data-end=\"916\">Cutty est\u00e0 realitzat en polietil\u00e8 d&#8217;alta densitat, un material perfecte per al seu \u00fas en exterior gr\u00e0cies a la seva lleugeresa, durabilitat i resist\u00e8ncia a temperatures extremes. La seva estructura robusta per\u00f2 f\u00e0cil de moure, la converteix en una opci\u00f3 vers\u00e0til per a diverses instal\u00b7lacions.<\/p>\n<h6 data-start=\"918\" data-end=\"960\">Seient preparat per a exteriors<\/h6>\n<p data-start=\"961\" data-end=\"1207\">El seient de la cadira de bra\u00e7os pot escollir-se en pell sint\u00e8tica o teixit t\u00e8cnic, ambd\u00f3s especialment dissenyats per a resistir les inclem\u00e8ncies del temps, el sol i la humitat. Aquestes caracter\u00edstiques, asseguren un \u00fas prolongat sense renunciar al confort ni a l&#8217;estil.<\/p>\n<h6 data-start=\"1209\" data-end=\"1265\">Il\u00b7luminaci\u00f3 integrada per ambients amb estil<\/h6>\n<p data-start=\"1266\" data-end=\"1514\">Per a augmentar l&#8217;experi\u00e8ncia, la cadira de bra\u00e7os Cutty pot incorporar una il\u00b7luminaci\u00f3 LED, mitjan\u00e7ant un sistema cablejat o amb una bateria recarregable. Una opci\u00f3 perfecta per crear atom\u00f2sferes \u00faniques en espais nocturns o esdeveniments especials.<\/p>\n","protected":false},"excerpt":{"rendered":"<p>Cadira de bra\u00e7os Cutty: disseny avantguardista i resist\u00e8ncia per a exteriors La cadira de bra\u00e7os Cutty destaca pel seu disseny contemporani i el seu caracter\u00edstic tall en V, que no sols aporta una est\u00e8tica \u00fanica, sin\u00f3 que tamb\u00e9 una funci\u00f3 ergon\u00f2mica. \u00c9s la pe\u00e7a ideal per a crear ambients moderns i acollidors en terrasses, jardins,&hellip;<\/p>\n","protected":false},"featured_media":46843,"template":"","meta":{"_acf_changed":false},"product_brand":[],"product_cat":[1704,1693],"product_tag":[1707,816,640,1709],"class_list":{"0":"post-46861","1":"product","2":"type-product","3":"status-publish","4":"has-post-thumbnail","6":"product_cat-asientos-ca","7":"product_cat-chill-out-2-ca","8":"product_tag-asiento-ca","9":"product_tag-chill-out-ca","10":"product_tag-exterior-ca","11":"product_tag-set-de-terraza-ca","12":"description-off","14":"first","15":"instock","16":"shipping-taxable","17":"product-type-simple"},"acf":[],"yoast_head":"<!-- This site is optimized with the Yoast SEO plugin v27.0 - https:\/\/yoast.com\/product\/yoast-seo-wordpress\/ -->\n<title>Cadira de bra\u00e7os Cutty - Navarro Aubanell<\/title>\n<meta name=\"description\" content=\"Cadira de bra\u00e7os Cutty amb disseny en V, ideal per a terrasses i jardins. Fabricada en polietil\u00e8 resistent i il\u00b7luminaci\u00f3 LED opcional.\" \/>\n<meta name=\"robots\" content=\"index, follow, max-snippet:-1, max-image-preview:large, max-video-preview:-1\" \/>\n<link rel=\"canonical\" href=\"https:\/\/www.navarroaubanell.com\/ca\/producte\/cadira-de-bracos-cutty-navarroaubanell\/\" \/>\n<meta property=\"og:locale\" content=\"ca_ES\" \/>\n<meta property=\"og:type\" content=\"article\" \/>\n<meta property=\"og:title\" content=\"Cadira de bra\u00e7os Cutty - Navarro Aubanell\" \/>\n<meta property=\"og:description\" content=\"Cadira de bra\u00e7os Cutty amb disseny en V, ideal per a terrasses i jardins. Fabricada en polietil\u00e8 resistent i il\u00b7luminaci\u00f3 LED opcional.\" \/>\n<meta property=\"og:url\" content=\"https:\/\/www.navarroaubanell.com\/ca\/producte\/cadira-de-bracos-cutty-navarroaubanell\/\" \/>\n<meta property=\"og:site_name\" content=\"Navarro Aubanell\" \/>\n<meta property=\"article:modified_time\" content=\"2025-07-18T07:55:04+00:00\" \/>\n<meta property=\"og:image\" content=\"https:\/\/www.navarroaubanell.com\/wp-content\/uploads\/2025\/07\/Cutty-2.png\" \/>\n\t<meta property=\"og:image:width\" content=\"800\" \/>\n\t<meta property=\"og:image:height\" content=\"650\" \/>\n\t<meta property=\"og:image:type\" content=\"image\/png\" \/>\n<meta name=\"twitter:label1\" content=\"Est. reading time\" \/>\n\t<meta name=\"twitter:data1\" content=\"2 minutes\" \/>\n<script type=\"application\/ld+json\" class=\"yoast-schema-graph\">{\"@context\":\"https:\/\/schema.org\",\"@graph\":[{\"@type\":\"WebPage\",\"@id\":\"https:\/\/www.navarroaubanell.com\/ca\/producte\/cadira-de-bracos-cutty-navarroaubanell\/\",\"url\":\"https:\/\/www.navarroaubanell.com\/ca\/producte\/cadira-de-bracos-cutty-navarroaubanell\/\",\"name\":\"Cadira de bra\u00e7os Cutty - Navarro Aubanell\",\"isPartOf\":{\"@id\":\"https:\/\/www.navarroaubanell.com\/ca\/#website\"},\"primaryImageOfPage\":{\"@id\":\"https:\/\/www.navarroaubanell.com\/ca\/producte\/cadira-de-bracos-cutty-navarroaubanell\/#primaryimage\"},\"image\":{\"@id\":\"https:\/\/www.navarroaubanell.com\/ca\/producte\/cadira-de-bracos-cutty-navarroaubanell\/#primaryimage\"},\"thumbnailUrl\":\"https:\/\/www.navarroaubanell.com\/wp-content\/uploads\/2025\/07\/Cutty-2.png\",\"datePublished\":\"2025-07-18T06:55:04+00:00\",\"dateModified\":\"2025-07-18T07:55:04+00:00\",\"description\":\"Cadira de bra\u00e7os Cutty amb disseny en V, ideal per a terrasses i jardins. Fabricada en polietil\u00e8 resistent i il\u00b7luminaci\u00f3 LED opcional.\",\"breadcrumb\":{\"@id\":\"https:\/\/www.navarroaubanell.com\/ca\/producte\/cadira-de-bracos-cutty-navarroaubanell\/#breadcrumb\"},\"inLanguage\":\"ca\",\"potentialAction\":[{\"@type\":\"ReadAction\",\"target\":[\"https:\/\/www.navarroaubanell.com\/ca\/producte\/cadira-de-bracos-cutty-navarroaubanell\/\"]}]},{\"@type\":\"ImageObject\",\"inLanguage\":\"ca\",\"@id\":\"https:\/\/www.navarroaubanell.com\/ca\/producte\/cadira-de-bracos-cutty-navarroaubanell\/#primaryimage\",\"url\":\"https:\/\/www.navarroaubanell.com\/wp-content\/uploads\/2025\/07\/Cutty-2.png\",\"contentUrl\":\"https:\/\/www.navarroaubanell.com\/wp-content\/uploads\/2025\/07\/Cutty-2.png\",\"width\":800,\"height\":650,\"caption\":\"Cutty\"},{\"@type\":\"BreadcrumbList\",\"@id\":\"https:\/\/www.navarroaubanell.com\/ca\/producte\/cadira-de-bracos-cutty-navarroaubanell\/#breadcrumb\",\"itemListElement\":[{\"@type\":\"ListItem\",\"position\":1,\"name\":\"Portada\",\"item\":\"https:\/\/www.navarroaubanell.com\/ca\/\"},{\"@type\":\"ListItem\",\"position\":2,\"name\":\"Productes\",\"item\":\"https:\/\/www.navarroaubanell.com\/productos\/\"},{\"@type\":\"ListItem\",\"position\":3,\"name\":\"Cadira de bra\u00e7os Cutty\"}]},{\"@type\":\"WebSite\",\"@id\":\"https:\/\/www.navarroaubanell.com\/ca\/#website\",\"url\":\"https:\/\/www.navarroaubanell.com\/ca\/\",\"name\":\"Navarro Aubanell\",\"description\":\"Mobiliario para hoteler\u00eda, colectividades y oficinas\",\"publisher\":{\"@id\":\"https:\/\/www.navarroaubanell.com\/ca\/#organization\"},\"potentialAction\":[{\"@type\":\"SearchAction\",\"target\":{\"@type\":\"EntryPoint\",\"urlTemplate\":\"https:\/\/www.navarroaubanell.com\/ca\/?s={search_term_string}\"},\"query-input\":{\"@type\":\"PropertyValueSpecification\",\"valueRequired\":true,\"valueName\":\"search_term_string\"}}],\"inLanguage\":\"ca\"},{\"@type\":\"Organization\",\"@id\":\"https:\/\/www.navarroaubanell.com\/ca\/#organization\",\"name\":\"COMERCIAL NAVARRO AUBANELL, S.A\",\"url\":\"https:\/\/www.navarroaubanell.com\/ca\/\",\"logo\":{\"@type\":\"ImageObject\",\"inLanguage\":\"ca\",\"@id\":\"https:\/\/www.navarroaubanell.com\/ca\/#\/schema\/logo\/image\/\",\"url\":\"https:\/\/www.navarroaubanell.com\/wp-content\/uploads\/2017\/07\/logo-navarro-aubuanell.png\",\"contentUrl\":\"https:\/\/www.navarroaubanell.com\/wp-content\/uploads\/2017\/07\/logo-navarro-aubuanell.png\",\"width\":6304,\"height\":1154,\"caption\":\"COMERCIAL NAVARRO AUBANELL, S.A\"},\"image\":{\"@id\":\"https:\/\/www.navarroaubanell.com\/ca\/#\/schema\/logo\/image\/\"}}]}<\/script>\n<!-- \/ Yoast SEO plugin. -->","yoast_head_json":{"title":"Cadira de bra\u00e7os Cutty - Navarro Aubanell","description":"Cadira de bra\u00e7os Cutty amb disseny en V, ideal per a terrasses i jardins. Fabricada en polietil\u00e8 resistent i il\u00b7luminaci\u00f3 LED opcional.","robots":{"index":"index","follow":"follow","max-snippet":"max-snippet:-1","max-image-preview":"max-image-preview:large","max-video-preview":"max-video-preview:-1"},"canonical":"https:\/\/www.navarroaubanell.com\/ca\/producte\/cadira-de-bracos-cutty-navarroaubanell\/","og_locale":"ca_ES","og_type":"article","og_title":"Cadira de bra\u00e7os Cutty - Navarro Aubanell","og_description":"Cadira de bra\u00e7os Cutty amb disseny en V, ideal per a terrasses i jardins. Fabricada en polietil\u00e8 resistent i il\u00b7luminaci\u00f3 LED opcional.","og_url":"https:\/\/www.navarroaubanell.com\/ca\/producte\/cadira-de-bracos-cutty-navarroaubanell\/","og_site_name":"Navarro Aubanell","article_modified_time":"2025-07-18T07:55:04+00:00","og_image":[{"width":800,"height":650,"url":"https:\/\/www.navarroaubanell.com\/wp-content\/uploads\/2025\/07\/Cutty-2.png","type":"image\/png"}],"twitter_misc":{"Est. reading time":"2 minutes"},"schema":{"@context":"https:\/\/schema.org","@graph":[{"@type":"WebPage","@id":"https:\/\/www.navarroaubanell.com\/ca\/producte\/cadira-de-bracos-cutty-navarroaubanell\/","url":"https:\/\/www.navarroaubanell.com\/ca\/producte\/cadira-de-bracos-cutty-navarroaubanell\/","name":"Cadira de bra\u00e7os Cutty - Navarro Aubanell","isPartOf":{"@id":"https:\/\/www.navarroaubanell.com\/ca\/#website"},"primaryImageOfPage":{"@id":"https:\/\/www.navarroaubanell.com\/ca\/producte\/cadira-de-bracos-cutty-navarroaubanell\/#primaryimage"},"image":{"@id":"https:\/\/www.navarroaubanell.com\/ca\/producte\/cadira-de-bracos-cutty-navarroaubanell\/#primaryimage"},"thumbnailUrl":"https:\/\/www.navarroaubanell.com\/wp-content\/uploads\/2025\/07\/Cutty-2.png","datePublished":"2025-07-18T06:55:04+00:00","dateModified":"2025-07-18T07:55:04+00:00","description":"Cadira de bra\u00e7os Cutty amb disseny en V, ideal per a terrasses i jardins. Fabricada en polietil\u00e8 resistent i il\u00b7luminaci\u00f3 LED opcional.","breadcrumb":{"@id":"https:\/\/www.navarroaubanell.com\/ca\/producte\/cadira-de-bracos-cutty-navarroaubanell\/#breadcrumb"},"inLanguage":"ca","potentialAction":[{"@type":"ReadAction","target":["https:\/\/www.navarroaubanell.com\/ca\/producte\/cadira-de-bracos-cutty-navarroaubanell\/"]}]},{"@type":"ImageObject","inLanguage":"ca","@id":"https:\/\/www.navarroaubanell.com\/ca\/producte\/cadira-de-bracos-cutty-navarroaubanell\/#primaryimage","url":"https:\/\/www.navarroaubanell.com\/wp-content\/uploads\/2025\/07\/Cutty-2.png","contentUrl":"https:\/\/www.navarroaubanell.com\/wp-content\/uploads\/2025\/07\/Cutty-2.png","width":800,"height":650,"caption":"Cutty"},{"@type":"BreadcrumbList","@id":"https:\/\/www.navarroaubanell.com\/ca\/producte\/cadira-de-bracos-cutty-navarroaubanell\/#breadcrumb","itemListElement":[{"@type":"ListItem","position":1,"name":"Portada","item":"https:\/\/www.navarroaubanell.com\/ca\/"},{"@type":"ListItem","position":2,"name":"Productes","item":"https:\/\/www.navarroaubanell.com\/productos\/"},{"@type":"ListItem","position":3,"name":"Cadira de bra\u00e7os Cutty"}]},{"@type":"WebSite","@id":"https:\/\/www.navarroaubanell.com\/ca\/#website","url":"https:\/\/www.navarroaubanell.com\/ca\/","name":"Navarro Aubanell","description":"Mobiliario para hoteler\u00eda, colectividades y oficinas","publisher":{"@id":"https:\/\/www.navarroaubanell.com\/ca\/#organization"},"potentialAction":[{"@type":"SearchAction","target":{"@type":"EntryPoint","urlTemplate":"https:\/\/www.navarroaubanell.com\/ca\/?s={search_term_string}"},"query-input":{"@type":"PropertyValueSpecification","valueRequired":true,"valueName":"search_term_string"}}],"inLanguage":"ca"},{"@type":"Organization","@id":"https:\/\/www.navarroaubanell.com\/ca\/#organization","name":"COMERCIAL NAVARRO AUBANELL, S.A","url":"https:\/\/www.navarroaubanell.com\/ca\/","logo":{"@type":"ImageObject","inLanguage":"ca","@id":"https:\/\/www.navarroaubanell.com\/ca\/#\/schema\/logo\/image\/","url":"https:\/\/www.navarroaubanell.com\/wp-content\/uploads\/2017\/07\/logo-navarro-aubuanell.png","contentUrl":"https:\/\/www.navarroaubanell.com\/wp-content\/uploads\/2017\/07\/logo-navarro-aubuanell.png","width":6304,"height":1154,"caption":"COMERCIAL NAVARRO AUBANELL, S.A"},"image":{"@id":"https:\/\/www.navarroaubanell.com\/ca\/#\/schema\/logo\/image\/"}}]}},"_links":{"self":[{"href":"https:\/\/www.navarroaubanell.com\/ca\/wp-json\/wp\/v2\/product\/46861","targetHints":{"allow":["GET"]}}],"collection":[{"href":"https:\/\/www.navarroaubanell.com\/ca\/wp-json\/wp\/v2\/product"}],"about":[{"href":"https:\/\/www.navarroaubanell.com\/ca\/wp-json\/wp\/v2\/types\/product"}],"wp:featuredmedia":[{"embeddable":true,"href":"https:\/\/www.navarroaubanell.com\/ca\/wp-json\/wp\/v2\/media\/46843"}],"wp:attachment":[{"href":"https:\/\/www.navarroaubanell.com\/ca\/wp-json\/wp\/v2\/media?parent=46861"}],"wp:term":[{"taxonomy":"product_brand","embeddable":true,"href":"https:\/\/www.navarroaubanell.com\/ca\/wp-json\/wp\/v2\/product_brand?post=46861"},{"taxonomy":"product_cat","embeddable":true,"href":"https:\/\/www.navarroaubanell.com\/ca\/wp-json\/wp\/v2\/product_cat?post=46861"},{"taxonomy":"product_tag","embeddable":true,"href":"https:\/\/www.navarroaubanell.com\/ca\/wp-json\/wp\/v2\/product_tag?post=46861"}],"curies":[{"name":"wp","href":"https:\/\/api.w.org\/{rel}","templated":true}]}}