{"id":46836,"date":"2025-07-16T17:59:19","date_gmt":"2025-07-16T15:59:19","guid":{"rendered":"https:\/\/www.navarroaubanell.com\/producto\/sillon-ballira-navarroaubanell\/"},"modified":"2025-07-17T10:32:37","modified_gmt":"2025-07-17T08:32:37","slug":"seient-ballira-navarroaubanell","status":"publish","type":"product","link":"https:\/\/www.navarroaubanell.com\/ca\/producte\/seient-ballira-navarroaubanell\/","title":{"rendered":"Seient Ballira"},"content":{"rendered":"<h5 data-start=\"226\" data-end=\"317\">Seient Ballira per a exterior: disseny modern, resistent i amb il\u00b7luminaci\u00f3 opcional<\/h5>\n<p data-start=\"444\" data-end=\"758\">El seient Ballira destaca per la seva est\u00e8tica avantguarda i la seva superf\u00edcie perforada, que no nom\u00e9s li aporta un estil singular, sin\u00f3 que tamb\u00e9 el fa lleuger i f\u00e0cil de moure. La seva forma acollidora i el seu acabat modern, la converteixen en una pe\u00e7a ideal per a ambients chill out, jardins i espais nocturns.<\/p>\n<h6 data-start=\"765\" data-end=\"806\">Material resistent per a \u00fas en exterior<\/h6>\n<p data-start=\"808\" data-end=\"1159\">Fabricat en polietil\u00e8 d&#8217;alta resist\u00e8ncia, Ballira \u00e9s perfecte per al seu \u00fas en exteriors, ja que \u00e9s resistent als raigs UV i a temperatures extremes. La seva estructura \u00e9s robusta i lleugera, permetent una gran facilitat de maneig en instal\u00b7lacions din\u00e0miques.<\/p>\n<h6 data-start=\"1166\" data-end=\"1216\">Opci\u00f3 d&#8217;il\u00b7luminaci\u00f3 per a ambients nocturns<\/h6>\n<p data-start=\"1218\" data-end=\"1494\">Ballira pot incorporar un sistema d&#8217;il\u00b7luminaci\u00f3 opcional, disponible mitjan\u00e7ant un kit de cablejat o amb bateria recarregable. Aquesta funci\u00f3 el transforma el seient en un element decoratiu \u00fanic, perfecte per a crear ambients nocturns amb estil i personalitat.<\/p>\n<h6 data-start=\"1501\" data-end=\"1552\">L&#8217;elecci\u00f3 perfecta per a hostaleria i contract<\/h6>\n<p data-start=\"1554\" data-end=\"1846\">Gr\u00e0cies al seu disseny atractiu, resist\u00e8ncia i facilitat de transport, el seient Ballira \u00e9s una excel\u00b7lent elecci\u00f3 per a projectes d&#8217;hostaleria, contract i esdeveniments a l&#8217;aire lliure. A m\u00e9s, t\u00e9 un sof\u00e0 a conjunt per a crear sets de terrassa moderns.<\/p>\n","protected":false},"excerpt":{"rendered":"<p>Seient Ballira per a exterior: disseny modern, resistent i amb il\u00b7luminaci\u00f3 opcional El seient Ballira destaca per la seva est\u00e8tica avantguarda i la seva superf\u00edcie perforada, que no nom\u00e9s li aporta un estil singular, sin\u00f3 que tamb\u00e9 el fa lleuger i f\u00e0cil de moure. La seva forma acollidora i el seu acabat modern, la converteixen&hellip;<\/p>\n","protected":false},"featured_media":46816,"template":"","meta":{"_acf_changed":false},"product_brand":[],"product_cat":[1704,1693],"product_tag":[1707,749,816,640,1279,754],"class_list":{"0":"post-46836","1":"product","2":"type-product","3":"status-publish","4":"has-post-thumbnail","6":"product_cat-asientos-ca","7":"product_cat-chill-out-2-ca","8":"product_tag-asiento-ca","9":"product_tag-cadira-de-barcos","10":"product_tag-chill-out-ca","11":"product_tag-exterior-ca","12":"product_tag-iluminacion-ca","13":"product_tag-sofa-ca","14":"description-off","16":"first","17":"instock","18":"shipping-taxable","19":"product-type-simple"},"acf":[],"yoast_head":"<!-- This site is optimized with the Yoast SEO plugin v27.6 - https:\/\/yoast.com\/product\/yoast-seo-wordpress\/ -->\n<title>Seient Ballira - Navarro Aubanell<\/title>\n<meta name=\"description\" content=\"Sill\u00f3n Ballira per a exterior, lleuger, resistent i amb opci\u00f3 d&#039;il\u00b7luminaci\u00f3. Ideal per a terrasses, jardins, chill out i espais nocturns.\" \/>\n<meta name=\"robots\" content=\"index, follow, max-snippet:-1, max-image-preview:large, max-video-preview:-1\" \/>\n<link rel=\"canonical\" href=\"https:\/\/www.navarroaubanell.com\/ca\/producte\/seient-ballira-navarroaubanell\/\" \/>\n<meta property=\"og:locale\" content=\"ca_ES\" \/>\n<meta property=\"og:type\" content=\"article\" \/>\n<meta property=\"og:title\" content=\"Seient Ballira - Navarro Aubanell\" \/>\n<meta property=\"og:description\" content=\"Sill\u00f3n Ballira per a exterior, lleuger, resistent i amb opci\u00f3 d&#039;il\u00b7luminaci\u00f3. Ideal per a terrasses, jardins, chill out i espais nocturns.\" \/>\n<meta property=\"og:url\" content=\"https:\/\/www.navarroaubanell.com\/ca\/producte\/seient-ballira-navarroaubanell\/\" \/>\n<meta property=\"og:site_name\" content=\"Navarro Aubanell\" \/>\n<meta property=\"article:modified_time\" content=\"2025-07-17T08:32:37+00:00\" \/>\n<meta property=\"og:image\" content=\"https:\/\/www.navarroaubanell.com\/wp-content\/uploads\/2025\/07\/Ballira-1.png\" \/>\n\t<meta property=\"og:image:width\" content=\"1280\" \/>\n\t<meta property=\"og:image:height\" content=\"1040\" \/>\n\t<meta property=\"og:image:type\" content=\"image\/png\" \/>\n<meta name=\"twitter:label1\" content=\"Est. reading time\" \/>\n\t<meta name=\"twitter:data1\" content=\"2 minutes\" \/>\n<script type=\"application\/ld+json\" class=\"yoast-schema-graph\">{\"@context\":\"https:\\\/\\\/schema.org\",\"@graph\":[{\"@type\":\"WebPage\",\"@id\":\"https:\\\/\\\/www.navarroaubanell.com\\\/ca\\\/producte\\\/seient-ballira-navarroaubanell\\\/\",\"url\":\"https:\\\/\\\/www.navarroaubanell.com\\\/ca\\\/producte\\\/seient-ballira-navarroaubanell\\\/\",\"name\":\"Seient Ballira - Navarro Aubanell\",\"isPartOf\":{\"@id\":\"https:\\\/\\\/www.navarroaubanell.com\\\/ca\\\/#website\"},\"primaryImageOfPage\":{\"@id\":\"https:\\\/\\\/www.navarroaubanell.com\\\/ca\\\/producte\\\/seient-ballira-navarroaubanell\\\/#primaryimage\"},\"image\":{\"@id\":\"https:\\\/\\\/www.navarroaubanell.com\\\/ca\\\/producte\\\/seient-ballira-navarroaubanell\\\/#primaryimage\"},\"thumbnailUrl\":\"https:\\\/\\\/www.navarroaubanell.com\\\/wp-content\\\/uploads\\\/2025\\\/07\\\/Ballira-1.png\",\"datePublished\":\"2025-07-16T15:59:19+00:00\",\"dateModified\":\"2025-07-17T08:32:37+00:00\",\"description\":\"Sill\u00f3n Ballira per a exterior, lleuger, resistent i amb opci\u00f3 d'il\u00b7luminaci\u00f3. Ideal per a terrasses, jardins, chill out i espais nocturns.\",\"breadcrumb\":{\"@id\":\"https:\\\/\\\/www.navarroaubanell.com\\\/ca\\\/producte\\\/seient-ballira-navarroaubanell\\\/#breadcrumb\"},\"inLanguage\":\"ca\",\"potentialAction\":[{\"@type\":\"ReadAction\",\"target\":[\"https:\\\/\\\/www.navarroaubanell.com\\\/ca\\\/producte\\\/seient-ballira-navarroaubanell\\\/\"]}]},{\"@type\":\"ImageObject\",\"inLanguage\":\"ca\",\"@id\":\"https:\\\/\\\/www.navarroaubanell.com\\\/ca\\\/producte\\\/seient-ballira-navarroaubanell\\\/#primaryimage\",\"url\":\"https:\\\/\\\/www.navarroaubanell.com\\\/wp-content\\\/uploads\\\/2025\\\/07\\\/Ballira-1.png\",\"contentUrl\":\"https:\\\/\\\/www.navarroaubanell.com\\\/wp-content\\\/uploads\\\/2025\\\/07\\\/Ballira-1.png\",\"width\":1280,\"height\":1040,\"caption\":\"Ballira\"},{\"@type\":\"BreadcrumbList\",\"@id\":\"https:\\\/\\\/www.navarroaubanell.com\\\/ca\\\/producte\\\/seient-ballira-navarroaubanell\\\/#breadcrumb\",\"itemListElement\":[{\"@type\":\"ListItem\",\"position\":1,\"name\":\"Portada\",\"item\":\"https:\\\/\\\/www.navarroaubanell.com\\\/ca\\\/\"},{\"@type\":\"ListItem\",\"position\":2,\"name\":\"Productes\",\"item\":\"https:\\\/\\\/www.navarroaubanell.com\\\/productos\\\/\"},{\"@type\":\"ListItem\",\"position\":3,\"name\":\"Seient Ballira\"}]},{\"@type\":\"WebSite\",\"@id\":\"https:\\\/\\\/www.navarroaubanell.com\\\/ca\\\/#website\",\"url\":\"https:\\\/\\\/www.navarroaubanell.com\\\/ca\\\/\",\"name\":\"Navarro Aubanell\",\"description\":\"Mobiliario para hoteler\u00eda, colectividades y oficinas\",\"publisher\":{\"@id\":\"https:\\\/\\\/www.navarroaubanell.com\\\/ca\\\/#organization\"},\"potentialAction\":[{\"@type\":\"SearchAction\",\"target\":{\"@type\":\"EntryPoint\",\"urlTemplate\":\"https:\\\/\\\/www.navarroaubanell.com\\\/ca\\\/?s={search_term_string}\"},\"query-input\":{\"@type\":\"PropertyValueSpecification\",\"valueRequired\":true,\"valueName\":\"search_term_string\"}}],\"inLanguage\":\"ca\"},{\"@type\":\"Organization\",\"@id\":\"https:\\\/\\\/www.navarroaubanell.com\\\/ca\\\/#organization\",\"name\":\"COMERCIAL NAVARRO AUBANELL, S.A\",\"url\":\"https:\\\/\\\/www.navarroaubanell.com\\\/ca\\\/\",\"logo\":{\"@type\":\"ImageObject\",\"inLanguage\":\"ca\",\"@id\":\"https:\\\/\\\/www.navarroaubanell.com\\\/ca\\\/#\\\/schema\\\/logo\\\/image\\\/\",\"url\":\"https:\\\/\\\/www.navarroaubanell.com\\\/wp-content\\\/uploads\\\/2017\\\/07\\\/logo-navarro-aubuanell.png\",\"contentUrl\":\"https:\\\/\\\/www.navarroaubanell.com\\\/wp-content\\\/uploads\\\/2017\\\/07\\\/logo-navarro-aubuanell.png\",\"width\":6304,\"height\":1154,\"caption\":\"COMERCIAL NAVARRO AUBANELL, S.A\"},\"image\":{\"@id\":\"https:\\\/\\\/www.navarroaubanell.com\\\/ca\\\/#\\\/schema\\\/logo\\\/image\\\/\"}}]}<\/script>\n<!-- \/ Yoast SEO plugin. -->","yoast_head_json":{"title":"Seient Ballira - Navarro Aubanell","description":"Sill\u00f3n Ballira per a exterior, lleuger, resistent i amb opci\u00f3 d'il\u00b7luminaci\u00f3. Ideal per a terrasses, jardins, chill out i espais nocturns.","robots":{"index":"index","follow":"follow","max-snippet":"max-snippet:-1","max-image-preview":"max-image-preview:large","max-video-preview":"max-video-preview:-1"},"canonical":"https:\/\/www.navarroaubanell.com\/ca\/producte\/seient-ballira-navarroaubanell\/","og_locale":"ca_ES","og_type":"article","og_title":"Seient Ballira - Navarro Aubanell","og_description":"Sill\u00f3n Ballira per a exterior, lleuger, resistent i amb opci\u00f3 d'il\u00b7luminaci\u00f3. Ideal per a terrasses, jardins, chill out i espais nocturns.","og_url":"https:\/\/www.navarroaubanell.com\/ca\/producte\/seient-ballira-navarroaubanell\/","og_site_name":"Navarro Aubanell","article_modified_time":"2025-07-17T08:32:37+00:00","og_image":[{"width":1280,"height":1040,"url":"https:\/\/www.navarroaubanell.com\/wp-content\/uploads\/2025\/07\/Ballira-1.png","type":"image\/png"}],"twitter_misc":{"Est. reading time":"2 minutes"},"schema":{"@context":"https:\/\/schema.org","@graph":[{"@type":"WebPage","@id":"https:\/\/www.navarroaubanell.com\/ca\/producte\/seient-ballira-navarroaubanell\/","url":"https:\/\/www.navarroaubanell.com\/ca\/producte\/seient-ballira-navarroaubanell\/","name":"Seient Ballira - Navarro Aubanell","isPartOf":{"@id":"https:\/\/www.navarroaubanell.com\/ca\/#website"},"primaryImageOfPage":{"@id":"https:\/\/www.navarroaubanell.com\/ca\/producte\/seient-ballira-navarroaubanell\/#primaryimage"},"image":{"@id":"https:\/\/www.navarroaubanell.com\/ca\/producte\/seient-ballira-navarroaubanell\/#primaryimage"},"thumbnailUrl":"https:\/\/www.navarroaubanell.com\/wp-content\/uploads\/2025\/07\/Ballira-1.png","datePublished":"2025-07-16T15:59:19+00:00","dateModified":"2025-07-17T08:32:37+00:00","description":"Sill\u00f3n Ballira per a exterior, lleuger, resistent i amb opci\u00f3 d'il\u00b7luminaci\u00f3. Ideal per a terrasses, jardins, chill out i espais nocturns.","breadcrumb":{"@id":"https:\/\/www.navarroaubanell.com\/ca\/producte\/seient-ballira-navarroaubanell\/#breadcrumb"},"inLanguage":"ca","potentialAction":[{"@type":"ReadAction","target":["https:\/\/www.navarroaubanell.com\/ca\/producte\/seient-ballira-navarroaubanell\/"]}]},{"@type":"ImageObject","inLanguage":"ca","@id":"https:\/\/www.navarroaubanell.com\/ca\/producte\/seient-ballira-navarroaubanell\/#primaryimage","url":"https:\/\/www.navarroaubanell.com\/wp-content\/uploads\/2025\/07\/Ballira-1.png","contentUrl":"https:\/\/www.navarroaubanell.com\/wp-content\/uploads\/2025\/07\/Ballira-1.png","width":1280,"height":1040,"caption":"Ballira"},{"@type":"BreadcrumbList","@id":"https:\/\/www.navarroaubanell.com\/ca\/producte\/seient-ballira-navarroaubanell\/#breadcrumb","itemListElement":[{"@type":"ListItem","position":1,"name":"Portada","item":"https:\/\/www.navarroaubanell.com\/ca\/"},{"@type":"ListItem","position":2,"name":"Productes","item":"https:\/\/www.navarroaubanell.com\/productos\/"},{"@type":"ListItem","position":3,"name":"Seient Ballira"}]},{"@type":"WebSite","@id":"https:\/\/www.navarroaubanell.com\/ca\/#website","url":"https:\/\/www.navarroaubanell.com\/ca\/","name":"Navarro Aubanell","description":"Mobiliario para hoteler\u00eda, colectividades y oficinas","publisher":{"@id":"https:\/\/www.navarroaubanell.com\/ca\/#organization"},"potentialAction":[{"@type":"SearchAction","target":{"@type":"EntryPoint","urlTemplate":"https:\/\/www.navarroaubanell.com\/ca\/?s={search_term_string}"},"query-input":{"@type":"PropertyValueSpecification","valueRequired":true,"valueName":"search_term_string"}}],"inLanguage":"ca"},{"@type":"Organization","@id":"https:\/\/www.navarroaubanell.com\/ca\/#organization","name":"COMERCIAL NAVARRO AUBANELL, S.A","url":"https:\/\/www.navarroaubanell.com\/ca\/","logo":{"@type":"ImageObject","inLanguage":"ca","@id":"https:\/\/www.navarroaubanell.com\/ca\/#\/schema\/logo\/image\/","url":"https:\/\/www.navarroaubanell.com\/wp-content\/uploads\/2017\/07\/logo-navarro-aubuanell.png","contentUrl":"https:\/\/www.navarroaubanell.com\/wp-content\/uploads\/2017\/07\/logo-navarro-aubuanell.png","width":6304,"height":1154,"caption":"COMERCIAL NAVARRO AUBANELL, S.A"},"image":{"@id":"https:\/\/www.navarroaubanell.com\/ca\/#\/schema\/logo\/image\/"}}]}},"_links":{"self":[{"href":"https:\/\/www.navarroaubanell.com\/ca\/wp-json\/wp\/v2\/product\/46836","targetHints":{"allow":["GET"]}}],"collection":[{"href":"https:\/\/www.navarroaubanell.com\/ca\/wp-json\/wp\/v2\/product"}],"about":[{"href":"https:\/\/www.navarroaubanell.com\/ca\/wp-json\/wp\/v2\/types\/product"}],"wp:featuredmedia":[{"embeddable":true,"href":"https:\/\/www.navarroaubanell.com\/ca\/wp-json\/wp\/v2\/media\/46816"}],"wp:attachment":[{"href":"https:\/\/www.navarroaubanell.com\/ca\/wp-json\/wp\/v2\/media?parent=46836"}],"wp:term":[{"taxonomy":"product_brand","embeddable":true,"href":"https:\/\/www.navarroaubanell.com\/ca\/wp-json\/wp\/v2\/product_brand?post=46836"},{"taxonomy":"product_cat","embeddable":true,"href":"https:\/\/www.navarroaubanell.com\/ca\/wp-json\/wp\/v2\/product_cat?post=46836"},{"taxonomy":"product_tag","embeddable":true,"href":"https:\/\/www.navarroaubanell.com\/ca\/wp-json\/wp\/v2\/product_tag?post=46836"}],"curies":[{"name":"wp","href":"https:\/\/api.w.org\/{rel}","templated":true}]}}