{"id":46741,"date":"2025-07-15T09:07:41","date_gmt":"2025-07-15T07:07:41","guid":{"rendered":"https:\/\/www.navarroaubanell.com\/producto\/sillon-palm-navarroaubanell\/"},"modified":"2025-07-15T09:26:28","modified_gmt":"2025-07-15T07:26:28","slug":"cadira-de-bracos-palm-navarroaubanell","status":"publish","type":"product","link":"https:\/\/www.navarroaubanell.com\/ca\/producte\/cadira-de-bracos-palm-navarroaubanell\/","title":{"rendered":"Cadira de bra\u00e7os Palm"},"content":{"rendered":"<h5 data-start=\"143\" data-end=\"208\">Cadira de bra\u00e7os Palm: disseny mediterrani i confort per a exteriors<\/h5>\n<h6 data-start=\"210\" data-end=\"261\">Est\u00e8tica acollidora amb \u00e0nima mediterr\u00e0nia<\/h6>\n<p data-start=\"262\" data-end=\"560\">La cadira de bra\u00e7os Palm destaca pel seu disseny ergon\u00f2mic i confortable, amb formes suaus arrodonides que evoquen l&#8217;ess\u00e8ncia de l&#8217;estil mediterrani. La seva est\u00e8tica moderna i relaxada el converteix en una opci\u00f3 ideal per a terrasses, jardins, zones chill out o espais amb ambient nocturn.<\/p>\n<h6 data-start=\"562\" data-end=\"617\">Material resistent, perfecte per a exteriors<\/h6>\n<p data-start=\"618\" data-end=\"828\">Fabricat en polietil\u00e8 d&#8217;alta qualitat, la cadira de bra\u00e7os Palm \u00e9s lleugera, resistent a la int\u00e8mperie i suporta temperatures extremes, el que el fa perfecte per al seu \u00fas en exteriors durant tot l&#8217;any.<\/p>\n<h6 data-start=\"830\" data-end=\"883\">Varietat de colors per a qualsevol ambient<\/h6>\n<p data-start=\"884\" data-end=\"1086\">Disponible en tres colors- blanc, bronze i taup\u00e9-, Palm s&#8217;adapta f\u00e0cilment a diferents estils decoratius, des d&#8217;espais naturals fins a ambients m\u00e9s urbans o minimalistes.<\/p>\n<h6 data-start=\"1088\" data-end=\"1130\">Opci\u00f3 amb il\u00b7luminaci\u00f3 integrada<\/h6>\n<p data-start=\"1131\" data-end=\"1386\">Per a un toc extra d&#8217;estil i funcionalitat, Palm tamb\u00e9 t\u00e9 una versi\u00f3 amb il\u00b7luminaci\u00f3 integrada, disponible mitjan\u00e7ant un kit cablejat o bateria solar. Una soluci\u00f3 perfecta per a crear ambients \u00fanics en terrasses i zones nocturnes.<\/p>\n","protected":false},"excerpt":{"rendered":"<p>Cadira de bra\u00e7os Palm: disseny mediterrani i confort per a exteriors Est\u00e8tica acollidora amb \u00e0nima mediterr\u00e0nia La cadira de bra\u00e7os Palm destaca pel seu disseny ergon\u00f2mic i confortable, amb formes suaus arrodonides que evoquen l&#8217;ess\u00e8ncia de l&#8217;estil mediterrani. La seva est\u00e8tica moderna i relaxada el converteix en una opci\u00f3 ideal per a terrasses, jardins, zones&hellip;<\/p>\n","protected":false},"featured_media":46729,"template":"","meta":{"_acf_changed":false},"product_brand":[],"product_cat":[1704,1693],"product_tag":[749,816,640,1279,1705],"class_list":{"0":"post-46741","1":"product","2":"type-product","3":"status-publish","4":"has-post-thumbnail","6":"product_cat-asientos-ca","7":"product_cat-chill-out-2-ca","8":"product_tag-cadira-de-barcos","9":"product_tag-chill-out-ca","10":"product_tag-exterior-ca","11":"product_tag-iluminacion-ca","12":"product_tag-noche-ca","13":"description-off","15":"first","16":"instock","17":"shipping-taxable","18":"product-type-simple"},"acf":[],"yoast_head":"<!-- This site is optimized with the Yoast SEO plugin v27.0 - https:\/\/yoast.com\/product\/yoast-seo-wordpress\/ -->\n<title>Cadira de bra\u00e7os Palm - Navarro Aubanell<\/title>\n<meta name=\"description\" content=\"Cadira de bra\u00e7os Palm amb disseny mediterrani, ideal per a exteriors. Lleuger, resistent, disponible amb llum i en diversos colors: blanc, bronze i taup\u00e9.\" \/>\n<meta name=\"robots\" content=\"index, follow, max-snippet:-1, max-image-preview:large, max-video-preview:-1\" \/>\n<link rel=\"canonical\" href=\"https:\/\/www.navarroaubanell.com\/ca\/producte\/cadira-de-bracos-palm-navarroaubanell\/\" \/>\n<meta property=\"og:locale\" content=\"ca_ES\" \/>\n<meta property=\"og:type\" content=\"article\" \/>\n<meta property=\"og:title\" content=\"Cadira de bra\u00e7os Palm - Navarro Aubanell\" \/>\n<meta property=\"og:description\" content=\"Cadira de bra\u00e7os Palm amb disseny mediterrani, ideal per a exteriors. Lleuger, resistent, disponible amb llum i en diversos colors: blanc, bronze i taup\u00e9.\" \/>\n<meta property=\"og:url\" content=\"https:\/\/www.navarroaubanell.com\/ca\/producte\/cadira-de-bracos-palm-navarroaubanell\/\" \/>\n<meta property=\"og:site_name\" content=\"Navarro Aubanell\" \/>\n<meta property=\"article:modified_time\" content=\"2025-07-15T07:26:28+00:00\" \/>\n<meta property=\"og:image\" content=\"https:\/\/www.navarroaubanell.com\/wp-content\/uploads\/2025\/07\/Sillon-Palm-1.png\" \/>\n\t<meta property=\"og:image:width\" content=\"800\" \/>\n\t<meta property=\"og:image:height\" content=\"650\" \/>\n\t<meta property=\"og:image:type\" content=\"image\/png\" \/>\n<meta name=\"twitter:label1\" content=\"Est. reading time\" \/>\n\t<meta name=\"twitter:data1\" content=\"2 minutes\" \/>\n<script type=\"application\/ld+json\" class=\"yoast-schema-graph\">{\"@context\":\"https:\/\/schema.org\",\"@graph\":[{\"@type\":\"WebPage\",\"@id\":\"https:\/\/www.navarroaubanell.com\/ca\/producte\/cadira-de-bracos-palm-navarroaubanell\/\",\"url\":\"https:\/\/www.navarroaubanell.com\/ca\/producte\/cadira-de-bracos-palm-navarroaubanell\/\",\"name\":\"Cadira de bra\u00e7os Palm - Navarro Aubanell\",\"isPartOf\":{\"@id\":\"https:\/\/www.navarroaubanell.com\/ca\/#website\"},\"primaryImageOfPage\":{\"@id\":\"https:\/\/www.navarroaubanell.com\/ca\/producte\/cadira-de-bracos-palm-navarroaubanell\/#primaryimage\"},\"image\":{\"@id\":\"https:\/\/www.navarroaubanell.com\/ca\/producte\/cadira-de-bracos-palm-navarroaubanell\/#primaryimage\"},\"thumbnailUrl\":\"https:\/\/www.navarroaubanell.com\/wp-content\/uploads\/2025\/07\/Sillon-Palm-1.png\",\"datePublished\":\"2025-07-15T07:07:41+00:00\",\"dateModified\":\"2025-07-15T07:26:28+00:00\",\"description\":\"Cadira de bra\u00e7os Palm amb disseny mediterrani, ideal per a exteriors. Lleuger, resistent, disponible amb llum i en diversos colors: blanc, bronze i taup\u00e9.\",\"breadcrumb\":{\"@id\":\"https:\/\/www.navarroaubanell.com\/ca\/producte\/cadira-de-bracos-palm-navarroaubanell\/#breadcrumb\"},\"inLanguage\":\"ca\",\"potentialAction\":[{\"@type\":\"ReadAction\",\"target\":[\"https:\/\/www.navarroaubanell.com\/ca\/producte\/cadira-de-bracos-palm-navarroaubanell\/\"]}]},{\"@type\":\"ImageObject\",\"inLanguage\":\"ca\",\"@id\":\"https:\/\/www.navarroaubanell.com\/ca\/producte\/cadira-de-bracos-palm-navarroaubanell\/#primaryimage\",\"url\":\"https:\/\/www.navarroaubanell.com\/wp-content\/uploads\/2025\/07\/Sillon-Palm-1.png\",\"contentUrl\":\"https:\/\/www.navarroaubanell.com\/wp-content\/uploads\/2025\/07\/Sillon-Palm-1.png\",\"width\":800,\"height\":650,\"caption\":\"Sill\u00f3n Palm\"},{\"@type\":\"BreadcrumbList\",\"@id\":\"https:\/\/www.navarroaubanell.com\/ca\/producte\/cadira-de-bracos-palm-navarroaubanell\/#breadcrumb\",\"itemListElement\":[{\"@type\":\"ListItem\",\"position\":1,\"name\":\"Portada\",\"item\":\"https:\/\/www.navarroaubanell.com\/ca\/\"},{\"@type\":\"ListItem\",\"position\":2,\"name\":\"Productes\",\"item\":\"https:\/\/www.navarroaubanell.com\/productos\/\"},{\"@type\":\"ListItem\",\"position\":3,\"name\":\"Cadira de bra\u00e7os Palm\"}]},{\"@type\":\"WebSite\",\"@id\":\"https:\/\/www.navarroaubanell.com\/ca\/#website\",\"url\":\"https:\/\/www.navarroaubanell.com\/ca\/\",\"name\":\"Navarro Aubanell\",\"description\":\"Mobiliario para hoteler\u00eda, colectividades y oficinas\",\"publisher\":{\"@id\":\"https:\/\/www.navarroaubanell.com\/ca\/#organization\"},\"potentialAction\":[{\"@type\":\"SearchAction\",\"target\":{\"@type\":\"EntryPoint\",\"urlTemplate\":\"https:\/\/www.navarroaubanell.com\/ca\/?s={search_term_string}\"},\"query-input\":{\"@type\":\"PropertyValueSpecification\",\"valueRequired\":true,\"valueName\":\"search_term_string\"}}],\"inLanguage\":\"ca\"},{\"@type\":\"Organization\",\"@id\":\"https:\/\/www.navarroaubanell.com\/ca\/#organization\",\"name\":\"COMERCIAL NAVARRO AUBANELL, S.A\",\"url\":\"https:\/\/www.navarroaubanell.com\/ca\/\",\"logo\":{\"@type\":\"ImageObject\",\"inLanguage\":\"ca\",\"@id\":\"https:\/\/www.navarroaubanell.com\/ca\/#\/schema\/logo\/image\/\",\"url\":\"https:\/\/www.navarroaubanell.com\/wp-content\/uploads\/2017\/07\/logo-navarro-aubuanell.png\",\"contentUrl\":\"https:\/\/www.navarroaubanell.com\/wp-content\/uploads\/2017\/07\/logo-navarro-aubuanell.png\",\"width\":6304,\"height\":1154,\"caption\":\"COMERCIAL NAVARRO AUBANELL, S.A\"},\"image\":{\"@id\":\"https:\/\/www.navarroaubanell.com\/ca\/#\/schema\/logo\/image\/\"}}]}<\/script>\n<!-- \/ Yoast SEO plugin. -->","yoast_head_json":{"title":"Cadira de bra\u00e7os Palm - Navarro Aubanell","description":"Cadira de bra\u00e7os Palm amb disseny mediterrani, ideal per a exteriors. Lleuger, resistent, disponible amb llum i en diversos colors: blanc, bronze i taup\u00e9.","robots":{"index":"index","follow":"follow","max-snippet":"max-snippet:-1","max-image-preview":"max-image-preview:large","max-video-preview":"max-video-preview:-1"},"canonical":"https:\/\/www.navarroaubanell.com\/ca\/producte\/cadira-de-bracos-palm-navarroaubanell\/","og_locale":"ca_ES","og_type":"article","og_title":"Cadira de bra\u00e7os Palm - Navarro Aubanell","og_description":"Cadira de bra\u00e7os Palm amb disseny mediterrani, ideal per a exteriors. Lleuger, resistent, disponible amb llum i en diversos colors: blanc, bronze i taup\u00e9.","og_url":"https:\/\/www.navarroaubanell.com\/ca\/producte\/cadira-de-bracos-palm-navarroaubanell\/","og_site_name":"Navarro Aubanell","article_modified_time":"2025-07-15T07:26:28+00:00","og_image":[{"width":800,"height":650,"url":"https:\/\/www.navarroaubanell.com\/wp-content\/uploads\/2025\/07\/Sillon-Palm-1.png","type":"image\/png"}],"twitter_misc":{"Est. reading time":"2 minutes"},"schema":{"@context":"https:\/\/schema.org","@graph":[{"@type":"WebPage","@id":"https:\/\/www.navarroaubanell.com\/ca\/producte\/cadira-de-bracos-palm-navarroaubanell\/","url":"https:\/\/www.navarroaubanell.com\/ca\/producte\/cadira-de-bracos-palm-navarroaubanell\/","name":"Cadira de bra\u00e7os Palm - Navarro Aubanell","isPartOf":{"@id":"https:\/\/www.navarroaubanell.com\/ca\/#website"},"primaryImageOfPage":{"@id":"https:\/\/www.navarroaubanell.com\/ca\/producte\/cadira-de-bracos-palm-navarroaubanell\/#primaryimage"},"image":{"@id":"https:\/\/www.navarroaubanell.com\/ca\/producte\/cadira-de-bracos-palm-navarroaubanell\/#primaryimage"},"thumbnailUrl":"https:\/\/www.navarroaubanell.com\/wp-content\/uploads\/2025\/07\/Sillon-Palm-1.png","datePublished":"2025-07-15T07:07:41+00:00","dateModified":"2025-07-15T07:26:28+00:00","description":"Cadira de bra\u00e7os Palm amb disseny mediterrani, ideal per a exteriors. Lleuger, resistent, disponible amb llum i en diversos colors: blanc, bronze i taup\u00e9.","breadcrumb":{"@id":"https:\/\/www.navarroaubanell.com\/ca\/producte\/cadira-de-bracos-palm-navarroaubanell\/#breadcrumb"},"inLanguage":"ca","potentialAction":[{"@type":"ReadAction","target":["https:\/\/www.navarroaubanell.com\/ca\/producte\/cadira-de-bracos-palm-navarroaubanell\/"]}]},{"@type":"ImageObject","inLanguage":"ca","@id":"https:\/\/www.navarroaubanell.com\/ca\/producte\/cadira-de-bracos-palm-navarroaubanell\/#primaryimage","url":"https:\/\/www.navarroaubanell.com\/wp-content\/uploads\/2025\/07\/Sillon-Palm-1.png","contentUrl":"https:\/\/www.navarroaubanell.com\/wp-content\/uploads\/2025\/07\/Sillon-Palm-1.png","width":800,"height":650,"caption":"Sill\u00f3n Palm"},{"@type":"BreadcrumbList","@id":"https:\/\/www.navarroaubanell.com\/ca\/producte\/cadira-de-bracos-palm-navarroaubanell\/#breadcrumb","itemListElement":[{"@type":"ListItem","position":1,"name":"Portada","item":"https:\/\/www.navarroaubanell.com\/ca\/"},{"@type":"ListItem","position":2,"name":"Productes","item":"https:\/\/www.navarroaubanell.com\/productos\/"},{"@type":"ListItem","position":3,"name":"Cadira de bra\u00e7os Palm"}]},{"@type":"WebSite","@id":"https:\/\/www.navarroaubanell.com\/ca\/#website","url":"https:\/\/www.navarroaubanell.com\/ca\/","name":"Navarro Aubanell","description":"Mobiliario para hoteler\u00eda, colectividades y oficinas","publisher":{"@id":"https:\/\/www.navarroaubanell.com\/ca\/#organization"},"potentialAction":[{"@type":"SearchAction","target":{"@type":"EntryPoint","urlTemplate":"https:\/\/www.navarroaubanell.com\/ca\/?s={search_term_string}"},"query-input":{"@type":"PropertyValueSpecification","valueRequired":true,"valueName":"search_term_string"}}],"inLanguage":"ca"},{"@type":"Organization","@id":"https:\/\/www.navarroaubanell.com\/ca\/#organization","name":"COMERCIAL NAVARRO AUBANELL, S.A","url":"https:\/\/www.navarroaubanell.com\/ca\/","logo":{"@type":"ImageObject","inLanguage":"ca","@id":"https:\/\/www.navarroaubanell.com\/ca\/#\/schema\/logo\/image\/","url":"https:\/\/www.navarroaubanell.com\/wp-content\/uploads\/2017\/07\/logo-navarro-aubuanell.png","contentUrl":"https:\/\/www.navarroaubanell.com\/wp-content\/uploads\/2017\/07\/logo-navarro-aubuanell.png","width":6304,"height":1154,"caption":"COMERCIAL NAVARRO AUBANELL, S.A"},"image":{"@id":"https:\/\/www.navarroaubanell.com\/ca\/#\/schema\/logo\/image\/"}}]}},"_links":{"self":[{"href":"https:\/\/www.navarroaubanell.com\/ca\/wp-json\/wp\/v2\/product\/46741","targetHints":{"allow":["GET"]}}],"collection":[{"href":"https:\/\/www.navarroaubanell.com\/ca\/wp-json\/wp\/v2\/product"}],"about":[{"href":"https:\/\/www.navarroaubanell.com\/ca\/wp-json\/wp\/v2\/types\/product"}],"wp:featuredmedia":[{"embeddable":true,"href":"https:\/\/www.navarroaubanell.com\/ca\/wp-json\/wp\/v2\/media\/46729"}],"wp:attachment":[{"href":"https:\/\/www.navarroaubanell.com\/ca\/wp-json\/wp\/v2\/media?parent=46741"}],"wp:term":[{"taxonomy":"product_brand","embeddable":true,"href":"https:\/\/www.navarroaubanell.com\/ca\/wp-json\/wp\/v2\/product_brand?post=46741"},{"taxonomy":"product_cat","embeddable":true,"href":"https:\/\/www.navarroaubanell.com\/ca\/wp-json\/wp\/v2\/product_cat?post=46741"},{"taxonomy":"product_tag","embeddable":true,"href":"https:\/\/www.navarroaubanell.com\/ca\/wp-json\/wp\/v2\/product_tag?post=46741"}],"curies":[{"name":"wp","href":"https:\/\/api.w.org\/{rel}","templated":true}]}}