{"id":46705,"date":"2025-07-14T11:01:51","date_gmt":"2025-07-14T09:01:51","guid":{"rendered":"https:\/\/www.navarroaubanell.com\/producto\/sillon-neo-navarroaubanell\/"},"modified":"2025-07-14T11:23:48","modified_gmt":"2025-07-14T09:23:48","slug":"lounge-neo-navarroaubanell","status":"publish","type":"product","link":"https:\/\/www.navarroaubanell.com\/ca\/producte\/lounge-neo-navarroaubanell\/","title":{"rendered":"Lounge Neo"},"content":{"rendered":"<h5 data-start=\"157\" data-end=\"219\">Lounge Neo: disseny modern i resistent per a exteriors<\/h5>\n<p data-start=\"281\" data-end=\"538\">El lounge Neo \u00e9s l&#8217;elecci\u00f3 ideal per als qui busquen mobiliari d&#8217;exterior amb car\u00e0cter. El seu disseny de l\u00ednies rectes i est\u00e8tica contempor\u00e0nia el converteixen en una pe\u00e7a cridanera que aporta estil tant en ambients di\u00fcrns com en espais nocturns.<\/p>\n<h6 data-start=\"540\" data-end=\"596\">Fabricat en polietil\u00e8: durabilitat i lleugeresa<\/h6>\n<p data-start=\"598\" data-end=\"865\">Noe est\u00e0 fabricat en polietil\u00e8 d&#8217;alta qualitat, un material que destaca per la seva resist\u00e8ncia als agents clim\u00e0tics, als raigs UV i a les temperatures extremes. A m\u00e9s, \u00e9s lleuger, el que facilita el seu transport i reubicaci\u00f3 en qualsevol classe d&#8217;espai exterior.<\/p>\n<h6 data-start=\"867\" data-end=\"913\">Confort garantit amb coix\u00ed incl\u00f2s<\/h6>\n<p data-start=\"915\" data-end=\"1075\">Per a augmentar la comoditat, el loung inclou un coix\u00ed de polipell, f\u00e0cil de mantenir i perfecte per a un \u00fas prolongat tant en exteriors com en interiors.<\/p>\n<h6 data-start=\"1077\" data-end=\"1141\">Disponible en diversos colors i amb opci\u00f3 d&#8217;il\u00b7luminaci\u00f3<\/h6>\n<p data-start=\"1143\" data-end=\"1368\">Noe t\u00e9 una \u00e0mplia gamma de colors i acabats personalitzats, permetent adaptar-se a l&#8217;estil de cada entorn. A m\u00e9s, ofereix una opci\u00f3 d&#8217;il\u00b7luminaci\u00f3 integrada, ideal per a crear ambients \u00fanics a la nit.<\/p>\n<p data-start=\"1370\" data-end=\"1390\">Es pot escollir entre:<\/p>\n<ul data-start=\"1391\" data-end=\"1509\">\n<li data-start=\"1391\" data-end=\"1419\">\n<p data-start=\"1393\" data-end=\"1419\">Kit d&#8217;il\u00b7luminaci\u00f3 LED<\/p>\n<\/li>\n<li data-start=\"1420\" data-end=\"1509\">\n<p data-start=\"1422\" data-end=\"1509\">Kit amb bateria i connexi\u00f3 Bluetooth, ambd\u00f3s disponibles en diferents tons de llum.<\/p>\n<\/li>\n<\/ul>\n","protected":false},"excerpt":{"rendered":"<p>Lounge Neo: disseny modern i resistent per a exteriors El lounge Neo \u00e9s l&#8217;elecci\u00f3 ideal per als qui busquen mobiliari d&#8217;exterior amb car\u00e0cter. El seu disseny de l\u00ednies rectes i est\u00e8tica contempor\u00e0nia el converteixen en una pe\u00e7a cridanera que aporta estil tant en ambients di\u00fcrns com en espais nocturns. Fabricat en polietil\u00e8: durabilitat i lleugeresa&hellip;<\/p>\n","protected":false},"featured_media":46687,"template":"","meta":{"_acf_changed":false},"product_brand":[],"product_cat":[1704,1693],"product_tag":[1707,1637,640,1279,1705],"class_list":{"0":"post-46705","1":"product","2":"type-product","3":"status-publish","4":"has-post-thumbnail","6":"product_cat-asientos-ca","7":"product_cat-chill-out-2-ca","8":"product_tag-asiento-ca","9":"product_tag-chil-out-ca","10":"product_tag-exterior-ca","11":"product_tag-iluminacion-ca","12":"product_tag-noche-ca","13":"description-off","15":"first","16":"instock","17":"shipping-taxable","18":"product-type-simple"},"acf":[],"yoast_head":"<!-- This site is optimized with the Yoast SEO plugin v27.0 - https:\/\/yoast.com\/product\/yoast-seo-wordpress\/ -->\n<title>Lounge Neo - Navarro Aubanell<\/title>\n<meta name=\"description\" content=\"Lounge Neo de disseny modern i resistent, ideal per a exteriors. Disponible en diversos colors i amb opci\u00f3 d&#039;il\u00b7luminaci\u00f3 LED o Bluetooth, amb coix\u00ed.\" \/>\n<meta name=\"robots\" content=\"index, follow, max-snippet:-1, max-image-preview:large, max-video-preview:-1\" \/>\n<link rel=\"canonical\" href=\"https:\/\/www.navarroaubanell.com\/ca\/producte\/lounge-neo-navarroaubanell\/\" \/>\n<meta property=\"og:locale\" content=\"ca_ES\" \/>\n<meta property=\"og:type\" content=\"article\" \/>\n<meta property=\"og:title\" content=\"Lounge Neo - Navarro Aubanell\" \/>\n<meta property=\"og:description\" content=\"Lounge Neo de disseny modern i resistent, ideal per a exteriors. Disponible en diversos colors i amb opci\u00f3 d&#039;il\u00b7luminaci\u00f3 LED o Bluetooth, amb coix\u00ed.\" \/>\n<meta property=\"og:url\" content=\"https:\/\/www.navarroaubanell.com\/ca\/producte\/lounge-neo-navarroaubanell\/\" \/>\n<meta property=\"og:site_name\" content=\"Navarro Aubanell\" \/>\n<meta property=\"article:modified_time\" content=\"2025-07-14T09:23:48+00:00\" \/>\n<meta property=\"og:image\" content=\"https:\/\/www.navarroaubanell.com\/wp-content\/uploads\/2025\/07\/Asiento-Neo-2.png\" \/>\n\t<meta property=\"og:image:width\" content=\"800\" \/>\n\t<meta property=\"og:image:height\" content=\"650\" \/>\n\t<meta property=\"og:image:type\" content=\"image\/png\" \/>\n<meta name=\"twitter:label1\" content=\"Est. reading time\" \/>\n\t<meta name=\"twitter:data1\" content=\"2 minutes\" \/>\n<script type=\"application\/ld+json\" class=\"yoast-schema-graph\">{\"@context\":\"https:\/\/schema.org\",\"@graph\":[{\"@type\":\"WebPage\",\"@id\":\"https:\/\/www.navarroaubanell.com\/ca\/producte\/lounge-neo-navarroaubanell\/\",\"url\":\"https:\/\/www.navarroaubanell.com\/ca\/producte\/lounge-neo-navarroaubanell\/\",\"name\":\"Lounge Neo - Navarro Aubanell\",\"isPartOf\":{\"@id\":\"https:\/\/www.navarroaubanell.com\/ca\/#website\"},\"primaryImageOfPage\":{\"@id\":\"https:\/\/www.navarroaubanell.com\/ca\/producte\/lounge-neo-navarroaubanell\/#primaryimage\"},\"image\":{\"@id\":\"https:\/\/www.navarroaubanell.com\/ca\/producte\/lounge-neo-navarroaubanell\/#primaryimage\"},\"thumbnailUrl\":\"https:\/\/www.navarroaubanell.com\/wp-content\/uploads\/2025\/07\/Asiento-Neo-2.png\",\"datePublished\":\"2025-07-14T09:01:51+00:00\",\"dateModified\":\"2025-07-14T09:23:48+00:00\",\"description\":\"Lounge Neo de disseny modern i resistent, ideal per a exteriors. Disponible en diversos colors i amb opci\u00f3 d'il\u00b7luminaci\u00f3 LED o Bluetooth, amb coix\u00ed.\",\"breadcrumb\":{\"@id\":\"https:\/\/www.navarroaubanell.com\/ca\/producte\/lounge-neo-navarroaubanell\/#breadcrumb\"},\"inLanguage\":\"ca\",\"potentialAction\":[{\"@type\":\"ReadAction\",\"target\":[\"https:\/\/www.navarroaubanell.com\/ca\/producte\/lounge-neo-navarroaubanell\/\"]}]},{\"@type\":\"ImageObject\",\"inLanguage\":\"ca\",\"@id\":\"https:\/\/www.navarroaubanell.com\/ca\/producte\/lounge-neo-navarroaubanell\/#primaryimage\",\"url\":\"https:\/\/www.navarroaubanell.com\/wp-content\/uploads\/2025\/07\/Asiento-Neo-2.png\",\"contentUrl\":\"https:\/\/www.navarroaubanell.com\/wp-content\/uploads\/2025\/07\/Asiento-Neo-2.png\",\"width\":800,\"height\":650,\"caption\":\"Sill\u00f3n Neo\"},{\"@type\":\"BreadcrumbList\",\"@id\":\"https:\/\/www.navarroaubanell.com\/ca\/producte\/lounge-neo-navarroaubanell\/#breadcrumb\",\"itemListElement\":[{\"@type\":\"ListItem\",\"position\":1,\"name\":\"Portada\",\"item\":\"https:\/\/www.navarroaubanell.com\/ca\/\"},{\"@type\":\"ListItem\",\"position\":2,\"name\":\"Productes\",\"item\":\"https:\/\/www.navarroaubanell.com\/productos\/\"},{\"@type\":\"ListItem\",\"position\":3,\"name\":\"Lounge Neo\"}]},{\"@type\":\"WebSite\",\"@id\":\"https:\/\/www.navarroaubanell.com\/ca\/#website\",\"url\":\"https:\/\/www.navarroaubanell.com\/ca\/\",\"name\":\"Navarro Aubanell\",\"description\":\"Mobiliario para hoteler\u00eda, colectividades y oficinas\",\"publisher\":{\"@id\":\"https:\/\/www.navarroaubanell.com\/ca\/#organization\"},\"potentialAction\":[{\"@type\":\"SearchAction\",\"target\":{\"@type\":\"EntryPoint\",\"urlTemplate\":\"https:\/\/www.navarroaubanell.com\/ca\/?s={search_term_string}\"},\"query-input\":{\"@type\":\"PropertyValueSpecification\",\"valueRequired\":true,\"valueName\":\"search_term_string\"}}],\"inLanguage\":\"ca\"},{\"@type\":\"Organization\",\"@id\":\"https:\/\/www.navarroaubanell.com\/ca\/#organization\",\"name\":\"COMERCIAL NAVARRO AUBANELL, S.A\",\"url\":\"https:\/\/www.navarroaubanell.com\/ca\/\",\"logo\":{\"@type\":\"ImageObject\",\"inLanguage\":\"ca\",\"@id\":\"https:\/\/www.navarroaubanell.com\/ca\/#\/schema\/logo\/image\/\",\"url\":\"https:\/\/www.navarroaubanell.com\/wp-content\/uploads\/2017\/07\/logo-navarro-aubuanell.png\",\"contentUrl\":\"https:\/\/www.navarroaubanell.com\/wp-content\/uploads\/2017\/07\/logo-navarro-aubuanell.png\",\"width\":6304,\"height\":1154,\"caption\":\"COMERCIAL NAVARRO AUBANELL, S.A\"},\"image\":{\"@id\":\"https:\/\/www.navarroaubanell.com\/ca\/#\/schema\/logo\/image\/\"}}]}<\/script>\n<!-- \/ Yoast SEO plugin. -->","yoast_head_json":{"title":"Lounge Neo - Navarro Aubanell","description":"Lounge Neo de disseny modern i resistent, ideal per a exteriors. Disponible en diversos colors i amb opci\u00f3 d'il\u00b7luminaci\u00f3 LED o Bluetooth, amb coix\u00ed.","robots":{"index":"index","follow":"follow","max-snippet":"max-snippet:-1","max-image-preview":"max-image-preview:large","max-video-preview":"max-video-preview:-1"},"canonical":"https:\/\/www.navarroaubanell.com\/ca\/producte\/lounge-neo-navarroaubanell\/","og_locale":"ca_ES","og_type":"article","og_title":"Lounge Neo - Navarro Aubanell","og_description":"Lounge Neo de disseny modern i resistent, ideal per a exteriors. Disponible en diversos colors i amb opci\u00f3 d'il\u00b7luminaci\u00f3 LED o Bluetooth, amb coix\u00ed.","og_url":"https:\/\/www.navarroaubanell.com\/ca\/producte\/lounge-neo-navarroaubanell\/","og_site_name":"Navarro Aubanell","article_modified_time":"2025-07-14T09:23:48+00:00","og_image":[{"width":800,"height":650,"url":"https:\/\/www.navarroaubanell.com\/wp-content\/uploads\/2025\/07\/Asiento-Neo-2.png","type":"image\/png"}],"twitter_misc":{"Est. reading time":"2 minutes"},"schema":{"@context":"https:\/\/schema.org","@graph":[{"@type":"WebPage","@id":"https:\/\/www.navarroaubanell.com\/ca\/producte\/lounge-neo-navarroaubanell\/","url":"https:\/\/www.navarroaubanell.com\/ca\/producte\/lounge-neo-navarroaubanell\/","name":"Lounge Neo - Navarro Aubanell","isPartOf":{"@id":"https:\/\/www.navarroaubanell.com\/ca\/#website"},"primaryImageOfPage":{"@id":"https:\/\/www.navarroaubanell.com\/ca\/producte\/lounge-neo-navarroaubanell\/#primaryimage"},"image":{"@id":"https:\/\/www.navarroaubanell.com\/ca\/producte\/lounge-neo-navarroaubanell\/#primaryimage"},"thumbnailUrl":"https:\/\/www.navarroaubanell.com\/wp-content\/uploads\/2025\/07\/Asiento-Neo-2.png","datePublished":"2025-07-14T09:01:51+00:00","dateModified":"2025-07-14T09:23:48+00:00","description":"Lounge Neo de disseny modern i resistent, ideal per a exteriors. Disponible en diversos colors i amb opci\u00f3 d'il\u00b7luminaci\u00f3 LED o Bluetooth, amb coix\u00ed.","breadcrumb":{"@id":"https:\/\/www.navarroaubanell.com\/ca\/producte\/lounge-neo-navarroaubanell\/#breadcrumb"},"inLanguage":"ca","potentialAction":[{"@type":"ReadAction","target":["https:\/\/www.navarroaubanell.com\/ca\/producte\/lounge-neo-navarroaubanell\/"]}]},{"@type":"ImageObject","inLanguage":"ca","@id":"https:\/\/www.navarroaubanell.com\/ca\/producte\/lounge-neo-navarroaubanell\/#primaryimage","url":"https:\/\/www.navarroaubanell.com\/wp-content\/uploads\/2025\/07\/Asiento-Neo-2.png","contentUrl":"https:\/\/www.navarroaubanell.com\/wp-content\/uploads\/2025\/07\/Asiento-Neo-2.png","width":800,"height":650,"caption":"Sill\u00f3n Neo"},{"@type":"BreadcrumbList","@id":"https:\/\/www.navarroaubanell.com\/ca\/producte\/lounge-neo-navarroaubanell\/#breadcrumb","itemListElement":[{"@type":"ListItem","position":1,"name":"Portada","item":"https:\/\/www.navarroaubanell.com\/ca\/"},{"@type":"ListItem","position":2,"name":"Productes","item":"https:\/\/www.navarroaubanell.com\/productos\/"},{"@type":"ListItem","position":3,"name":"Lounge Neo"}]},{"@type":"WebSite","@id":"https:\/\/www.navarroaubanell.com\/ca\/#website","url":"https:\/\/www.navarroaubanell.com\/ca\/","name":"Navarro Aubanell","description":"Mobiliario para hoteler\u00eda, colectividades y oficinas","publisher":{"@id":"https:\/\/www.navarroaubanell.com\/ca\/#organization"},"potentialAction":[{"@type":"SearchAction","target":{"@type":"EntryPoint","urlTemplate":"https:\/\/www.navarroaubanell.com\/ca\/?s={search_term_string}"},"query-input":{"@type":"PropertyValueSpecification","valueRequired":true,"valueName":"search_term_string"}}],"inLanguage":"ca"},{"@type":"Organization","@id":"https:\/\/www.navarroaubanell.com\/ca\/#organization","name":"COMERCIAL NAVARRO AUBANELL, S.A","url":"https:\/\/www.navarroaubanell.com\/ca\/","logo":{"@type":"ImageObject","inLanguage":"ca","@id":"https:\/\/www.navarroaubanell.com\/ca\/#\/schema\/logo\/image\/","url":"https:\/\/www.navarroaubanell.com\/wp-content\/uploads\/2017\/07\/logo-navarro-aubuanell.png","contentUrl":"https:\/\/www.navarroaubanell.com\/wp-content\/uploads\/2017\/07\/logo-navarro-aubuanell.png","width":6304,"height":1154,"caption":"COMERCIAL NAVARRO AUBANELL, S.A"},"image":{"@id":"https:\/\/www.navarroaubanell.com\/ca\/#\/schema\/logo\/image\/"}}]}},"_links":{"self":[{"href":"https:\/\/www.navarroaubanell.com\/ca\/wp-json\/wp\/v2\/product\/46705","targetHints":{"allow":["GET"]}}],"collection":[{"href":"https:\/\/www.navarroaubanell.com\/ca\/wp-json\/wp\/v2\/product"}],"about":[{"href":"https:\/\/www.navarroaubanell.com\/ca\/wp-json\/wp\/v2\/types\/product"}],"wp:featuredmedia":[{"embeddable":true,"href":"https:\/\/www.navarroaubanell.com\/ca\/wp-json\/wp\/v2\/media\/46687"}],"wp:attachment":[{"href":"https:\/\/www.navarroaubanell.com\/ca\/wp-json\/wp\/v2\/media?parent=46705"}],"wp:term":[{"taxonomy":"product_brand","embeddable":true,"href":"https:\/\/www.navarroaubanell.com\/ca\/wp-json\/wp\/v2\/product_brand?post=46705"},{"taxonomy":"product_cat","embeddable":true,"href":"https:\/\/www.navarroaubanell.com\/ca\/wp-json\/wp\/v2\/product_cat?post=46705"},{"taxonomy":"product_tag","embeddable":true,"href":"https:\/\/www.navarroaubanell.com\/ca\/wp-json\/wp\/v2\/product_tag?post=46705"}],"curies":[{"name":"wp","href":"https:\/\/api.w.org\/{rel}","templated":true}]}}