{"id":46659,"date":"2025-07-11T11:02:42","date_gmt":"2025-07-11T09:02:42","guid":{"rendered":"https:\/\/www.navarroaubanell.com\/producto\/taburete-durrell-navarroaubanell\/"},"modified":"2025-07-11T12:55:58","modified_gmt":"2025-07-11T10:55:58","slug":"tamboret-durrell-navarroaubanell","status":"publish","type":"product","link":"https:\/\/www.navarroaubanell.com\/ca\/producte\/tamboret-durrell-navarroaubanell\/","title":{"rendered":"Tamboret Durrell"},"content":{"rendered":"<h5 data-start=\"187\" data-end=\"283\">Tamboret Durrell: disseny minimalista i resist\u00e8ncia per a espais exteriors i interiors<\/h5>\n<p data-start=\"335\" data-end=\"665\">El tamboret Durrell destaca pel seu disseny minimalista i contemporani, ideal per a terrasses, bars, lounges o zones chill out. La seva pres\u00e8ncia elegant el converteix en un element clau per crear atmosferes exclusives, especialment en ambients nocturns.<\/p>\n<h6 data-start=\"667\" data-end=\"731\">Fabricat en polietil\u00e8: resistent, durador i lleuger<\/h6>\n<p data-start=\"733\" data-end=\"1085\">Durrell est\u00e0 fabricat en polietil\u00e8 d&#8217;alta qualitat, un material que ofereix una gran resist\u00e8ncia als cops, durabilitats davant les inclem\u00e8ncies del temps i lleugeresa per a facilitar la seva mobilitat. \u00c9s perfecte per al seu \u00fas tant en exterior com en interior, incl\u00fas en zones amb temperatures extremes.<\/p>\n<h6 data-start=\"1087\" data-end=\"1154\">Opci\u00f3 d&#8217;il\u00b7luminaci\u00f3 LED: funcionalitat i ambient<\/h6>\n<p data-start=\"1156\" data-end=\"1446\">El sistema d&#8217;il\u00b7luminaci\u00f3 opcional transforma el tamboret Durrell en una pe\u00e7a funcional i decorativa. Pot ser mitjan\u00e7ant un kit d&#8217;il\u00b7luminaci\u00f3 cablejat o un kit amb bateria i connexi\u00f3 Blouetooth, ideal per a crear ambients acollidors sense la necessitat d&#8217;instal\u00b7lacions complexes.<\/p>\n<h6 data-start=\"1448\" data-end=\"1502\">Disponible en dues al\u00e7ades: versatilitat total<\/h6>\n<p data-start=\"1504\" data-end=\"1764\">Per adaptar-se a diferents espais i usos, el tamboret Durrell est\u00e0 disponible en dues al\u00e7ades. Aquesta versatilitat el converteix en una opci\u00f3 excel\u00b7lent tant per a taules altes com per a barres, ajustant-se a les necessitats de cada projecte.<\/p>\n","protected":false},"excerpt":{"rendered":"<p>Tamboret Durrell: disseny minimalista i resist\u00e8ncia per a espais exteriors i interiors El tamboret Durrell destaca pel seu disseny minimalista i contemporani, ideal per a terrasses, bars, lounges o zones chill out. La seva pres\u00e8ncia elegant el converteix en un element clau per crear atmosferes exclusives, especialment en ambients nocturns. Fabricat en polietil\u00e8: resistent, durador&hellip;<\/p>\n","protected":false},"featured_media":46645,"template":"","meta":{"_acf_changed":false},"product_brand":[],"product_cat":[1704,1693],"product_tag":[816,640,1705,769],"class_list":{"0":"post-46659","1":"product","2":"type-product","3":"status-publish","4":"has-post-thumbnail","6":"product_cat-asientos-ca","7":"product_cat-chill-out-2-ca","8":"product_tag-chill-out-ca","9":"product_tag-exterior-ca","10":"product_tag-noche-ca","11":"product_tag-tamboret","12":"description-off","14":"first","15":"instock","16":"shipping-taxable","17":"product-type-simple"},"acf":[],"yoast_head":"<!-- This site is optimized with the Yoast SEO plugin v27.0 - https:\/\/yoast.com\/product\/yoast-seo-wordpress\/ -->\n<title>Tamboret Durrell - Navarro Aubanell<\/title>\n<meta name=\"description\" content=\"Tamboret Durrell de polietil\u00e8, resistent i lleuger. Disponible en dues altures i amb opci\u00f3 d&#039;il\u00b7luminaci\u00f3 LED per a espais exteriors i interiors.\" \/>\n<meta name=\"robots\" content=\"index, follow, max-snippet:-1, max-image-preview:large, max-video-preview:-1\" \/>\n<link rel=\"canonical\" href=\"https:\/\/www.navarroaubanell.com\/ca\/producte\/tamboret-durrell-navarroaubanell\/\" \/>\n<meta property=\"og:locale\" content=\"ca_ES\" \/>\n<meta property=\"og:type\" content=\"article\" \/>\n<meta property=\"og:title\" content=\"Tamboret Durrell - Navarro Aubanell\" \/>\n<meta property=\"og:description\" content=\"Tamboret Durrell de polietil\u00e8, resistent i lleuger. Disponible en dues altures i amb opci\u00f3 d&#039;il\u00b7luminaci\u00f3 LED per a espais exteriors i interiors.\" \/>\n<meta property=\"og:url\" content=\"https:\/\/www.navarroaubanell.com\/ca\/producte\/tamboret-durrell-navarroaubanell\/\" \/>\n<meta property=\"og:site_name\" content=\"Navarro Aubanell\" \/>\n<meta property=\"article:modified_time\" content=\"2025-07-11T10:55:58+00:00\" \/>\n<meta property=\"og:image\" content=\"https:\/\/www.navarroaubanell.com\/wp-content\/uploads\/2025\/07\/taburete-Durrell-1.png\" \/>\n\t<meta property=\"og:image:width\" content=\"1280\" \/>\n\t<meta property=\"og:image:height\" content=\"1040\" \/>\n\t<meta property=\"og:image:type\" content=\"image\/png\" \/>\n<meta name=\"twitter:label1\" content=\"Est. reading time\" \/>\n\t<meta name=\"twitter:data1\" content=\"2 minutes\" \/>\n<script type=\"application\/ld+json\" class=\"yoast-schema-graph\">{\"@context\":\"https:\/\/schema.org\",\"@graph\":[{\"@type\":\"WebPage\",\"@id\":\"https:\/\/www.navarroaubanell.com\/ca\/producte\/tamboret-durrell-navarroaubanell\/\",\"url\":\"https:\/\/www.navarroaubanell.com\/ca\/producte\/tamboret-durrell-navarroaubanell\/\",\"name\":\"Tamboret Durrell - Navarro Aubanell\",\"isPartOf\":{\"@id\":\"https:\/\/www.navarroaubanell.com\/ca\/#website\"},\"primaryImageOfPage\":{\"@id\":\"https:\/\/www.navarroaubanell.com\/ca\/producte\/tamboret-durrell-navarroaubanell\/#primaryimage\"},\"image\":{\"@id\":\"https:\/\/www.navarroaubanell.com\/ca\/producte\/tamboret-durrell-navarroaubanell\/#primaryimage\"},\"thumbnailUrl\":\"https:\/\/www.navarroaubanell.com\/wp-content\/uploads\/2025\/07\/taburete-Durrell-1.png\",\"datePublished\":\"2025-07-11T09:02:42+00:00\",\"dateModified\":\"2025-07-11T10:55:58+00:00\",\"description\":\"Tamboret Durrell de polietil\u00e8, resistent i lleuger. Disponible en dues altures i amb opci\u00f3 d'il\u00b7luminaci\u00f3 LED per a espais exteriors i interiors.\",\"breadcrumb\":{\"@id\":\"https:\/\/www.navarroaubanell.com\/ca\/producte\/tamboret-durrell-navarroaubanell\/#breadcrumb\"},\"inLanguage\":\"ca\",\"potentialAction\":[{\"@type\":\"ReadAction\",\"target\":[\"https:\/\/www.navarroaubanell.com\/ca\/producte\/tamboret-durrell-navarroaubanell\/\"]}]},{\"@type\":\"ImageObject\",\"inLanguage\":\"ca\",\"@id\":\"https:\/\/www.navarroaubanell.com\/ca\/producte\/tamboret-durrell-navarroaubanell\/#primaryimage\",\"url\":\"https:\/\/www.navarroaubanell.com\/wp-content\/uploads\/2025\/07\/taburete-Durrell-1.png\",\"contentUrl\":\"https:\/\/www.navarroaubanell.com\/wp-content\/uploads\/2025\/07\/taburete-Durrell-1.png\",\"width\":1280,\"height\":1040,\"caption\":\"taburete Durrell\"},{\"@type\":\"BreadcrumbList\",\"@id\":\"https:\/\/www.navarroaubanell.com\/ca\/producte\/tamboret-durrell-navarroaubanell\/#breadcrumb\",\"itemListElement\":[{\"@type\":\"ListItem\",\"position\":1,\"name\":\"Portada\",\"item\":\"https:\/\/www.navarroaubanell.com\/ca\/\"},{\"@type\":\"ListItem\",\"position\":2,\"name\":\"Productes\",\"item\":\"https:\/\/www.navarroaubanell.com\/productos\/\"},{\"@type\":\"ListItem\",\"position\":3,\"name\":\"Tamboret Durrell\"}]},{\"@type\":\"WebSite\",\"@id\":\"https:\/\/www.navarroaubanell.com\/ca\/#website\",\"url\":\"https:\/\/www.navarroaubanell.com\/ca\/\",\"name\":\"Navarro Aubanell\",\"description\":\"Mobiliario para hoteler\u00eda, colectividades y oficinas\",\"publisher\":{\"@id\":\"https:\/\/www.navarroaubanell.com\/ca\/#organization\"},\"potentialAction\":[{\"@type\":\"SearchAction\",\"target\":{\"@type\":\"EntryPoint\",\"urlTemplate\":\"https:\/\/www.navarroaubanell.com\/ca\/?s={search_term_string}\"},\"query-input\":{\"@type\":\"PropertyValueSpecification\",\"valueRequired\":true,\"valueName\":\"search_term_string\"}}],\"inLanguage\":\"ca\"},{\"@type\":\"Organization\",\"@id\":\"https:\/\/www.navarroaubanell.com\/ca\/#organization\",\"name\":\"COMERCIAL NAVARRO AUBANELL, S.A\",\"url\":\"https:\/\/www.navarroaubanell.com\/ca\/\",\"logo\":{\"@type\":\"ImageObject\",\"inLanguage\":\"ca\",\"@id\":\"https:\/\/www.navarroaubanell.com\/ca\/#\/schema\/logo\/image\/\",\"url\":\"https:\/\/www.navarroaubanell.com\/wp-content\/uploads\/2017\/07\/logo-navarro-aubuanell.png\",\"contentUrl\":\"https:\/\/www.navarroaubanell.com\/wp-content\/uploads\/2017\/07\/logo-navarro-aubuanell.png\",\"width\":6304,\"height\":1154,\"caption\":\"COMERCIAL NAVARRO AUBANELL, S.A\"},\"image\":{\"@id\":\"https:\/\/www.navarroaubanell.com\/ca\/#\/schema\/logo\/image\/\"}}]}<\/script>\n<!-- \/ Yoast SEO plugin. -->","yoast_head_json":{"title":"Tamboret Durrell - Navarro Aubanell","description":"Tamboret Durrell de polietil\u00e8, resistent i lleuger. Disponible en dues altures i amb opci\u00f3 d'il\u00b7luminaci\u00f3 LED per a espais exteriors i interiors.","robots":{"index":"index","follow":"follow","max-snippet":"max-snippet:-1","max-image-preview":"max-image-preview:large","max-video-preview":"max-video-preview:-1"},"canonical":"https:\/\/www.navarroaubanell.com\/ca\/producte\/tamboret-durrell-navarroaubanell\/","og_locale":"ca_ES","og_type":"article","og_title":"Tamboret Durrell - Navarro Aubanell","og_description":"Tamboret Durrell de polietil\u00e8, resistent i lleuger. Disponible en dues altures i amb opci\u00f3 d'il\u00b7luminaci\u00f3 LED per a espais exteriors i interiors.","og_url":"https:\/\/www.navarroaubanell.com\/ca\/producte\/tamboret-durrell-navarroaubanell\/","og_site_name":"Navarro Aubanell","article_modified_time":"2025-07-11T10:55:58+00:00","og_image":[{"width":1280,"height":1040,"url":"https:\/\/www.navarroaubanell.com\/wp-content\/uploads\/2025\/07\/taburete-Durrell-1.png","type":"image\/png"}],"twitter_misc":{"Est. reading time":"2 minutes"},"schema":{"@context":"https:\/\/schema.org","@graph":[{"@type":"WebPage","@id":"https:\/\/www.navarroaubanell.com\/ca\/producte\/tamboret-durrell-navarroaubanell\/","url":"https:\/\/www.navarroaubanell.com\/ca\/producte\/tamboret-durrell-navarroaubanell\/","name":"Tamboret Durrell - Navarro Aubanell","isPartOf":{"@id":"https:\/\/www.navarroaubanell.com\/ca\/#website"},"primaryImageOfPage":{"@id":"https:\/\/www.navarroaubanell.com\/ca\/producte\/tamboret-durrell-navarroaubanell\/#primaryimage"},"image":{"@id":"https:\/\/www.navarroaubanell.com\/ca\/producte\/tamboret-durrell-navarroaubanell\/#primaryimage"},"thumbnailUrl":"https:\/\/www.navarroaubanell.com\/wp-content\/uploads\/2025\/07\/taburete-Durrell-1.png","datePublished":"2025-07-11T09:02:42+00:00","dateModified":"2025-07-11T10:55:58+00:00","description":"Tamboret Durrell de polietil\u00e8, resistent i lleuger. Disponible en dues altures i amb opci\u00f3 d'il\u00b7luminaci\u00f3 LED per a espais exteriors i interiors.","breadcrumb":{"@id":"https:\/\/www.navarroaubanell.com\/ca\/producte\/tamboret-durrell-navarroaubanell\/#breadcrumb"},"inLanguage":"ca","potentialAction":[{"@type":"ReadAction","target":["https:\/\/www.navarroaubanell.com\/ca\/producte\/tamboret-durrell-navarroaubanell\/"]}]},{"@type":"ImageObject","inLanguage":"ca","@id":"https:\/\/www.navarroaubanell.com\/ca\/producte\/tamboret-durrell-navarroaubanell\/#primaryimage","url":"https:\/\/www.navarroaubanell.com\/wp-content\/uploads\/2025\/07\/taburete-Durrell-1.png","contentUrl":"https:\/\/www.navarroaubanell.com\/wp-content\/uploads\/2025\/07\/taburete-Durrell-1.png","width":1280,"height":1040,"caption":"taburete Durrell"},{"@type":"BreadcrumbList","@id":"https:\/\/www.navarroaubanell.com\/ca\/producte\/tamboret-durrell-navarroaubanell\/#breadcrumb","itemListElement":[{"@type":"ListItem","position":1,"name":"Portada","item":"https:\/\/www.navarroaubanell.com\/ca\/"},{"@type":"ListItem","position":2,"name":"Productes","item":"https:\/\/www.navarroaubanell.com\/productos\/"},{"@type":"ListItem","position":3,"name":"Tamboret Durrell"}]},{"@type":"WebSite","@id":"https:\/\/www.navarroaubanell.com\/ca\/#website","url":"https:\/\/www.navarroaubanell.com\/ca\/","name":"Navarro Aubanell","description":"Mobiliario para hoteler\u00eda, colectividades y oficinas","publisher":{"@id":"https:\/\/www.navarroaubanell.com\/ca\/#organization"},"potentialAction":[{"@type":"SearchAction","target":{"@type":"EntryPoint","urlTemplate":"https:\/\/www.navarroaubanell.com\/ca\/?s={search_term_string}"},"query-input":{"@type":"PropertyValueSpecification","valueRequired":true,"valueName":"search_term_string"}}],"inLanguage":"ca"},{"@type":"Organization","@id":"https:\/\/www.navarroaubanell.com\/ca\/#organization","name":"COMERCIAL NAVARRO AUBANELL, S.A","url":"https:\/\/www.navarroaubanell.com\/ca\/","logo":{"@type":"ImageObject","inLanguage":"ca","@id":"https:\/\/www.navarroaubanell.com\/ca\/#\/schema\/logo\/image\/","url":"https:\/\/www.navarroaubanell.com\/wp-content\/uploads\/2017\/07\/logo-navarro-aubuanell.png","contentUrl":"https:\/\/www.navarroaubanell.com\/wp-content\/uploads\/2017\/07\/logo-navarro-aubuanell.png","width":6304,"height":1154,"caption":"COMERCIAL NAVARRO AUBANELL, S.A"},"image":{"@id":"https:\/\/www.navarroaubanell.com\/ca\/#\/schema\/logo\/image\/"}}]}},"_links":{"self":[{"href":"https:\/\/www.navarroaubanell.com\/ca\/wp-json\/wp\/v2\/product\/46659","targetHints":{"allow":["GET"]}}],"collection":[{"href":"https:\/\/www.navarroaubanell.com\/ca\/wp-json\/wp\/v2\/product"}],"about":[{"href":"https:\/\/www.navarroaubanell.com\/ca\/wp-json\/wp\/v2\/types\/product"}],"wp:featuredmedia":[{"embeddable":true,"href":"https:\/\/www.navarroaubanell.com\/ca\/wp-json\/wp\/v2\/media\/46645"}],"wp:attachment":[{"href":"https:\/\/www.navarroaubanell.com\/ca\/wp-json\/wp\/v2\/media?parent=46659"}],"wp:term":[{"taxonomy":"product_brand","embeddable":true,"href":"https:\/\/www.navarroaubanell.com\/ca\/wp-json\/wp\/v2\/product_brand?post=46659"},{"taxonomy":"product_cat","embeddable":true,"href":"https:\/\/www.navarroaubanell.com\/ca\/wp-json\/wp\/v2\/product_cat?post=46659"},{"taxonomy":"product_tag","embeddable":true,"href":"https:\/\/www.navarroaubanell.com\/ca\/wp-json\/wp\/v2\/product_tag?post=46659"}],"curies":[{"name":"wp","href":"https:\/\/api.w.org\/{rel}","templated":true}]}}