{"id":46621,"date":"2025-07-09T17:18:45","date_gmt":"2025-07-09T15:18:45","guid":{"rendered":"https:\/\/www.navarroaubanell.com\/producto\/barra-de-bar-elna-navarroaubanell\/"},"modified":"2025-07-09T17:57:14","modified_gmt":"2025-07-09T15:57:14","slug":"barra-de-bar-elna-navarroaubanell","status":"publish","type":"product","link":"https:\/\/www.navarroaubanell.com\/ca\/producte\/barra-de-bar-elna-navarroaubanell\/","title":{"rendered":"Barra de bar Elna"},"content":{"rendered":"<h5 data-start=\"162\" data-end=\"241\">Elna: la barra de bar il\u00b7luminada amb un acabat facetat i disseny funcional<\/h5>\n<h6 data-start=\"243\" data-end=\"312\">Est\u00e8tica moderna amb m\u00f2duls que s&#8217;integren a la perfecci\u00f3<\/h6>\n<p data-start=\"314\" data-end=\"629\">La barra de bar Elna es distingeix pel seu acabat facetat superficial, que aporta un aspecte modern i elegant. Aquest detall no nom\u00e9s afegeix un toc \u00fanic, sin\u00f3 que tamb\u00e9 disimula les unions entre m\u00f2duls, creant una apari\u00e8ncia visual continua, ideal per a terrasses, beach clubs i zones chill out.<\/p>\n<h6 data-start=\"631\" data-end=\"694\">Dues profunditats disponibles per a major funcionalitat<\/h6>\n<p data-start=\"696\" data-end=\"1015\">Elna est\u00e0 disponible en dues versios de fons, el que permet ampliar la superf\u00edcie de treball i adaptar-se a diferents configuracions. L&#8217;espai inferior est\u00e0 dissenyat per a instal\u00b7lar mobles frigor\u00edfics o d&#8217;altres electrodom\u00e8stics , fent d&#8217;Elna una soluci\u00f3 professional per a espais d&#8217;hostaleria.<\/p>\n<h6 data-start=\"1017\" data-end=\"1084\">Resist\u00e8ncia, durabilitat i sistema d&#8217;il\u00b7luminaci\u00f3 opcional<\/h6>\n<p data-start=\"1086\" data-end=\"1441\">Fabricada en polietil\u00e8 d&#8217;alta qualitat, la barra Elna \u00e9s lleugera, resistent i apta per a exteriors, incl\u00fas en condicions clim\u00e0tiques extremes. A m\u00e9s, t\u00e9 un sistema d&#8217;il\u00b7luminaci\u00f3 LED opcional, disponible tant mitjan\u00e7ant un kit cablejat o un kit de bateria amb bluetooth.<\/p>\n","protected":false},"excerpt":{"rendered":"<p>Elna: la barra de bar il\u00b7luminada amb un acabat facetat i disseny funcional Est\u00e8tica moderna amb m\u00f2duls que s&#8217;integren a la perfecci\u00f3 La barra de bar Elna es distingeix pel seu acabat facetat superficial, que aporta un aspecte modern i elegant. Aquest detall no nom\u00e9s afegeix un toc \u00fanic, sin\u00f3 que tamb\u00e9 disimula les unions&hellip;<\/p>\n","protected":false},"featured_media":46619,"template":"","meta":{"_acf_changed":false},"product_brand":[],"product_cat":[1701,1693],"product_tag":[1300,816,640],"class_list":{"0":"post-46621","1":"product","2":"type-product","3":"status-publish","4":"has-post-thumbnail","6":"product_cat-barras-de-bar-2-ca","7":"product_cat-chill-out-2-ca","8":"product_tag-barra-de-bar-ca","9":"product_tag-chill-out-ca","10":"product_tag-exterior-ca","11":"description-off","13":"first","14":"instock","15":"shipping-taxable","16":"product-type-simple"},"acf":[],"yoast_head":"<!-- This site is optimized with the Yoast SEO plugin v27.0 - https:\/\/yoast.com\/product\/yoast-seo-wordpress\/ -->\n<title>Barra de bar Elna - Navarro Aubanell<\/title>\n<meta name=\"description\" content=\"Elna, barra de bar il\u00b7luminada amb acabat facetat. Modular, resistent i funcional, ideal per a terrasses, beach clubs i espacis d&#039;hostaler\u00eda.\" \/>\n<meta name=\"robots\" content=\"index, follow, max-snippet:-1, max-image-preview:large, max-video-preview:-1\" \/>\n<link rel=\"canonical\" href=\"https:\/\/www.navarroaubanell.com\/ca\/producte\/barra-de-bar-elna-navarroaubanell\/\" \/>\n<meta property=\"og:locale\" content=\"ca_ES\" \/>\n<meta property=\"og:type\" content=\"article\" \/>\n<meta property=\"og:title\" content=\"Barra de bar Elna - Navarro Aubanell\" \/>\n<meta property=\"og:description\" content=\"Elna, barra de bar il\u00b7luminada amb acabat facetat. Modular, resistent i funcional, ideal per a terrasses, beach clubs i espacis d&#039;hostaler\u00eda.\" \/>\n<meta property=\"og:url\" content=\"https:\/\/www.navarroaubanell.com\/ca\/producte\/barra-de-bar-elna-navarroaubanell\/\" \/>\n<meta property=\"og:site_name\" content=\"Navarro Aubanell\" \/>\n<meta property=\"article:modified_time\" content=\"2025-07-09T15:57:14+00:00\" \/>\n<meta property=\"og:image\" content=\"https:\/\/www.navarroaubanell.com\/wp-content\/uploads\/2025\/07\/Barra-de-bar-Elna-1.png\" \/>\n\t<meta property=\"og:image:width\" content=\"800\" \/>\n\t<meta property=\"og:image:height\" content=\"650\" \/>\n\t<meta property=\"og:image:type\" content=\"image\/png\" \/>\n<meta name=\"twitter:label1\" content=\"Est. reading time\" \/>\n\t<meta name=\"twitter:data1\" content=\"1 minute\" \/>\n<script type=\"application\/ld+json\" class=\"yoast-schema-graph\">{\"@context\":\"https:\/\/schema.org\",\"@graph\":[{\"@type\":\"WebPage\",\"@id\":\"https:\/\/www.navarroaubanell.com\/ca\/producte\/barra-de-bar-elna-navarroaubanell\/\",\"url\":\"https:\/\/www.navarroaubanell.com\/ca\/producte\/barra-de-bar-elna-navarroaubanell\/\",\"name\":\"Barra de bar Elna - Navarro Aubanell\",\"isPartOf\":{\"@id\":\"https:\/\/www.navarroaubanell.com\/ca\/#website\"},\"primaryImageOfPage\":{\"@id\":\"https:\/\/www.navarroaubanell.com\/ca\/producte\/barra-de-bar-elna-navarroaubanell\/#primaryimage\"},\"image\":{\"@id\":\"https:\/\/www.navarroaubanell.com\/ca\/producte\/barra-de-bar-elna-navarroaubanell\/#primaryimage\"},\"thumbnailUrl\":\"https:\/\/www.navarroaubanell.com\/wp-content\/uploads\/2025\/07\/Barra-de-bar-Elna-1.png\",\"datePublished\":\"2025-07-09T15:18:45+00:00\",\"dateModified\":\"2025-07-09T15:57:14+00:00\",\"description\":\"Elna, barra de bar il\u00b7luminada amb acabat facetat. Modular, resistent i funcional, ideal per a terrasses, beach clubs i espacis d'hostaler\u00eda.\",\"breadcrumb\":{\"@id\":\"https:\/\/www.navarroaubanell.com\/ca\/producte\/barra-de-bar-elna-navarroaubanell\/#breadcrumb\"},\"inLanguage\":\"ca\",\"potentialAction\":[{\"@type\":\"ReadAction\",\"target\":[\"https:\/\/www.navarroaubanell.com\/ca\/producte\/barra-de-bar-elna-navarroaubanell\/\"]}]},{\"@type\":\"ImageObject\",\"inLanguage\":\"ca\",\"@id\":\"https:\/\/www.navarroaubanell.com\/ca\/producte\/barra-de-bar-elna-navarroaubanell\/#primaryimage\",\"url\":\"https:\/\/www.navarroaubanell.com\/wp-content\/uploads\/2025\/07\/Barra-de-bar-Elna-1.png\",\"contentUrl\":\"https:\/\/www.navarroaubanell.com\/wp-content\/uploads\/2025\/07\/Barra-de-bar-Elna-1.png\",\"width\":800,\"height\":650,\"caption\":\"Barra de bar Elna\"},{\"@type\":\"BreadcrumbList\",\"@id\":\"https:\/\/www.navarroaubanell.com\/ca\/producte\/barra-de-bar-elna-navarroaubanell\/#breadcrumb\",\"itemListElement\":[{\"@type\":\"ListItem\",\"position\":1,\"name\":\"Portada\",\"item\":\"https:\/\/www.navarroaubanell.com\/ca\/\"},{\"@type\":\"ListItem\",\"position\":2,\"name\":\"Productes\",\"item\":\"https:\/\/www.navarroaubanell.com\/productos\/\"},{\"@type\":\"ListItem\",\"position\":3,\"name\":\"Barra de bar Elna\"}]},{\"@type\":\"WebSite\",\"@id\":\"https:\/\/www.navarroaubanell.com\/ca\/#website\",\"url\":\"https:\/\/www.navarroaubanell.com\/ca\/\",\"name\":\"Navarro Aubanell\",\"description\":\"Mobiliario para hoteler\u00eda, colectividades y oficinas\",\"publisher\":{\"@id\":\"https:\/\/www.navarroaubanell.com\/ca\/#organization\"},\"potentialAction\":[{\"@type\":\"SearchAction\",\"target\":{\"@type\":\"EntryPoint\",\"urlTemplate\":\"https:\/\/www.navarroaubanell.com\/ca\/?s={search_term_string}\"},\"query-input\":{\"@type\":\"PropertyValueSpecification\",\"valueRequired\":true,\"valueName\":\"search_term_string\"}}],\"inLanguage\":\"ca\"},{\"@type\":\"Organization\",\"@id\":\"https:\/\/www.navarroaubanell.com\/ca\/#organization\",\"name\":\"COMERCIAL NAVARRO AUBANELL, S.A\",\"url\":\"https:\/\/www.navarroaubanell.com\/ca\/\",\"logo\":{\"@type\":\"ImageObject\",\"inLanguage\":\"ca\",\"@id\":\"https:\/\/www.navarroaubanell.com\/ca\/#\/schema\/logo\/image\/\",\"url\":\"https:\/\/www.navarroaubanell.com\/wp-content\/uploads\/2017\/07\/logo-navarro-aubuanell.png\",\"contentUrl\":\"https:\/\/www.navarroaubanell.com\/wp-content\/uploads\/2017\/07\/logo-navarro-aubuanell.png\",\"width\":6304,\"height\":1154,\"caption\":\"COMERCIAL NAVARRO AUBANELL, S.A\"},\"image\":{\"@id\":\"https:\/\/www.navarroaubanell.com\/ca\/#\/schema\/logo\/image\/\"}}]}<\/script>\n<!-- \/ Yoast SEO plugin. -->","yoast_head_json":{"title":"Barra de bar Elna - Navarro Aubanell","description":"Elna, barra de bar il\u00b7luminada amb acabat facetat. Modular, resistent i funcional, ideal per a terrasses, beach clubs i espacis d'hostaler\u00eda.","robots":{"index":"index","follow":"follow","max-snippet":"max-snippet:-1","max-image-preview":"max-image-preview:large","max-video-preview":"max-video-preview:-1"},"canonical":"https:\/\/www.navarroaubanell.com\/ca\/producte\/barra-de-bar-elna-navarroaubanell\/","og_locale":"ca_ES","og_type":"article","og_title":"Barra de bar Elna - Navarro Aubanell","og_description":"Elna, barra de bar il\u00b7luminada amb acabat facetat. Modular, resistent i funcional, ideal per a terrasses, beach clubs i espacis d'hostaler\u00eda.","og_url":"https:\/\/www.navarroaubanell.com\/ca\/producte\/barra-de-bar-elna-navarroaubanell\/","og_site_name":"Navarro Aubanell","article_modified_time":"2025-07-09T15:57:14+00:00","og_image":[{"width":800,"height":650,"url":"https:\/\/www.navarroaubanell.com\/wp-content\/uploads\/2025\/07\/Barra-de-bar-Elna-1.png","type":"image\/png"}],"twitter_misc":{"Est. reading time":"1 minute"},"schema":{"@context":"https:\/\/schema.org","@graph":[{"@type":"WebPage","@id":"https:\/\/www.navarroaubanell.com\/ca\/producte\/barra-de-bar-elna-navarroaubanell\/","url":"https:\/\/www.navarroaubanell.com\/ca\/producte\/barra-de-bar-elna-navarroaubanell\/","name":"Barra de bar Elna - Navarro Aubanell","isPartOf":{"@id":"https:\/\/www.navarroaubanell.com\/ca\/#website"},"primaryImageOfPage":{"@id":"https:\/\/www.navarroaubanell.com\/ca\/producte\/barra-de-bar-elna-navarroaubanell\/#primaryimage"},"image":{"@id":"https:\/\/www.navarroaubanell.com\/ca\/producte\/barra-de-bar-elna-navarroaubanell\/#primaryimage"},"thumbnailUrl":"https:\/\/www.navarroaubanell.com\/wp-content\/uploads\/2025\/07\/Barra-de-bar-Elna-1.png","datePublished":"2025-07-09T15:18:45+00:00","dateModified":"2025-07-09T15:57:14+00:00","description":"Elna, barra de bar il\u00b7luminada amb acabat facetat. Modular, resistent i funcional, ideal per a terrasses, beach clubs i espacis d'hostaler\u00eda.","breadcrumb":{"@id":"https:\/\/www.navarroaubanell.com\/ca\/producte\/barra-de-bar-elna-navarroaubanell\/#breadcrumb"},"inLanguage":"ca","potentialAction":[{"@type":"ReadAction","target":["https:\/\/www.navarroaubanell.com\/ca\/producte\/barra-de-bar-elna-navarroaubanell\/"]}]},{"@type":"ImageObject","inLanguage":"ca","@id":"https:\/\/www.navarroaubanell.com\/ca\/producte\/barra-de-bar-elna-navarroaubanell\/#primaryimage","url":"https:\/\/www.navarroaubanell.com\/wp-content\/uploads\/2025\/07\/Barra-de-bar-Elna-1.png","contentUrl":"https:\/\/www.navarroaubanell.com\/wp-content\/uploads\/2025\/07\/Barra-de-bar-Elna-1.png","width":800,"height":650,"caption":"Barra de bar Elna"},{"@type":"BreadcrumbList","@id":"https:\/\/www.navarroaubanell.com\/ca\/producte\/barra-de-bar-elna-navarroaubanell\/#breadcrumb","itemListElement":[{"@type":"ListItem","position":1,"name":"Portada","item":"https:\/\/www.navarroaubanell.com\/ca\/"},{"@type":"ListItem","position":2,"name":"Productes","item":"https:\/\/www.navarroaubanell.com\/productos\/"},{"@type":"ListItem","position":3,"name":"Barra de bar Elna"}]},{"@type":"WebSite","@id":"https:\/\/www.navarroaubanell.com\/ca\/#website","url":"https:\/\/www.navarroaubanell.com\/ca\/","name":"Navarro Aubanell","description":"Mobiliario para hoteler\u00eda, colectividades y oficinas","publisher":{"@id":"https:\/\/www.navarroaubanell.com\/ca\/#organization"},"potentialAction":[{"@type":"SearchAction","target":{"@type":"EntryPoint","urlTemplate":"https:\/\/www.navarroaubanell.com\/ca\/?s={search_term_string}"},"query-input":{"@type":"PropertyValueSpecification","valueRequired":true,"valueName":"search_term_string"}}],"inLanguage":"ca"},{"@type":"Organization","@id":"https:\/\/www.navarroaubanell.com\/ca\/#organization","name":"COMERCIAL NAVARRO AUBANELL, S.A","url":"https:\/\/www.navarroaubanell.com\/ca\/","logo":{"@type":"ImageObject","inLanguage":"ca","@id":"https:\/\/www.navarroaubanell.com\/ca\/#\/schema\/logo\/image\/","url":"https:\/\/www.navarroaubanell.com\/wp-content\/uploads\/2017\/07\/logo-navarro-aubuanell.png","contentUrl":"https:\/\/www.navarroaubanell.com\/wp-content\/uploads\/2017\/07\/logo-navarro-aubuanell.png","width":6304,"height":1154,"caption":"COMERCIAL NAVARRO AUBANELL, S.A"},"image":{"@id":"https:\/\/www.navarroaubanell.com\/ca\/#\/schema\/logo\/image\/"}}]}},"_links":{"self":[{"href":"https:\/\/www.navarroaubanell.com\/ca\/wp-json\/wp\/v2\/product\/46621","targetHints":{"allow":["GET"]}}],"collection":[{"href":"https:\/\/www.navarroaubanell.com\/ca\/wp-json\/wp\/v2\/product"}],"about":[{"href":"https:\/\/www.navarroaubanell.com\/ca\/wp-json\/wp\/v2\/types\/product"}],"wp:featuredmedia":[{"embeddable":true,"href":"https:\/\/www.navarroaubanell.com\/ca\/wp-json\/wp\/v2\/media\/46619"}],"wp:attachment":[{"href":"https:\/\/www.navarroaubanell.com\/ca\/wp-json\/wp\/v2\/media?parent=46621"}],"wp:term":[{"taxonomy":"product_brand","embeddable":true,"href":"https:\/\/www.navarroaubanell.com\/ca\/wp-json\/wp\/v2\/product_brand?post=46621"},{"taxonomy":"product_cat","embeddable":true,"href":"https:\/\/www.navarroaubanell.com\/ca\/wp-json\/wp\/v2\/product_cat?post=46621"},{"taxonomy":"product_tag","embeddable":true,"href":"https:\/\/www.navarroaubanell.com\/ca\/wp-json\/wp\/v2\/product_tag?post=46621"}],"curies":[{"name":"wp","href":"https:\/\/api.w.org\/{rel}","templated":true}]}}