{"id":46611,"date":"2025-07-09T12:58:30","date_gmt":"2025-07-09T10:58:30","guid":{"rendered":"https:\/\/www.navarroaubanell.com\/producto\/barra-de-bar-bermejo-navarroaubanell\/"},"modified":"2025-07-09T15:43:31","modified_gmt":"2025-07-09T13:43:31","slug":"barra-de-bar-bermejo-navarroaubanell","status":"publish","type":"product","link":"https:\/\/www.navarroaubanell.com\/ca\/producte\/barra-de-bar-bermejo-navarroaubanell\/","title":{"rendered":"Barra de bar Bermejo"},"content":{"rendered":"<div class=\"relative flex-col gap-1 md:gap-3\">\n<div class=\"flex max-w-full flex-col grow\">\n<div class=\"min-h-8 text-message relative flex w-full flex-col items-end gap-2 text-start break-words whitespace-normal [.text-message+&amp;]:mt-5\" dir=\"auto\" data-message-author-role=\"assistant\" data-message-id=\"58e45c56-bb3f-40e4-b921-46e978086f61\" data-message-model-slug=\"gpt-4o\">\n<div class=\"flex w-full flex-col gap-1 empty:hidden first:pt-[3px]\">\n<div class=\"markdown prose dark:prose-invert w-full break-words light\">\n<h5 data-start=\"133\" data-end=\"217\">Bermejo: la barra de bar modular per a terrasses i zones chill out<\/h5>\n<p data-start=\"282\" data-end=\"507\">La barra de bar Bermejo destaca per un disseny elegant, s\u00f2lid i amb una l\u00ednia est\u00e8tica delicada. La seva versi\u00f3 amb il\u00b7luminaci\u00f3 \u00e9s ideal per a crear ambients \u00fanics en terrasses, beach clubs o zones chill out.<\/p>\n<h6 data-start=\"509\" data-end=\"561\">Alta capacitat d&#8217;emmagatzematge i operativitat<\/h6>\n<p data-start=\"563\" data-end=\"740\">Pensada per a un \u00fas professional, Bermejo incorpora cinc lleixes d&#8217;emmagatzematge i tres buits operatius, facilitant el servei eficient en espais d&#8217;alta aflu\u00e8ncia.<\/p>\n<h6 data-start=\"742\" data-end=\"793\">Materials resistents i aptes per a exteriors<\/h6>\n<p data-start=\"795\" data-end=\"965\">Fabricada en polietil\u00e8, la barra Bermejo \u00e9s lleugera, resistent i duradora, preparada per a suportar temperatures extremes i condicions exteriors exigents.<\/p>\n<h6 data-start=\"967\" data-end=\"1021\">Versatilitat d&#8217;\u00fas i opcions d&#8217;il\u00b7luminaci\u00f3<\/h6>\n<p data-start=\"1023\" data-end=\"1296\">Bermejo \u00e9s perfecta per a integrar-se amb un tauler superior, convertint-la en una soluci\u00f3 vers\u00e0til per a \u00e0rees de recepci\u00f3, barres lineals o buffets. La il\u00b7luminaci\u00f3 LED opcional, pot instal\u00b7lar-se mitjan\u00e7ant un kit d&#8217;il\u00b7luminaci\u00f3 cablejat o mitjan\u00e7ant una bateria per a bluetooth.<\/p>\n<h6 data-start=\"1298\" data-end=\"1356\">M\u00f2duls personalitzables i versions amb gelateres<\/h6>\n<p data-start=\"1358\" data-end=\"1610\">Inclou una lleixa amb forat en polietil\u00e8 alimentari, i ofereix versions amb gelateres d&#8217;acer inoxidable, adaptant-se a les necessitats de cada projecte. Els seus m\u00f2duls de diferent mesura combinables, permeten una configuraci\u00f3 personalitzada i professional.<\/p>\n<\/div>\n<\/div>\n<\/div>\n<\/div>\n<div class=\"flex min-h-[46px] justify-start\">\n<div class=\"touch:-me-2 touch:-ms-3.5 -ms-2.5 -me-1 flex flex-wrap items-center gap-y-4 p-1 select-none touch:w-[calc(100%+--spacing(3.5))] -mt-1 w-[calc(100%+--spacing(2.5))] duration-[1.5s] focus-within:transition-none hover:transition-none pointer-events-none [mask-image:linear-gradient(to_right,black_33%,transparent_66%)] [mask-size:300%_100%] [mask-position:100%_0%] motion-safe:transition-[mask-position] group-hover\/turn-messages:pointer-events-auto group-hover\/turn-messages:[mask-position:0_0] group-focus-within\/turn-messages:pointer-events-auto group-focus-within\/turn-messages:[mask-position:0_0] has-data-[state=open]:pointer-events-auto has-data-[state=open]:[mask-position:0_0]\"><\/div>\n<\/div>\n<\/div>\n<div class=\"aria-live=polite absolute\">\n<div class=\"flex items-center justify-center\"><\/div>\n<\/div>\n","protected":false},"excerpt":{"rendered":"<p>Bermejo: la barra de bar modular per a terrasses i zones chill out La barra de bar Bermejo destaca per un disseny elegant, s\u00f2lid i amb una l\u00ednia est\u00e8tica delicada. La seva versi\u00f3 amb il\u00b7luminaci\u00f3 \u00e9s ideal per a crear ambients \u00fanics en terrasses, beach clubs o zones chill out. Alta capacitat d&#8217;emmagatzematge i operativitat&hellip;<\/p>\n","protected":false},"featured_media":46587,"template":"","meta":{"_acf_changed":false},"product_brand":[],"product_cat":[1701,1693],"product_tag":[1300,816,640],"class_list":{"0":"post-46611","1":"product","2":"type-product","3":"status-publish","4":"has-post-thumbnail","6":"product_cat-barras-de-bar-2-ca","7":"product_cat-chill-out-2-ca","8":"product_tag-barra-de-bar-ca","9":"product_tag-chill-out-ca","10":"product_tag-exterior-ca","11":"description-off","13":"first","14":"instock","15":"shipping-taxable","16":"product-type-simple"},"acf":[],"yoast_head":"<!-- This site is optimized with the Yoast SEO plugin v27.0 - https:\/\/yoast.com\/product\/yoast-seo-wordpress\/ -->\n<title>Barra de bar Bermejo - Navarro Aubanell<\/title>\n<meta name=\"description\" content=\"Bermejo, barra de bar modular i il\u00b7luminada per a exterior. Resistent, vers\u00e0til i elegant, ideal per a terrasses, beach clubs i chill out.\" \/>\n<meta name=\"robots\" content=\"index, follow, max-snippet:-1, max-image-preview:large, max-video-preview:-1\" \/>\n<link rel=\"canonical\" href=\"https:\/\/www.navarroaubanell.com\/ca\/producte\/barra-de-bar-bermejo-navarroaubanell\/\" \/>\n<meta property=\"og:locale\" content=\"ca_ES\" \/>\n<meta property=\"og:type\" content=\"article\" \/>\n<meta property=\"og:title\" content=\"Barra de bar Bermejo - Navarro Aubanell\" \/>\n<meta property=\"og:description\" content=\"Bermejo, barra de bar modular i il\u00b7luminada per a exterior. Resistent, vers\u00e0til i elegant, ideal per a terrasses, beach clubs i chill out.\" \/>\n<meta property=\"og:url\" content=\"https:\/\/www.navarroaubanell.com\/ca\/producte\/barra-de-bar-bermejo-navarroaubanell\/\" \/>\n<meta property=\"og:site_name\" content=\"Navarro Aubanell\" \/>\n<meta property=\"article:modified_time\" content=\"2025-07-09T13:43:31+00:00\" \/>\n<meta property=\"og:image\" content=\"https:\/\/www.navarroaubanell.com\/wp-content\/uploads\/2025\/07\/Barra-de-bar-Bermejo-1.png\" \/>\n\t<meta property=\"og:image:width\" content=\"1024\" \/>\n\t<meta property=\"og:image:height\" content=\"832\" \/>\n\t<meta property=\"og:image:type\" content=\"image\/png\" \/>\n<meta name=\"twitter:label1\" content=\"Est. reading time\" \/>\n\t<meta name=\"twitter:data1\" content=\"2 minutes\" \/>\n<script type=\"application\/ld+json\" class=\"yoast-schema-graph\">{\"@context\":\"https:\/\/schema.org\",\"@graph\":[{\"@type\":\"WebPage\",\"@id\":\"https:\/\/www.navarroaubanell.com\/ca\/producte\/barra-de-bar-bermejo-navarroaubanell\/\",\"url\":\"https:\/\/www.navarroaubanell.com\/ca\/producte\/barra-de-bar-bermejo-navarroaubanell\/\",\"name\":\"Barra de bar Bermejo - Navarro Aubanell\",\"isPartOf\":{\"@id\":\"https:\/\/www.navarroaubanell.com\/ca\/#website\"},\"primaryImageOfPage\":{\"@id\":\"https:\/\/www.navarroaubanell.com\/ca\/producte\/barra-de-bar-bermejo-navarroaubanell\/#primaryimage\"},\"image\":{\"@id\":\"https:\/\/www.navarroaubanell.com\/ca\/producte\/barra-de-bar-bermejo-navarroaubanell\/#primaryimage\"},\"thumbnailUrl\":\"https:\/\/www.navarroaubanell.com\/wp-content\/uploads\/2025\/07\/Barra-de-bar-Bermejo-1.png\",\"datePublished\":\"2025-07-09T10:58:30+00:00\",\"dateModified\":\"2025-07-09T13:43:31+00:00\",\"description\":\"Bermejo, barra de bar modular i il\u00b7luminada per a exterior. Resistent, vers\u00e0til i elegant, ideal per a terrasses, beach clubs i chill out.\",\"breadcrumb\":{\"@id\":\"https:\/\/www.navarroaubanell.com\/ca\/producte\/barra-de-bar-bermejo-navarroaubanell\/#breadcrumb\"},\"inLanguage\":\"ca\",\"potentialAction\":[{\"@type\":\"ReadAction\",\"target\":[\"https:\/\/www.navarroaubanell.com\/ca\/producte\/barra-de-bar-bermejo-navarroaubanell\/\"]}]},{\"@type\":\"ImageObject\",\"inLanguage\":\"ca\",\"@id\":\"https:\/\/www.navarroaubanell.com\/ca\/producte\/barra-de-bar-bermejo-navarroaubanell\/#primaryimage\",\"url\":\"https:\/\/www.navarroaubanell.com\/wp-content\/uploads\/2025\/07\/Barra-de-bar-Bermejo-1.png\",\"contentUrl\":\"https:\/\/www.navarroaubanell.com\/wp-content\/uploads\/2025\/07\/Barra-de-bar-Bermejo-1.png\",\"width\":1024,\"height\":832,\"caption\":\"Barra de bar Bermejo\"},{\"@type\":\"BreadcrumbList\",\"@id\":\"https:\/\/www.navarroaubanell.com\/ca\/producte\/barra-de-bar-bermejo-navarroaubanell\/#breadcrumb\",\"itemListElement\":[{\"@type\":\"ListItem\",\"position\":1,\"name\":\"Portada\",\"item\":\"https:\/\/www.navarroaubanell.com\/ca\/\"},{\"@type\":\"ListItem\",\"position\":2,\"name\":\"Productes\",\"item\":\"https:\/\/www.navarroaubanell.com\/productos\/\"},{\"@type\":\"ListItem\",\"position\":3,\"name\":\"Barra de bar Bermejo\"}]},{\"@type\":\"WebSite\",\"@id\":\"https:\/\/www.navarroaubanell.com\/ca\/#website\",\"url\":\"https:\/\/www.navarroaubanell.com\/ca\/\",\"name\":\"Navarro Aubanell\",\"description\":\"Mobiliario para hoteler\u00eda, colectividades y oficinas\",\"publisher\":{\"@id\":\"https:\/\/www.navarroaubanell.com\/ca\/#organization\"},\"potentialAction\":[{\"@type\":\"SearchAction\",\"target\":{\"@type\":\"EntryPoint\",\"urlTemplate\":\"https:\/\/www.navarroaubanell.com\/ca\/?s={search_term_string}\"},\"query-input\":{\"@type\":\"PropertyValueSpecification\",\"valueRequired\":true,\"valueName\":\"search_term_string\"}}],\"inLanguage\":\"ca\"},{\"@type\":\"Organization\",\"@id\":\"https:\/\/www.navarroaubanell.com\/ca\/#organization\",\"name\":\"COMERCIAL NAVARRO AUBANELL, S.A\",\"url\":\"https:\/\/www.navarroaubanell.com\/ca\/\",\"logo\":{\"@type\":\"ImageObject\",\"inLanguage\":\"ca\",\"@id\":\"https:\/\/www.navarroaubanell.com\/ca\/#\/schema\/logo\/image\/\",\"url\":\"https:\/\/www.navarroaubanell.com\/wp-content\/uploads\/2017\/07\/logo-navarro-aubuanell.png\",\"contentUrl\":\"https:\/\/www.navarroaubanell.com\/wp-content\/uploads\/2017\/07\/logo-navarro-aubuanell.png\",\"width\":6304,\"height\":1154,\"caption\":\"COMERCIAL NAVARRO AUBANELL, S.A\"},\"image\":{\"@id\":\"https:\/\/www.navarroaubanell.com\/ca\/#\/schema\/logo\/image\/\"}}]}<\/script>\n<!-- \/ Yoast SEO plugin. -->","yoast_head_json":{"title":"Barra de bar Bermejo - Navarro Aubanell","description":"Bermejo, barra de bar modular i il\u00b7luminada per a exterior. Resistent, vers\u00e0til i elegant, ideal per a terrasses, beach clubs i chill out.","robots":{"index":"index","follow":"follow","max-snippet":"max-snippet:-1","max-image-preview":"max-image-preview:large","max-video-preview":"max-video-preview:-1"},"canonical":"https:\/\/www.navarroaubanell.com\/ca\/producte\/barra-de-bar-bermejo-navarroaubanell\/","og_locale":"ca_ES","og_type":"article","og_title":"Barra de bar Bermejo - Navarro Aubanell","og_description":"Bermejo, barra de bar modular i il\u00b7luminada per a exterior. Resistent, vers\u00e0til i elegant, ideal per a terrasses, beach clubs i chill out.","og_url":"https:\/\/www.navarroaubanell.com\/ca\/producte\/barra-de-bar-bermejo-navarroaubanell\/","og_site_name":"Navarro Aubanell","article_modified_time":"2025-07-09T13:43:31+00:00","og_image":[{"width":1024,"height":832,"url":"https:\/\/www.navarroaubanell.com\/wp-content\/uploads\/2025\/07\/Barra-de-bar-Bermejo-1.png","type":"image\/png"}],"twitter_misc":{"Est. reading time":"2 minutes"},"schema":{"@context":"https:\/\/schema.org","@graph":[{"@type":"WebPage","@id":"https:\/\/www.navarroaubanell.com\/ca\/producte\/barra-de-bar-bermejo-navarroaubanell\/","url":"https:\/\/www.navarroaubanell.com\/ca\/producte\/barra-de-bar-bermejo-navarroaubanell\/","name":"Barra de bar Bermejo - Navarro Aubanell","isPartOf":{"@id":"https:\/\/www.navarroaubanell.com\/ca\/#website"},"primaryImageOfPage":{"@id":"https:\/\/www.navarroaubanell.com\/ca\/producte\/barra-de-bar-bermejo-navarroaubanell\/#primaryimage"},"image":{"@id":"https:\/\/www.navarroaubanell.com\/ca\/producte\/barra-de-bar-bermejo-navarroaubanell\/#primaryimage"},"thumbnailUrl":"https:\/\/www.navarroaubanell.com\/wp-content\/uploads\/2025\/07\/Barra-de-bar-Bermejo-1.png","datePublished":"2025-07-09T10:58:30+00:00","dateModified":"2025-07-09T13:43:31+00:00","description":"Bermejo, barra de bar modular i il\u00b7luminada per a exterior. Resistent, vers\u00e0til i elegant, ideal per a terrasses, beach clubs i chill out.","breadcrumb":{"@id":"https:\/\/www.navarroaubanell.com\/ca\/producte\/barra-de-bar-bermejo-navarroaubanell\/#breadcrumb"},"inLanguage":"ca","potentialAction":[{"@type":"ReadAction","target":["https:\/\/www.navarroaubanell.com\/ca\/producte\/barra-de-bar-bermejo-navarroaubanell\/"]}]},{"@type":"ImageObject","inLanguage":"ca","@id":"https:\/\/www.navarroaubanell.com\/ca\/producte\/barra-de-bar-bermejo-navarroaubanell\/#primaryimage","url":"https:\/\/www.navarroaubanell.com\/wp-content\/uploads\/2025\/07\/Barra-de-bar-Bermejo-1.png","contentUrl":"https:\/\/www.navarroaubanell.com\/wp-content\/uploads\/2025\/07\/Barra-de-bar-Bermejo-1.png","width":1024,"height":832,"caption":"Barra de bar Bermejo"},{"@type":"BreadcrumbList","@id":"https:\/\/www.navarroaubanell.com\/ca\/producte\/barra-de-bar-bermejo-navarroaubanell\/#breadcrumb","itemListElement":[{"@type":"ListItem","position":1,"name":"Portada","item":"https:\/\/www.navarroaubanell.com\/ca\/"},{"@type":"ListItem","position":2,"name":"Productes","item":"https:\/\/www.navarroaubanell.com\/productos\/"},{"@type":"ListItem","position":3,"name":"Barra de bar Bermejo"}]},{"@type":"WebSite","@id":"https:\/\/www.navarroaubanell.com\/ca\/#website","url":"https:\/\/www.navarroaubanell.com\/ca\/","name":"Navarro Aubanell","description":"Mobiliario para hoteler\u00eda, colectividades y oficinas","publisher":{"@id":"https:\/\/www.navarroaubanell.com\/ca\/#organization"},"potentialAction":[{"@type":"SearchAction","target":{"@type":"EntryPoint","urlTemplate":"https:\/\/www.navarroaubanell.com\/ca\/?s={search_term_string}"},"query-input":{"@type":"PropertyValueSpecification","valueRequired":true,"valueName":"search_term_string"}}],"inLanguage":"ca"},{"@type":"Organization","@id":"https:\/\/www.navarroaubanell.com\/ca\/#organization","name":"COMERCIAL NAVARRO AUBANELL, S.A","url":"https:\/\/www.navarroaubanell.com\/ca\/","logo":{"@type":"ImageObject","inLanguage":"ca","@id":"https:\/\/www.navarroaubanell.com\/ca\/#\/schema\/logo\/image\/","url":"https:\/\/www.navarroaubanell.com\/wp-content\/uploads\/2017\/07\/logo-navarro-aubuanell.png","contentUrl":"https:\/\/www.navarroaubanell.com\/wp-content\/uploads\/2017\/07\/logo-navarro-aubuanell.png","width":6304,"height":1154,"caption":"COMERCIAL NAVARRO AUBANELL, S.A"},"image":{"@id":"https:\/\/www.navarroaubanell.com\/ca\/#\/schema\/logo\/image\/"}}]}},"_links":{"self":[{"href":"https:\/\/www.navarroaubanell.com\/ca\/wp-json\/wp\/v2\/product\/46611","targetHints":{"allow":["GET"]}}],"collection":[{"href":"https:\/\/www.navarroaubanell.com\/ca\/wp-json\/wp\/v2\/product"}],"about":[{"href":"https:\/\/www.navarroaubanell.com\/ca\/wp-json\/wp\/v2\/types\/product"}],"wp:featuredmedia":[{"embeddable":true,"href":"https:\/\/www.navarroaubanell.com\/ca\/wp-json\/wp\/v2\/media\/46587"}],"wp:attachment":[{"href":"https:\/\/www.navarroaubanell.com\/ca\/wp-json\/wp\/v2\/media?parent=46611"}],"wp:term":[{"taxonomy":"product_brand","embeddable":true,"href":"https:\/\/www.navarroaubanell.com\/ca\/wp-json\/wp\/v2\/product_brand?post=46611"},{"taxonomy":"product_cat","embeddable":true,"href":"https:\/\/www.navarroaubanell.com\/ca\/wp-json\/wp\/v2\/product_cat?post=46611"},{"taxonomy":"product_tag","embeddable":true,"href":"https:\/\/www.navarroaubanell.com\/ca\/wp-json\/wp\/v2\/product_tag?post=46611"}],"curies":[{"name":"wp","href":"https:\/\/api.w.org\/{rel}","templated":true}]}}