{"id":46564,"date":"2025-07-09T09:34:58","date_gmt":"2025-07-09T07:34:58","guid":{"rendered":"https:\/\/www.navarroaubanell.com\/producto\/barra-de-bar-talaia-navarroaubanell\/"},"modified":"2025-07-09T10:17:22","modified_gmt":"2025-07-09T08:17:22","slug":"barra-de-bar-talaia-navarroaubanell","status":"publish","type":"product","link":"https:\/\/www.navarroaubanell.com\/ca\/producte\/barra-de-bar-talaia-navarroaubanell\/","title":{"rendered":"Barra de bar Talaia"},"content":{"rendered":"<h5 data-start=\"155\" data-end=\"241\">Talaia: la barra de bar il\u00b7luminada per a terrasses, beach clubs i zones chill out<\/h5>\n<p data-start=\"310\" data-end=\"586\">La barra de bar il\u00b7luminada Talaia, est\u00e0 dissenyada per a crear ambients \u00fanics i sofisticats en terrasses, beach clubs i zones chill out. El seu disseny modular, disponible en versions recta i corbada, permet una composici\u00f3 personalitzada adaptada a cada espai.<\/p>\n<h6 data-start=\"588\" data-end=\"652\">Resist\u00e8ncia, durabilitat i lleugeresa en un \u00fanic producte<\/h6>\n<p data-start=\"654\" data-end=\"911\">Fabricada en polietil\u00e8 d&#8217;alta qualitat, la barra Talaia destaca per la ser lleugera, resistent i duradora. Aquest material \u00e9s ideal per a exteriors, ja que suporta temperatures extremes i condicions clim\u00e0tiques adverses sense perdre la forma.<\/p>\n<h6 data-start=\"913\" data-end=\"970\">Protecci\u00f3 UV i tauler protector de metracrilat<\/h6>\n<p data-start=\"972\" data-end=\"1263\">Gr\u00e0cies a la seva doble protecci\u00f3 contra els raigs UV, la vida \u00fatil de Talaia es prolonga notablement, mantenint el seu aspecte impecable amb el pas del temps. A m\u00e9s, inclou un tauler de metacrilat que protegeix la superf\u00edcie de treball, facilitant la neteja i el manteniment diari.<\/p>\n<h6 data-start=\"1265\" data-end=\"1332\">Il\u00b7luminaci\u00f3 vers\u00e0til: amb cable o bateria solar recarregable<\/h6>\n<p data-start=\"1334\" data-end=\"1532\">Talaia incorpora un sistema d&#8217;il\u00b7luminaci\u00f3 LED que pot funcionar amb connexi\u00f3 a cable o mitjan\u00e7ant una bateria recarregable solar, oferint versatilitat a qualsevol mena d&#8217;instal\u00b7laci\u00f3.<\/p>\n","protected":false},"excerpt":{"rendered":"<p>Talaia: la barra de bar il\u00b7luminada per a terrasses, beach clubs i zones chill out La barra de bar il\u00b7luminada Talaia, est\u00e0 dissenyada per a crear ambients \u00fanics i sofisticats en terrasses, beach clubs i zones chill out. El seu disseny modular, disponible en versions recta i corbada, permet una composici\u00f3 personalitzada adaptada a cada&hellip;<\/p>\n","protected":false},"featured_media":46528,"template":"","meta":{"_acf_changed":false},"product_brand":[],"product_cat":[1701,1693],"product_tag":[1263,816,640],"class_list":{"0":"post-46564","1":"product","2":"type-product","3":"status-publish","4":"has-post-thumbnail","6":"product_cat-barras-de-bar-2-ca","7":"product_cat-chill-out-2-ca","8":"product_tag-anti-rayos-uv-ca","9":"product_tag-chill-out-ca","10":"product_tag-exterior-ca","11":"description-off","13":"first","14":"instock","15":"shipping-taxable","16":"product-type-simple"},"acf":[],"yoast_head":"<!-- This site is optimized with the Yoast SEO plugin v27.0 - https:\/\/yoast.com\/product\/yoast-seo-wordpress\/ -->\n<title>Barra de bar Talaia - Navarro Aubanell<\/title>\n<meta name=\"description\" content=\"Barra de bar Talaia, il\u00b7luminada per a exterior, modular, resistent i amb llum LED. Perfecta per a terrasses, beach clubs i zones chill out.\" \/>\n<meta name=\"robots\" content=\"index, follow, max-snippet:-1, max-image-preview:large, max-video-preview:-1\" \/>\n<link rel=\"canonical\" href=\"https:\/\/www.navarroaubanell.com\/ca\/producte\/barra-de-bar-talaia-navarroaubanell\/\" \/>\n<meta property=\"og:locale\" content=\"ca_ES\" \/>\n<meta property=\"og:type\" content=\"article\" \/>\n<meta property=\"og:title\" content=\"Barra de bar Talaia - Navarro Aubanell\" \/>\n<meta property=\"og:description\" content=\"Barra de bar Talaia, il\u00b7luminada per a exterior, modular, resistent i amb llum LED. Perfecta per a terrasses, beach clubs i zones chill out.\" \/>\n<meta property=\"og:url\" content=\"https:\/\/www.navarroaubanell.com\/ca\/producte\/barra-de-bar-talaia-navarroaubanell\/\" \/>\n<meta property=\"og:site_name\" content=\"Navarro Aubanell\" \/>\n<meta property=\"article:modified_time\" content=\"2025-07-09T08:17:22+00:00\" \/>\n<meta property=\"og:image\" content=\"https:\/\/www.navarroaubanell.com\/wp-content\/uploads\/2025\/07\/Barra-de-bar-Talaia-1.png\" \/>\n\t<meta property=\"og:image:width\" content=\"1280\" \/>\n\t<meta property=\"og:image:height\" content=\"1040\" \/>\n\t<meta property=\"og:image:type\" content=\"image\/png\" \/>\n<meta name=\"twitter:label1\" content=\"Est. reading time\" \/>\n\t<meta name=\"twitter:data1\" content=\"2 minutes\" \/>\n<script type=\"application\/ld+json\" class=\"yoast-schema-graph\">{\"@context\":\"https:\/\/schema.org\",\"@graph\":[{\"@type\":\"WebPage\",\"@id\":\"https:\/\/www.navarroaubanell.com\/ca\/producte\/barra-de-bar-talaia-navarroaubanell\/\",\"url\":\"https:\/\/www.navarroaubanell.com\/ca\/producte\/barra-de-bar-talaia-navarroaubanell\/\",\"name\":\"Barra de bar Talaia - Navarro Aubanell\",\"isPartOf\":{\"@id\":\"https:\/\/www.navarroaubanell.com\/ca\/#website\"},\"primaryImageOfPage\":{\"@id\":\"https:\/\/www.navarroaubanell.com\/ca\/producte\/barra-de-bar-talaia-navarroaubanell\/#primaryimage\"},\"image\":{\"@id\":\"https:\/\/www.navarroaubanell.com\/ca\/producte\/barra-de-bar-talaia-navarroaubanell\/#primaryimage\"},\"thumbnailUrl\":\"https:\/\/www.navarroaubanell.com\/wp-content\/uploads\/2025\/07\/Barra-de-bar-Talaia-1.png\",\"datePublished\":\"2025-07-09T07:34:58+00:00\",\"dateModified\":\"2025-07-09T08:17:22+00:00\",\"description\":\"Barra de bar Talaia, il\u00b7luminada per a exterior, modular, resistent i amb llum LED. Perfecta per a terrasses, beach clubs i zones chill out.\",\"breadcrumb\":{\"@id\":\"https:\/\/www.navarroaubanell.com\/ca\/producte\/barra-de-bar-talaia-navarroaubanell\/#breadcrumb\"},\"inLanguage\":\"ca\",\"potentialAction\":[{\"@type\":\"ReadAction\",\"target\":[\"https:\/\/www.navarroaubanell.com\/ca\/producte\/barra-de-bar-talaia-navarroaubanell\/\"]}]},{\"@type\":\"ImageObject\",\"inLanguage\":\"ca\",\"@id\":\"https:\/\/www.navarroaubanell.com\/ca\/producte\/barra-de-bar-talaia-navarroaubanell\/#primaryimage\",\"url\":\"https:\/\/www.navarroaubanell.com\/wp-content\/uploads\/2025\/07\/Barra-de-bar-Talaia-1.png\",\"contentUrl\":\"https:\/\/www.navarroaubanell.com\/wp-content\/uploads\/2025\/07\/Barra-de-bar-Talaia-1.png\",\"width\":1280,\"height\":1040,\"caption\":\"Barra de bar Talaia\"},{\"@type\":\"BreadcrumbList\",\"@id\":\"https:\/\/www.navarroaubanell.com\/ca\/producte\/barra-de-bar-talaia-navarroaubanell\/#breadcrumb\",\"itemListElement\":[{\"@type\":\"ListItem\",\"position\":1,\"name\":\"Portada\",\"item\":\"https:\/\/www.navarroaubanell.com\/ca\/\"},{\"@type\":\"ListItem\",\"position\":2,\"name\":\"Productes\",\"item\":\"https:\/\/www.navarroaubanell.com\/productos\/\"},{\"@type\":\"ListItem\",\"position\":3,\"name\":\"Barra de bar Talaia\"}]},{\"@type\":\"WebSite\",\"@id\":\"https:\/\/www.navarroaubanell.com\/ca\/#website\",\"url\":\"https:\/\/www.navarroaubanell.com\/ca\/\",\"name\":\"Navarro Aubanell\",\"description\":\"Mobiliario para hoteler\u00eda, colectividades y oficinas\",\"publisher\":{\"@id\":\"https:\/\/www.navarroaubanell.com\/ca\/#organization\"},\"potentialAction\":[{\"@type\":\"SearchAction\",\"target\":{\"@type\":\"EntryPoint\",\"urlTemplate\":\"https:\/\/www.navarroaubanell.com\/ca\/?s={search_term_string}\"},\"query-input\":{\"@type\":\"PropertyValueSpecification\",\"valueRequired\":true,\"valueName\":\"search_term_string\"}}],\"inLanguage\":\"ca\"},{\"@type\":\"Organization\",\"@id\":\"https:\/\/www.navarroaubanell.com\/ca\/#organization\",\"name\":\"COMERCIAL NAVARRO AUBANELL, S.A\",\"url\":\"https:\/\/www.navarroaubanell.com\/ca\/\",\"logo\":{\"@type\":\"ImageObject\",\"inLanguage\":\"ca\",\"@id\":\"https:\/\/www.navarroaubanell.com\/ca\/#\/schema\/logo\/image\/\",\"url\":\"https:\/\/www.navarroaubanell.com\/wp-content\/uploads\/2017\/07\/logo-navarro-aubuanell.png\",\"contentUrl\":\"https:\/\/www.navarroaubanell.com\/wp-content\/uploads\/2017\/07\/logo-navarro-aubuanell.png\",\"width\":6304,\"height\":1154,\"caption\":\"COMERCIAL NAVARRO AUBANELL, S.A\"},\"image\":{\"@id\":\"https:\/\/www.navarroaubanell.com\/ca\/#\/schema\/logo\/image\/\"}}]}<\/script>\n<!-- \/ Yoast SEO plugin. -->","yoast_head_json":{"title":"Barra de bar Talaia - Navarro Aubanell","description":"Barra de bar Talaia, il\u00b7luminada per a exterior, modular, resistent i amb llum LED. Perfecta per a terrasses, beach clubs i zones chill out.","robots":{"index":"index","follow":"follow","max-snippet":"max-snippet:-1","max-image-preview":"max-image-preview:large","max-video-preview":"max-video-preview:-1"},"canonical":"https:\/\/www.navarroaubanell.com\/ca\/producte\/barra-de-bar-talaia-navarroaubanell\/","og_locale":"ca_ES","og_type":"article","og_title":"Barra de bar Talaia - Navarro Aubanell","og_description":"Barra de bar Talaia, il\u00b7luminada per a exterior, modular, resistent i amb llum LED. Perfecta per a terrasses, beach clubs i zones chill out.","og_url":"https:\/\/www.navarroaubanell.com\/ca\/producte\/barra-de-bar-talaia-navarroaubanell\/","og_site_name":"Navarro Aubanell","article_modified_time":"2025-07-09T08:17:22+00:00","og_image":[{"width":1280,"height":1040,"url":"https:\/\/www.navarroaubanell.com\/wp-content\/uploads\/2025\/07\/Barra-de-bar-Talaia-1.png","type":"image\/png"}],"twitter_misc":{"Est. reading time":"2 minutes"},"schema":{"@context":"https:\/\/schema.org","@graph":[{"@type":"WebPage","@id":"https:\/\/www.navarroaubanell.com\/ca\/producte\/barra-de-bar-talaia-navarroaubanell\/","url":"https:\/\/www.navarroaubanell.com\/ca\/producte\/barra-de-bar-talaia-navarroaubanell\/","name":"Barra de bar Talaia - Navarro Aubanell","isPartOf":{"@id":"https:\/\/www.navarroaubanell.com\/ca\/#website"},"primaryImageOfPage":{"@id":"https:\/\/www.navarroaubanell.com\/ca\/producte\/barra-de-bar-talaia-navarroaubanell\/#primaryimage"},"image":{"@id":"https:\/\/www.navarroaubanell.com\/ca\/producte\/barra-de-bar-talaia-navarroaubanell\/#primaryimage"},"thumbnailUrl":"https:\/\/www.navarroaubanell.com\/wp-content\/uploads\/2025\/07\/Barra-de-bar-Talaia-1.png","datePublished":"2025-07-09T07:34:58+00:00","dateModified":"2025-07-09T08:17:22+00:00","description":"Barra de bar Talaia, il\u00b7luminada per a exterior, modular, resistent i amb llum LED. Perfecta per a terrasses, beach clubs i zones chill out.","breadcrumb":{"@id":"https:\/\/www.navarroaubanell.com\/ca\/producte\/barra-de-bar-talaia-navarroaubanell\/#breadcrumb"},"inLanguage":"ca","potentialAction":[{"@type":"ReadAction","target":["https:\/\/www.navarroaubanell.com\/ca\/producte\/barra-de-bar-talaia-navarroaubanell\/"]}]},{"@type":"ImageObject","inLanguage":"ca","@id":"https:\/\/www.navarroaubanell.com\/ca\/producte\/barra-de-bar-talaia-navarroaubanell\/#primaryimage","url":"https:\/\/www.navarroaubanell.com\/wp-content\/uploads\/2025\/07\/Barra-de-bar-Talaia-1.png","contentUrl":"https:\/\/www.navarroaubanell.com\/wp-content\/uploads\/2025\/07\/Barra-de-bar-Talaia-1.png","width":1280,"height":1040,"caption":"Barra de bar Talaia"},{"@type":"BreadcrumbList","@id":"https:\/\/www.navarroaubanell.com\/ca\/producte\/barra-de-bar-talaia-navarroaubanell\/#breadcrumb","itemListElement":[{"@type":"ListItem","position":1,"name":"Portada","item":"https:\/\/www.navarroaubanell.com\/ca\/"},{"@type":"ListItem","position":2,"name":"Productes","item":"https:\/\/www.navarroaubanell.com\/productos\/"},{"@type":"ListItem","position":3,"name":"Barra de bar Talaia"}]},{"@type":"WebSite","@id":"https:\/\/www.navarroaubanell.com\/ca\/#website","url":"https:\/\/www.navarroaubanell.com\/ca\/","name":"Navarro Aubanell","description":"Mobiliario para hoteler\u00eda, colectividades y oficinas","publisher":{"@id":"https:\/\/www.navarroaubanell.com\/ca\/#organization"},"potentialAction":[{"@type":"SearchAction","target":{"@type":"EntryPoint","urlTemplate":"https:\/\/www.navarroaubanell.com\/ca\/?s={search_term_string}"},"query-input":{"@type":"PropertyValueSpecification","valueRequired":true,"valueName":"search_term_string"}}],"inLanguage":"ca"},{"@type":"Organization","@id":"https:\/\/www.navarroaubanell.com\/ca\/#organization","name":"COMERCIAL NAVARRO AUBANELL, S.A","url":"https:\/\/www.navarroaubanell.com\/ca\/","logo":{"@type":"ImageObject","inLanguage":"ca","@id":"https:\/\/www.navarroaubanell.com\/ca\/#\/schema\/logo\/image\/","url":"https:\/\/www.navarroaubanell.com\/wp-content\/uploads\/2017\/07\/logo-navarro-aubuanell.png","contentUrl":"https:\/\/www.navarroaubanell.com\/wp-content\/uploads\/2017\/07\/logo-navarro-aubuanell.png","width":6304,"height":1154,"caption":"COMERCIAL NAVARRO AUBANELL, S.A"},"image":{"@id":"https:\/\/www.navarroaubanell.com\/ca\/#\/schema\/logo\/image\/"}}]}},"_links":{"self":[{"href":"https:\/\/www.navarroaubanell.com\/ca\/wp-json\/wp\/v2\/product\/46564","targetHints":{"allow":["GET"]}}],"collection":[{"href":"https:\/\/www.navarroaubanell.com\/ca\/wp-json\/wp\/v2\/product"}],"about":[{"href":"https:\/\/www.navarroaubanell.com\/ca\/wp-json\/wp\/v2\/types\/product"}],"wp:featuredmedia":[{"embeddable":true,"href":"https:\/\/www.navarroaubanell.com\/ca\/wp-json\/wp\/v2\/media\/46528"}],"wp:attachment":[{"href":"https:\/\/www.navarroaubanell.com\/ca\/wp-json\/wp\/v2\/media?parent=46564"}],"wp:term":[{"taxonomy":"product_brand","embeddable":true,"href":"https:\/\/www.navarroaubanell.com\/ca\/wp-json\/wp\/v2\/product_brand?post=46564"},{"taxonomy":"product_cat","embeddable":true,"href":"https:\/\/www.navarroaubanell.com\/ca\/wp-json\/wp\/v2\/product_cat?post=46564"},{"taxonomy":"product_tag","embeddable":true,"href":"https:\/\/www.navarroaubanell.com\/ca\/wp-json\/wp\/v2\/product_tag?post=46564"}],"curies":[{"name":"wp","href":"https:\/\/api.w.org\/{rel}","templated":true}]}}