{"id":46486,"date":"2025-07-07T16:17:02","date_gmt":"2025-07-07T14:17:02","guid":{"rendered":"https:\/\/www.navarroaubanell.com\/producto\/columpio-mitten-navarroaubanell\/"},"modified":"2025-07-07T16:55:04","modified_gmt":"2025-07-07T14:55:04","slug":"gronxador-mitten-navarroaubanell","status":"publish","type":"product","link":"https:\/\/www.navarroaubanell.com\/ca\/producte\/gronxador-mitten-navarroaubanell\/","title":{"rendered":"Gronxador Mitten"},"content":{"rendered":"<h5>Gronxador Mitten: estil bohemi i confort total per al teu espai exterior<\/h5>\n<p data-start=\"251\" data-end=\"492\">El gronxador Mitten \u00e9s una invitaci\u00f3 a desconnectar. Amb un disseny que fusiona l\u00ednies contempor\u00e0nies amb una est\u00e8tica boh\u00e8mia i natural, \u00e9s perfecte per crear ambients de descans en terrasses, jardins i zones chill out.<\/p>\n<h6 data-start=\"494\" data-end=\"537\">Estructura robusta per a exteriors<\/h6>\n<p data-start=\"539\" data-end=\"776\">La seva estructura d&#8217;acer resistent, tractat especialment per al seu \u00fas en exterior, proporciona estabilitat i durabilitat incl\u00fas en les condicions clim\u00e0tiques m\u00e9s exigents. Mitten \u00e9s un gronxador pensar per acompanyar-te temporada rere temporada.<\/p>\n<h6 data-start=\"778\" data-end=\"835\">V\u00edmet sint\u00e8tic d&#8217;alta qualitat i resist\u00e8ncia UV<\/h6>\n<p data-start=\"837\" data-end=\"1100\">El seient est\u00e0 teixit en v\u00edmet sint\u00e8tic, un material que imita la textura c\u00e0lida del v\u00edmet natural, per\u00f2 amb una capacitat m\u00e9s gran de resistir el sol, la humitat i els canvis de temperatura. Ideal per a un \u00fas intensiu en exteriors sense perdre l&#8217;est\u00e8tica ni el confort.<\/p>\n<h6 data-start=\"1102\" data-end=\"1148\">Comoditat afegida amb coix\u00ed embuatat<\/h6>\n<p data-start=\"1150\" data-end=\"1369\">Per a una experi\u00e8ncia de descans superior, el gronxador Mitten inclou un coix\u00ed embuatat que proporciona una comoditat envolupant. El seu disseny suau i ergon\u00f2mic invita a deixar-se emportar per la tranquil\u00b7litat de l&#8217;entorn. A m\u00e9s, t\u00e9 dues opcions d&#8217;acabat, facilitant la seva integraci\u00f3 a diferents entorns decoratius.<\/p>\n","protected":false},"excerpt":{"rendered":"<p>Gronxador Mitten: estil bohemi i confort total per al teu espai exterior El gronxador Mitten \u00e9s una invitaci\u00f3 a desconnectar. Amb un disseny que fusiona l\u00ednies contempor\u00e0nies amb una est\u00e8tica boh\u00e8mia i natural, \u00e9s perfecte per crear ambients de descans en terrasses, jardins i zones chill out. Estructura robusta per a exteriors La seva estructura&hellip;<\/p>\n","protected":false},"featured_media":46476,"template":"","meta":{"_acf_changed":false},"product_brand":[],"product_cat":[1693,1694],"product_tag":[816,640,820],"class_list":{"0":"post-46486","1":"product","2":"type-product","3":"status-publish","4":"has-post-thumbnail","6":"product_cat-chill-out-2-ca","7":"product_cat-columpios-ca","8":"product_tag-chill-out-ca","9":"product_tag-exterior-ca","10":"product_tag-gronxador","11":"description-off","13":"first","14":"instock","15":"shipping-taxable","16":"product-type-simple"},"acf":[],"yoast_head":"<!-- This site is optimized with the Yoast SEO plugin v27.0 - https:\/\/yoast.com\/product\/yoast-seo-wordpress\/ -->\n<title>Gronxador Mitten - Navarro Aubanell<\/title>\n<meta name=\"description\" content=\"Gronxador Mitten: disseny bohemi i modern amb coix\u00ed embuatat. Ideal per a exteriors. Resistents als raigs UV i disponible en dues combinacions de color.\" \/>\n<meta name=\"robots\" content=\"index, follow, max-snippet:-1, max-image-preview:large, max-video-preview:-1\" \/>\n<link rel=\"canonical\" href=\"https:\/\/www.navarroaubanell.com\/ca\/producte\/gronxador-mitten-navarroaubanell\/\" \/>\n<meta property=\"og:locale\" content=\"ca_ES\" \/>\n<meta property=\"og:type\" content=\"article\" \/>\n<meta property=\"og:title\" content=\"Gronxador Mitten - Navarro Aubanell\" \/>\n<meta property=\"og:description\" content=\"Gronxador Mitten: disseny bohemi i modern amb coix\u00ed embuatat. Ideal per a exteriors. Resistents als raigs UV i disponible en dues combinacions de color.\" \/>\n<meta property=\"og:url\" content=\"https:\/\/www.navarroaubanell.com\/ca\/producte\/gronxador-mitten-navarroaubanell\/\" \/>\n<meta property=\"og:site_name\" content=\"Navarro Aubanell\" \/>\n<meta property=\"article:modified_time\" content=\"2025-07-07T14:55:04+00:00\" \/>\n<meta property=\"og:image\" content=\"https:\/\/www.navarroaubanell.com\/wp-content\/uploads\/2025\/07\/Columpio-Mitten-1.png\" \/>\n\t<meta property=\"og:image:width\" content=\"800\" \/>\n\t<meta property=\"og:image:height\" content=\"650\" \/>\n\t<meta property=\"og:image:type\" content=\"image\/png\" \/>\n<meta name=\"twitter:label1\" content=\"Est. reading time\" \/>\n\t<meta name=\"twitter:data1\" content=\"2 minutes\" \/>\n<script type=\"application\/ld+json\" class=\"yoast-schema-graph\">{\"@context\":\"https:\/\/schema.org\",\"@graph\":[{\"@type\":\"WebPage\",\"@id\":\"https:\/\/www.navarroaubanell.com\/ca\/producte\/gronxador-mitten-navarroaubanell\/\",\"url\":\"https:\/\/www.navarroaubanell.com\/ca\/producte\/gronxador-mitten-navarroaubanell\/\",\"name\":\"Gronxador Mitten - Navarro Aubanell\",\"isPartOf\":{\"@id\":\"https:\/\/www.navarroaubanell.com\/ca\/#website\"},\"primaryImageOfPage\":{\"@id\":\"https:\/\/www.navarroaubanell.com\/ca\/producte\/gronxador-mitten-navarroaubanell\/#primaryimage\"},\"image\":{\"@id\":\"https:\/\/www.navarroaubanell.com\/ca\/producte\/gronxador-mitten-navarroaubanell\/#primaryimage\"},\"thumbnailUrl\":\"https:\/\/www.navarroaubanell.com\/wp-content\/uploads\/2025\/07\/Columpio-Mitten-1.png\",\"datePublished\":\"2025-07-07T14:17:02+00:00\",\"dateModified\":\"2025-07-07T14:55:04+00:00\",\"description\":\"Gronxador Mitten: disseny bohemi i modern amb coix\u00ed embuatat. Ideal per a exteriors. Resistents als raigs UV i disponible en dues combinacions de color.\",\"breadcrumb\":{\"@id\":\"https:\/\/www.navarroaubanell.com\/ca\/producte\/gronxador-mitten-navarroaubanell\/#breadcrumb\"},\"inLanguage\":\"ca\",\"potentialAction\":[{\"@type\":\"ReadAction\",\"target\":[\"https:\/\/www.navarroaubanell.com\/ca\/producte\/gronxador-mitten-navarroaubanell\/\"]}]},{\"@type\":\"ImageObject\",\"inLanguage\":\"ca\",\"@id\":\"https:\/\/www.navarroaubanell.com\/ca\/producte\/gronxador-mitten-navarroaubanell\/#primaryimage\",\"url\":\"https:\/\/www.navarroaubanell.com\/wp-content\/uploads\/2025\/07\/Columpio-Mitten-1.png\",\"contentUrl\":\"https:\/\/www.navarroaubanell.com\/wp-content\/uploads\/2025\/07\/Columpio-Mitten-1.png\",\"width\":800,\"height\":650,\"caption\":\"Gronxador Mitten\"},{\"@type\":\"BreadcrumbList\",\"@id\":\"https:\/\/www.navarroaubanell.com\/ca\/producte\/gronxador-mitten-navarroaubanell\/#breadcrumb\",\"itemListElement\":[{\"@type\":\"ListItem\",\"position\":1,\"name\":\"Portada\",\"item\":\"https:\/\/www.navarroaubanell.com\/ca\/\"},{\"@type\":\"ListItem\",\"position\":2,\"name\":\"Productes\",\"item\":\"https:\/\/www.navarroaubanell.com\/productos\/\"},{\"@type\":\"ListItem\",\"position\":3,\"name\":\"Gronxador Mitten\"}]},{\"@type\":\"WebSite\",\"@id\":\"https:\/\/www.navarroaubanell.com\/ca\/#website\",\"url\":\"https:\/\/www.navarroaubanell.com\/ca\/\",\"name\":\"Navarro Aubanell\",\"description\":\"Mobiliario para hoteler\u00eda, colectividades y oficinas\",\"publisher\":{\"@id\":\"https:\/\/www.navarroaubanell.com\/ca\/#organization\"},\"potentialAction\":[{\"@type\":\"SearchAction\",\"target\":{\"@type\":\"EntryPoint\",\"urlTemplate\":\"https:\/\/www.navarroaubanell.com\/ca\/?s={search_term_string}\"},\"query-input\":{\"@type\":\"PropertyValueSpecification\",\"valueRequired\":true,\"valueName\":\"search_term_string\"}}],\"inLanguage\":\"ca\"},{\"@type\":\"Organization\",\"@id\":\"https:\/\/www.navarroaubanell.com\/ca\/#organization\",\"name\":\"COMERCIAL NAVARRO AUBANELL, S.A\",\"url\":\"https:\/\/www.navarroaubanell.com\/ca\/\",\"logo\":{\"@type\":\"ImageObject\",\"inLanguage\":\"ca\",\"@id\":\"https:\/\/www.navarroaubanell.com\/ca\/#\/schema\/logo\/image\/\",\"url\":\"https:\/\/www.navarroaubanell.com\/wp-content\/uploads\/2017\/07\/logo-navarro-aubuanell.png\",\"contentUrl\":\"https:\/\/www.navarroaubanell.com\/wp-content\/uploads\/2017\/07\/logo-navarro-aubuanell.png\",\"width\":6304,\"height\":1154,\"caption\":\"COMERCIAL NAVARRO AUBANELL, S.A\"},\"image\":{\"@id\":\"https:\/\/www.navarroaubanell.com\/ca\/#\/schema\/logo\/image\/\"}}]}<\/script>\n<!-- \/ Yoast SEO plugin. -->","yoast_head_json":{"title":"Gronxador Mitten - Navarro Aubanell","description":"Gronxador Mitten: disseny bohemi i modern amb coix\u00ed embuatat. Ideal per a exteriors. Resistents als raigs UV i disponible en dues combinacions de color.","robots":{"index":"index","follow":"follow","max-snippet":"max-snippet:-1","max-image-preview":"max-image-preview:large","max-video-preview":"max-video-preview:-1"},"canonical":"https:\/\/www.navarroaubanell.com\/ca\/producte\/gronxador-mitten-navarroaubanell\/","og_locale":"ca_ES","og_type":"article","og_title":"Gronxador Mitten - Navarro Aubanell","og_description":"Gronxador Mitten: disseny bohemi i modern amb coix\u00ed embuatat. Ideal per a exteriors. Resistents als raigs UV i disponible en dues combinacions de color.","og_url":"https:\/\/www.navarroaubanell.com\/ca\/producte\/gronxador-mitten-navarroaubanell\/","og_site_name":"Navarro Aubanell","article_modified_time":"2025-07-07T14:55:04+00:00","og_image":[{"width":800,"height":650,"url":"https:\/\/www.navarroaubanell.com\/wp-content\/uploads\/2025\/07\/Columpio-Mitten-1.png","type":"image\/png"}],"twitter_misc":{"Est. reading time":"2 minutes"},"schema":{"@context":"https:\/\/schema.org","@graph":[{"@type":"WebPage","@id":"https:\/\/www.navarroaubanell.com\/ca\/producte\/gronxador-mitten-navarroaubanell\/","url":"https:\/\/www.navarroaubanell.com\/ca\/producte\/gronxador-mitten-navarroaubanell\/","name":"Gronxador Mitten - Navarro Aubanell","isPartOf":{"@id":"https:\/\/www.navarroaubanell.com\/ca\/#website"},"primaryImageOfPage":{"@id":"https:\/\/www.navarroaubanell.com\/ca\/producte\/gronxador-mitten-navarroaubanell\/#primaryimage"},"image":{"@id":"https:\/\/www.navarroaubanell.com\/ca\/producte\/gronxador-mitten-navarroaubanell\/#primaryimage"},"thumbnailUrl":"https:\/\/www.navarroaubanell.com\/wp-content\/uploads\/2025\/07\/Columpio-Mitten-1.png","datePublished":"2025-07-07T14:17:02+00:00","dateModified":"2025-07-07T14:55:04+00:00","description":"Gronxador Mitten: disseny bohemi i modern amb coix\u00ed embuatat. Ideal per a exteriors. Resistents als raigs UV i disponible en dues combinacions de color.","breadcrumb":{"@id":"https:\/\/www.navarroaubanell.com\/ca\/producte\/gronxador-mitten-navarroaubanell\/#breadcrumb"},"inLanguage":"ca","potentialAction":[{"@type":"ReadAction","target":["https:\/\/www.navarroaubanell.com\/ca\/producte\/gronxador-mitten-navarroaubanell\/"]}]},{"@type":"ImageObject","inLanguage":"ca","@id":"https:\/\/www.navarroaubanell.com\/ca\/producte\/gronxador-mitten-navarroaubanell\/#primaryimage","url":"https:\/\/www.navarroaubanell.com\/wp-content\/uploads\/2025\/07\/Columpio-Mitten-1.png","contentUrl":"https:\/\/www.navarroaubanell.com\/wp-content\/uploads\/2025\/07\/Columpio-Mitten-1.png","width":800,"height":650,"caption":"Gronxador Mitten"},{"@type":"BreadcrumbList","@id":"https:\/\/www.navarroaubanell.com\/ca\/producte\/gronxador-mitten-navarroaubanell\/#breadcrumb","itemListElement":[{"@type":"ListItem","position":1,"name":"Portada","item":"https:\/\/www.navarroaubanell.com\/ca\/"},{"@type":"ListItem","position":2,"name":"Productes","item":"https:\/\/www.navarroaubanell.com\/productos\/"},{"@type":"ListItem","position":3,"name":"Gronxador Mitten"}]},{"@type":"WebSite","@id":"https:\/\/www.navarroaubanell.com\/ca\/#website","url":"https:\/\/www.navarroaubanell.com\/ca\/","name":"Navarro Aubanell","description":"Mobiliario para hoteler\u00eda, colectividades y oficinas","publisher":{"@id":"https:\/\/www.navarroaubanell.com\/ca\/#organization"},"potentialAction":[{"@type":"SearchAction","target":{"@type":"EntryPoint","urlTemplate":"https:\/\/www.navarroaubanell.com\/ca\/?s={search_term_string}"},"query-input":{"@type":"PropertyValueSpecification","valueRequired":true,"valueName":"search_term_string"}}],"inLanguage":"ca"},{"@type":"Organization","@id":"https:\/\/www.navarroaubanell.com\/ca\/#organization","name":"COMERCIAL NAVARRO AUBANELL, S.A","url":"https:\/\/www.navarroaubanell.com\/ca\/","logo":{"@type":"ImageObject","inLanguage":"ca","@id":"https:\/\/www.navarroaubanell.com\/ca\/#\/schema\/logo\/image\/","url":"https:\/\/www.navarroaubanell.com\/wp-content\/uploads\/2017\/07\/logo-navarro-aubuanell.png","contentUrl":"https:\/\/www.navarroaubanell.com\/wp-content\/uploads\/2017\/07\/logo-navarro-aubuanell.png","width":6304,"height":1154,"caption":"COMERCIAL NAVARRO AUBANELL, S.A"},"image":{"@id":"https:\/\/www.navarroaubanell.com\/ca\/#\/schema\/logo\/image\/"}}]}},"_links":{"self":[{"href":"https:\/\/www.navarroaubanell.com\/ca\/wp-json\/wp\/v2\/product\/46486","targetHints":{"allow":["GET"]}}],"collection":[{"href":"https:\/\/www.navarroaubanell.com\/ca\/wp-json\/wp\/v2\/product"}],"about":[{"href":"https:\/\/www.navarroaubanell.com\/ca\/wp-json\/wp\/v2\/types\/product"}],"wp:featuredmedia":[{"embeddable":true,"href":"https:\/\/www.navarroaubanell.com\/ca\/wp-json\/wp\/v2\/media\/46476"}],"wp:attachment":[{"href":"https:\/\/www.navarroaubanell.com\/ca\/wp-json\/wp\/v2\/media?parent=46486"}],"wp:term":[{"taxonomy":"product_brand","embeddable":true,"href":"https:\/\/www.navarroaubanell.com\/ca\/wp-json\/wp\/v2\/product_brand?post=46486"},{"taxonomy":"product_cat","embeddable":true,"href":"https:\/\/www.navarroaubanell.com\/ca\/wp-json\/wp\/v2\/product_cat?post=46486"},{"taxonomy":"product_tag","embeddable":true,"href":"https:\/\/www.navarroaubanell.com\/ca\/wp-json\/wp\/v2\/product_tag?post=46486"}],"curies":[{"name":"wp","href":"https:\/\/api.w.org\/{rel}","templated":true}]}}