{"id":46453,"date":"2025-07-04T17:26:19","date_gmt":"2025-07-04T15:26:19","guid":{"rendered":"https:\/\/www.navarroaubanell.com\/producto\/columpio-bambole-navarroaubanell\/"},"modified":"2025-07-04T17:50:46","modified_gmt":"2025-07-04T15:50:46","slug":"gronxador-bambole-navarroaubanell","status":"publish","type":"product","link":"https:\/\/www.navarroaubanell.com\/ca\/producte\/gronxador-bambole-navarroaubanell\/","title":{"rendered":"Gronxador Bambol\u00e9"},"content":{"rendered":"<h5 data-start=\"0\" data-end=\"77\">Gronxador Bambol\u00e9: el sof\u00e0-balanc\u00ed que redefineix el descans a l&#8217;aire lliure<\/h5>\n<p data-start=\"79\" data-end=\"476\">El gronxador Bambol\u00e9 no \u00e9s un balanc\u00ed qualsevol: \u00e9s un sof\u00e0-cama susp\u00e8s que combina disseny i funcionalitat. El respatller i el sostre para-sol s\u00f3n ajustables, el que permet adaptar la inclinaci\u00f3 per aconseguir una experi\u00e8ncia de descans completament personalitzada. Ideal per a jardins, terrasses i zones chill out que busquen confort sense renunciar a l&#8217;estil.<\/p>\n<h6 data-start=\"478\" data-end=\"794\">Estructura robusta i resistent a l&#8217;exterior<\/h6>\n<p data-start=\"478\" data-end=\"794\">L&#8217;estructura de Bambol\u00e9 est\u00e0 fabricada en acer, la qual cosa garanteix fermesa i estabilitat. A m\u00e9s, compta amb un vern\u00eds especial per a exteriors que el protegeix envers la humitat, el sol i altres agents clim\u00e0tics. Un disseny pensat per a durar sense perdre l&#8217;eleg\u00e0ncia.<\/p>\n<h6 data-start=\"796\" data-end=\"1114\">Materials preparats per a l&#8217;aire lliure<\/h6>\n<p data-start=\"796\" data-end=\"1114\">El seient est\u00e0 elaborat amb corda sint\u00e8tica d&#8217;alta resist\u00e8ncia, apta per a exteriors, resistent als raigs UV, a l&#8217;abrasi\u00f3 i a les inclem\u00e8ncies del temps. El sostre combina teixit sint\u00e8tic i olefin, dos materials duradors que ofereixen ombra i protecci\u00f3 solar.<\/p>\n<h6 data-start=\"1116\" data-end=\"1276\">Personalitzaci\u00f3 i estil<\/h6>\n<p data-start=\"1116\" data-end=\"1276\">Disponible en diversos colors d&#8217;estructura i teixits, el gronxador Bambol\u00e9 s&#8217;adapta f\u00e0cilment a diferents estils decoratius.<\/p>\n","protected":false},"excerpt":{"rendered":"<p>Gronxador Bambol\u00e9: el sof\u00e0-balanc\u00ed que redefineix el descans a l&#8217;aire lliure El gronxador Bambol\u00e9 no \u00e9s un balanc\u00ed qualsevol: \u00e9s un sof\u00e0-cama susp\u00e8s que combina disseny i funcionalitat. El respatller i el sostre para-sol s\u00f3n ajustables, el que permet adaptar la inclinaci\u00f3 per aconseguir una experi\u00e8ncia de descans completament personalitzada. Ideal per a jardins, terrasses&hellip;<\/p>\n","protected":false},"featured_media":46439,"template":"","meta":{"_acf_changed":false},"product_brand":[],"product_cat":[1693,1694],"product_tag":[1699,816,640,820,754],"class_list":{"0":"post-46453","1":"product","2":"type-product","3":"status-publish","4":"has-post-thumbnail","6":"product_cat-chill-out-2-ca","7":"product_cat-columpios-ca","8":"product_tag-balancin-ca","9":"product_tag-chill-out-ca","10":"product_tag-exterior-ca","11":"product_tag-gronxador","12":"product_tag-sofa-ca","13":"description-off","15":"first","16":"instock","17":"shipping-taxable","18":"product-type-simple"},"acf":[],"yoast_head":"<!-- This site is optimized with the Yoast SEO plugin v27.0 - https:\/\/yoast.com\/product\/yoast-seo-wordpress\/ -->\n<title>Gronxador Bambol\u00e9 - Navarro Aubanell<\/title>\n<meta name=\"description\" content=\"Gronxador Bambol\u00e9: sof\u00e0-balanc\u00ed ajustable que es converteix en sof\u00e0-cama susp\u00e8s. Estructura d&#039;acer i materials resistents a l&#039;exterior.\" \/>\n<meta name=\"robots\" content=\"index, follow, max-snippet:-1, max-image-preview:large, max-video-preview:-1\" \/>\n<link rel=\"canonical\" href=\"https:\/\/www.navarroaubanell.com\/ca\/producte\/gronxador-bambole-navarroaubanell\/\" \/>\n<meta property=\"og:locale\" content=\"ca_ES\" \/>\n<meta property=\"og:type\" content=\"article\" \/>\n<meta property=\"og:title\" content=\"Gronxador Bambol\u00e9 - Navarro Aubanell\" \/>\n<meta property=\"og:description\" content=\"Gronxador Bambol\u00e9: sof\u00e0-balanc\u00ed ajustable que es converteix en sof\u00e0-cama susp\u00e8s. Estructura d&#039;acer i materials resistents a l&#039;exterior.\" \/>\n<meta property=\"og:url\" content=\"https:\/\/www.navarroaubanell.com\/ca\/producte\/gronxador-bambole-navarroaubanell\/\" \/>\n<meta property=\"og:site_name\" content=\"Navarro Aubanell\" \/>\n<meta property=\"article:modified_time\" content=\"2025-07-04T15:50:46+00:00\" \/>\n<meta property=\"og:image\" content=\"https:\/\/www.navarroaubanell.com\/wp-content\/uploads\/2025\/07\/bambo-Photoroom-1.png\" \/>\n\t<meta property=\"og:image:width\" content=\"1280\" \/>\n\t<meta property=\"og:image:height\" content=\"1040\" \/>\n\t<meta property=\"og:image:type\" content=\"image\/png\" \/>\n<meta name=\"twitter:label1\" content=\"Est. reading time\" \/>\n\t<meta name=\"twitter:data1\" content=\"2 minutes\" \/>\n<script type=\"application\/ld+json\" class=\"yoast-schema-graph\">{\"@context\":\"https:\/\/schema.org\",\"@graph\":[{\"@type\":\"WebPage\",\"@id\":\"https:\/\/www.navarroaubanell.com\/ca\/producte\/gronxador-bambole-navarroaubanell\/\",\"url\":\"https:\/\/www.navarroaubanell.com\/ca\/producte\/gronxador-bambole-navarroaubanell\/\",\"name\":\"Gronxador Bambol\u00e9 - Navarro Aubanell\",\"isPartOf\":{\"@id\":\"https:\/\/www.navarroaubanell.com\/ca\/#website\"},\"primaryImageOfPage\":{\"@id\":\"https:\/\/www.navarroaubanell.com\/ca\/producte\/gronxador-bambole-navarroaubanell\/#primaryimage\"},\"image\":{\"@id\":\"https:\/\/www.navarroaubanell.com\/ca\/producte\/gronxador-bambole-navarroaubanell\/#primaryimage\"},\"thumbnailUrl\":\"https:\/\/www.navarroaubanell.com\/wp-content\/uploads\/2025\/07\/bambo-Photoroom-1.png\",\"datePublished\":\"2025-07-04T15:26:19+00:00\",\"dateModified\":\"2025-07-04T15:50:46+00:00\",\"description\":\"Gronxador Bambol\u00e9: sof\u00e0-balanc\u00ed ajustable que es converteix en sof\u00e0-cama susp\u00e8s. Estructura d'acer i materials resistents a l'exterior.\",\"breadcrumb\":{\"@id\":\"https:\/\/www.navarroaubanell.com\/ca\/producte\/gronxador-bambole-navarroaubanell\/#breadcrumb\"},\"inLanguage\":\"ca\",\"potentialAction\":[{\"@type\":\"ReadAction\",\"target\":[\"https:\/\/www.navarroaubanell.com\/ca\/producte\/gronxador-bambole-navarroaubanell\/\"]}]},{\"@type\":\"ImageObject\",\"inLanguage\":\"ca\",\"@id\":\"https:\/\/www.navarroaubanell.com\/ca\/producte\/gronxador-bambole-navarroaubanell\/#primaryimage\",\"url\":\"https:\/\/www.navarroaubanell.com\/wp-content\/uploads\/2025\/07\/bambo-Photoroom-1.png\",\"contentUrl\":\"https:\/\/www.navarroaubanell.com\/wp-content\/uploads\/2025\/07\/bambo-Photoroom-1.png\",\"width\":1280,\"height\":1040,\"caption\":\"Columpio Bambol\u00e9\"},{\"@type\":\"BreadcrumbList\",\"@id\":\"https:\/\/www.navarroaubanell.com\/ca\/producte\/gronxador-bambole-navarroaubanell\/#breadcrumb\",\"itemListElement\":[{\"@type\":\"ListItem\",\"position\":1,\"name\":\"Portada\",\"item\":\"https:\/\/www.navarroaubanell.com\/ca\/\"},{\"@type\":\"ListItem\",\"position\":2,\"name\":\"Productes\",\"item\":\"https:\/\/www.navarroaubanell.com\/productos\/\"},{\"@type\":\"ListItem\",\"position\":3,\"name\":\"Gronxador Bambol\u00e9\"}]},{\"@type\":\"WebSite\",\"@id\":\"https:\/\/www.navarroaubanell.com\/ca\/#website\",\"url\":\"https:\/\/www.navarroaubanell.com\/ca\/\",\"name\":\"Navarro Aubanell\",\"description\":\"Mobiliario para hoteler\u00eda, colectividades y oficinas\",\"publisher\":{\"@id\":\"https:\/\/www.navarroaubanell.com\/ca\/#organization\"},\"potentialAction\":[{\"@type\":\"SearchAction\",\"target\":{\"@type\":\"EntryPoint\",\"urlTemplate\":\"https:\/\/www.navarroaubanell.com\/ca\/?s={search_term_string}\"},\"query-input\":{\"@type\":\"PropertyValueSpecification\",\"valueRequired\":true,\"valueName\":\"search_term_string\"}}],\"inLanguage\":\"ca\"},{\"@type\":\"Organization\",\"@id\":\"https:\/\/www.navarroaubanell.com\/ca\/#organization\",\"name\":\"COMERCIAL NAVARRO AUBANELL, S.A\",\"url\":\"https:\/\/www.navarroaubanell.com\/ca\/\",\"logo\":{\"@type\":\"ImageObject\",\"inLanguage\":\"ca\",\"@id\":\"https:\/\/www.navarroaubanell.com\/ca\/#\/schema\/logo\/image\/\",\"url\":\"https:\/\/www.navarroaubanell.com\/wp-content\/uploads\/2017\/07\/logo-navarro-aubuanell.png\",\"contentUrl\":\"https:\/\/www.navarroaubanell.com\/wp-content\/uploads\/2017\/07\/logo-navarro-aubuanell.png\",\"width\":6304,\"height\":1154,\"caption\":\"COMERCIAL NAVARRO AUBANELL, S.A\"},\"image\":{\"@id\":\"https:\/\/www.navarroaubanell.com\/ca\/#\/schema\/logo\/image\/\"}}]}<\/script>\n<!-- \/ Yoast SEO plugin. -->","yoast_head_json":{"title":"Gronxador Bambol\u00e9 - Navarro Aubanell","description":"Gronxador Bambol\u00e9: sof\u00e0-balanc\u00ed ajustable que es converteix en sof\u00e0-cama susp\u00e8s. Estructura d'acer i materials resistents a l'exterior.","robots":{"index":"index","follow":"follow","max-snippet":"max-snippet:-1","max-image-preview":"max-image-preview:large","max-video-preview":"max-video-preview:-1"},"canonical":"https:\/\/www.navarroaubanell.com\/ca\/producte\/gronxador-bambole-navarroaubanell\/","og_locale":"ca_ES","og_type":"article","og_title":"Gronxador Bambol\u00e9 - Navarro Aubanell","og_description":"Gronxador Bambol\u00e9: sof\u00e0-balanc\u00ed ajustable que es converteix en sof\u00e0-cama susp\u00e8s. Estructura d'acer i materials resistents a l'exterior.","og_url":"https:\/\/www.navarroaubanell.com\/ca\/producte\/gronxador-bambole-navarroaubanell\/","og_site_name":"Navarro Aubanell","article_modified_time":"2025-07-04T15:50:46+00:00","og_image":[{"width":1280,"height":1040,"url":"https:\/\/www.navarroaubanell.com\/wp-content\/uploads\/2025\/07\/bambo-Photoroom-1.png","type":"image\/png"}],"twitter_misc":{"Est. reading time":"2 minutes"},"schema":{"@context":"https:\/\/schema.org","@graph":[{"@type":"WebPage","@id":"https:\/\/www.navarroaubanell.com\/ca\/producte\/gronxador-bambole-navarroaubanell\/","url":"https:\/\/www.navarroaubanell.com\/ca\/producte\/gronxador-bambole-navarroaubanell\/","name":"Gronxador Bambol\u00e9 - Navarro Aubanell","isPartOf":{"@id":"https:\/\/www.navarroaubanell.com\/ca\/#website"},"primaryImageOfPage":{"@id":"https:\/\/www.navarroaubanell.com\/ca\/producte\/gronxador-bambole-navarroaubanell\/#primaryimage"},"image":{"@id":"https:\/\/www.navarroaubanell.com\/ca\/producte\/gronxador-bambole-navarroaubanell\/#primaryimage"},"thumbnailUrl":"https:\/\/www.navarroaubanell.com\/wp-content\/uploads\/2025\/07\/bambo-Photoroom-1.png","datePublished":"2025-07-04T15:26:19+00:00","dateModified":"2025-07-04T15:50:46+00:00","description":"Gronxador Bambol\u00e9: sof\u00e0-balanc\u00ed ajustable que es converteix en sof\u00e0-cama susp\u00e8s. Estructura d'acer i materials resistents a l'exterior.","breadcrumb":{"@id":"https:\/\/www.navarroaubanell.com\/ca\/producte\/gronxador-bambole-navarroaubanell\/#breadcrumb"},"inLanguage":"ca","potentialAction":[{"@type":"ReadAction","target":["https:\/\/www.navarroaubanell.com\/ca\/producte\/gronxador-bambole-navarroaubanell\/"]}]},{"@type":"ImageObject","inLanguage":"ca","@id":"https:\/\/www.navarroaubanell.com\/ca\/producte\/gronxador-bambole-navarroaubanell\/#primaryimage","url":"https:\/\/www.navarroaubanell.com\/wp-content\/uploads\/2025\/07\/bambo-Photoroom-1.png","contentUrl":"https:\/\/www.navarroaubanell.com\/wp-content\/uploads\/2025\/07\/bambo-Photoroom-1.png","width":1280,"height":1040,"caption":"Columpio Bambol\u00e9"},{"@type":"BreadcrumbList","@id":"https:\/\/www.navarroaubanell.com\/ca\/producte\/gronxador-bambole-navarroaubanell\/#breadcrumb","itemListElement":[{"@type":"ListItem","position":1,"name":"Portada","item":"https:\/\/www.navarroaubanell.com\/ca\/"},{"@type":"ListItem","position":2,"name":"Productes","item":"https:\/\/www.navarroaubanell.com\/productos\/"},{"@type":"ListItem","position":3,"name":"Gronxador Bambol\u00e9"}]},{"@type":"WebSite","@id":"https:\/\/www.navarroaubanell.com\/ca\/#website","url":"https:\/\/www.navarroaubanell.com\/ca\/","name":"Navarro Aubanell","description":"Mobiliario para hoteler\u00eda, colectividades y oficinas","publisher":{"@id":"https:\/\/www.navarroaubanell.com\/ca\/#organization"},"potentialAction":[{"@type":"SearchAction","target":{"@type":"EntryPoint","urlTemplate":"https:\/\/www.navarroaubanell.com\/ca\/?s={search_term_string}"},"query-input":{"@type":"PropertyValueSpecification","valueRequired":true,"valueName":"search_term_string"}}],"inLanguage":"ca"},{"@type":"Organization","@id":"https:\/\/www.navarroaubanell.com\/ca\/#organization","name":"COMERCIAL NAVARRO AUBANELL, S.A","url":"https:\/\/www.navarroaubanell.com\/ca\/","logo":{"@type":"ImageObject","inLanguage":"ca","@id":"https:\/\/www.navarroaubanell.com\/ca\/#\/schema\/logo\/image\/","url":"https:\/\/www.navarroaubanell.com\/wp-content\/uploads\/2017\/07\/logo-navarro-aubuanell.png","contentUrl":"https:\/\/www.navarroaubanell.com\/wp-content\/uploads\/2017\/07\/logo-navarro-aubuanell.png","width":6304,"height":1154,"caption":"COMERCIAL NAVARRO AUBANELL, S.A"},"image":{"@id":"https:\/\/www.navarroaubanell.com\/ca\/#\/schema\/logo\/image\/"}}]}},"_links":{"self":[{"href":"https:\/\/www.navarroaubanell.com\/ca\/wp-json\/wp\/v2\/product\/46453","targetHints":{"allow":["GET"]}}],"collection":[{"href":"https:\/\/www.navarroaubanell.com\/ca\/wp-json\/wp\/v2\/product"}],"about":[{"href":"https:\/\/www.navarroaubanell.com\/ca\/wp-json\/wp\/v2\/types\/product"}],"wp:featuredmedia":[{"embeddable":true,"href":"https:\/\/www.navarroaubanell.com\/ca\/wp-json\/wp\/v2\/media\/46439"}],"wp:attachment":[{"href":"https:\/\/www.navarroaubanell.com\/ca\/wp-json\/wp\/v2\/media?parent=46453"}],"wp:term":[{"taxonomy":"product_brand","embeddable":true,"href":"https:\/\/www.navarroaubanell.com\/ca\/wp-json\/wp\/v2\/product_brand?post=46453"},{"taxonomy":"product_cat","embeddable":true,"href":"https:\/\/www.navarroaubanell.com\/ca\/wp-json\/wp\/v2\/product_cat?post=46453"},{"taxonomy":"product_tag","embeddable":true,"href":"https:\/\/www.navarroaubanell.com\/ca\/wp-json\/wp\/v2\/product_tag?post=46453"}],"curies":[{"name":"wp","href":"https:\/\/api.w.org\/{rel}","templated":true}]}}