{"id":46405,"date":"2025-07-02T17:55:55","date_gmt":"2025-07-02T15:55:55","guid":{"rendered":"https:\/\/www.navarroaubanell.com\/producto\/conjunto-olimpia-balliu-navarroaubanell\/"},"modified":"2025-07-03T12:14:47","modified_gmt":"2025-07-03T10:14:47","slug":"conjunt-olimpia-balliu-navarroaubanell","status":"publish","type":"product","link":"https:\/\/www.navarroaubanell.com\/ca\/producte\/conjunt-olimpia-balliu-navarroaubanell\/","title":{"rendered":"Conjunt Olimpia"},"content":{"rendered":"<h5 data-start=\"130\" data-end=\"195\">Conjunt Olimpia: disseny\u00a0 modern i durabilitat per a exteriors<\/h5>\n<h6 data-start=\"197\" data-end=\"229\">Sof\u00e0s i taula central a joc<\/h6>\n<p data-start=\"231\" data-end=\"446\">El conjunt Olimpia inclou un sof\u00e0 doble, dues butaques individuals i una taula central, amb disponibilitat d&#8217;un sof\u00e0 de 3 places. el seu disseny contemporani i funcional el converteix en una excel\u00b7lent opci\u00f3 per a terrasses, jardins i espais d&#8217;hostaleria.<\/p>\n<h6 data-start=\"448\" data-end=\"483\">Materials resistents al clima<\/h6>\n<p>Tant el xass\u00eds com els t\u00e8xtils estan pensats per a suportar les inclem\u00e8ncies del temps sense renunciar a la comoditat.<\/p>\n<ul>\n<li data-start=\"651\" data-end=\"1060\">Els sof\u00e0s Olimpia tenen una estructura d&#8217;alumini endurit que garanteix resist\u00e8ncia i durabilitat.<\/li>\n<li data-start=\"651\" data-end=\"1060\">Els coixins estan fabricats amb espuma DryFeel, especialment dissenyada per a \u00fas exterior, permetent una r\u00e0pida evacuaci\u00f3 de l&#8217;aigua i evitant l&#8217;acumulaci\u00f3 d&#8217;humitat.<\/li>\n<\/ul>\n<h6 data-start=\"742\" data-end=\"781\">Taula d&#8217;exterior elegant i robusta<\/h6>\n<p data-start=\"783\" data-end=\"965\">La taula central Olimpia combina estructura d&#8217;alumini, cargols d&#8217;acer inoxidable i taulers HPL disponibles en diversos acabats. Ideal per a qualsevol ambient exterior.<\/p>\n<h6 data-start=\"967\" data-end=\"993\">Modular i configurable<\/h6>\n<p data-start=\"995\" data-end=\"1107\">Cada pe\u00e7a pot adquirir-se per separat, permetent configurar el conjunt a la teva mesura i segons les teves necessitats.<\/p>\n<p data-start=\"995\" data-end=\"1107\"><a href=\"https:\/\/balliuexport.com\/wp-content\/uploads\/2023\/12\/Olimpia-sofaESP-comprimido.pdf\">Fitxa t\u00e8cnica sof\u00e0s<\/a><\/p>\n<p data-start=\"995\" data-end=\"1107\"><a href=\"https:\/\/balliuexport.com\/wp-content\/uploads\/2020\/02\/Olimpia-mesa-central-comprimido.pdf\">Fitxa t\u00e8cnica taula central<\/a><\/p>\n","protected":false},"excerpt":{"rendered":"<p>Conjunt Olimpia: disseny\u00a0 modern i durabilitat per a exteriors Sof\u00e0s i taula central a joc El conjunt Olimpia inclou un sof\u00e0 doble, dues butaques individuals i una taula central, amb disponibilitat d&#8217;un sof\u00e0 de 3 places. el seu disseny contemporani i funcional el converteix en una excel\u00b7lent opci\u00f3 per a terrasses, jardins i espais d&#8217;hostaleria.&hellip;<\/p>\n","protected":false},"featured_media":46366,"template":"","meta":{"_acf_changed":false},"product_brand":[],"product_cat":[565,563],"product_tag":[605,617,640,1644,754],"class_list":{"0":"post-46405","1":"product","2":"type-product","3":"status-publish","4":"has-post-thumbnail","6":"product_cat-conjunts-exterior","7":"product_cat-exterior-ca","8":"product_tag-butaca-ca","9":"product_tag-conjunt","10":"product_tag-exterior-ca","11":"product_tag-mesa-central-ca","12":"product_tag-sofa-ca","13":"description-off","15":"first","16":"instock","17":"shipping-taxable","18":"product-type-simple"},"acf":[],"yoast_head":"<!-- This site is optimized with the Yoast SEO plugin v27.6 - https:\/\/yoast.com\/product\/yoast-seo-wordpress\/ -->\n<title>Conjunt Olimpia - Navarro Aubanell<\/title>\n<meta name=\"description\" content=\"Conjunt Olimpia per exterior: sof\u00e0, butaques i taula central. Disseny modern, resistent al clima i configurable per a terrasses i jardins.\" \/>\n<meta name=\"robots\" content=\"index, follow, max-snippet:-1, max-image-preview:large, max-video-preview:-1\" \/>\n<link rel=\"canonical\" href=\"https:\/\/www.navarroaubanell.com\/ca\/producte\/conjunt-olimpia-balliu-navarroaubanell\/\" \/>\n<meta property=\"og:locale\" content=\"ca_ES\" \/>\n<meta property=\"og:type\" content=\"article\" \/>\n<meta property=\"og:title\" content=\"Conjunt Olimpia - Navarro Aubanell\" \/>\n<meta property=\"og:description\" content=\"Conjunt Olimpia per exterior: sof\u00e0, butaques i taula central. Disseny modern, resistent al clima i configurable per a terrasses i jardins.\" \/>\n<meta property=\"og:url\" content=\"https:\/\/www.navarroaubanell.com\/ca\/producte\/conjunt-olimpia-balliu-navarroaubanell\/\" \/>\n<meta property=\"og:site_name\" content=\"Navarro Aubanell\" \/>\n<meta property=\"article:modified_time\" content=\"2025-07-03T10:14:47+00:00\" \/>\n<meta property=\"og:image\" content=\"https:\/\/www.navarroaubanell.com\/wp-content\/uploads\/2025\/07\/CONJUNTO-OLIMPIA-1-Pica-1.png\" \/>\n\t<meta property=\"og:image:width\" content=\"1024\" \/>\n\t<meta property=\"og:image:height\" content=\"832\" \/>\n\t<meta property=\"og:image:type\" content=\"image\/png\" \/>\n<meta name=\"twitter:label1\" content=\"Est. reading time\" \/>\n\t<meta name=\"twitter:data1\" content=\"1 minute\" \/>\n<script type=\"application\/ld+json\" class=\"yoast-schema-graph\">{\"@context\":\"https:\\\/\\\/schema.org\",\"@graph\":[{\"@type\":\"WebPage\",\"@id\":\"https:\\\/\\\/www.navarroaubanell.com\\\/ca\\\/producte\\\/conjunt-olimpia-balliu-navarroaubanell\\\/\",\"url\":\"https:\\\/\\\/www.navarroaubanell.com\\\/ca\\\/producte\\\/conjunt-olimpia-balliu-navarroaubanell\\\/\",\"name\":\"Conjunt Olimpia - Navarro Aubanell\",\"isPartOf\":{\"@id\":\"https:\\\/\\\/www.navarroaubanell.com\\\/ca\\\/#website\"},\"primaryImageOfPage\":{\"@id\":\"https:\\\/\\\/www.navarroaubanell.com\\\/ca\\\/producte\\\/conjunt-olimpia-balliu-navarroaubanell\\\/#primaryimage\"},\"image\":{\"@id\":\"https:\\\/\\\/www.navarroaubanell.com\\\/ca\\\/producte\\\/conjunt-olimpia-balliu-navarroaubanell\\\/#primaryimage\"},\"thumbnailUrl\":\"https:\\\/\\\/www.navarroaubanell.com\\\/wp-content\\\/uploads\\\/2025\\\/07\\\/CONJUNTO-OLIMPIA-1-Pica-1.png\",\"datePublished\":\"2025-07-02T15:55:55+00:00\",\"dateModified\":\"2025-07-03T10:14:47+00:00\",\"description\":\"Conjunt Olimpia per exterior: sof\u00e0, butaques i taula central. Disseny modern, resistent al clima i configurable per a terrasses i jardins.\",\"breadcrumb\":{\"@id\":\"https:\\\/\\\/www.navarroaubanell.com\\\/ca\\\/producte\\\/conjunt-olimpia-balliu-navarroaubanell\\\/#breadcrumb\"},\"inLanguage\":\"ca\",\"potentialAction\":[{\"@type\":\"ReadAction\",\"target\":[\"https:\\\/\\\/www.navarroaubanell.com\\\/ca\\\/producte\\\/conjunt-olimpia-balliu-navarroaubanell\\\/\"]}]},{\"@type\":\"ImageObject\",\"inLanguage\":\"ca\",\"@id\":\"https:\\\/\\\/www.navarroaubanell.com\\\/ca\\\/producte\\\/conjunt-olimpia-balliu-navarroaubanell\\\/#primaryimage\",\"url\":\"https:\\\/\\\/www.navarroaubanell.com\\\/wp-content\\\/uploads\\\/2025\\\/07\\\/CONJUNTO-OLIMPIA-1-Pica-1.png\",\"contentUrl\":\"https:\\\/\\\/www.navarroaubanell.com\\\/wp-content\\\/uploads\\\/2025\\\/07\\\/CONJUNTO-OLIMPIA-1-Pica-1.png\",\"width\":1024,\"height\":832,\"caption\":\"conjunto Olimpia\"},{\"@type\":\"BreadcrumbList\",\"@id\":\"https:\\\/\\\/www.navarroaubanell.com\\\/ca\\\/producte\\\/conjunt-olimpia-balliu-navarroaubanell\\\/#breadcrumb\",\"itemListElement\":[{\"@type\":\"ListItem\",\"position\":1,\"name\":\"Portada\",\"item\":\"https:\\\/\\\/www.navarroaubanell.com\\\/ca\\\/\"},{\"@type\":\"ListItem\",\"position\":2,\"name\":\"Productes\",\"item\":\"https:\\\/\\\/www.navarroaubanell.com\\\/productos\\\/\"},{\"@type\":\"ListItem\",\"position\":3,\"name\":\"Conjunt Olimpia\"}]},{\"@type\":\"WebSite\",\"@id\":\"https:\\\/\\\/www.navarroaubanell.com\\\/ca\\\/#website\",\"url\":\"https:\\\/\\\/www.navarroaubanell.com\\\/ca\\\/\",\"name\":\"Navarro Aubanell\",\"description\":\"Mobiliario para hoteler\u00eda, colectividades y oficinas\",\"publisher\":{\"@id\":\"https:\\\/\\\/www.navarroaubanell.com\\\/ca\\\/#organization\"},\"potentialAction\":[{\"@type\":\"SearchAction\",\"target\":{\"@type\":\"EntryPoint\",\"urlTemplate\":\"https:\\\/\\\/www.navarroaubanell.com\\\/ca\\\/?s={search_term_string}\"},\"query-input\":{\"@type\":\"PropertyValueSpecification\",\"valueRequired\":true,\"valueName\":\"search_term_string\"}}],\"inLanguage\":\"ca\"},{\"@type\":\"Organization\",\"@id\":\"https:\\\/\\\/www.navarroaubanell.com\\\/ca\\\/#organization\",\"name\":\"COMERCIAL NAVARRO AUBANELL, S.A\",\"url\":\"https:\\\/\\\/www.navarroaubanell.com\\\/ca\\\/\",\"logo\":{\"@type\":\"ImageObject\",\"inLanguage\":\"ca\",\"@id\":\"https:\\\/\\\/www.navarroaubanell.com\\\/ca\\\/#\\\/schema\\\/logo\\\/image\\\/\",\"url\":\"https:\\\/\\\/www.navarroaubanell.com\\\/wp-content\\\/uploads\\\/2017\\\/07\\\/logo-navarro-aubuanell.png\",\"contentUrl\":\"https:\\\/\\\/www.navarroaubanell.com\\\/wp-content\\\/uploads\\\/2017\\\/07\\\/logo-navarro-aubuanell.png\",\"width\":6304,\"height\":1154,\"caption\":\"COMERCIAL NAVARRO AUBANELL, S.A\"},\"image\":{\"@id\":\"https:\\\/\\\/www.navarroaubanell.com\\\/ca\\\/#\\\/schema\\\/logo\\\/image\\\/\"}}]}<\/script>\n<!-- \/ Yoast SEO plugin. -->","yoast_head_json":{"title":"Conjunt Olimpia - Navarro Aubanell","description":"Conjunt Olimpia per exterior: sof\u00e0, butaques i taula central. Disseny modern, resistent al clima i configurable per a terrasses i jardins.","robots":{"index":"index","follow":"follow","max-snippet":"max-snippet:-1","max-image-preview":"max-image-preview:large","max-video-preview":"max-video-preview:-1"},"canonical":"https:\/\/www.navarroaubanell.com\/ca\/producte\/conjunt-olimpia-balliu-navarroaubanell\/","og_locale":"ca_ES","og_type":"article","og_title":"Conjunt Olimpia - Navarro Aubanell","og_description":"Conjunt Olimpia per exterior: sof\u00e0, butaques i taula central. Disseny modern, resistent al clima i configurable per a terrasses i jardins.","og_url":"https:\/\/www.navarroaubanell.com\/ca\/producte\/conjunt-olimpia-balliu-navarroaubanell\/","og_site_name":"Navarro Aubanell","article_modified_time":"2025-07-03T10:14:47+00:00","og_image":[{"width":1024,"height":832,"url":"https:\/\/www.navarroaubanell.com\/wp-content\/uploads\/2025\/07\/CONJUNTO-OLIMPIA-1-Pica-1.png","type":"image\/png"}],"twitter_misc":{"Est. reading time":"1 minute"},"schema":{"@context":"https:\/\/schema.org","@graph":[{"@type":"WebPage","@id":"https:\/\/www.navarroaubanell.com\/ca\/producte\/conjunt-olimpia-balliu-navarroaubanell\/","url":"https:\/\/www.navarroaubanell.com\/ca\/producte\/conjunt-olimpia-balliu-navarroaubanell\/","name":"Conjunt Olimpia - Navarro Aubanell","isPartOf":{"@id":"https:\/\/www.navarroaubanell.com\/ca\/#website"},"primaryImageOfPage":{"@id":"https:\/\/www.navarroaubanell.com\/ca\/producte\/conjunt-olimpia-balliu-navarroaubanell\/#primaryimage"},"image":{"@id":"https:\/\/www.navarroaubanell.com\/ca\/producte\/conjunt-olimpia-balliu-navarroaubanell\/#primaryimage"},"thumbnailUrl":"https:\/\/www.navarroaubanell.com\/wp-content\/uploads\/2025\/07\/CONJUNTO-OLIMPIA-1-Pica-1.png","datePublished":"2025-07-02T15:55:55+00:00","dateModified":"2025-07-03T10:14:47+00:00","description":"Conjunt Olimpia per exterior: sof\u00e0, butaques i taula central. Disseny modern, resistent al clima i configurable per a terrasses i jardins.","breadcrumb":{"@id":"https:\/\/www.navarroaubanell.com\/ca\/producte\/conjunt-olimpia-balliu-navarroaubanell\/#breadcrumb"},"inLanguage":"ca","potentialAction":[{"@type":"ReadAction","target":["https:\/\/www.navarroaubanell.com\/ca\/producte\/conjunt-olimpia-balliu-navarroaubanell\/"]}]},{"@type":"ImageObject","inLanguage":"ca","@id":"https:\/\/www.navarroaubanell.com\/ca\/producte\/conjunt-olimpia-balliu-navarroaubanell\/#primaryimage","url":"https:\/\/www.navarroaubanell.com\/wp-content\/uploads\/2025\/07\/CONJUNTO-OLIMPIA-1-Pica-1.png","contentUrl":"https:\/\/www.navarroaubanell.com\/wp-content\/uploads\/2025\/07\/CONJUNTO-OLIMPIA-1-Pica-1.png","width":1024,"height":832,"caption":"conjunto Olimpia"},{"@type":"BreadcrumbList","@id":"https:\/\/www.navarroaubanell.com\/ca\/producte\/conjunt-olimpia-balliu-navarroaubanell\/#breadcrumb","itemListElement":[{"@type":"ListItem","position":1,"name":"Portada","item":"https:\/\/www.navarroaubanell.com\/ca\/"},{"@type":"ListItem","position":2,"name":"Productes","item":"https:\/\/www.navarroaubanell.com\/productos\/"},{"@type":"ListItem","position":3,"name":"Conjunt Olimpia"}]},{"@type":"WebSite","@id":"https:\/\/www.navarroaubanell.com\/ca\/#website","url":"https:\/\/www.navarroaubanell.com\/ca\/","name":"Navarro Aubanell","description":"Mobiliario para hoteler\u00eda, colectividades y oficinas","publisher":{"@id":"https:\/\/www.navarroaubanell.com\/ca\/#organization"},"potentialAction":[{"@type":"SearchAction","target":{"@type":"EntryPoint","urlTemplate":"https:\/\/www.navarroaubanell.com\/ca\/?s={search_term_string}"},"query-input":{"@type":"PropertyValueSpecification","valueRequired":true,"valueName":"search_term_string"}}],"inLanguage":"ca"},{"@type":"Organization","@id":"https:\/\/www.navarroaubanell.com\/ca\/#organization","name":"COMERCIAL NAVARRO AUBANELL, S.A","url":"https:\/\/www.navarroaubanell.com\/ca\/","logo":{"@type":"ImageObject","inLanguage":"ca","@id":"https:\/\/www.navarroaubanell.com\/ca\/#\/schema\/logo\/image\/","url":"https:\/\/www.navarroaubanell.com\/wp-content\/uploads\/2017\/07\/logo-navarro-aubuanell.png","contentUrl":"https:\/\/www.navarroaubanell.com\/wp-content\/uploads\/2017\/07\/logo-navarro-aubuanell.png","width":6304,"height":1154,"caption":"COMERCIAL NAVARRO AUBANELL, S.A"},"image":{"@id":"https:\/\/www.navarroaubanell.com\/ca\/#\/schema\/logo\/image\/"}}]}},"_links":{"self":[{"href":"https:\/\/www.navarroaubanell.com\/ca\/wp-json\/wp\/v2\/product\/46405","targetHints":{"allow":["GET"]}}],"collection":[{"href":"https:\/\/www.navarroaubanell.com\/ca\/wp-json\/wp\/v2\/product"}],"about":[{"href":"https:\/\/www.navarroaubanell.com\/ca\/wp-json\/wp\/v2\/types\/product"}],"wp:featuredmedia":[{"embeddable":true,"href":"https:\/\/www.navarroaubanell.com\/ca\/wp-json\/wp\/v2\/media\/46366"}],"wp:attachment":[{"href":"https:\/\/www.navarroaubanell.com\/ca\/wp-json\/wp\/v2\/media?parent=46405"}],"wp:term":[{"taxonomy":"product_brand","embeddable":true,"href":"https:\/\/www.navarroaubanell.com\/ca\/wp-json\/wp\/v2\/product_brand?post=46405"},{"taxonomy":"product_cat","embeddable":true,"href":"https:\/\/www.navarroaubanell.com\/ca\/wp-json\/wp\/v2\/product_cat?post=46405"},{"taxonomy":"product_tag","embeddable":true,"href":"https:\/\/www.navarroaubanell.com\/ca\/wp-json\/wp\/v2\/product_tag?post=46405"}],"curies":[{"name":"wp","href":"https:\/\/api.w.org\/{rel}","templated":true}]}}