{"id":46239,"date":"2025-04-28T11:39:53","date_gmt":"2025-04-28T09:39:53","guid":{"rendered":"https:\/\/www.navarroaubanell.com\/producto\/silla-grant-navarroaubanell\/"},"modified":"2025-04-28T12:08:08","modified_gmt":"2025-04-28T10:08:08","slug":"cadira-grant-navarroaubanell","status":"publish","type":"product","link":"https:\/\/www.navarroaubanell.com\/ca\/producte\/cadira-grant-navarroaubanell\/","title":{"rendered":"Cadira Grant"},"content":{"rendered":"<h5 data-start=\"120\" data-end=\"176\">Cadira Grant: Car\u00e0cter Vintage con Versatilitat Moderna<\/h5>\n<p data-start=\"211\" data-end=\"619\">La cadira Grant destaca per la seva est\u00e8tica vintage i acollidora, ideal per a crear espais c\u00e0lids i plens de personalitat. El seu estil minimalista fusiona l\u00ednies cl\u00e0ssiques i contempor\u00e0nies, aconseguint un equilibri perfecte entre all\u00f2 natural i all\u00f2 funcional.<\/p>\n<h6 data-start=\"621\" data-end=\"666\">Estructura resistent i acabats elegants<\/h6>\n<p data-start=\"668\" data-end=\"963\">Fabricada amb una estructura d&#8217;alumini, Grant ofereix fermesa, lleugeresa i resist\u00e8ncia a les condicions exteriors. L&#8217;alumini est\u00e0 disponible en dos acabats:<\/p>\n<ul>\n<li data-start=\"668\" data-end=\"963\">Roure natural, que transmet fluidesa i serenitat<\/li>\n<li data-start=\"668\" data-end=\"963\">Noguera clar, que aporta un toc de sofisticaci\u00f3 i car\u00e0cter a l&#8217;entorn.<\/li>\n<\/ul>\n<h6 data-start=\"965\" data-end=\"996\">Un respatller amb personalitat<\/h6>\n<p data-start=\"998\" data-end=\"1252\">El respatller de la cadira Grant s&#8217;inspira en el disseny vintage, oferint un toc nist\u00e0lgic que es barreja a la perfecci\u00f3 amb la comoditat que exigeix el mobiliari contemporani.<\/p>\n<h6 data-start=\"1254\" data-end=\"1300\">Seients adaptats per a exterior i interior<\/h6>\n<p data-start=\"1302\" data-end=\"1597\">Grant s&#8217;adapta a les necessitats de cada espai: per a exterior, el seient est\u00e0 disponible en 3 tipus de textilene, garantint resist\u00e8ncia i una excel\u00b7lent integraci\u00f3 visual. Per a interior, s&#8217;ofereix una \u00e0mplia gama d&#8217;entapissats.<\/p>\n<h6 data-start=\"1599\" data-end=\"1646\">Pr\u00e1ctica y funcional para espacios din\u00e1micos<\/h6>\n<p class=\"\" data-start=\"1648\" data-end=\"1843\">Adem\u00e1s de su atractivo dise\u00f1o, la silla Grant es apilable, lo que facilita el almacenamiento y optimiza el espacio en locales de hosteler\u00eda, terrazas o restaurantes con alta rotaci\u00f3n de clientes.<\/p>\n","protected":false},"excerpt":{"rendered":"<p>Cadira Grant: Car\u00e0cter Vintage con Versatilitat Moderna La cadira Grant destaca per la seva est\u00e8tica vintage i acollidora, ideal per a crear espais c\u00e0lids i plens de personalitat. El seu estil minimalista fusiona l\u00ednies cl\u00e0ssiques i contempor\u00e0nies, aconseguint un equilibri perfecte entre all\u00f2 natural i all\u00f2 funcional. Estructura resistent i acabats elegants Fabricada amb una&hellip;<\/p>\n","protected":false},"featured_media":46214,"template":"","meta":{"_acf_changed":false},"product_brand":[],"product_cat":[572,563],"product_tag":[992,587,863,640],"class_list":{"0":"post-46239","1":"product","2":"type-product","3":"status-publish","4":"has-post-thumbnail","6":"product_cat-cadires-exterior","7":"product_cat-exterior-ca","8":"product_tag-aluminio-ca","9":"product_tag-apilable-ca","10":"product_tag-cadira","11":"product_tag-exterior-ca","12":"description-off","14":"first","15":"instock","16":"shipping-taxable","17":"product-type-simple"},"acf":[],"yoast_head":"<!-- This site is optimized with the Yoast SEO plugin v27.0 - https:\/\/yoast.com\/product\/yoast-seo-wordpress\/ -->\n<title>Cadira Grant - Navarro Aubanell<\/title>\n<meta name=\"description\" content=\"Cadira Grant: combina disseny vintage, estructura d&#039;alumini i seient per a exterior o interior. \u00c9s apilable, resistent i perfecta per a espais elegants.\" \/>\n<meta name=\"robots\" content=\"index, follow, max-snippet:-1, max-image-preview:large, max-video-preview:-1\" \/>\n<link rel=\"canonical\" href=\"https:\/\/www.navarroaubanell.com\/ca\/producte\/cadira-grant-navarroaubanell\/\" \/>\n<meta property=\"og:locale\" content=\"ca_ES\" \/>\n<meta property=\"og:type\" content=\"article\" \/>\n<meta property=\"og:title\" content=\"Cadira Grant - Navarro Aubanell\" \/>\n<meta property=\"og:description\" content=\"Cadira Grant: combina disseny vintage, estructura d&#039;alumini i seient per a exterior o interior. \u00c9s apilable, resistent i perfecta per a espais elegants.\" \/>\n<meta property=\"og:url\" content=\"https:\/\/www.navarroaubanell.com\/ca\/producte\/cadira-grant-navarroaubanell\/\" \/>\n<meta property=\"og:site_name\" content=\"Navarro Aubanell\" \/>\n<meta property=\"article:modified_time\" content=\"2025-04-28T10:08:08+00:00\" \/>\n<meta property=\"og:image\" content=\"https:\/\/www.navarroaubanell.com\/wp-content\/uploads\/2025\/04\/2-fotor-enhance-2025042292102-rotated.jpg\" \/>\n\t<meta property=\"og:image:width\" content=\"1600\" \/>\n\t<meta property=\"og:image:height\" content=\"1296\" \/>\n\t<meta property=\"og:image:type\" content=\"image\/jpeg\" \/>\n<meta name=\"twitter:label1\" content=\"Est. reading time\" \/>\n\t<meta name=\"twitter:data1\" content=\"2 minutes\" \/>\n<script type=\"application\/ld+json\" class=\"yoast-schema-graph\">{\"@context\":\"https:\/\/schema.org\",\"@graph\":[{\"@type\":\"WebPage\",\"@id\":\"https:\/\/www.navarroaubanell.com\/ca\/producte\/cadira-grant-navarroaubanell\/\",\"url\":\"https:\/\/www.navarroaubanell.com\/ca\/producte\/cadira-grant-navarroaubanell\/\",\"name\":\"Cadira Grant - Navarro Aubanell\",\"isPartOf\":{\"@id\":\"https:\/\/www.navarroaubanell.com\/ca\/#website\"},\"primaryImageOfPage\":{\"@id\":\"https:\/\/www.navarroaubanell.com\/ca\/producte\/cadira-grant-navarroaubanell\/#primaryimage\"},\"image\":{\"@id\":\"https:\/\/www.navarroaubanell.com\/ca\/producte\/cadira-grant-navarroaubanell\/#primaryimage\"},\"thumbnailUrl\":\"https:\/\/www.navarroaubanell.com\/wp-content\/uploads\/2025\/04\/2-fotor-enhance-2025042292102-rotated.jpg\",\"datePublished\":\"2025-04-28T09:39:53+00:00\",\"dateModified\":\"2025-04-28T10:08:08+00:00\",\"description\":\"Cadira Grant: combina disseny vintage, estructura d'alumini i seient per a exterior o interior. \u00c9s apilable, resistent i perfecta per a espais elegants.\",\"breadcrumb\":{\"@id\":\"https:\/\/www.navarroaubanell.com\/ca\/producte\/cadira-grant-navarroaubanell\/#breadcrumb\"},\"inLanguage\":\"ca\",\"potentialAction\":[{\"@type\":\"ReadAction\",\"target\":[\"https:\/\/www.navarroaubanell.com\/ca\/producte\/cadira-grant-navarroaubanell\/\"]}]},{\"@type\":\"ImageObject\",\"inLanguage\":\"ca\",\"@id\":\"https:\/\/www.navarroaubanell.com\/ca\/producte\/cadira-grant-navarroaubanell\/#primaryimage\",\"url\":\"https:\/\/www.navarroaubanell.com\/wp-content\/uploads\/2025\/04\/2-fotor-enhance-2025042292102-rotated.jpg\",\"contentUrl\":\"https:\/\/www.navarroaubanell.com\/wp-content\/uploads\/2025\/04\/2-fotor-enhance-2025042292102-rotated.jpg\",\"width\":1600,\"height\":1296,\"caption\":\"Silla Grant\"},{\"@type\":\"BreadcrumbList\",\"@id\":\"https:\/\/www.navarroaubanell.com\/ca\/producte\/cadira-grant-navarroaubanell\/#breadcrumb\",\"itemListElement\":[{\"@type\":\"ListItem\",\"position\":1,\"name\":\"Portada\",\"item\":\"https:\/\/www.navarroaubanell.com\/ca\/\"},{\"@type\":\"ListItem\",\"position\":2,\"name\":\"Productes\",\"item\":\"https:\/\/www.navarroaubanell.com\/productos\/\"},{\"@type\":\"ListItem\",\"position\":3,\"name\":\"Cadira Grant\"}]},{\"@type\":\"WebSite\",\"@id\":\"https:\/\/www.navarroaubanell.com\/ca\/#website\",\"url\":\"https:\/\/www.navarroaubanell.com\/ca\/\",\"name\":\"Navarro Aubanell\",\"description\":\"Mobiliario para hoteler\u00eda, colectividades y oficinas\",\"publisher\":{\"@id\":\"https:\/\/www.navarroaubanell.com\/ca\/#organization\"},\"potentialAction\":[{\"@type\":\"SearchAction\",\"target\":{\"@type\":\"EntryPoint\",\"urlTemplate\":\"https:\/\/www.navarroaubanell.com\/ca\/?s={search_term_string}\"},\"query-input\":{\"@type\":\"PropertyValueSpecification\",\"valueRequired\":true,\"valueName\":\"search_term_string\"}}],\"inLanguage\":\"ca\"},{\"@type\":\"Organization\",\"@id\":\"https:\/\/www.navarroaubanell.com\/ca\/#organization\",\"name\":\"COMERCIAL NAVARRO AUBANELL, S.A\",\"url\":\"https:\/\/www.navarroaubanell.com\/ca\/\",\"logo\":{\"@type\":\"ImageObject\",\"inLanguage\":\"ca\",\"@id\":\"https:\/\/www.navarroaubanell.com\/ca\/#\/schema\/logo\/image\/\",\"url\":\"https:\/\/www.navarroaubanell.com\/wp-content\/uploads\/2017\/07\/logo-navarro-aubuanell.png\",\"contentUrl\":\"https:\/\/www.navarroaubanell.com\/wp-content\/uploads\/2017\/07\/logo-navarro-aubuanell.png\",\"width\":6304,\"height\":1154,\"caption\":\"COMERCIAL NAVARRO AUBANELL, S.A\"},\"image\":{\"@id\":\"https:\/\/www.navarroaubanell.com\/ca\/#\/schema\/logo\/image\/\"}}]}<\/script>\n<!-- \/ Yoast SEO plugin. -->","yoast_head_json":{"title":"Cadira Grant - Navarro Aubanell","description":"Cadira Grant: combina disseny vintage, estructura d'alumini i seient per a exterior o interior. \u00c9s apilable, resistent i perfecta per a espais elegants.","robots":{"index":"index","follow":"follow","max-snippet":"max-snippet:-1","max-image-preview":"max-image-preview:large","max-video-preview":"max-video-preview:-1"},"canonical":"https:\/\/www.navarroaubanell.com\/ca\/producte\/cadira-grant-navarroaubanell\/","og_locale":"ca_ES","og_type":"article","og_title":"Cadira Grant - Navarro Aubanell","og_description":"Cadira Grant: combina disseny vintage, estructura d'alumini i seient per a exterior o interior. \u00c9s apilable, resistent i perfecta per a espais elegants.","og_url":"https:\/\/www.navarroaubanell.com\/ca\/producte\/cadira-grant-navarroaubanell\/","og_site_name":"Navarro Aubanell","article_modified_time":"2025-04-28T10:08:08+00:00","og_image":[{"width":1600,"height":1296,"url":"https:\/\/www.navarroaubanell.com\/wp-content\/uploads\/2025\/04\/2-fotor-enhance-2025042292102-rotated.jpg","type":"image\/jpeg"}],"twitter_misc":{"Est. reading time":"2 minutes"},"schema":{"@context":"https:\/\/schema.org","@graph":[{"@type":"WebPage","@id":"https:\/\/www.navarroaubanell.com\/ca\/producte\/cadira-grant-navarroaubanell\/","url":"https:\/\/www.navarroaubanell.com\/ca\/producte\/cadira-grant-navarroaubanell\/","name":"Cadira Grant - Navarro Aubanell","isPartOf":{"@id":"https:\/\/www.navarroaubanell.com\/ca\/#website"},"primaryImageOfPage":{"@id":"https:\/\/www.navarroaubanell.com\/ca\/producte\/cadira-grant-navarroaubanell\/#primaryimage"},"image":{"@id":"https:\/\/www.navarroaubanell.com\/ca\/producte\/cadira-grant-navarroaubanell\/#primaryimage"},"thumbnailUrl":"https:\/\/www.navarroaubanell.com\/wp-content\/uploads\/2025\/04\/2-fotor-enhance-2025042292102-rotated.jpg","datePublished":"2025-04-28T09:39:53+00:00","dateModified":"2025-04-28T10:08:08+00:00","description":"Cadira Grant: combina disseny vintage, estructura d'alumini i seient per a exterior o interior. \u00c9s apilable, resistent i perfecta per a espais elegants.","breadcrumb":{"@id":"https:\/\/www.navarroaubanell.com\/ca\/producte\/cadira-grant-navarroaubanell\/#breadcrumb"},"inLanguage":"ca","potentialAction":[{"@type":"ReadAction","target":["https:\/\/www.navarroaubanell.com\/ca\/producte\/cadira-grant-navarroaubanell\/"]}]},{"@type":"ImageObject","inLanguage":"ca","@id":"https:\/\/www.navarroaubanell.com\/ca\/producte\/cadira-grant-navarroaubanell\/#primaryimage","url":"https:\/\/www.navarroaubanell.com\/wp-content\/uploads\/2025\/04\/2-fotor-enhance-2025042292102-rotated.jpg","contentUrl":"https:\/\/www.navarroaubanell.com\/wp-content\/uploads\/2025\/04\/2-fotor-enhance-2025042292102-rotated.jpg","width":1600,"height":1296,"caption":"Silla Grant"},{"@type":"BreadcrumbList","@id":"https:\/\/www.navarroaubanell.com\/ca\/producte\/cadira-grant-navarroaubanell\/#breadcrumb","itemListElement":[{"@type":"ListItem","position":1,"name":"Portada","item":"https:\/\/www.navarroaubanell.com\/ca\/"},{"@type":"ListItem","position":2,"name":"Productes","item":"https:\/\/www.navarroaubanell.com\/productos\/"},{"@type":"ListItem","position":3,"name":"Cadira Grant"}]},{"@type":"WebSite","@id":"https:\/\/www.navarroaubanell.com\/ca\/#website","url":"https:\/\/www.navarroaubanell.com\/ca\/","name":"Navarro Aubanell","description":"Mobiliario para hoteler\u00eda, colectividades y oficinas","publisher":{"@id":"https:\/\/www.navarroaubanell.com\/ca\/#organization"},"potentialAction":[{"@type":"SearchAction","target":{"@type":"EntryPoint","urlTemplate":"https:\/\/www.navarroaubanell.com\/ca\/?s={search_term_string}"},"query-input":{"@type":"PropertyValueSpecification","valueRequired":true,"valueName":"search_term_string"}}],"inLanguage":"ca"},{"@type":"Organization","@id":"https:\/\/www.navarroaubanell.com\/ca\/#organization","name":"COMERCIAL NAVARRO AUBANELL, S.A","url":"https:\/\/www.navarroaubanell.com\/ca\/","logo":{"@type":"ImageObject","inLanguage":"ca","@id":"https:\/\/www.navarroaubanell.com\/ca\/#\/schema\/logo\/image\/","url":"https:\/\/www.navarroaubanell.com\/wp-content\/uploads\/2017\/07\/logo-navarro-aubuanell.png","contentUrl":"https:\/\/www.navarroaubanell.com\/wp-content\/uploads\/2017\/07\/logo-navarro-aubuanell.png","width":6304,"height":1154,"caption":"COMERCIAL NAVARRO AUBANELL, S.A"},"image":{"@id":"https:\/\/www.navarroaubanell.com\/ca\/#\/schema\/logo\/image\/"}}]}},"_links":{"self":[{"href":"https:\/\/www.navarroaubanell.com\/ca\/wp-json\/wp\/v2\/product\/46239","targetHints":{"allow":["GET"]}}],"collection":[{"href":"https:\/\/www.navarroaubanell.com\/ca\/wp-json\/wp\/v2\/product"}],"about":[{"href":"https:\/\/www.navarroaubanell.com\/ca\/wp-json\/wp\/v2\/types\/product"}],"wp:featuredmedia":[{"embeddable":true,"href":"https:\/\/www.navarroaubanell.com\/ca\/wp-json\/wp\/v2\/media\/46214"}],"wp:attachment":[{"href":"https:\/\/www.navarroaubanell.com\/ca\/wp-json\/wp\/v2\/media?parent=46239"}],"wp:term":[{"taxonomy":"product_brand","embeddable":true,"href":"https:\/\/www.navarroaubanell.com\/ca\/wp-json\/wp\/v2\/product_brand?post=46239"},{"taxonomy":"product_cat","embeddable":true,"href":"https:\/\/www.navarroaubanell.com\/ca\/wp-json\/wp\/v2\/product_cat?post=46239"},{"taxonomy":"product_tag","embeddable":true,"href":"https:\/\/www.navarroaubanell.com\/ca\/wp-json\/wp\/v2\/product_tag?post=46239"}],"curies":[{"name":"wp","href":"https:\/\/api.w.org\/{rel}","templated":true}]}}