{"id":46174,"date":"2025-04-25T09:23:18","date_gmt":"2025-04-25T07:23:18","guid":{"rendered":"https:\/\/www.navarroaubanell.com\/producto\/silla-tirol-navarroaubanell\/"},"modified":"2025-04-25T16:34:02","modified_gmt":"2025-04-25T14:34:02","slug":"cadira-tirol-navarroaubanell","status":"publish","type":"product","link":"https:\/\/www.navarroaubanell.com\/ca\/producte\/cadira-tirol-navarroaubanell\/","title":{"rendered":"Cadira Tirol"},"content":{"rendered":"<h5 data-start=\"118\" data-end=\"139\">Cadira Tirol: Un cl\u00e0ssic renovat per a espais amb encant<\/h5>\n<article class=\"text-token-text-primary w-full\" dir=\"auto\" data-testid=\"conversation-turn-6\" data-scroll-anchor=\"true\">\n<div class=\"text-base my-auto mx-auto py-5 [--thread-content-margin:--spacing(4)] @[37rem]:[--thread-content-margin:--spacing(6)] @[70rem]:[--thread-content-margin:--spacing(12)] px-(--thread-content-margin)\">\n<div class=\"[--thread-content-max-width:32rem] @[34rem]:[--thread-content-max-width:40rem] @[64rem]:[--thread-content-max-width:48rem] mx-auto flex max-w-(--thread-content-max-width) flex-1 text-base gap-4 md:gap-5 lg:gap-6 group\/turn-messages focus-visible:outline-hidden\" tabindex=\"-1\">\n<div class=\"group\/conversation-turn relative flex w-full min-w-0 flex-col agent-turn\">\n<div class=\"relative flex-col gap-1 md:gap-3\">\n<div class=\"flex max-w-full flex-col grow\">\n<div class=\"min-h-8 text-message relative flex w-full flex-col items-end gap-2 text-start break-words whitespace-normal [.text-message+&amp;]:mt-5\" dir=\"auto\" data-message-author-role=\"assistant\" data-message-id=\"256c8a5f-e346-4747-8347-72ed48a2433a\" data-message-model-slug=\"gpt-4o\">\n<div class=\"flex w-full flex-col gap-1 empty:hidden first:pt-[3px]\">\n<div class=\"markdown prose dark:prose-invert w-full break-words light\">\n<p data-start=\"56\" data-end=\"319\">La cadira Tirol combina una est\u00e8tica vintage i acollidora amb un estil minimalista d&#8217;influ\u00e8ncia retro. El seu disseny harm\u00f2nic encaixa amb eleg\u00e0ncia en espais tradicionals o contemporanis, convertint-se en una opci\u00f3 vers\u00e0til i amb car\u00e0cter per a projectes d&#8217;hostaleria.<\/p>\n<\/div>\n<\/div>\n<\/div>\n<\/div>\n<\/div>\n<\/div>\n<\/div>\n<\/div>\n<\/article>\n<h6 data-start=\"636\" data-end=\"665\">Dissenyada per a durar<\/h6>\n<article class=\"text-token-text-primary w-full\" dir=\"auto\" data-testid=\"conversation-turn-8\" data-scroll-anchor=\"true\">\n<div class=\"text-base my-auto mx-auto py-5 [--thread-content-margin:--spacing(4)] @[37rem]:[--thread-content-margin:--spacing(6)] @[70rem]:[--thread-content-margin:--spacing(12)] px-(--thread-content-margin)\">\n<div class=\"[--thread-content-max-width:32rem] @[34rem]:[--thread-content-max-width:40rem] @[64rem]:[--thread-content-max-width:48rem] mx-auto flex max-w-(--thread-content-max-width) flex-1 text-base gap-4 md:gap-5 lg:gap-6 group\/turn-messages focus-visible:outline-hidden\" tabindex=\"-1\">\n<div class=\"group\/conversation-turn relative flex w-full min-w-0 flex-col agent-turn\">\n<div class=\"relative flex-col gap-1 md:gap-3\">\n<div class=\"flex max-w-full flex-col grow\">\n<div class=\"min-h-8 text-message relative flex w-full flex-col items-end gap-2 text-start break-words whitespace-normal [.text-message+&amp;]:mt-5\" dir=\"auto\" data-message-author-role=\"assistant\" data-message-id=\"c91d58b3-8271-4951-8f7d-10ef437d4b6c\" data-message-model-slug=\"gpt-4o\">\n<div class=\"flex w-full flex-col gap-1 empty:hidden first:pt-[3px]\">\n<div class=\"markdown prose dark:prose-invert w-full break-words light\">\n<p data-start=\"84\" data-end=\"467\">Fabricada amb estructura d&#8217;alumini, garanteix resist\u00e8ncia i durabilitat en exteriors. Est\u00e0 disponible en dos acabats: roure natural, que transmet serenitat i flu\u00efdesa, i noguera clar, que aporta un aire refinat i amb car\u00e0cter. Ambdues opcions s&#8217;adapten a diferents estils decoratius.<\/p>\n<\/div>\n<\/div>\n<\/div>\n<\/div>\n<\/div>\n<\/div>\n<\/div>\n<\/div>\n<\/article>\n<h6 data-start=\"1091\" data-end=\"1135\">Confort i estil en un \u00fanic disseny<\/h6>\n<p>El resptller en reixeta de medul\u00b7la no nom\u00e9s ofereix un excel\u00b7lent confort, sin\u00f3 que tamb\u00e9 afegeix un toc vintage i natural.<br \/>\nTirol t\u00e9 una versi\u00f3 per a exterior i una altra per interior<\/p>\n<ul>\n<li>Per a exteriors, el seient est\u00e0 fabricat de la mateixa manera que el respatller, amb una reixeta de medul\u00b7la.<\/li>\n<li>Per a interiors, el seient es pot entapissar en una gran varietat d&#8217;acabats.<\/li>\n<\/ul>\n<h6 data-start=\"1412\" data-end=\"1442\">Apilable i funcional<\/h6>\n<p data-start=\"1443\" data-end=\"1683\">Perfecta per a terrasses, patis i locals amb alta rotaci\u00f3 de clients, la cadira Tirol \u00e9s apilable, el que facilita el seu emmagatzematge i ajuda a optimitzar l&#8217;espai disponible. Eleg\u00e0ncia, comoditat i funcionalitat s&#8217;uneixen en una sola pe\u00e7a.<\/p>\n","protected":false},"excerpt":{"rendered":"<p>Cadira Tirol: Un cl\u00e0ssic renovat per a espais amb encant La cadira Tirol combina una est\u00e8tica vintage i acollidora amb un estil minimalista d&#8217;influ\u00e8ncia retro. El seu disseny harm\u00f2nic encaixa amb eleg\u00e0ncia en espais tradicionals o contemporanis, convertint-se en una opci\u00f3 vers\u00e0til i amb car\u00e0cter per a projectes d&#8217;hostaleria. Dissenyada per a durar Fabricada amb&hellip;<\/p>\n","protected":false},"featured_media":46164,"template":"","meta":{"_acf_changed":false},"product_brand":[],"product_cat":[533,572,563,525],"product_tag":[992,587,863,640],"class_list":{"0":"post-46174","1":"product","2":"type-product","3":"status-publish","4":"has-post-thumbnail","6":"product_cat-cadires","7":"product_cat-cadires-exterior","8":"product_cat-exterior-ca","9":"product_cat-interior","10":"product_tag-aluminio-ca","11":"product_tag-apilable-ca","12":"product_tag-cadira","13":"product_tag-exterior-ca","14":"description-off","16":"first","17":"instock","18":"shipping-taxable","19":"product-type-simple"},"acf":[],"yoast_head":"<!-- This site is optimized with the Yoast SEO plugin v27.0 - https:\/\/yoast.com\/product\/yoast-seo-wordpress\/ -->\n<title>Cadira Tirol - Navarro Aubanell<\/title>\n<meta name=\"description\" content=\"Cadira Tirol d&#039;estil vintage i minimalista, ideal per a exteriors. Resistent, apilable i elegant, perfecta per a projectes d&#039;hostaleria amb encant.\" \/>\n<meta name=\"robots\" content=\"index, follow, max-snippet:-1, max-image-preview:large, max-video-preview:-1\" \/>\n<link rel=\"canonical\" href=\"https:\/\/www.navarroaubanell.com\/ca\/producte\/cadira-tirol-navarroaubanell\/\" \/>\n<meta property=\"og:locale\" content=\"ca_ES\" \/>\n<meta property=\"og:type\" content=\"article\" \/>\n<meta property=\"og:title\" content=\"Cadira Tirol - Navarro Aubanell\" \/>\n<meta property=\"og:description\" content=\"Cadira Tirol d&#039;estil vintage i minimalista, ideal per a exteriors. Resistent, apilable i elegant, perfecta per a projectes d&#039;hostaleria amb encant.\" \/>\n<meta property=\"og:url\" content=\"https:\/\/www.navarroaubanell.com\/ca\/producte\/cadira-tirol-navarroaubanell\/\" \/>\n<meta property=\"og:site_name\" content=\"Navarro Aubanell\" \/>\n<meta property=\"article:modified_time\" content=\"2025-04-25T14:34:02+00:00\" \/>\n<meta property=\"og:image\" content=\"https:\/\/www.navarroaubanell.com\/wp-content\/uploads\/2025\/04\/Silla-Tirol-2.jpg\" \/>\n\t<meta property=\"og:image:width\" content=\"1600\" \/>\n\t<meta property=\"og:image:height\" content=\"1296\" \/>\n\t<meta property=\"og:image:type\" content=\"image\/jpeg\" \/>\n<meta name=\"twitter:label1\" content=\"Est. reading time\" \/>\n\t<meta name=\"twitter:data1\" content=\"2 minutes\" \/>\n<script type=\"application\/ld+json\" class=\"yoast-schema-graph\">{\"@context\":\"https:\/\/schema.org\",\"@graph\":[{\"@type\":\"WebPage\",\"@id\":\"https:\/\/www.navarroaubanell.com\/ca\/producte\/cadira-tirol-navarroaubanell\/\",\"url\":\"https:\/\/www.navarroaubanell.com\/ca\/producte\/cadira-tirol-navarroaubanell\/\",\"name\":\"Cadira Tirol - Navarro Aubanell\",\"isPartOf\":{\"@id\":\"https:\/\/www.navarroaubanell.com\/ca\/#website\"},\"primaryImageOfPage\":{\"@id\":\"https:\/\/www.navarroaubanell.com\/ca\/producte\/cadira-tirol-navarroaubanell\/#primaryimage\"},\"image\":{\"@id\":\"https:\/\/www.navarroaubanell.com\/ca\/producte\/cadira-tirol-navarroaubanell\/#primaryimage\"},\"thumbnailUrl\":\"https:\/\/www.navarroaubanell.com\/wp-content\/uploads\/2025\/04\/Silla-Tirol-2.jpg\",\"datePublished\":\"2025-04-25T07:23:18+00:00\",\"dateModified\":\"2025-04-25T14:34:02+00:00\",\"description\":\"Cadira Tirol d'estil vintage i minimalista, ideal per a exteriors. Resistent, apilable i elegant, perfecta per a projectes d'hostaleria amb encant.\",\"breadcrumb\":{\"@id\":\"https:\/\/www.navarroaubanell.com\/ca\/producte\/cadira-tirol-navarroaubanell\/#breadcrumb\"},\"inLanguage\":\"ca\",\"potentialAction\":[{\"@type\":\"ReadAction\",\"target\":[\"https:\/\/www.navarroaubanell.com\/ca\/producte\/cadira-tirol-navarroaubanell\/\"]}]},{\"@type\":\"ImageObject\",\"inLanguage\":\"ca\",\"@id\":\"https:\/\/www.navarroaubanell.com\/ca\/producte\/cadira-tirol-navarroaubanell\/#primaryimage\",\"url\":\"https:\/\/www.navarroaubanell.com\/wp-content\/uploads\/2025\/04\/Silla-Tirol-2.jpg\",\"contentUrl\":\"https:\/\/www.navarroaubanell.com\/wp-content\/uploads\/2025\/04\/Silla-Tirol-2.jpg\",\"width\":1600,\"height\":1296,\"caption\":\"Cadira Tirol\"},{\"@type\":\"BreadcrumbList\",\"@id\":\"https:\/\/www.navarroaubanell.com\/ca\/producte\/cadira-tirol-navarroaubanell\/#breadcrumb\",\"itemListElement\":[{\"@type\":\"ListItem\",\"position\":1,\"name\":\"Portada\",\"item\":\"https:\/\/www.navarroaubanell.com\/ca\/\"},{\"@type\":\"ListItem\",\"position\":2,\"name\":\"Productes\",\"item\":\"https:\/\/www.navarroaubanell.com\/productos\/\"},{\"@type\":\"ListItem\",\"position\":3,\"name\":\"Cadira Tirol\"}]},{\"@type\":\"WebSite\",\"@id\":\"https:\/\/www.navarroaubanell.com\/ca\/#website\",\"url\":\"https:\/\/www.navarroaubanell.com\/ca\/\",\"name\":\"Navarro Aubanell\",\"description\":\"Mobiliario para hoteler\u00eda, colectividades y oficinas\",\"publisher\":{\"@id\":\"https:\/\/www.navarroaubanell.com\/ca\/#organization\"},\"potentialAction\":[{\"@type\":\"SearchAction\",\"target\":{\"@type\":\"EntryPoint\",\"urlTemplate\":\"https:\/\/www.navarroaubanell.com\/ca\/?s={search_term_string}\"},\"query-input\":{\"@type\":\"PropertyValueSpecification\",\"valueRequired\":true,\"valueName\":\"search_term_string\"}}],\"inLanguage\":\"ca\"},{\"@type\":\"Organization\",\"@id\":\"https:\/\/www.navarroaubanell.com\/ca\/#organization\",\"name\":\"COMERCIAL NAVARRO AUBANELL, S.A\",\"url\":\"https:\/\/www.navarroaubanell.com\/ca\/\",\"logo\":{\"@type\":\"ImageObject\",\"inLanguage\":\"ca\",\"@id\":\"https:\/\/www.navarroaubanell.com\/ca\/#\/schema\/logo\/image\/\",\"url\":\"https:\/\/www.navarroaubanell.com\/wp-content\/uploads\/2017\/07\/logo-navarro-aubuanell.png\",\"contentUrl\":\"https:\/\/www.navarroaubanell.com\/wp-content\/uploads\/2017\/07\/logo-navarro-aubuanell.png\",\"width\":6304,\"height\":1154,\"caption\":\"COMERCIAL NAVARRO AUBANELL, S.A\"},\"image\":{\"@id\":\"https:\/\/www.navarroaubanell.com\/ca\/#\/schema\/logo\/image\/\"}}]}<\/script>\n<!-- \/ Yoast SEO plugin. -->","yoast_head_json":{"title":"Cadira Tirol - Navarro Aubanell","description":"Cadira Tirol d'estil vintage i minimalista, ideal per a exteriors. Resistent, apilable i elegant, perfecta per a projectes d'hostaleria amb encant.","robots":{"index":"index","follow":"follow","max-snippet":"max-snippet:-1","max-image-preview":"max-image-preview:large","max-video-preview":"max-video-preview:-1"},"canonical":"https:\/\/www.navarroaubanell.com\/ca\/producte\/cadira-tirol-navarroaubanell\/","og_locale":"ca_ES","og_type":"article","og_title":"Cadira Tirol - Navarro Aubanell","og_description":"Cadira Tirol d'estil vintage i minimalista, ideal per a exteriors. Resistent, apilable i elegant, perfecta per a projectes d'hostaleria amb encant.","og_url":"https:\/\/www.navarroaubanell.com\/ca\/producte\/cadira-tirol-navarroaubanell\/","og_site_name":"Navarro Aubanell","article_modified_time":"2025-04-25T14:34:02+00:00","og_image":[{"width":1600,"height":1296,"url":"https:\/\/www.navarroaubanell.com\/wp-content\/uploads\/2025\/04\/Silla-Tirol-2.jpg","type":"image\/jpeg"}],"twitter_misc":{"Est. reading time":"2 minutes"},"schema":{"@context":"https:\/\/schema.org","@graph":[{"@type":"WebPage","@id":"https:\/\/www.navarroaubanell.com\/ca\/producte\/cadira-tirol-navarroaubanell\/","url":"https:\/\/www.navarroaubanell.com\/ca\/producte\/cadira-tirol-navarroaubanell\/","name":"Cadira Tirol - Navarro Aubanell","isPartOf":{"@id":"https:\/\/www.navarroaubanell.com\/ca\/#website"},"primaryImageOfPage":{"@id":"https:\/\/www.navarroaubanell.com\/ca\/producte\/cadira-tirol-navarroaubanell\/#primaryimage"},"image":{"@id":"https:\/\/www.navarroaubanell.com\/ca\/producte\/cadira-tirol-navarroaubanell\/#primaryimage"},"thumbnailUrl":"https:\/\/www.navarroaubanell.com\/wp-content\/uploads\/2025\/04\/Silla-Tirol-2.jpg","datePublished":"2025-04-25T07:23:18+00:00","dateModified":"2025-04-25T14:34:02+00:00","description":"Cadira Tirol d'estil vintage i minimalista, ideal per a exteriors. Resistent, apilable i elegant, perfecta per a projectes d'hostaleria amb encant.","breadcrumb":{"@id":"https:\/\/www.navarroaubanell.com\/ca\/producte\/cadira-tirol-navarroaubanell\/#breadcrumb"},"inLanguage":"ca","potentialAction":[{"@type":"ReadAction","target":["https:\/\/www.navarroaubanell.com\/ca\/producte\/cadira-tirol-navarroaubanell\/"]}]},{"@type":"ImageObject","inLanguage":"ca","@id":"https:\/\/www.navarroaubanell.com\/ca\/producte\/cadira-tirol-navarroaubanell\/#primaryimage","url":"https:\/\/www.navarroaubanell.com\/wp-content\/uploads\/2025\/04\/Silla-Tirol-2.jpg","contentUrl":"https:\/\/www.navarroaubanell.com\/wp-content\/uploads\/2025\/04\/Silla-Tirol-2.jpg","width":1600,"height":1296,"caption":"Cadira Tirol"},{"@type":"BreadcrumbList","@id":"https:\/\/www.navarroaubanell.com\/ca\/producte\/cadira-tirol-navarroaubanell\/#breadcrumb","itemListElement":[{"@type":"ListItem","position":1,"name":"Portada","item":"https:\/\/www.navarroaubanell.com\/ca\/"},{"@type":"ListItem","position":2,"name":"Productes","item":"https:\/\/www.navarroaubanell.com\/productos\/"},{"@type":"ListItem","position":3,"name":"Cadira Tirol"}]},{"@type":"WebSite","@id":"https:\/\/www.navarroaubanell.com\/ca\/#website","url":"https:\/\/www.navarroaubanell.com\/ca\/","name":"Navarro Aubanell","description":"Mobiliario para hoteler\u00eda, colectividades y oficinas","publisher":{"@id":"https:\/\/www.navarroaubanell.com\/ca\/#organization"},"potentialAction":[{"@type":"SearchAction","target":{"@type":"EntryPoint","urlTemplate":"https:\/\/www.navarroaubanell.com\/ca\/?s={search_term_string}"},"query-input":{"@type":"PropertyValueSpecification","valueRequired":true,"valueName":"search_term_string"}}],"inLanguage":"ca"},{"@type":"Organization","@id":"https:\/\/www.navarroaubanell.com\/ca\/#organization","name":"COMERCIAL NAVARRO AUBANELL, S.A","url":"https:\/\/www.navarroaubanell.com\/ca\/","logo":{"@type":"ImageObject","inLanguage":"ca","@id":"https:\/\/www.navarroaubanell.com\/ca\/#\/schema\/logo\/image\/","url":"https:\/\/www.navarroaubanell.com\/wp-content\/uploads\/2017\/07\/logo-navarro-aubuanell.png","contentUrl":"https:\/\/www.navarroaubanell.com\/wp-content\/uploads\/2017\/07\/logo-navarro-aubuanell.png","width":6304,"height":1154,"caption":"COMERCIAL NAVARRO AUBANELL, S.A"},"image":{"@id":"https:\/\/www.navarroaubanell.com\/ca\/#\/schema\/logo\/image\/"}}]}},"_links":{"self":[{"href":"https:\/\/www.navarroaubanell.com\/ca\/wp-json\/wp\/v2\/product\/46174","targetHints":{"allow":["GET"]}}],"collection":[{"href":"https:\/\/www.navarroaubanell.com\/ca\/wp-json\/wp\/v2\/product"}],"about":[{"href":"https:\/\/www.navarroaubanell.com\/ca\/wp-json\/wp\/v2\/types\/product"}],"wp:featuredmedia":[{"embeddable":true,"href":"https:\/\/www.navarroaubanell.com\/ca\/wp-json\/wp\/v2\/media\/46164"}],"wp:attachment":[{"href":"https:\/\/www.navarroaubanell.com\/ca\/wp-json\/wp\/v2\/media?parent=46174"}],"wp:term":[{"taxonomy":"product_brand","embeddable":true,"href":"https:\/\/www.navarroaubanell.com\/ca\/wp-json\/wp\/v2\/product_brand?post=46174"},{"taxonomy":"product_cat","embeddable":true,"href":"https:\/\/www.navarroaubanell.com\/ca\/wp-json\/wp\/v2\/product_cat?post=46174"},{"taxonomy":"product_tag","embeddable":true,"href":"https:\/\/www.navarroaubanell.com\/ca\/wp-json\/wp\/v2\/product_tag?post=46174"}],"curies":[{"name":"wp","href":"https:\/\/api.w.org\/{rel}","templated":true}]}}