{"id":46143,"date":"2025-04-24T10:27:07","date_gmt":"2025-04-24T08:27:07","guid":{"rendered":"https:\/\/www.navarroaubanell.com\/producto\/silla-garona-navarroaubanell\/"},"modified":"2025-04-24T11:10:47","modified_gmt":"2025-04-24T09:10:47","slug":"cadira-garona-navarroaubanell","status":"publish","type":"product","link":"https:\/\/www.navarroaubanell.com\/ca\/producte\/cadira-garona-navarroaubanell\/","title":{"rendered":"Cadira Garona"},"content":{"rendered":"<h5 data-start=\"140\" data-end=\"184\">Cadira Garona: Eleg\u00e0ncia atemporal amb ess\u00e8ncia parisenca<\/h5>\n<p data-start=\"186\" data-end=\"545\">La cadira Garona combina la sofisticaci\u00f3 de l&#8217;estil parisenc cl\u00e0ssic amb les necessitats pr\u00e0ctiques del disseny contemporani. La seva est\u00e8tica refinada aporta calidesa, personalitat i una eleg\u00e0ncia discreta, capa\u00e7 de real\u00e7ar qualsevol ambient, ja sigue una terrassa amb encant, un jard\u00ed amb estil o qualsevol exterior amb un toc bohemi.<\/p>\n<h6 data-start=\"547\" data-end=\"595\">Estructura resistent i visualment harm\u00f2nica<\/h6>\n<p data-start=\"597\" data-end=\"948\">La seva estructura est\u00e0 fabricada en alumini d&#8217;alta qualitat, un material lleuger per\u00f2 ferm, \u00e9s ideal per al seu \u00fas professional en exteriors. L&#8217;acabat en color roure natural afegeix una nota c\u00e0lida i natural, facilitant la seva integraci\u00f3 en estils decoratius diversos, des dels m\u00e9s tradiconals fins els m\u00e9s moderns.<\/p>\n<h6 data-start=\"950\" data-end=\"1000\">Acabat en medul\u00b7la trenada de gran resist\u00e8ncia<\/h6>\n<p data-start=\"1002\" data-end=\"1377\">El seient i respatller de Garona estan confeccionats en medul\u00b7la sint\u00e8tica trenada, un material que combina la bellesa d&#8217;all\u00f2 natural amb una gran durabilitat. El seu patr\u00f3 decoratiu est\u00e0 disponible en dues combinacions de color, el que permet adaptar la pe\u00e7a a diferents ambients i prefer\u00e8ncies est\u00e8tiques.<\/p>\n<h6 data-start=\"1379\" data-end=\"1423\">Funcionalitat pensada per a l&#8217;hostaleria<\/h6>\n<p data-start=\"1425\" data-end=\"1743\">\u00c9s una cadira apilable, el que la converteix en una opci\u00f3 ideal per a locals amb alta rotaci\u00f3 de clients. El seu f\u00e0cil emmagatzematge i transport, la fan perfecta per a espais que requereixen de solucions \u00e0gils i eficients sense renunciar a l&#8217;estil.<\/p>\n","protected":false},"excerpt":{"rendered":"<p>Cadira Garona: Eleg\u00e0ncia atemporal amb ess\u00e8ncia parisenca La cadira Garona combina la sofisticaci\u00f3 de l&#8217;estil parisenc cl\u00e0ssic amb les necessitats pr\u00e0ctiques del disseny contemporani. La seva est\u00e8tica refinada aporta calidesa, personalitat i una eleg\u00e0ncia discreta, capa\u00e7 de real\u00e7ar qualsevol ambient, ja sigue una terrassa amb encant, un jard\u00ed amb estil o qualsevol exterior amb un&hellip;<\/p>\n","protected":false},"featured_media":46135,"template":"","meta":{"_acf_changed":false},"product_brand":[],"product_cat":[572,563],"product_tag":[992,587,863,640,973],"class_list":{"0":"post-46143","1":"product","2":"type-product","3":"status-publish","4":"has-post-thumbnail","6":"product_cat-cadires-exterior","7":"product_cat-exterior-ca","8":"product_tag-aluminio-ca","9":"product_tag-apilable-ca","10":"product_tag-cadira","11":"product_tag-exterior-ca","12":"product_tag-medula-ca","13":"description-off","15":"first","16":"instock","17":"shipping-taxable","18":"product-type-simple"},"acf":[],"yoast_head":"<!-- This site is optimized with the Yoast SEO plugin v27.6 - https:\/\/yoast.com\/product\/yoast-seo-wordpress\/ -->\n<title>Cadira Garona - Navarro Aubanell<\/title>\n<meta name=\"description\" content=\"Cadira Garona: disseny parisenc, estructura d&#039;alumini i medul\u00b7la trenada. Elegant, resistent i apilable, ideal per a exteriors i hostaleria.\" \/>\n<meta name=\"robots\" content=\"index, follow, max-snippet:-1, max-image-preview:large, max-video-preview:-1\" \/>\n<link rel=\"canonical\" href=\"https:\/\/www.navarroaubanell.com\/ca\/producte\/cadira-garona-navarroaubanell\/\" \/>\n<meta property=\"og:locale\" content=\"ca_ES\" \/>\n<meta property=\"og:type\" content=\"article\" \/>\n<meta property=\"og:title\" content=\"Cadira Garona - Navarro Aubanell\" \/>\n<meta property=\"og:description\" content=\"Cadira Garona: disseny parisenc, estructura d&#039;alumini i medul\u00b7la trenada. Elegant, resistent i apilable, ideal per a exteriors i hostaleria.\" \/>\n<meta property=\"og:url\" content=\"https:\/\/www.navarroaubanell.com\/ca\/producte\/cadira-garona-navarroaubanell\/\" \/>\n<meta property=\"og:site_name\" content=\"Navarro Aubanell\" \/>\n<meta property=\"article:modified_time\" content=\"2025-04-24T09:10:47+00:00\" \/>\n<meta property=\"og:image\" content=\"https:\/\/www.navarroaubanell.com\/wp-content\/uploads\/2025\/04\/Silla-Garona-1-rotated.jpg\" \/>\n\t<meta property=\"og:image:width\" content=\"1600\" \/>\n\t<meta property=\"og:image:height\" content=\"1296\" \/>\n\t<meta property=\"og:image:type\" content=\"image\/jpeg\" \/>\n<meta name=\"twitter:label1\" content=\"Est. reading time\" \/>\n\t<meta name=\"twitter:data1\" content=\"2 minutes\" \/>\n<script type=\"application\/ld+json\" class=\"yoast-schema-graph\">{\"@context\":\"https:\\\/\\\/schema.org\",\"@graph\":[{\"@type\":\"WebPage\",\"@id\":\"https:\\\/\\\/www.navarroaubanell.com\\\/ca\\\/producte\\\/cadira-garona-navarroaubanell\\\/\",\"url\":\"https:\\\/\\\/www.navarroaubanell.com\\\/ca\\\/producte\\\/cadira-garona-navarroaubanell\\\/\",\"name\":\"Cadira Garona - Navarro Aubanell\",\"isPartOf\":{\"@id\":\"https:\\\/\\\/www.navarroaubanell.com\\\/ca\\\/#website\"},\"primaryImageOfPage\":{\"@id\":\"https:\\\/\\\/www.navarroaubanell.com\\\/ca\\\/producte\\\/cadira-garona-navarroaubanell\\\/#primaryimage\"},\"image\":{\"@id\":\"https:\\\/\\\/www.navarroaubanell.com\\\/ca\\\/producte\\\/cadira-garona-navarroaubanell\\\/#primaryimage\"},\"thumbnailUrl\":\"https:\\\/\\\/www.navarroaubanell.com\\\/wp-content\\\/uploads\\\/2025\\\/04\\\/Silla-Garona-1-rotated.jpg\",\"datePublished\":\"2025-04-24T08:27:07+00:00\",\"dateModified\":\"2025-04-24T09:10:47+00:00\",\"description\":\"Cadira Garona: disseny parisenc, estructura d'alumini i medul\u00b7la trenada. Elegant, resistent i apilable, ideal per a exteriors i hostaleria.\",\"breadcrumb\":{\"@id\":\"https:\\\/\\\/www.navarroaubanell.com\\\/ca\\\/producte\\\/cadira-garona-navarroaubanell\\\/#breadcrumb\"},\"inLanguage\":\"ca\",\"potentialAction\":[{\"@type\":\"ReadAction\",\"target\":[\"https:\\\/\\\/www.navarroaubanell.com\\\/ca\\\/producte\\\/cadira-garona-navarroaubanell\\\/\"]}]},{\"@type\":\"ImageObject\",\"inLanguage\":\"ca\",\"@id\":\"https:\\\/\\\/www.navarroaubanell.com\\\/ca\\\/producte\\\/cadira-garona-navarroaubanell\\\/#primaryimage\",\"url\":\"https:\\\/\\\/www.navarroaubanell.com\\\/wp-content\\\/uploads\\\/2025\\\/04\\\/Silla-Garona-1-rotated.jpg\",\"contentUrl\":\"https:\\\/\\\/www.navarroaubanell.com\\\/wp-content\\\/uploads\\\/2025\\\/04\\\/Silla-Garona-1-rotated.jpg\",\"width\":1600,\"height\":1296,\"caption\":\"Cadira Garona\"},{\"@type\":\"BreadcrumbList\",\"@id\":\"https:\\\/\\\/www.navarroaubanell.com\\\/ca\\\/producte\\\/cadira-garona-navarroaubanell\\\/#breadcrumb\",\"itemListElement\":[{\"@type\":\"ListItem\",\"position\":1,\"name\":\"Portada\",\"item\":\"https:\\\/\\\/www.navarroaubanell.com\\\/ca\\\/\"},{\"@type\":\"ListItem\",\"position\":2,\"name\":\"Productes\",\"item\":\"https:\\\/\\\/www.navarroaubanell.com\\\/productos\\\/\"},{\"@type\":\"ListItem\",\"position\":3,\"name\":\"Cadira Garona\"}]},{\"@type\":\"WebSite\",\"@id\":\"https:\\\/\\\/www.navarroaubanell.com\\\/ca\\\/#website\",\"url\":\"https:\\\/\\\/www.navarroaubanell.com\\\/ca\\\/\",\"name\":\"Navarro Aubanell\",\"description\":\"Mobiliario para hoteler\u00eda, colectividades y oficinas\",\"publisher\":{\"@id\":\"https:\\\/\\\/www.navarroaubanell.com\\\/ca\\\/#organization\"},\"potentialAction\":[{\"@type\":\"SearchAction\",\"target\":{\"@type\":\"EntryPoint\",\"urlTemplate\":\"https:\\\/\\\/www.navarroaubanell.com\\\/ca\\\/?s={search_term_string}\"},\"query-input\":{\"@type\":\"PropertyValueSpecification\",\"valueRequired\":true,\"valueName\":\"search_term_string\"}}],\"inLanguage\":\"ca\"},{\"@type\":\"Organization\",\"@id\":\"https:\\\/\\\/www.navarroaubanell.com\\\/ca\\\/#organization\",\"name\":\"COMERCIAL NAVARRO AUBANELL, S.A\",\"url\":\"https:\\\/\\\/www.navarroaubanell.com\\\/ca\\\/\",\"logo\":{\"@type\":\"ImageObject\",\"inLanguage\":\"ca\",\"@id\":\"https:\\\/\\\/www.navarroaubanell.com\\\/ca\\\/#\\\/schema\\\/logo\\\/image\\\/\",\"url\":\"https:\\\/\\\/www.navarroaubanell.com\\\/wp-content\\\/uploads\\\/2017\\\/07\\\/logo-navarro-aubuanell.png\",\"contentUrl\":\"https:\\\/\\\/www.navarroaubanell.com\\\/wp-content\\\/uploads\\\/2017\\\/07\\\/logo-navarro-aubuanell.png\",\"width\":6304,\"height\":1154,\"caption\":\"COMERCIAL NAVARRO AUBANELL, S.A\"},\"image\":{\"@id\":\"https:\\\/\\\/www.navarroaubanell.com\\\/ca\\\/#\\\/schema\\\/logo\\\/image\\\/\"}}]}<\/script>\n<!-- \/ Yoast SEO plugin. -->","yoast_head_json":{"title":"Cadira Garona - Navarro Aubanell","description":"Cadira Garona: disseny parisenc, estructura d'alumini i medul\u00b7la trenada. Elegant, resistent i apilable, ideal per a exteriors i hostaleria.","robots":{"index":"index","follow":"follow","max-snippet":"max-snippet:-1","max-image-preview":"max-image-preview:large","max-video-preview":"max-video-preview:-1"},"canonical":"https:\/\/www.navarroaubanell.com\/ca\/producte\/cadira-garona-navarroaubanell\/","og_locale":"ca_ES","og_type":"article","og_title":"Cadira Garona - Navarro Aubanell","og_description":"Cadira Garona: disseny parisenc, estructura d'alumini i medul\u00b7la trenada. Elegant, resistent i apilable, ideal per a exteriors i hostaleria.","og_url":"https:\/\/www.navarroaubanell.com\/ca\/producte\/cadira-garona-navarroaubanell\/","og_site_name":"Navarro Aubanell","article_modified_time":"2025-04-24T09:10:47+00:00","og_image":[{"width":1600,"height":1296,"url":"https:\/\/www.navarroaubanell.com\/wp-content\/uploads\/2025\/04\/Silla-Garona-1-rotated.jpg","type":"image\/jpeg"}],"twitter_misc":{"Est. reading time":"2 minutes"},"schema":{"@context":"https:\/\/schema.org","@graph":[{"@type":"WebPage","@id":"https:\/\/www.navarroaubanell.com\/ca\/producte\/cadira-garona-navarroaubanell\/","url":"https:\/\/www.navarroaubanell.com\/ca\/producte\/cadira-garona-navarroaubanell\/","name":"Cadira Garona - Navarro Aubanell","isPartOf":{"@id":"https:\/\/www.navarroaubanell.com\/ca\/#website"},"primaryImageOfPage":{"@id":"https:\/\/www.navarroaubanell.com\/ca\/producte\/cadira-garona-navarroaubanell\/#primaryimage"},"image":{"@id":"https:\/\/www.navarroaubanell.com\/ca\/producte\/cadira-garona-navarroaubanell\/#primaryimage"},"thumbnailUrl":"https:\/\/www.navarroaubanell.com\/wp-content\/uploads\/2025\/04\/Silla-Garona-1-rotated.jpg","datePublished":"2025-04-24T08:27:07+00:00","dateModified":"2025-04-24T09:10:47+00:00","description":"Cadira Garona: disseny parisenc, estructura d'alumini i medul\u00b7la trenada. Elegant, resistent i apilable, ideal per a exteriors i hostaleria.","breadcrumb":{"@id":"https:\/\/www.navarroaubanell.com\/ca\/producte\/cadira-garona-navarroaubanell\/#breadcrumb"},"inLanguage":"ca","potentialAction":[{"@type":"ReadAction","target":["https:\/\/www.navarroaubanell.com\/ca\/producte\/cadira-garona-navarroaubanell\/"]}]},{"@type":"ImageObject","inLanguage":"ca","@id":"https:\/\/www.navarroaubanell.com\/ca\/producte\/cadira-garona-navarroaubanell\/#primaryimage","url":"https:\/\/www.navarroaubanell.com\/wp-content\/uploads\/2025\/04\/Silla-Garona-1-rotated.jpg","contentUrl":"https:\/\/www.navarroaubanell.com\/wp-content\/uploads\/2025\/04\/Silla-Garona-1-rotated.jpg","width":1600,"height":1296,"caption":"Cadira Garona"},{"@type":"BreadcrumbList","@id":"https:\/\/www.navarroaubanell.com\/ca\/producte\/cadira-garona-navarroaubanell\/#breadcrumb","itemListElement":[{"@type":"ListItem","position":1,"name":"Portada","item":"https:\/\/www.navarroaubanell.com\/ca\/"},{"@type":"ListItem","position":2,"name":"Productes","item":"https:\/\/www.navarroaubanell.com\/productos\/"},{"@type":"ListItem","position":3,"name":"Cadira Garona"}]},{"@type":"WebSite","@id":"https:\/\/www.navarroaubanell.com\/ca\/#website","url":"https:\/\/www.navarroaubanell.com\/ca\/","name":"Navarro Aubanell","description":"Mobiliario para hoteler\u00eda, colectividades y oficinas","publisher":{"@id":"https:\/\/www.navarroaubanell.com\/ca\/#organization"},"potentialAction":[{"@type":"SearchAction","target":{"@type":"EntryPoint","urlTemplate":"https:\/\/www.navarroaubanell.com\/ca\/?s={search_term_string}"},"query-input":{"@type":"PropertyValueSpecification","valueRequired":true,"valueName":"search_term_string"}}],"inLanguage":"ca"},{"@type":"Organization","@id":"https:\/\/www.navarroaubanell.com\/ca\/#organization","name":"COMERCIAL NAVARRO AUBANELL, S.A","url":"https:\/\/www.navarroaubanell.com\/ca\/","logo":{"@type":"ImageObject","inLanguage":"ca","@id":"https:\/\/www.navarroaubanell.com\/ca\/#\/schema\/logo\/image\/","url":"https:\/\/www.navarroaubanell.com\/wp-content\/uploads\/2017\/07\/logo-navarro-aubuanell.png","contentUrl":"https:\/\/www.navarroaubanell.com\/wp-content\/uploads\/2017\/07\/logo-navarro-aubuanell.png","width":6304,"height":1154,"caption":"COMERCIAL NAVARRO AUBANELL, S.A"},"image":{"@id":"https:\/\/www.navarroaubanell.com\/ca\/#\/schema\/logo\/image\/"}}]}},"_links":{"self":[{"href":"https:\/\/www.navarroaubanell.com\/ca\/wp-json\/wp\/v2\/product\/46143","targetHints":{"allow":["GET"]}}],"collection":[{"href":"https:\/\/www.navarroaubanell.com\/ca\/wp-json\/wp\/v2\/product"}],"about":[{"href":"https:\/\/www.navarroaubanell.com\/ca\/wp-json\/wp\/v2\/types\/product"}],"wp:featuredmedia":[{"embeddable":true,"href":"https:\/\/www.navarroaubanell.com\/ca\/wp-json\/wp\/v2\/media\/46135"}],"wp:attachment":[{"href":"https:\/\/www.navarroaubanell.com\/ca\/wp-json\/wp\/v2\/media?parent=46143"}],"wp:term":[{"taxonomy":"product_brand","embeddable":true,"href":"https:\/\/www.navarroaubanell.com\/ca\/wp-json\/wp\/v2\/product_brand?post=46143"},{"taxonomy":"product_cat","embeddable":true,"href":"https:\/\/www.navarroaubanell.com\/ca\/wp-json\/wp\/v2\/product_cat?post=46143"},{"taxonomy":"product_tag","embeddable":true,"href":"https:\/\/www.navarroaubanell.com\/ca\/wp-json\/wp\/v2\/product_tag?post=46143"}],"curies":[{"name":"wp","href":"https:\/\/api.w.org\/{rel}","templated":true}]}}