{"id":45290,"date":"2025-03-14T15:23:27","date_gmt":"2025-03-14T14:23:27","guid":{"rendered":"https:\/\/www.navarroaubanell.com\/producto\/sila-operativa-eben-forma5-navarroaubanell\/"},"modified":"2025-03-20T17:05:24","modified_gmt":"2025-03-20T16:05:24","slug":"cadira-operativa-eben-forma5-navarroaubanell","status":"publish","type":"product","link":"https:\/\/www.navarroaubanell.com\/ca\/producte\/cadira-operativa-eben-forma5-navarroaubanell\/","title":{"rendered":"Cadira operativa Eben"},"content":{"rendered":"<div class=\"flex max-w-full flex-col flex-grow\">\n<div class=\"min-h-8 text-message relative flex w-full flex-col items-end gap-2 whitespace-normal break-words text-start [.text-message+&amp;]:mt-5\" dir=\"auto\" data-message-author-role=\"assistant\" data-message-id=\"d16415ec-3623-4e6d-8d70-04a9eb095306\" data-message-model-slug=\"gpt-4o\">\n<div class=\"flex w-full flex-col gap-1 empty:hidden first:pt-[3px]\">\n<div class=\"markdown prose w-full break-words dark:prose-invert light\">\n<h5 data-start=\"0\" data-end=\"72\">Cadira operativa Eben: Funcionalitat i Ergonomia<\/h5>\n<div class=\"traductor-textarea form-group\">\n<div class=\"textarea-desti col-xs-12 col-sm-6\">\n<div class=\"form-control second-textarea\">La cadira operativa Eben est\u00e0 dissenyada per a oferir confort en llargues jornades de treball, sense perdre de vista un toc singular. Amb l\u00ednies corbes pronunciades, s&#8217;adapta a la forma natural del cos, proporcionant un suport ergon\u00f2mic.<\/div>\n<\/div>\n<\/div>\n<h6 data-start=\"402\" data-end=\"861\">Respatller amb suport personalitzable<\/h6>\n<div class=\"traductor-textarea form-group\">\n<div class=\"textarea-desti col-xs-12 col-sm-6\">\n<div class=\"form-control second-textarea\">El respatller d&#8217;Eben destaca pel seu marc de poliamida refor\u00e7ada amb fibra de vidre, disponible en versions entapissades amb malla t\u00e8cnica o escuma de poliuret\u00e0. A m\u00e9s, es pot afegir un suport lumbar opcional\u00a0 o un cap\u00e7al regulable en altura per a un major suport cervical.<\/div>\n<\/div>\n<\/div>\n<h6 data-start=\"863\" data-end=\"1199\">Materials i acabats premium<\/h6>\n<div class=\"traductor-textarea form-group\">\n<div class=\"textarea-desti col-xs-12 col-sm-6\">\n<div class=\"form-control second-textarea\">La base del seient \u00e9s de polipropil\u00e8 injectat i texturat, amb suport intern d&#8217;escuma de poliuret\u00e0 flexible. Les rodes, disponibles en poliamida o alumini, asseguren un moviment suau i durador, amb opci\u00f3 de rodadura tova per a major delicadesa en diferents superf\u00edcies.<\/div>\n<\/div>\n<\/div>\n<h6 data-start=\"1201\" data-end=\"1279\">Mecanismes d&#8217;ajustament avan\u00e7ats<\/h6>\n<div class=\"traductor-textarea form-group\">\n<div class=\"textarea-desti col-xs-12 col-sm-6\">\n<div class=\"form-control second-textarea\">A m\u00e9s del mecanisme de regulaci\u00f3 d&#8217;al\u00e7ada, Eben ofereix altres dos mecanismes:<\/div>\n<\/div>\n<\/div>\n<ul data-start=\"1280\" data-end=\"1457\">\n<li data-start=\"1280\" data-end=\"1366\"><strong>Sincro Atom: <\/strong>regulaci\u00f3 d&#8217;inclinaci\u00f3 i ajust de la profunditat del seient.<\/li>\n<li data-start=\"1367\" data-end=\"1457\"><strong>Sincro Motion: <\/strong>permet ajustar la tensi\u00f3 del respatller i la profunditat del seient.<\/li>\n<\/ul>\n<h6 data-start=\"1574\" data-end=\"1806\">Bra\u00e7os opcionals<\/h6>\n<div class=\"traductor-textarea form-group\">\n<div class=\"textarea-desti col-xs-12 col-sm-6\">\n<div class=\"form-control second-textarea\">Els reposabra\u00e7os d&#8217;Eben s\u00f3n opcionals i estan disponibles en poliamida, poliuret\u00e0 o poliuret\u00e0 soft touch, amb una estructura de poliamida o alumini injectat per a un toc de sofisticaci\u00f3.<\/div>\n<\/div>\n<\/div>\n<div class=\"traductor-checkbox form-group\">\n<div class=\"row\">\n<div class=\"col-sm-offset-2 col-sm-5\"><\/div>\n<\/div>\n<\/div>\n<\/div>\n<\/div>\n<\/div>\n<\/div>\n","protected":false},"excerpt":{"rendered":"<p>Cadira operativa Eben: Funcionalitat i Ergonomia La cadira operativa Eben est\u00e0 dissenyada per a oferir confort en llargues jornades de treball, sense perdre de vista un toc singular. Amb l\u00ednies corbes pronunciades, s&#8217;adapta a la forma natural del cos, proporcionant un suport ergon\u00f2mic. Respatller amb suport personalitzable El respatller d&#8217;Eben destaca pel seu marc de&hellip;<\/p>\n","protected":false},"featured_media":45251,"template":"","meta":{"_acf_changed":false},"product_brand":[],"product_cat":[562,555],"product_tag":[865,1573,1679,1238,860],"class_list":{"0":"post-45290","1":"product","2":"type-product","3":"status-publish","4":"has-post-thumbnail","6":"product_cat-cadires-operatives","7":"product_cat-oficina","8":"product_tag-cadira-operativa-ca","9":"product_tag-ergonomico-ca","10":"product_tag-giratoria-ca","11":"product_tag-oficina-ca","12":"product_tag-regulable-ca","13":"description-off","15":"first","16":"instock","17":"shipping-taxable","18":"product-type-simple"},"acf":[],"yoast_head":"<!-- This site is optimized with the Yoast SEO plugin v27.0 - https:\/\/yoast.com\/product\/yoast-seo-wordpress\/ -->\n<title>Cadira operativa Eben - Navarro Aubanell<\/title>\n<meta name=\"description\" content=\"Cadira operativa Eben: disseny ergon\u00f2mic, suport personalitzable i materials premium per a un confort excel\u00b7lent a l&#039;entorn laboral.\" \/>\n<meta name=\"robots\" content=\"index, follow, max-snippet:-1, max-image-preview:large, max-video-preview:-1\" \/>\n<link rel=\"canonical\" href=\"https:\/\/www.navarroaubanell.com\/ca\/producte\/cadira-operativa-eben-forma5-navarroaubanell\/\" \/>\n<meta property=\"og:locale\" content=\"ca_ES\" \/>\n<meta property=\"og:type\" content=\"article\" \/>\n<meta property=\"og:title\" content=\"Cadira operativa Eben - Navarro Aubanell\" \/>\n<meta property=\"og:description\" content=\"Cadira operativa Eben: disseny ergon\u00f2mic, suport personalitzable i materials premium per a un confort excel\u00b7lent a l&#039;entorn laboral.\" \/>\n<meta property=\"og:url\" content=\"https:\/\/www.navarroaubanell.com\/ca\/producte\/cadira-operativa-eben-forma5-navarroaubanell\/\" \/>\n<meta property=\"og:site_name\" content=\"Navarro Aubanell\" \/>\n<meta property=\"article:modified_time\" content=\"2025-03-20T16:05:24+00:00\" \/>\n<meta property=\"og:image\" content=\"https:\/\/www.navarroaubanell.com\/wp-content\/uploads\/2025\/03\/EBEN_INTEG_MESH_02-Photoroom.png\" \/>\n\t<meta property=\"og:image:width\" content=\"800\" \/>\n\t<meta property=\"og:image:height\" content=\"650\" \/>\n\t<meta property=\"og:image:type\" content=\"image\/png\" \/>\n<meta name=\"twitter:label1\" content=\"Est. reading time\" \/>\n\t<meta name=\"twitter:data1\" content=\"2 minutes\" \/>\n<script type=\"application\/ld+json\" class=\"yoast-schema-graph\">{\"@context\":\"https:\/\/schema.org\",\"@graph\":[{\"@type\":\"WebPage\",\"@id\":\"https:\/\/www.navarroaubanell.com\/ca\/producte\/cadira-operativa-eben-forma5-navarroaubanell\/\",\"url\":\"https:\/\/www.navarroaubanell.com\/ca\/producte\/cadira-operativa-eben-forma5-navarroaubanell\/\",\"name\":\"Cadira operativa Eben - Navarro Aubanell\",\"isPartOf\":{\"@id\":\"https:\/\/www.navarroaubanell.com\/ca\/#website\"},\"primaryImageOfPage\":{\"@id\":\"https:\/\/www.navarroaubanell.com\/ca\/producte\/cadira-operativa-eben-forma5-navarroaubanell\/#primaryimage\"},\"image\":{\"@id\":\"https:\/\/www.navarroaubanell.com\/ca\/producte\/cadira-operativa-eben-forma5-navarroaubanell\/#primaryimage\"},\"thumbnailUrl\":\"https:\/\/www.navarroaubanell.com\/wp-content\/uploads\/2025\/03\/EBEN_INTEG_MESH_02-Photoroom.png\",\"datePublished\":\"2025-03-14T14:23:27+00:00\",\"dateModified\":\"2025-03-20T16:05:24+00:00\",\"description\":\"Cadira operativa Eben: disseny ergon\u00f2mic, suport personalitzable i materials premium per a un confort excel\u00b7lent a l'entorn laboral.\",\"breadcrumb\":{\"@id\":\"https:\/\/www.navarroaubanell.com\/ca\/producte\/cadira-operativa-eben-forma5-navarroaubanell\/#breadcrumb\"},\"inLanguage\":\"ca\",\"potentialAction\":[{\"@type\":\"ReadAction\",\"target\":[\"https:\/\/www.navarroaubanell.com\/ca\/producte\/cadira-operativa-eben-forma5-navarroaubanell\/\"]}]},{\"@type\":\"ImageObject\",\"inLanguage\":\"ca\",\"@id\":\"https:\/\/www.navarroaubanell.com\/ca\/producte\/cadira-operativa-eben-forma5-navarroaubanell\/#primaryimage\",\"url\":\"https:\/\/www.navarroaubanell.com\/wp-content\/uploads\/2025\/03\/EBEN_INTEG_MESH_02-Photoroom.png\",\"contentUrl\":\"https:\/\/www.navarroaubanell.com\/wp-content\/uploads\/2025\/03\/EBEN_INTEG_MESH_02-Photoroom.png\",\"width\":800,\"height\":650,\"caption\":\"Silla operativa Eben\"},{\"@type\":\"BreadcrumbList\",\"@id\":\"https:\/\/www.navarroaubanell.com\/ca\/producte\/cadira-operativa-eben-forma5-navarroaubanell\/#breadcrumb\",\"itemListElement\":[{\"@type\":\"ListItem\",\"position\":1,\"name\":\"Portada\",\"item\":\"https:\/\/www.navarroaubanell.com\/ca\/\"},{\"@type\":\"ListItem\",\"position\":2,\"name\":\"Productes\",\"item\":\"https:\/\/www.navarroaubanell.com\/productos\/\"},{\"@type\":\"ListItem\",\"position\":3,\"name\":\"Cadira operativa Eben\"}]},{\"@type\":\"WebSite\",\"@id\":\"https:\/\/www.navarroaubanell.com\/ca\/#website\",\"url\":\"https:\/\/www.navarroaubanell.com\/ca\/\",\"name\":\"Navarro Aubanell\",\"description\":\"Mobiliario para hoteler\u00eda, colectividades y oficinas\",\"publisher\":{\"@id\":\"https:\/\/www.navarroaubanell.com\/ca\/#organization\"},\"potentialAction\":[{\"@type\":\"SearchAction\",\"target\":{\"@type\":\"EntryPoint\",\"urlTemplate\":\"https:\/\/www.navarroaubanell.com\/ca\/?s={search_term_string}\"},\"query-input\":{\"@type\":\"PropertyValueSpecification\",\"valueRequired\":true,\"valueName\":\"search_term_string\"}}],\"inLanguage\":\"ca\"},{\"@type\":\"Organization\",\"@id\":\"https:\/\/www.navarroaubanell.com\/ca\/#organization\",\"name\":\"COMERCIAL NAVARRO AUBANELL, S.A\",\"url\":\"https:\/\/www.navarroaubanell.com\/ca\/\",\"logo\":{\"@type\":\"ImageObject\",\"inLanguage\":\"ca\",\"@id\":\"https:\/\/www.navarroaubanell.com\/ca\/#\/schema\/logo\/image\/\",\"url\":\"https:\/\/www.navarroaubanell.com\/wp-content\/uploads\/2017\/07\/logo-navarro-aubuanell.png\",\"contentUrl\":\"https:\/\/www.navarroaubanell.com\/wp-content\/uploads\/2017\/07\/logo-navarro-aubuanell.png\",\"width\":6304,\"height\":1154,\"caption\":\"COMERCIAL NAVARRO AUBANELL, S.A\"},\"image\":{\"@id\":\"https:\/\/www.navarroaubanell.com\/ca\/#\/schema\/logo\/image\/\"}}]}<\/script>\n<!-- \/ Yoast SEO plugin. -->","yoast_head_json":{"title":"Cadira operativa Eben - Navarro Aubanell","description":"Cadira operativa Eben: disseny ergon\u00f2mic, suport personalitzable i materials premium per a un confort excel\u00b7lent a l'entorn laboral.","robots":{"index":"index","follow":"follow","max-snippet":"max-snippet:-1","max-image-preview":"max-image-preview:large","max-video-preview":"max-video-preview:-1"},"canonical":"https:\/\/www.navarroaubanell.com\/ca\/producte\/cadira-operativa-eben-forma5-navarroaubanell\/","og_locale":"ca_ES","og_type":"article","og_title":"Cadira operativa Eben - Navarro Aubanell","og_description":"Cadira operativa Eben: disseny ergon\u00f2mic, suport personalitzable i materials premium per a un confort excel\u00b7lent a l'entorn laboral.","og_url":"https:\/\/www.navarroaubanell.com\/ca\/producte\/cadira-operativa-eben-forma5-navarroaubanell\/","og_site_name":"Navarro Aubanell","article_modified_time":"2025-03-20T16:05:24+00:00","og_image":[{"width":800,"height":650,"url":"https:\/\/www.navarroaubanell.com\/wp-content\/uploads\/2025\/03\/EBEN_INTEG_MESH_02-Photoroom.png","type":"image\/png"}],"twitter_misc":{"Est. reading time":"2 minutes"},"schema":{"@context":"https:\/\/schema.org","@graph":[{"@type":"WebPage","@id":"https:\/\/www.navarroaubanell.com\/ca\/producte\/cadira-operativa-eben-forma5-navarroaubanell\/","url":"https:\/\/www.navarroaubanell.com\/ca\/producte\/cadira-operativa-eben-forma5-navarroaubanell\/","name":"Cadira operativa Eben - Navarro Aubanell","isPartOf":{"@id":"https:\/\/www.navarroaubanell.com\/ca\/#website"},"primaryImageOfPage":{"@id":"https:\/\/www.navarroaubanell.com\/ca\/producte\/cadira-operativa-eben-forma5-navarroaubanell\/#primaryimage"},"image":{"@id":"https:\/\/www.navarroaubanell.com\/ca\/producte\/cadira-operativa-eben-forma5-navarroaubanell\/#primaryimage"},"thumbnailUrl":"https:\/\/www.navarroaubanell.com\/wp-content\/uploads\/2025\/03\/EBEN_INTEG_MESH_02-Photoroom.png","datePublished":"2025-03-14T14:23:27+00:00","dateModified":"2025-03-20T16:05:24+00:00","description":"Cadira operativa Eben: disseny ergon\u00f2mic, suport personalitzable i materials premium per a un confort excel\u00b7lent a l'entorn laboral.","breadcrumb":{"@id":"https:\/\/www.navarroaubanell.com\/ca\/producte\/cadira-operativa-eben-forma5-navarroaubanell\/#breadcrumb"},"inLanguage":"ca","potentialAction":[{"@type":"ReadAction","target":["https:\/\/www.navarroaubanell.com\/ca\/producte\/cadira-operativa-eben-forma5-navarroaubanell\/"]}]},{"@type":"ImageObject","inLanguage":"ca","@id":"https:\/\/www.navarroaubanell.com\/ca\/producte\/cadira-operativa-eben-forma5-navarroaubanell\/#primaryimage","url":"https:\/\/www.navarroaubanell.com\/wp-content\/uploads\/2025\/03\/EBEN_INTEG_MESH_02-Photoroom.png","contentUrl":"https:\/\/www.navarroaubanell.com\/wp-content\/uploads\/2025\/03\/EBEN_INTEG_MESH_02-Photoroom.png","width":800,"height":650,"caption":"Silla operativa Eben"},{"@type":"BreadcrumbList","@id":"https:\/\/www.navarroaubanell.com\/ca\/producte\/cadira-operativa-eben-forma5-navarroaubanell\/#breadcrumb","itemListElement":[{"@type":"ListItem","position":1,"name":"Portada","item":"https:\/\/www.navarroaubanell.com\/ca\/"},{"@type":"ListItem","position":2,"name":"Productes","item":"https:\/\/www.navarroaubanell.com\/productos\/"},{"@type":"ListItem","position":3,"name":"Cadira operativa Eben"}]},{"@type":"WebSite","@id":"https:\/\/www.navarroaubanell.com\/ca\/#website","url":"https:\/\/www.navarroaubanell.com\/ca\/","name":"Navarro Aubanell","description":"Mobiliario para hoteler\u00eda, colectividades y oficinas","publisher":{"@id":"https:\/\/www.navarroaubanell.com\/ca\/#organization"},"potentialAction":[{"@type":"SearchAction","target":{"@type":"EntryPoint","urlTemplate":"https:\/\/www.navarroaubanell.com\/ca\/?s={search_term_string}"},"query-input":{"@type":"PropertyValueSpecification","valueRequired":true,"valueName":"search_term_string"}}],"inLanguage":"ca"},{"@type":"Organization","@id":"https:\/\/www.navarroaubanell.com\/ca\/#organization","name":"COMERCIAL NAVARRO AUBANELL, S.A","url":"https:\/\/www.navarroaubanell.com\/ca\/","logo":{"@type":"ImageObject","inLanguage":"ca","@id":"https:\/\/www.navarroaubanell.com\/ca\/#\/schema\/logo\/image\/","url":"https:\/\/www.navarroaubanell.com\/wp-content\/uploads\/2017\/07\/logo-navarro-aubuanell.png","contentUrl":"https:\/\/www.navarroaubanell.com\/wp-content\/uploads\/2017\/07\/logo-navarro-aubuanell.png","width":6304,"height":1154,"caption":"COMERCIAL NAVARRO AUBANELL, S.A"},"image":{"@id":"https:\/\/www.navarroaubanell.com\/ca\/#\/schema\/logo\/image\/"}}]}},"_links":{"self":[{"href":"https:\/\/www.navarroaubanell.com\/ca\/wp-json\/wp\/v2\/product\/45290","targetHints":{"allow":["GET"]}}],"collection":[{"href":"https:\/\/www.navarroaubanell.com\/ca\/wp-json\/wp\/v2\/product"}],"about":[{"href":"https:\/\/www.navarroaubanell.com\/ca\/wp-json\/wp\/v2\/types\/product"}],"wp:featuredmedia":[{"embeddable":true,"href":"https:\/\/www.navarroaubanell.com\/ca\/wp-json\/wp\/v2\/media\/45251"}],"wp:attachment":[{"href":"https:\/\/www.navarroaubanell.com\/ca\/wp-json\/wp\/v2\/media?parent=45290"}],"wp:term":[{"taxonomy":"product_brand","embeddable":true,"href":"https:\/\/www.navarroaubanell.com\/ca\/wp-json\/wp\/v2\/product_brand?post=45290"},{"taxonomy":"product_cat","embeddable":true,"href":"https:\/\/www.navarroaubanell.com\/ca\/wp-json\/wp\/v2\/product_cat?post=45290"},{"taxonomy":"product_tag","embeddable":true,"href":"https:\/\/www.navarroaubanell.com\/ca\/wp-json\/wp\/v2\/product_tag?post=45290"}],"curies":[{"name":"wp","href":"https:\/\/api.w.org\/{rel}","templated":true}]}}