{"id":45201,"date":"2025-03-04T16:29:52","date_gmt":"2025-03-04T15:29:52","guid":{"rendered":"https:\/\/www.navarroaubanell.com\/producto\/silla-operativa-2k8-forma5-navarroaubanell\/"},"modified":"2025-03-04T16:57:47","modified_gmt":"2025-03-04T15:57:47","slug":"cadira-operativa-2k8-forma5-navarroaubanell","status":"publish","type":"product","link":"https:\/\/www.navarroaubanell.com\/ca\/producte\/cadira-operativa-2k8-forma5-navarroaubanell\/","title":{"rendered":"Cadira operativa 2K8"},"content":{"rendered":"<h5 data-start=\"0\" data-end=\"42\">Ergonomia i Versatilitat: La Cadira 2K8<\/h5>\n<div class=\"traductor-textarea form-group\">\n<div class=\"textarea-desti col-xs-12 col-sm-6\">\n<div class=\"form-control second-textarea\">La cadira operativa 2K8 \u00e9s una soluci\u00f3 ergon\u00f2mica i adaptable, perfecta per a l&#8217;entorn laboral. Dissenyada per a brindar confort durant llargues hores d&#8217;\u00fas, aquesta cadira girat\u00f2ria est\u00e0 disponible en dues versions: suport alt o baix i amb acabats personalitzats.<\/div>\n<\/div>\n<\/div>\n<h6 data-start=\"301\" data-end=\"325\">Disseny i Materials<\/h6>\n<div class=\"traductor-textarea form-group\">\n<div class=\"textarea-desti col-xs-12 col-sm-6\">\n<div class=\"form-control second-textarea\">El seient de la 2K8 t\u00e9 una carcassa de polipropil\u00e8 injectat, texturada en l&#8217;exterior i amb escuma injectada entapissada per a major confort. El respatller, fabricat en poliamida i polipropil\u00e8, ofereix tres opcions d&#8217;acabat: malla, malla 3D o entapissat. Inclou suport en alumini polit i l&#8217;opci\u00f3 d&#8217;incorporar un suport lumbar i un cap\u00e7al regulable per a un major confort<\/div>\n<\/div>\n<\/div>\n<h6 data-start=\"677\" data-end=\"698\">Base i Movilitat<\/h6>\n<div class=\"traductor-textarea form-group\">\n<div class=\"textarea-desti col-xs-12 col-sm-6\">\n<div class=\"form-control second-textarea\">La base de 69 cm de di\u00e0metre, amb cinc bra\u00e7os trapezoidals, assegura estabilitat i est\u00e0 disponible en poliamida, alumini polit o alumini en blanc. Les rodes, de doble rodadura, estan disponibles en versi\u00f3 est\u00e0ndard o tova per a diferents tipus de superf\u00edcies.<\/div>\n<\/div>\n<\/div>\n<h6 data-start=\"963\" data-end=\"998\">Regulacions i Personalitzaci\u00f3<\/h6>\n<div class=\"traductor-textarea form-group\">\n<div class=\"textarea-desti col-xs-12 col-sm-6\">\n<div class=\"form-control second-textarea\">La cadira operativa 2K8 compta amb un mecanisme d&#8217;ajust d&#8217;altura per gas i el sistema<em> sincro motion<\/em>, que regula la inclinaci\u00f3 del suport i la tensi\u00f3. Tamb\u00e9 \u00e9s possible afegir el <em>sistema trasla<\/em>, ajustant la profunditat del seient. Els bra\u00e7os ergon\u00f2mics, s\u00f3n opcionals i tenen cinc models disponibles.<\/div>\n<\/div>\n<\/div>\n","protected":false},"excerpt":{"rendered":"<p>Ergonomia i Versatilitat: La Cadira 2K8 La cadira operativa 2K8 \u00e9s una soluci\u00f3 ergon\u00f2mica i adaptable, perfecta per a l&#8217;entorn laboral. Dissenyada per a brindar confort durant llargues hores d&#8217;\u00fas, aquesta cadira girat\u00f2ria est\u00e0 disponible en dues versions: suport alt o baix i amb acabats personalitzats. Disseny i Materials El seient de la 2K8 t\u00e9&hellip;<\/p>\n","protected":false},"featured_media":45172,"template":"","meta":{"_acf_changed":false},"product_brand":[],"product_cat":[562,555],"product_tag":[863,865,1678,1679,1238,860],"class_list":{"0":"post-45201","1":"product","2":"type-product","3":"status-publish","4":"has-post-thumbnail","6":"product_cat-cadires-operatives","7":"product_cat-oficina","8":"product_tag-cadira","9":"product_tag-cadira-operativa-ca","10":"product_tag-ergonomica-ca","11":"product_tag-giratoria-ca","12":"product_tag-oficina-ca","13":"product_tag-regulable-ca","14":"description-off","16":"first","17":"instock","18":"shipping-taxable","19":"product-type-simple"},"acf":[],"yoast_head":"<!-- This site is optimized with the Yoast SEO plugin v27.5 - https:\/\/yoast.com\/product\/yoast-seo-wordpress\/ -->\n<title>Cadira operativa 2K8 - Navarro Aubanell<\/title>\n<meta name=\"description\" content=\"Cadira operativa 2K8: ergon\u00f2mica, amb disseny adaptable, suport en malla o entapissat, i base en alumini o poliamida. Amb diferents extres opcionals.\" \/>\n<meta name=\"robots\" content=\"index, follow, max-snippet:-1, max-image-preview:large, max-video-preview:-1\" \/>\n<link rel=\"canonical\" href=\"https:\/\/www.navarroaubanell.com\/ca\/producte\/cadira-operativa-2k8-forma5-navarroaubanell\/\" \/>\n<meta property=\"og:locale\" content=\"ca_ES\" \/>\n<meta property=\"og:type\" content=\"article\" \/>\n<meta property=\"og:title\" content=\"Cadira operativa 2K8 - Navarro Aubanell\" \/>\n<meta property=\"og:description\" content=\"Cadira operativa 2K8: ergon\u00f2mica, amb disseny adaptable, suport en malla o entapissat, i base en alumini o poliamida. Amb diferents extres opcionals.\" \/>\n<meta property=\"og:url\" content=\"https:\/\/www.navarroaubanell.com\/ca\/producte\/cadira-operativa-2k8-forma5-navarroaubanell\/\" \/>\n<meta property=\"og:site_name\" content=\"Navarro Aubanell\" \/>\n<meta property=\"article:modified_time\" content=\"2025-03-04T15:57:47+00:00\" \/>\n<meta property=\"og:image\" content=\"https:\/\/www.navarroaubanell.com\/wp-content\/uploads\/2025\/03\/Silla-2K8-5.png\" \/>\n\t<meta property=\"og:image:width\" content=\"1280\" \/>\n\t<meta property=\"og:image:height\" content=\"1040\" \/>\n\t<meta property=\"og:image:type\" content=\"image\/png\" \/>\n<meta name=\"twitter:label1\" content=\"Est. reading time\" \/>\n\t<meta name=\"twitter:data1\" content=\"2 minutes\" \/>\n<script type=\"application\/ld+json\" class=\"yoast-schema-graph\">{\"@context\":\"https:\\\/\\\/schema.org\",\"@graph\":[{\"@type\":\"WebPage\",\"@id\":\"https:\\\/\\\/www.navarroaubanell.com\\\/ca\\\/producte\\\/cadira-operativa-2k8-forma5-navarroaubanell\\\/\",\"url\":\"https:\\\/\\\/www.navarroaubanell.com\\\/ca\\\/producte\\\/cadira-operativa-2k8-forma5-navarroaubanell\\\/\",\"name\":\"Cadira operativa 2K8 - Navarro Aubanell\",\"isPartOf\":{\"@id\":\"https:\\\/\\\/www.navarroaubanell.com\\\/ca\\\/#website\"},\"primaryImageOfPage\":{\"@id\":\"https:\\\/\\\/www.navarroaubanell.com\\\/ca\\\/producte\\\/cadira-operativa-2k8-forma5-navarroaubanell\\\/#primaryimage\"},\"image\":{\"@id\":\"https:\\\/\\\/www.navarroaubanell.com\\\/ca\\\/producte\\\/cadira-operativa-2k8-forma5-navarroaubanell\\\/#primaryimage\"},\"thumbnailUrl\":\"https:\\\/\\\/www.navarroaubanell.com\\\/wp-content\\\/uploads\\\/2025\\\/03\\\/Silla-2K8-5.png\",\"datePublished\":\"2025-03-04T15:29:52+00:00\",\"dateModified\":\"2025-03-04T15:57:47+00:00\",\"description\":\"Cadira operativa 2K8: ergon\u00f2mica, amb disseny adaptable, suport en malla o entapissat, i base en alumini o poliamida. Amb diferents extres opcionals.\",\"breadcrumb\":{\"@id\":\"https:\\\/\\\/www.navarroaubanell.com\\\/ca\\\/producte\\\/cadira-operativa-2k8-forma5-navarroaubanell\\\/#breadcrumb\"},\"inLanguage\":\"ca\",\"potentialAction\":[{\"@type\":\"ReadAction\",\"target\":[\"https:\\\/\\\/www.navarroaubanell.com\\\/ca\\\/producte\\\/cadira-operativa-2k8-forma5-navarroaubanell\\\/\"]}]},{\"@type\":\"ImageObject\",\"inLanguage\":\"ca\",\"@id\":\"https:\\\/\\\/www.navarroaubanell.com\\\/ca\\\/producte\\\/cadira-operativa-2k8-forma5-navarroaubanell\\\/#primaryimage\",\"url\":\"https:\\\/\\\/www.navarroaubanell.com\\\/wp-content\\\/uploads\\\/2025\\\/03\\\/Silla-2K8-5.png\",\"contentUrl\":\"https:\\\/\\\/www.navarroaubanell.com\\\/wp-content\\\/uploads\\\/2025\\\/03\\\/Silla-2K8-5.png\",\"width\":1280,\"height\":1040,\"caption\":\"Cadira operativa 2K8\"},{\"@type\":\"BreadcrumbList\",\"@id\":\"https:\\\/\\\/www.navarroaubanell.com\\\/ca\\\/producte\\\/cadira-operativa-2k8-forma5-navarroaubanell\\\/#breadcrumb\",\"itemListElement\":[{\"@type\":\"ListItem\",\"position\":1,\"name\":\"Portada\",\"item\":\"https:\\\/\\\/www.navarroaubanell.com\\\/ca\\\/\"},{\"@type\":\"ListItem\",\"position\":2,\"name\":\"Productes\",\"item\":\"https:\\\/\\\/www.navarroaubanell.com\\\/productos\\\/\"},{\"@type\":\"ListItem\",\"position\":3,\"name\":\"Cadira operativa 2K8\"}]},{\"@type\":\"WebSite\",\"@id\":\"https:\\\/\\\/www.navarroaubanell.com\\\/ca\\\/#website\",\"url\":\"https:\\\/\\\/www.navarroaubanell.com\\\/ca\\\/\",\"name\":\"Navarro Aubanell\",\"description\":\"Mobiliario para hoteler\u00eda, colectividades y oficinas\",\"publisher\":{\"@id\":\"https:\\\/\\\/www.navarroaubanell.com\\\/ca\\\/#organization\"},\"potentialAction\":[{\"@type\":\"SearchAction\",\"target\":{\"@type\":\"EntryPoint\",\"urlTemplate\":\"https:\\\/\\\/www.navarroaubanell.com\\\/ca\\\/?s={search_term_string}\"},\"query-input\":{\"@type\":\"PropertyValueSpecification\",\"valueRequired\":true,\"valueName\":\"search_term_string\"}}],\"inLanguage\":\"ca\"},{\"@type\":\"Organization\",\"@id\":\"https:\\\/\\\/www.navarroaubanell.com\\\/ca\\\/#organization\",\"name\":\"COMERCIAL NAVARRO AUBANELL, S.A\",\"url\":\"https:\\\/\\\/www.navarroaubanell.com\\\/ca\\\/\",\"logo\":{\"@type\":\"ImageObject\",\"inLanguage\":\"ca\",\"@id\":\"https:\\\/\\\/www.navarroaubanell.com\\\/ca\\\/#\\\/schema\\\/logo\\\/image\\\/\",\"url\":\"https:\\\/\\\/www.navarroaubanell.com\\\/wp-content\\\/uploads\\\/2017\\\/07\\\/logo-navarro-aubuanell.png\",\"contentUrl\":\"https:\\\/\\\/www.navarroaubanell.com\\\/wp-content\\\/uploads\\\/2017\\\/07\\\/logo-navarro-aubuanell.png\",\"width\":6304,\"height\":1154,\"caption\":\"COMERCIAL NAVARRO AUBANELL, S.A\"},\"image\":{\"@id\":\"https:\\\/\\\/www.navarroaubanell.com\\\/ca\\\/#\\\/schema\\\/logo\\\/image\\\/\"}}]}<\/script>\n<!-- \/ Yoast SEO plugin. -->","yoast_head_json":{"title":"Cadira operativa 2K8 - Navarro Aubanell","description":"Cadira operativa 2K8: ergon\u00f2mica, amb disseny adaptable, suport en malla o entapissat, i base en alumini o poliamida. Amb diferents extres opcionals.","robots":{"index":"index","follow":"follow","max-snippet":"max-snippet:-1","max-image-preview":"max-image-preview:large","max-video-preview":"max-video-preview:-1"},"canonical":"https:\/\/www.navarroaubanell.com\/ca\/producte\/cadira-operativa-2k8-forma5-navarroaubanell\/","og_locale":"ca_ES","og_type":"article","og_title":"Cadira operativa 2K8 - Navarro Aubanell","og_description":"Cadira operativa 2K8: ergon\u00f2mica, amb disseny adaptable, suport en malla o entapissat, i base en alumini o poliamida. Amb diferents extres opcionals.","og_url":"https:\/\/www.navarroaubanell.com\/ca\/producte\/cadira-operativa-2k8-forma5-navarroaubanell\/","og_site_name":"Navarro Aubanell","article_modified_time":"2025-03-04T15:57:47+00:00","og_image":[{"width":1280,"height":1040,"url":"https:\/\/www.navarroaubanell.com\/wp-content\/uploads\/2025\/03\/Silla-2K8-5.png","type":"image\/png"}],"twitter_misc":{"Est. reading time":"2 minutes"},"schema":{"@context":"https:\/\/schema.org","@graph":[{"@type":"WebPage","@id":"https:\/\/www.navarroaubanell.com\/ca\/producte\/cadira-operativa-2k8-forma5-navarroaubanell\/","url":"https:\/\/www.navarroaubanell.com\/ca\/producte\/cadira-operativa-2k8-forma5-navarroaubanell\/","name":"Cadira operativa 2K8 - Navarro Aubanell","isPartOf":{"@id":"https:\/\/www.navarroaubanell.com\/ca\/#website"},"primaryImageOfPage":{"@id":"https:\/\/www.navarroaubanell.com\/ca\/producte\/cadira-operativa-2k8-forma5-navarroaubanell\/#primaryimage"},"image":{"@id":"https:\/\/www.navarroaubanell.com\/ca\/producte\/cadira-operativa-2k8-forma5-navarroaubanell\/#primaryimage"},"thumbnailUrl":"https:\/\/www.navarroaubanell.com\/wp-content\/uploads\/2025\/03\/Silla-2K8-5.png","datePublished":"2025-03-04T15:29:52+00:00","dateModified":"2025-03-04T15:57:47+00:00","description":"Cadira operativa 2K8: ergon\u00f2mica, amb disseny adaptable, suport en malla o entapissat, i base en alumini o poliamida. Amb diferents extres opcionals.","breadcrumb":{"@id":"https:\/\/www.navarroaubanell.com\/ca\/producte\/cadira-operativa-2k8-forma5-navarroaubanell\/#breadcrumb"},"inLanguage":"ca","potentialAction":[{"@type":"ReadAction","target":["https:\/\/www.navarroaubanell.com\/ca\/producte\/cadira-operativa-2k8-forma5-navarroaubanell\/"]}]},{"@type":"ImageObject","inLanguage":"ca","@id":"https:\/\/www.navarroaubanell.com\/ca\/producte\/cadira-operativa-2k8-forma5-navarroaubanell\/#primaryimage","url":"https:\/\/www.navarroaubanell.com\/wp-content\/uploads\/2025\/03\/Silla-2K8-5.png","contentUrl":"https:\/\/www.navarroaubanell.com\/wp-content\/uploads\/2025\/03\/Silla-2K8-5.png","width":1280,"height":1040,"caption":"Cadira operativa 2K8"},{"@type":"BreadcrumbList","@id":"https:\/\/www.navarroaubanell.com\/ca\/producte\/cadira-operativa-2k8-forma5-navarroaubanell\/#breadcrumb","itemListElement":[{"@type":"ListItem","position":1,"name":"Portada","item":"https:\/\/www.navarroaubanell.com\/ca\/"},{"@type":"ListItem","position":2,"name":"Productes","item":"https:\/\/www.navarroaubanell.com\/productos\/"},{"@type":"ListItem","position":3,"name":"Cadira operativa 2K8"}]},{"@type":"WebSite","@id":"https:\/\/www.navarroaubanell.com\/ca\/#website","url":"https:\/\/www.navarroaubanell.com\/ca\/","name":"Navarro Aubanell","description":"Mobiliario para hoteler\u00eda, colectividades y oficinas","publisher":{"@id":"https:\/\/www.navarroaubanell.com\/ca\/#organization"},"potentialAction":[{"@type":"SearchAction","target":{"@type":"EntryPoint","urlTemplate":"https:\/\/www.navarroaubanell.com\/ca\/?s={search_term_string}"},"query-input":{"@type":"PropertyValueSpecification","valueRequired":true,"valueName":"search_term_string"}}],"inLanguage":"ca"},{"@type":"Organization","@id":"https:\/\/www.navarroaubanell.com\/ca\/#organization","name":"COMERCIAL NAVARRO AUBANELL, S.A","url":"https:\/\/www.navarroaubanell.com\/ca\/","logo":{"@type":"ImageObject","inLanguage":"ca","@id":"https:\/\/www.navarroaubanell.com\/ca\/#\/schema\/logo\/image\/","url":"https:\/\/www.navarroaubanell.com\/wp-content\/uploads\/2017\/07\/logo-navarro-aubuanell.png","contentUrl":"https:\/\/www.navarroaubanell.com\/wp-content\/uploads\/2017\/07\/logo-navarro-aubuanell.png","width":6304,"height":1154,"caption":"COMERCIAL NAVARRO AUBANELL, S.A"},"image":{"@id":"https:\/\/www.navarroaubanell.com\/ca\/#\/schema\/logo\/image\/"}}]}},"_links":{"self":[{"href":"https:\/\/www.navarroaubanell.com\/ca\/wp-json\/wp\/v2\/product\/45201","targetHints":{"allow":["GET"]}}],"collection":[{"href":"https:\/\/www.navarroaubanell.com\/ca\/wp-json\/wp\/v2\/product"}],"about":[{"href":"https:\/\/www.navarroaubanell.com\/ca\/wp-json\/wp\/v2\/types\/product"}],"wp:featuredmedia":[{"embeddable":true,"href":"https:\/\/www.navarroaubanell.com\/ca\/wp-json\/wp\/v2\/media\/45172"}],"wp:attachment":[{"href":"https:\/\/www.navarroaubanell.com\/ca\/wp-json\/wp\/v2\/media?parent=45201"}],"wp:term":[{"taxonomy":"product_brand","embeddable":true,"href":"https:\/\/www.navarroaubanell.com\/ca\/wp-json\/wp\/v2\/product_brand?post=45201"},{"taxonomy":"product_cat","embeddable":true,"href":"https:\/\/www.navarroaubanell.com\/ca\/wp-json\/wp\/v2\/product_cat?post=45201"},{"taxonomy":"product_tag","embeddable":true,"href":"https:\/\/www.navarroaubanell.com\/ca\/wp-json\/wp\/v2\/product_tag?post=45201"}],"curies":[{"name":"wp","href":"https:\/\/api.w.org\/{rel}","templated":true}]}}