{"id":45150,"date":"2025-02-26T09:24:07","date_gmt":"2025-02-26T08:24:07","guid":{"rendered":"https:\/\/www.navarroaubanell.com\/producto\/mesa-auxiliar-oxygen-navarroaubanell\/"},"modified":"2025-02-26T09:54:43","modified_gmt":"2025-02-26T08:54:43","slug":"taula-auxiliar-oxygen-navarroaubanell","status":"publish","type":"product","link":"https:\/\/www.navarroaubanell.com\/ca\/producte\/taula-auxiliar-oxygen-navarroaubanell\/","title":{"rendered":"Taula auxiliar Oxygen"},"content":{"rendered":"<h5 data-start=\"0\" data-end=\"72\">Taula Auxiliar Oxygen: Modernitat i Funcionalitat en un \u00fanic producte<\/h5>\n<h6 data-start=\"74\" data-end=\"521\">Disseny vers\u00e0til i sofisticat<\/h6>\n<div class=\"traductor-textarea form-group\">\n<div class=\"textarea-desti col-xs-12 col-sm-6\">\n<div class=\"form-control second-textarea\">La taula auxiliar Oxygen t\u00e9 un disseny contemporani que la converteix en el complement perfecte per a salons moderns, habitacions d&#8217;hotel, sales d&#8217;espera o despatxos d&#8217;oficines. Aquesta taula no sols aporta una est\u00e8tica elegant, sin\u00f3 tamb\u00e9 una gran versatilitat, adaptant-se a diferents ambients amb facilitat.<\/div>\n<\/div>\n<\/div>\n<h6 data-start=\"523\" data-end=\"935\">Estructura resistent i duradora<\/h6>\n<div class=\"traductor-textarea form-group\">\n<div class=\"textarea-desti col-xs-12 col-sm-6\">\n<div class=\"form-control second-textarea\">L&#8217;estructura de la taula auxiliar Oxygen est\u00e0 fabricada en xapa d&#8217;acer laminat, la qual cosa li confereix una gran resist\u00e8ncia i durabilitat, qualitats essencials per a un \u00fas diari. A m\u00e9s, pots triar entre dos acabats en pintura ep\u00f3xica: cromat o blanc, per a assegurar que la taula s&#8217;integri perfectament en qualsevol espai, des del m\u00e9s avantguardista fins al m\u00e9s minimalista.<\/div>\n<\/div>\n<\/div>\n<h6 data-start=\"937\" data-end=\"1405\">Varietat d&#8217;acabats en el tauler<\/h6>\n<div class=\"traductor-textarea form-group\">\n<div class=\"textarea-desti col-xs-12 col-sm-6\">\n<div class=\"form-control second-textarea\">Una dels grans avantatges de la taula Oxygen \u00e9s la seva diversitat d&#8217;acabats en el tauler.<\/div>\n<\/div>\n<\/div>\n<ul>\n<li>\n<div class=\"traductor-textarea form-group\">\n<div class=\"textarea-desti col-xs-12 col-sm-6\">\n<div class=\"form-control second-textarea\">Tauler de melamina, que ofereix una \u00e0mplia gamma de colors i textures<\/div>\n<\/div>\n<\/div>\n<\/li>\n<li>\n<div class=\"traductor-textarea form-group\">\n<div class=\"textarea-desti col-xs-12 col-sm-6\">\n<div class=\"form-control second-textarea\">Taulers de\u00a0MDF\u00a0coberts amb resines i amb capes lacades d&#8217;alta resist\u00e8ncia i protegides amb un acabat UV. Disponibles enlaire lluentor o\u00a0super\u00a0mat.<\/div>\n<\/div>\n<\/div>\n<div class=\"traductor-checkbox form-group\"><\/div>\n<\/li>\n<\/ul>\n<div class=\"traductor-textarea form-group\">\n<div class=\"textarea-desti col-xs-12 col-sm-6\">\n<div class=\"form-control second-textarea\">Aquesta varietat no sols assegura la durabilitat del producte, sin\u00f3 que tamb\u00e9 permet personalitzar-lo segons les necessitats de cada espai.<\/div>\n<\/div>\n<\/div>\n","protected":false},"excerpt":{"rendered":"<p>Taula Auxiliar Oxygen: Modernitat i Funcionalitat en un \u00fanic producte Disseny vers\u00e0til i sofisticat La taula auxiliar Oxygen t\u00e9 un disseny contemporani que la converteix en el complement perfecte per a salons moderns, habitacions d&#8217;hotel, sales d&#8217;espera o despatxos d&#8217;oficines. Aquesta taula no sols aporta una est\u00e8tica elegant, sin\u00f3 tamb\u00e9 una gran versatilitat, adaptant-se a&hellip;<\/p>\n","protected":false},"featured_media":45137,"template":"","meta":{"_acf_changed":false},"product_brand":[],"product_cat":[525,530],"product_tag":[1403,664,696],"class_list":{"0":"post-45150","1":"product","2":"type-product","3":"status-publish","4":"has-post-thumbnail","6":"product_cat-interior","7":"product_cat-taules-auxiliars","8":"product_tag-acero-ca","9":"product_tag-interior-ca","10":"product_tag-taula-auxiliar","11":"description-off","13":"first","14":"instock","15":"shipping-taxable","16":"product-type-simple"},"acf":[],"yoast_head":"<!-- This site is optimized with the Yoast SEO plugin v27.0 - https:\/\/yoast.com\/product\/yoast-seo-wordpress\/ -->\n<title>Taula auxiliar Oxygen - Navarro Aubanell<\/title>\n<meta name=\"description\" content=\"Taula auxiliar Oxygen: disseny contemporani, estructura resistent en acer laminat i varietat d&#039;acabats duradors. Ideal per a espais moderns.\" \/>\n<meta name=\"robots\" content=\"index, follow, max-snippet:-1, max-image-preview:large, max-video-preview:-1\" \/>\n<link rel=\"canonical\" href=\"https:\/\/www.navarroaubanell.com\/ca\/producte\/taula-auxiliar-oxygen-navarroaubanell\/\" \/>\n<meta property=\"og:locale\" content=\"ca_ES\" \/>\n<meta property=\"og:type\" content=\"article\" \/>\n<meta property=\"og:title\" content=\"Taula auxiliar Oxygen - Navarro Aubanell\" \/>\n<meta property=\"og:description\" content=\"Taula auxiliar Oxygen: disseny contemporani, estructura resistent en acer laminat i varietat d&#039;acabats duradors. Ideal per a espais moderns.\" \/>\n<meta property=\"og:url\" content=\"https:\/\/www.navarroaubanell.com\/ca\/producte\/taula-auxiliar-oxygen-navarroaubanell\/\" \/>\n<meta property=\"og:site_name\" content=\"Navarro Aubanell\" \/>\n<meta property=\"article:modified_time\" content=\"2025-02-26T08:54:43+00:00\" \/>\n<meta property=\"og:image\" content=\"https:\/\/www.navarroaubanell.com\/wp-content\/uploads\/2025\/02\/09_OXYGEN__MESA_AUX_600X600X400-Photoroom.png\" \/>\n\t<meta property=\"og:image:width\" content=\"800\" \/>\n\t<meta property=\"og:image:height\" content=\"650\" \/>\n\t<meta property=\"og:image:type\" content=\"image\/png\" \/>\n<meta name=\"twitter:label1\" content=\"Est. reading time\" \/>\n\t<meta name=\"twitter:data1\" content=\"2 minutes\" \/>\n<script type=\"application\/ld+json\" class=\"yoast-schema-graph\">{\"@context\":\"https:\/\/schema.org\",\"@graph\":[{\"@type\":\"WebPage\",\"@id\":\"https:\/\/www.navarroaubanell.com\/ca\/producte\/taula-auxiliar-oxygen-navarroaubanell\/\",\"url\":\"https:\/\/www.navarroaubanell.com\/ca\/producte\/taula-auxiliar-oxygen-navarroaubanell\/\",\"name\":\"Taula auxiliar Oxygen - Navarro Aubanell\",\"isPartOf\":{\"@id\":\"https:\/\/www.navarroaubanell.com\/ca\/#website\"},\"primaryImageOfPage\":{\"@id\":\"https:\/\/www.navarroaubanell.com\/ca\/producte\/taula-auxiliar-oxygen-navarroaubanell\/#primaryimage\"},\"image\":{\"@id\":\"https:\/\/www.navarroaubanell.com\/ca\/producte\/taula-auxiliar-oxygen-navarroaubanell\/#primaryimage\"},\"thumbnailUrl\":\"https:\/\/www.navarroaubanell.com\/wp-content\/uploads\/2025\/02\/09_OXYGEN__MESA_AUX_600X600X400-Photoroom.png\",\"datePublished\":\"2025-02-26T08:24:07+00:00\",\"dateModified\":\"2025-02-26T08:54:43+00:00\",\"description\":\"Taula auxiliar Oxygen: disseny contemporani, estructura resistent en acer laminat i varietat d'acabats duradors. Ideal per a espais moderns.\",\"breadcrumb\":{\"@id\":\"https:\/\/www.navarroaubanell.com\/ca\/producte\/taula-auxiliar-oxygen-navarroaubanell\/#breadcrumb\"},\"inLanguage\":\"ca\",\"potentialAction\":[{\"@type\":\"ReadAction\",\"target\":[\"https:\/\/www.navarroaubanell.com\/ca\/producte\/taula-auxiliar-oxygen-navarroaubanell\/\"]}]},{\"@type\":\"ImageObject\",\"inLanguage\":\"ca\",\"@id\":\"https:\/\/www.navarroaubanell.com\/ca\/producte\/taula-auxiliar-oxygen-navarroaubanell\/#primaryimage\",\"url\":\"https:\/\/www.navarroaubanell.com\/wp-content\/uploads\/2025\/02\/09_OXYGEN__MESA_AUX_600X600X400-Photoroom.png\",\"contentUrl\":\"https:\/\/www.navarroaubanell.com\/wp-content\/uploads\/2025\/02\/09_OXYGEN__MESA_AUX_600X600X400-Photoroom.png\",\"width\":800,\"height\":650,\"caption\":\"Mesa auxiliar Oxygen\"},{\"@type\":\"BreadcrumbList\",\"@id\":\"https:\/\/www.navarroaubanell.com\/ca\/producte\/taula-auxiliar-oxygen-navarroaubanell\/#breadcrumb\",\"itemListElement\":[{\"@type\":\"ListItem\",\"position\":1,\"name\":\"Portada\",\"item\":\"https:\/\/www.navarroaubanell.com\/ca\/\"},{\"@type\":\"ListItem\",\"position\":2,\"name\":\"Productes\",\"item\":\"https:\/\/www.navarroaubanell.com\/productos\/\"},{\"@type\":\"ListItem\",\"position\":3,\"name\":\"Taula auxiliar Oxygen\"}]},{\"@type\":\"WebSite\",\"@id\":\"https:\/\/www.navarroaubanell.com\/ca\/#website\",\"url\":\"https:\/\/www.navarroaubanell.com\/ca\/\",\"name\":\"Navarro Aubanell\",\"description\":\"Mobiliario para hoteler\u00eda, colectividades y oficinas\",\"publisher\":{\"@id\":\"https:\/\/www.navarroaubanell.com\/ca\/#organization\"},\"potentialAction\":[{\"@type\":\"SearchAction\",\"target\":{\"@type\":\"EntryPoint\",\"urlTemplate\":\"https:\/\/www.navarroaubanell.com\/ca\/?s={search_term_string}\"},\"query-input\":{\"@type\":\"PropertyValueSpecification\",\"valueRequired\":true,\"valueName\":\"search_term_string\"}}],\"inLanguage\":\"ca\"},{\"@type\":\"Organization\",\"@id\":\"https:\/\/www.navarroaubanell.com\/ca\/#organization\",\"name\":\"COMERCIAL NAVARRO AUBANELL, S.A\",\"url\":\"https:\/\/www.navarroaubanell.com\/ca\/\",\"logo\":{\"@type\":\"ImageObject\",\"inLanguage\":\"ca\",\"@id\":\"https:\/\/www.navarroaubanell.com\/ca\/#\/schema\/logo\/image\/\",\"url\":\"https:\/\/www.navarroaubanell.com\/wp-content\/uploads\/2017\/07\/logo-navarro-aubuanell.png\",\"contentUrl\":\"https:\/\/www.navarroaubanell.com\/wp-content\/uploads\/2017\/07\/logo-navarro-aubuanell.png\",\"width\":6304,\"height\":1154,\"caption\":\"COMERCIAL NAVARRO AUBANELL, S.A\"},\"image\":{\"@id\":\"https:\/\/www.navarroaubanell.com\/ca\/#\/schema\/logo\/image\/\"}}]}<\/script>\n<!-- \/ Yoast SEO plugin. -->","yoast_head_json":{"title":"Taula auxiliar Oxygen - Navarro Aubanell","description":"Taula auxiliar Oxygen: disseny contemporani, estructura resistent en acer laminat i varietat d'acabats duradors. Ideal per a espais moderns.","robots":{"index":"index","follow":"follow","max-snippet":"max-snippet:-1","max-image-preview":"max-image-preview:large","max-video-preview":"max-video-preview:-1"},"canonical":"https:\/\/www.navarroaubanell.com\/ca\/producte\/taula-auxiliar-oxygen-navarroaubanell\/","og_locale":"ca_ES","og_type":"article","og_title":"Taula auxiliar Oxygen - Navarro Aubanell","og_description":"Taula auxiliar Oxygen: disseny contemporani, estructura resistent en acer laminat i varietat d'acabats duradors. Ideal per a espais moderns.","og_url":"https:\/\/www.navarroaubanell.com\/ca\/producte\/taula-auxiliar-oxygen-navarroaubanell\/","og_site_name":"Navarro Aubanell","article_modified_time":"2025-02-26T08:54:43+00:00","og_image":[{"width":800,"height":650,"url":"https:\/\/www.navarroaubanell.com\/wp-content\/uploads\/2025\/02\/09_OXYGEN__MESA_AUX_600X600X400-Photoroom.png","type":"image\/png"}],"twitter_misc":{"Est. reading time":"2 minutes"},"schema":{"@context":"https:\/\/schema.org","@graph":[{"@type":"WebPage","@id":"https:\/\/www.navarroaubanell.com\/ca\/producte\/taula-auxiliar-oxygen-navarroaubanell\/","url":"https:\/\/www.navarroaubanell.com\/ca\/producte\/taula-auxiliar-oxygen-navarroaubanell\/","name":"Taula auxiliar Oxygen - Navarro Aubanell","isPartOf":{"@id":"https:\/\/www.navarroaubanell.com\/ca\/#website"},"primaryImageOfPage":{"@id":"https:\/\/www.navarroaubanell.com\/ca\/producte\/taula-auxiliar-oxygen-navarroaubanell\/#primaryimage"},"image":{"@id":"https:\/\/www.navarroaubanell.com\/ca\/producte\/taula-auxiliar-oxygen-navarroaubanell\/#primaryimage"},"thumbnailUrl":"https:\/\/www.navarroaubanell.com\/wp-content\/uploads\/2025\/02\/09_OXYGEN__MESA_AUX_600X600X400-Photoroom.png","datePublished":"2025-02-26T08:24:07+00:00","dateModified":"2025-02-26T08:54:43+00:00","description":"Taula auxiliar Oxygen: disseny contemporani, estructura resistent en acer laminat i varietat d'acabats duradors. Ideal per a espais moderns.","breadcrumb":{"@id":"https:\/\/www.navarroaubanell.com\/ca\/producte\/taula-auxiliar-oxygen-navarroaubanell\/#breadcrumb"},"inLanguage":"ca","potentialAction":[{"@type":"ReadAction","target":["https:\/\/www.navarroaubanell.com\/ca\/producte\/taula-auxiliar-oxygen-navarroaubanell\/"]}]},{"@type":"ImageObject","inLanguage":"ca","@id":"https:\/\/www.navarroaubanell.com\/ca\/producte\/taula-auxiliar-oxygen-navarroaubanell\/#primaryimage","url":"https:\/\/www.navarroaubanell.com\/wp-content\/uploads\/2025\/02\/09_OXYGEN__MESA_AUX_600X600X400-Photoroom.png","contentUrl":"https:\/\/www.navarroaubanell.com\/wp-content\/uploads\/2025\/02\/09_OXYGEN__MESA_AUX_600X600X400-Photoroom.png","width":800,"height":650,"caption":"Mesa auxiliar Oxygen"},{"@type":"BreadcrumbList","@id":"https:\/\/www.navarroaubanell.com\/ca\/producte\/taula-auxiliar-oxygen-navarroaubanell\/#breadcrumb","itemListElement":[{"@type":"ListItem","position":1,"name":"Portada","item":"https:\/\/www.navarroaubanell.com\/ca\/"},{"@type":"ListItem","position":2,"name":"Productes","item":"https:\/\/www.navarroaubanell.com\/productos\/"},{"@type":"ListItem","position":3,"name":"Taula auxiliar Oxygen"}]},{"@type":"WebSite","@id":"https:\/\/www.navarroaubanell.com\/ca\/#website","url":"https:\/\/www.navarroaubanell.com\/ca\/","name":"Navarro Aubanell","description":"Mobiliario para hoteler\u00eda, colectividades y oficinas","publisher":{"@id":"https:\/\/www.navarroaubanell.com\/ca\/#organization"},"potentialAction":[{"@type":"SearchAction","target":{"@type":"EntryPoint","urlTemplate":"https:\/\/www.navarroaubanell.com\/ca\/?s={search_term_string}"},"query-input":{"@type":"PropertyValueSpecification","valueRequired":true,"valueName":"search_term_string"}}],"inLanguage":"ca"},{"@type":"Organization","@id":"https:\/\/www.navarroaubanell.com\/ca\/#organization","name":"COMERCIAL NAVARRO AUBANELL, S.A","url":"https:\/\/www.navarroaubanell.com\/ca\/","logo":{"@type":"ImageObject","inLanguage":"ca","@id":"https:\/\/www.navarroaubanell.com\/ca\/#\/schema\/logo\/image\/","url":"https:\/\/www.navarroaubanell.com\/wp-content\/uploads\/2017\/07\/logo-navarro-aubuanell.png","contentUrl":"https:\/\/www.navarroaubanell.com\/wp-content\/uploads\/2017\/07\/logo-navarro-aubuanell.png","width":6304,"height":1154,"caption":"COMERCIAL NAVARRO AUBANELL, S.A"},"image":{"@id":"https:\/\/www.navarroaubanell.com\/ca\/#\/schema\/logo\/image\/"}}]}},"_links":{"self":[{"href":"https:\/\/www.navarroaubanell.com\/ca\/wp-json\/wp\/v2\/product\/45150","targetHints":{"allow":["GET"]}}],"collection":[{"href":"https:\/\/www.navarroaubanell.com\/ca\/wp-json\/wp\/v2\/product"}],"about":[{"href":"https:\/\/www.navarroaubanell.com\/ca\/wp-json\/wp\/v2\/types\/product"}],"wp:featuredmedia":[{"embeddable":true,"href":"https:\/\/www.navarroaubanell.com\/ca\/wp-json\/wp\/v2\/media\/45137"}],"wp:attachment":[{"href":"https:\/\/www.navarroaubanell.com\/ca\/wp-json\/wp\/v2\/media?parent=45150"}],"wp:term":[{"taxonomy":"product_brand","embeddable":true,"href":"https:\/\/www.navarroaubanell.com\/ca\/wp-json\/wp\/v2\/product_brand?post=45150"},{"taxonomy":"product_cat","embeddable":true,"href":"https:\/\/www.navarroaubanell.com\/ca\/wp-json\/wp\/v2\/product_cat?post=45150"},{"taxonomy":"product_tag","embeddable":true,"href":"https:\/\/www.navarroaubanell.com\/ca\/wp-json\/wp\/v2\/product_tag?post=45150"}],"curies":[{"name":"wp","href":"https:\/\/api.w.org\/{rel}","templated":true}]}}