{"id":44931,"date":"2025-02-18T12:21:35","date_gmt":"2025-02-18T11:21:35","guid":{"rendered":"https:\/\/www.navarroaubanell.com\/producto\/mesa-auxiliar-cross\/"},"modified":"2025-02-18T12:27:14","modified_gmt":"2025-02-18T11:27:14","slug":"taula-auxiliar-cross-navarroaubanell","status":"publish","type":"product","link":"https:\/\/www.navarroaubanell.com\/ca\/producte\/taula-auxiliar-cross-navarroaubanell\/","title":{"rendered":"Taula auxiliar Cross"},"content":{"rendered":"<div class=\"flex max-w-full flex-col flex-grow\">\n<div class=\"min-h-8 text-message flex w-full flex-col items-end gap-2 whitespace-normal break-words text-start [.text-message+&amp;]:mt-5\" dir=\"auto\" data-message-author-role=\"assistant\" data-message-id=\"5e007550-3db7-437c-8c9e-4227b33e7d12\" data-message-model-slug=\"gpt-4o\">\n<div class=\"flex w-full flex-col gap-1 empty:hidden first:pt-[3px]\">\n<div class=\"markdown prose w-full break-words dark:prose-invert light\">\n<h5 data-start=\"0\" data-end=\"71\">Taula Auxiliar Cross: Estil i Funcionalitat per a Qualsevol Espai<\/h5>\n<div class=\"traductor-textarea form-group\">\n<div class=\"textarea-desti col-xs-12 col-sm-6\">\n<div class=\"form-control second-textarea\">La taula auxiliar Cross \u00e9s una pe\u00e7a vers\u00e0til que s&#8217;adapta perfectament a qualsevol ambient interior. El seu disseny simple i elegant la converteix en l&#8217;elecci\u00f3 ideal per als qui busquen un equilibri entre est\u00e8tica i funcionalitat. Des de moderns salons fins a habitacions d&#8217;hotel o sales d&#8217;espera, Cross real\u00e7a l&#8217;espai sense perdre el seu car\u00e0cter pr\u00e0ctic.<\/div>\n<\/div>\n<\/div>\n<h6 data-start=\"480\" data-end=\"530\">Estructura Met\u00e0l\u00b7lica: Durabilitat i Estabilitat<\/h6>\n<div class=\"traductor-textarea form-group\">\n<div class=\"textarea-desti col-xs-12 col-sm-6\">\n<div class=\"form-control second-textarea\">Cross t\u00e9 quatre potes met\u00e0l\u00b7liques, dissenyades per a oferir estabilitat i durabilitat. L&#8217;estructura est\u00e0 recoberta amb una pintura en color negre, aportant un toc de sofisticaci\u00f3 i assegurant que la taula mantingui la seva aparen\u00e7a per molt de temps.<\/div>\n<\/div>\n<\/div>\n<h6 data-start=\"916\" data-end=\"969\">Tauler en MDF Xapat: Eleg\u00e0ncia a Cada Detall<\/h6>\n<div class=\"traductor-textarea form-group\">\n<div class=\"textarea-desti col-xs-12 col-sm-6\">\n<div class=\"form-control second-textarea\">El sobre est\u00e0 fabricat en MDF xapat, un material d&#8217;alta qualitat que combina fibres de fusta i resines sint\u00e8tiques, oferint major densitat i durabilitat. Amb un gruix de 30 mm, el tauler est\u00e0 disponible en dos acabats: roure clar i roure fosc, permetent que s&#8217;adapti a diferents necessitats decoratives.<\/div>\n<\/div>\n<\/div>\n<h6 data-start=\"1314\" data-end=\"1381\">Diferents Mesures de Di\u00e0metre: Perfecta per a Qualsevol Espai<\/h6>\n<div class=\"traductor-textarea form-group\">\n<div class=\"textarea-desti col-xs-12 col-sm-6\">\n<div class=\"form-control second-textarea\">La taula auxiliar Cross es presenta en dues mesures de di\u00e0metre, la qual cosa la converteix en una soluci\u00f3 ideal tant per a espais redu\u00efts com per a \u00e0rees m\u00e9s \u00e0mplies.<\/div>\n<\/div>\n<\/div>\n<\/div>\n<\/div>\n<\/div>\n<\/div>\n","protected":false},"excerpt":{"rendered":"<p>Taula Auxiliar Cross: Estil i Funcionalitat per a Qualsevol Espai La taula auxiliar Cross \u00e9s una pe\u00e7a vers\u00e0til que s&#8217;adapta perfectament a qualsevol ambient interior. El seu disseny simple i elegant la converteix en l&#8217;elecci\u00f3 ideal per als qui busquen un equilibri entre est\u00e8tica i funcionalitat. Des de moderns salons fins a habitacions d&#8217;hotel o&hellip;<\/p>\n","protected":false},"featured_media":44925,"template":"","meta":{"_acf_changed":false},"product_brand":[],"product_cat":[525,530],"product_tag":[664,698,696],"class_list":{"0":"post-44931","1":"product","2":"type-product","3":"status-publish","4":"has-post-thumbnail","6":"product_cat-interior","7":"product_cat-taules-auxiliars","8":"product_tag-interior-ca","9":"product_tag-metallic","10":"product_tag-taula-auxiliar","11":"description-off","13":"first","14":"instock","15":"shipping-taxable","16":"product-type-simple"},"acf":[],"yoast_head":"<!-- This site is optimized with the Yoast SEO plugin v27.0 - https:\/\/yoast.com\/product\/yoast-seo-wordpress\/ -->\n<title>Taula auxiliar Cross - Navarro Aubanell<\/title>\n<meta name=\"description\" content=\"Taula auxiliar Cross: disseny vers\u00e0til amb estructura met\u00e0l\u00b7lica resistent i tauler de MDF xapat en roure, disponible en dos di\u00e0metres.\" \/>\n<meta name=\"robots\" content=\"index, follow, max-snippet:-1, max-image-preview:large, max-video-preview:-1\" \/>\n<link rel=\"canonical\" href=\"https:\/\/www.navarroaubanell.com\/ca\/producte\/taula-auxiliar-cross-navarroaubanell\/\" \/>\n<meta property=\"og:locale\" content=\"ca_ES\" \/>\n<meta property=\"og:type\" content=\"article\" \/>\n<meta property=\"og:title\" content=\"Taula auxiliar Cross - Navarro Aubanell\" \/>\n<meta property=\"og:description\" content=\"Taula auxiliar Cross: disseny vers\u00e0til amb estructura met\u00e0l\u00b7lica resistent i tauler de MDF xapat en roure, disponible en dos di\u00e0metres.\" \/>\n<meta property=\"og:url\" content=\"https:\/\/www.navarroaubanell.com\/ca\/producte\/taula-auxiliar-cross-navarroaubanell\/\" \/>\n<meta property=\"og:site_name\" content=\"Navarro Aubanell\" \/>\n<meta property=\"article:modified_time\" content=\"2025-02-18T11:27:14+00:00\" \/>\n<meta property=\"og:image\" content=\"https:\/\/www.navarroaubanell.com\/wp-content\/uploads\/2025\/02\/Mesa-auxiliar-Cross-1.png\" \/>\n\t<meta property=\"og:image:width\" content=\"1280\" \/>\n\t<meta property=\"og:image:height\" content=\"1040\" \/>\n\t<meta property=\"og:image:type\" content=\"image\/png\" \/>\n<meta name=\"twitter:label1\" content=\"Est. reading time\" \/>\n\t<meta name=\"twitter:data1\" content=\"2 minutes\" \/>\n<script type=\"application\/ld+json\" class=\"yoast-schema-graph\">{\"@context\":\"https:\/\/schema.org\",\"@graph\":[{\"@type\":\"WebPage\",\"@id\":\"https:\/\/www.navarroaubanell.com\/ca\/producte\/taula-auxiliar-cross-navarroaubanell\/\",\"url\":\"https:\/\/www.navarroaubanell.com\/ca\/producte\/taula-auxiliar-cross-navarroaubanell\/\",\"name\":\"Taula auxiliar Cross - Navarro Aubanell\",\"isPartOf\":{\"@id\":\"https:\/\/www.navarroaubanell.com\/ca\/#website\"},\"primaryImageOfPage\":{\"@id\":\"https:\/\/www.navarroaubanell.com\/ca\/producte\/taula-auxiliar-cross-navarroaubanell\/#primaryimage\"},\"image\":{\"@id\":\"https:\/\/www.navarroaubanell.com\/ca\/producte\/taula-auxiliar-cross-navarroaubanell\/#primaryimage\"},\"thumbnailUrl\":\"https:\/\/www.navarroaubanell.com\/wp-content\/uploads\/2025\/02\/Mesa-auxiliar-Cross-1.png\",\"datePublished\":\"2025-02-18T11:21:35+00:00\",\"dateModified\":\"2025-02-18T11:27:14+00:00\",\"description\":\"Taula auxiliar Cross: disseny vers\u00e0til amb estructura met\u00e0l\u00b7lica resistent i tauler de MDF xapat en roure, disponible en dos di\u00e0metres.\",\"breadcrumb\":{\"@id\":\"https:\/\/www.navarroaubanell.com\/ca\/producte\/taula-auxiliar-cross-navarroaubanell\/#breadcrumb\"},\"inLanguage\":\"ca\",\"potentialAction\":[{\"@type\":\"ReadAction\",\"target\":[\"https:\/\/www.navarroaubanell.com\/ca\/producte\/taula-auxiliar-cross-navarroaubanell\/\"]}]},{\"@type\":\"ImageObject\",\"inLanguage\":\"ca\",\"@id\":\"https:\/\/www.navarroaubanell.com\/ca\/producte\/taula-auxiliar-cross-navarroaubanell\/#primaryimage\",\"url\":\"https:\/\/www.navarroaubanell.com\/wp-content\/uploads\/2025\/02\/Mesa-auxiliar-Cross-1.png\",\"contentUrl\":\"https:\/\/www.navarroaubanell.com\/wp-content\/uploads\/2025\/02\/Mesa-auxiliar-Cross-1.png\",\"width\":1280,\"height\":1040,\"caption\":\"Mesa auxiliar Cross\"},{\"@type\":\"BreadcrumbList\",\"@id\":\"https:\/\/www.navarroaubanell.com\/ca\/producte\/taula-auxiliar-cross-navarroaubanell\/#breadcrumb\",\"itemListElement\":[{\"@type\":\"ListItem\",\"position\":1,\"name\":\"Portada\",\"item\":\"https:\/\/www.navarroaubanell.com\/ca\/\"},{\"@type\":\"ListItem\",\"position\":2,\"name\":\"Productes\",\"item\":\"https:\/\/www.navarroaubanell.com\/productos\/\"},{\"@type\":\"ListItem\",\"position\":3,\"name\":\"Taula auxiliar Cross\"}]},{\"@type\":\"WebSite\",\"@id\":\"https:\/\/www.navarroaubanell.com\/ca\/#website\",\"url\":\"https:\/\/www.navarroaubanell.com\/ca\/\",\"name\":\"Navarro Aubanell\",\"description\":\"Mobiliario para hoteler\u00eda, colectividades y oficinas\",\"publisher\":{\"@id\":\"https:\/\/www.navarroaubanell.com\/ca\/#organization\"},\"potentialAction\":[{\"@type\":\"SearchAction\",\"target\":{\"@type\":\"EntryPoint\",\"urlTemplate\":\"https:\/\/www.navarroaubanell.com\/ca\/?s={search_term_string}\"},\"query-input\":{\"@type\":\"PropertyValueSpecification\",\"valueRequired\":true,\"valueName\":\"search_term_string\"}}],\"inLanguage\":\"ca\"},{\"@type\":\"Organization\",\"@id\":\"https:\/\/www.navarroaubanell.com\/ca\/#organization\",\"name\":\"COMERCIAL NAVARRO AUBANELL, S.A\",\"url\":\"https:\/\/www.navarroaubanell.com\/ca\/\",\"logo\":{\"@type\":\"ImageObject\",\"inLanguage\":\"ca\",\"@id\":\"https:\/\/www.navarroaubanell.com\/ca\/#\/schema\/logo\/image\/\",\"url\":\"https:\/\/www.navarroaubanell.com\/wp-content\/uploads\/2017\/07\/logo-navarro-aubuanell.png\",\"contentUrl\":\"https:\/\/www.navarroaubanell.com\/wp-content\/uploads\/2017\/07\/logo-navarro-aubuanell.png\",\"width\":6304,\"height\":1154,\"caption\":\"COMERCIAL NAVARRO AUBANELL, S.A\"},\"image\":{\"@id\":\"https:\/\/www.navarroaubanell.com\/ca\/#\/schema\/logo\/image\/\"}}]}<\/script>\n<!-- \/ Yoast SEO plugin. -->","yoast_head_json":{"title":"Taula auxiliar Cross - Navarro Aubanell","description":"Taula auxiliar Cross: disseny vers\u00e0til amb estructura met\u00e0l\u00b7lica resistent i tauler de MDF xapat en roure, disponible en dos di\u00e0metres.","robots":{"index":"index","follow":"follow","max-snippet":"max-snippet:-1","max-image-preview":"max-image-preview:large","max-video-preview":"max-video-preview:-1"},"canonical":"https:\/\/www.navarroaubanell.com\/ca\/producte\/taula-auxiliar-cross-navarroaubanell\/","og_locale":"ca_ES","og_type":"article","og_title":"Taula auxiliar Cross - Navarro Aubanell","og_description":"Taula auxiliar Cross: disseny vers\u00e0til amb estructura met\u00e0l\u00b7lica resistent i tauler de MDF xapat en roure, disponible en dos di\u00e0metres.","og_url":"https:\/\/www.navarroaubanell.com\/ca\/producte\/taula-auxiliar-cross-navarroaubanell\/","og_site_name":"Navarro Aubanell","article_modified_time":"2025-02-18T11:27:14+00:00","og_image":[{"width":1280,"height":1040,"url":"https:\/\/www.navarroaubanell.com\/wp-content\/uploads\/2025\/02\/Mesa-auxiliar-Cross-1.png","type":"image\/png"}],"twitter_misc":{"Est. reading time":"2 minutes"},"schema":{"@context":"https:\/\/schema.org","@graph":[{"@type":"WebPage","@id":"https:\/\/www.navarroaubanell.com\/ca\/producte\/taula-auxiliar-cross-navarroaubanell\/","url":"https:\/\/www.navarroaubanell.com\/ca\/producte\/taula-auxiliar-cross-navarroaubanell\/","name":"Taula auxiliar Cross - Navarro Aubanell","isPartOf":{"@id":"https:\/\/www.navarroaubanell.com\/ca\/#website"},"primaryImageOfPage":{"@id":"https:\/\/www.navarroaubanell.com\/ca\/producte\/taula-auxiliar-cross-navarroaubanell\/#primaryimage"},"image":{"@id":"https:\/\/www.navarroaubanell.com\/ca\/producte\/taula-auxiliar-cross-navarroaubanell\/#primaryimage"},"thumbnailUrl":"https:\/\/www.navarroaubanell.com\/wp-content\/uploads\/2025\/02\/Mesa-auxiliar-Cross-1.png","datePublished":"2025-02-18T11:21:35+00:00","dateModified":"2025-02-18T11:27:14+00:00","description":"Taula auxiliar Cross: disseny vers\u00e0til amb estructura met\u00e0l\u00b7lica resistent i tauler de MDF xapat en roure, disponible en dos di\u00e0metres.","breadcrumb":{"@id":"https:\/\/www.navarroaubanell.com\/ca\/producte\/taula-auxiliar-cross-navarroaubanell\/#breadcrumb"},"inLanguage":"ca","potentialAction":[{"@type":"ReadAction","target":["https:\/\/www.navarroaubanell.com\/ca\/producte\/taula-auxiliar-cross-navarroaubanell\/"]}]},{"@type":"ImageObject","inLanguage":"ca","@id":"https:\/\/www.navarroaubanell.com\/ca\/producte\/taula-auxiliar-cross-navarroaubanell\/#primaryimage","url":"https:\/\/www.navarroaubanell.com\/wp-content\/uploads\/2025\/02\/Mesa-auxiliar-Cross-1.png","contentUrl":"https:\/\/www.navarroaubanell.com\/wp-content\/uploads\/2025\/02\/Mesa-auxiliar-Cross-1.png","width":1280,"height":1040,"caption":"Mesa auxiliar Cross"},{"@type":"BreadcrumbList","@id":"https:\/\/www.navarroaubanell.com\/ca\/producte\/taula-auxiliar-cross-navarroaubanell\/#breadcrumb","itemListElement":[{"@type":"ListItem","position":1,"name":"Portada","item":"https:\/\/www.navarroaubanell.com\/ca\/"},{"@type":"ListItem","position":2,"name":"Productes","item":"https:\/\/www.navarroaubanell.com\/productos\/"},{"@type":"ListItem","position":3,"name":"Taula auxiliar Cross"}]},{"@type":"WebSite","@id":"https:\/\/www.navarroaubanell.com\/ca\/#website","url":"https:\/\/www.navarroaubanell.com\/ca\/","name":"Navarro Aubanell","description":"Mobiliario para hoteler\u00eda, colectividades y oficinas","publisher":{"@id":"https:\/\/www.navarroaubanell.com\/ca\/#organization"},"potentialAction":[{"@type":"SearchAction","target":{"@type":"EntryPoint","urlTemplate":"https:\/\/www.navarroaubanell.com\/ca\/?s={search_term_string}"},"query-input":{"@type":"PropertyValueSpecification","valueRequired":true,"valueName":"search_term_string"}}],"inLanguage":"ca"},{"@type":"Organization","@id":"https:\/\/www.navarroaubanell.com\/ca\/#organization","name":"COMERCIAL NAVARRO AUBANELL, S.A","url":"https:\/\/www.navarroaubanell.com\/ca\/","logo":{"@type":"ImageObject","inLanguage":"ca","@id":"https:\/\/www.navarroaubanell.com\/ca\/#\/schema\/logo\/image\/","url":"https:\/\/www.navarroaubanell.com\/wp-content\/uploads\/2017\/07\/logo-navarro-aubuanell.png","contentUrl":"https:\/\/www.navarroaubanell.com\/wp-content\/uploads\/2017\/07\/logo-navarro-aubuanell.png","width":6304,"height":1154,"caption":"COMERCIAL NAVARRO AUBANELL, S.A"},"image":{"@id":"https:\/\/www.navarroaubanell.com\/ca\/#\/schema\/logo\/image\/"}}]}},"_links":{"self":[{"href":"https:\/\/www.navarroaubanell.com\/ca\/wp-json\/wp\/v2\/product\/44931","targetHints":{"allow":["GET"]}}],"collection":[{"href":"https:\/\/www.navarroaubanell.com\/ca\/wp-json\/wp\/v2\/product"}],"about":[{"href":"https:\/\/www.navarroaubanell.com\/ca\/wp-json\/wp\/v2\/types\/product"}],"wp:featuredmedia":[{"embeddable":true,"href":"https:\/\/www.navarroaubanell.com\/ca\/wp-json\/wp\/v2\/media\/44925"}],"wp:attachment":[{"href":"https:\/\/www.navarroaubanell.com\/ca\/wp-json\/wp\/v2\/media?parent=44931"}],"wp:term":[{"taxonomy":"product_brand","embeddable":true,"href":"https:\/\/www.navarroaubanell.com\/ca\/wp-json\/wp\/v2\/product_brand?post=44931"},{"taxonomy":"product_cat","embeddable":true,"href":"https:\/\/www.navarroaubanell.com\/ca\/wp-json\/wp\/v2\/product_cat?post=44931"},{"taxonomy":"product_tag","embeddable":true,"href":"https:\/\/www.navarroaubanell.com\/ca\/wp-json\/wp\/v2\/product_tag?post=44931"}],"curies":[{"name":"wp","href":"https:\/\/api.w.org\/{rel}","templated":true}]}}