{"id":44921,"date":"2025-02-18T10:55:20","date_gmt":"2025-02-18T09:55:20","guid":{"rendered":"https:\/\/www.navarroaubanell.com\/producto\/mesa-auxiliar-focus-navarroaubanell\/"},"modified":"2025-02-18T11:26:24","modified_gmt":"2025-02-18T10:26:24","slug":"taula-auxiliar-focus-navarroaubanell","status":"publish","type":"product","link":"https:\/\/www.navarroaubanell.com\/ca\/producte\/taula-auxiliar-focus-navarroaubanell\/","title":{"rendered":"Taula auxiliar Focus"},"content":{"rendered":"<h5 data-start=\"0\" data-end=\"66\">Taula Auxiliar Focus: Versatilitat i Funcionalitat per al teu Espai<\/h5>\n<div class=\"traductor-textarea form-group\">\n<div class=\"textarea-desti col-xs-12 col-sm-6\">\n<div class=\"form-control second-textarea\">La taula auxiliar Focus \u00e9s l&#8217;elecci\u00f3 perfecta per als qui busquen combinar funcionalitat i est\u00e8tica en un sol moble. Gr\u00e0cies al seu disseny simple per\u00f2 elegant, aquesta taula \u00e9s ideal per a qualsevol espai interior. Des de salons moderns fins a habitacions d&#8217;hotel o sales d&#8217;espera, Focus aporta un toc de sofisticaci\u00f3 i practicitat que s&#8217;adapta a m\u00faltiples ambients.<\/div>\n<\/div>\n<\/div>\n<h6 data-start=\"453\" data-end=\"503\">Estructura Met\u00e0l\u00b7lica: Resist\u00e8ncia i Estabilitat<\/h6>\n<div class=\"traductor-textarea form-group\">\n<div class=\"textarea-desti col-xs-12 col-sm-6\">\n<div class=\"form-control second-textarea\">Focus t\u00e9 una estructura met\u00e0l\u00b7lica, assegurant una gran resist\u00e8ncia i estabilitat. A m\u00e9s, est\u00e0 coberta amb una pintura en color negre que li atorga una aparen\u00e7a m\u00e9s refinada. Aquesta capa de pintura no sols embelleix, sin\u00f3 que tamb\u00e9 protegeix la taula, garantint una llarga vida \u00fatil.<\/div>\n<\/div>\n<\/div>\n<h6 data-start=\"864\" data-end=\"915\">Tauler de MDF Xapat: Eleg\u00e0ncia i Durabilitat<\/h6>\n<div class=\"traductor-textarea form-group\">\n<div class=\"textarea-desti col-xs-12 col-sm-6\">\n<div class=\"form-control second-textarea\">El sobre de la taula est\u00e0 fabricat en MDF xapat, la qual cosa li proporciona una major densitat i resist\u00e8ncia enfront d&#8217;altres materials. Amb un gruix de 30 mm, el tauler est\u00e0 disponible en dos elegants acabats: roure clar i roure fosc, permetent que s&#8217;ajusti a diferents estils decoratius.<\/div>\n<\/div>\n<\/div>\n<h6 data-start=\"1229\" data-end=\"1287\">Mesures Disponibles: Adaptabilitat a Qualsevol Espai<\/h6>\n<div class=\"traductor-textarea form-group\">\n<div class=\"textarea-desti col-xs-12 col-sm-6\">\n<div class=\"form-control second-textarea\">La taula Focus est\u00e0 disponible en dos formats per a adaptar-se a diferents necessitats: quadrat i rectangular, brindant solucions pr\u00e0ctiques per a optimitzar l&#8217;espai.<\/div>\n<\/div>\n<\/div>\n","protected":false},"excerpt":{"rendered":"<p>Taula Auxiliar Focus: Versatilitat i Funcionalitat per al teu Espai La taula auxiliar Focus \u00e9s l&#8217;elecci\u00f3 perfecta per als qui busquen combinar funcionalitat i est\u00e8tica en un sol moble. Gr\u00e0cies al seu disseny simple per\u00f2 elegant, aquesta taula \u00e9s ideal per a qualsevol espai interior. Des de salons moderns fins a habitacions d&#8217;hotel o sales&hellip;<\/p>\n","protected":false},"featured_media":44917,"template":"","meta":{"_acf_changed":false},"product_brand":[],"product_cat":[525,530],"product_tag":[664,698,696],"class_list":{"0":"post-44921","1":"product","2":"type-product","3":"status-publish","4":"has-post-thumbnail","6":"product_cat-interior","7":"product_cat-taules-auxiliars","8":"product_tag-interior-ca","9":"product_tag-metallic","10":"product_tag-taula-auxiliar","11":"description-off","13":"first","14":"instock","15":"shipping-taxable","16":"product-type-simple"},"acf":[],"yoast_head":"<!-- This site is optimized with the Yoast SEO plugin v27.0 - https:\/\/yoast.com\/product\/yoast-seo-wordpress\/ -->\n<title>Taula auxiliar Focus - Navarro Aubanell<\/title>\n<meta name=\"description\" content=\"Taula auxiliar Focus: disseny vers\u00e0til i resistent amb estructura met\u00e0l\u00b7lica i tauler de MDF xapat, disponible en dues grand\u00e0ries.\" \/>\n<meta name=\"robots\" content=\"index, follow, max-snippet:-1, max-image-preview:large, max-video-preview:-1\" \/>\n<link rel=\"canonical\" href=\"https:\/\/www.navarroaubanell.com\/ca\/producte\/taula-auxiliar-focus-navarroaubanell\/\" \/>\n<meta property=\"og:locale\" content=\"ca_ES\" \/>\n<meta property=\"og:type\" content=\"article\" \/>\n<meta property=\"og:title\" content=\"Taula auxiliar Focus - Navarro Aubanell\" \/>\n<meta property=\"og:description\" content=\"Taula auxiliar Focus: disseny vers\u00e0til i resistent amb estructura met\u00e0l\u00b7lica i tauler de MDF xapat, disponible en dues grand\u00e0ries.\" \/>\n<meta property=\"og:url\" content=\"https:\/\/www.navarroaubanell.com\/ca\/producte\/taula-auxiliar-focus-navarroaubanell\/\" \/>\n<meta property=\"og:site_name\" content=\"Navarro Aubanell\" \/>\n<meta property=\"article:modified_time\" content=\"2025-02-18T10:26:24+00:00\" \/>\n<meta property=\"og:image\" content=\"https:\/\/www.navarroaubanell.com\/wp-content\/uploads\/2025\/02\/Mesa-auxiliar-Focus-2.png\" \/>\n\t<meta property=\"og:image:width\" content=\"1280\" \/>\n\t<meta property=\"og:image:height\" content=\"1040\" \/>\n\t<meta property=\"og:image:type\" content=\"image\/png\" \/>\n<meta name=\"twitter:label1\" content=\"Est. reading time\" \/>\n\t<meta name=\"twitter:data1\" content=\"2 minutes\" \/>\n<script type=\"application\/ld+json\" class=\"yoast-schema-graph\">{\"@context\":\"https:\/\/schema.org\",\"@graph\":[{\"@type\":\"WebPage\",\"@id\":\"https:\/\/www.navarroaubanell.com\/ca\/producte\/taula-auxiliar-focus-navarroaubanell\/\",\"url\":\"https:\/\/www.navarroaubanell.com\/ca\/producte\/taula-auxiliar-focus-navarroaubanell\/\",\"name\":\"Taula auxiliar Focus - Navarro Aubanell\",\"isPartOf\":{\"@id\":\"https:\/\/www.navarroaubanell.com\/ca\/#website\"},\"primaryImageOfPage\":{\"@id\":\"https:\/\/www.navarroaubanell.com\/ca\/producte\/taula-auxiliar-focus-navarroaubanell\/#primaryimage\"},\"image\":{\"@id\":\"https:\/\/www.navarroaubanell.com\/ca\/producte\/taula-auxiliar-focus-navarroaubanell\/#primaryimage\"},\"thumbnailUrl\":\"https:\/\/www.navarroaubanell.com\/wp-content\/uploads\/2025\/02\/Mesa-auxiliar-Focus-2.png\",\"datePublished\":\"2025-02-18T09:55:20+00:00\",\"dateModified\":\"2025-02-18T10:26:24+00:00\",\"description\":\"Taula auxiliar Focus: disseny vers\u00e0til i resistent amb estructura met\u00e0l\u00b7lica i tauler de MDF xapat, disponible en dues grand\u00e0ries.\",\"breadcrumb\":{\"@id\":\"https:\/\/www.navarroaubanell.com\/ca\/producte\/taula-auxiliar-focus-navarroaubanell\/#breadcrumb\"},\"inLanguage\":\"ca\",\"potentialAction\":[{\"@type\":\"ReadAction\",\"target\":[\"https:\/\/www.navarroaubanell.com\/ca\/producte\/taula-auxiliar-focus-navarroaubanell\/\"]}]},{\"@type\":\"ImageObject\",\"inLanguage\":\"ca\",\"@id\":\"https:\/\/www.navarroaubanell.com\/ca\/producte\/taula-auxiliar-focus-navarroaubanell\/#primaryimage\",\"url\":\"https:\/\/www.navarroaubanell.com\/wp-content\/uploads\/2025\/02\/Mesa-auxiliar-Focus-2.png\",\"contentUrl\":\"https:\/\/www.navarroaubanell.com\/wp-content\/uploads\/2025\/02\/Mesa-auxiliar-Focus-2.png\",\"width\":1280,\"height\":1040,\"caption\":\"Mesa auxiliar Focus\"},{\"@type\":\"BreadcrumbList\",\"@id\":\"https:\/\/www.navarroaubanell.com\/ca\/producte\/taula-auxiliar-focus-navarroaubanell\/#breadcrumb\",\"itemListElement\":[{\"@type\":\"ListItem\",\"position\":1,\"name\":\"Portada\",\"item\":\"https:\/\/www.navarroaubanell.com\/ca\/\"},{\"@type\":\"ListItem\",\"position\":2,\"name\":\"Productes\",\"item\":\"https:\/\/www.navarroaubanell.com\/productos\/\"},{\"@type\":\"ListItem\",\"position\":3,\"name\":\"Taula auxiliar Focus\"}]},{\"@type\":\"WebSite\",\"@id\":\"https:\/\/www.navarroaubanell.com\/ca\/#website\",\"url\":\"https:\/\/www.navarroaubanell.com\/ca\/\",\"name\":\"Navarro Aubanell\",\"description\":\"Mobiliario para hoteler\u00eda, colectividades y oficinas\",\"publisher\":{\"@id\":\"https:\/\/www.navarroaubanell.com\/ca\/#organization\"},\"potentialAction\":[{\"@type\":\"SearchAction\",\"target\":{\"@type\":\"EntryPoint\",\"urlTemplate\":\"https:\/\/www.navarroaubanell.com\/ca\/?s={search_term_string}\"},\"query-input\":{\"@type\":\"PropertyValueSpecification\",\"valueRequired\":true,\"valueName\":\"search_term_string\"}}],\"inLanguage\":\"ca\"},{\"@type\":\"Organization\",\"@id\":\"https:\/\/www.navarroaubanell.com\/ca\/#organization\",\"name\":\"COMERCIAL NAVARRO AUBANELL, S.A\",\"url\":\"https:\/\/www.navarroaubanell.com\/ca\/\",\"logo\":{\"@type\":\"ImageObject\",\"inLanguage\":\"ca\",\"@id\":\"https:\/\/www.navarroaubanell.com\/ca\/#\/schema\/logo\/image\/\",\"url\":\"https:\/\/www.navarroaubanell.com\/wp-content\/uploads\/2017\/07\/logo-navarro-aubuanell.png\",\"contentUrl\":\"https:\/\/www.navarroaubanell.com\/wp-content\/uploads\/2017\/07\/logo-navarro-aubuanell.png\",\"width\":6304,\"height\":1154,\"caption\":\"COMERCIAL NAVARRO AUBANELL, S.A\"},\"image\":{\"@id\":\"https:\/\/www.navarroaubanell.com\/ca\/#\/schema\/logo\/image\/\"}}]}<\/script>\n<!-- \/ Yoast SEO plugin. -->","yoast_head_json":{"title":"Taula auxiliar Focus - Navarro Aubanell","description":"Taula auxiliar Focus: disseny vers\u00e0til i resistent amb estructura met\u00e0l\u00b7lica i tauler de MDF xapat, disponible en dues grand\u00e0ries.","robots":{"index":"index","follow":"follow","max-snippet":"max-snippet:-1","max-image-preview":"max-image-preview:large","max-video-preview":"max-video-preview:-1"},"canonical":"https:\/\/www.navarroaubanell.com\/ca\/producte\/taula-auxiliar-focus-navarroaubanell\/","og_locale":"ca_ES","og_type":"article","og_title":"Taula auxiliar Focus - Navarro Aubanell","og_description":"Taula auxiliar Focus: disseny vers\u00e0til i resistent amb estructura met\u00e0l\u00b7lica i tauler de MDF xapat, disponible en dues grand\u00e0ries.","og_url":"https:\/\/www.navarroaubanell.com\/ca\/producte\/taula-auxiliar-focus-navarroaubanell\/","og_site_name":"Navarro Aubanell","article_modified_time":"2025-02-18T10:26:24+00:00","og_image":[{"width":1280,"height":1040,"url":"https:\/\/www.navarroaubanell.com\/wp-content\/uploads\/2025\/02\/Mesa-auxiliar-Focus-2.png","type":"image\/png"}],"twitter_misc":{"Est. reading time":"2 minutes"},"schema":{"@context":"https:\/\/schema.org","@graph":[{"@type":"WebPage","@id":"https:\/\/www.navarroaubanell.com\/ca\/producte\/taula-auxiliar-focus-navarroaubanell\/","url":"https:\/\/www.navarroaubanell.com\/ca\/producte\/taula-auxiliar-focus-navarroaubanell\/","name":"Taula auxiliar Focus - Navarro Aubanell","isPartOf":{"@id":"https:\/\/www.navarroaubanell.com\/ca\/#website"},"primaryImageOfPage":{"@id":"https:\/\/www.navarroaubanell.com\/ca\/producte\/taula-auxiliar-focus-navarroaubanell\/#primaryimage"},"image":{"@id":"https:\/\/www.navarroaubanell.com\/ca\/producte\/taula-auxiliar-focus-navarroaubanell\/#primaryimage"},"thumbnailUrl":"https:\/\/www.navarroaubanell.com\/wp-content\/uploads\/2025\/02\/Mesa-auxiliar-Focus-2.png","datePublished":"2025-02-18T09:55:20+00:00","dateModified":"2025-02-18T10:26:24+00:00","description":"Taula auxiliar Focus: disseny vers\u00e0til i resistent amb estructura met\u00e0l\u00b7lica i tauler de MDF xapat, disponible en dues grand\u00e0ries.","breadcrumb":{"@id":"https:\/\/www.navarroaubanell.com\/ca\/producte\/taula-auxiliar-focus-navarroaubanell\/#breadcrumb"},"inLanguage":"ca","potentialAction":[{"@type":"ReadAction","target":["https:\/\/www.navarroaubanell.com\/ca\/producte\/taula-auxiliar-focus-navarroaubanell\/"]}]},{"@type":"ImageObject","inLanguage":"ca","@id":"https:\/\/www.navarroaubanell.com\/ca\/producte\/taula-auxiliar-focus-navarroaubanell\/#primaryimage","url":"https:\/\/www.navarroaubanell.com\/wp-content\/uploads\/2025\/02\/Mesa-auxiliar-Focus-2.png","contentUrl":"https:\/\/www.navarroaubanell.com\/wp-content\/uploads\/2025\/02\/Mesa-auxiliar-Focus-2.png","width":1280,"height":1040,"caption":"Mesa auxiliar Focus"},{"@type":"BreadcrumbList","@id":"https:\/\/www.navarroaubanell.com\/ca\/producte\/taula-auxiliar-focus-navarroaubanell\/#breadcrumb","itemListElement":[{"@type":"ListItem","position":1,"name":"Portada","item":"https:\/\/www.navarroaubanell.com\/ca\/"},{"@type":"ListItem","position":2,"name":"Productes","item":"https:\/\/www.navarroaubanell.com\/productos\/"},{"@type":"ListItem","position":3,"name":"Taula auxiliar Focus"}]},{"@type":"WebSite","@id":"https:\/\/www.navarroaubanell.com\/ca\/#website","url":"https:\/\/www.navarroaubanell.com\/ca\/","name":"Navarro Aubanell","description":"Mobiliario para hoteler\u00eda, colectividades y oficinas","publisher":{"@id":"https:\/\/www.navarroaubanell.com\/ca\/#organization"},"potentialAction":[{"@type":"SearchAction","target":{"@type":"EntryPoint","urlTemplate":"https:\/\/www.navarroaubanell.com\/ca\/?s={search_term_string}"},"query-input":{"@type":"PropertyValueSpecification","valueRequired":true,"valueName":"search_term_string"}}],"inLanguage":"ca"},{"@type":"Organization","@id":"https:\/\/www.navarroaubanell.com\/ca\/#organization","name":"COMERCIAL NAVARRO AUBANELL, S.A","url":"https:\/\/www.navarroaubanell.com\/ca\/","logo":{"@type":"ImageObject","inLanguage":"ca","@id":"https:\/\/www.navarroaubanell.com\/ca\/#\/schema\/logo\/image\/","url":"https:\/\/www.navarroaubanell.com\/wp-content\/uploads\/2017\/07\/logo-navarro-aubuanell.png","contentUrl":"https:\/\/www.navarroaubanell.com\/wp-content\/uploads\/2017\/07\/logo-navarro-aubuanell.png","width":6304,"height":1154,"caption":"COMERCIAL NAVARRO AUBANELL, S.A"},"image":{"@id":"https:\/\/www.navarroaubanell.com\/ca\/#\/schema\/logo\/image\/"}}]}},"_links":{"self":[{"href":"https:\/\/www.navarroaubanell.com\/ca\/wp-json\/wp\/v2\/product\/44921","targetHints":{"allow":["GET"]}}],"collection":[{"href":"https:\/\/www.navarroaubanell.com\/ca\/wp-json\/wp\/v2\/product"}],"about":[{"href":"https:\/\/www.navarroaubanell.com\/ca\/wp-json\/wp\/v2\/types\/product"}],"wp:featuredmedia":[{"embeddable":true,"href":"https:\/\/www.navarroaubanell.com\/ca\/wp-json\/wp\/v2\/media\/44917"}],"wp:attachment":[{"href":"https:\/\/www.navarroaubanell.com\/ca\/wp-json\/wp\/v2\/media?parent=44921"}],"wp:term":[{"taxonomy":"product_brand","embeddable":true,"href":"https:\/\/www.navarroaubanell.com\/ca\/wp-json\/wp\/v2\/product_brand?post=44921"},{"taxonomy":"product_cat","embeddable":true,"href":"https:\/\/www.navarroaubanell.com\/ca\/wp-json\/wp\/v2\/product_cat?post=44921"},{"taxonomy":"product_tag","embeddable":true,"href":"https:\/\/www.navarroaubanell.com\/ca\/wp-json\/wp\/v2\/product_tag?post=44921"}],"curies":[{"name":"wp","href":"https:\/\/api.w.org\/{rel}","templated":true}]}}