{"id":44814,"date":"2025-02-14T12:12:00","date_gmt":"2025-02-14T11:12:00","guid":{"rendered":"https:\/\/www.navarroaubanell.com\/producto\/conjunto-ronty-navarroaubanell\/"},"modified":"2025-02-14T12:23:39","modified_gmt":"2025-02-14T11:23:39","slug":"conjunt-ronty-navarroaubanell","status":"publish","type":"product","link":"https:\/\/www.navarroaubanell.com\/ca\/producte\/conjunt-ronty-navarroaubanell\/","title":{"rendered":"Conjunt Ronty"},"content":{"rendered":"<h5 data-start=\"0\" data-end=\"56\">Conjunt Ronty: Estil Contemporani i Funcionalitat<\/h5>\n<div class=\"traductor-textarea form-group\">\n<div class=\"textarea-desti col-xs-12 col-sm-6\">\n<div class=\"form-control second-textarea\">El Conjunt Ronty \u00e9s la combinaci\u00f3 perfecta entre estil contemporani i funcionalitat. Amb les seves l\u00ednies netes i un disseny innovador, Ronty \u00e9s ideal per a crear ambients acollidors tant en interiors com exteriors.<\/div>\n<\/div>\n<\/div>\n<h6 data-start=\"370\" data-end=\"405\">Estructura Duradora en Alumini<\/h6>\n<div class=\"traductor-textarea form-group\">\n<div class=\"textarea-desti col-xs-12 col-sm-6\">\n<div class=\"form-control second-textarea\">L&#8217;estructura est\u00e0 fabricada en alumini, un material resistent i lleuger. A m\u00e9s, compta amb un recobriment especial que imita la fusta, la qual cosa li dona un toc r\u00fastic i elegant. Aquesta pintura resistent a exteriors assegura que el color es mantingui vibrant i uniforme al llarg del temps.<\/div>\n<\/div>\n<\/div>\n<h6 data-start=\"758\" data-end=\"800\">Corda Trenada per a Major Comoditat<\/h6>\n<div class=\"traductor-textarea form-group\">\n<div class=\"textarea-desti col-xs-12 col-sm-6\">\n<div class=\"form-control second-textarea\">El seient i el respatller dels sof\u00e0s i butaques estan elaborats amb una corda trenada apta per a exteriors, oferint no sols un aspecte atractiu i modern, sin\u00f3 tamb\u00e9 durabilitat i resist\u00e8ncia.<\/div>\n<\/div>\n<\/div>\n<h6 data-start=\"1021\" data-end=\"1058\">Taula de Centre amb Estil Natural<\/h6>\n<div class=\"traductor-textarea form-group\">\n<div class=\"textarea-desti col-xs-12 col-sm-6\">\n<div class=\"form-control second-textarea\">La taula de centre, amb un sobre de HPL de 6 mm de gruix, imita l&#8217;aspecte de la fusta, aportant un toc c\u00e0lid i r\u00fastic que complementa el conjunt a la perfecci\u00f3.<\/div>\n<\/div>\n<\/div>\n<h6 data-start=\"1262\" data-end=\"1304\">Comoditat i Facilitat de Manteniment<\/h6>\n<div class=\"traductor-textarea form-group\">\n<div class=\"textarea-desti col-xs-12 col-sm-6\">\n<div class=\"form-control second-textarea\">Els coixins de poli\u00e8ster de 8 cm de gruix ofereixen gran comoditat i s\u00f3n ideals per a exteriors. A m\u00e9s, s\u00f3n desenfundables, facilitant el seu manteniment i permet que el Conjunt Ronty sempre llueixi impecable.<\/div>\n<\/div>\n<\/div>\n","protected":false},"excerpt":{"rendered":"<p>Conjunt Ronty: Estil Contemporani i Funcionalitat El Conjunt Ronty \u00e9s la combinaci\u00f3 perfecta entre estil contemporani i funcionalitat. Amb les seves l\u00ednies netes i un disseny innovador, Ronty \u00e9s ideal per a crear ambients acollidors tant en interiors com exteriors. Estructura Duradora en Alumini L&#8217;estructura est\u00e0 fabricada en alumini, un material resistent i lleuger. A&hellip;<\/p>\n","protected":false},"featured_media":44804,"template":"","meta":{"_acf_changed":false},"product_brand":[],"product_cat":[565,1186,563,525,1229],"product_tag":[992,605,617,640,1667,664,1651,1620,754],"class_list":{"0":"post-44814","1":"product","2":"type-product","3":"status-publish","4":"has-post-thumbnail","6":"product_cat-conjunts-exterior","7":"product_cat-conjunts-interiors","8":"product_cat-exterior-ca","9":"product_cat-interior","10":"product_cat-novetats","11":"product_tag-aluminio-ca","12":"product_tag-butaca-ca","13":"product_tag-conjunt","14":"product_tag-exterior-ca","15":"product_tag-f-16-ca","16":"product_tag-interior-ca","17":"product_tag-mesa-de-centro-ca","18":"product_tag-poliester-ca","19":"product_tag-sofa-ca","20":"description-off","22":"first","23":"instock","24":"shipping-taxable","25":"product-type-simple"},"acf":[],"yoast_head":"<!-- This site is optimized with the Yoast SEO plugin v27.6 - https:\/\/yoast.com\/product\/yoast-seo-wordpress\/ -->\n<title>Conjunt Ronty - Navarro Aubanell<\/title>\n<meta name=\"description\" content=\"Conjunt Ronty: estructura d&#039;alumini imitaci\u00f3 fusta, corda trenada resistent i taula amb sobre HPL. Coixins desenfundables per a f\u00e0cil manteniment.\" \/>\n<meta name=\"robots\" content=\"index, follow, max-snippet:-1, max-image-preview:large, max-video-preview:-1\" \/>\n<link rel=\"canonical\" href=\"https:\/\/www.navarroaubanell.com\/ca\/producte\/conjunt-ronty-navarroaubanell\/\" \/>\n<meta property=\"og:locale\" content=\"ca_ES\" \/>\n<meta property=\"og:type\" content=\"article\" \/>\n<meta property=\"og:title\" content=\"Conjunt Ronty - Navarro Aubanell\" \/>\n<meta property=\"og:description\" content=\"Conjunt Ronty: estructura d&#039;alumini imitaci\u00f3 fusta, corda trenada resistent i taula amb sobre HPL. Coixins desenfundables per a f\u00e0cil manteniment.\" \/>\n<meta property=\"og:url\" content=\"https:\/\/www.navarroaubanell.com\/ca\/producte\/conjunt-ronty-navarroaubanell\/\" \/>\n<meta property=\"og:site_name\" content=\"Navarro Aubanell\" \/>\n<meta property=\"article:modified_time\" content=\"2025-02-14T11:23:39+00:00\" \/>\n<meta property=\"og:image\" content=\"https:\/\/www.navarroaubanell.com\/wp-content\/uploads\/2025\/02\/Conjunto-Ronty-2.png\" \/>\n\t<meta property=\"og:image:width\" content=\"1280\" \/>\n\t<meta property=\"og:image:height\" content=\"1040\" \/>\n\t<meta property=\"og:image:type\" content=\"image\/png\" \/>\n<meta name=\"twitter:label1\" content=\"Est. reading time\" \/>\n\t<meta name=\"twitter:data1\" content=\"2 minutes\" \/>\n<script type=\"application\/ld+json\" class=\"yoast-schema-graph\">{\"@context\":\"https:\\\/\\\/schema.org\",\"@graph\":[{\"@type\":\"WebPage\",\"@id\":\"https:\\\/\\\/www.navarroaubanell.com\\\/ca\\\/producte\\\/conjunt-ronty-navarroaubanell\\\/\",\"url\":\"https:\\\/\\\/www.navarroaubanell.com\\\/ca\\\/producte\\\/conjunt-ronty-navarroaubanell\\\/\",\"name\":\"Conjunt Ronty - Navarro Aubanell\",\"isPartOf\":{\"@id\":\"https:\\\/\\\/www.navarroaubanell.com\\\/ca\\\/#website\"},\"primaryImageOfPage\":{\"@id\":\"https:\\\/\\\/www.navarroaubanell.com\\\/ca\\\/producte\\\/conjunt-ronty-navarroaubanell\\\/#primaryimage\"},\"image\":{\"@id\":\"https:\\\/\\\/www.navarroaubanell.com\\\/ca\\\/producte\\\/conjunt-ronty-navarroaubanell\\\/#primaryimage\"},\"thumbnailUrl\":\"https:\\\/\\\/www.navarroaubanell.com\\\/wp-content\\\/uploads\\\/2025\\\/02\\\/Conjunto-Ronty-2.png\",\"datePublished\":\"2025-02-14T11:12:00+00:00\",\"dateModified\":\"2025-02-14T11:23:39+00:00\",\"description\":\"Conjunt Ronty: estructura d'alumini imitaci\u00f3 fusta, corda trenada resistent i taula amb sobre HPL. Coixins desenfundables per a f\u00e0cil manteniment.\",\"breadcrumb\":{\"@id\":\"https:\\\/\\\/www.navarroaubanell.com\\\/ca\\\/producte\\\/conjunt-ronty-navarroaubanell\\\/#breadcrumb\"},\"inLanguage\":\"ca\",\"potentialAction\":[{\"@type\":\"ReadAction\",\"target\":[\"https:\\\/\\\/www.navarroaubanell.com\\\/ca\\\/producte\\\/conjunt-ronty-navarroaubanell\\\/\"]}]},{\"@type\":\"ImageObject\",\"inLanguage\":\"ca\",\"@id\":\"https:\\\/\\\/www.navarroaubanell.com\\\/ca\\\/producte\\\/conjunt-ronty-navarroaubanell\\\/#primaryimage\",\"url\":\"https:\\\/\\\/www.navarroaubanell.com\\\/wp-content\\\/uploads\\\/2025\\\/02\\\/Conjunto-Ronty-2.png\",\"contentUrl\":\"https:\\\/\\\/www.navarroaubanell.com\\\/wp-content\\\/uploads\\\/2025\\\/02\\\/Conjunto-Ronty-2.png\",\"width\":1280,\"height\":1040,\"caption\":\"Conjunto Ronty\"},{\"@type\":\"BreadcrumbList\",\"@id\":\"https:\\\/\\\/www.navarroaubanell.com\\\/ca\\\/producte\\\/conjunt-ronty-navarroaubanell\\\/#breadcrumb\",\"itemListElement\":[{\"@type\":\"ListItem\",\"position\":1,\"name\":\"Portada\",\"item\":\"https:\\\/\\\/www.navarroaubanell.com\\\/ca\\\/\"},{\"@type\":\"ListItem\",\"position\":2,\"name\":\"Productes\",\"item\":\"https:\\\/\\\/www.navarroaubanell.com\\\/productos\\\/\"},{\"@type\":\"ListItem\",\"position\":3,\"name\":\"Conjunt Ronty\"}]},{\"@type\":\"WebSite\",\"@id\":\"https:\\\/\\\/www.navarroaubanell.com\\\/ca\\\/#website\",\"url\":\"https:\\\/\\\/www.navarroaubanell.com\\\/ca\\\/\",\"name\":\"Navarro Aubanell\",\"description\":\"Mobiliario para hoteler\u00eda, colectividades y oficinas\",\"publisher\":{\"@id\":\"https:\\\/\\\/www.navarroaubanell.com\\\/ca\\\/#organization\"},\"potentialAction\":[{\"@type\":\"SearchAction\",\"target\":{\"@type\":\"EntryPoint\",\"urlTemplate\":\"https:\\\/\\\/www.navarroaubanell.com\\\/ca\\\/?s={search_term_string}\"},\"query-input\":{\"@type\":\"PropertyValueSpecification\",\"valueRequired\":true,\"valueName\":\"search_term_string\"}}],\"inLanguage\":\"ca\"},{\"@type\":\"Organization\",\"@id\":\"https:\\\/\\\/www.navarroaubanell.com\\\/ca\\\/#organization\",\"name\":\"COMERCIAL NAVARRO AUBANELL, S.A\",\"url\":\"https:\\\/\\\/www.navarroaubanell.com\\\/ca\\\/\",\"logo\":{\"@type\":\"ImageObject\",\"inLanguage\":\"ca\",\"@id\":\"https:\\\/\\\/www.navarroaubanell.com\\\/ca\\\/#\\\/schema\\\/logo\\\/image\\\/\",\"url\":\"https:\\\/\\\/www.navarroaubanell.com\\\/wp-content\\\/uploads\\\/2017\\\/07\\\/logo-navarro-aubuanell.png\",\"contentUrl\":\"https:\\\/\\\/www.navarroaubanell.com\\\/wp-content\\\/uploads\\\/2017\\\/07\\\/logo-navarro-aubuanell.png\",\"width\":6304,\"height\":1154,\"caption\":\"COMERCIAL NAVARRO AUBANELL, S.A\"},\"image\":{\"@id\":\"https:\\\/\\\/www.navarroaubanell.com\\\/ca\\\/#\\\/schema\\\/logo\\\/image\\\/\"}}]}<\/script>\n<!-- \/ Yoast SEO plugin. -->","yoast_head_json":{"title":"Conjunt Ronty - Navarro Aubanell","description":"Conjunt Ronty: estructura d'alumini imitaci\u00f3 fusta, corda trenada resistent i taula amb sobre HPL. Coixins desenfundables per a f\u00e0cil manteniment.","robots":{"index":"index","follow":"follow","max-snippet":"max-snippet:-1","max-image-preview":"max-image-preview:large","max-video-preview":"max-video-preview:-1"},"canonical":"https:\/\/www.navarroaubanell.com\/ca\/producte\/conjunt-ronty-navarroaubanell\/","og_locale":"ca_ES","og_type":"article","og_title":"Conjunt Ronty - Navarro Aubanell","og_description":"Conjunt Ronty: estructura d'alumini imitaci\u00f3 fusta, corda trenada resistent i taula amb sobre HPL. Coixins desenfundables per a f\u00e0cil manteniment.","og_url":"https:\/\/www.navarroaubanell.com\/ca\/producte\/conjunt-ronty-navarroaubanell\/","og_site_name":"Navarro Aubanell","article_modified_time":"2025-02-14T11:23:39+00:00","og_image":[{"width":1280,"height":1040,"url":"https:\/\/www.navarroaubanell.com\/wp-content\/uploads\/2025\/02\/Conjunto-Ronty-2.png","type":"image\/png"}],"twitter_misc":{"Est. reading time":"2 minutes"},"schema":{"@context":"https:\/\/schema.org","@graph":[{"@type":"WebPage","@id":"https:\/\/www.navarroaubanell.com\/ca\/producte\/conjunt-ronty-navarroaubanell\/","url":"https:\/\/www.navarroaubanell.com\/ca\/producte\/conjunt-ronty-navarroaubanell\/","name":"Conjunt Ronty - Navarro Aubanell","isPartOf":{"@id":"https:\/\/www.navarroaubanell.com\/ca\/#website"},"primaryImageOfPage":{"@id":"https:\/\/www.navarroaubanell.com\/ca\/producte\/conjunt-ronty-navarroaubanell\/#primaryimage"},"image":{"@id":"https:\/\/www.navarroaubanell.com\/ca\/producte\/conjunt-ronty-navarroaubanell\/#primaryimage"},"thumbnailUrl":"https:\/\/www.navarroaubanell.com\/wp-content\/uploads\/2025\/02\/Conjunto-Ronty-2.png","datePublished":"2025-02-14T11:12:00+00:00","dateModified":"2025-02-14T11:23:39+00:00","description":"Conjunt Ronty: estructura d'alumini imitaci\u00f3 fusta, corda trenada resistent i taula amb sobre HPL. Coixins desenfundables per a f\u00e0cil manteniment.","breadcrumb":{"@id":"https:\/\/www.navarroaubanell.com\/ca\/producte\/conjunt-ronty-navarroaubanell\/#breadcrumb"},"inLanguage":"ca","potentialAction":[{"@type":"ReadAction","target":["https:\/\/www.navarroaubanell.com\/ca\/producte\/conjunt-ronty-navarroaubanell\/"]}]},{"@type":"ImageObject","inLanguage":"ca","@id":"https:\/\/www.navarroaubanell.com\/ca\/producte\/conjunt-ronty-navarroaubanell\/#primaryimage","url":"https:\/\/www.navarroaubanell.com\/wp-content\/uploads\/2025\/02\/Conjunto-Ronty-2.png","contentUrl":"https:\/\/www.navarroaubanell.com\/wp-content\/uploads\/2025\/02\/Conjunto-Ronty-2.png","width":1280,"height":1040,"caption":"Conjunto Ronty"},{"@type":"BreadcrumbList","@id":"https:\/\/www.navarroaubanell.com\/ca\/producte\/conjunt-ronty-navarroaubanell\/#breadcrumb","itemListElement":[{"@type":"ListItem","position":1,"name":"Portada","item":"https:\/\/www.navarroaubanell.com\/ca\/"},{"@type":"ListItem","position":2,"name":"Productes","item":"https:\/\/www.navarroaubanell.com\/productos\/"},{"@type":"ListItem","position":3,"name":"Conjunt Ronty"}]},{"@type":"WebSite","@id":"https:\/\/www.navarroaubanell.com\/ca\/#website","url":"https:\/\/www.navarroaubanell.com\/ca\/","name":"Navarro Aubanell","description":"Mobiliario para hoteler\u00eda, colectividades y oficinas","publisher":{"@id":"https:\/\/www.navarroaubanell.com\/ca\/#organization"},"potentialAction":[{"@type":"SearchAction","target":{"@type":"EntryPoint","urlTemplate":"https:\/\/www.navarroaubanell.com\/ca\/?s={search_term_string}"},"query-input":{"@type":"PropertyValueSpecification","valueRequired":true,"valueName":"search_term_string"}}],"inLanguage":"ca"},{"@type":"Organization","@id":"https:\/\/www.navarroaubanell.com\/ca\/#organization","name":"COMERCIAL NAVARRO AUBANELL, S.A","url":"https:\/\/www.navarroaubanell.com\/ca\/","logo":{"@type":"ImageObject","inLanguage":"ca","@id":"https:\/\/www.navarroaubanell.com\/ca\/#\/schema\/logo\/image\/","url":"https:\/\/www.navarroaubanell.com\/wp-content\/uploads\/2017\/07\/logo-navarro-aubuanell.png","contentUrl":"https:\/\/www.navarroaubanell.com\/wp-content\/uploads\/2017\/07\/logo-navarro-aubuanell.png","width":6304,"height":1154,"caption":"COMERCIAL NAVARRO AUBANELL, S.A"},"image":{"@id":"https:\/\/www.navarroaubanell.com\/ca\/#\/schema\/logo\/image\/"}}]}},"_links":{"self":[{"href":"https:\/\/www.navarroaubanell.com\/ca\/wp-json\/wp\/v2\/product\/44814","targetHints":{"allow":["GET"]}}],"collection":[{"href":"https:\/\/www.navarroaubanell.com\/ca\/wp-json\/wp\/v2\/product"}],"about":[{"href":"https:\/\/www.navarroaubanell.com\/ca\/wp-json\/wp\/v2\/types\/product"}],"wp:featuredmedia":[{"embeddable":true,"href":"https:\/\/www.navarroaubanell.com\/ca\/wp-json\/wp\/v2\/media\/44804"}],"wp:attachment":[{"href":"https:\/\/www.navarroaubanell.com\/ca\/wp-json\/wp\/v2\/media?parent=44814"}],"wp:term":[{"taxonomy":"product_brand","embeddable":true,"href":"https:\/\/www.navarroaubanell.com\/ca\/wp-json\/wp\/v2\/product_brand?post=44814"},{"taxonomy":"product_cat","embeddable":true,"href":"https:\/\/www.navarroaubanell.com\/ca\/wp-json\/wp\/v2\/product_cat?post=44814"},{"taxonomy":"product_tag","embeddable":true,"href":"https:\/\/www.navarroaubanell.com\/ca\/wp-json\/wp\/v2\/product_tag?post=44814"}],"curies":[{"name":"wp","href":"https:\/\/api.w.org\/{rel}","templated":true}]}}