{"id":44798,"date":"2025-02-14T09:58:45","date_gmt":"2025-02-14T08:58:45","guid":{"rendered":"https:\/\/www.navarroaubanell.com\/producto\/conjunto-lovisa-navarroaubanell\/"},"modified":"2025-02-14T10:22:32","modified_gmt":"2025-02-14T09:22:32","slug":"conjunt-lovisa-navarroaubanell","status":"publish","type":"product","link":"https:\/\/www.navarroaubanell.com\/ca\/producte\/conjunt-lovisa-navarroaubanell\/","title":{"rendered":"Conjunt Lovisa"},"content":{"rendered":"<h5 data-start=\"0\" data-end=\"47\">Conjunt Lovisa: Modernitat i Funcionalitat<\/h5>\n<div class=\"traductor-textarea form-group\">\n<div class=\"textarea-desti col-xs-12 col-sm-6\">\n<div class=\"form-control second-textarea\">El Conjunt Lovisa \u00e9s l&#8217;opci\u00f3 ideal per a aquells que busquen una perfecta combinaci\u00f3 entre estil contemporani i funcionalitat. Amb el seu disseny innovador i l\u00ednies netes, aquest conjunt s&#8217;adapta tant a interiors com a exteriors, afegint un toc de modernitat i calidesa a qualsevol espai.<\/div>\n<\/div>\n<\/div>\n<h6 data-start=\"354\" data-end=\"390\">Estructura Resistent i Duradora<\/h6>\n<div class=\"traductor-textarea form-group\">\n<div class=\"textarea-desti col-xs-12 col-sm-6\">\n<div class=\"form-control second-textarea\">L&#8217;estructura est\u00e0 fabricada en alumini, un material fort i resistent. Aquest conjunt est\u00e0 disponible en dos elegants acabats: color blanc o color fusta, tots dos pintats a trav\u00e9s de la t\u00e8cnica de <em>heat transfer<\/em>, assegurant que el color es mantingui uniforme i vibrant amb el pas del temps.<\/div>\n<\/div>\n<\/div>\n<h6 data-start=\"743\" data-end=\"774\">Detalls en Corda Trenada<\/h6>\n<div class=\"traductor-textarea form-group\">\n<div class=\"textarea-desti col-xs-12 col-sm-6\">\n<div class=\"form-control second-textarea\">El seient i el respatller dels sof\u00e0s i butaques estan trenats amb una corda especialment dissenyada per a resistir els ambients exteriors. Aquest material no sols aporta un atractiu visual, sin\u00f3 que tamb\u00e9 assegura resist\u00e8ncia i durabilitat davant els elements.<\/div>\n<\/div>\n<\/div>\n<h6 data-start=\"1017\" data-end=\"1044\">Taula de Centre<\/h6>\n<div class=\"traductor-textarea form-group\">\n<div class=\"textarea-desti col-xs-12 col-sm-6\">\n<div class=\"form-control second-textarea\">La taula de centre compta amb un sobre de cristall pintat que afegeix un toc de sofisticaci\u00f3 al conjunt, complementant la calidesa dels altres elements.<\/div>\n<\/div>\n<\/div>\n<h6 data-start=\"1203\" data-end=\"1232\">Comoditat a Cada Detall<\/h6>\n<div class=\"traductor-textarea form-group\">\n<div class=\"textarea-desti col-xs-12 col-sm-6\">\n<div class=\"form-control second-textarea\">Els coixins, fabricats en olefin de 8 cm de gruix, asseguren m\u00e0xima comoditat i resist\u00e8ncia. A m\u00e9s, s\u00f3n desenfundables, la qual cosa facilita el seu manteniment.<\/div>\n<\/div>\n<\/div>\n","protected":false},"excerpt":{"rendered":"<p>Conjunt Lovisa: Modernitat i Funcionalitat El Conjunt Lovisa \u00e9s l&#8217;opci\u00f3 ideal per a aquells que busquen una perfecta combinaci\u00f3 entre estil contemporani i funcionalitat. Amb el seu disseny innovador i l\u00ednies netes, aquest conjunt s&#8217;adapta tant a interiors com a exteriors, afegint un toc de modernitat i calidesa a qualsevol espai. Estructura Resistent i Duradora&hellip;<\/p>\n","protected":false},"featured_media":44784,"template":"","meta":{"_acf_changed":false},"product_brand":[],"product_cat":[565,1186,563,525,1229],"product_tag":[992,605,617,1018,640,1667,664,1651,754],"class_list":{"0":"post-44798","1":"product","2":"type-product","3":"status-publish","4":"has-post-thumbnail","6":"product_cat-conjunts-exterior","7":"product_cat-conjunts-interiors","8":"product_cat-exterior-ca","9":"product_cat-interior","10":"product_cat-novetats","11":"product_tag-aluminio-ca","12":"product_tag-butaca-ca","13":"product_tag-conjunt","14":"product_tag-cuerda-ca","15":"product_tag-exterior-ca","16":"product_tag-f-16-ca","17":"product_tag-interior-ca","18":"product_tag-mesa-de-centro-ca","19":"product_tag-sofa-ca","20":"description-off","22":"first","23":"instock","24":"shipping-taxable","25":"product-type-simple"},"acf":[],"yoast_head":"<!-- This site is optimized with the Yoast SEO plugin v27.5 - https:\/\/yoast.com\/product\/yoast-seo-wordpress\/ -->\n<title>Conjunt Lovisa - Navarro Aubanell<\/title>\n<meta name=\"description\" content=\"Conjunt Lovisa: eleg\u00e0ncia i resist\u00e8ncia en alumini amb acabats duradors, corda trenada i coixins olefin, ideal per a exteriors.\" \/>\n<meta name=\"robots\" content=\"index, follow, max-snippet:-1, max-image-preview:large, max-video-preview:-1\" \/>\n<link rel=\"canonical\" href=\"https:\/\/www.navarroaubanell.com\/ca\/producte\/conjunt-lovisa-navarroaubanell\/\" \/>\n<meta property=\"og:locale\" content=\"ca_ES\" \/>\n<meta property=\"og:type\" content=\"article\" \/>\n<meta property=\"og:title\" content=\"Conjunt Lovisa - Navarro Aubanell\" \/>\n<meta property=\"og:description\" content=\"Conjunt Lovisa: eleg\u00e0ncia i resist\u00e8ncia en alumini amb acabats duradors, corda trenada i coixins olefin, ideal per a exteriors.\" \/>\n<meta property=\"og:url\" content=\"https:\/\/www.navarroaubanell.com\/ca\/producte\/conjunt-lovisa-navarroaubanell\/\" \/>\n<meta property=\"og:site_name\" content=\"Navarro Aubanell\" \/>\n<meta property=\"article:modified_time\" content=\"2025-02-14T09:22:32+00:00\" \/>\n<meta property=\"og:image\" content=\"https:\/\/www.navarroaubanell.com\/wp-content\/uploads\/2025\/02\/Conjunto-Lovisa-1.png\" \/>\n\t<meta property=\"og:image:width\" content=\"1280\" \/>\n\t<meta property=\"og:image:height\" content=\"1040\" \/>\n\t<meta property=\"og:image:type\" content=\"image\/png\" \/>\n<meta name=\"twitter:label1\" content=\"Est. reading time\" \/>\n\t<meta name=\"twitter:data1\" content=\"2 minutes\" \/>\n<script type=\"application\/ld+json\" class=\"yoast-schema-graph\">{\"@context\":\"https:\\\/\\\/schema.org\",\"@graph\":[{\"@type\":\"WebPage\",\"@id\":\"https:\\\/\\\/www.navarroaubanell.com\\\/ca\\\/producte\\\/conjunt-lovisa-navarroaubanell\\\/\",\"url\":\"https:\\\/\\\/www.navarroaubanell.com\\\/ca\\\/producte\\\/conjunt-lovisa-navarroaubanell\\\/\",\"name\":\"Conjunt Lovisa - Navarro Aubanell\",\"isPartOf\":{\"@id\":\"https:\\\/\\\/www.navarroaubanell.com\\\/ca\\\/#website\"},\"primaryImageOfPage\":{\"@id\":\"https:\\\/\\\/www.navarroaubanell.com\\\/ca\\\/producte\\\/conjunt-lovisa-navarroaubanell\\\/#primaryimage\"},\"image\":{\"@id\":\"https:\\\/\\\/www.navarroaubanell.com\\\/ca\\\/producte\\\/conjunt-lovisa-navarroaubanell\\\/#primaryimage\"},\"thumbnailUrl\":\"https:\\\/\\\/www.navarroaubanell.com\\\/wp-content\\\/uploads\\\/2025\\\/02\\\/Conjunto-Lovisa-1.png\",\"datePublished\":\"2025-02-14T08:58:45+00:00\",\"dateModified\":\"2025-02-14T09:22:32+00:00\",\"description\":\"Conjunt Lovisa: eleg\u00e0ncia i resist\u00e8ncia en alumini amb acabats duradors, corda trenada i coixins olefin, ideal per a exteriors.\",\"breadcrumb\":{\"@id\":\"https:\\\/\\\/www.navarroaubanell.com\\\/ca\\\/producte\\\/conjunt-lovisa-navarroaubanell\\\/#breadcrumb\"},\"inLanguage\":\"ca\",\"potentialAction\":[{\"@type\":\"ReadAction\",\"target\":[\"https:\\\/\\\/www.navarroaubanell.com\\\/ca\\\/producte\\\/conjunt-lovisa-navarroaubanell\\\/\"]}]},{\"@type\":\"ImageObject\",\"inLanguage\":\"ca\",\"@id\":\"https:\\\/\\\/www.navarroaubanell.com\\\/ca\\\/producte\\\/conjunt-lovisa-navarroaubanell\\\/#primaryimage\",\"url\":\"https:\\\/\\\/www.navarroaubanell.com\\\/wp-content\\\/uploads\\\/2025\\\/02\\\/Conjunto-Lovisa-1.png\",\"contentUrl\":\"https:\\\/\\\/www.navarroaubanell.com\\\/wp-content\\\/uploads\\\/2025\\\/02\\\/Conjunto-Lovisa-1.png\",\"width\":1280,\"height\":1040,\"caption\":\"Conjunto Lovisa\"},{\"@type\":\"BreadcrumbList\",\"@id\":\"https:\\\/\\\/www.navarroaubanell.com\\\/ca\\\/producte\\\/conjunt-lovisa-navarroaubanell\\\/#breadcrumb\",\"itemListElement\":[{\"@type\":\"ListItem\",\"position\":1,\"name\":\"Portada\",\"item\":\"https:\\\/\\\/www.navarroaubanell.com\\\/ca\\\/\"},{\"@type\":\"ListItem\",\"position\":2,\"name\":\"Productes\",\"item\":\"https:\\\/\\\/www.navarroaubanell.com\\\/productos\\\/\"},{\"@type\":\"ListItem\",\"position\":3,\"name\":\"Conjunt Lovisa\"}]},{\"@type\":\"WebSite\",\"@id\":\"https:\\\/\\\/www.navarroaubanell.com\\\/ca\\\/#website\",\"url\":\"https:\\\/\\\/www.navarroaubanell.com\\\/ca\\\/\",\"name\":\"Navarro Aubanell\",\"description\":\"Mobiliario para hoteler\u00eda, colectividades y oficinas\",\"publisher\":{\"@id\":\"https:\\\/\\\/www.navarroaubanell.com\\\/ca\\\/#organization\"},\"potentialAction\":[{\"@type\":\"SearchAction\",\"target\":{\"@type\":\"EntryPoint\",\"urlTemplate\":\"https:\\\/\\\/www.navarroaubanell.com\\\/ca\\\/?s={search_term_string}\"},\"query-input\":{\"@type\":\"PropertyValueSpecification\",\"valueRequired\":true,\"valueName\":\"search_term_string\"}}],\"inLanguage\":\"ca\"},{\"@type\":\"Organization\",\"@id\":\"https:\\\/\\\/www.navarroaubanell.com\\\/ca\\\/#organization\",\"name\":\"COMERCIAL NAVARRO AUBANELL, S.A\",\"url\":\"https:\\\/\\\/www.navarroaubanell.com\\\/ca\\\/\",\"logo\":{\"@type\":\"ImageObject\",\"inLanguage\":\"ca\",\"@id\":\"https:\\\/\\\/www.navarroaubanell.com\\\/ca\\\/#\\\/schema\\\/logo\\\/image\\\/\",\"url\":\"https:\\\/\\\/www.navarroaubanell.com\\\/wp-content\\\/uploads\\\/2017\\\/07\\\/logo-navarro-aubuanell.png\",\"contentUrl\":\"https:\\\/\\\/www.navarroaubanell.com\\\/wp-content\\\/uploads\\\/2017\\\/07\\\/logo-navarro-aubuanell.png\",\"width\":6304,\"height\":1154,\"caption\":\"COMERCIAL NAVARRO AUBANELL, S.A\"},\"image\":{\"@id\":\"https:\\\/\\\/www.navarroaubanell.com\\\/ca\\\/#\\\/schema\\\/logo\\\/image\\\/\"}}]}<\/script>\n<!-- \/ Yoast SEO plugin. -->","yoast_head_json":{"title":"Conjunt Lovisa - Navarro Aubanell","description":"Conjunt Lovisa: eleg\u00e0ncia i resist\u00e8ncia en alumini amb acabats duradors, corda trenada i coixins olefin, ideal per a exteriors.","robots":{"index":"index","follow":"follow","max-snippet":"max-snippet:-1","max-image-preview":"max-image-preview:large","max-video-preview":"max-video-preview:-1"},"canonical":"https:\/\/www.navarroaubanell.com\/ca\/producte\/conjunt-lovisa-navarroaubanell\/","og_locale":"ca_ES","og_type":"article","og_title":"Conjunt Lovisa - Navarro Aubanell","og_description":"Conjunt Lovisa: eleg\u00e0ncia i resist\u00e8ncia en alumini amb acabats duradors, corda trenada i coixins olefin, ideal per a exteriors.","og_url":"https:\/\/www.navarroaubanell.com\/ca\/producte\/conjunt-lovisa-navarroaubanell\/","og_site_name":"Navarro Aubanell","article_modified_time":"2025-02-14T09:22:32+00:00","og_image":[{"width":1280,"height":1040,"url":"https:\/\/www.navarroaubanell.com\/wp-content\/uploads\/2025\/02\/Conjunto-Lovisa-1.png","type":"image\/png"}],"twitter_misc":{"Est. reading time":"2 minutes"},"schema":{"@context":"https:\/\/schema.org","@graph":[{"@type":"WebPage","@id":"https:\/\/www.navarroaubanell.com\/ca\/producte\/conjunt-lovisa-navarroaubanell\/","url":"https:\/\/www.navarroaubanell.com\/ca\/producte\/conjunt-lovisa-navarroaubanell\/","name":"Conjunt Lovisa - Navarro Aubanell","isPartOf":{"@id":"https:\/\/www.navarroaubanell.com\/ca\/#website"},"primaryImageOfPage":{"@id":"https:\/\/www.navarroaubanell.com\/ca\/producte\/conjunt-lovisa-navarroaubanell\/#primaryimage"},"image":{"@id":"https:\/\/www.navarroaubanell.com\/ca\/producte\/conjunt-lovisa-navarroaubanell\/#primaryimage"},"thumbnailUrl":"https:\/\/www.navarroaubanell.com\/wp-content\/uploads\/2025\/02\/Conjunto-Lovisa-1.png","datePublished":"2025-02-14T08:58:45+00:00","dateModified":"2025-02-14T09:22:32+00:00","description":"Conjunt Lovisa: eleg\u00e0ncia i resist\u00e8ncia en alumini amb acabats duradors, corda trenada i coixins olefin, ideal per a exteriors.","breadcrumb":{"@id":"https:\/\/www.navarroaubanell.com\/ca\/producte\/conjunt-lovisa-navarroaubanell\/#breadcrumb"},"inLanguage":"ca","potentialAction":[{"@type":"ReadAction","target":["https:\/\/www.navarroaubanell.com\/ca\/producte\/conjunt-lovisa-navarroaubanell\/"]}]},{"@type":"ImageObject","inLanguage":"ca","@id":"https:\/\/www.navarroaubanell.com\/ca\/producte\/conjunt-lovisa-navarroaubanell\/#primaryimage","url":"https:\/\/www.navarroaubanell.com\/wp-content\/uploads\/2025\/02\/Conjunto-Lovisa-1.png","contentUrl":"https:\/\/www.navarroaubanell.com\/wp-content\/uploads\/2025\/02\/Conjunto-Lovisa-1.png","width":1280,"height":1040,"caption":"Conjunto Lovisa"},{"@type":"BreadcrumbList","@id":"https:\/\/www.navarroaubanell.com\/ca\/producte\/conjunt-lovisa-navarroaubanell\/#breadcrumb","itemListElement":[{"@type":"ListItem","position":1,"name":"Portada","item":"https:\/\/www.navarroaubanell.com\/ca\/"},{"@type":"ListItem","position":2,"name":"Productes","item":"https:\/\/www.navarroaubanell.com\/productos\/"},{"@type":"ListItem","position":3,"name":"Conjunt Lovisa"}]},{"@type":"WebSite","@id":"https:\/\/www.navarroaubanell.com\/ca\/#website","url":"https:\/\/www.navarroaubanell.com\/ca\/","name":"Navarro Aubanell","description":"Mobiliario para hoteler\u00eda, colectividades y oficinas","publisher":{"@id":"https:\/\/www.navarroaubanell.com\/ca\/#organization"},"potentialAction":[{"@type":"SearchAction","target":{"@type":"EntryPoint","urlTemplate":"https:\/\/www.navarroaubanell.com\/ca\/?s={search_term_string}"},"query-input":{"@type":"PropertyValueSpecification","valueRequired":true,"valueName":"search_term_string"}}],"inLanguage":"ca"},{"@type":"Organization","@id":"https:\/\/www.navarroaubanell.com\/ca\/#organization","name":"COMERCIAL NAVARRO AUBANELL, S.A","url":"https:\/\/www.navarroaubanell.com\/ca\/","logo":{"@type":"ImageObject","inLanguage":"ca","@id":"https:\/\/www.navarroaubanell.com\/ca\/#\/schema\/logo\/image\/","url":"https:\/\/www.navarroaubanell.com\/wp-content\/uploads\/2017\/07\/logo-navarro-aubuanell.png","contentUrl":"https:\/\/www.navarroaubanell.com\/wp-content\/uploads\/2017\/07\/logo-navarro-aubuanell.png","width":6304,"height":1154,"caption":"COMERCIAL NAVARRO AUBANELL, S.A"},"image":{"@id":"https:\/\/www.navarroaubanell.com\/ca\/#\/schema\/logo\/image\/"}}]}},"_links":{"self":[{"href":"https:\/\/www.navarroaubanell.com\/ca\/wp-json\/wp\/v2\/product\/44798","targetHints":{"allow":["GET"]}}],"collection":[{"href":"https:\/\/www.navarroaubanell.com\/ca\/wp-json\/wp\/v2\/product"}],"about":[{"href":"https:\/\/www.navarroaubanell.com\/ca\/wp-json\/wp\/v2\/types\/product"}],"wp:featuredmedia":[{"embeddable":true,"href":"https:\/\/www.navarroaubanell.com\/ca\/wp-json\/wp\/v2\/media\/44784"}],"wp:attachment":[{"href":"https:\/\/www.navarroaubanell.com\/ca\/wp-json\/wp\/v2\/media?parent=44798"}],"wp:term":[{"taxonomy":"product_brand","embeddable":true,"href":"https:\/\/www.navarroaubanell.com\/ca\/wp-json\/wp\/v2\/product_brand?post=44798"},{"taxonomy":"product_cat","embeddable":true,"href":"https:\/\/www.navarroaubanell.com\/ca\/wp-json\/wp\/v2\/product_cat?post=44798"},{"taxonomy":"product_tag","embeddable":true,"href":"https:\/\/www.navarroaubanell.com\/ca\/wp-json\/wp\/v2\/product_tag?post=44798"}],"curies":[{"name":"wp","href":"https:\/\/api.w.org\/{rel}","templated":true}]}}