{"id":44570,"date":"2025-02-10T17:47:23","date_gmt":"2025-02-10T16:47:23","guid":{"rendered":"https:\/\/www.navarroaubanell.com\/producto\/conjunto-gumps-navarroaubanell\/"},"modified":"2025-02-10T17:52:28","modified_gmt":"2025-02-10T16:52:28","slug":"conjunt-gumps-navarroaubanell","status":"publish","type":"product","link":"https:\/\/www.navarroaubanell.com\/ca\/producte\/conjunt-gumps-navarroaubanell\/","title":{"rendered":"Conjunt Gumps"},"content":{"rendered":"<h5>Conjunt Gumps: Estil i Funcionalitat per a Qualsevol Espai<\/h5>\n<div class=\"traductor-textarea form-group\">\n<div class=\"textarea-desti col-xs-12 col-sm-6\">\n<div class=\"form-control second-textarea\">El Conjunt Gumps \u00e9s l&#8217;opci\u00f3 perfecta per als qui busquen una combinaci\u00f3 ideal entre estil i funcionalitat. Amb un disseny innovador i natural, aquest conjunt s&#8217;adapta amb facilitat tant a espais exteriors com interiors.<\/div>\n<\/div>\n<\/div>\n<h6>Combinaci\u00f3 Vers\u00e0til<\/h6>\n<div class=\"traductor-textarea form-group\">\n<div class=\"textarea-desti col-xs-12 col-sm-6\">\n<div class=\"form-control second-textarea\">Cada pe\u00e7a de Gumps est\u00e0 disponible de manera individual, permetent crear configuracions personalitzades. El conjunt est\u00e0 compost per cadires de bra\u00e7os i una taula, disponible en dues mesures diferents, ideal per a ajustar-se segons les necessitats de l&#8217;entorn.<\/div>\n<\/div>\n<\/div>\n<h6>Materials d&#8217;Alta Qualitat<\/h6>\n<div class=\"traductor-textarea form-group\">\n<div class=\"textarea-desti col-xs-12 col-sm-6\">\n<div class=\"form-control second-textarea\">El conjunt est\u00e0 fabricat amb fusta d&#8217;ac\u00e0cia, un material conegut per la seva resist\u00e8ncia al desgast i la seva capacitat per a suportar un \u00fas intensiu. L&#8217;ac\u00e0cia tamb\u00e9 \u00e9s resistent a l&#8217;atac d&#8217;insectes i fongs, garantint una llarga durabilitat i un excel\u00b7lent rendiment en exteriors.<\/div>\n<\/div>\n<\/div>\n<h6>Acabats<\/h6>\n<div class=\"traductor-textarea form-group\">\n<div class=\"textarea-desti col-xs-12 col-sm-6\">\n<div class=\"form-control second-textarea\">Els respatllers de les cadires de bra\u00e7os estan fets de corda, oferint una combinaci\u00f3 de comoditat i resist\u00e8ncia. La taula en l\u00e0mines d&#8217;ac\u00e0cia completa el disseny, aportant un toc modern a l&#8217;estil r\u00fastic.<\/div>\n<\/div>\n<\/div>\n<h6>Coixins Resistents<\/h6>\n<div class=\"flex max-w-full flex-col flex-grow\">\n<div class=\"min-h-8 text-message flex w-full flex-col items-end gap-2 whitespace-normal break-words text-start [.text-message+&amp;]:mt-5\" dir=\"auto\" data-message-author-role=\"assistant\" data-message-id=\"4c342b59-2bfa-43ab-8572-f1f9d7dc3006\" data-message-model-slug=\"gpt-4o\">\n<div class=\"flex w-full flex-col gap-1 empty:hidden first:pt-[3px]\">\n<div class=\"markdown prose w-full break-words dark:prose-invert light\">\n<div class=\"traductor-textarea form-group\">\n<div class=\"textarea-desti col-xs-12 col-sm-6\">\n<div class=\"form-control second-textarea\">Els coixins, entapissats en teles aptes per a exterior, com el Silvertex, ofereixen una gran durabilitat i, gr\u00e0cies a la seva varietat de colors, s\u00f3n vers\u00e0tils per a integrar-se en qualsevol entorn decoratiu.<\/div>\n<\/div>\n<\/div>\n<\/div>\n<\/div>\n<\/div>\n<\/div>\n","protected":false},"excerpt":{"rendered":"<p>Conjunt Gumps: Estil i Funcionalitat per a Qualsevol Espai El Conjunt Gumps \u00e9s l&#8217;opci\u00f3 perfecta per als qui busquen una combinaci\u00f3 ideal entre estil i funcionalitat. Amb un disseny innovador i natural, aquest conjunt s&#8217;adapta amb facilitat tant a espais exteriors com interiors. Combinaci\u00f3 Vers\u00e0til Cada pe\u00e7a de Gumps est\u00e0 disponible de manera individual, permetent&hellip;<\/p>\n","protected":false},"featured_media":44568,"template":"","meta":{"_acf_changed":false},"product_brand":[],"product_cat":[565,1186,563,525],"product_tag":[],"class_list":{"0":"post-44570","1":"product","2":"type-product","3":"status-publish","4":"has-post-thumbnail","6":"product_cat-conjunts-exterior","7":"product_cat-conjunts-interiors","8":"product_cat-exterior-ca","9":"product_cat-interior","10":"description-off","12":"first","13":"instock","14":"shipping-taxable","15":"product-type-simple"},"acf":[],"yoast_head":"<!-- This site is optimized with the Yoast SEO plugin v27.0 - https:\/\/yoast.com\/product\/yoast-seo-wordpress\/ -->\n<title>Conjunt Gumps - Navarro Aubanell<\/title>\n<meta name=\"description\" content=\"Conjunt Gumps: fusta d&#039;ac\u00e0cia duradora, suports de corda, taula resistent i coixins en teles impermeables, ideal per a exteriors.\" \/>\n<meta name=\"robots\" content=\"index, follow, max-snippet:-1, max-image-preview:large, max-video-preview:-1\" \/>\n<link rel=\"canonical\" href=\"https:\/\/www.navarroaubanell.com\/ca\/producte\/conjunt-gumps-navarroaubanell\/\" \/>\n<meta property=\"og:locale\" content=\"ca_ES\" \/>\n<meta property=\"og:type\" content=\"article\" \/>\n<meta property=\"og:title\" content=\"Conjunt Gumps - Navarro Aubanell\" \/>\n<meta property=\"og:description\" content=\"Conjunt Gumps: fusta d&#039;ac\u00e0cia duradora, suports de corda, taula resistent i coixins en teles impermeables, ideal per a exteriors.\" \/>\n<meta property=\"og:url\" content=\"https:\/\/www.navarroaubanell.com\/ca\/producte\/conjunt-gumps-navarroaubanell\/\" \/>\n<meta property=\"og:site_name\" content=\"Navarro Aubanell\" \/>\n<meta property=\"article:modified_time\" content=\"2025-02-10T16:52:28+00:00\" \/>\n<meta property=\"og:image\" content=\"https:\/\/www.navarroaubanell.com\/wp-content\/uploads\/2025\/02\/sillones-Photoroom.png\" \/>\n\t<meta property=\"og:image:width\" content=\"800\" \/>\n\t<meta property=\"og:image:height\" content=\"650\" \/>\n\t<meta property=\"og:image:type\" content=\"image\/png\" \/>\n<meta name=\"twitter:label1\" content=\"Est. reading time\" \/>\n\t<meta name=\"twitter:data1\" content=\"2 minutes\" \/>\n<script type=\"application\/ld+json\" class=\"yoast-schema-graph\">{\"@context\":\"https:\/\/schema.org\",\"@graph\":[{\"@type\":\"WebPage\",\"@id\":\"https:\/\/www.navarroaubanell.com\/ca\/producte\/conjunt-gumps-navarroaubanell\/\",\"url\":\"https:\/\/www.navarroaubanell.com\/ca\/producte\/conjunt-gumps-navarroaubanell\/\",\"name\":\"Conjunt Gumps - Navarro Aubanell\",\"isPartOf\":{\"@id\":\"https:\/\/www.navarroaubanell.com\/ca\/#website\"},\"primaryImageOfPage\":{\"@id\":\"https:\/\/www.navarroaubanell.com\/ca\/producte\/conjunt-gumps-navarroaubanell\/#primaryimage\"},\"image\":{\"@id\":\"https:\/\/www.navarroaubanell.com\/ca\/producte\/conjunt-gumps-navarroaubanell\/#primaryimage\"},\"thumbnailUrl\":\"https:\/\/www.navarroaubanell.com\/wp-content\/uploads\/2025\/02\/sillones-Photoroom.png\",\"datePublished\":\"2025-02-10T16:47:23+00:00\",\"dateModified\":\"2025-02-10T16:52:28+00:00\",\"description\":\"Conjunt Gumps: fusta d'ac\u00e0cia duradora, suports de corda, taula resistent i coixins en teles impermeables, ideal per a exteriors.\",\"breadcrumb\":{\"@id\":\"https:\/\/www.navarroaubanell.com\/ca\/producte\/conjunt-gumps-navarroaubanell\/#breadcrumb\"},\"inLanguage\":\"ca\",\"potentialAction\":[{\"@type\":\"ReadAction\",\"target\":[\"https:\/\/www.navarroaubanell.com\/ca\/producte\/conjunt-gumps-navarroaubanell\/\"]}]},{\"@type\":\"ImageObject\",\"inLanguage\":\"ca\",\"@id\":\"https:\/\/www.navarroaubanell.com\/ca\/producte\/conjunt-gumps-navarroaubanell\/#primaryimage\",\"url\":\"https:\/\/www.navarroaubanell.com\/wp-content\/uploads\/2025\/02\/sillones-Photoroom.png\",\"contentUrl\":\"https:\/\/www.navarroaubanell.com\/wp-content\/uploads\/2025\/02\/sillones-Photoroom.png\",\"width\":800,\"height\":650,\"caption\":\"Conjunto Gumps\"},{\"@type\":\"BreadcrumbList\",\"@id\":\"https:\/\/www.navarroaubanell.com\/ca\/producte\/conjunt-gumps-navarroaubanell\/#breadcrumb\",\"itemListElement\":[{\"@type\":\"ListItem\",\"position\":1,\"name\":\"Portada\",\"item\":\"https:\/\/www.navarroaubanell.com\/ca\/\"},{\"@type\":\"ListItem\",\"position\":2,\"name\":\"Productes\",\"item\":\"https:\/\/www.navarroaubanell.com\/productos\/\"},{\"@type\":\"ListItem\",\"position\":3,\"name\":\"Conjunt Gumps\"}]},{\"@type\":\"WebSite\",\"@id\":\"https:\/\/www.navarroaubanell.com\/ca\/#website\",\"url\":\"https:\/\/www.navarroaubanell.com\/ca\/\",\"name\":\"Navarro Aubanell\",\"description\":\"Mobiliario para hoteler\u00eda, colectividades y oficinas\",\"publisher\":{\"@id\":\"https:\/\/www.navarroaubanell.com\/ca\/#organization\"},\"potentialAction\":[{\"@type\":\"SearchAction\",\"target\":{\"@type\":\"EntryPoint\",\"urlTemplate\":\"https:\/\/www.navarroaubanell.com\/ca\/?s={search_term_string}\"},\"query-input\":{\"@type\":\"PropertyValueSpecification\",\"valueRequired\":true,\"valueName\":\"search_term_string\"}}],\"inLanguage\":\"ca\"},{\"@type\":\"Organization\",\"@id\":\"https:\/\/www.navarroaubanell.com\/ca\/#organization\",\"name\":\"COMERCIAL NAVARRO AUBANELL, S.A\",\"url\":\"https:\/\/www.navarroaubanell.com\/ca\/\",\"logo\":{\"@type\":\"ImageObject\",\"inLanguage\":\"ca\",\"@id\":\"https:\/\/www.navarroaubanell.com\/ca\/#\/schema\/logo\/image\/\",\"url\":\"https:\/\/www.navarroaubanell.com\/wp-content\/uploads\/2017\/07\/logo-navarro-aubuanell.png\",\"contentUrl\":\"https:\/\/www.navarroaubanell.com\/wp-content\/uploads\/2017\/07\/logo-navarro-aubuanell.png\",\"width\":6304,\"height\":1154,\"caption\":\"COMERCIAL NAVARRO AUBANELL, S.A\"},\"image\":{\"@id\":\"https:\/\/www.navarroaubanell.com\/ca\/#\/schema\/logo\/image\/\"}}]}<\/script>\n<!-- \/ Yoast SEO plugin. -->","yoast_head_json":{"title":"Conjunt Gumps - Navarro Aubanell","description":"Conjunt Gumps: fusta d'ac\u00e0cia duradora, suports de corda, taula resistent i coixins en teles impermeables, ideal per a exteriors.","robots":{"index":"index","follow":"follow","max-snippet":"max-snippet:-1","max-image-preview":"max-image-preview:large","max-video-preview":"max-video-preview:-1"},"canonical":"https:\/\/www.navarroaubanell.com\/ca\/producte\/conjunt-gumps-navarroaubanell\/","og_locale":"ca_ES","og_type":"article","og_title":"Conjunt Gumps - Navarro Aubanell","og_description":"Conjunt Gumps: fusta d'ac\u00e0cia duradora, suports de corda, taula resistent i coixins en teles impermeables, ideal per a exteriors.","og_url":"https:\/\/www.navarroaubanell.com\/ca\/producte\/conjunt-gumps-navarroaubanell\/","og_site_name":"Navarro Aubanell","article_modified_time":"2025-02-10T16:52:28+00:00","og_image":[{"width":800,"height":650,"url":"https:\/\/www.navarroaubanell.com\/wp-content\/uploads\/2025\/02\/sillones-Photoroom.png","type":"image\/png"}],"twitter_misc":{"Est. reading time":"2 minutes"},"schema":{"@context":"https:\/\/schema.org","@graph":[{"@type":"WebPage","@id":"https:\/\/www.navarroaubanell.com\/ca\/producte\/conjunt-gumps-navarroaubanell\/","url":"https:\/\/www.navarroaubanell.com\/ca\/producte\/conjunt-gumps-navarroaubanell\/","name":"Conjunt Gumps - Navarro Aubanell","isPartOf":{"@id":"https:\/\/www.navarroaubanell.com\/ca\/#website"},"primaryImageOfPage":{"@id":"https:\/\/www.navarroaubanell.com\/ca\/producte\/conjunt-gumps-navarroaubanell\/#primaryimage"},"image":{"@id":"https:\/\/www.navarroaubanell.com\/ca\/producte\/conjunt-gumps-navarroaubanell\/#primaryimage"},"thumbnailUrl":"https:\/\/www.navarroaubanell.com\/wp-content\/uploads\/2025\/02\/sillones-Photoroom.png","datePublished":"2025-02-10T16:47:23+00:00","dateModified":"2025-02-10T16:52:28+00:00","description":"Conjunt Gumps: fusta d'ac\u00e0cia duradora, suports de corda, taula resistent i coixins en teles impermeables, ideal per a exteriors.","breadcrumb":{"@id":"https:\/\/www.navarroaubanell.com\/ca\/producte\/conjunt-gumps-navarroaubanell\/#breadcrumb"},"inLanguage":"ca","potentialAction":[{"@type":"ReadAction","target":["https:\/\/www.navarroaubanell.com\/ca\/producte\/conjunt-gumps-navarroaubanell\/"]}]},{"@type":"ImageObject","inLanguage":"ca","@id":"https:\/\/www.navarroaubanell.com\/ca\/producte\/conjunt-gumps-navarroaubanell\/#primaryimage","url":"https:\/\/www.navarroaubanell.com\/wp-content\/uploads\/2025\/02\/sillones-Photoroom.png","contentUrl":"https:\/\/www.navarroaubanell.com\/wp-content\/uploads\/2025\/02\/sillones-Photoroom.png","width":800,"height":650,"caption":"Conjunto Gumps"},{"@type":"BreadcrumbList","@id":"https:\/\/www.navarroaubanell.com\/ca\/producte\/conjunt-gumps-navarroaubanell\/#breadcrumb","itemListElement":[{"@type":"ListItem","position":1,"name":"Portada","item":"https:\/\/www.navarroaubanell.com\/ca\/"},{"@type":"ListItem","position":2,"name":"Productes","item":"https:\/\/www.navarroaubanell.com\/productos\/"},{"@type":"ListItem","position":3,"name":"Conjunt Gumps"}]},{"@type":"WebSite","@id":"https:\/\/www.navarroaubanell.com\/ca\/#website","url":"https:\/\/www.navarroaubanell.com\/ca\/","name":"Navarro Aubanell","description":"Mobiliario para hoteler\u00eda, colectividades y oficinas","publisher":{"@id":"https:\/\/www.navarroaubanell.com\/ca\/#organization"},"potentialAction":[{"@type":"SearchAction","target":{"@type":"EntryPoint","urlTemplate":"https:\/\/www.navarroaubanell.com\/ca\/?s={search_term_string}"},"query-input":{"@type":"PropertyValueSpecification","valueRequired":true,"valueName":"search_term_string"}}],"inLanguage":"ca"},{"@type":"Organization","@id":"https:\/\/www.navarroaubanell.com\/ca\/#organization","name":"COMERCIAL NAVARRO AUBANELL, S.A","url":"https:\/\/www.navarroaubanell.com\/ca\/","logo":{"@type":"ImageObject","inLanguage":"ca","@id":"https:\/\/www.navarroaubanell.com\/ca\/#\/schema\/logo\/image\/","url":"https:\/\/www.navarroaubanell.com\/wp-content\/uploads\/2017\/07\/logo-navarro-aubuanell.png","contentUrl":"https:\/\/www.navarroaubanell.com\/wp-content\/uploads\/2017\/07\/logo-navarro-aubuanell.png","width":6304,"height":1154,"caption":"COMERCIAL NAVARRO AUBANELL, S.A"},"image":{"@id":"https:\/\/www.navarroaubanell.com\/ca\/#\/schema\/logo\/image\/"}}]}},"_links":{"self":[{"href":"https:\/\/www.navarroaubanell.com\/ca\/wp-json\/wp\/v2\/product\/44570","targetHints":{"allow":["GET"]}}],"collection":[{"href":"https:\/\/www.navarroaubanell.com\/ca\/wp-json\/wp\/v2\/product"}],"about":[{"href":"https:\/\/www.navarroaubanell.com\/ca\/wp-json\/wp\/v2\/types\/product"}],"wp:featuredmedia":[{"embeddable":true,"href":"https:\/\/www.navarroaubanell.com\/ca\/wp-json\/wp\/v2\/media\/44568"}],"wp:attachment":[{"href":"https:\/\/www.navarroaubanell.com\/ca\/wp-json\/wp\/v2\/media?parent=44570"}],"wp:term":[{"taxonomy":"product_brand","embeddable":true,"href":"https:\/\/www.navarroaubanell.com\/ca\/wp-json\/wp\/v2\/product_brand?post=44570"},{"taxonomy":"product_cat","embeddable":true,"href":"https:\/\/www.navarroaubanell.com\/ca\/wp-json\/wp\/v2\/product_cat?post=44570"},{"taxonomy":"product_tag","embeddable":true,"href":"https:\/\/www.navarroaubanell.com\/ca\/wp-json\/wp\/v2\/product_tag?post=44570"}],"curies":[{"name":"wp","href":"https:\/\/api.w.org\/{rel}","templated":true}]}}