{"id":44534,"date":"2025-02-10T15:38:43","date_gmt":"2025-02-10T14:38:43","guid":{"rendered":"https:\/\/www.navarroaubanell.com\/producto\/conjunto-apolos-navarroaubanell\/"},"modified":"2025-02-10T15:47:08","modified_gmt":"2025-02-10T14:47:08","slug":"conjunt-apolos-navarroaubanell","status":"publish","type":"product","link":"https:\/\/www.navarroaubanell.com\/ca\/producte\/conjunt-apolos-navarroaubanell\/","title":{"rendered":"Conjunt Apolos"},"content":{"rendered":"<h5>Conjunt Apolos: Eleg\u00e0ncia i Resist\u00e8ncia per a Exteriors<\/h5>\n<div class=\"traductor-textarea form-group\">\n<div class=\"textarea-desti col-xs-12 col-sm-6\">\n<div class=\"form-control second-textarea\">L&#8217;estructura d&#8217;alumini del conjunt Apolos est\u00e0 pintada amb una pintura especial per a exteriors en color blanc, atorgant-li resist\u00e8ncia enfront de les inclem\u00e8ncies del temps. Aquest acabat no sols garanteix durabilitat, sin\u00f3 que tamb\u00e9 aporta un toc modern i fresc a qualsevol espai.<\/div>\n<\/div>\n<\/div>\n<h6>Respatller de Fibra Sint\u00e8tica<\/h6>\n<div class=\"traductor-textarea form-group\">\n<div class=\"textarea-desti col-xs-12 col-sm-6\">\n<div class=\"form-control second-textarea\">El respatller de les cadires de bra\u00e7os \u00e9s de fibra sint\u00e8tica. Aquesta fibra inclou filtres UV, pigments i additius antiest\u00e0tics que la fan resistent als canvis clim\u00e0tics i agents abrasius. A m\u00e9s, \u00e9s 100% reciclable i ofereix una aparen\u00e7a natural amb un tacte c\u00e0lid i agradable.<\/div>\n<\/div>\n<\/div>\n<h6>Taula de Teca Natural<\/h6>\n<div class=\"traductor-textarea form-group\">\n<div class=\"textarea-desti col-xs-12 col-sm-6\">\n<div class=\"form-control second-textarea\">El sobre de la taula, fabricat en teca natural, \u00e9s conegut per la seva resist\u00e8ncia a la humitat i la seva protecci\u00f3 enfront d&#8217;organismes com els t\u00e8rmits. Les l\u00e0mines de fusta de teca no sols aporten un estil r\u00fastic i modern, sin\u00f3 tamb\u00e9 una durabilitat excepcional per a exteriors.<\/div>\n<\/div>\n<\/div>\n<h6>Coixins i Acabats d&#8217;Alta Qualitat<\/h6>\n<div class=\"traductor-textarea form-group\">\n<div class=\"textarea-desti col-xs-12 col-sm-6\">\n<div class=\"form-control second-textarea\">Els coixins entapissats en teles resistents a la intemp\u00e8rie, com el Silvertex, no nom\u00e9s asseguren durabilitat a l&#8217;exterior, sin\u00f3 que es poden integrar f\u00e0cilment a qualsevol entorn decoratiu. A m\u00e9s, les potes inclouen tacs protectors per a cuidar tant el terra com el propi producte, maximitzant la seva vida \u00fatil.<\/div>\n<\/div>\n<\/div>\n","protected":false},"excerpt":{"rendered":"<p>Conjunt Apolos: Eleg\u00e0ncia i Resist\u00e8ncia per a Exteriors L&#8217;estructura d&#8217;alumini del conjunt Apolos est\u00e0 pintada amb una pintura especial per a exteriors en color blanc, atorgant-li resist\u00e8ncia enfront de les inclem\u00e8ncies del temps. Aquest acabat no sols garanteix durabilitat, sin\u00f3 que tamb\u00e9 aporta un toc modern i fresc a qualsevol espai. Respatller de Fibra Sint\u00e8tica&hellip;<\/p>\n","protected":false},"featured_media":44524,"template":"","meta":{"_acf_changed":false},"product_brand":[],"product_cat":[565,1186,563,525],"product_tag":[992,749,617,640,1638,664,695,1653],"class_list":{"0":"post-44534","1":"product","2":"type-product","3":"status-publish","4":"has-post-thumbnail","6":"product_cat-conjunts-exterior","7":"product_cat-conjunts-interiors","8":"product_cat-exterior-ca","9":"product_cat-interior","10":"product_tag-aluminio-ca","11":"product_tag-cadira-de-barcos","12":"product_tag-conjunt","13":"product_tag-exterior-ca","14":"product_tag-f-70-ca","15":"product_tag-interior-ca","16":"product_tag-taula","17":"product_tag-teca-ca","18":"description-off","20":"first","21":"instock","22":"shipping-taxable","23":"product-type-simple"},"acf":[],"yoast_head":"<!-- This site is optimized with the Yoast SEO plugin v27.6 - https:\/\/yoast.com\/product\/yoast-seo-wordpress\/ -->\n<title>Conjunt Apolos - Navarro Aubanell<\/title>\n<meta name=\"description\" content=\"Conjunt Apolos: estructura d&#039;alumini resistent, suport de fibra sint\u00e8tica amb protecci\u00f3 UV, taula de teca natural i coixins impermeables.\" \/>\n<meta name=\"robots\" content=\"index, follow, max-snippet:-1, max-image-preview:large, max-video-preview:-1\" \/>\n<link rel=\"canonical\" href=\"https:\/\/www.navarroaubanell.com\/ca\/producte\/conjunt-apolos-navarroaubanell\/\" \/>\n<meta property=\"og:locale\" content=\"ca_ES\" \/>\n<meta property=\"og:type\" content=\"article\" \/>\n<meta property=\"og:title\" content=\"Conjunt Apolos - Navarro Aubanell\" \/>\n<meta property=\"og:description\" content=\"Conjunt Apolos: estructura d&#039;alumini resistent, suport de fibra sint\u00e8tica amb protecci\u00f3 UV, taula de teca natural i coixins impermeables.\" \/>\n<meta property=\"og:url\" content=\"https:\/\/www.navarroaubanell.com\/ca\/producte\/conjunt-apolos-navarroaubanell\/\" \/>\n<meta property=\"og:site_name\" content=\"Navarro Aubanell\" \/>\n<meta property=\"article:modified_time\" content=\"2025-02-10T14:47:08+00:00\" \/>\n<meta property=\"og:image\" content=\"https:\/\/www.navarroaubanell.com\/wp-content\/uploads\/2025\/02\/2.2-Photoroom.png\" \/>\n\t<meta property=\"og:image:width\" content=\"1280\" \/>\n\t<meta property=\"og:image:height\" content=\"1040\" \/>\n\t<meta property=\"og:image:type\" content=\"image\/png\" \/>\n<meta name=\"twitter:label1\" content=\"Est. reading time\" \/>\n\t<meta name=\"twitter:data1\" content=\"2 minutes\" \/>\n<script type=\"application\/ld+json\" class=\"yoast-schema-graph\">{\"@context\":\"https:\\\/\\\/schema.org\",\"@graph\":[{\"@type\":\"WebPage\",\"@id\":\"https:\\\/\\\/www.navarroaubanell.com\\\/ca\\\/producte\\\/conjunt-apolos-navarroaubanell\\\/\",\"url\":\"https:\\\/\\\/www.navarroaubanell.com\\\/ca\\\/producte\\\/conjunt-apolos-navarroaubanell\\\/\",\"name\":\"Conjunt Apolos - Navarro Aubanell\",\"isPartOf\":{\"@id\":\"https:\\\/\\\/www.navarroaubanell.com\\\/ca\\\/#website\"},\"primaryImageOfPage\":{\"@id\":\"https:\\\/\\\/www.navarroaubanell.com\\\/ca\\\/producte\\\/conjunt-apolos-navarroaubanell\\\/#primaryimage\"},\"image\":{\"@id\":\"https:\\\/\\\/www.navarroaubanell.com\\\/ca\\\/producte\\\/conjunt-apolos-navarroaubanell\\\/#primaryimage\"},\"thumbnailUrl\":\"https:\\\/\\\/www.navarroaubanell.com\\\/wp-content\\\/uploads\\\/2025\\\/02\\\/2.2-Photoroom.png\",\"datePublished\":\"2025-02-10T14:38:43+00:00\",\"dateModified\":\"2025-02-10T14:47:08+00:00\",\"description\":\"Conjunt Apolos: estructura d'alumini resistent, suport de fibra sint\u00e8tica amb protecci\u00f3 UV, taula de teca natural i coixins impermeables.\",\"breadcrumb\":{\"@id\":\"https:\\\/\\\/www.navarroaubanell.com\\\/ca\\\/producte\\\/conjunt-apolos-navarroaubanell\\\/#breadcrumb\"},\"inLanguage\":\"ca\",\"potentialAction\":[{\"@type\":\"ReadAction\",\"target\":[\"https:\\\/\\\/www.navarroaubanell.com\\\/ca\\\/producte\\\/conjunt-apolos-navarroaubanell\\\/\"]}]},{\"@type\":\"ImageObject\",\"inLanguage\":\"ca\",\"@id\":\"https:\\\/\\\/www.navarroaubanell.com\\\/ca\\\/producte\\\/conjunt-apolos-navarroaubanell\\\/#primaryimage\",\"url\":\"https:\\\/\\\/www.navarroaubanell.com\\\/wp-content\\\/uploads\\\/2025\\\/02\\\/2.2-Photoroom.png\",\"contentUrl\":\"https:\\\/\\\/www.navarroaubanell.com\\\/wp-content\\\/uploads\\\/2025\\\/02\\\/2.2-Photoroom.png\",\"width\":1280,\"height\":1040,\"caption\":\"Conjunto Apolos\"},{\"@type\":\"BreadcrumbList\",\"@id\":\"https:\\\/\\\/www.navarroaubanell.com\\\/ca\\\/producte\\\/conjunt-apolos-navarroaubanell\\\/#breadcrumb\",\"itemListElement\":[{\"@type\":\"ListItem\",\"position\":1,\"name\":\"Portada\",\"item\":\"https:\\\/\\\/www.navarroaubanell.com\\\/ca\\\/\"},{\"@type\":\"ListItem\",\"position\":2,\"name\":\"Productes\",\"item\":\"https:\\\/\\\/www.navarroaubanell.com\\\/productos\\\/\"},{\"@type\":\"ListItem\",\"position\":3,\"name\":\"Conjunt Apolos\"}]},{\"@type\":\"WebSite\",\"@id\":\"https:\\\/\\\/www.navarroaubanell.com\\\/ca\\\/#website\",\"url\":\"https:\\\/\\\/www.navarroaubanell.com\\\/ca\\\/\",\"name\":\"Navarro Aubanell\",\"description\":\"Mobiliario para hoteler\u00eda, colectividades y oficinas\",\"publisher\":{\"@id\":\"https:\\\/\\\/www.navarroaubanell.com\\\/ca\\\/#organization\"},\"potentialAction\":[{\"@type\":\"SearchAction\",\"target\":{\"@type\":\"EntryPoint\",\"urlTemplate\":\"https:\\\/\\\/www.navarroaubanell.com\\\/ca\\\/?s={search_term_string}\"},\"query-input\":{\"@type\":\"PropertyValueSpecification\",\"valueRequired\":true,\"valueName\":\"search_term_string\"}}],\"inLanguage\":\"ca\"},{\"@type\":\"Organization\",\"@id\":\"https:\\\/\\\/www.navarroaubanell.com\\\/ca\\\/#organization\",\"name\":\"COMERCIAL NAVARRO AUBANELL, S.A\",\"url\":\"https:\\\/\\\/www.navarroaubanell.com\\\/ca\\\/\",\"logo\":{\"@type\":\"ImageObject\",\"inLanguage\":\"ca\",\"@id\":\"https:\\\/\\\/www.navarroaubanell.com\\\/ca\\\/#\\\/schema\\\/logo\\\/image\\\/\",\"url\":\"https:\\\/\\\/www.navarroaubanell.com\\\/wp-content\\\/uploads\\\/2017\\\/07\\\/logo-navarro-aubuanell.png\",\"contentUrl\":\"https:\\\/\\\/www.navarroaubanell.com\\\/wp-content\\\/uploads\\\/2017\\\/07\\\/logo-navarro-aubuanell.png\",\"width\":6304,\"height\":1154,\"caption\":\"COMERCIAL NAVARRO AUBANELL, S.A\"},\"image\":{\"@id\":\"https:\\\/\\\/www.navarroaubanell.com\\\/ca\\\/#\\\/schema\\\/logo\\\/image\\\/\"}}]}<\/script>\n<!-- \/ Yoast SEO plugin. -->","yoast_head_json":{"title":"Conjunt Apolos - Navarro Aubanell","description":"Conjunt Apolos: estructura d'alumini resistent, suport de fibra sint\u00e8tica amb protecci\u00f3 UV, taula de teca natural i coixins impermeables.","robots":{"index":"index","follow":"follow","max-snippet":"max-snippet:-1","max-image-preview":"max-image-preview:large","max-video-preview":"max-video-preview:-1"},"canonical":"https:\/\/www.navarroaubanell.com\/ca\/producte\/conjunt-apolos-navarroaubanell\/","og_locale":"ca_ES","og_type":"article","og_title":"Conjunt Apolos - Navarro Aubanell","og_description":"Conjunt Apolos: estructura d'alumini resistent, suport de fibra sint\u00e8tica amb protecci\u00f3 UV, taula de teca natural i coixins impermeables.","og_url":"https:\/\/www.navarroaubanell.com\/ca\/producte\/conjunt-apolos-navarroaubanell\/","og_site_name":"Navarro Aubanell","article_modified_time":"2025-02-10T14:47:08+00:00","og_image":[{"width":1280,"height":1040,"url":"https:\/\/www.navarroaubanell.com\/wp-content\/uploads\/2025\/02\/2.2-Photoroom.png","type":"image\/png"}],"twitter_misc":{"Est. reading time":"2 minutes"},"schema":{"@context":"https:\/\/schema.org","@graph":[{"@type":"WebPage","@id":"https:\/\/www.navarroaubanell.com\/ca\/producte\/conjunt-apolos-navarroaubanell\/","url":"https:\/\/www.navarroaubanell.com\/ca\/producte\/conjunt-apolos-navarroaubanell\/","name":"Conjunt Apolos - Navarro Aubanell","isPartOf":{"@id":"https:\/\/www.navarroaubanell.com\/ca\/#website"},"primaryImageOfPage":{"@id":"https:\/\/www.navarroaubanell.com\/ca\/producte\/conjunt-apolos-navarroaubanell\/#primaryimage"},"image":{"@id":"https:\/\/www.navarroaubanell.com\/ca\/producte\/conjunt-apolos-navarroaubanell\/#primaryimage"},"thumbnailUrl":"https:\/\/www.navarroaubanell.com\/wp-content\/uploads\/2025\/02\/2.2-Photoroom.png","datePublished":"2025-02-10T14:38:43+00:00","dateModified":"2025-02-10T14:47:08+00:00","description":"Conjunt Apolos: estructura d'alumini resistent, suport de fibra sint\u00e8tica amb protecci\u00f3 UV, taula de teca natural i coixins impermeables.","breadcrumb":{"@id":"https:\/\/www.navarroaubanell.com\/ca\/producte\/conjunt-apolos-navarroaubanell\/#breadcrumb"},"inLanguage":"ca","potentialAction":[{"@type":"ReadAction","target":["https:\/\/www.navarroaubanell.com\/ca\/producte\/conjunt-apolos-navarroaubanell\/"]}]},{"@type":"ImageObject","inLanguage":"ca","@id":"https:\/\/www.navarroaubanell.com\/ca\/producte\/conjunt-apolos-navarroaubanell\/#primaryimage","url":"https:\/\/www.navarroaubanell.com\/wp-content\/uploads\/2025\/02\/2.2-Photoroom.png","contentUrl":"https:\/\/www.navarroaubanell.com\/wp-content\/uploads\/2025\/02\/2.2-Photoroom.png","width":1280,"height":1040,"caption":"Conjunto Apolos"},{"@type":"BreadcrumbList","@id":"https:\/\/www.navarroaubanell.com\/ca\/producte\/conjunt-apolos-navarroaubanell\/#breadcrumb","itemListElement":[{"@type":"ListItem","position":1,"name":"Portada","item":"https:\/\/www.navarroaubanell.com\/ca\/"},{"@type":"ListItem","position":2,"name":"Productes","item":"https:\/\/www.navarroaubanell.com\/productos\/"},{"@type":"ListItem","position":3,"name":"Conjunt Apolos"}]},{"@type":"WebSite","@id":"https:\/\/www.navarroaubanell.com\/ca\/#website","url":"https:\/\/www.navarroaubanell.com\/ca\/","name":"Navarro Aubanell","description":"Mobiliario para hoteler\u00eda, colectividades y oficinas","publisher":{"@id":"https:\/\/www.navarroaubanell.com\/ca\/#organization"},"potentialAction":[{"@type":"SearchAction","target":{"@type":"EntryPoint","urlTemplate":"https:\/\/www.navarroaubanell.com\/ca\/?s={search_term_string}"},"query-input":{"@type":"PropertyValueSpecification","valueRequired":true,"valueName":"search_term_string"}}],"inLanguage":"ca"},{"@type":"Organization","@id":"https:\/\/www.navarroaubanell.com\/ca\/#organization","name":"COMERCIAL NAVARRO AUBANELL, S.A","url":"https:\/\/www.navarroaubanell.com\/ca\/","logo":{"@type":"ImageObject","inLanguage":"ca","@id":"https:\/\/www.navarroaubanell.com\/ca\/#\/schema\/logo\/image\/","url":"https:\/\/www.navarroaubanell.com\/wp-content\/uploads\/2017\/07\/logo-navarro-aubuanell.png","contentUrl":"https:\/\/www.navarroaubanell.com\/wp-content\/uploads\/2017\/07\/logo-navarro-aubuanell.png","width":6304,"height":1154,"caption":"COMERCIAL NAVARRO AUBANELL, S.A"},"image":{"@id":"https:\/\/www.navarroaubanell.com\/ca\/#\/schema\/logo\/image\/"}}]}},"_links":{"self":[{"href":"https:\/\/www.navarroaubanell.com\/ca\/wp-json\/wp\/v2\/product\/44534","targetHints":{"allow":["GET"]}}],"collection":[{"href":"https:\/\/www.navarroaubanell.com\/ca\/wp-json\/wp\/v2\/product"}],"about":[{"href":"https:\/\/www.navarroaubanell.com\/ca\/wp-json\/wp\/v2\/types\/product"}],"wp:featuredmedia":[{"embeddable":true,"href":"https:\/\/www.navarroaubanell.com\/ca\/wp-json\/wp\/v2\/media\/44524"}],"wp:attachment":[{"href":"https:\/\/www.navarroaubanell.com\/ca\/wp-json\/wp\/v2\/media?parent=44534"}],"wp:term":[{"taxonomy":"product_brand","embeddable":true,"href":"https:\/\/www.navarroaubanell.com\/ca\/wp-json\/wp\/v2\/product_brand?post=44534"},{"taxonomy":"product_cat","embeddable":true,"href":"https:\/\/www.navarroaubanell.com\/ca\/wp-json\/wp\/v2\/product_cat?post=44534"},{"taxonomy":"product_tag","embeddable":true,"href":"https:\/\/www.navarroaubanell.com\/ca\/wp-json\/wp\/v2\/product_tag?post=44534"}],"curies":[{"name":"wp","href":"https:\/\/api.w.org\/{rel}","templated":true}]}}