{"id":44520,"date":"2025-02-10T13:04:51","date_gmt":"2025-02-10T12:04:51","guid":{"rendered":"https:\/\/www.navarroaubanell.com\/producto\/conjunto-apolo-navarroaubanell\/"},"modified":"2025-02-10T15:13:43","modified_gmt":"2025-02-10T14:13:43","slug":"conjunt-apolo-navarroaubanell","status":"publish","type":"product","link":"https:\/\/www.navarroaubanell.com\/ca\/producte\/conjunt-apolo-navarroaubanell\/","title":{"rendered":"Conjunt Apolo"},"content":{"rendered":"<h5>Conjunt Apolo: Disseny i Durabilitat per a Exteriors<\/h5>\n<h6>Estructura d&#8217;alumini<\/h6>\n<div class=\"traductor-textarea form-group\">\n<div class=\"textarea-desti col-xs-12 col-sm-6\">\n<div class=\"form-control second-textarea\">El conjunt Apolo t\u00e9 una estructura d&#8217;alumini pintada en color blanc amb una pintura especial per a exteriors. Aquest acabat no nom\u00e9s li atorga una aparen\u00e7a moderna i elegant, sin\u00f3 que tamb\u00e9 assegura la seva resist\u00e8ncia davant els canvis climatol\u00f2gics, mantenint-se en perfecte estat al llarg del temps.<\/div>\n<div>\n<h6>Potes de Teca Natural<\/h6>\n<div class=\"traductor-textarea form-group\">\n<div class=\"textarea-desti col-xs-12 col-sm-6\">\n<div class=\"form-control second-textarea\">Les potes de teca natural proporcionen no sols un toc est\u00e8tic i c\u00e0lid, sin\u00f3 tamb\u00e9 una alta durabilitat. La teca \u00e9s coneguda per la seva capacitat per a resistir la humitat i la seva protecci\u00f3 contra organismes com els t\u00e8rmits, la qual cosa assegura una llarga vida \u00fatil en exteriors.<\/div>\n<\/div>\n<\/div>\n<\/div>\n<\/div>\n<\/div>\n<h6>Respatller de Fibra sint\u00e9tica<\/h6>\n<div class=\"traductor-textarea form-group\">\n<div class=\"textarea-desti col-xs-12 col-sm-6\">\n<div class=\"form-control second-textarea\">El respatller est\u00e0 fabricat en fibra sint\u00e8tica, un material inspirat en la naturalesa per\u00f2 perfeccionat amb tecnologia avan\u00e7ada. Aquesta fibra ha estat tractada amb filtres UV, additius antiest\u00e0tics i elements plastificants per a garantir una m\u00e0xima durabilitat. A m\u00e9s de ser resistent a agents abrasius i al desgast per \u00fas, \u00e9s 100% reciclable, contribuint a la sostenibilitat del medi ambient.<\/div>\n<\/div>\n<\/div>\n<h6>Coixins i taula de centre<\/h6>\n<div class=\"traductor-textarea form-group\">\n<div class=\"textarea-desti col-xs-12 col-sm-6\">\n<div class=\"form-control second-textarea\">Els coixins entapissats en teles resistents a la intemp\u00e8rie, com Silvertex, ofereixen comoditat i versatilitat decorativa. A m\u00e9s, la taula amb el sobre d&#8217;alumini complementa el conjunt, brindant un suport robust i durador.<\/div>\n<\/div>\n<\/div>\n","protected":false},"excerpt":{"rendered":"<p>Conjunt Apolo: Disseny i Durabilitat per a Exteriors Estructura d&#8217;alumini El conjunt Apolo t\u00e9 una estructura d&#8217;alumini pintada en color blanc amb una pintura especial per a exteriors. Aquest acabat no nom\u00e9s li atorga una aparen\u00e7a moderna i elegant, sin\u00f3 que tamb\u00e9 assegura la seva resist\u00e8ncia davant els canvis climatol\u00f2gics, mantenint-se en perfecte estat al&hellip;<\/p>\n","protected":false},"featured_media":44510,"template":"","meta":{"_acf_changed":false},"product_brand":[],"product_cat":[565,1186,563,525],"product_tag":[992,605,617,640,1638,664,1651,1030,1642,1516,1653],"class_list":{"0":"post-44520","1":"product","2":"type-product","3":"status-publish","4":"has-post-thumbnail","6":"product_cat-conjunts-exterior","7":"product_cat-conjunts-interiors","8":"product_cat-exterior-ca","9":"product_cat-interior","10":"product_tag-aluminio-ca","11":"product_tag-butaca-ca","12":"product_tag-conjunt","13":"product_tag-exterior-ca","14":"product_tag-f-70-ca","15":"product_tag-interior-ca","16":"product_tag-mesa-de-centro-ca","17":"product_tag-modulo-ca","18":"product_tag-nautico-ca","19":"product_tag-reciclable","20":"product_tag-teca-ca","21":"description-off","23":"first","24":"instock","25":"shipping-taxable","26":"product-type-simple"},"acf":[],"yoast_head":"<!-- This site is optimized with the Yoast SEO plugin v27.0 - https:\/\/yoast.com\/product\/yoast-seo-wordpress\/ -->\n<title>Conjunt Apolo - Navarro Aubanell<\/title>\n<meta name=\"description\" content=\"Conjunt Apolo: estructura d&#039;alumini pintat, potes de teca natural, suport de fibra sint\u00e8tica amb filtres UV i coixins en teles resistents.\" \/>\n<meta name=\"robots\" content=\"index, follow, max-snippet:-1, max-image-preview:large, max-video-preview:-1\" \/>\n<link rel=\"canonical\" href=\"https:\/\/www.navarroaubanell.com\/ca\/producte\/conjunt-apolo-navarroaubanell\/\" \/>\n<meta property=\"og:locale\" content=\"ca_ES\" \/>\n<meta property=\"og:type\" content=\"article\" \/>\n<meta property=\"og:title\" content=\"Conjunt Apolo - Navarro Aubanell\" \/>\n<meta property=\"og:description\" content=\"Conjunt Apolo: estructura d&#039;alumini pintat, potes de teca natural, suport de fibra sint\u00e8tica amb filtres UV i coixins en teles resistents.\" \/>\n<meta property=\"og:url\" content=\"https:\/\/www.navarroaubanell.com\/ca\/producte\/conjunt-apolo-navarroaubanell\/\" \/>\n<meta property=\"og:site_name\" content=\"Navarro Aubanell\" \/>\n<meta property=\"article:modified_time\" content=\"2025-02-10T14:13:43+00:00\" \/>\n<meta property=\"og:image\" content=\"https:\/\/www.navarroaubanell.com\/wp-content\/uploads\/2025\/02\/1-Photoroom-1.png\" \/>\n\t<meta property=\"og:image:width\" content=\"1280\" \/>\n\t<meta property=\"og:image:height\" content=\"1040\" \/>\n\t<meta property=\"og:image:type\" content=\"image\/png\" \/>\n<meta name=\"twitter:label1\" content=\"Est. reading time\" \/>\n\t<meta name=\"twitter:data1\" content=\"2 minutes\" \/>\n<script type=\"application\/ld+json\" class=\"yoast-schema-graph\">{\"@context\":\"https:\/\/schema.org\",\"@graph\":[{\"@type\":\"WebPage\",\"@id\":\"https:\/\/www.navarroaubanell.com\/ca\/producte\/conjunt-apolo-navarroaubanell\/\",\"url\":\"https:\/\/www.navarroaubanell.com\/ca\/producte\/conjunt-apolo-navarroaubanell\/\",\"name\":\"Conjunt Apolo - Navarro Aubanell\",\"isPartOf\":{\"@id\":\"https:\/\/www.navarroaubanell.com\/ca\/#website\"},\"primaryImageOfPage\":{\"@id\":\"https:\/\/www.navarroaubanell.com\/ca\/producte\/conjunt-apolo-navarroaubanell\/#primaryimage\"},\"image\":{\"@id\":\"https:\/\/www.navarroaubanell.com\/ca\/producte\/conjunt-apolo-navarroaubanell\/#primaryimage\"},\"thumbnailUrl\":\"https:\/\/www.navarroaubanell.com\/wp-content\/uploads\/2025\/02\/1-Photoroom-1.png\",\"datePublished\":\"2025-02-10T12:04:51+00:00\",\"dateModified\":\"2025-02-10T14:13:43+00:00\",\"description\":\"Conjunt Apolo: estructura d'alumini pintat, potes de teca natural, suport de fibra sint\u00e8tica amb filtres UV i coixins en teles resistents.\",\"breadcrumb\":{\"@id\":\"https:\/\/www.navarroaubanell.com\/ca\/producte\/conjunt-apolo-navarroaubanell\/#breadcrumb\"},\"inLanguage\":\"ca\",\"potentialAction\":[{\"@type\":\"ReadAction\",\"target\":[\"https:\/\/www.navarroaubanell.com\/ca\/producte\/conjunt-apolo-navarroaubanell\/\"]}]},{\"@type\":\"ImageObject\",\"inLanguage\":\"ca\",\"@id\":\"https:\/\/www.navarroaubanell.com\/ca\/producte\/conjunt-apolo-navarroaubanell\/#primaryimage\",\"url\":\"https:\/\/www.navarroaubanell.com\/wp-content\/uploads\/2025\/02\/1-Photoroom-1.png\",\"contentUrl\":\"https:\/\/www.navarroaubanell.com\/wp-content\/uploads\/2025\/02\/1-Photoroom-1.png\",\"width\":1280,\"height\":1040,\"caption\":\"Conjunto Apolo\"},{\"@type\":\"BreadcrumbList\",\"@id\":\"https:\/\/www.navarroaubanell.com\/ca\/producte\/conjunt-apolo-navarroaubanell\/#breadcrumb\",\"itemListElement\":[{\"@type\":\"ListItem\",\"position\":1,\"name\":\"Portada\",\"item\":\"https:\/\/www.navarroaubanell.com\/ca\/\"},{\"@type\":\"ListItem\",\"position\":2,\"name\":\"Productes\",\"item\":\"https:\/\/www.navarroaubanell.com\/productos\/\"},{\"@type\":\"ListItem\",\"position\":3,\"name\":\"Conjunt Apolo\"}]},{\"@type\":\"WebSite\",\"@id\":\"https:\/\/www.navarroaubanell.com\/ca\/#website\",\"url\":\"https:\/\/www.navarroaubanell.com\/ca\/\",\"name\":\"Navarro Aubanell\",\"description\":\"Mobiliario para hoteler\u00eda, colectividades y oficinas\",\"publisher\":{\"@id\":\"https:\/\/www.navarroaubanell.com\/ca\/#organization\"},\"potentialAction\":[{\"@type\":\"SearchAction\",\"target\":{\"@type\":\"EntryPoint\",\"urlTemplate\":\"https:\/\/www.navarroaubanell.com\/ca\/?s={search_term_string}\"},\"query-input\":{\"@type\":\"PropertyValueSpecification\",\"valueRequired\":true,\"valueName\":\"search_term_string\"}}],\"inLanguage\":\"ca\"},{\"@type\":\"Organization\",\"@id\":\"https:\/\/www.navarroaubanell.com\/ca\/#organization\",\"name\":\"COMERCIAL NAVARRO AUBANELL, S.A\",\"url\":\"https:\/\/www.navarroaubanell.com\/ca\/\",\"logo\":{\"@type\":\"ImageObject\",\"inLanguage\":\"ca\",\"@id\":\"https:\/\/www.navarroaubanell.com\/ca\/#\/schema\/logo\/image\/\",\"url\":\"https:\/\/www.navarroaubanell.com\/wp-content\/uploads\/2017\/07\/logo-navarro-aubuanell.png\",\"contentUrl\":\"https:\/\/www.navarroaubanell.com\/wp-content\/uploads\/2017\/07\/logo-navarro-aubuanell.png\",\"width\":6304,\"height\":1154,\"caption\":\"COMERCIAL NAVARRO AUBANELL, S.A\"},\"image\":{\"@id\":\"https:\/\/www.navarroaubanell.com\/ca\/#\/schema\/logo\/image\/\"}}]}<\/script>\n<!-- \/ Yoast SEO plugin. -->","yoast_head_json":{"title":"Conjunt Apolo - Navarro Aubanell","description":"Conjunt Apolo: estructura d'alumini pintat, potes de teca natural, suport de fibra sint\u00e8tica amb filtres UV i coixins en teles resistents.","robots":{"index":"index","follow":"follow","max-snippet":"max-snippet:-1","max-image-preview":"max-image-preview:large","max-video-preview":"max-video-preview:-1"},"canonical":"https:\/\/www.navarroaubanell.com\/ca\/producte\/conjunt-apolo-navarroaubanell\/","og_locale":"ca_ES","og_type":"article","og_title":"Conjunt Apolo - Navarro Aubanell","og_description":"Conjunt Apolo: estructura d'alumini pintat, potes de teca natural, suport de fibra sint\u00e8tica amb filtres UV i coixins en teles resistents.","og_url":"https:\/\/www.navarroaubanell.com\/ca\/producte\/conjunt-apolo-navarroaubanell\/","og_site_name":"Navarro Aubanell","article_modified_time":"2025-02-10T14:13:43+00:00","og_image":[{"width":1280,"height":1040,"url":"https:\/\/www.navarroaubanell.com\/wp-content\/uploads\/2025\/02\/1-Photoroom-1.png","type":"image\/png"}],"twitter_misc":{"Est. reading time":"2 minutes"},"schema":{"@context":"https:\/\/schema.org","@graph":[{"@type":"WebPage","@id":"https:\/\/www.navarroaubanell.com\/ca\/producte\/conjunt-apolo-navarroaubanell\/","url":"https:\/\/www.navarroaubanell.com\/ca\/producte\/conjunt-apolo-navarroaubanell\/","name":"Conjunt Apolo - Navarro Aubanell","isPartOf":{"@id":"https:\/\/www.navarroaubanell.com\/ca\/#website"},"primaryImageOfPage":{"@id":"https:\/\/www.navarroaubanell.com\/ca\/producte\/conjunt-apolo-navarroaubanell\/#primaryimage"},"image":{"@id":"https:\/\/www.navarroaubanell.com\/ca\/producte\/conjunt-apolo-navarroaubanell\/#primaryimage"},"thumbnailUrl":"https:\/\/www.navarroaubanell.com\/wp-content\/uploads\/2025\/02\/1-Photoroom-1.png","datePublished":"2025-02-10T12:04:51+00:00","dateModified":"2025-02-10T14:13:43+00:00","description":"Conjunt Apolo: estructura d'alumini pintat, potes de teca natural, suport de fibra sint\u00e8tica amb filtres UV i coixins en teles resistents.","breadcrumb":{"@id":"https:\/\/www.navarroaubanell.com\/ca\/producte\/conjunt-apolo-navarroaubanell\/#breadcrumb"},"inLanguage":"ca","potentialAction":[{"@type":"ReadAction","target":["https:\/\/www.navarroaubanell.com\/ca\/producte\/conjunt-apolo-navarroaubanell\/"]}]},{"@type":"ImageObject","inLanguage":"ca","@id":"https:\/\/www.navarroaubanell.com\/ca\/producte\/conjunt-apolo-navarroaubanell\/#primaryimage","url":"https:\/\/www.navarroaubanell.com\/wp-content\/uploads\/2025\/02\/1-Photoroom-1.png","contentUrl":"https:\/\/www.navarroaubanell.com\/wp-content\/uploads\/2025\/02\/1-Photoroom-1.png","width":1280,"height":1040,"caption":"Conjunto Apolo"},{"@type":"BreadcrumbList","@id":"https:\/\/www.navarroaubanell.com\/ca\/producte\/conjunt-apolo-navarroaubanell\/#breadcrumb","itemListElement":[{"@type":"ListItem","position":1,"name":"Portada","item":"https:\/\/www.navarroaubanell.com\/ca\/"},{"@type":"ListItem","position":2,"name":"Productes","item":"https:\/\/www.navarroaubanell.com\/productos\/"},{"@type":"ListItem","position":3,"name":"Conjunt Apolo"}]},{"@type":"WebSite","@id":"https:\/\/www.navarroaubanell.com\/ca\/#website","url":"https:\/\/www.navarroaubanell.com\/ca\/","name":"Navarro Aubanell","description":"Mobiliario para hoteler\u00eda, colectividades y oficinas","publisher":{"@id":"https:\/\/www.navarroaubanell.com\/ca\/#organization"},"potentialAction":[{"@type":"SearchAction","target":{"@type":"EntryPoint","urlTemplate":"https:\/\/www.navarroaubanell.com\/ca\/?s={search_term_string}"},"query-input":{"@type":"PropertyValueSpecification","valueRequired":true,"valueName":"search_term_string"}}],"inLanguage":"ca"},{"@type":"Organization","@id":"https:\/\/www.navarroaubanell.com\/ca\/#organization","name":"COMERCIAL NAVARRO AUBANELL, S.A","url":"https:\/\/www.navarroaubanell.com\/ca\/","logo":{"@type":"ImageObject","inLanguage":"ca","@id":"https:\/\/www.navarroaubanell.com\/ca\/#\/schema\/logo\/image\/","url":"https:\/\/www.navarroaubanell.com\/wp-content\/uploads\/2017\/07\/logo-navarro-aubuanell.png","contentUrl":"https:\/\/www.navarroaubanell.com\/wp-content\/uploads\/2017\/07\/logo-navarro-aubuanell.png","width":6304,"height":1154,"caption":"COMERCIAL NAVARRO AUBANELL, S.A"},"image":{"@id":"https:\/\/www.navarroaubanell.com\/ca\/#\/schema\/logo\/image\/"}}]}},"_links":{"self":[{"href":"https:\/\/www.navarroaubanell.com\/ca\/wp-json\/wp\/v2\/product\/44520","targetHints":{"allow":["GET"]}}],"collection":[{"href":"https:\/\/www.navarroaubanell.com\/ca\/wp-json\/wp\/v2\/product"}],"about":[{"href":"https:\/\/www.navarroaubanell.com\/ca\/wp-json\/wp\/v2\/types\/product"}],"wp:featuredmedia":[{"embeddable":true,"href":"https:\/\/www.navarroaubanell.com\/ca\/wp-json\/wp\/v2\/media\/44510"}],"wp:attachment":[{"href":"https:\/\/www.navarroaubanell.com\/ca\/wp-json\/wp\/v2\/media?parent=44520"}],"wp:term":[{"taxonomy":"product_brand","embeddable":true,"href":"https:\/\/www.navarroaubanell.com\/ca\/wp-json\/wp\/v2\/product_brand?post=44520"},{"taxonomy":"product_cat","embeddable":true,"href":"https:\/\/www.navarroaubanell.com\/ca\/wp-json\/wp\/v2\/product_cat?post=44520"},{"taxonomy":"product_tag","embeddable":true,"href":"https:\/\/www.navarroaubanell.com\/ca\/wp-json\/wp\/v2\/product_tag?post=44520"}],"curies":[{"name":"wp","href":"https:\/\/api.w.org\/{rel}","templated":true}]}}