{"id":44494,"date":"2025-02-07T15:41:03","date_gmt":"2025-02-07T14:41:03","guid":{"rendered":"https:\/\/www.navarroaubanell.com\/producto\/tumbona-etna-alta\/"},"modified":"2025-07-02T10:24:36","modified_gmt":"2025-07-02T08:24:36","slug":"gandula-etna-alta-navarroaubanell-balliu","status":"publish","type":"product","link":"https:\/\/www.navarroaubanell.com\/ca\/producte\/gandula-etna-alta-navarroaubanell-balliu\/","title":{"rendered":"Gandula Etna Alta"},"content":{"rendered":"<h5>Gandula Etna Alta, de Balliu: Innovaci\u00f3n i Confort per a Espais Exteriors<\/h5>\n<p>La Gandula Etna Alta de Balliu revoluciona el concepte de gandules per a exteriors, combinant eleg\u00e0ncia, durabilitat i seguretat. \u00c9s perfecta per a hotels, jardins. A m\u00e9s, \u00e9s \u00f2ptima per a balnearis i centres de salut, ja que est\u00e0 dissenyada amb una altura superior a l&#8217;est\u00e0ndard. Aquesta altura elevada facilita l&#8217;asseure&#8217;s i aixecar-se, fent que sigui ideal per a tots els p\u00fablics, inclosos persones majors o amb mobilitat redu\u00efda.<\/p>\n<h6>Estructura Robusta:<\/h6>\n<ul>\n<li><strong>Material<\/strong>: Fabricada amb perfil d&#8217;aliatge d&#8217;alumini de 2 mm de gruix.<\/li>\n<li><strong>Cargols<\/strong>: D&#8217;acer inoxidable, garantint una gran resist\u00e8ncia a la corrosi\u00f3, especialment en ambients marins.<\/li>\n<li><strong>Acabar<\/strong>: Pintura en pols amb base de resines de poli\u00e8ster, que proporciona una alta resist\u00e8ncia a la llum i a les condicions exteriors.<\/li>\n<\/ul>\n<h6>Teixit d&#8217;alta Qualitat:<\/h6>\n<ul>\n<li><strong>Transpirable<\/strong>: Teixit transpirable constru\u00eft amb doble trama i doble ordit de gruix.<\/li>\n<li><strong>Composici\u00f3n<\/strong>: Fil continu de poli\u00e8ster recobert amb PVC, resistent als raigs UV i amb protecci\u00f3 antimicrobiana, evitant mals olor i humitat.<\/li>\n<li><strong>Resist\u00e8ncia al foc<\/strong>: Amb retardant d&#8217;inflamabilitat.<\/li>\n<\/ul>\n<h6>Seguretat i Funcionalitat:<\/h6>\n<ul>\n<li><strong>Sistema de bloqueig<\/strong>: Dissenyat per impedir l\u2019atrapament de mans i dits.<\/li>\n<li><strong>Estabilitat<\/strong>: Estructura dissenyada per a evitar que bolqui o es balancegi.<\/li>\n<li><strong>Accesoris<\/strong>: Taps, tacs i reguladors de polipropil\u00e8 resistent als raigs UV.<\/li>\n<\/ul>\n","protected":false},"excerpt":{"rendered":"<p>Gandula Etna Alta, de Balliu: Innovaci\u00f3n i Confort per a Espais Exteriors La Gandula Etna Alta de Balliu revoluciona el concepte de gandules per a exteriors, combinant eleg\u00e0ncia, durabilitat i seguretat. \u00c9s perfecta per a hotels, jardins. A m\u00e9s, \u00e9s \u00f2ptima per a balnearis i centres de salut, ja que est\u00e0 dissenyada amb una altura&hellip;<\/p>\n","protected":false},"featured_media":44489,"template":"","meta":{"_acf_changed":false},"product_brand":[],"product_cat":[563,575],"product_tag":[1663,992,1263,1585,1428,593,640,781],"class_list":{"0":"post-44494","1":"product","2":"type-product","3":"status-publish","4":"has-post-thumbnail","6":"product_cat-exterior-ca","7":"product_cat-tumbones-exterior","8":"product_tag-alta-ca","9":"product_tag-aluminio-ca","10":"product_tag-anti-rayos-uv-ca","11":"product_tag-anti-uv-ca","12":"product_tag-antimicrobiano-ca","13":"product_tag-balliu-ca","14":"product_tag-exterior-ca","15":"product_tag-tumbona-ca","16":"description-off","18":"first","19":"instock","20":"shipping-taxable","21":"product-type-simple"},"acf":[],"yoast_head":"<!-- This site is optimized with the Yoast SEO plugin v27.0 - https:\/\/yoast.com\/product\/yoast-seo-wordpress\/ -->\n<title>Gandula Etna Alta - Navarro Aubanell<\/title>\n<meta name=\"description\" content=\"Gandula Etna Alta: estructura d&#039;alumini, teixit transpirable resistent UV, sistema de bloqueig segur, ideal per a espais exteriors professionals.\" \/>\n<meta name=\"robots\" content=\"index, follow, max-snippet:-1, max-image-preview:large, max-video-preview:-1\" \/>\n<link rel=\"canonical\" href=\"https:\/\/www.navarroaubanell.com\/ca\/producte\/gandula-etna-alta-navarroaubanell-balliu\/\" \/>\n<meta property=\"og:locale\" content=\"ca_ES\" \/>\n<meta property=\"og:type\" content=\"article\" \/>\n<meta property=\"og:title\" content=\"Gandula Etna Alta - Navarro Aubanell\" \/>\n<meta property=\"og:description\" content=\"Gandula Etna Alta: estructura d&#039;alumini, teixit transpirable resistent UV, sistema de bloqueig segur, ideal per a espais exteriors professionals.\" \/>\n<meta property=\"og:url\" content=\"https:\/\/www.navarroaubanell.com\/ca\/producte\/gandula-etna-alta-navarroaubanell-balliu\/\" \/>\n<meta property=\"og:site_name\" content=\"Navarro Aubanell\" \/>\n<meta property=\"article:modified_time\" content=\"2025-07-02T08:24:36+00:00\" \/>\n<meta property=\"og:image\" content=\"https:\/\/www.navarroaubanell.com\/wp-content\/uploads\/2025\/02\/Tumbona-alta-Etna.jpg\" \/>\n\t<meta property=\"og:image:width\" content=\"800\" \/>\n\t<meta property=\"og:image:height\" content=\"650\" \/>\n\t<meta property=\"og:image:type\" content=\"image\/jpeg\" \/>\n<meta name=\"twitter:label1\" content=\"Est. reading time\" \/>\n\t<meta name=\"twitter:data1\" content=\"2 minutes\" \/>\n<script type=\"application\/ld+json\" class=\"yoast-schema-graph\">{\"@context\":\"https:\/\/schema.org\",\"@graph\":[{\"@type\":\"WebPage\",\"@id\":\"https:\/\/www.navarroaubanell.com\/ca\/producte\/gandula-etna-alta-navarroaubanell-balliu\/\",\"url\":\"https:\/\/www.navarroaubanell.com\/ca\/producte\/gandula-etna-alta-navarroaubanell-balliu\/\",\"name\":\"Gandula Etna Alta - Navarro Aubanell\",\"isPartOf\":{\"@id\":\"https:\/\/www.navarroaubanell.com\/ca\/#website\"},\"primaryImageOfPage\":{\"@id\":\"https:\/\/www.navarroaubanell.com\/ca\/producte\/gandula-etna-alta-navarroaubanell-balliu\/#primaryimage\"},\"image\":{\"@id\":\"https:\/\/www.navarroaubanell.com\/ca\/producte\/gandula-etna-alta-navarroaubanell-balliu\/#primaryimage\"},\"thumbnailUrl\":\"https:\/\/www.navarroaubanell.com\/wp-content\/uploads\/2025\/02\/Tumbona-alta-Etna.jpg\",\"datePublished\":\"2025-02-07T14:41:03+00:00\",\"dateModified\":\"2025-07-02T08:24:36+00:00\",\"description\":\"Gandula Etna Alta: estructura d'alumini, teixit transpirable resistent UV, sistema de bloqueig segur, ideal per a espais exteriors professionals.\",\"breadcrumb\":{\"@id\":\"https:\/\/www.navarroaubanell.com\/ca\/producte\/gandula-etna-alta-navarroaubanell-balliu\/#breadcrumb\"},\"inLanguage\":\"ca\",\"potentialAction\":[{\"@type\":\"ReadAction\",\"target\":[\"https:\/\/www.navarroaubanell.com\/ca\/producte\/gandula-etna-alta-navarroaubanell-balliu\/\"]}]},{\"@type\":\"ImageObject\",\"inLanguage\":\"ca\",\"@id\":\"https:\/\/www.navarroaubanell.com\/ca\/producte\/gandula-etna-alta-navarroaubanell-balliu\/#primaryimage\",\"url\":\"https:\/\/www.navarroaubanell.com\/wp-content\/uploads\/2025\/02\/Tumbona-alta-Etna.jpg\",\"contentUrl\":\"https:\/\/www.navarroaubanell.com\/wp-content\/uploads\/2025\/02\/Tumbona-alta-Etna.jpg\",\"width\":800,\"height\":650,\"caption\":\"Tumbona alta Etna\"},{\"@type\":\"BreadcrumbList\",\"@id\":\"https:\/\/www.navarroaubanell.com\/ca\/producte\/gandula-etna-alta-navarroaubanell-balliu\/#breadcrumb\",\"itemListElement\":[{\"@type\":\"ListItem\",\"position\":1,\"name\":\"Portada\",\"item\":\"https:\/\/www.navarroaubanell.com\/ca\/\"},{\"@type\":\"ListItem\",\"position\":2,\"name\":\"Productes\",\"item\":\"https:\/\/www.navarroaubanell.com\/productos\/\"},{\"@type\":\"ListItem\",\"position\":3,\"name\":\"Gandula Etna Alta\"}]},{\"@type\":\"WebSite\",\"@id\":\"https:\/\/www.navarroaubanell.com\/ca\/#website\",\"url\":\"https:\/\/www.navarroaubanell.com\/ca\/\",\"name\":\"Navarro Aubanell\",\"description\":\"Mobiliario para hoteler\u00eda, colectividades y oficinas\",\"publisher\":{\"@id\":\"https:\/\/www.navarroaubanell.com\/ca\/#organization\"},\"potentialAction\":[{\"@type\":\"SearchAction\",\"target\":{\"@type\":\"EntryPoint\",\"urlTemplate\":\"https:\/\/www.navarroaubanell.com\/ca\/?s={search_term_string}\"},\"query-input\":{\"@type\":\"PropertyValueSpecification\",\"valueRequired\":true,\"valueName\":\"search_term_string\"}}],\"inLanguage\":\"ca\"},{\"@type\":\"Organization\",\"@id\":\"https:\/\/www.navarroaubanell.com\/ca\/#organization\",\"name\":\"COMERCIAL NAVARRO AUBANELL, S.A\",\"url\":\"https:\/\/www.navarroaubanell.com\/ca\/\",\"logo\":{\"@type\":\"ImageObject\",\"inLanguage\":\"ca\",\"@id\":\"https:\/\/www.navarroaubanell.com\/ca\/#\/schema\/logo\/image\/\",\"url\":\"https:\/\/www.navarroaubanell.com\/wp-content\/uploads\/2017\/07\/logo-navarro-aubuanell.png\",\"contentUrl\":\"https:\/\/www.navarroaubanell.com\/wp-content\/uploads\/2017\/07\/logo-navarro-aubuanell.png\",\"width\":6304,\"height\":1154,\"caption\":\"COMERCIAL NAVARRO AUBANELL, S.A\"},\"image\":{\"@id\":\"https:\/\/www.navarroaubanell.com\/ca\/#\/schema\/logo\/image\/\"}}]}<\/script>\n<!-- \/ Yoast SEO plugin. -->","yoast_head_json":{"title":"Gandula Etna Alta - Navarro Aubanell","description":"Gandula Etna Alta: estructura d'alumini, teixit transpirable resistent UV, sistema de bloqueig segur, ideal per a espais exteriors professionals.","robots":{"index":"index","follow":"follow","max-snippet":"max-snippet:-1","max-image-preview":"max-image-preview:large","max-video-preview":"max-video-preview:-1"},"canonical":"https:\/\/www.navarroaubanell.com\/ca\/producte\/gandula-etna-alta-navarroaubanell-balliu\/","og_locale":"ca_ES","og_type":"article","og_title":"Gandula Etna Alta - Navarro Aubanell","og_description":"Gandula Etna Alta: estructura d'alumini, teixit transpirable resistent UV, sistema de bloqueig segur, ideal per a espais exteriors professionals.","og_url":"https:\/\/www.navarroaubanell.com\/ca\/producte\/gandula-etna-alta-navarroaubanell-balliu\/","og_site_name":"Navarro Aubanell","article_modified_time":"2025-07-02T08:24:36+00:00","og_image":[{"width":800,"height":650,"url":"https:\/\/www.navarroaubanell.com\/wp-content\/uploads\/2025\/02\/Tumbona-alta-Etna.jpg","type":"image\/jpeg"}],"twitter_misc":{"Est. reading time":"2 minutes"},"schema":{"@context":"https:\/\/schema.org","@graph":[{"@type":"WebPage","@id":"https:\/\/www.navarroaubanell.com\/ca\/producte\/gandula-etna-alta-navarroaubanell-balliu\/","url":"https:\/\/www.navarroaubanell.com\/ca\/producte\/gandula-etna-alta-navarroaubanell-balliu\/","name":"Gandula Etna Alta - Navarro Aubanell","isPartOf":{"@id":"https:\/\/www.navarroaubanell.com\/ca\/#website"},"primaryImageOfPage":{"@id":"https:\/\/www.navarroaubanell.com\/ca\/producte\/gandula-etna-alta-navarroaubanell-balliu\/#primaryimage"},"image":{"@id":"https:\/\/www.navarroaubanell.com\/ca\/producte\/gandula-etna-alta-navarroaubanell-balliu\/#primaryimage"},"thumbnailUrl":"https:\/\/www.navarroaubanell.com\/wp-content\/uploads\/2025\/02\/Tumbona-alta-Etna.jpg","datePublished":"2025-02-07T14:41:03+00:00","dateModified":"2025-07-02T08:24:36+00:00","description":"Gandula Etna Alta: estructura d'alumini, teixit transpirable resistent UV, sistema de bloqueig segur, ideal per a espais exteriors professionals.","breadcrumb":{"@id":"https:\/\/www.navarroaubanell.com\/ca\/producte\/gandula-etna-alta-navarroaubanell-balliu\/#breadcrumb"},"inLanguage":"ca","potentialAction":[{"@type":"ReadAction","target":["https:\/\/www.navarroaubanell.com\/ca\/producte\/gandula-etna-alta-navarroaubanell-balliu\/"]}]},{"@type":"ImageObject","inLanguage":"ca","@id":"https:\/\/www.navarroaubanell.com\/ca\/producte\/gandula-etna-alta-navarroaubanell-balliu\/#primaryimage","url":"https:\/\/www.navarroaubanell.com\/wp-content\/uploads\/2025\/02\/Tumbona-alta-Etna.jpg","contentUrl":"https:\/\/www.navarroaubanell.com\/wp-content\/uploads\/2025\/02\/Tumbona-alta-Etna.jpg","width":800,"height":650,"caption":"Tumbona alta Etna"},{"@type":"BreadcrumbList","@id":"https:\/\/www.navarroaubanell.com\/ca\/producte\/gandula-etna-alta-navarroaubanell-balliu\/#breadcrumb","itemListElement":[{"@type":"ListItem","position":1,"name":"Portada","item":"https:\/\/www.navarroaubanell.com\/ca\/"},{"@type":"ListItem","position":2,"name":"Productes","item":"https:\/\/www.navarroaubanell.com\/productos\/"},{"@type":"ListItem","position":3,"name":"Gandula Etna Alta"}]},{"@type":"WebSite","@id":"https:\/\/www.navarroaubanell.com\/ca\/#website","url":"https:\/\/www.navarroaubanell.com\/ca\/","name":"Navarro Aubanell","description":"Mobiliario para hoteler\u00eda, colectividades y oficinas","publisher":{"@id":"https:\/\/www.navarroaubanell.com\/ca\/#organization"},"potentialAction":[{"@type":"SearchAction","target":{"@type":"EntryPoint","urlTemplate":"https:\/\/www.navarroaubanell.com\/ca\/?s={search_term_string}"},"query-input":{"@type":"PropertyValueSpecification","valueRequired":true,"valueName":"search_term_string"}}],"inLanguage":"ca"},{"@type":"Organization","@id":"https:\/\/www.navarroaubanell.com\/ca\/#organization","name":"COMERCIAL NAVARRO AUBANELL, S.A","url":"https:\/\/www.navarroaubanell.com\/ca\/","logo":{"@type":"ImageObject","inLanguage":"ca","@id":"https:\/\/www.navarroaubanell.com\/ca\/#\/schema\/logo\/image\/","url":"https:\/\/www.navarroaubanell.com\/wp-content\/uploads\/2017\/07\/logo-navarro-aubuanell.png","contentUrl":"https:\/\/www.navarroaubanell.com\/wp-content\/uploads\/2017\/07\/logo-navarro-aubuanell.png","width":6304,"height":1154,"caption":"COMERCIAL NAVARRO AUBANELL, S.A"},"image":{"@id":"https:\/\/www.navarroaubanell.com\/ca\/#\/schema\/logo\/image\/"}}]}},"_links":{"self":[{"href":"https:\/\/www.navarroaubanell.com\/ca\/wp-json\/wp\/v2\/product\/44494","targetHints":{"allow":["GET"]}}],"collection":[{"href":"https:\/\/www.navarroaubanell.com\/ca\/wp-json\/wp\/v2\/product"}],"about":[{"href":"https:\/\/www.navarroaubanell.com\/ca\/wp-json\/wp\/v2\/types\/product"}],"wp:featuredmedia":[{"embeddable":true,"href":"https:\/\/www.navarroaubanell.com\/ca\/wp-json\/wp\/v2\/media\/44489"}],"wp:attachment":[{"href":"https:\/\/www.navarroaubanell.com\/ca\/wp-json\/wp\/v2\/media?parent=44494"}],"wp:term":[{"taxonomy":"product_brand","embeddable":true,"href":"https:\/\/www.navarroaubanell.com\/ca\/wp-json\/wp\/v2\/product_brand?post=44494"},{"taxonomy":"product_cat","embeddable":true,"href":"https:\/\/www.navarroaubanell.com\/ca\/wp-json\/wp\/v2\/product_cat?post=44494"},{"taxonomy":"product_tag","embeddable":true,"href":"https:\/\/www.navarroaubanell.com\/ca\/wp-json\/wp\/v2\/product_tag?post=44494"}],"curies":[{"name":"wp","href":"https:\/\/api.w.org\/{rel}","templated":true}]}}