{"id":44484,"date":"2025-02-07T11:39:05","date_gmt":"2025-02-07T10:39:05","guid":{"rendered":"https:\/\/www.navarroaubanell.com\/producto\/base-parasol-brisa-navarroaubanell-balliu\/"},"modified":"2025-02-07T11:47:55","modified_gmt":"2025-02-07T10:47:55","slug":"base-para-sol-brisa-navarroaubanell-balliu","status":"publish","type":"product","link":"https:\/\/www.navarroaubanell.com\/ca\/producte\/base-para-sol-brisa-navarroaubanell-balliu\/","title":{"rendered":"Base Para-sol Brisa"},"content":{"rendered":"<h5>Base per a Para-sol Brisa, de Balliu: Resist\u00e8ncia i Estabilitat Professional<\/h5>\n<div class=\"traductor-textarea form-group\">\n<div class=\"textarea-desti col-xs-12 col-sm-6\">\n<div class=\"form-control second-textarea\">La base per a para-sol Brisa est\u00e0 dissenyada per a oferir m\u00e0xima estabilitat i resist\u00e8ncia en entorns professionals com a hotels, jardins i espais de col\u00b7lectivitats. Ideal per al <a href=\"https:\/\/www.navarroaubanell.com\/ca\/producte\/para-sol-brisa-navarroaubanell-balliu\/\">Para-sol Brisa<\/a>.<\/div>\n<\/div>\n<\/div>\n<h6>Caracter\u00edstiques destacades:<\/h6>\n<ul>\n<li><strong>Fabricaci\u00f3<\/strong>: Ferro pintat amb pintura electroest\u00e0tica en color blanc.<\/li>\n<li><strong>Dimensions<\/strong>: Disseny quadrat de 60&#215;60 cm, proporcionant una base s\u00f2lida i segura.<\/li>\n<li><strong>Sistema de bloqueig<\/strong>: Fixa fermament el m\u00e0stil del para-sol per a una mejor seguretat.<\/li>\n<li><strong>\u00das professional<\/strong>: Ideal per a instal\u00b7lacions que requereixen fiabilitat i robustesa en exteriors.\n<div class=\"traductor-checkbox form-group\"><\/div>\n<\/li>\n<\/ul>\n<div class=\"traductor-textarea form-group\"><\/div>\n","protected":false},"excerpt":{"rendered":"<p>Base per a Para-sol Brisa, de Balliu: Resist\u00e8ncia i Estabilitat Professional La base per a para-sol Brisa est\u00e0 dissenyada per a oferir m\u00e0xima estabilitat i resist\u00e8ncia en entorns professionals com a hotels, jardins i espais de col\u00b7lectivitats. Ideal per al Para-sol Brisa. Caracter\u00edstiques destacades: Fabricaci\u00f3: Ferro pintat amb pintura electroest\u00e0tica en color blanc. Dimensions: Disseny&hellip;<\/p>\n","protected":false},"featured_media":44482,"template":"","meta":{"_acf_changed":false},"product_brand":[],"product_cat":[563,570],"product_tag":[593,1537,640,1365,1618],"class_list":{"0":"post-44484","1":"product","2":"type-product","3":"status-publish","4":"has-post-thumbnail","6":"product_cat-exterior-ca","7":"product_cat-peus-parasol","8":"product_tag-balliu-ca","9":"product_tag-base-ca","10":"product_tag-exterior-ca","11":"product_tag-hierro-ca","12":"product_tag-parasol-ca","13":"description-off","15":"first","16":"instock","17":"shipping-taxable","18":"product-type-simple"},"acf":[],"yoast_head":"<!-- This site is optimized with the Yoast SEO plugin v27.0 - https:\/\/yoast.com\/product\/yoast-seo-wordpress\/ -->\n<title>Base Para-sol Brisa - Navarro Aubanell<\/title>\n<meta name=\"description\" content=\"Base per a para-sol Brisa: estructura de ferro, disseny quadrat 60x60 cm, sistema de bloqueig segur, ideal per a \u00fas professional exterior.\" \/>\n<meta name=\"robots\" content=\"index, follow, max-snippet:-1, max-image-preview:large, max-video-preview:-1\" \/>\n<link rel=\"canonical\" href=\"https:\/\/www.navarroaubanell.com\/ca\/producte\/base-para-sol-brisa-navarroaubanell-balliu\/\" \/>\n<meta property=\"og:locale\" content=\"ca_ES\" \/>\n<meta property=\"og:type\" content=\"article\" \/>\n<meta property=\"og:title\" content=\"Base Para-sol Brisa - Navarro Aubanell\" \/>\n<meta property=\"og:description\" content=\"Base per a para-sol Brisa: estructura de ferro, disseny quadrat 60x60 cm, sistema de bloqueig segur, ideal per a \u00fas professional exterior.\" \/>\n<meta property=\"og:url\" content=\"https:\/\/www.navarroaubanell.com\/ca\/producte\/base-para-sol-brisa-navarroaubanell-balliu\/\" \/>\n<meta property=\"og:site_name\" content=\"Navarro Aubanell\" \/>\n<meta property=\"article:modified_time\" content=\"2025-02-07T10:47:55+00:00\" \/>\n<meta property=\"og:image\" content=\"https:\/\/www.navarroaubanell.com\/wp-content\/uploads\/2025\/02\/base-brisa-800x614-1.jpg\" \/>\n\t<meta property=\"og:image:width\" content=\"1280\" \/>\n\t<meta property=\"og:image:height\" content=\"1040\" \/>\n\t<meta property=\"og:image:type\" content=\"image\/jpeg\" \/>\n<meta name=\"twitter:label1\" content=\"Est. reading time\" \/>\n\t<meta name=\"twitter:data1\" content=\"1 minute\" \/>\n<script type=\"application\/ld+json\" class=\"yoast-schema-graph\">{\"@context\":\"https:\/\/schema.org\",\"@graph\":[{\"@type\":\"WebPage\",\"@id\":\"https:\/\/www.navarroaubanell.com\/ca\/producte\/base-para-sol-brisa-navarroaubanell-balliu\/\",\"url\":\"https:\/\/www.navarroaubanell.com\/ca\/producte\/base-para-sol-brisa-navarroaubanell-balliu\/\",\"name\":\"Base Para-sol Brisa - Navarro Aubanell\",\"isPartOf\":{\"@id\":\"https:\/\/www.navarroaubanell.com\/ca\/#website\"},\"primaryImageOfPage\":{\"@id\":\"https:\/\/www.navarroaubanell.com\/ca\/producte\/base-para-sol-brisa-navarroaubanell-balliu\/#primaryimage\"},\"image\":{\"@id\":\"https:\/\/www.navarroaubanell.com\/ca\/producte\/base-para-sol-brisa-navarroaubanell-balliu\/#primaryimage\"},\"thumbnailUrl\":\"https:\/\/www.navarroaubanell.com\/wp-content\/uploads\/2025\/02\/base-brisa-800x614-1.jpg\",\"datePublished\":\"2025-02-07T10:39:05+00:00\",\"dateModified\":\"2025-02-07T10:47:55+00:00\",\"description\":\"Base per a para-sol Brisa: estructura de ferro, disseny quadrat 60x60 cm, sistema de bloqueig segur, ideal per a \u00fas professional exterior.\",\"breadcrumb\":{\"@id\":\"https:\/\/www.navarroaubanell.com\/ca\/producte\/base-para-sol-brisa-navarroaubanell-balliu\/#breadcrumb\"},\"inLanguage\":\"ca\",\"potentialAction\":[{\"@type\":\"ReadAction\",\"target\":[\"https:\/\/www.navarroaubanell.com\/ca\/producte\/base-para-sol-brisa-navarroaubanell-balliu\/\"]}]},{\"@type\":\"ImageObject\",\"inLanguage\":\"ca\",\"@id\":\"https:\/\/www.navarroaubanell.com\/ca\/producte\/base-para-sol-brisa-navarroaubanell-balliu\/#primaryimage\",\"url\":\"https:\/\/www.navarroaubanell.com\/wp-content\/uploads\/2025\/02\/base-brisa-800x614-1.jpg\",\"contentUrl\":\"https:\/\/www.navarroaubanell.com\/wp-content\/uploads\/2025\/02\/base-brisa-800x614-1.jpg\",\"width\":1280,\"height\":1040,\"caption\":\"Base Parasol Brisa\"},{\"@type\":\"BreadcrumbList\",\"@id\":\"https:\/\/www.navarroaubanell.com\/ca\/producte\/base-para-sol-brisa-navarroaubanell-balliu\/#breadcrumb\",\"itemListElement\":[{\"@type\":\"ListItem\",\"position\":1,\"name\":\"Portada\",\"item\":\"https:\/\/www.navarroaubanell.com\/ca\/\"},{\"@type\":\"ListItem\",\"position\":2,\"name\":\"Productes\",\"item\":\"https:\/\/www.navarroaubanell.com\/productos\/\"},{\"@type\":\"ListItem\",\"position\":3,\"name\":\"Base Para-sol Brisa\"}]},{\"@type\":\"WebSite\",\"@id\":\"https:\/\/www.navarroaubanell.com\/ca\/#website\",\"url\":\"https:\/\/www.navarroaubanell.com\/ca\/\",\"name\":\"Navarro Aubanell\",\"description\":\"Mobiliario para hoteler\u00eda, colectividades y oficinas\",\"publisher\":{\"@id\":\"https:\/\/www.navarroaubanell.com\/ca\/#organization\"},\"potentialAction\":[{\"@type\":\"SearchAction\",\"target\":{\"@type\":\"EntryPoint\",\"urlTemplate\":\"https:\/\/www.navarroaubanell.com\/ca\/?s={search_term_string}\"},\"query-input\":{\"@type\":\"PropertyValueSpecification\",\"valueRequired\":true,\"valueName\":\"search_term_string\"}}],\"inLanguage\":\"ca\"},{\"@type\":\"Organization\",\"@id\":\"https:\/\/www.navarroaubanell.com\/ca\/#organization\",\"name\":\"COMERCIAL NAVARRO AUBANELL, S.A\",\"url\":\"https:\/\/www.navarroaubanell.com\/ca\/\",\"logo\":{\"@type\":\"ImageObject\",\"inLanguage\":\"ca\",\"@id\":\"https:\/\/www.navarroaubanell.com\/ca\/#\/schema\/logo\/image\/\",\"url\":\"https:\/\/www.navarroaubanell.com\/wp-content\/uploads\/2017\/07\/logo-navarro-aubuanell.png\",\"contentUrl\":\"https:\/\/www.navarroaubanell.com\/wp-content\/uploads\/2017\/07\/logo-navarro-aubuanell.png\",\"width\":6304,\"height\":1154,\"caption\":\"COMERCIAL NAVARRO AUBANELL, S.A\"},\"image\":{\"@id\":\"https:\/\/www.navarroaubanell.com\/ca\/#\/schema\/logo\/image\/\"}}]}<\/script>\n<!-- \/ Yoast SEO plugin. -->","yoast_head_json":{"title":"Base Para-sol Brisa - Navarro Aubanell","description":"Base per a para-sol Brisa: estructura de ferro, disseny quadrat 60x60 cm, sistema de bloqueig segur, ideal per a \u00fas professional exterior.","robots":{"index":"index","follow":"follow","max-snippet":"max-snippet:-1","max-image-preview":"max-image-preview:large","max-video-preview":"max-video-preview:-1"},"canonical":"https:\/\/www.navarroaubanell.com\/ca\/producte\/base-para-sol-brisa-navarroaubanell-balliu\/","og_locale":"ca_ES","og_type":"article","og_title":"Base Para-sol Brisa - Navarro Aubanell","og_description":"Base per a para-sol Brisa: estructura de ferro, disseny quadrat 60x60 cm, sistema de bloqueig segur, ideal per a \u00fas professional exterior.","og_url":"https:\/\/www.navarroaubanell.com\/ca\/producte\/base-para-sol-brisa-navarroaubanell-balliu\/","og_site_name":"Navarro Aubanell","article_modified_time":"2025-02-07T10:47:55+00:00","og_image":[{"width":1280,"height":1040,"url":"https:\/\/www.navarroaubanell.com\/wp-content\/uploads\/2025\/02\/base-brisa-800x614-1.jpg","type":"image\/jpeg"}],"twitter_misc":{"Est. reading time":"1 minute"},"schema":{"@context":"https:\/\/schema.org","@graph":[{"@type":"WebPage","@id":"https:\/\/www.navarroaubanell.com\/ca\/producte\/base-para-sol-brisa-navarroaubanell-balliu\/","url":"https:\/\/www.navarroaubanell.com\/ca\/producte\/base-para-sol-brisa-navarroaubanell-balliu\/","name":"Base Para-sol Brisa - Navarro Aubanell","isPartOf":{"@id":"https:\/\/www.navarroaubanell.com\/ca\/#website"},"primaryImageOfPage":{"@id":"https:\/\/www.navarroaubanell.com\/ca\/producte\/base-para-sol-brisa-navarroaubanell-balliu\/#primaryimage"},"image":{"@id":"https:\/\/www.navarroaubanell.com\/ca\/producte\/base-para-sol-brisa-navarroaubanell-balliu\/#primaryimage"},"thumbnailUrl":"https:\/\/www.navarroaubanell.com\/wp-content\/uploads\/2025\/02\/base-brisa-800x614-1.jpg","datePublished":"2025-02-07T10:39:05+00:00","dateModified":"2025-02-07T10:47:55+00:00","description":"Base per a para-sol Brisa: estructura de ferro, disseny quadrat 60x60 cm, sistema de bloqueig segur, ideal per a \u00fas professional exterior.","breadcrumb":{"@id":"https:\/\/www.navarroaubanell.com\/ca\/producte\/base-para-sol-brisa-navarroaubanell-balliu\/#breadcrumb"},"inLanguage":"ca","potentialAction":[{"@type":"ReadAction","target":["https:\/\/www.navarroaubanell.com\/ca\/producte\/base-para-sol-brisa-navarroaubanell-balliu\/"]}]},{"@type":"ImageObject","inLanguage":"ca","@id":"https:\/\/www.navarroaubanell.com\/ca\/producte\/base-para-sol-brisa-navarroaubanell-balliu\/#primaryimage","url":"https:\/\/www.navarroaubanell.com\/wp-content\/uploads\/2025\/02\/base-brisa-800x614-1.jpg","contentUrl":"https:\/\/www.navarroaubanell.com\/wp-content\/uploads\/2025\/02\/base-brisa-800x614-1.jpg","width":1280,"height":1040,"caption":"Base Parasol Brisa"},{"@type":"BreadcrumbList","@id":"https:\/\/www.navarroaubanell.com\/ca\/producte\/base-para-sol-brisa-navarroaubanell-balliu\/#breadcrumb","itemListElement":[{"@type":"ListItem","position":1,"name":"Portada","item":"https:\/\/www.navarroaubanell.com\/ca\/"},{"@type":"ListItem","position":2,"name":"Productes","item":"https:\/\/www.navarroaubanell.com\/productos\/"},{"@type":"ListItem","position":3,"name":"Base Para-sol Brisa"}]},{"@type":"WebSite","@id":"https:\/\/www.navarroaubanell.com\/ca\/#website","url":"https:\/\/www.navarroaubanell.com\/ca\/","name":"Navarro Aubanell","description":"Mobiliario para hoteler\u00eda, colectividades y oficinas","publisher":{"@id":"https:\/\/www.navarroaubanell.com\/ca\/#organization"},"potentialAction":[{"@type":"SearchAction","target":{"@type":"EntryPoint","urlTemplate":"https:\/\/www.navarroaubanell.com\/ca\/?s={search_term_string}"},"query-input":{"@type":"PropertyValueSpecification","valueRequired":true,"valueName":"search_term_string"}}],"inLanguage":"ca"},{"@type":"Organization","@id":"https:\/\/www.navarroaubanell.com\/ca\/#organization","name":"COMERCIAL NAVARRO AUBANELL, S.A","url":"https:\/\/www.navarroaubanell.com\/ca\/","logo":{"@type":"ImageObject","inLanguage":"ca","@id":"https:\/\/www.navarroaubanell.com\/ca\/#\/schema\/logo\/image\/","url":"https:\/\/www.navarroaubanell.com\/wp-content\/uploads\/2017\/07\/logo-navarro-aubuanell.png","contentUrl":"https:\/\/www.navarroaubanell.com\/wp-content\/uploads\/2017\/07\/logo-navarro-aubuanell.png","width":6304,"height":1154,"caption":"COMERCIAL NAVARRO AUBANELL, S.A"},"image":{"@id":"https:\/\/www.navarroaubanell.com\/ca\/#\/schema\/logo\/image\/"}}]}},"_links":{"self":[{"href":"https:\/\/www.navarroaubanell.com\/ca\/wp-json\/wp\/v2\/product\/44484","targetHints":{"allow":["GET"]}}],"collection":[{"href":"https:\/\/www.navarroaubanell.com\/ca\/wp-json\/wp\/v2\/product"}],"about":[{"href":"https:\/\/www.navarroaubanell.com\/ca\/wp-json\/wp\/v2\/types\/product"}],"wp:featuredmedia":[{"embeddable":true,"href":"https:\/\/www.navarroaubanell.com\/ca\/wp-json\/wp\/v2\/media\/44482"}],"wp:attachment":[{"href":"https:\/\/www.navarroaubanell.com\/ca\/wp-json\/wp\/v2\/media?parent=44484"}],"wp:term":[{"taxonomy":"product_brand","embeddable":true,"href":"https:\/\/www.navarroaubanell.com\/ca\/wp-json\/wp\/v2\/product_brand?post=44484"},{"taxonomy":"product_cat","embeddable":true,"href":"https:\/\/www.navarroaubanell.com\/ca\/wp-json\/wp\/v2\/product_cat?post=44484"},{"taxonomy":"product_tag","embeddable":true,"href":"https:\/\/www.navarroaubanell.com\/ca\/wp-json\/wp\/v2\/product_tag?post=44484"}],"curies":[{"name":"wp","href":"https:\/\/api.w.org\/{rel}","templated":true}]}}