{"id":43719,"date":"2025-01-22T17:50:19","date_gmt":"2025-01-22T16:50:19","guid":{"rendered":"https:\/\/www.navarroaubanell.com\/producto\/conjunto-enisa-navarroaubanell\/"},"modified":"2025-01-23T08:37:59","modified_gmt":"2025-01-23T07:37:59","slug":"conjunt-enisa-navarroaubanell","status":"publish","type":"product","link":"https:\/\/www.navarroaubanell.com\/ca\/producte\/conjunt-enisa-navarroaubanell\/","title":{"rendered":"Conjunt Enisa"},"content":{"rendered":"<h5>Conjunt Enisa: Eleg\u00e0ncia i Funcionalitat<\/h5>\n<div class=\"flex max-w-full flex-col flex-grow\">\n<div class=\"min-h-8 text-message flex w-full flex-col items-end gap-2 whitespace-normal break-words text-start [.text-message+&amp;]:mt-5\" dir=\"auto\" data-message-author-role=\"assistant\" data-message-id=\"adae72c6-6b88-4ffc-b5db-46c9b5995c2a\" data-message-model-slug=\"gpt-4o\">\n<div class=\"flex w-full flex-col gap-1 empty:hidden first:pt-[3px]\">\n<div class=\"markdown prose w-full break-words dark:prose-invert light\">\n<div class=\"traductor-textarea form-group\">\n<div class=\"textarea-desti col-xs-12 col-sm-6\">\n<div class=\"form-control second-textarea\">El conjunt Enisa \u00e9s l&#8217;elecci\u00f3 perfecta per als qui busquen un equilibri entre disseny elegant i comoditat. El seu estil modern el converteix en una opci\u00f3 vers\u00e0til, ideal per a crear ambients acollidors i plens de calidesa, tant en exteriors com interiors.<\/div>\n<\/div>\n<\/div>\n<\/div>\n<\/div>\n<\/div>\n<\/div>\n<h6>Personalitzaci\u00f3 a la teva mesura<\/h6>\n<div class=\"traductor-textarea form-group\">\n<div class=\"textarea-desti col-xs-12 col-sm-6\">\n<div class=\"form-control second-textarea\">Cada pe\u00e7a del conjunt es pot adquirir per separat, la qual cosa et permet personalitzar la disposici\u00f3 segons l&#8217;espai disponible. El Conjunt Enisa inclou opcions com a sof\u00e0 de dues i tres places, butaca, m\u00f2duls raconers, taula de centre i taula auxiliar, permetent infinites combinacions.<\/div>\n<\/div>\n<\/div>\n<h6>Durabilitat i Resist\u00e8ncia<\/h6>\n<div class=\"traductor-textarea form-group\">\n<div class=\"textarea-desti col-xs-12 col-sm-6\">\n<div class=\"form-control second-textarea\">L&#8217;estructura de cada pe\u00e7a est\u00e0 fabricada en alumini d&#8217;alta qualitat, garantint una llarga vida \u00fatil. Aquest material, a m\u00e9s de ser resistent a les inclem\u00e8ncies del temps, est\u00e0 recobert amb una pintura blanca per a exteriors que protegeix i mant\u00e9 el seu aspecte. Els respatllers i bra\u00e7os, fets de corda de poli\u00e8ster amb protecci\u00f3 UV, s\u00f3n duradors i f\u00e0cils de mantenir.<\/div>\n<\/div>\n<\/div>\n<h6>Confort i Estil<\/h6>\n<div class=\"traductor-textarea form-group\">\n<div class=\"textarea-desti col-xs-12 col-sm-6\">\n<div class=\"form-control second-textarea\">Els coixins estan entapissats en teles n\u00e0utiques, resistents als diferents factors climatol\u00f2gics i disponibles en diferents colors per a adaptar-se a qualsevol estil decoratiu.<\/div>\n<\/div>\n<\/div>\n<h6>Mesures<\/h6>\n<ul>\n<li><strong>Butaca<\/strong>: 75x82x83 cm<\/li>\n<li><strong>Sof\u00e0 2 places:<\/strong> 136x82x83 cm<\/li>\n<li><strong>Sof\u00e0 3 places: <\/strong>195x82x83 cm<\/li>\n<li><strong>Taula de centre:<\/strong> 110x39x60 cm<\/li>\n<li><strong>Taula auxiliar:<\/strong> 50x49x50 cm<\/li>\n<\/ul>\n","protected":false},"excerpt":{"rendered":"<p>Conjunt Enisa: Eleg\u00e0ncia i Funcionalitat El conjunt Enisa \u00e9s l&#8217;elecci\u00f3 perfecta per als qui busquen un equilibri entre disseny elegant i comoditat. El seu estil modern el converteix en una opci\u00f3 vers\u00e0til, ideal per a crear ambients acollidors i plens de calidesa, tant en exteriors com interiors. Personalitzaci\u00f3 a la teva mesura Cada pe\u00e7a del&hellip;<\/p>\n","protected":false},"featured_media":43710,"template":"","meta":{"_acf_changed":false},"product_brand":[],"product_cat":[565,563],"product_tag":[992,749,640,1638,1644,1642,754,696],"class_list":{"0":"post-43719","1":"product","2":"type-product","3":"status-publish","4":"has-post-thumbnail","6":"product_cat-conjunts-exterior","7":"product_cat-exterior-ca","8":"product_tag-aluminio-ca","9":"product_tag-cadira-de-barcos","10":"product_tag-exterior-ca","11":"product_tag-f-70-ca","12":"product_tag-mesa-central-ca","13":"product_tag-nautico-ca","14":"product_tag-sofa-ca","15":"product_tag-taula-auxiliar","16":"description-off","18":"first","19":"instock","20":"shipping-taxable","21":"product-type-simple"},"acf":[],"yoast_head":"<!-- This site is optimized with the Yoast SEO plugin v27.0 - https:\/\/yoast.com\/product\/yoast-seo-wordpress\/ -->\n<title>Conjunt Enisa - Navarro Aubanell<\/title>\n<meta name=\"description\" content=\"Conjunt Enisa: fusi\u00f3 d&#039;eleg\u00e0ncia i confort, amb alumini resistent, entenimentada UV i coixins n\u00e0utics. Perfecte per a qualsevol ambient.\" \/>\n<meta name=\"robots\" content=\"index, follow, max-snippet:-1, max-image-preview:large, max-video-preview:-1\" \/>\n<link rel=\"canonical\" href=\"https:\/\/www.navarroaubanell.com\/ca\/producte\/conjunt-enisa-navarroaubanell\/\" \/>\n<meta property=\"og:locale\" content=\"ca_ES\" \/>\n<meta property=\"og:type\" content=\"article\" \/>\n<meta property=\"og:title\" content=\"Conjunt Enisa - Navarro Aubanell\" \/>\n<meta property=\"og:description\" content=\"Conjunt Enisa: fusi\u00f3 d&#039;eleg\u00e0ncia i confort, amb alumini resistent, entenimentada UV i coixins n\u00e0utics. Perfecte per a qualsevol ambient.\" \/>\n<meta property=\"og:url\" content=\"https:\/\/www.navarroaubanell.com\/ca\/producte\/conjunt-enisa-navarroaubanell\/\" \/>\n<meta property=\"og:site_name\" content=\"Navarro Aubanell\" \/>\n<meta property=\"article:modified_time\" content=\"2025-01-23T07:37:59+00:00\" \/>\n<meta property=\"og:image\" content=\"https:\/\/www.navarroaubanell.com\/wp-content\/uploads\/2025\/01\/Conjunto-Enisa.png\" \/>\n\t<meta property=\"og:image:width\" content=\"800\" \/>\n\t<meta property=\"og:image:height\" content=\"650\" \/>\n\t<meta property=\"og:image:type\" content=\"image\/png\" \/>\n<meta name=\"twitter:label1\" content=\"Est. reading time\" \/>\n\t<meta name=\"twitter:data1\" content=\"2 minutes\" \/>\n<script type=\"application\/ld+json\" class=\"yoast-schema-graph\">{\"@context\":\"https:\/\/schema.org\",\"@graph\":[{\"@type\":\"WebPage\",\"@id\":\"https:\/\/www.navarroaubanell.com\/ca\/producte\/conjunt-enisa-navarroaubanell\/\",\"url\":\"https:\/\/www.navarroaubanell.com\/ca\/producte\/conjunt-enisa-navarroaubanell\/\",\"name\":\"Conjunt Enisa - Navarro Aubanell\",\"isPartOf\":{\"@id\":\"https:\/\/www.navarroaubanell.com\/ca\/#website\"},\"primaryImageOfPage\":{\"@id\":\"https:\/\/www.navarroaubanell.com\/ca\/producte\/conjunt-enisa-navarroaubanell\/#primaryimage\"},\"image\":{\"@id\":\"https:\/\/www.navarroaubanell.com\/ca\/producte\/conjunt-enisa-navarroaubanell\/#primaryimage\"},\"thumbnailUrl\":\"https:\/\/www.navarroaubanell.com\/wp-content\/uploads\/2025\/01\/Conjunto-Enisa.png\",\"datePublished\":\"2025-01-22T16:50:19+00:00\",\"dateModified\":\"2025-01-23T07:37:59+00:00\",\"description\":\"Conjunt Enisa: fusi\u00f3 d'eleg\u00e0ncia i confort, amb alumini resistent, entenimentada UV i coixins n\u00e0utics. Perfecte per a qualsevol ambient.\",\"breadcrumb\":{\"@id\":\"https:\/\/www.navarroaubanell.com\/ca\/producte\/conjunt-enisa-navarroaubanell\/#breadcrumb\"},\"inLanguage\":\"ca\",\"potentialAction\":[{\"@type\":\"ReadAction\",\"target\":[\"https:\/\/www.navarroaubanell.com\/ca\/producte\/conjunt-enisa-navarroaubanell\/\"]}]},{\"@type\":\"ImageObject\",\"inLanguage\":\"ca\",\"@id\":\"https:\/\/www.navarroaubanell.com\/ca\/producte\/conjunt-enisa-navarroaubanell\/#primaryimage\",\"url\":\"https:\/\/www.navarroaubanell.com\/wp-content\/uploads\/2025\/01\/Conjunto-Enisa.png\",\"contentUrl\":\"https:\/\/www.navarroaubanell.com\/wp-content\/uploads\/2025\/01\/Conjunto-Enisa.png\",\"width\":800,\"height\":650,\"caption\":\"Conjunt Enisa\"},{\"@type\":\"BreadcrumbList\",\"@id\":\"https:\/\/www.navarroaubanell.com\/ca\/producte\/conjunt-enisa-navarroaubanell\/#breadcrumb\",\"itemListElement\":[{\"@type\":\"ListItem\",\"position\":1,\"name\":\"Portada\",\"item\":\"https:\/\/www.navarroaubanell.com\/ca\/\"},{\"@type\":\"ListItem\",\"position\":2,\"name\":\"Productes\",\"item\":\"https:\/\/www.navarroaubanell.com\/productos\/\"},{\"@type\":\"ListItem\",\"position\":3,\"name\":\"Conjunt Enisa\"}]},{\"@type\":\"WebSite\",\"@id\":\"https:\/\/www.navarroaubanell.com\/ca\/#website\",\"url\":\"https:\/\/www.navarroaubanell.com\/ca\/\",\"name\":\"Navarro Aubanell\",\"description\":\"Mobiliario para hoteler\u00eda, colectividades y oficinas\",\"publisher\":{\"@id\":\"https:\/\/www.navarroaubanell.com\/ca\/#organization\"},\"potentialAction\":[{\"@type\":\"SearchAction\",\"target\":{\"@type\":\"EntryPoint\",\"urlTemplate\":\"https:\/\/www.navarroaubanell.com\/ca\/?s={search_term_string}\"},\"query-input\":{\"@type\":\"PropertyValueSpecification\",\"valueRequired\":true,\"valueName\":\"search_term_string\"}}],\"inLanguage\":\"ca\"},{\"@type\":\"Organization\",\"@id\":\"https:\/\/www.navarroaubanell.com\/ca\/#organization\",\"name\":\"COMERCIAL NAVARRO AUBANELL, S.A\",\"url\":\"https:\/\/www.navarroaubanell.com\/ca\/\",\"logo\":{\"@type\":\"ImageObject\",\"inLanguage\":\"ca\",\"@id\":\"https:\/\/www.navarroaubanell.com\/ca\/#\/schema\/logo\/image\/\",\"url\":\"https:\/\/www.navarroaubanell.com\/wp-content\/uploads\/2017\/07\/logo-navarro-aubuanell.png\",\"contentUrl\":\"https:\/\/www.navarroaubanell.com\/wp-content\/uploads\/2017\/07\/logo-navarro-aubuanell.png\",\"width\":6304,\"height\":1154,\"caption\":\"COMERCIAL NAVARRO AUBANELL, S.A\"},\"image\":{\"@id\":\"https:\/\/www.navarroaubanell.com\/ca\/#\/schema\/logo\/image\/\"}}]}<\/script>\n<!-- \/ Yoast SEO plugin. -->","yoast_head_json":{"title":"Conjunt Enisa - Navarro Aubanell","description":"Conjunt Enisa: fusi\u00f3 d'eleg\u00e0ncia i confort, amb alumini resistent, entenimentada UV i coixins n\u00e0utics. Perfecte per a qualsevol ambient.","robots":{"index":"index","follow":"follow","max-snippet":"max-snippet:-1","max-image-preview":"max-image-preview:large","max-video-preview":"max-video-preview:-1"},"canonical":"https:\/\/www.navarroaubanell.com\/ca\/producte\/conjunt-enisa-navarroaubanell\/","og_locale":"ca_ES","og_type":"article","og_title":"Conjunt Enisa - Navarro Aubanell","og_description":"Conjunt Enisa: fusi\u00f3 d'eleg\u00e0ncia i confort, amb alumini resistent, entenimentada UV i coixins n\u00e0utics. Perfecte per a qualsevol ambient.","og_url":"https:\/\/www.navarroaubanell.com\/ca\/producte\/conjunt-enisa-navarroaubanell\/","og_site_name":"Navarro Aubanell","article_modified_time":"2025-01-23T07:37:59+00:00","og_image":[{"width":800,"height":650,"url":"https:\/\/www.navarroaubanell.com\/wp-content\/uploads\/2025\/01\/Conjunto-Enisa.png","type":"image\/png"}],"twitter_misc":{"Est. reading time":"2 minutes"},"schema":{"@context":"https:\/\/schema.org","@graph":[{"@type":"WebPage","@id":"https:\/\/www.navarroaubanell.com\/ca\/producte\/conjunt-enisa-navarroaubanell\/","url":"https:\/\/www.navarroaubanell.com\/ca\/producte\/conjunt-enisa-navarroaubanell\/","name":"Conjunt Enisa - Navarro Aubanell","isPartOf":{"@id":"https:\/\/www.navarroaubanell.com\/ca\/#website"},"primaryImageOfPage":{"@id":"https:\/\/www.navarroaubanell.com\/ca\/producte\/conjunt-enisa-navarroaubanell\/#primaryimage"},"image":{"@id":"https:\/\/www.navarroaubanell.com\/ca\/producte\/conjunt-enisa-navarroaubanell\/#primaryimage"},"thumbnailUrl":"https:\/\/www.navarroaubanell.com\/wp-content\/uploads\/2025\/01\/Conjunto-Enisa.png","datePublished":"2025-01-22T16:50:19+00:00","dateModified":"2025-01-23T07:37:59+00:00","description":"Conjunt Enisa: fusi\u00f3 d'eleg\u00e0ncia i confort, amb alumini resistent, entenimentada UV i coixins n\u00e0utics. Perfecte per a qualsevol ambient.","breadcrumb":{"@id":"https:\/\/www.navarroaubanell.com\/ca\/producte\/conjunt-enisa-navarroaubanell\/#breadcrumb"},"inLanguage":"ca","potentialAction":[{"@type":"ReadAction","target":["https:\/\/www.navarroaubanell.com\/ca\/producte\/conjunt-enisa-navarroaubanell\/"]}]},{"@type":"ImageObject","inLanguage":"ca","@id":"https:\/\/www.navarroaubanell.com\/ca\/producte\/conjunt-enisa-navarroaubanell\/#primaryimage","url":"https:\/\/www.navarroaubanell.com\/wp-content\/uploads\/2025\/01\/Conjunto-Enisa.png","contentUrl":"https:\/\/www.navarroaubanell.com\/wp-content\/uploads\/2025\/01\/Conjunto-Enisa.png","width":800,"height":650,"caption":"Conjunt Enisa"},{"@type":"BreadcrumbList","@id":"https:\/\/www.navarroaubanell.com\/ca\/producte\/conjunt-enisa-navarroaubanell\/#breadcrumb","itemListElement":[{"@type":"ListItem","position":1,"name":"Portada","item":"https:\/\/www.navarroaubanell.com\/ca\/"},{"@type":"ListItem","position":2,"name":"Productes","item":"https:\/\/www.navarroaubanell.com\/productos\/"},{"@type":"ListItem","position":3,"name":"Conjunt Enisa"}]},{"@type":"WebSite","@id":"https:\/\/www.navarroaubanell.com\/ca\/#website","url":"https:\/\/www.navarroaubanell.com\/ca\/","name":"Navarro Aubanell","description":"Mobiliario para hoteler\u00eda, colectividades y oficinas","publisher":{"@id":"https:\/\/www.navarroaubanell.com\/ca\/#organization"},"potentialAction":[{"@type":"SearchAction","target":{"@type":"EntryPoint","urlTemplate":"https:\/\/www.navarroaubanell.com\/ca\/?s={search_term_string}"},"query-input":{"@type":"PropertyValueSpecification","valueRequired":true,"valueName":"search_term_string"}}],"inLanguage":"ca"},{"@type":"Organization","@id":"https:\/\/www.navarroaubanell.com\/ca\/#organization","name":"COMERCIAL NAVARRO AUBANELL, S.A","url":"https:\/\/www.navarroaubanell.com\/ca\/","logo":{"@type":"ImageObject","inLanguage":"ca","@id":"https:\/\/www.navarroaubanell.com\/ca\/#\/schema\/logo\/image\/","url":"https:\/\/www.navarroaubanell.com\/wp-content\/uploads\/2017\/07\/logo-navarro-aubuanell.png","contentUrl":"https:\/\/www.navarroaubanell.com\/wp-content\/uploads\/2017\/07\/logo-navarro-aubuanell.png","width":6304,"height":1154,"caption":"COMERCIAL NAVARRO AUBANELL, S.A"},"image":{"@id":"https:\/\/www.navarroaubanell.com\/ca\/#\/schema\/logo\/image\/"}}]}},"_links":{"self":[{"href":"https:\/\/www.navarroaubanell.com\/ca\/wp-json\/wp\/v2\/product\/43719","targetHints":{"allow":["GET"]}}],"collection":[{"href":"https:\/\/www.navarroaubanell.com\/ca\/wp-json\/wp\/v2\/product"}],"about":[{"href":"https:\/\/www.navarroaubanell.com\/ca\/wp-json\/wp\/v2\/types\/product"}],"wp:featuredmedia":[{"embeddable":true,"href":"https:\/\/www.navarroaubanell.com\/ca\/wp-json\/wp\/v2\/media\/43710"}],"wp:attachment":[{"href":"https:\/\/www.navarroaubanell.com\/ca\/wp-json\/wp\/v2\/media?parent=43719"}],"wp:term":[{"taxonomy":"product_brand","embeddable":true,"href":"https:\/\/www.navarroaubanell.com\/ca\/wp-json\/wp\/v2\/product_brand?post=43719"},{"taxonomy":"product_cat","embeddable":true,"href":"https:\/\/www.navarroaubanell.com\/ca\/wp-json\/wp\/v2\/product_cat?post=43719"},{"taxonomy":"product_tag","embeddable":true,"href":"https:\/\/www.navarroaubanell.com\/ca\/wp-json\/wp\/v2\/product_tag?post=43719"}],"curies":[{"name":"wp","href":"https:\/\/api.w.org\/{rel}","templated":true}]}}