{"id":43700,"date":"2025-01-22T12:51:47","date_gmt":"2025-01-22T11:51:47","guid":{"rendered":"https:\/\/www.navarroaubanell.com\/producto\/conjunto-nalim-navarroaubanell\/"},"modified":"2025-01-22T12:57:54","modified_gmt":"2025-01-22T11:57:54","slug":"conjunt-nalim-navarroaubanell","status":"publish","type":"product","link":"https:\/\/www.navarroaubanell.com\/ca\/producte\/conjunt-nalim-navarroaubanell\/","title":{"rendered":"Conjunt Nalim"},"content":{"rendered":"<h5>Conjunt Nalim: La combinaci\u00f3 perfecta d&#8217;estil i funcionalitat<\/h5>\n<div class=\"traductor-textarea form-group\">\n<div class=\"textarea-desti col-xs-12 col-sm-6\">\n<div class=\"form-control second-textarea\">El Conjunt Nalim \u00e9s l&#8217;elecci\u00f3 ideal per als qui busquen un disseny modern i elegant, sense renunciar a la funcionalitat. Aquest conjunt s&#8217;integra de manera harmoniosa aportant un toc contemporani i sofisticat tant a espais exteriors com interiors.<\/div>\n<\/div>\n<\/div>\n<h6>Opcions personalitzables per a adaptar-se a qualsevol espai<\/h6>\n<div class=\"traductor-textarea form-group\">\n<div class=\"textarea-desti col-xs-12 col-sm-6\">\n<div class=\"form-control second-textarea\">Cada pe\u00e7a est\u00e0 disponible de manera individual, la qual cosa permet personalitzar la configuraci\u00f3 perfecta per al seu espai. El conjunt inclou sof\u00e0s de dues i tres places, butaques, m\u00f2duls raconers, taules de centre i puffs, brindant m\u00faltiples combinacions per a qualsevol ambient.<\/div>\n<\/div>\n<\/div>\n<h6>Materials d&#8217;alta qualitat i disseny modern<\/h6>\n<div class=\"traductor-textarea form-group\">\n<div class=\"textarea-desti col-xs-12 col-sm-6\">\n<div class=\"form-control second-textarea\">L&#8217;estructura de Nalim est\u00e0 fabricada amb alumini recobert amb pintura blanca especial per a exteriors, assegurant la resist\u00e8ncia a diferents condicions clim\u00e0tiques. El suport, amb figures quadrades, afegeix un toc industrial, perfecte per als qui busquen un estil modern i minimalista.<\/div>\n<\/div>\n<\/div>\n<h6>Comoditat i resist\u00e8ncia a cada detall<\/h6>\n<div class=\"traductor-textarea form-group\">\n<div class=\"textarea-desti col-xs-12 col-sm-6\">\n<div class=\"form-control second-textarea\">Els coixins estan entapissats amb teles n\u00e0utiques, garantint la seva resist\u00e8ncia a l&#8217;exterior. Els acabats estan disponibles en diferents colors i teles perqu\u00e8 cada usuari pugui adaptar el conjunt al seu estil decoratiu.<\/div>\n<\/div>\n<\/div>\n<h6>Dimensions del Conjunt Nalim<\/h6>\n<ul>\n<li><strong>Butaca<\/strong>: 82x80x80 cm<\/li>\n<li><strong>Sof\u00e0 2 places:<\/strong> 147x80x80 cm<\/li>\n<li><strong>Sof\u00e0 3 places:<\/strong> 220x80x80 cm<\/li>\n<li><strong>Taula de centre:<\/strong> 85&#215;46 cm \/ 65&#215;38 cm<\/li>\n<li><strong>Puff:<\/strong> 85x87x47 cm<\/li>\n<\/ul>\n","protected":false},"excerpt":{"rendered":"<p>Conjunt Nalim: La combinaci\u00f3 perfecta d&#8217;estil i funcionalitat El Conjunt Nalim \u00e9s l&#8217;elecci\u00f3 ideal per als qui busquen un disseny modern i elegant, sense renunciar a la funcionalitat. Aquest conjunt s&#8217;integra de manera harmoniosa aportant un toc contemporani i sofisticat tant a espais exteriors com interiors. Opcions personalitzables per a adaptar-se a qualsevol espai Cada&hellip;<\/p>\n","protected":false},"featured_media":44505,"template":"","meta":{"_acf_changed":false},"product_brand":[],"product_cat":[565,563],"product_tag":[749,617,640,1638,1644,1642,1646,754],"class_list":{"0":"post-43700","1":"product","2":"type-product","3":"status-publish","4":"has-post-thumbnail","6":"product_cat-conjunts-exterior","7":"product_cat-exterior-ca","8":"product_tag-cadira-de-barcos","9":"product_tag-conjunt","10":"product_tag-exterior-ca","11":"product_tag-f-70-ca","12":"product_tag-mesa-central-ca","13":"product_tag-nautico-ca","14":"product_tag-puff-ca","15":"product_tag-sofa-ca","16":"description-off","18":"first","19":"instock","20":"shipping-taxable","21":"product-type-simple"},"acf":[],"yoast_head":"<!-- This site is optimized with the Yoast SEO plugin v27.0 - https:\/\/yoast.com\/product\/yoast-seo-wordpress\/ -->\n<title>Conjunt Nalim - Navarro Aubanell<\/title>\n<meta name=\"description\" content=\"Conjunt Nalim: modern, funcional i resistent. Estructura d&#039;alumini i coixins n\u00e0utics. Personalitzable per a interiors i exteriors.\" \/>\n<meta name=\"robots\" content=\"index, follow, max-snippet:-1, max-image-preview:large, max-video-preview:-1\" \/>\n<link rel=\"canonical\" href=\"https:\/\/www.navarroaubanell.com\/ca\/producte\/conjunt-nalim-navarroaubanell\/\" \/>\n<meta property=\"og:locale\" content=\"ca_ES\" \/>\n<meta property=\"og:type\" content=\"article\" \/>\n<meta property=\"og:title\" content=\"Conjunt Nalim - Navarro Aubanell\" \/>\n<meta property=\"og:description\" content=\"Conjunt Nalim: modern, funcional i resistent. Estructura d&#039;alumini i coixins n\u00e0utics. Personalitzable per a interiors i exteriors.\" \/>\n<meta property=\"og:url\" content=\"https:\/\/www.navarroaubanell.com\/ca\/producte\/conjunt-nalim-navarroaubanell\/\" \/>\n<meta property=\"og:site_name\" content=\"Navarro Aubanell\" \/>\n<meta property=\"article:modified_time\" content=\"2025-01-22T11:57:54+00:00\" \/>\n<meta property=\"og:image\" content=\"https:\/\/www.navarroaubanell.com\/wp-content\/uploads\/2025\/01\/Conjunto-Nalimmm-Photoroom.png\" \/>\n\t<meta property=\"og:image:width\" content=\"1280\" \/>\n\t<meta property=\"og:image:height\" content=\"1040\" \/>\n\t<meta property=\"og:image:type\" content=\"image\/png\" \/>\n<meta name=\"twitter:label1\" content=\"Est. reading time\" \/>\n\t<meta name=\"twitter:data1\" content=\"2 minutes\" \/>\n<script type=\"application\/ld+json\" class=\"yoast-schema-graph\">{\"@context\":\"https:\/\/schema.org\",\"@graph\":[{\"@type\":\"WebPage\",\"@id\":\"https:\/\/www.navarroaubanell.com\/ca\/producte\/conjunt-nalim-navarroaubanell\/\",\"url\":\"https:\/\/www.navarroaubanell.com\/ca\/producte\/conjunt-nalim-navarroaubanell\/\",\"name\":\"Conjunt Nalim - Navarro Aubanell\",\"isPartOf\":{\"@id\":\"https:\/\/www.navarroaubanell.com\/ca\/#website\"},\"primaryImageOfPage\":{\"@id\":\"https:\/\/www.navarroaubanell.com\/ca\/producte\/conjunt-nalim-navarroaubanell\/#primaryimage\"},\"image\":{\"@id\":\"https:\/\/www.navarroaubanell.com\/ca\/producte\/conjunt-nalim-navarroaubanell\/#primaryimage\"},\"thumbnailUrl\":\"https:\/\/www.navarroaubanell.com\/wp-content\/uploads\/2025\/01\/Conjunto-Nalimmm-Photoroom.png\",\"datePublished\":\"2025-01-22T11:51:47+00:00\",\"dateModified\":\"2025-01-22T11:57:54+00:00\",\"description\":\"Conjunt Nalim: modern, funcional i resistent. Estructura d'alumini i coixins n\u00e0utics. Personalitzable per a interiors i exteriors.\",\"breadcrumb\":{\"@id\":\"https:\/\/www.navarroaubanell.com\/ca\/producte\/conjunt-nalim-navarroaubanell\/#breadcrumb\"},\"inLanguage\":\"ca\",\"potentialAction\":[{\"@type\":\"ReadAction\",\"target\":[\"https:\/\/www.navarroaubanell.com\/ca\/producte\/conjunt-nalim-navarroaubanell\/\"]}]},{\"@type\":\"ImageObject\",\"inLanguage\":\"ca\",\"@id\":\"https:\/\/www.navarroaubanell.com\/ca\/producte\/conjunt-nalim-navarroaubanell\/#primaryimage\",\"url\":\"https:\/\/www.navarroaubanell.com\/wp-content\/uploads\/2025\/01\/Conjunto-Nalimmm-Photoroom.png\",\"contentUrl\":\"https:\/\/www.navarroaubanell.com\/wp-content\/uploads\/2025\/01\/Conjunto-Nalimmm-Photoroom.png\",\"width\":1280,\"height\":1040,\"caption\":\"Conjunto Nalim\"},{\"@type\":\"BreadcrumbList\",\"@id\":\"https:\/\/www.navarroaubanell.com\/ca\/producte\/conjunt-nalim-navarroaubanell\/#breadcrumb\",\"itemListElement\":[{\"@type\":\"ListItem\",\"position\":1,\"name\":\"Portada\",\"item\":\"https:\/\/www.navarroaubanell.com\/ca\/\"},{\"@type\":\"ListItem\",\"position\":2,\"name\":\"Productes\",\"item\":\"https:\/\/www.navarroaubanell.com\/productos\/\"},{\"@type\":\"ListItem\",\"position\":3,\"name\":\"Conjunt Nalim\"}]},{\"@type\":\"WebSite\",\"@id\":\"https:\/\/www.navarroaubanell.com\/ca\/#website\",\"url\":\"https:\/\/www.navarroaubanell.com\/ca\/\",\"name\":\"Navarro Aubanell\",\"description\":\"Mobiliario para hoteler\u00eda, colectividades y oficinas\",\"publisher\":{\"@id\":\"https:\/\/www.navarroaubanell.com\/ca\/#organization\"},\"potentialAction\":[{\"@type\":\"SearchAction\",\"target\":{\"@type\":\"EntryPoint\",\"urlTemplate\":\"https:\/\/www.navarroaubanell.com\/ca\/?s={search_term_string}\"},\"query-input\":{\"@type\":\"PropertyValueSpecification\",\"valueRequired\":true,\"valueName\":\"search_term_string\"}}],\"inLanguage\":\"ca\"},{\"@type\":\"Organization\",\"@id\":\"https:\/\/www.navarroaubanell.com\/ca\/#organization\",\"name\":\"COMERCIAL NAVARRO AUBANELL, S.A\",\"url\":\"https:\/\/www.navarroaubanell.com\/ca\/\",\"logo\":{\"@type\":\"ImageObject\",\"inLanguage\":\"ca\",\"@id\":\"https:\/\/www.navarroaubanell.com\/ca\/#\/schema\/logo\/image\/\",\"url\":\"https:\/\/www.navarroaubanell.com\/wp-content\/uploads\/2017\/07\/logo-navarro-aubuanell.png\",\"contentUrl\":\"https:\/\/www.navarroaubanell.com\/wp-content\/uploads\/2017\/07\/logo-navarro-aubuanell.png\",\"width\":6304,\"height\":1154,\"caption\":\"COMERCIAL NAVARRO AUBANELL, S.A\"},\"image\":{\"@id\":\"https:\/\/www.navarroaubanell.com\/ca\/#\/schema\/logo\/image\/\"}}]}<\/script>\n<!-- \/ Yoast SEO plugin. -->","yoast_head_json":{"title":"Conjunt Nalim - Navarro Aubanell","description":"Conjunt Nalim: modern, funcional i resistent. Estructura d'alumini i coixins n\u00e0utics. Personalitzable per a interiors i exteriors.","robots":{"index":"index","follow":"follow","max-snippet":"max-snippet:-1","max-image-preview":"max-image-preview:large","max-video-preview":"max-video-preview:-1"},"canonical":"https:\/\/www.navarroaubanell.com\/ca\/producte\/conjunt-nalim-navarroaubanell\/","og_locale":"ca_ES","og_type":"article","og_title":"Conjunt Nalim - Navarro Aubanell","og_description":"Conjunt Nalim: modern, funcional i resistent. Estructura d'alumini i coixins n\u00e0utics. Personalitzable per a interiors i exteriors.","og_url":"https:\/\/www.navarroaubanell.com\/ca\/producte\/conjunt-nalim-navarroaubanell\/","og_site_name":"Navarro Aubanell","article_modified_time":"2025-01-22T11:57:54+00:00","og_image":[{"width":1280,"height":1040,"url":"https:\/\/www.navarroaubanell.com\/wp-content\/uploads\/2025\/01\/Conjunto-Nalimmm-Photoroom.png","type":"image\/png"}],"twitter_misc":{"Est. reading time":"2 minutes"},"schema":{"@context":"https:\/\/schema.org","@graph":[{"@type":"WebPage","@id":"https:\/\/www.navarroaubanell.com\/ca\/producte\/conjunt-nalim-navarroaubanell\/","url":"https:\/\/www.navarroaubanell.com\/ca\/producte\/conjunt-nalim-navarroaubanell\/","name":"Conjunt Nalim - Navarro Aubanell","isPartOf":{"@id":"https:\/\/www.navarroaubanell.com\/ca\/#website"},"primaryImageOfPage":{"@id":"https:\/\/www.navarroaubanell.com\/ca\/producte\/conjunt-nalim-navarroaubanell\/#primaryimage"},"image":{"@id":"https:\/\/www.navarroaubanell.com\/ca\/producte\/conjunt-nalim-navarroaubanell\/#primaryimage"},"thumbnailUrl":"https:\/\/www.navarroaubanell.com\/wp-content\/uploads\/2025\/01\/Conjunto-Nalimmm-Photoroom.png","datePublished":"2025-01-22T11:51:47+00:00","dateModified":"2025-01-22T11:57:54+00:00","description":"Conjunt Nalim: modern, funcional i resistent. Estructura d'alumini i coixins n\u00e0utics. Personalitzable per a interiors i exteriors.","breadcrumb":{"@id":"https:\/\/www.navarroaubanell.com\/ca\/producte\/conjunt-nalim-navarroaubanell\/#breadcrumb"},"inLanguage":"ca","potentialAction":[{"@type":"ReadAction","target":["https:\/\/www.navarroaubanell.com\/ca\/producte\/conjunt-nalim-navarroaubanell\/"]}]},{"@type":"ImageObject","inLanguage":"ca","@id":"https:\/\/www.navarroaubanell.com\/ca\/producte\/conjunt-nalim-navarroaubanell\/#primaryimage","url":"https:\/\/www.navarroaubanell.com\/wp-content\/uploads\/2025\/01\/Conjunto-Nalimmm-Photoroom.png","contentUrl":"https:\/\/www.navarroaubanell.com\/wp-content\/uploads\/2025\/01\/Conjunto-Nalimmm-Photoroom.png","width":1280,"height":1040,"caption":"Conjunto Nalim"},{"@type":"BreadcrumbList","@id":"https:\/\/www.navarroaubanell.com\/ca\/producte\/conjunt-nalim-navarroaubanell\/#breadcrumb","itemListElement":[{"@type":"ListItem","position":1,"name":"Portada","item":"https:\/\/www.navarroaubanell.com\/ca\/"},{"@type":"ListItem","position":2,"name":"Productes","item":"https:\/\/www.navarroaubanell.com\/productos\/"},{"@type":"ListItem","position":3,"name":"Conjunt Nalim"}]},{"@type":"WebSite","@id":"https:\/\/www.navarroaubanell.com\/ca\/#website","url":"https:\/\/www.navarroaubanell.com\/ca\/","name":"Navarro Aubanell","description":"Mobiliario para hoteler\u00eda, colectividades y oficinas","publisher":{"@id":"https:\/\/www.navarroaubanell.com\/ca\/#organization"},"potentialAction":[{"@type":"SearchAction","target":{"@type":"EntryPoint","urlTemplate":"https:\/\/www.navarroaubanell.com\/ca\/?s={search_term_string}"},"query-input":{"@type":"PropertyValueSpecification","valueRequired":true,"valueName":"search_term_string"}}],"inLanguage":"ca"},{"@type":"Organization","@id":"https:\/\/www.navarroaubanell.com\/ca\/#organization","name":"COMERCIAL NAVARRO AUBANELL, S.A","url":"https:\/\/www.navarroaubanell.com\/ca\/","logo":{"@type":"ImageObject","inLanguage":"ca","@id":"https:\/\/www.navarroaubanell.com\/ca\/#\/schema\/logo\/image\/","url":"https:\/\/www.navarroaubanell.com\/wp-content\/uploads\/2017\/07\/logo-navarro-aubuanell.png","contentUrl":"https:\/\/www.navarroaubanell.com\/wp-content\/uploads\/2017\/07\/logo-navarro-aubuanell.png","width":6304,"height":1154,"caption":"COMERCIAL NAVARRO AUBANELL, S.A"},"image":{"@id":"https:\/\/www.navarroaubanell.com\/ca\/#\/schema\/logo\/image\/"}}]}},"_links":{"self":[{"href":"https:\/\/www.navarroaubanell.com\/ca\/wp-json\/wp\/v2\/product\/43700","targetHints":{"allow":["GET"]}}],"collection":[{"href":"https:\/\/www.navarroaubanell.com\/ca\/wp-json\/wp\/v2\/product"}],"about":[{"href":"https:\/\/www.navarroaubanell.com\/ca\/wp-json\/wp\/v2\/types\/product"}],"wp:featuredmedia":[{"embeddable":true,"href":"https:\/\/www.navarroaubanell.com\/ca\/wp-json\/wp\/v2\/media\/44505"}],"wp:attachment":[{"href":"https:\/\/www.navarroaubanell.com\/ca\/wp-json\/wp\/v2\/media?parent=43700"}],"wp:term":[{"taxonomy":"product_brand","embeddable":true,"href":"https:\/\/www.navarroaubanell.com\/ca\/wp-json\/wp\/v2\/product_brand?post=43700"},{"taxonomy":"product_cat","embeddable":true,"href":"https:\/\/www.navarroaubanell.com\/ca\/wp-json\/wp\/v2\/product_cat?post=43700"},{"taxonomy":"product_tag","embeddable":true,"href":"https:\/\/www.navarroaubanell.com\/ca\/wp-json\/wp\/v2\/product_tag?post=43700"}],"curies":[{"name":"wp","href":"https:\/\/api.w.org\/{rel}","templated":true}]}}