{"id":43630,"date":"2025-01-21T12:10:26","date_gmt":"2025-01-21T11:10:26","guid":{"rendered":"https:\/\/www.navarroaubanell.com\/producto\/cama-balinesa-janer-navarroaubanell\/"},"modified":"2025-01-21T12:22:02","modified_gmt":"2025-01-21T11:22:02","slug":"llit-balines-janer-navarroaubanell","status":"publish","type":"product","link":"https:\/\/www.navarroaubanell.com\/ca\/producte\/llit-balines-janer-navarroaubanell\/","title":{"rendered":"Llit balin\u00e8s Janer"},"content":{"rendered":"<h5>Llit balin\u00e8s Janer: Relaxaci\u00f3 en Moviment<\/h5>\n<div class=\"traductor-textarea form-group\">\n<div class=\"textarea-desti col-xs-12 col-sm-6\">\n<div class=\"form-control second-textarea\">El Llit balin\u00e8s Janer, en format gronxador, est\u00e0 dissenyat per a oferir una experi\u00e8ncia de descans \u00fanica a l&#8217;aire lliure. Ja sigui al jard\u00ed, la terrassa o al costat de la piscina, Janer proporciona una sensaci\u00f3 de calma i serenitat, desconnectant del m\u00f3n exterior.<\/div>\n<\/div>\n<\/div>\n<h6>Estructura Resistent i Sofisticada<\/h6>\n<div class=\"traductor-textarea form-group\">\n<div class=\"textarea-desti col-xs-12 col-sm-6\">\n<div class=\"form-control second-textarea\">L&#8217;estructura de Janer est\u00e0 fabricada en alumini d&#8217;alta qualitat i recoberta amb una pintura especial per a exteriors, garantint la seva durabilitat enfront de les condicions clim\u00e0tiques. L&#8217;elegant color blanc de l&#8217;estructura s&#8217;adapta f\u00e0cilment a diferents estils decoratius, des dels m\u00e9s moderns fins als m\u00e9s cl\u00e0ssics.<\/div>\n<\/div>\n<\/div>\n<h6>Coixins N\u00e0utics i Diferents Acabats<\/h6>\n<div class=\"traductor-textarea form-group\">\n<div class=\"textarea-desti col-xs-12 col-sm-6\">\n<div class=\"form-control second-textarea\">Els coixins estan entapissats amb teixit n\u00e0utic, assegurant protecci\u00f3 enfront d&#8217;agents climatol\u00f2gics com el sol, la pluja o el vent moderat. A m\u00e9s, es pot personalitzar l&#8217;entapissat en diferents teles i acabats n\u00e0utics, per a aconseguir una integraci\u00f3 perfecta amb la decoraci\u00f3 del teu espai exterior.<\/div>\n<\/div>\n<\/div>\n<h6>Comoditat Extra amb Detalls Funcionals<\/h6>\n<div class=\"traductor-textarea form-group\">\n<div class=\"textarea-desti col-xs-12 col-sm-6\">\n<div class=\"form-control second-textarea\">El llit balin\u00e8s Janer compta amb una tauleta integrada als bra\u00e7os, ideal per a col\u00b7locar-hi begudes o llibres, proporcionant un descans \u00f2ptim. El gronxador est\u00e0 sostingut per cordes resistents i duradores, la qual cosa afegeix una sensaci\u00f3 de relaxaci\u00f3 que converteix cada moment en una experi\u00e8ncia \u00fanica.<\/div>\n<\/div>\n<\/div>\n","protected":false},"excerpt":{"rendered":"<p>Llit balin\u00e8s Janer: Relaxaci\u00f3 en Moviment El Llit balin\u00e8s Janer, en format gronxador, est\u00e0 dissenyat per a oferir una experi\u00e8ncia de descans \u00fanica a l&#8217;aire lliure. Ja sigui al jard\u00ed, la terrassa o al costat de la piscina, Janer proporciona una sensaci\u00f3 de calma i serenitat, desconnectant del m\u00f3n exterior. Estructura Resistent i Sofisticada L&#8217;estructura&hellip;<\/p>\n","protected":false},"featured_media":43622,"template":"","meta":{"_acf_changed":false},"product_brand":[],"product_cat":[1693,564,1694,563],"product_tag":[992,1641,640,1638,820,1642],"class_list":{"0":"post-43630","1":"product","2":"type-product","3":"status-publish","4":"has-post-thumbnail","6":"product_cat-chill-out-2-ca","7":"product_cat-chill-out-ca","8":"product_cat-columpios-ca","9":"product_cat-exterior-ca","10":"product_tag-aluminio-ca","11":"product_tag-cama-balinesa-ca","12":"product_tag-exterior-ca","13":"product_tag-f-70-ca","14":"product_tag-gronxador","15":"product_tag-nautico-ca","16":"description-off","18":"first","19":"instock","20":"shipping-taxable","21":"product-type-simple"},"acf":[],"yoast_head":"<!-- This site is optimized with the Yoast SEO plugin v27.5 - https:\/\/yoast.com\/product\/yoast-seo-wordpress\/ -->\n<title>Llit balin\u00e8s Janer - Navarro Aubanell<\/title>\n<meta name=\"description\" content=\"Llit balin\u00e8s Janer: estructura resistent, coixins n\u00e0utics personalitzables, gronxador flotant i mesita integrada per a una relaxaci\u00f3 exterior perfecta.\" \/>\n<meta name=\"robots\" content=\"index, follow, max-snippet:-1, max-image-preview:large, max-video-preview:-1\" \/>\n<link rel=\"canonical\" href=\"https:\/\/www.navarroaubanell.com\/ca\/producte\/llit-balines-janer-navarroaubanell\/\" \/>\n<meta property=\"og:locale\" content=\"ca_ES\" \/>\n<meta property=\"og:type\" content=\"article\" \/>\n<meta property=\"og:title\" content=\"Llit balin\u00e8s Janer - Navarro Aubanell\" \/>\n<meta property=\"og:description\" content=\"Llit balin\u00e8s Janer: estructura resistent, coixins n\u00e0utics personalitzables, gronxador flotant i mesita integrada per a una relaxaci\u00f3 exterior perfecta.\" \/>\n<meta property=\"og:url\" content=\"https:\/\/www.navarroaubanell.com\/ca\/producte\/llit-balines-janer-navarroaubanell\/\" \/>\n<meta property=\"og:site_name\" content=\"Navarro Aubanell\" \/>\n<meta property=\"article:modified_time\" content=\"2025-01-21T11:22:02+00:00\" \/>\n<meta property=\"og:image\" content=\"https:\/\/www.navarroaubanell.com\/wp-content\/uploads\/2025\/01\/Cama-Balinesa-Janer-1.png\" \/>\n\t<meta property=\"og:image:width\" content=\"800\" \/>\n\t<meta property=\"og:image:height\" content=\"650\" \/>\n\t<meta property=\"og:image:type\" content=\"image\/png\" \/>\n<meta name=\"twitter:label1\" content=\"Est. reading time\" \/>\n\t<meta name=\"twitter:data1\" content=\"2 minutes\" \/>\n<script type=\"application\/ld+json\" class=\"yoast-schema-graph\">{\"@context\":\"https:\\\/\\\/schema.org\",\"@graph\":[{\"@type\":\"WebPage\",\"@id\":\"https:\\\/\\\/www.navarroaubanell.com\\\/ca\\\/producte\\\/llit-balines-janer-navarroaubanell\\\/\",\"url\":\"https:\\\/\\\/www.navarroaubanell.com\\\/ca\\\/producte\\\/llit-balines-janer-navarroaubanell\\\/\",\"name\":\"Llit balin\u00e8s Janer - Navarro Aubanell\",\"isPartOf\":{\"@id\":\"https:\\\/\\\/www.navarroaubanell.com\\\/ca\\\/#website\"},\"primaryImageOfPage\":{\"@id\":\"https:\\\/\\\/www.navarroaubanell.com\\\/ca\\\/producte\\\/llit-balines-janer-navarroaubanell\\\/#primaryimage\"},\"image\":{\"@id\":\"https:\\\/\\\/www.navarroaubanell.com\\\/ca\\\/producte\\\/llit-balines-janer-navarroaubanell\\\/#primaryimage\"},\"thumbnailUrl\":\"https:\\\/\\\/www.navarroaubanell.com\\\/wp-content\\\/uploads\\\/2025\\\/01\\\/Cama-Balinesa-Janer-1.png\",\"datePublished\":\"2025-01-21T11:10:26+00:00\",\"dateModified\":\"2025-01-21T11:22:02+00:00\",\"description\":\"Llit balin\u00e8s Janer: estructura resistent, coixins n\u00e0utics personalitzables, gronxador flotant i mesita integrada per a una relaxaci\u00f3 exterior perfecta.\",\"breadcrumb\":{\"@id\":\"https:\\\/\\\/www.navarroaubanell.com\\\/ca\\\/producte\\\/llit-balines-janer-navarroaubanell\\\/#breadcrumb\"},\"inLanguage\":\"ca\",\"potentialAction\":[{\"@type\":\"ReadAction\",\"target\":[\"https:\\\/\\\/www.navarroaubanell.com\\\/ca\\\/producte\\\/llit-balines-janer-navarroaubanell\\\/\"]}]},{\"@type\":\"ImageObject\",\"inLanguage\":\"ca\",\"@id\":\"https:\\\/\\\/www.navarroaubanell.com\\\/ca\\\/producte\\\/llit-balines-janer-navarroaubanell\\\/#primaryimage\",\"url\":\"https:\\\/\\\/www.navarroaubanell.com\\\/wp-content\\\/uploads\\\/2025\\\/01\\\/Cama-Balinesa-Janer-1.png\",\"contentUrl\":\"https:\\\/\\\/www.navarroaubanell.com\\\/wp-content\\\/uploads\\\/2025\\\/01\\\/Cama-Balinesa-Janer-1.png\",\"width\":800,\"height\":650,\"caption\":\"Llit balin\u00e8s Janer\"},{\"@type\":\"BreadcrumbList\",\"@id\":\"https:\\\/\\\/www.navarroaubanell.com\\\/ca\\\/producte\\\/llit-balines-janer-navarroaubanell\\\/#breadcrumb\",\"itemListElement\":[{\"@type\":\"ListItem\",\"position\":1,\"name\":\"Portada\",\"item\":\"https:\\\/\\\/www.navarroaubanell.com\\\/ca\\\/\"},{\"@type\":\"ListItem\",\"position\":2,\"name\":\"Productes\",\"item\":\"https:\\\/\\\/www.navarroaubanell.com\\\/productos\\\/\"},{\"@type\":\"ListItem\",\"position\":3,\"name\":\"Llit balin\u00e8s Janer\"}]},{\"@type\":\"WebSite\",\"@id\":\"https:\\\/\\\/www.navarroaubanell.com\\\/ca\\\/#website\",\"url\":\"https:\\\/\\\/www.navarroaubanell.com\\\/ca\\\/\",\"name\":\"Navarro Aubanell\",\"description\":\"Mobiliario para hoteler\u00eda, colectividades y oficinas\",\"publisher\":{\"@id\":\"https:\\\/\\\/www.navarroaubanell.com\\\/ca\\\/#organization\"},\"potentialAction\":[{\"@type\":\"SearchAction\",\"target\":{\"@type\":\"EntryPoint\",\"urlTemplate\":\"https:\\\/\\\/www.navarroaubanell.com\\\/ca\\\/?s={search_term_string}\"},\"query-input\":{\"@type\":\"PropertyValueSpecification\",\"valueRequired\":true,\"valueName\":\"search_term_string\"}}],\"inLanguage\":\"ca\"},{\"@type\":\"Organization\",\"@id\":\"https:\\\/\\\/www.navarroaubanell.com\\\/ca\\\/#organization\",\"name\":\"COMERCIAL NAVARRO AUBANELL, S.A\",\"url\":\"https:\\\/\\\/www.navarroaubanell.com\\\/ca\\\/\",\"logo\":{\"@type\":\"ImageObject\",\"inLanguage\":\"ca\",\"@id\":\"https:\\\/\\\/www.navarroaubanell.com\\\/ca\\\/#\\\/schema\\\/logo\\\/image\\\/\",\"url\":\"https:\\\/\\\/www.navarroaubanell.com\\\/wp-content\\\/uploads\\\/2017\\\/07\\\/logo-navarro-aubuanell.png\",\"contentUrl\":\"https:\\\/\\\/www.navarroaubanell.com\\\/wp-content\\\/uploads\\\/2017\\\/07\\\/logo-navarro-aubuanell.png\",\"width\":6304,\"height\":1154,\"caption\":\"COMERCIAL NAVARRO AUBANELL, S.A\"},\"image\":{\"@id\":\"https:\\\/\\\/www.navarroaubanell.com\\\/ca\\\/#\\\/schema\\\/logo\\\/image\\\/\"}}]}<\/script>\n<!-- \/ Yoast SEO plugin. -->","yoast_head_json":{"title":"Llit balin\u00e8s Janer - Navarro Aubanell","description":"Llit balin\u00e8s Janer: estructura resistent, coixins n\u00e0utics personalitzables, gronxador flotant i mesita integrada per a una relaxaci\u00f3 exterior perfecta.","robots":{"index":"index","follow":"follow","max-snippet":"max-snippet:-1","max-image-preview":"max-image-preview:large","max-video-preview":"max-video-preview:-1"},"canonical":"https:\/\/www.navarroaubanell.com\/ca\/producte\/llit-balines-janer-navarroaubanell\/","og_locale":"ca_ES","og_type":"article","og_title":"Llit balin\u00e8s Janer - Navarro Aubanell","og_description":"Llit balin\u00e8s Janer: estructura resistent, coixins n\u00e0utics personalitzables, gronxador flotant i mesita integrada per a una relaxaci\u00f3 exterior perfecta.","og_url":"https:\/\/www.navarroaubanell.com\/ca\/producte\/llit-balines-janer-navarroaubanell\/","og_site_name":"Navarro Aubanell","article_modified_time":"2025-01-21T11:22:02+00:00","og_image":[{"width":800,"height":650,"url":"https:\/\/www.navarroaubanell.com\/wp-content\/uploads\/2025\/01\/Cama-Balinesa-Janer-1.png","type":"image\/png"}],"twitter_misc":{"Est. reading time":"2 minutes"},"schema":{"@context":"https:\/\/schema.org","@graph":[{"@type":"WebPage","@id":"https:\/\/www.navarroaubanell.com\/ca\/producte\/llit-balines-janer-navarroaubanell\/","url":"https:\/\/www.navarroaubanell.com\/ca\/producte\/llit-balines-janer-navarroaubanell\/","name":"Llit balin\u00e8s Janer - Navarro Aubanell","isPartOf":{"@id":"https:\/\/www.navarroaubanell.com\/ca\/#website"},"primaryImageOfPage":{"@id":"https:\/\/www.navarroaubanell.com\/ca\/producte\/llit-balines-janer-navarroaubanell\/#primaryimage"},"image":{"@id":"https:\/\/www.navarroaubanell.com\/ca\/producte\/llit-balines-janer-navarroaubanell\/#primaryimage"},"thumbnailUrl":"https:\/\/www.navarroaubanell.com\/wp-content\/uploads\/2025\/01\/Cama-Balinesa-Janer-1.png","datePublished":"2025-01-21T11:10:26+00:00","dateModified":"2025-01-21T11:22:02+00:00","description":"Llit balin\u00e8s Janer: estructura resistent, coixins n\u00e0utics personalitzables, gronxador flotant i mesita integrada per a una relaxaci\u00f3 exterior perfecta.","breadcrumb":{"@id":"https:\/\/www.navarroaubanell.com\/ca\/producte\/llit-balines-janer-navarroaubanell\/#breadcrumb"},"inLanguage":"ca","potentialAction":[{"@type":"ReadAction","target":["https:\/\/www.navarroaubanell.com\/ca\/producte\/llit-balines-janer-navarroaubanell\/"]}]},{"@type":"ImageObject","inLanguage":"ca","@id":"https:\/\/www.navarroaubanell.com\/ca\/producte\/llit-balines-janer-navarroaubanell\/#primaryimage","url":"https:\/\/www.navarroaubanell.com\/wp-content\/uploads\/2025\/01\/Cama-Balinesa-Janer-1.png","contentUrl":"https:\/\/www.navarroaubanell.com\/wp-content\/uploads\/2025\/01\/Cama-Balinesa-Janer-1.png","width":800,"height":650,"caption":"Llit balin\u00e8s Janer"},{"@type":"BreadcrumbList","@id":"https:\/\/www.navarroaubanell.com\/ca\/producte\/llit-balines-janer-navarroaubanell\/#breadcrumb","itemListElement":[{"@type":"ListItem","position":1,"name":"Portada","item":"https:\/\/www.navarroaubanell.com\/ca\/"},{"@type":"ListItem","position":2,"name":"Productes","item":"https:\/\/www.navarroaubanell.com\/productos\/"},{"@type":"ListItem","position":3,"name":"Llit balin\u00e8s Janer"}]},{"@type":"WebSite","@id":"https:\/\/www.navarroaubanell.com\/ca\/#website","url":"https:\/\/www.navarroaubanell.com\/ca\/","name":"Navarro Aubanell","description":"Mobiliario para hoteler\u00eda, colectividades y oficinas","publisher":{"@id":"https:\/\/www.navarroaubanell.com\/ca\/#organization"},"potentialAction":[{"@type":"SearchAction","target":{"@type":"EntryPoint","urlTemplate":"https:\/\/www.navarroaubanell.com\/ca\/?s={search_term_string}"},"query-input":{"@type":"PropertyValueSpecification","valueRequired":true,"valueName":"search_term_string"}}],"inLanguage":"ca"},{"@type":"Organization","@id":"https:\/\/www.navarroaubanell.com\/ca\/#organization","name":"COMERCIAL NAVARRO AUBANELL, S.A","url":"https:\/\/www.navarroaubanell.com\/ca\/","logo":{"@type":"ImageObject","inLanguage":"ca","@id":"https:\/\/www.navarroaubanell.com\/ca\/#\/schema\/logo\/image\/","url":"https:\/\/www.navarroaubanell.com\/wp-content\/uploads\/2017\/07\/logo-navarro-aubuanell.png","contentUrl":"https:\/\/www.navarroaubanell.com\/wp-content\/uploads\/2017\/07\/logo-navarro-aubuanell.png","width":6304,"height":1154,"caption":"COMERCIAL NAVARRO AUBANELL, S.A"},"image":{"@id":"https:\/\/www.navarroaubanell.com\/ca\/#\/schema\/logo\/image\/"}}]}},"_links":{"self":[{"href":"https:\/\/www.navarroaubanell.com\/ca\/wp-json\/wp\/v2\/product\/43630","targetHints":{"allow":["GET"]}}],"collection":[{"href":"https:\/\/www.navarroaubanell.com\/ca\/wp-json\/wp\/v2\/product"}],"about":[{"href":"https:\/\/www.navarroaubanell.com\/ca\/wp-json\/wp\/v2\/types\/product"}],"wp:featuredmedia":[{"embeddable":true,"href":"https:\/\/www.navarroaubanell.com\/ca\/wp-json\/wp\/v2\/media\/43622"}],"wp:attachment":[{"href":"https:\/\/www.navarroaubanell.com\/ca\/wp-json\/wp\/v2\/media?parent=43630"}],"wp:term":[{"taxonomy":"product_brand","embeddable":true,"href":"https:\/\/www.navarroaubanell.com\/ca\/wp-json\/wp\/v2\/product_brand?post=43630"},{"taxonomy":"product_cat","embeddable":true,"href":"https:\/\/www.navarroaubanell.com\/ca\/wp-json\/wp\/v2\/product_cat?post=43630"},{"taxonomy":"product_tag","embeddable":true,"href":"https:\/\/www.navarroaubanell.com\/ca\/wp-json\/wp\/v2\/product_tag?post=43630"}],"curies":[{"name":"wp","href":"https:\/\/api.w.org\/{rel}","templated":true}]}}