{"id":43585,"date":"2025-01-21T08:14:54","date_gmt":"2025-01-21T07:14:54","guid":{"rendered":"https:\/\/www.navarroaubanell.com\/producto\/cama-balinesa-anera-navarroaubanell\/"},"modified":"2025-01-21T08:52:37","modified_gmt":"2025-01-21T07:52:37","slug":"llit-balines-anera-navarroaubanell","status":"publish","type":"product","link":"https:\/\/www.navarroaubanell.com\/ca\/producte\/llit-balines-anera-navarroaubanell\/","title":{"rendered":"Llit balin\u00e8s Anera"},"content":{"rendered":"<h5>Llit balin\u00e8s Anera: Relaxaci\u00f3 en Movimient<\/h5>\n<div class=\"traductor-textarea form-group\">\n<div class=\"textarea-desti col-xs-12 col-sm-6\">\n<div class=\"form-control second-textarea\">El Llit Balin\u00e8s Anera \u00e9s una elegant opci\u00f3 per a gaudir de moments de relaxaci\u00f3 a l&#8217;aire lliure, ja sigui al jard\u00ed o qualsevol espai exterior. El seu innovador disseny tipus gronxador converteix cada instant de descans en una experi\u00e8ncia \u00fanica.<\/div>\n<\/div>\n<\/div>\n<h6>Estructura Resistent i Duradora<\/h6>\n<div class=\"traductor-textarea form-group\">\n<div class=\"textarea-desti col-xs-12 col-sm-6\">\n<div class=\"form-control second-textarea\">L&#8217;estructura est\u00e0 fabricada en alumini recobert amb una pintura especial per a exteriors en color blanc, assegurant la seva resist\u00e8ncia als diferents agents clim\u00e0tics. Els bra\u00e7os estan recoberts en corda de silicona s\u00f2lida, un material el\u00e0stic,\u00a0 hidr\u00f2fug i resistent a l&#8217;oxidaci\u00f3. A m\u00e9s, la corda \u00e9s a\u00efllant el\u00e8ctric i 100% reciclable, mantenint la seva qualitat enfront de qualsevol clima.<\/div>\n<\/div>\n<\/div>\n<h6>Comoditat per a Exteriors<\/h6>\n<div class=\"traductor-textarea form-group\">\n<div class=\"textarea-desti col-xs-12 col-sm-6\">\n<div class=\"form-control second-textarea\">Els coixins d&#8217;Anera estan entapissats amb teixit n\u00e0utic, garantint la seva resist\u00e8ncia a l&#8217;exterior i una gran durabilitat. Aquest teixit, disponible en diferents teles i acabats, permet personalitzar el llit al gust de l&#8217;usuari, aportant tant confort com estil.<\/div>\n<\/div>\n<\/div>\n<h6>Protecci\u00f3 i Privacitat<\/h6>\n<div class=\"traductor-textarea form-group\">\n<div class=\"textarea-desti col-xs-12 col-sm-6\">\n<div class=\"form-control second-textarea\">El sostre ajustable del llit brinda una protecci\u00f3 total contra el sol o altres factors clim\u00e0tics, permetent ajustar l&#8217;ombra segons les necessitats de cada moment. A m\u00e9s, el llit balin\u00e8s Anera compta amb cortines que afegeixen un toc de privacitat, ideal per a gaudir d&#8217;una relaxaci\u00f3 completa.<\/div>\n<\/div>\n<\/div>\n","protected":false},"excerpt":{"rendered":"<p>Llit balin\u00e8s Anera: Relaxaci\u00f3 en Movimient El Llit Balin\u00e8s Anera \u00e9s una elegant opci\u00f3 per a gaudir de moments de relaxaci\u00f3 a l&#8217;aire lliure, ja sigui al jard\u00ed o qualsevol espai exterior. El seu innovador disseny tipus gronxador converteix cada instant de descans en una experi\u00e8ncia \u00fanica. Estructura Resistent i Duradora L&#8217;estructura est\u00e0 fabricada en&hellip;<\/p>\n","protected":false},"featured_media":43575,"template":"","meta":{"_acf_changed":false},"product_brand":[],"product_cat":[564,1693,1694,563],"product_tag":[992,1641,640,1638,820,1642],"class_list":{"0":"post-43585","1":"product","2":"type-product","3":"status-publish","4":"has-post-thumbnail","6":"product_cat-chill-out-ca","7":"product_cat-chill-out-2-ca","8":"product_cat-columpios-ca","9":"product_cat-exterior-ca","10":"product_tag-aluminio-ca","11":"product_tag-cama-balinesa-ca","12":"product_tag-exterior-ca","13":"product_tag-f-70-ca","14":"product_tag-gronxador","15":"product_tag-nautico-ca","16":"description-off","18":"first","19":"instock","20":"shipping-taxable","21":"product-type-simple"},"acf":[],"yoast_head":"<!-- This site is optimized with the Yoast SEO plugin v27.0 - https:\/\/yoast.com\/product\/yoast-seo-wordpress\/ -->\n<title>Llit balin\u00e8s Anera - Navarro Aubanell<\/title>\n<meta name=\"description\" content=\"Llit balin\u00e8s Anera: elegant gronxador exterior amb estructura resistent, coixins personalitzables, sostre ajustable i cortines per a privacitat.\" \/>\n<meta name=\"robots\" content=\"index, follow, max-snippet:-1, max-image-preview:large, max-video-preview:-1\" \/>\n<link rel=\"canonical\" href=\"https:\/\/www.navarroaubanell.com\/ca\/producte\/llit-balines-anera-navarroaubanell\/\" \/>\n<meta property=\"og:locale\" content=\"ca_ES\" \/>\n<meta property=\"og:type\" content=\"article\" \/>\n<meta property=\"og:title\" content=\"Llit balin\u00e8s Anera - Navarro Aubanell\" \/>\n<meta property=\"og:description\" content=\"Llit balin\u00e8s Anera: elegant gronxador exterior amb estructura resistent, coixins personalitzables, sostre ajustable i cortines per a privacitat.\" \/>\n<meta property=\"og:url\" content=\"https:\/\/www.navarroaubanell.com\/ca\/producte\/llit-balines-anera-navarroaubanell\/\" \/>\n<meta property=\"og:site_name\" content=\"Navarro Aubanell\" \/>\n<meta property=\"article:modified_time\" content=\"2025-01-21T07:52:37+00:00\" \/>\n<meta property=\"og:image\" content=\"https:\/\/www.navarroaubanell.com\/wp-content\/uploads\/2025\/01\/Cama-balinesa-Anera-1.png\" \/>\n\t<meta property=\"og:image:width\" content=\"800\" \/>\n\t<meta property=\"og:image:height\" content=\"650\" \/>\n\t<meta property=\"og:image:type\" content=\"image\/png\" \/>\n<meta name=\"twitter:label1\" content=\"Est. reading time\" \/>\n\t<meta name=\"twitter:data1\" content=\"2 minutes\" \/>\n<script type=\"application\/ld+json\" class=\"yoast-schema-graph\">{\"@context\":\"https:\/\/schema.org\",\"@graph\":[{\"@type\":\"WebPage\",\"@id\":\"https:\/\/www.navarroaubanell.com\/ca\/producte\/llit-balines-anera-navarroaubanell\/\",\"url\":\"https:\/\/www.navarroaubanell.com\/ca\/producte\/llit-balines-anera-navarroaubanell\/\",\"name\":\"Llit balin\u00e8s Anera - Navarro Aubanell\",\"isPartOf\":{\"@id\":\"https:\/\/www.navarroaubanell.com\/ca\/#website\"},\"primaryImageOfPage\":{\"@id\":\"https:\/\/www.navarroaubanell.com\/ca\/producte\/llit-balines-anera-navarroaubanell\/#primaryimage\"},\"image\":{\"@id\":\"https:\/\/www.navarroaubanell.com\/ca\/producte\/llit-balines-anera-navarroaubanell\/#primaryimage\"},\"thumbnailUrl\":\"https:\/\/www.navarroaubanell.com\/wp-content\/uploads\/2025\/01\/Cama-balinesa-Anera-1.png\",\"datePublished\":\"2025-01-21T07:14:54+00:00\",\"dateModified\":\"2025-01-21T07:52:37+00:00\",\"description\":\"Llit balin\u00e8s Anera: elegant gronxador exterior amb estructura resistent, coixins personalitzables, sostre ajustable i cortines per a privacitat.\",\"breadcrumb\":{\"@id\":\"https:\/\/www.navarroaubanell.com\/ca\/producte\/llit-balines-anera-navarroaubanell\/#breadcrumb\"},\"inLanguage\":\"ca\",\"potentialAction\":[{\"@type\":\"ReadAction\",\"target\":[\"https:\/\/www.navarroaubanell.com\/ca\/producte\/llit-balines-anera-navarroaubanell\/\"]}]},{\"@type\":\"ImageObject\",\"inLanguage\":\"ca\",\"@id\":\"https:\/\/www.navarroaubanell.com\/ca\/producte\/llit-balines-anera-navarroaubanell\/#primaryimage\",\"url\":\"https:\/\/www.navarroaubanell.com\/wp-content\/uploads\/2025\/01\/Cama-balinesa-Anera-1.png\",\"contentUrl\":\"https:\/\/www.navarroaubanell.com\/wp-content\/uploads\/2025\/01\/Cama-balinesa-Anera-1.png\",\"width\":800,\"height\":650,\"caption\":\"Llit balin\u00e8s Anera\"},{\"@type\":\"BreadcrumbList\",\"@id\":\"https:\/\/www.navarroaubanell.com\/ca\/producte\/llit-balines-anera-navarroaubanell\/#breadcrumb\",\"itemListElement\":[{\"@type\":\"ListItem\",\"position\":1,\"name\":\"Portada\",\"item\":\"https:\/\/www.navarroaubanell.com\/ca\/\"},{\"@type\":\"ListItem\",\"position\":2,\"name\":\"Productes\",\"item\":\"https:\/\/www.navarroaubanell.com\/productos\/\"},{\"@type\":\"ListItem\",\"position\":3,\"name\":\"Llit balin\u00e8s Anera\"}]},{\"@type\":\"WebSite\",\"@id\":\"https:\/\/www.navarroaubanell.com\/ca\/#website\",\"url\":\"https:\/\/www.navarroaubanell.com\/ca\/\",\"name\":\"Navarro Aubanell\",\"description\":\"Mobiliario para hoteler\u00eda, colectividades y oficinas\",\"publisher\":{\"@id\":\"https:\/\/www.navarroaubanell.com\/ca\/#organization\"},\"potentialAction\":[{\"@type\":\"SearchAction\",\"target\":{\"@type\":\"EntryPoint\",\"urlTemplate\":\"https:\/\/www.navarroaubanell.com\/ca\/?s={search_term_string}\"},\"query-input\":{\"@type\":\"PropertyValueSpecification\",\"valueRequired\":true,\"valueName\":\"search_term_string\"}}],\"inLanguage\":\"ca\"},{\"@type\":\"Organization\",\"@id\":\"https:\/\/www.navarroaubanell.com\/ca\/#organization\",\"name\":\"COMERCIAL NAVARRO AUBANELL, S.A\",\"url\":\"https:\/\/www.navarroaubanell.com\/ca\/\",\"logo\":{\"@type\":\"ImageObject\",\"inLanguage\":\"ca\",\"@id\":\"https:\/\/www.navarroaubanell.com\/ca\/#\/schema\/logo\/image\/\",\"url\":\"https:\/\/www.navarroaubanell.com\/wp-content\/uploads\/2017\/07\/logo-navarro-aubuanell.png\",\"contentUrl\":\"https:\/\/www.navarroaubanell.com\/wp-content\/uploads\/2017\/07\/logo-navarro-aubuanell.png\",\"width\":6304,\"height\":1154,\"caption\":\"COMERCIAL NAVARRO AUBANELL, S.A\"},\"image\":{\"@id\":\"https:\/\/www.navarroaubanell.com\/ca\/#\/schema\/logo\/image\/\"}}]}<\/script>\n<!-- \/ Yoast SEO plugin. -->","yoast_head_json":{"title":"Llit balin\u00e8s Anera - Navarro Aubanell","description":"Llit balin\u00e8s Anera: elegant gronxador exterior amb estructura resistent, coixins personalitzables, sostre ajustable i cortines per a privacitat.","robots":{"index":"index","follow":"follow","max-snippet":"max-snippet:-1","max-image-preview":"max-image-preview:large","max-video-preview":"max-video-preview:-1"},"canonical":"https:\/\/www.navarroaubanell.com\/ca\/producte\/llit-balines-anera-navarroaubanell\/","og_locale":"ca_ES","og_type":"article","og_title":"Llit balin\u00e8s Anera - Navarro Aubanell","og_description":"Llit balin\u00e8s Anera: elegant gronxador exterior amb estructura resistent, coixins personalitzables, sostre ajustable i cortines per a privacitat.","og_url":"https:\/\/www.navarroaubanell.com\/ca\/producte\/llit-balines-anera-navarroaubanell\/","og_site_name":"Navarro Aubanell","article_modified_time":"2025-01-21T07:52:37+00:00","og_image":[{"width":800,"height":650,"url":"https:\/\/www.navarroaubanell.com\/wp-content\/uploads\/2025\/01\/Cama-balinesa-Anera-1.png","type":"image\/png"}],"twitter_misc":{"Est. reading time":"2 minutes"},"schema":{"@context":"https:\/\/schema.org","@graph":[{"@type":"WebPage","@id":"https:\/\/www.navarroaubanell.com\/ca\/producte\/llit-balines-anera-navarroaubanell\/","url":"https:\/\/www.navarroaubanell.com\/ca\/producte\/llit-balines-anera-navarroaubanell\/","name":"Llit balin\u00e8s Anera - Navarro Aubanell","isPartOf":{"@id":"https:\/\/www.navarroaubanell.com\/ca\/#website"},"primaryImageOfPage":{"@id":"https:\/\/www.navarroaubanell.com\/ca\/producte\/llit-balines-anera-navarroaubanell\/#primaryimage"},"image":{"@id":"https:\/\/www.navarroaubanell.com\/ca\/producte\/llit-balines-anera-navarroaubanell\/#primaryimage"},"thumbnailUrl":"https:\/\/www.navarroaubanell.com\/wp-content\/uploads\/2025\/01\/Cama-balinesa-Anera-1.png","datePublished":"2025-01-21T07:14:54+00:00","dateModified":"2025-01-21T07:52:37+00:00","description":"Llit balin\u00e8s Anera: elegant gronxador exterior amb estructura resistent, coixins personalitzables, sostre ajustable i cortines per a privacitat.","breadcrumb":{"@id":"https:\/\/www.navarroaubanell.com\/ca\/producte\/llit-balines-anera-navarroaubanell\/#breadcrumb"},"inLanguage":"ca","potentialAction":[{"@type":"ReadAction","target":["https:\/\/www.navarroaubanell.com\/ca\/producte\/llit-balines-anera-navarroaubanell\/"]}]},{"@type":"ImageObject","inLanguage":"ca","@id":"https:\/\/www.navarroaubanell.com\/ca\/producte\/llit-balines-anera-navarroaubanell\/#primaryimage","url":"https:\/\/www.navarroaubanell.com\/wp-content\/uploads\/2025\/01\/Cama-balinesa-Anera-1.png","contentUrl":"https:\/\/www.navarroaubanell.com\/wp-content\/uploads\/2025\/01\/Cama-balinesa-Anera-1.png","width":800,"height":650,"caption":"Llit balin\u00e8s Anera"},{"@type":"BreadcrumbList","@id":"https:\/\/www.navarroaubanell.com\/ca\/producte\/llit-balines-anera-navarroaubanell\/#breadcrumb","itemListElement":[{"@type":"ListItem","position":1,"name":"Portada","item":"https:\/\/www.navarroaubanell.com\/ca\/"},{"@type":"ListItem","position":2,"name":"Productes","item":"https:\/\/www.navarroaubanell.com\/productos\/"},{"@type":"ListItem","position":3,"name":"Llit balin\u00e8s Anera"}]},{"@type":"WebSite","@id":"https:\/\/www.navarroaubanell.com\/ca\/#website","url":"https:\/\/www.navarroaubanell.com\/ca\/","name":"Navarro Aubanell","description":"Mobiliario para hoteler\u00eda, colectividades y oficinas","publisher":{"@id":"https:\/\/www.navarroaubanell.com\/ca\/#organization"},"potentialAction":[{"@type":"SearchAction","target":{"@type":"EntryPoint","urlTemplate":"https:\/\/www.navarroaubanell.com\/ca\/?s={search_term_string}"},"query-input":{"@type":"PropertyValueSpecification","valueRequired":true,"valueName":"search_term_string"}}],"inLanguage":"ca"},{"@type":"Organization","@id":"https:\/\/www.navarroaubanell.com\/ca\/#organization","name":"COMERCIAL NAVARRO AUBANELL, S.A","url":"https:\/\/www.navarroaubanell.com\/ca\/","logo":{"@type":"ImageObject","inLanguage":"ca","@id":"https:\/\/www.navarroaubanell.com\/ca\/#\/schema\/logo\/image\/","url":"https:\/\/www.navarroaubanell.com\/wp-content\/uploads\/2017\/07\/logo-navarro-aubuanell.png","contentUrl":"https:\/\/www.navarroaubanell.com\/wp-content\/uploads\/2017\/07\/logo-navarro-aubuanell.png","width":6304,"height":1154,"caption":"COMERCIAL NAVARRO AUBANELL, S.A"},"image":{"@id":"https:\/\/www.navarroaubanell.com\/ca\/#\/schema\/logo\/image\/"}}]}},"_links":{"self":[{"href":"https:\/\/www.navarroaubanell.com\/ca\/wp-json\/wp\/v2\/product\/43585","targetHints":{"allow":["GET"]}}],"collection":[{"href":"https:\/\/www.navarroaubanell.com\/ca\/wp-json\/wp\/v2\/product"}],"about":[{"href":"https:\/\/www.navarroaubanell.com\/ca\/wp-json\/wp\/v2\/types\/product"}],"wp:featuredmedia":[{"embeddable":true,"href":"https:\/\/www.navarroaubanell.com\/ca\/wp-json\/wp\/v2\/media\/43575"}],"wp:attachment":[{"href":"https:\/\/www.navarroaubanell.com\/ca\/wp-json\/wp\/v2\/media?parent=43585"}],"wp:term":[{"taxonomy":"product_brand","embeddable":true,"href":"https:\/\/www.navarroaubanell.com\/ca\/wp-json\/wp\/v2\/product_brand?post=43585"},{"taxonomy":"product_cat","embeddable":true,"href":"https:\/\/www.navarroaubanell.com\/ca\/wp-json\/wp\/v2\/product_cat?post=43585"},{"taxonomy":"product_tag","embeddable":true,"href":"https:\/\/www.navarroaubanell.com\/ca\/wp-json\/wp\/v2\/product_tag?post=43585"}],"curies":[{"name":"wp","href":"https:\/\/api.w.org\/{rel}","templated":true}]}}