{"id":43556,"date":"2025-01-20T12:45:24","date_gmt":"2025-01-20T11:45:24","guid":{"rendered":"https:\/\/www.navarroaubanell.com\/producto\/cama-balinesa-crelan-navarroaubanell\/"},"modified":"2025-01-20T15:49:25","modified_gmt":"2025-01-20T14:49:25","slug":"llit-balines-crelan-navarroaubanell","status":"publish","type":"product","link":"https:\/\/www.navarroaubanell.com\/ca\/producte\/llit-balines-crelan-navarroaubanell\/","title":{"rendered":"Llit balin\u00e8s Crelan"},"content":{"rendered":"<div class=\"flex-shrink-0 flex flex-col relative items-end\">\n<div>\n<div class=\"pt-0\">\n<div class=\"gizmo-bot-avatar flex h-8 w-8 items-center justify-center overflow-hidden rounded-full\">\n<h5 class=\"relative p-1 rounded-sm flex items-center justify-center bg-token-main-surface-primary text-token-text-primary h-8 w-8\">Llit balin\u00e8s Crelan: Oasi de Relaxaci\u00f3 a l&#8217;Aire Lliure<\/h5>\n<\/div>\n<\/div>\n<\/div>\n<\/div>\n<div class=\"group\/conversation-turn relative flex w-full min-w-0 flex-col agent-turn\">\n<div class=\"flex-col gap-1 md:gap-3\">\n<div class=\"flex max-w-full flex-col flex-grow\">\n<div class=\"min-h-8 text-message flex w-full flex-col items-end gap-2 whitespace-normal break-words text-start [.text-message+&amp;]:mt-5\" dir=\"auto\" data-message-author-role=\"assistant\" data-message-id=\"c3a0615a-ca92-4e34-8e84-240e8ff6d1f0\" data-message-model-slug=\"gpt-4o\">\n<div class=\"flex w-full flex-col gap-1 empty:hidden first:pt-[3px]\">\n<div class=\"markdown prose w-full break-words dark:prose-invert light\">\n<div class=\"traductor-textarea form-group\">\n<div class=\"textarea-desti col-xs-12 col-sm-6\">\n<div class=\"form-control second-textarea\">El Llit Balin\u00e8s Crelan \u00e9s el refugi perfecte per a aquells que busquen un espai de pau i confort en exteriors. Dissenyat per a oferir una experi\u00e8ncia \u00fanica, combina estil, funcionalitat i durabilitat.<\/div>\n<\/div>\n<\/div>\n<h6>Estructura Resistent<\/h6>\n<div class=\"traductor-textarea form-group\">\n<div class=\"textarea-desti col-xs-12 col-sm-6\">\n<div class=\"form-control second-textarea\">L&#8217;estructura del llit est\u00e0 feta d&#8217;alumini d&#8217;alta qualitat, recoberta amb una f\u00f3rmula especial per a exteriors en color blanc. Aix\u00f2 assegura una resist\u00e8ncia excepcional enfront dels elements clim\u00e0tics, permetent que mantingui el seu aspecte impecable durant anys.<\/div>\n<\/div>\n<\/div>\n<h6>Teixit d&#8217;Alta Durabilitat<\/h6>\n<div class=\"traductor-textarea form-group\">\n<div class=\"textarea-desti col-xs-12 col-sm-6\">\n<div class=\"form-control second-textarea\">El teixit utilitzat en el llit balin\u00e8s \u00e9s completament apte per a exteriors. Amb una protecci\u00f3 n\u00e0utica avan\u00e7ada, garanteix una durabilitat i resist\u00e8ncia superiors. A m\u00e9s, est\u00e0 disponible en una varietat de teixits i colors, la qual cosa et permet personalitzar el teu espai de relaxaci\u00f3 al gust.<\/div>\n<\/div>\n<\/div>\n<h6>Ajustable per a un Descans Personalitzat<\/h6>\n<div class=\"traductor-textarea form-group\">\n<div class=\"textarea-desti col-xs-12 col-sm-6\">\n<div class=\"form-control second-textarea\">\n<div class=\"flex max-w-full flex-col flex-grow\">\n<div class=\"min-h-8 text-message flex w-full flex-col items-end gap-2 whitespace-normal break-words text-start [.text-message+&amp;]:mt-5\" dir=\"auto\" data-message-author-role=\"assistant\" data-message-id=\"e64f8d07-4113-499c-9e0f-e8ff6a63391a\" data-message-model-slug=\"gpt-4o\">\n<div class=\"flex w-full flex-col gap-1 empty:hidden first:pt-[3px]\">\n<div class=\"markdown prose w-full break-words dark:prose-invert light\">\n<p>La balinesa est\u00e0 formada per dues gandules independents que es poden regular segons les prefer\u00e8ncies de cada usuari, oferint una personalitzaci\u00f3 completa del descans.<\/p>\n<\/div>\n<\/div>\n<\/div>\n<\/div>\n<\/div>\n<\/div>\n<\/div>\n<h6>Ombra i Protecci\u00f3<\/h6>\n<div class=\"traductor-textarea form-group\">\n<div class=\"textarea-desti col-xs-12 col-sm-6\">\n<div class=\"form-control second-textarea\">La part posterior est\u00e0 fabricada amb l\u00e0mines d&#8217;alumini en color blanc o color fusta que ofereixen ombra, al mateix temps que permeten l&#8217;entrada de llum per a un descans profund. A m\u00e9s, els laterals i el sostre estan equipats amb tolditos que protegeixen del sol, brindant un oasi de tranquil\u00b7litat.<\/div>\n<\/div>\n<\/div>\n<\/div>\n<\/div>\n<\/div>\n<\/div>\n<\/div>\n<\/div>\n","protected":false},"excerpt":{"rendered":"<p>Llit balin\u00e8s Crelan: Oasi de Relaxaci\u00f3 a l&#8217;Aire Lliure El Llit Balin\u00e8s Crelan \u00e9s el refugi perfecte per a aquells que busquen un espai de pau i confort en exteriors. Dissenyat per a oferir una experi\u00e8ncia \u00fanica, combina estil, funcionalitat i durabilitat. Estructura Resistent L&#8217;estructura del llit est\u00e0 feta d&#8217;alumini d&#8217;alta qualitat, recoberta amb una&hellip;<\/p>\n","protected":false},"featured_media":43541,"template":"","meta":{"_acf_changed":false},"product_brand":[],"product_cat":[564,563],"product_tag":[992,1459,1637,640,1638],"class_list":{"0":"post-43556","1":"product","2":"type-product","3":"status-publish","4":"has-post-thumbnail","6":"product_cat-chill-out-ca","7":"product_cat-exterior-ca","8":"product_tag-aluminio-ca","9":"product_tag-balinesa-ca","10":"product_tag-chil-out-ca","11":"product_tag-exterior-ca","12":"product_tag-f-70-ca","13":"description-off","15":"first","16":"instock","17":"shipping-taxable","18":"product-type-simple"},"acf":[],"yoast_head":"<!-- This site is optimized with the Yoast SEO plugin v27.0 - https:\/\/yoast.com\/product\/yoast-seo-wordpress\/ -->\n<title>Llit balin\u00e8s Crelan - Navarro Aubanell<\/title>\n<meta name=\"description\" content=\"Llit balin\u00e8s Crelan: comoditat, estil i durabilitat en exteriors amb estructura resistent, gandules ajustables i protecci\u00f3 solar integrada.\" \/>\n<meta name=\"robots\" content=\"index, follow, max-snippet:-1, max-image-preview:large, max-video-preview:-1\" \/>\n<link rel=\"canonical\" href=\"https:\/\/www.navarroaubanell.com\/ca\/producte\/llit-balines-crelan-navarroaubanell\/\" \/>\n<meta property=\"og:locale\" content=\"ca_ES\" \/>\n<meta property=\"og:type\" content=\"article\" \/>\n<meta property=\"og:title\" content=\"Llit balin\u00e8s Crelan - Navarro Aubanell\" \/>\n<meta property=\"og:description\" content=\"Llit balin\u00e8s Crelan: comoditat, estil i durabilitat en exteriors amb estructura resistent, gandules ajustables i protecci\u00f3 solar integrada.\" \/>\n<meta property=\"og:url\" content=\"https:\/\/www.navarroaubanell.com\/ca\/producte\/llit-balines-crelan-navarroaubanell\/\" \/>\n<meta property=\"og:site_name\" content=\"Navarro Aubanell\" \/>\n<meta property=\"article:modified_time\" content=\"2025-01-20T14:49:25+00:00\" \/>\n<meta property=\"og:image\" content=\"https:\/\/www.navarroaubanell.com\/wp-content\/uploads\/2025\/01\/Cama-Balinesa-329-1-scaled-1.jpg\" \/>\n\t<meta property=\"og:image:width\" content=\"800\" \/>\n\t<meta property=\"og:image:height\" content=\"650\" \/>\n\t<meta property=\"og:image:type\" content=\"image\/jpeg\" \/>\n<meta name=\"twitter:label1\" content=\"Est. reading time\" \/>\n\t<meta name=\"twitter:data1\" content=\"2 minutes\" \/>\n<script type=\"application\/ld+json\" class=\"yoast-schema-graph\">{\"@context\":\"https:\/\/schema.org\",\"@graph\":[{\"@type\":\"WebPage\",\"@id\":\"https:\/\/www.navarroaubanell.com\/ca\/producte\/llit-balines-crelan-navarroaubanell\/\",\"url\":\"https:\/\/www.navarroaubanell.com\/ca\/producte\/llit-balines-crelan-navarroaubanell\/\",\"name\":\"Llit balin\u00e8s Crelan - Navarro Aubanell\",\"isPartOf\":{\"@id\":\"https:\/\/www.navarroaubanell.com\/ca\/#website\"},\"primaryImageOfPage\":{\"@id\":\"https:\/\/www.navarroaubanell.com\/ca\/producte\/llit-balines-crelan-navarroaubanell\/#primaryimage\"},\"image\":{\"@id\":\"https:\/\/www.navarroaubanell.com\/ca\/producte\/llit-balines-crelan-navarroaubanell\/#primaryimage\"},\"thumbnailUrl\":\"https:\/\/www.navarroaubanell.com\/wp-content\/uploads\/2025\/01\/Cama-Balinesa-329-1-scaled-1.jpg\",\"datePublished\":\"2025-01-20T11:45:24+00:00\",\"dateModified\":\"2025-01-20T14:49:25+00:00\",\"description\":\"Llit balin\u00e8s Crelan: comoditat, estil i durabilitat en exteriors amb estructura resistent, gandules ajustables i protecci\u00f3 solar integrada.\",\"breadcrumb\":{\"@id\":\"https:\/\/www.navarroaubanell.com\/ca\/producte\/llit-balines-crelan-navarroaubanell\/#breadcrumb\"},\"inLanguage\":\"ca\",\"potentialAction\":[{\"@type\":\"ReadAction\",\"target\":[\"https:\/\/www.navarroaubanell.com\/ca\/producte\/llit-balines-crelan-navarroaubanell\/\"]}]},{\"@type\":\"ImageObject\",\"inLanguage\":\"ca\",\"@id\":\"https:\/\/www.navarroaubanell.com\/ca\/producte\/llit-balines-crelan-navarroaubanell\/#primaryimage\",\"url\":\"https:\/\/www.navarroaubanell.com\/wp-content\/uploads\/2025\/01\/Cama-Balinesa-329-1-scaled-1.jpg\",\"contentUrl\":\"https:\/\/www.navarroaubanell.com\/wp-content\/uploads\/2025\/01\/Cama-Balinesa-329-1-scaled-1.jpg\",\"width\":800,\"height\":650,\"caption\":\"Llit Balin\u00e8s Crelan\"},{\"@type\":\"BreadcrumbList\",\"@id\":\"https:\/\/www.navarroaubanell.com\/ca\/producte\/llit-balines-crelan-navarroaubanell\/#breadcrumb\",\"itemListElement\":[{\"@type\":\"ListItem\",\"position\":1,\"name\":\"Portada\",\"item\":\"https:\/\/www.navarroaubanell.com\/ca\/\"},{\"@type\":\"ListItem\",\"position\":2,\"name\":\"Productes\",\"item\":\"https:\/\/www.navarroaubanell.com\/productos\/\"},{\"@type\":\"ListItem\",\"position\":3,\"name\":\"Llit balin\u00e8s Crelan\"}]},{\"@type\":\"WebSite\",\"@id\":\"https:\/\/www.navarroaubanell.com\/ca\/#website\",\"url\":\"https:\/\/www.navarroaubanell.com\/ca\/\",\"name\":\"Navarro Aubanell\",\"description\":\"Mobiliario para hoteler\u00eda, colectividades y oficinas\",\"publisher\":{\"@id\":\"https:\/\/www.navarroaubanell.com\/ca\/#organization\"},\"potentialAction\":[{\"@type\":\"SearchAction\",\"target\":{\"@type\":\"EntryPoint\",\"urlTemplate\":\"https:\/\/www.navarroaubanell.com\/ca\/?s={search_term_string}\"},\"query-input\":{\"@type\":\"PropertyValueSpecification\",\"valueRequired\":true,\"valueName\":\"search_term_string\"}}],\"inLanguage\":\"ca\"},{\"@type\":\"Organization\",\"@id\":\"https:\/\/www.navarroaubanell.com\/ca\/#organization\",\"name\":\"COMERCIAL NAVARRO AUBANELL, S.A\",\"url\":\"https:\/\/www.navarroaubanell.com\/ca\/\",\"logo\":{\"@type\":\"ImageObject\",\"inLanguage\":\"ca\",\"@id\":\"https:\/\/www.navarroaubanell.com\/ca\/#\/schema\/logo\/image\/\",\"url\":\"https:\/\/www.navarroaubanell.com\/wp-content\/uploads\/2017\/07\/logo-navarro-aubuanell.png\",\"contentUrl\":\"https:\/\/www.navarroaubanell.com\/wp-content\/uploads\/2017\/07\/logo-navarro-aubuanell.png\",\"width\":6304,\"height\":1154,\"caption\":\"COMERCIAL NAVARRO AUBANELL, S.A\"},\"image\":{\"@id\":\"https:\/\/www.navarroaubanell.com\/ca\/#\/schema\/logo\/image\/\"}}]}<\/script>\n<!-- \/ Yoast SEO plugin. -->","yoast_head_json":{"title":"Llit balin\u00e8s Crelan - Navarro Aubanell","description":"Llit balin\u00e8s Crelan: comoditat, estil i durabilitat en exteriors amb estructura resistent, gandules ajustables i protecci\u00f3 solar integrada.","robots":{"index":"index","follow":"follow","max-snippet":"max-snippet:-1","max-image-preview":"max-image-preview:large","max-video-preview":"max-video-preview:-1"},"canonical":"https:\/\/www.navarroaubanell.com\/ca\/producte\/llit-balines-crelan-navarroaubanell\/","og_locale":"ca_ES","og_type":"article","og_title":"Llit balin\u00e8s Crelan - Navarro Aubanell","og_description":"Llit balin\u00e8s Crelan: comoditat, estil i durabilitat en exteriors amb estructura resistent, gandules ajustables i protecci\u00f3 solar integrada.","og_url":"https:\/\/www.navarroaubanell.com\/ca\/producte\/llit-balines-crelan-navarroaubanell\/","og_site_name":"Navarro Aubanell","article_modified_time":"2025-01-20T14:49:25+00:00","og_image":[{"width":800,"height":650,"url":"https:\/\/www.navarroaubanell.com\/wp-content\/uploads\/2025\/01\/Cama-Balinesa-329-1-scaled-1.jpg","type":"image\/jpeg"}],"twitter_misc":{"Est. reading time":"2 minutes"},"schema":{"@context":"https:\/\/schema.org","@graph":[{"@type":"WebPage","@id":"https:\/\/www.navarroaubanell.com\/ca\/producte\/llit-balines-crelan-navarroaubanell\/","url":"https:\/\/www.navarroaubanell.com\/ca\/producte\/llit-balines-crelan-navarroaubanell\/","name":"Llit balin\u00e8s Crelan - Navarro Aubanell","isPartOf":{"@id":"https:\/\/www.navarroaubanell.com\/ca\/#website"},"primaryImageOfPage":{"@id":"https:\/\/www.navarroaubanell.com\/ca\/producte\/llit-balines-crelan-navarroaubanell\/#primaryimage"},"image":{"@id":"https:\/\/www.navarroaubanell.com\/ca\/producte\/llit-balines-crelan-navarroaubanell\/#primaryimage"},"thumbnailUrl":"https:\/\/www.navarroaubanell.com\/wp-content\/uploads\/2025\/01\/Cama-Balinesa-329-1-scaled-1.jpg","datePublished":"2025-01-20T11:45:24+00:00","dateModified":"2025-01-20T14:49:25+00:00","description":"Llit balin\u00e8s Crelan: comoditat, estil i durabilitat en exteriors amb estructura resistent, gandules ajustables i protecci\u00f3 solar integrada.","breadcrumb":{"@id":"https:\/\/www.navarroaubanell.com\/ca\/producte\/llit-balines-crelan-navarroaubanell\/#breadcrumb"},"inLanguage":"ca","potentialAction":[{"@type":"ReadAction","target":["https:\/\/www.navarroaubanell.com\/ca\/producte\/llit-balines-crelan-navarroaubanell\/"]}]},{"@type":"ImageObject","inLanguage":"ca","@id":"https:\/\/www.navarroaubanell.com\/ca\/producte\/llit-balines-crelan-navarroaubanell\/#primaryimage","url":"https:\/\/www.navarroaubanell.com\/wp-content\/uploads\/2025\/01\/Cama-Balinesa-329-1-scaled-1.jpg","contentUrl":"https:\/\/www.navarroaubanell.com\/wp-content\/uploads\/2025\/01\/Cama-Balinesa-329-1-scaled-1.jpg","width":800,"height":650,"caption":"Llit Balin\u00e8s Crelan"},{"@type":"BreadcrumbList","@id":"https:\/\/www.navarroaubanell.com\/ca\/producte\/llit-balines-crelan-navarroaubanell\/#breadcrumb","itemListElement":[{"@type":"ListItem","position":1,"name":"Portada","item":"https:\/\/www.navarroaubanell.com\/ca\/"},{"@type":"ListItem","position":2,"name":"Productes","item":"https:\/\/www.navarroaubanell.com\/productos\/"},{"@type":"ListItem","position":3,"name":"Llit balin\u00e8s Crelan"}]},{"@type":"WebSite","@id":"https:\/\/www.navarroaubanell.com\/ca\/#website","url":"https:\/\/www.navarroaubanell.com\/ca\/","name":"Navarro Aubanell","description":"Mobiliario para hoteler\u00eda, colectividades y oficinas","publisher":{"@id":"https:\/\/www.navarroaubanell.com\/ca\/#organization"},"potentialAction":[{"@type":"SearchAction","target":{"@type":"EntryPoint","urlTemplate":"https:\/\/www.navarroaubanell.com\/ca\/?s={search_term_string}"},"query-input":{"@type":"PropertyValueSpecification","valueRequired":true,"valueName":"search_term_string"}}],"inLanguage":"ca"},{"@type":"Organization","@id":"https:\/\/www.navarroaubanell.com\/ca\/#organization","name":"COMERCIAL NAVARRO AUBANELL, S.A","url":"https:\/\/www.navarroaubanell.com\/ca\/","logo":{"@type":"ImageObject","inLanguage":"ca","@id":"https:\/\/www.navarroaubanell.com\/ca\/#\/schema\/logo\/image\/","url":"https:\/\/www.navarroaubanell.com\/wp-content\/uploads\/2017\/07\/logo-navarro-aubuanell.png","contentUrl":"https:\/\/www.navarroaubanell.com\/wp-content\/uploads\/2017\/07\/logo-navarro-aubuanell.png","width":6304,"height":1154,"caption":"COMERCIAL NAVARRO AUBANELL, S.A"},"image":{"@id":"https:\/\/www.navarroaubanell.com\/ca\/#\/schema\/logo\/image\/"}}]}},"_links":{"self":[{"href":"https:\/\/www.navarroaubanell.com\/ca\/wp-json\/wp\/v2\/product\/43556","targetHints":{"allow":["GET"]}}],"collection":[{"href":"https:\/\/www.navarroaubanell.com\/ca\/wp-json\/wp\/v2\/product"}],"about":[{"href":"https:\/\/www.navarroaubanell.com\/ca\/wp-json\/wp\/v2\/types\/product"}],"wp:featuredmedia":[{"embeddable":true,"href":"https:\/\/www.navarroaubanell.com\/ca\/wp-json\/wp\/v2\/media\/43541"}],"wp:attachment":[{"href":"https:\/\/www.navarroaubanell.com\/ca\/wp-json\/wp\/v2\/media?parent=43556"}],"wp:term":[{"taxonomy":"product_brand","embeddable":true,"href":"https:\/\/www.navarroaubanell.com\/ca\/wp-json\/wp\/v2\/product_brand?post=43556"},{"taxonomy":"product_cat","embeddable":true,"href":"https:\/\/www.navarroaubanell.com\/ca\/wp-json\/wp\/v2\/product_cat?post=43556"},{"taxonomy":"product_tag","embeddable":true,"href":"https:\/\/www.navarroaubanell.com\/ca\/wp-json\/wp\/v2\/product_tag?post=43556"}],"curies":[{"name":"wp","href":"https:\/\/api.w.org\/{rel}","templated":true}]}}