{"id":43473,"date":"2025-01-16T15:24:28","date_gmt":"2025-01-16T14:24:28","guid":{"rendered":"https:\/\/www.navarroaubanell.com\/producto\/parasol-beret-navarroaubanell\/"},"modified":"2025-01-16T15:47:09","modified_gmt":"2025-01-16T14:47:09","slug":"para-sol-beret-navarroaubanell","status":"publish","type":"product","link":"https:\/\/www.navarroaubanell.com\/ca\/producte\/para-sol-beret-navarroaubanell\/","title":{"rendered":"Para-sol Beret"},"content":{"rendered":"<h5>Para-sol Beret: Innovaci\u00f3, Estil i Funcionalitat<\/h5>\n<div class=\"traductor-textarea form-group\">\n<div class=\"textarea-desti col-xs-12 col-sm-6\">\n<div class=\"form-control second-textarea\">El para-sol Beret destaca pel seu innovador disseny susp\u00e8s, que no sols aporta un toc d&#8217;eleg\u00e0ncia a qualsevol ambient exterior, sin\u00f3 que tamb\u00e9 maximitza la seva funcionalitat. Aquest disseny permet aprofitar tot l&#8217;espai sense restriccions, fent que ela teva zona a l&#8217;aire lliure sigui m\u00e9s c\u00f2moda i vers\u00e0til.<\/div>\n<\/div>\n<\/div>\n<h6>Resist\u00e8ncia i Durabilitat<\/h6>\n<div class=\"traductor-textarea form-group\">\n<div class=\"textarea-desti col-xs-12 col-sm-6\">\n<div class=\"form-control second-textarea\">Amb una estructura d&#8217;alumini, el para-sol Beret est\u00e0 fabricat per a resistir les inclem\u00e8ncies del temps i garantir una llarga vida \u00fatil. La seva construcci\u00f3 assegura resist\u00e8ncia sense sacrificar l&#8217;est\u00e8tica, fent d&#8217;aquest para-sol una opci\u00f3 ideal per a qualsevol entorn exterior.<\/div>\n<\/div>\n<\/div>\n<h6>Ombra en moviment<\/h6>\n<div class=\"traductor-textarea form-group\">\n<div class=\"textarea-desti col-xs-12 col-sm-6\">\n<div class=\"form-control second-textarea\">Beret t\u00e9 un di\u00e0metre de 300 cm, oferint una \u00e0mplia zona d&#8217;ombra. El seu mecanisme giratori de 360\u00ba permet ajustar la direcci\u00f3 de l&#8217;ombra f\u00e0cilment, assegurant protecci\u00f3 solar en qualsevol moment del dia sense necessitat de moure el para-sol complet. Aquesta funcionalitat el converteix en una opci\u00f3 extremadament pr\u00e0ctica per a qualsevol espai exterior.<\/div>\n<\/div>\n<\/div>\n<h6>Estabilitat Garantida<\/h6>\n<div class=\"traductor-textarea form-group\">\n<div class=\"textarea-desti col-xs-12 col-sm-6\">\n<div class=\"form-control second-textarea\">La base quadrada de ciment, amb un pes de 100 kg, garanteix que el para-sol Beret es mantingui ferm i estable fins i tot en condicions de vent. Amb aquesta base robusta, podr\u00e0s estar tranquil sabent que el teu para-sol resistir\u00e0 el pas del temps i les inclem\u00e8ncies del clima.<\/div>\n<\/div>\n<\/div>\n","protected":false},"excerpt":{"rendered":"<p>Para-sol Beret: Innovaci\u00f3, Estil i Funcionalitat El para-sol Beret destaca pel seu innovador disseny susp\u00e8s, que no sols aporta un toc d&#8217;eleg\u00e0ncia a qualsevol ambient exterior, sin\u00f3 que tamb\u00e9 maximitza la seva funcionalitat. Aquest disseny permet aprofitar tot l&#8217;espai sense restriccions, fent que ela teva zona a l&#8217;aire lliure sigui m\u00e9s c\u00f2moda i vers\u00e0til. Resist\u00e8ncia&hellip;<\/p>\n","protected":false},"featured_media":43469,"template":"","meta":{"_acf_changed":false},"product_brand":[],"product_cat":[563,569],"product_tag":[992,640,1577,1624,1618],"class_list":{"0":"post-43473","1":"product","2":"type-product","3":"status-publish","4":"has-post-thumbnail","6":"product_cat-exterior-ca","7":"product_cat-parasols","8":"product_tag-aluminio-ca","9":"product_tag-exterior-ca","10":"product_tag-giratorio-ca","11":"product_tag-hosteleria-ca","12":"product_tag-parasol-ca","13":"description-off","15":"first","16":"instock","17":"shipping-taxable","18":"product-type-simple"},"acf":[],"yoast_head":"<!-- This site is optimized with the Yoast SEO plugin v27.0 - https:\/\/yoast.com\/product\/yoast-seo-wordpress\/ -->\n<title>Para-sol Beret - Navarro Aubanell<\/title>\n<meta name=\"description\" content=\"El para-sol Beret, estil i resist\u00e8ncia. Estructura d&#039;alumini i base de ciment, proporcionant ombra ajustable 360\u00e8 per a qualsevol entorn exterior.\" \/>\n<meta name=\"robots\" content=\"index, follow, max-snippet:-1, max-image-preview:large, max-video-preview:-1\" \/>\n<link rel=\"canonical\" href=\"https:\/\/www.navarroaubanell.com\/ca\/producte\/para-sol-beret-navarroaubanell\/\" \/>\n<meta property=\"og:locale\" content=\"ca_ES\" \/>\n<meta property=\"og:type\" content=\"article\" \/>\n<meta property=\"og:title\" content=\"Para-sol Beret - Navarro Aubanell\" \/>\n<meta property=\"og:description\" content=\"El para-sol Beret, estil i resist\u00e8ncia. Estructura d&#039;alumini i base de ciment, proporcionant ombra ajustable 360\u00e8 per a qualsevol entorn exterior.\" \/>\n<meta property=\"og:url\" content=\"https:\/\/www.navarroaubanell.com\/ca\/producte\/para-sol-beret-navarroaubanell\/\" \/>\n<meta property=\"og:site_name\" content=\"Navarro Aubanell\" \/>\n<meta property=\"article:modified_time\" content=\"2025-01-16T14:47:09+00:00\" \/>\n<meta property=\"og:image\" content=\"https:\/\/www.navarroaubanell.com\/wp-content\/uploads\/2025\/01\/PARASOL-GARONA.jpg\" \/>\n\t<meta property=\"og:image:width\" content=\"1280\" \/>\n\t<meta property=\"og:image:height\" content=\"1040\" \/>\n\t<meta property=\"og:image:type\" content=\"image\/jpeg\" \/>\n<meta name=\"twitter:label1\" content=\"Est. reading time\" \/>\n\t<meta name=\"twitter:data1\" content=\"2 minutes\" \/>\n<script type=\"application\/ld+json\" class=\"yoast-schema-graph\">{\"@context\":\"https:\/\/schema.org\",\"@graph\":[{\"@type\":\"WebPage\",\"@id\":\"https:\/\/www.navarroaubanell.com\/ca\/producte\/para-sol-beret-navarroaubanell\/\",\"url\":\"https:\/\/www.navarroaubanell.com\/ca\/producte\/para-sol-beret-navarroaubanell\/\",\"name\":\"Para-sol Beret - Navarro Aubanell\",\"isPartOf\":{\"@id\":\"https:\/\/www.navarroaubanell.com\/ca\/#website\"},\"primaryImageOfPage\":{\"@id\":\"https:\/\/www.navarroaubanell.com\/ca\/producte\/para-sol-beret-navarroaubanell\/#primaryimage\"},\"image\":{\"@id\":\"https:\/\/www.navarroaubanell.com\/ca\/producte\/para-sol-beret-navarroaubanell\/#primaryimage\"},\"thumbnailUrl\":\"https:\/\/www.navarroaubanell.com\/wp-content\/uploads\/2025\/01\/PARASOL-GARONA.jpg\",\"datePublished\":\"2025-01-16T14:24:28+00:00\",\"dateModified\":\"2025-01-16T14:47:09+00:00\",\"description\":\"El para-sol Beret, estil i resist\u00e8ncia. Estructura d'alumini i base de ciment, proporcionant ombra ajustable 360\u00e8 per a qualsevol entorn exterior.\",\"breadcrumb\":{\"@id\":\"https:\/\/www.navarroaubanell.com\/ca\/producte\/para-sol-beret-navarroaubanell\/#breadcrumb\"},\"inLanguage\":\"ca\",\"potentialAction\":[{\"@type\":\"ReadAction\",\"target\":[\"https:\/\/www.navarroaubanell.com\/ca\/producte\/para-sol-beret-navarroaubanell\/\"]}]},{\"@type\":\"ImageObject\",\"inLanguage\":\"ca\",\"@id\":\"https:\/\/www.navarroaubanell.com\/ca\/producte\/para-sol-beret-navarroaubanell\/#primaryimage\",\"url\":\"https:\/\/www.navarroaubanell.com\/wp-content\/uploads\/2025\/01\/PARASOL-GARONA.jpg\",\"contentUrl\":\"https:\/\/www.navarroaubanell.com\/wp-content\/uploads\/2025\/01\/PARASOL-GARONA.jpg\",\"width\":1280,\"height\":1040,\"caption\":\"Para-sol Beret\"},{\"@type\":\"BreadcrumbList\",\"@id\":\"https:\/\/www.navarroaubanell.com\/ca\/producte\/para-sol-beret-navarroaubanell\/#breadcrumb\",\"itemListElement\":[{\"@type\":\"ListItem\",\"position\":1,\"name\":\"Portada\",\"item\":\"https:\/\/www.navarroaubanell.com\/ca\/\"},{\"@type\":\"ListItem\",\"position\":2,\"name\":\"Productes\",\"item\":\"https:\/\/www.navarroaubanell.com\/productos\/\"},{\"@type\":\"ListItem\",\"position\":3,\"name\":\"Para-sol Beret\"}]},{\"@type\":\"WebSite\",\"@id\":\"https:\/\/www.navarroaubanell.com\/ca\/#website\",\"url\":\"https:\/\/www.navarroaubanell.com\/ca\/\",\"name\":\"Navarro Aubanell\",\"description\":\"Mobiliario para hoteler\u00eda, colectividades y oficinas\",\"publisher\":{\"@id\":\"https:\/\/www.navarroaubanell.com\/ca\/#organization\"},\"potentialAction\":[{\"@type\":\"SearchAction\",\"target\":{\"@type\":\"EntryPoint\",\"urlTemplate\":\"https:\/\/www.navarroaubanell.com\/ca\/?s={search_term_string}\"},\"query-input\":{\"@type\":\"PropertyValueSpecification\",\"valueRequired\":true,\"valueName\":\"search_term_string\"}}],\"inLanguage\":\"ca\"},{\"@type\":\"Organization\",\"@id\":\"https:\/\/www.navarroaubanell.com\/ca\/#organization\",\"name\":\"COMERCIAL NAVARRO AUBANELL, S.A\",\"url\":\"https:\/\/www.navarroaubanell.com\/ca\/\",\"logo\":{\"@type\":\"ImageObject\",\"inLanguage\":\"ca\",\"@id\":\"https:\/\/www.navarroaubanell.com\/ca\/#\/schema\/logo\/image\/\",\"url\":\"https:\/\/www.navarroaubanell.com\/wp-content\/uploads\/2017\/07\/logo-navarro-aubuanell.png\",\"contentUrl\":\"https:\/\/www.navarroaubanell.com\/wp-content\/uploads\/2017\/07\/logo-navarro-aubuanell.png\",\"width\":6304,\"height\":1154,\"caption\":\"COMERCIAL NAVARRO AUBANELL, S.A\"},\"image\":{\"@id\":\"https:\/\/www.navarroaubanell.com\/ca\/#\/schema\/logo\/image\/\"}}]}<\/script>\n<!-- \/ Yoast SEO plugin. -->","yoast_head_json":{"title":"Para-sol Beret - Navarro Aubanell","description":"El para-sol Beret, estil i resist\u00e8ncia. Estructura d'alumini i base de ciment, proporcionant ombra ajustable 360\u00e8 per a qualsevol entorn exterior.","robots":{"index":"index","follow":"follow","max-snippet":"max-snippet:-1","max-image-preview":"max-image-preview:large","max-video-preview":"max-video-preview:-1"},"canonical":"https:\/\/www.navarroaubanell.com\/ca\/producte\/para-sol-beret-navarroaubanell\/","og_locale":"ca_ES","og_type":"article","og_title":"Para-sol Beret - Navarro Aubanell","og_description":"El para-sol Beret, estil i resist\u00e8ncia. Estructura d'alumini i base de ciment, proporcionant ombra ajustable 360\u00e8 per a qualsevol entorn exterior.","og_url":"https:\/\/www.navarroaubanell.com\/ca\/producte\/para-sol-beret-navarroaubanell\/","og_site_name":"Navarro Aubanell","article_modified_time":"2025-01-16T14:47:09+00:00","og_image":[{"width":1280,"height":1040,"url":"https:\/\/www.navarroaubanell.com\/wp-content\/uploads\/2025\/01\/PARASOL-GARONA.jpg","type":"image\/jpeg"}],"twitter_misc":{"Est. reading time":"2 minutes"},"schema":{"@context":"https:\/\/schema.org","@graph":[{"@type":"WebPage","@id":"https:\/\/www.navarroaubanell.com\/ca\/producte\/para-sol-beret-navarroaubanell\/","url":"https:\/\/www.navarroaubanell.com\/ca\/producte\/para-sol-beret-navarroaubanell\/","name":"Para-sol Beret - Navarro Aubanell","isPartOf":{"@id":"https:\/\/www.navarroaubanell.com\/ca\/#website"},"primaryImageOfPage":{"@id":"https:\/\/www.navarroaubanell.com\/ca\/producte\/para-sol-beret-navarroaubanell\/#primaryimage"},"image":{"@id":"https:\/\/www.navarroaubanell.com\/ca\/producte\/para-sol-beret-navarroaubanell\/#primaryimage"},"thumbnailUrl":"https:\/\/www.navarroaubanell.com\/wp-content\/uploads\/2025\/01\/PARASOL-GARONA.jpg","datePublished":"2025-01-16T14:24:28+00:00","dateModified":"2025-01-16T14:47:09+00:00","description":"El para-sol Beret, estil i resist\u00e8ncia. Estructura d'alumini i base de ciment, proporcionant ombra ajustable 360\u00e8 per a qualsevol entorn exterior.","breadcrumb":{"@id":"https:\/\/www.navarroaubanell.com\/ca\/producte\/para-sol-beret-navarroaubanell\/#breadcrumb"},"inLanguage":"ca","potentialAction":[{"@type":"ReadAction","target":["https:\/\/www.navarroaubanell.com\/ca\/producte\/para-sol-beret-navarroaubanell\/"]}]},{"@type":"ImageObject","inLanguage":"ca","@id":"https:\/\/www.navarroaubanell.com\/ca\/producte\/para-sol-beret-navarroaubanell\/#primaryimage","url":"https:\/\/www.navarroaubanell.com\/wp-content\/uploads\/2025\/01\/PARASOL-GARONA.jpg","contentUrl":"https:\/\/www.navarroaubanell.com\/wp-content\/uploads\/2025\/01\/PARASOL-GARONA.jpg","width":1280,"height":1040,"caption":"Para-sol Beret"},{"@type":"BreadcrumbList","@id":"https:\/\/www.navarroaubanell.com\/ca\/producte\/para-sol-beret-navarroaubanell\/#breadcrumb","itemListElement":[{"@type":"ListItem","position":1,"name":"Portada","item":"https:\/\/www.navarroaubanell.com\/ca\/"},{"@type":"ListItem","position":2,"name":"Productes","item":"https:\/\/www.navarroaubanell.com\/productos\/"},{"@type":"ListItem","position":3,"name":"Para-sol Beret"}]},{"@type":"WebSite","@id":"https:\/\/www.navarroaubanell.com\/ca\/#website","url":"https:\/\/www.navarroaubanell.com\/ca\/","name":"Navarro Aubanell","description":"Mobiliario para hoteler\u00eda, colectividades y oficinas","publisher":{"@id":"https:\/\/www.navarroaubanell.com\/ca\/#organization"},"potentialAction":[{"@type":"SearchAction","target":{"@type":"EntryPoint","urlTemplate":"https:\/\/www.navarroaubanell.com\/ca\/?s={search_term_string}"},"query-input":{"@type":"PropertyValueSpecification","valueRequired":true,"valueName":"search_term_string"}}],"inLanguage":"ca"},{"@type":"Organization","@id":"https:\/\/www.navarroaubanell.com\/ca\/#organization","name":"COMERCIAL NAVARRO AUBANELL, S.A","url":"https:\/\/www.navarroaubanell.com\/ca\/","logo":{"@type":"ImageObject","inLanguage":"ca","@id":"https:\/\/www.navarroaubanell.com\/ca\/#\/schema\/logo\/image\/","url":"https:\/\/www.navarroaubanell.com\/wp-content\/uploads\/2017\/07\/logo-navarro-aubuanell.png","contentUrl":"https:\/\/www.navarroaubanell.com\/wp-content\/uploads\/2017\/07\/logo-navarro-aubuanell.png","width":6304,"height":1154,"caption":"COMERCIAL NAVARRO AUBANELL, S.A"},"image":{"@id":"https:\/\/www.navarroaubanell.com\/ca\/#\/schema\/logo\/image\/"}}]}},"_links":{"self":[{"href":"https:\/\/www.navarroaubanell.com\/ca\/wp-json\/wp\/v2\/product\/43473","targetHints":{"allow":["GET"]}}],"collection":[{"href":"https:\/\/www.navarroaubanell.com\/ca\/wp-json\/wp\/v2\/product"}],"about":[{"href":"https:\/\/www.navarroaubanell.com\/ca\/wp-json\/wp\/v2\/types\/product"}],"wp:featuredmedia":[{"embeddable":true,"href":"https:\/\/www.navarroaubanell.com\/ca\/wp-json\/wp\/v2\/media\/43469"}],"wp:attachment":[{"href":"https:\/\/www.navarroaubanell.com\/ca\/wp-json\/wp\/v2\/media?parent=43473"}],"wp:term":[{"taxonomy":"product_brand","embeddable":true,"href":"https:\/\/www.navarroaubanell.com\/ca\/wp-json\/wp\/v2\/product_brand?post=43473"},{"taxonomy":"product_cat","embeddable":true,"href":"https:\/\/www.navarroaubanell.com\/ca\/wp-json\/wp\/v2\/product_cat?post=43473"},{"taxonomy":"product_tag","embeddable":true,"href":"https:\/\/www.navarroaubanell.com\/ca\/wp-json\/wp\/v2\/product_tag?post=43473"}],"curies":[{"name":"wp","href":"https:\/\/api.w.org\/{rel}","templated":true}]}}