{"id":43428,"date":"2025-01-09T17:46:50","date_gmt":"2025-01-09T16:46:50","guid":{"rendered":"https:\/\/www.navarroaubanell.com\/producto\/parasol-ralet-navarroaubanell\/"},"modified":"2025-01-09T17:55:08","modified_gmt":"2025-01-09T16:55:08","slug":"para-sol-ralet-navarroaubanell","status":"publish","type":"product","link":"https:\/\/www.navarroaubanell.com\/ca\/producte\/para-sol-ralet-navarroaubanell\/","title":{"rendered":"Para-sol Ralet"},"content":{"rendered":"<div class=\"flex-shrink-0 flex flex-col relative items-end\">\n<div>\n<div class=\"pt-0\">\n<div class=\"gizmo-bot-avatar flex h-8 w-8 items-center justify-center overflow-hidden rounded-full\">\n<h5 class=\"relative p-1 rounded-sm flex items-center justify-center bg-token-main-surface-primary text-token-text-primary h-8 w-8\">Para-sol Ralet: Innovaci\u00f3 i eleg\u00e0ncia per a exteriors<\/h5>\n<\/div>\n<\/div>\n<\/div>\n<\/div>\n<div class=\"group\/conversation-turn relative flex w-full min-w-0 flex-col agent-turn\">\n<div class=\"flex-col gap-1 md:gap-3\">\n<div class=\"flex max-w-full flex-col flex-grow\">\n<div class=\"min-h-8 text-message flex w-full flex-col items-end gap-2 whitespace-normal break-words text-start [.text-message+&amp;]:mt-5\" dir=\"auto\" data-message-author-role=\"assistant\" data-message-id=\"8314c9fd-f3cf-4dfa-8442-27bebed61e2d\" data-message-model-slug=\"gpt-4o\">\n<div class=\"flex w-full flex-col gap-1 empty:hidden first:pt-[3px]\">\n<div class=\"markdown prose w-full break-words dark:prose-invert light\">\n<div class=\"traductor-textarea form-group\">\n<div class=\"textarea-desti col-xs-12 col-sm-6\">\n<div class=\"form-control second-textarea\">El para-sol Ralet est\u00e0 dissenyat per a ser l&#8217;opci\u00f3 ideal a qualsevol espai exterior, ja sigui en jardins, terrasses o \u00e0rees de descans. La seva durabilitat i resist\u00e8ncia a les condicions clim\u00e0tiques el converteixen en una opci\u00f3 segura i de confian\u00e7a per als qui busquen qualitat i eleg\u00e0ncia en un \u00fanic producte.<\/div>\n<\/div>\n<\/div>\n<h6>Mecanisme giratori<\/h6>\n<div class=\"traductor-textarea form-group\">\n<div class=\"textarea-desti col-xs-12 col-sm-6\">\n<div class=\"form-control second-textarea\">Una de les caracter\u00edstiques m\u00e9s destacades de Ralet \u00e9s el seu mecanisme giratori de 360\u00ba, que permet ajustar la cobertura segons les necessitats del moment. Aquesta funcionalitat el fa extremadament vers\u00e0til, oferint ombra en qualsevol direcci\u00f3 sense necessitat de moure la base.<\/div>\n<\/div>\n<\/div>\n<h6><strong>Materials d&#8217;alta qualitat<\/strong><\/h6>\n<div class=\"traductor-textarea form-group\">\n<div class=\"textarea-desti col-xs-12 col-sm-6\">\n<div class=\"form-control second-textarea\">El m\u00e0stil d&#8217;alumini de 300cm d&#8217;ala\u00e7ada garanteix estabilitat i resist\u00e8ncia. El teixit del para-sol est\u00e0 fabricat en Olefin, un material durador i resistent amb una densitat de 270 gr\/m\u00b2. Aquest teixit en color natural no nom\u00e9s aporta eleg\u00e0ncia, sin\u00f3 que tamb\u00e9 assegura una llarga vida \u00fatil i protecci\u00f3 davant les inclem\u00e8ncies del temps.<\/div>\n<\/div>\n<\/div>\n<h6>Base robusta i ajustable<\/h6>\n<div class=\"traductor-textarea form-group\">\n<div class=\"textarea-desti col-xs-12 col-sm-6\">\n<div class=\"form-control second-textarea\">El para-sol compta amb una base girat\u00f2ria equipada amb rodes graduables en al\u00e7ada, la qual cosa facilita el seu transport i la seva graduaci\u00f3 en diferents superf\u00edcies. A m\u00e9s, la base pot suportar fins a 80 kg, afegint una capa extra d&#8217;estabilitat i seguretat.<\/div>\n<\/div>\n<\/div>\n<\/div>\n<\/div>\n<\/div>\n<\/div>\n<\/div>\n<\/div>\n","protected":false},"excerpt":{"rendered":"<p>Para-sol Ralet: Innovaci\u00f3 i eleg\u00e0ncia per a exteriors El para-sol Ralet est\u00e0 dissenyat per a ser l&#8217;opci\u00f3 ideal a qualsevol espai exterior, ja sigui en jardins, terrasses o \u00e0rees de descans. La seva durabilitat i resist\u00e8ncia a les condicions clim\u00e0tiques el converteixen en una opci\u00f3 segura i de confian\u00e7a per als qui busquen qualitat i&hellip;<\/p>\n","protected":false},"featured_media":43424,"template":"","meta":{"_acf_changed":false},"product_brand":[],"product_cat":[563,569],"product_tag":[992,640,1577,1589,1618],"class_list":{"0":"post-43428","1":"product","2":"type-product","3":"status-publish","4":"has-post-thumbnail","6":"product_cat-exterior-ca","7":"product_cat-parasols","8":"product_tag-aluminio-ca","9":"product_tag-exterior-ca","10":"product_tag-giratorio-ca","11":"product_tag-olefin-ca","12":"product_tag-parasol-ca","13":"description-off","15":"first","16":"instock","17":"shipping-taxable","18":"product-type-simple"},"acf":[],"yoast_head":"<!-- This site is optimized with the Yoast SEO plugin v27.0 - https:\/\/yoast.com\/product\/yoast-seo-wordpress\/ -->\n<title>Para-sol Ralet - Navarro Aubanell<\/title>\n<meta name=\"description\" content=\"Para-sol Ralet: elegant i funcional, amb pal d&#039;alumini, teixit Olefin 270 gr\/m\u00b2, mecanisme giratori 360\u00e8, base amb rodes i suport de 80 kg.\" \/>\n<meta name=\"robots\" content=\"index, follow, max-snippet:-1, max-image-preview:large, max-video-preview:-1\" \/>\n<link rel=\"canonical\" href=\"https:\/\/www.navarroaubanell.com\/ca\/producte\/para-sol-ralet-navarroaubanell\/\" \/>\n<meta property=\"og:locale\" content=\"ca_ES\" \/>\n<meta property=\"og:type\" content=\"article\" \/>\n<meta property=\"og:title\" content=\"Para-sol Ralet - Navarro Aubanell\" \/>\n<meta property=\"og:description\" content=\"Para-sol Ralet: elegant i funcional, amb pal d&#039;alumini, teixit Olefin 270 gr\/m\u00b2, mecanisme giratori 360\u00e8, base amb rodes i suport de 80 kg.\" \/>\n<meta property=\"og:url\" content=\"https:\/\/www.navarroaubanell.com\/ca\/producte\/para-sol-ralet-navarroaubanell\/\" \/>\n<meta property=\"og:site_name\" content=\"Navarro Aubanell\" \/>\n<meta property=\"article:modified_time\" content=\"2025-01-09T16:55:08+00:00\" \/>\n<meta property=\"og:image\" content=\"https:\/\/www.navarroaubanell.com\/wp-content\/uploads\/2025\/01\/ELECTRA.jpg\" \/>\n\t<meta property=\"og:image:width\" content=\"1280\" \/>\n\t<meta property=\"og:image:height\" content=\"1040\" \/>\n\t<meta property=\"og:image:type\" content=\"image\/jpeg\" \/>\n<meta name=\"twitter:label1\" content=\"Est. reading time\" \/>\n\t<meta name=\"twitter:data1\" content=\"2 minutes\" \/>\n<script type=\"application\/ld+json\" class=\"yoast-schema-graph\">{\"@context\":\"https:\/\/schema.org\",\"@graph\":[{\"@type\":\"WebPage\",\"@id\":\"https:\/\/www.navarroaubanell.com\/ca\/producte\/para-sol-ralet-navarroaubanell\/\",\"url\":\"https:\/\/www.navarroaubanell.com\/ca\/producte\/para-sol-ralet-navarroaubanell\/\",\"name\":\"Para-sol Ralet - Navarro Aubanell\",\"isPartOf\":{\"@id\":\"https:\/\/www.navarroaubanell.com\/ca\/#website\"},\"primaryImageOfPage\":{\"@id\":\"https:\/\/www.navarroaubanell.com\/ca\/producte\/para-sol-ralet-navarroaubanell\/#primaryimage\"},\"image\":{\"@id\":\"https:\/\/www.navarroaubanell.com\/ca\/producte\/para-sol-ralet-navarroaubanell\/#primaryimage\"},\"thumbnailUrl\":\"https:\/\/www.navarroaubanell.com\/wp-content\/uploads\/2025\/01\/ELECTRA.jpg\",\"datePublished\":\"2025-01-09T16:46:50+00:00\",\"dateModified\":\"2025-01-09T16:55:08+00:00\",\"description\":\"Para-sol Ralet: elegant i funcional, amb pal d'alumini, teixit Olefin 270 gr\/m\u00b2, mecanisme giratori 360\u00e8, base amb rodes i suport de 80 kg.\",\"breadcrumb\":{\"@id\":\"https:\/\/www.navarroaubanell.com\/ca\/producte\/para-sol-ralet-navarroaubanell\/#breadcrumb\"},\"inLanguage\":\"ca\",\"potentialAction\":[{\"@type\":\"ReadAction\",\"target\":[\"https:\/\/www.navarroaubanell.com\/ca\/producte\/para-sol-ralet-navarroaubanell\/\"]}]},{\"@type\":\"ImageObject\",\"inLanguage\":\"ca\",\"@id\":\"https:\/\/www.navarroaubanell.com\/ca\/producte\/para-sol-ralet-navarroaubanell\/#primaryimage\",\"url\":\"https:\/\/www.navarroaubanell.com\/wp-content\/uploads\/2025\/01\/ELECTRA.jpg\",\"contentUrl\":\"https:\/\/www.navarroaubanell.com\/wp-content\/uploads\/2025\/01\/ELECTRA.jpg\",\"width\":1280,\"height\":1040,\"caption\":\"Para-sol Ralet\"},{\"@type\":\"BreadcrumbList\",\"@id\":\"https:\/\/www.navarroaubanell.com\/ca\/producte\/para-sol-ralet-navarroaubanell\/#breadcrumb\",\"itemListElement\":[{\"@type\":\"ListItem\",\"position\":1,\"name\":\"Portada\",\"item\":\"https:\/\/www.navarroaubanell.com\/ca\/\"},{\"@type\":\"ListItem\",\"position\":2,\"name\":\"Productes\",\"item\":\"https:\/\/www.navarroaubanell.com\/productos\/\"},{\"@type\":\"ListItem\",\"position\":3,\"name\":\"Para-sol Ralet\"}]},{\"@type\":\"WebSite\",\"@id\":\"https:\/\/www.navarroaubanell.com\/ca\/#website\",\"url\":\"https:\/\/www.navarroaubanell.com\/ca\/\",\"name\":\"Navarro Aubanell\",\"description\":\"Mobiliario para hoteler\u00eda, colectividades y oficinas\",\"publisher\":{\"@id\":\"https:\/\/www.navarroaubanell.com\/ca\/#organization\"},\"potentialAction\":[{\"@type\":\"SearchAction\",\"target\":{\"@type\":\"EntryPoint\",\"urlTemplate\":\"https:\/\/www.navarroaubanell.com\/ca\/?s={search_term_string}\"},\"query-input\":{\"@type\":\"PropertyValueSpecification\",\"valueRequired\":true,\"valueName\":\"search_term_string\"}}],\"inLanguage\":\"ca\"},{\"@type\":\"Organization\",\"@id\":\"https:\/\/www.navarroaubanell.com\/ca\/#organization\",\"name\":\"COMERCIAL NAVARRO AUBANELL, S.A\",\"url\":\"https:\/\/www.navarroaubanell.com\/ca\/\",\"logo\":{\"@type\":\"ImageObject\",\"inLanguage\":\"ca\",\"@id\":\"https:\/\/www.navarroaubanell.com\/ca\/#\/schema\/logo\/image\/\",\"url\":\"https:\/\/www.navarroaubanell.com\/wp-content\/uploads\/2017\/07\/logo-navarro-aubuanell.png\",\"contentUrl\":\"https:\/\/www.navarroaubanell.com\/wp-content\/uploads\/2017\/07\/logo-navarro-aubuanell.png\",\"width\":6304,\"height\":1154,\"caption\":\"COMERCIAL NAVARRO AUBANELL, S.A\"},\"image\":{\"@id\":\"https:\/\/www.navarroaubanell.com\/ca\/#\/schema\/logo\/image\/\"}}]}<\/script>\n<!-- \/ Yoast SEO plugin. -->","yoast_head_json":{"title":"Para-sol Ralet - Navarro Aubanell","description":"Para-sol Ralet: elegant i funcional, amb pal d'alumini, teixit Olefin 270 gr\/m\u00b2, mecanisme giratori 360\u00e8, base amb rodes i suport de 80 kg.","robots":{"index":"index","follow":"follow","max-snippet":"max-snippet:-1","max-image-preview":"max-image-preview:large","max-video-preview":"max-video-preview:-1"},"canonical":"https:\/\/www.navarroaubanell.com\/ca\/producte\/para-sol-ralet-navarroaubanell\/","og_locale":"ca_ES","og_type":"article","og_title":"Para-sol Ralet - Navarro Aubanell","og_description":"Para-sol Ralet: elegant i funcional, amb pal d'alumini, teixit Olefin 270 gr\/m\u00b2, mecanisme giratori 360\u00e8, base amb rodes i suport de 80 kg.","og_url":"https:\/\/www.navarroaubanell.com\/ca\/producte\/para-sol-ralet-navarroaubanell\/","og_site_name":"Navarro Aubanell","article_modified_time":"2025-01-09T16:55:08+00:00","og_image":[{"width":1280,"height":1040,"url":"https:\/\/www.navarroaubanell.com\/wp-content\/uploads\/2025\/01\/ELECTRA.jpg","type":"image\/jpeg"}],"twitter_misc":{"Est. reading time":"2 minutes"},"schema":{"@context":"https:\/\/schema.org","@graph":[{"@type":"WebPage","@id":"https:\/\/www.navarroaubanell.com\/ca\/producte\/para-sol-ralet-navarroaubanell\/","url":"https:\/\/www.navarroaubanell.com\/ca\/producte\/para-sol-ralet-navarroaubanell\/","name":"Para-sol Ralet - Navarro Aubanell","isPartOf":{"@id":"https:\/\/www.navarroaubanell.com\/ca\/#website"},"primaryImageOfPage":{"@id":"https:\/\/www.navarroaubanell.com\/ca\/producte\/para-sol-ralet-navarroaubanell\/#primaryimage"},"image":{"@id":"https:\/\/www.navarroaubanell.com\/ca\/producte\/para-sol-ralet-navarroaubanell\/#primaryimage"},"thumbnailUrl":"https:\/\/www.navarroaubanell.com\/wp-content\/uploads\/2025\/01\/ELECTRA.jpg","datePublished":"2025-01-09T16:46:50+00:00","dateModified":"2025-01-09T16:55:08+00:00","description":"Para-sol Ralet: elegant i funcional, amb pal d'alumini, teixit Olefin 270 gr\/m\u00b2, mecanisme giratori 360\u00e8, base amb rodes i suport de 80 kg.","breadcrumb":{"@id":"https:\/\/www.navarroaubanell.com\/ca\/producte\/para-sol-ralet-navarroaubanell\/#breadcrumb"},"inLanguage":"ca","potentialAction":[{"@type":"ReadAction","target":["https:\/\/www.navarroaubanell.com\/ca\/producte\/para-sol-ralet-navarroaubanell\/"]}]},{"@type":"ImageObject","inLanguage":"ca","@id":"https:\/\/www.navarroaubanell.com\/ca\/producte\/para-sol-ralet-navarroaubanell\/#primaryimage","url":"https:\/\/www.navarroaubanell.com\/wp-content\/uploads\/2025\/01\/ELECTRA.jpg","contentUrl":"https:\/\/www.navarroaubanell.com\/wp-content\/uploads\/2025\/01\/ELECTRA.jpg","width":1280,"height":1040,"caption":"Para-sol Ralet"},{"@type":"BreadcrumbList","@id":"https:\/\/www.navarroaubanell.com\/ca\/producte\/para-sol-ralet-navarroaubanell\/#breadcrumb","itemListElement":[{"@type":"ListItem","position":1,"name":"Portada","item":"https:\/\/www.navarroaubanell.com\/ca\/"},{"@type":"ListItem","position":2,"name":"Productes","item":"https:\/\/www.navarroaubanell.com\/productos\/"},{"@type":"ListItem","position":3,"name":"Para-sol Ralet"}]},{"@type":"WebSite","@id":"https:\/\/www.navarroaubanell.com\/ca\/#website","url":"https:\/\/www.navarroaubanell.com\/ca\/","name":"Navarro Aubanell","description":"Mobiliario para hoteler\u00eda, colectividades y oficinas","publisher":{"@id":"https:\/\/www.navarroaubanell.com\/ca\/#organization"},"potentialAction":[{"@type":"SearchAction","target":{"@type":"EntryPoint","urlTemplate":"https:\/\/www.navarroaubanell.com\/ca\/?s={search_term_string}"},"query-input":{"@type":"PropertyValueSpecification","valueRequired":true,"valueName":"search_term_string"}}],"inLanguage":"ca"},{"@type":"Organization","@id":"https:\/\/www.navarroaubanell.com\/ca\/#organization","name":"COMERCIAL NAVARRO AUBANELL, S.A","url":"https:\/\/www.navarroaubanell.com\/ca\/","logo":{"@type":"ImageObject","inLanguage":"ca","@id":"https:\/\/www.navarroaubanell.com\/ca\/#\/schema\/logo\/image\/","url":"https:\/\/www.navarroaubanell.com\/wp-content\/uploads\/2017\/07\/logo-navarro-aubuanell.png","contentUrl":"https:\/\/www.navarroaubanell.com\/wp-content\/uploads\/2017\/07\/logo-navarro-aubuanell.png","width":6304,"height":1154,"caption":"COMERCIAL NAVARRO AUBANELL, S.A"},"image":{"@id":"https:\/\/www.navarroaubanell.com\/ca\/#\/schema\/logo\/image\/"}}]}},"_links":{"self":[{"href":"https:\/\/www.navarroaubanell.com\/ca\/wp-json\/wp\/v2\/product\/43428","targetHints":{"allow":["GET"]}}],"collection":[{"href":"https:\/\/www.navarroaubanell.com\/ca\/wp-json\/wp\/v2\/product"}],"about":[{"href":"https:\/\/www.navarroaubanell.com\/ca\/wp-json\/wp\/v2\/types\/product"}],"wp:featuredmedia":[{"embeddable":true,"href":"https:\/\/www.navarroaubanell.com\/ca\/wp-json\/wp\/v2\/media\/43424"}],"wp:attachment":[{"href":"https:\/\/www.navarroaubanell.com\/ca\/wp-json\/wp\/v2\/media?parent=43428"}],"wp:term":[{"taxonomy":"product_brand","embeddable":true,"href":"https:\/\/www.navarroaubanell.com\/ca\/wp-json\/wp\/v2\/product_brand?post=43428"},{"taxonomy":"product_cat","embeddable":true,"href":"https:\/\/www.navarroaubanell.com\/ca\/wp-json\/wp\/v2\/product_cat?post=43428"},{"taxonomy":"product_tag","embeddable":true,"href":"https:\/\/www.navarroaubanell.com\/ca\/wp-json\/wp\/v2\/product_tag?post=43428"}],"curies":[{"name":"wp","href":"https:\/\/api.w.org\/{rel}","templated":true}]}}