{"id":43401,"date":"2025-01-09T08:21:42","date_gmt":"2025-01-09T07:21:42","guid":{"rendered":"https:\/\/www.navarroaubanell.com\/producto\/parasol-veni-navarroaubanell\/"},"modified":"2025-01-09T15:16:51","modified_gmt":"2025-01-09T14:16:51","slug":"para-sol-veni-navarroaubanell","status":"publish","type":"product","link":"https:\/\/www.navarroaubanell.com\/ca\/producte\/para-sol-veni-navarroaubanell\/","title":{"rendered":"Para-sol Veni"},"content":{"rendered":"<h5><strong>Para-sol<\/strong> Veni:<strong> La combinaci\u00f3 perfecta d&#8217;eleg\u00e0ncia i durabilitat<\/strong><\/h5>\n<div class=\"traductor-textarea form-group\">\n<div class=\"textarea-desti col-xs-12 col-sm-6\">\n<div class=\"form-control second-textarea\">El Para-sol Veni est\u00e0 dissenyat per a oferir una soluci\u00f3 d&#8217;ombra sofisticada i resistent per a qualsevol entorn exterior, ja sigui en terrasses, jardins o \u00e0rees de descans en hostaleria. El seu disseny modern i funcional el converteix en una opci\u00f3 ideal per a aquells que busquen combinar estil amb practicitat.<\/div>\n<\/div>\n<\/div>\n<h6>Resistente a la intemp\u00e8rie<\/h6>\n<div class=\"traductor-textarea form-group\">\n<div class=\"textarea-desti col-xs-12 col-sm-6\">\n<div class=\"form-control second-textarea\">Gr\u00e0cies a la seva estructura d&#8217;alumini i el seu teixit fet de poli\u00e8ster 100% en color natural i tractat amb antitaques, Veni assegura una llarga vida \u00fatil i resist\u00e8ncia a les distintes condicions meteorol\u00f2giques .<\/div>\n<\/div>\n<\/div>\n<h6>Practicitat i comoditat<\/h6>\n<div class=\"traductor-textarea form-group\">\n<div class=\"textarea-desti col-xs-12 col-sm-6\">\n<div class=\"form-control second-textarea\">Una de les caracter\u00edstiques m\u00e9s destacades de Veni \u00e9s el seu sistema telesc\u00f2pic de f\u00e0cil obertura i tancament, que permet ajustar-ho c\u00f2modament segons les necessitats del moment. A m\u00e9s, inclou un kit per a encastar i una funda protectora, la qual cosa garanteix la seva estabilitat i conservaci\u00f3.<\/div>\n<\/div>\n<\/div>\n<h6>Especificacions t\u00e8cniques<\/h6>\n<ul>\n<li>8 varetes de 35&#215;22 cm, robustes i duradores.<\/li>\n<li>Un m\u00e0stil de 75 mm \u00f8, completament d&#8217;alumini.<\/li>\n<li>Est\u00e0 disponible en dues mesures: 300&#215;300 cm o 400&#215;400 cm.<\/li>\n<li>Aquest para-sol pot empotrar-se o fer-se servir amb una base. La base disponible \u00e9s un peu giratori amb rodes graduables en al\u00e7ada. Soporta un pes m\u00e0xim de 80kg<\/li>\n<\/ul>\n<div class=\"traductor-textarea form-group\">\n<div class=\"textarea-desti col-xs-12 col-sm-6\">\n<div class=\"form-control second-textarea\"><\/div>\n<\/div>\n<\/div>\n","protected":false},"excerpt":{"rendered":"<p>Para-sol Veni: La combinaci\u00f3 perfecta d&#8217;eleg\u00e0ncia i durabilitat El Para-sol Veni est\u00e0 dissenyat per a oferir una soluci\u00f3 d&#8217;ombra sofisticada i resistent per a qualsevol entorn exterior, ja sigui en terrasses, jardins o \u00e0rees de descans en hostaleria. El seu disseny modern i funcional el converteix en una opci\u00f3 ideal per a aquells que busquen&hellip;<\/p>\n","protected":false},"featured_media":43389,"template":"","meta":{"_acf_changed":false},"product_brand":[],"product_cat":[569],"product_tag":[992,1447,640,1618],"class_list":{"0":"post-43401","1":"product","2":"type-product","3":"status-publish","4":"has-post-thumbnail","6":"product_cat-parasols","7":"product_tag-aluminio-ca","8":"product_tag-antimanchas-ca","9":"product_tag-exterior-ca","10":"product_tag-parasol-ca","11":"description-off","13":"first","14":"instock","15":"shipping-taxable","16":"product-type-simple"},"acf":[],"yoast_head":"<!-- This site is optimized with the Yoast SEO plugin v27.0 - https:\/\/yoast.com\/product\/yoast-seo-wordpress\/ -->\n<title>Para-sol Veni - Navarro Aubanell<\/title>\n<meta name=\"description\" content=\"Para-sol Veni: elegant i resistent, amb pal d&#039;alumini de 75 mm, 8 varetes, sistema telesc\u00f2pic i teixit poli\u00e8ster antitaques\" \/>\n<meta name=\"robots\" content=\"index, follow, max-snippet:-1, max-image-preview:large, max-video-preview:-1\" \/>\n<link rel=\"canonical\" href=\"https:\/\/www.navarroaubanell.com\/ca\/producte\/para-sol-veni-navarroaubanell\/\" \/>\n<meta property=\"og:locale\" content=\"ca_ES\" \/>\n<meta property=\"og:type\" content=\"article\" \/>\n<meta property=\"og:title\" content=\"Para-sol Veni - Navarro Aubanell\" \/>\n<meta property=\"og:description\" content=\"Para-sol Veni: elegant i resistent, amb pal d&#039;alumini de 75 mm, 8 varetes, sistema telesc\u00f2pic i teixit poli\u00e8ster antitaques\" \/>\n<meta property=\"og:url\" content=\"https:\/\/www.navarroaubanell.com\/ca\/producte\/para-sol-veni-navarroaubanell\/\" \/>\n<meta property=\"og:site_name\" content=\"Navarro Aubanell\" \/>\n<meta property=\"article:modified_time\" content=\"2025-01-09T14:16:51+00:00\" \/>\n<meta property=\"og:image\" content=\"https:\/\/www.navarroaubanell.com\/wp-content\/uploads\/2025\/01\/Parasol-Veni.png\" \/>\n\t<meta property=\"og:image:width\" content=\"1280\" \/>\n\t<meta property=\"og:image:height\" content=\"1040\" \/>\n\t<meta property=\"og:image:type\" content=\"image\/png\" \/>\n<meta name=\"twitter:label1\" content=\"Est. reading time\" \/>\n\t<meta name=\"twitter:data1\" content=\"2 minutes\" \/>\n<script type=\"application\/ld+json\" class=\"yoast-schema-graph\">{\"@context\":\"https:\/\/schema.org\",\"@graph\":[{\"@type\":\"WebPage\",\"@id\":\"https:\/\/www.navarroaubanell.com\/ca\/producte\/para-sol-veni-navarroaubanell\/\",\"url\":\"https:\/\/www.navarroaubanell.com\/ca\/producte\/para-sol-veni-navarroaubanell\/\",\"name\":\"Para-sol Veni - Navarro Aubanell\",\"isPartOf\":{\"@id\":\"https:\/\/www.navarroaubanell.com\/ca\/#website\"},\"primaryImageOfPage\":{\"@id\":\"https:\/\/www.navarroaubanell.com\/ca\/producte\/para-sol-veni-navarroaubanell\/#primaryimage\"},\"image\":{\"@id\":\"https:\/\/www.navarroaubanell.com\/ca\/producte\/para-sol-veni-navarroaubanell\/#primaryimage\"},\"thumbnailUrl\":\"https:\/\/www.navarroaubanell.com\/wp-content\/uploads\/2025\/01\/Parasol-Veni.png\",\"datePublished\":\"2025-01-09T07:21:42+00:00\",\"dateModified\":\"2025-01-09T14:16:51+00:00\",\"description\":\"Para-sol Veni: elegant i resistent, amb pal d'alumini de 75 mm, 8 varetes, sistema telesc\u00f2pic i teixit poli\u00e8ster antitaques\",\"breadcrumb\":{\"@id\":\"https:\/\/www.navarroaubanell.com\/ca\/producte\/para-sol-veni-navarroaubanell\/#breadcrumb\"},\"inLanguage\":\"ca\",\"potentialAction\":[{\"@type\":\"ReadAction\",\"target\":[\"https:\/\/www.navarroaubanell.com\/ca\/producte\/para-sol-veni-navarroaubanell\/\"]}]},{\"@type\":\"ImageObject\",\"inLanguage\":\"ca\",\"@id\":\"https:\/\/www.navarroaubanell.com\/ca\/producte\/para-sol-veni-navarroaubanell\/#primaryimage\",\"url\":\"https:\/\/www.navarroaubanell.com\/wp-content\/uploads\/2025\/01\/Parasol-Veni.png\",\"contentUrl\":\"https:\/\/www.navarroaubanell.com\/wp-content\/uploads\/2025\/01\/Parasol-Veni.png\",\"width\":1280,\"height\":1040,\"caption\":\"Para-sol Veni\"},{\"@type\":\"BreadcrumbList\",\"@id\":\"https:\/\/www.navarroaubanell.com\/ca\/producte\/para-sol-veni-navarroaubanell\/#breadcrumb\",\"itemListElement\":[{\"@type\":\"ListItem\",\"position\":1,\"name\":\"Portada\",\"item\":\"https:\/\/www.navarroaubanell.com\/ca\/\"},{\"@type\":\"ListItem\",\"position\":2,\"name\":\"Productes\",\"item\":\"https:\/\/www.navarroaubanell.com\/productos\/\"},{\"@type\":\"ListItem\",\"position\":3,\"name\":\"Para-sol Veni\"}]},{\"@type\":\"WebSite\",\"@id\":\"https:\/\/www.navarroaubanell.com\/ca\/#website\",\"url\":\"https:\/\/www.navarroaubanell.com\/ca\/\",\"name\":\"Navarro Aubanell\",\"description\":\"Mobiliario para hoteler\u00eda, colectividades y oficinas\",\"publisher\":{\"@id\":\"https:\/\/www.navarroaubanell.com\/ca\/#organization\"},\"potentialAction\":[{\"@type\":\"SearchAction\",\"target\":{\"@type\":\"EntryPoint\",\"urlTemplate\":\"https:\/\/www.navarroaubanell.com\/ca\/?s={search_term_string}\"},\"query-input\":{\"@type\":\"PropertyValueSpecification\",\"valueRequired\":true,\"valueName\":\"search_term_string\"}}],\"inLanguage\":\"ca\"},{\"@type\":\"Organization\",\"@id\":\"https:\/\/www.navarroaubanell.com\/ca\/#organization\",\"name\":\"COMERCIAL NAVARRO AUBANELL, S.A\",\"url\":\"https:\/\/www.navarroaubanell.com\/ca\/\",\"logo\":{\"@type\":\"ImageObject\",\"inLanguage\":\"ca\",\"@id\":\"https:\/\/www.navarroaubanell.com\/ca\/#\/schema\/logo\/image\/\",\"url\":\"https:\/\/www.navarroaubanell.com\/wp-content\/uploads\/2017\/07\/logo-navarro-aubuanell.png\",\"contentUrl\":\"https:\/\/www.navarroaubanell.com\/wp-content\/uploads\/2017\/07\/logo-navarro-aubuanell.png\",\"width\":6304,\"height\":1154,\"caption\":\"COMERCIAL NAVARRO AUBANELL, S.A\"},\"image\":{\"@id\":\"https:\/\/www.navarroaubanell.com\/ca\/#\/schema\/logo\/image\/\"}}]}<\/script>\n<!-- \/ Yoast SEO plugin. -->","yoast_head_json":{"title":"Para-sol Veni - Navarro Aubanell","description":"Para-sol Veni: elegant i resistent, amb pal d'alumini de 75 mm, 8 varetes, sistema telesc\u00f2pic i teixit poli\u00e8ster antitaques","robots":{"index":"index","follow":"follow","max-snippet":"max-snippet:-1","max-image-preview":"max-image-preview:large","max-video-preview":"max-video-preview:-1"},"canonical":"https:\/\/www.navarroaubanell.com\/ca\/producte\/para-sol-veni-navarroaubanell\/","og_locale":"ca_ES","og_type":"article","og_title":"Para-sol Veni - Navarro Aubanell","og_description":"Para-sol Veni: elegant i resistent, amb pal d'alumini de 75 mm, 8 varetes, sistema telesc\u00f2pic i teixit poli\u00e8ster antitaques","og_url":"https:\/\/www.navarroaubanell.com\/ca\/producte\/para-sol-veni-navarroaubanell\/","og_site_name":"Navarro Aubanell","article_modified_time":"2025-01-09T14:16:51+00:00","og_image":[{"width":1280,"height":1040,"url":"https:\/\/www.navarroaubanell.com\/wp-content\/uploads\/2025\/01\/Parasol-Veni.png","type":"image\/png"}],"twitter_misc":{"Est. reading time":"2 minutes"},"schema":{"@context":"https:\/\/schema.org","@graph":[{"@type":"WebPage","@id":"https:\/\/www.navarroaubanell.com\/ca\/producte\/para-sol-veni-navarroaubanell\/","url":"https:\/\/www.navarroaubanell.com\/ca\/producte\/para-sol-veni-navarroaubanell\/","name":"Para-sol Veni - Navarro Aubanell","isPartOf":{"@id":"https:\/\/www.navarroaubanell.com\/ca\/#website"},"primaryImageOfPage":{"@id":"https:\/\/www.navarroaubanell.com\/ca\/producte\/para-sol-veni-navarroaubanell\/#primaryimage"},"image":{"@id":"https:\/\/www.navarroaubanell.com\/ca\/producte\/para-sol-veni-navarroaubanell\/#primaryimage"},"thumbnailUrl":"https:\/\/www.navarroaubanell.com\/wp-content\/uploads\/2025\/01\/Parasol-Veni.png","datePublished":"2025-01-09T07:21:42+00:00","dateModified":"2025-01-09T14:16:51+00:00","description":"Para-sol Veni: elegant i resistent, amb pal d'alumini de 75 mm, 8 varetes, sistema telesc\u00f2pic i teixit poli\u00e8ster antitaques","breadcrumb":{"@id":"https:\/\/www.navarroaubanell.com\/ca\/producte\/para-sol-veni-navarroaubanell\/#breadcrumb"},"inLanguage":"ca","potentialAction":[{"@type":"ReadAction","target":["https:\/\/www.navarroaubanell.com\/ca\/producte\/para-sol-veni-navarroaubanell\/"]}]},{"@type":"ImageObject","inLanguage":"ca","@id":"https:\/\/www.navarroaubanell.com\/ca\/producte\/para-sol-veni-navarroaubanell\/#primaryimage","url":"https:\/\/www.navarroaubanell.com\/wp-content\/uploads\/2025\/01\/Parasol-Veni.png","contentUrl":"https:\/\/www.navarroaubanell.com\/wp-content\/uploads\/2025\/01\/Parasol-Veni.png","width":1280,"height":1040,"caption":"Para-sol Veni"},{"@type":"BreadcrumbList","@id":"https:\/\/www.navarroaubanell.com\/ca\/producte\/para-sol-veni-navarroaubanell\/#breadcrumb","itemListElement":[{"@type":"ListItem","position":1,"name":"Portada","item":"https:\/\/www.navarroaubanell.com\/ca\/"},{"@type":"ListItem","position":2,"name":"Productes","item":"https:\/\/www.navarroaubanell.com\/productos\/"},{"@type":"ListItem","position":3,"name":"Para-sol Veni"}]},{"@type":"WebSite","@id":"https:\/\/www.navarroaubanell.com\/ca\/#website","url":"https:\/\/www.navarroaubanell.com\/ca\/","name":"Navarro Aubanell","description":"Mobiliario para hoteler\u00eda, colectividades y oficinas","publisher":{"@id":"https:\/\/www.navarroaubanell.com\/ca\/#organization"},"potentialAction":[{"@type":"SearchAction","target":{"@type":"EntryPoint","urlTemplate":"https:\/\/www.navarroaubanell.com\/ca\/?s={search_term_string}"},"query-input":{"@type":"PropertyValueSpecification","valueRequired":true,"valueName":"search_term_string"}}],"inLanguage":"ca"},{"@type":"Organization","@id":"https:\/\/www.navarroaubanell.com\/ca\/#organization","name":"COMERCIAL NAVARRO AUBANELL, S.A","url":"https:\/\/www.navarroaubanell.com\/ca\/","logo":{"@type":"ImageObject","inLanguage":"ca","@id":"https:\/\/www.navarroaubanell.com\/ca\/#\/schema\/logo\/image\/","url":"https:\/\/www.navarroaubanell.com\/wp-content\/uploads\/2017\/07\/logo-navarro-aubuanell.png","contentUrl":"https:\/\/www.navarroaubanell.com\/wp-content\/uploads\/2017\/07\/logo-navarro-aubuanell.png","width":6304,"height":1154,"caption":"COMERCIAL NAVARRO AUBANELL, S.A"},"image":{"@id":"https:\/\/www.navarroaubanell.com\/ca\/#\/schema\/logo\/image\/"}}]}},"_links":{"self":[{"href":"https:\/\/www.navarroaubanell.com\/ca\/wp-json\/wp\/v2\/product\/43401","targetHints":{"allow":["GET"]}}],"collection":[{"href":"https:\/\/www.navarroaubanell.com\/ca\/wp-json\/wp\/v2\/product"}],"about":[{"href":"https:\/\/www.navarroaubanell.com\/ca\/wp-json\/wp\/v2\/types\/product"}],"wp:featuredmedia":[{"embeddable":true,"href":"https:\/\/www.navarroaubanell.com\/ca\/wp-json\/wp\/v2\/media\/43389"}],"wp:attachment":[{"href":"https:\/\/www.navarroaubanell.com\/ca\/wp-json\/wp\/v2\/media?parent=43401"}],"wp:term":[{"taxonomy":"product_brand","embeddable":true,"href":"https:\/\/www.navarroaubanell.com\/ca\/wp-json\/wp\/v2\/product_brand?post=43401"},{"taxonomy":"product_cat","embeddable":true,"href":"https:\/\/www.navarroaubanell.com\/ca\/wp-json\/wp\/v2\/product_cat?post=43401"},{"taxonomy":"product_tag","embeddable":true,"href":"https:\/\/www.navarroaubanell.com\/ca\/wp-json\/wp\/v2\/product_tag?post=43401"}],"curies":[{"name":"wp","href":"https:\/\/api.w.org\/{rel}","templated":true}]}}