{"id":42931,"date":"2024-12-10T16:51:50","date_gmt":"2024-12-10T15:51:50","guid":{"rendered":"https:\/\/www.navarroaubanell.com\/producto\/conjunto-lara-navarroaubanell\/"},"modified":"2024-12-16T16:38:46","modified_gmt":"2024-12-16T15:38:46","slug":"conjunt-lara-navarroaubanell","status":"publish","type":"product","link":"https:\/\/www.navarroaubanell.com\/ca\/producte\/conjunt-lara-navarroaubanell\/","title":{"rendered":"Conjunt Lara"},"content":{"rendered":"<h5>Conjunt Lara: Versatilitat i Eleg\u00e0ncia per als teus Espais<\/h5>\n<div class=\"traductor-textarea form-group\">\n<div class=\"textarea-desti col-xs-12 col-sm-6\">\n<div class=\"form-control second-textarea\">El conjunt Lara destaca pel seu disseny innovador i acollidor, ideal tant per a ambients exteriors com interiors. La seva versatilitat li permet adaptar-se a qualsevol espai, afegint un toc natural i c\u00e0lid que convida al confort i la relaxaci\u00f3.<\/div>\n<\/div>\n<\/div>\n<h6>Configuraci\u00f3 Flexible<\/h6>\n<div class=\"traductor-textarea form-group\">\n<div class=\"textarea-desti col-xs-12 col-sm-6\">\n<div class=\"form-control second-textarea\">Aquest conjunt pot configurar-se segons les necessitats de cada usuari, ja que les seves peces estan disponibles de manera individual. Pot incloure un sof\u00e0 de tres places, dues butaques i una taula central, permetent m\u00faltiples combinacions que s&#8217;ajusten a l&#8217;espai disponible.<\/div>\n<\/div>\n<\/div>\n<h6>Materials Sostenibles i Duradors<\/h6>\n<div class=\"traductor-textarea form-group\">\n<div class=\"textarea-desti col-xs-12 col-sm-6\">\n<div class=\"form-control second-textarea\">L&#8217;estructura est\u00e0 fabricada en fusta d&#8217;eucaliptus 100% FSC, garantint no sols la durabilitat i resist\u00e8ncia del conjunt, sin\u00f3 tamb\u00e9 un enfocament respectu\u00f3s i sostenible amb el medi ambient. La fusta est\u00e0 envernissada en color light teak, aportant calidesa i integrant-se en qualsevol entorn.<\/div>\n<\/div>\n<\/div>\n<h6>Comoditat i Estil<\/h6>\n<div class=\"traductor-textarea form-group\">\n<div class=\"textarea-desti col-xs-12 col-sm-6\">\n<div class=\"form-control second-textarea\">Els seients i respatllers estan confeccionats amb una corda de 6mm de gruix, combinant comoditat i durabilitat. La taula central incorpora un tauler de cer\u00e0mica, que afegeix un toc de sofisticaci\u00f3 i lleugeresa visual.<\/div>\n<\/div>\n<\/div>\n<h6>Detalls que Prolonguen la Vida del Producte<\/h6>\n<div class=\"traductor-textarea form-group\">\n<div class=\"textarea-desti col-xs-12 col-sm-6\">\n<div class=\"form-control second-textarea\">El conjunt inclou tacs protectors que no sols eviten danys al terra, sin\u00f3 que tamb\u00e9 ajuden a prolongar la vida \u00fatil de cada pe\u00e7a.<\/div>\n<\/div>\n<\/div>\n","protected":false},"excerpt":{"rendered":"<p>Conjunt Lara: Versatilitat i Eleg\u00e0ncia per als teus Espais El conjunt Lara destaca pel seu disseny innovador i acollidor, ideal tant per a ambients exteriors com interiors. La seva versatilitat li permet adaptar-se a qualsevol espai, afegint un toc natural i c\u00e0lid que convida al confort i la relaxaci\u00f3. Configuraci\u00f3 Flexible Aquest conjunt pot configurar-se&hellip;<\/p>\n","protected":false},"featured_media":42927,"template":"","meta":{"_acf_changed":false},"product_brand":[],"product_cat":[565,1186,563,525],"product_tag":[605,617,640,1600,945,664,754,1180,695],"class_list":{"0":"post-42931","1":"product","2":"type-product","3":"status-publish","4":"has-post-thumbnail","6":"product_cat-conjunts-exterior","7":"product_cat-conjunts-interiors","8":"product_cat-exterior-ca","9":"product_cat-interior","10":"product_tag-butaca-ca","11":"product_tag-conjunt","12":"product_tag-exterior-ca","13":"product_tag-f16-ca","14":"product_tag-madera-ca","15":"product_tag-interior-ca","16":"product_tag-sofa-ca","17":"product_tag-sostenible","18":"product_tag-taula","19":"description-off","21":"first","22":"instock","23":"shipping-taxable","24":"product-type-simple"},"acf":[],"yoast_head":"<!-- This site is optimized with the Yoast SEO plugin v27.6 - https:\/\/yoast.com\/product\/yoast-seo-wordpress\/ -->\n<title>Conjunt Lara - Navarro Aubanell<\/title>\n<meta name=\"description\" content=\"Conjunt Lara: mobles vers\u00e0tils per a exterior i interior, amb estructura en fusta d&#039;eucaliptus 100% FSC, seients de corda i taula de cer\u00e0mica.\" \/>\n<meta name=\"robots\" content=\"index, follow, max-snippet:-1, max-image-preview:large, max-video-preview:-1\" \/>\n<link rel=\"canonical\" href=\"https:\/\/www.navarroaubanell.com\/ca\/producte\/conjunt-lara-navarroaubanell\/\" \/>\n<meta property=\"og:locale\" content=\"ca_ES\" \/>\n<meta property=\"og:type\" content=\"article\" \/>\n<meta property=\"og:title\" content=\"Conjunt Lara - Navarro Aubanell\" \/>\n<meta property=\"og:description\" content=\"Conjunt Lara: mobles vers\u00e0tils per a exterior i interior, amb estructura en fusta d&#039;eucaliptus 100% FSC, seients de corda i taula de cer\u00e0mica.\" \/>\n<meta property=\"og:url\" content=\"https:\/\/www.navarroaubanell.com\/ca\/producte\/conjunt-lara-navarroaubanell\/\" \/>\n<meta property=\"og:site_name\" content=\"Navarro Aubanell\" \/>\n<meta property=\"article:modified_time\" content=\"2024-12-16T15:38:46+00:00\" \/>\n<meta property=\"og:image\" content=\"https:\/\/www.navarroaubanell.com\/wp-content\/uploads\/2024\/12\/conjunto-lara.png\" \/>\n\t<meta property=\"og:image:width\" content=\"1280\" \/>\n\t<meta property=\"og:image:height\" content=\"1040\" \/>\n\t<meta property=\"og:image:type\" content=\"image\/png\" \/>\n<meta name=\"twitter:label1\" content=\"Est. reading time\" \/>\n\t<meta name=\"twitter:data1\" content=\"2 minutes\" \/>\n<script type=\"application\/ld+json\" class=\"yoast-schema-graph\">{\"@context\":\"https:\\\/\\\/schema.org\",\"@graph\":[{\"@type\":\"WebPage\",\"@id\":\"https:\\\/\\\/www.navarroaubanell.com\\\/ca\\\/producte\\\/conjunt-lara-navarroaubanell\\\/\",\"url\":\"https:\\\/\\\/www.navarroaubanell.com\\\/ca\\\/producte\\\/conjunt-lara-navarroaubanell\\\/\",\"name\":\"Conjunt Lara - Navarro Aubanell\",\"isPartOf\":{\"@id\":\"https:\\\/\\\/www.navarroaubanell.com\\\/ca\\\/#website\"},\"primaryImageOfPage\":{\"@id\":\"https:\\\/\\\/www.navarroaubanell.com\\\/ca\\\/producte\\\/conjunt-lara-navarroaubanell\\\/#primaryimage\"},\"image\":{\"@id\":\"https:\\\/\\\/www.navarroaubanell.com\\\/ca\\\/producte\\\/conjunt-lara-navarroaubanell\\\/#primaryimage\"},\"thumbnailUrl\":\"https:\\\/\\\/www.navarroaubanell.com\\\/wp-content\\\/uploads\\\/2024\\\/12\\\/conjunto-lara.png\",\"datePublished\":\"2024-12-10T15:51:50+00:00\",\"dateModified\":\"2024-12-16T15:38:46+00:00\",\"description\":\"Conjunt Lara: mobles vers\u00e0tils per a exterior i interior, amb estructura en fusta d'eucaliptus 100% FSC, seients de corda i taula de cer\u00e0mica.\",\"breadcrumb\":{\"@id\":\"https:\\\/\\\/www.navarroaubanell.com\\\/ca\\\/producte\\\/conjunt-lara-navarroaubanell\\\/#breadcrumb\"},\"inLanguage\":\"ca\",\"potentialAction\":[{\"@type\":\"ReadAction\",\"target\":[\"https:\\\/\\\/www.navarroaubanell.com\\\/ca\\\/producte\\\/conjunt-lara-navarroaubanell\\\/\"]}]},{\"@type\":\"ImageObject\",\"inLanguage\":\"ca\",\"@id\":\"https:\\\/\\\/www.navarroaubanell.com\\\/ca\\\/producte\\\/conjunt-lara-navarroaubanell\\\/#primaryimage\",\"url\":\"https:\\\/\\\/www.navarroaubanell.com\\\/wp-content\\\/uploads\\\/2024\\\/12\\\/conjunto-lara.png\",\"contentUrl\":\"https:\\\/\\\/www.navarroaubanell.com\\\/wp-content\\\/uploads\\\/2024\\\/12\\\/conjunto-lara.png\",\"width\":1280,\"height\":1040,\"caption\":\"Conjunt Lara\"},{\"@type\":\"BreadcrumbList\",\"@id\":\"https:\\\/\\\/www.navarroaubanell.com\\\/ca\\\/producte\\\/conjunt-lara-navarroaubanell\\\/#breadcrumb\",\"itemListElement\":[{\"@type\":\"ListItem\",\"position\":1,\"name\":\"Portada\",\"item\":\"https:\\\/\\\/www.navarroaubanell.com\\\/ca\\\/\"},{\"@type\":\"ListItem\",\"position\":2,\"name\":\"Productes\",\"item\":\"https:\\\/\\\/www.navarroaubanell.com\\\/productos\\\/\"},{\"@type\":\"ListItem\",\"position\":3,\"name\":\"Conjunt Lara\"}]},{\"@type\":\"WebSite\",\"@id\":\"https:\\\/\\\/www.navarroaubanell.com\\\/ca\\\/#website\",\"url\":\"https:\\\/\\\/www.navarroaubanell.com\\\/ca\\\/\",\"name\":\"Navarro Aubanell\",\"description\":\"Mobiliario para hoteler\u00eda, colectividades y oficinas\",\"publisher\":{\"@id\":\"https:\\\/\\\/www.navarroaubanell.com\\\/ca\\\/#organization\"},\"potentialAction\":[{\"@type\":\"SearchAction\",\"target\":{\"@type\":\"EntryPoint\",\"urlTemplate\":\"https:\\\/\\\/www.navarroaubanell.com\\\/ca\\\/?s={search_term_string}\"},\"query-input\":{\"@type\":\"PropertyValueSpecification\",\"valueRequired\":true,\"valueName\":\"search_term_string\"}}],\"inLanguage\":\"ca\"},{\"@type\":\"Organization\",\"@id\":\"https:\\\/\\\/www.navarroaubanell.com\\\/ca\\\/#organization\",\"name\":\"COMERCIAL NAVARRO AUBANELL, S.A\",\"url\":\"https:\\\/\\\/www.navarroaubanell.com\\\/ca\\\/\",\"logo\":{\"@type\":\"ImageObject\",\"inLanguage\":\"ca\",\"@id\":\"https:\\\/\\\/www.navarroaubanell.com\\\/ca\\\/#\\\/schema\\\/logo\\\/image\\\/\",\"url\":\"https:\\\/\\\/www.navarroaubanell.com\\\/wp-content\\\/uploads\\\/2017\\\/07\\\/logo-navarro-aubuanell.png\",\"contentUrl\":\"https:\\\/\\\/www.navarroaubanell.com\\\/wp-content\\\/uploads\\\/2017\\\/07\\\/logo-navarro-aubuanell.png\",\"width\":6304,\"height\":1154,\"caption\":\"COMERCIAL NAVARRO AUBANELL, S.A\"},\"image\":{\"@id\":\"https:\\\/\\\/www.navarroaubanell.com\\\/ca\\\/#\\\/schema\\\/logo\\\/image\\\/\"}}]}<\/script>\n<!-- \/ Yoast SEO plugin. -->","yoast_head_json":{"title":"Conjunt Lara - Navarro Aubanell","description":"Conjunt Lara: mobles vers\u00e0tils per a exterior i interior, amb estructura en fusta d'eucaliptus 100% FSC, seients de corda i taula de cer\u00e0mica.","robots":{"index":"index","follow":"follow","max-snippet":"max-snippet:-1","max-image-preview":"max-image-preview:large","max-video-preview":"max-video-preview:-1"},"canonical":"https:\/\/www.navarroaubanell.com\/ca\/producte\/conjunt-lara-navarroaubanell\/","og_locale":"ca_ES","og_type":"article","og_title":"Conjunt Lara - Navarro Aubanell","og_description":"Conjunt Lara: mobles vers\u00e0tils per a exterior i interior, amb estructura en fusta d'eucaliptus 100% FSC, seients de corda i taula de cer\u00e0mica.","og_url":"https:\/\/www.navarroaubanell.com\/ca\/producte\/conjunt-lara-navarroaubanell\/","og_site_name":"Navarro Aubanell","article_modified_time":"2024-12-16T15:38:46+00:00","og_image":[{"width":1280,"height":1040,"url":"https:\/\/www.navarroaubanell.com\/wp-content\/uploads\/2024\/12\/conjunto-lara.png","type":"image\/png"}],"twitter_misc":{"Est. reading time":"2 minutes"},"schema":{"@context":"https:\/\/schema.org","@graph":[{"@type":"WebPage","@id":"https:\/\/www.navarroaubanell.com\/ca\/producte\/conjunt-lara-navarroaubanell\/","url":"https:\/\/www.navarroaubanell.com\/ca\/producte\/conjunt-lara-navarroaubanell\/","name":"Conjunt Lara - Navarro Aubanell","isPartOf":{"@id":"https:\/\/www.navarroaubanell.com\/ca\/#website"},"primaryImageOfPage":{"@id":"https:\/\/www.navarroaubanell.com\/ca\/producte\/conjunt-lara-navarroaubanell\/#primaryimage"},"image":{"@id":"https:\/\/www.navarroaubanell.com\/ca\/producte\/conjunt-lara-navarroaubanell\/#primaryimage"},"thumbnailUrl":"https:\/\/www.navarroaubanell.com\/wp-content\/uploads\/2024\/12\/conjunto-lara.png","datePublished":"2024-12-10T15:51:50+00:00","dateModified":"2024-12-16T15:38:46+00:00","description":"Conjunt Lara: mobles vers\u00e0tils per a exterior i interior, amb estructura en fusta d'eucaliptus 100% FSC, seients de corda i taula de cer\u00e0mica.","breadcrumb":{"@id":"https:\/\/www.navarroaubanell.com\/ca\/producte\/conjunt-lara-navarroaubanell\/#breadcrumb"},"inLanguage":"ca","potentialAction":[{"@type":"ReadAction","target":["https:\/\/www.navarroaubanell.com\/ca\/producte\/conjunt-lara-navarroaubanell\/"]}]},{"@type":"ImageObject","inLanguage":"ca","@id":"https:\/\/www.navarroaubanell.com\/ca\/producte\/conjunt-lara-navarroaubanell\/#primaryimage","url":"https:\/\/www.navarroaubanell.com\/wp-content\/uploads\/2024\/12\/conjunto-lara.png","contentUrl":"https:\/\/www.navarroaubanell.com\/wp-content\/uploads\/2024\/12\/conjunto-lara.png","width":1280,"height":1040,"caption":"Conjunt Lara"},{"@type":"BreadcrumbList","@id":"https:\/\/www.navarroaubanell.com\/ca\/producte\/conjunt-lara-navarroaubanell\/#breadcrumb","itemListElement":[{"@type":"ListItem","position":1,"name":"Portada","item":"https:\/\/www.navarroaubanell.com\/ca\/"},{"@type":"ListItem","position":2,"name":"Productes","item":"https:\/\/www.navarroaubanell.com\/productos\/"},{"@type":"ListItem","position":3,"name":"Conjunt Lara"}]},{"@type":"WebSite","@id":"https:\/\/www.navarroaubanell.com\/ca\/#website","url":"https:\/\/www.navarroaubanell.com\/ca\/","name":"Navarro Aubanell","description":"Mobiliario para hoteler\u00eda, colectividades y oficinas","publisher":{"@id":"https:\/\/www.navarroaubanell.com\/ca\/#organization"},"potentialAction":[{"@type":"SearchAction","target":{"@type":"EntryPoint","urlTemplate":"https:\/\/www.navarroaubanell.com\/ca\/?s={search_term_string}"},"query-input":{"@type":"PropertyValueSpecification","valueRequired":true,"valueName":"search_term_string"}}],"inLanguage":"ca"},{"@type":"Organization","@id":"https:\/\/www.navarroaubanell.com\/ca\/#organization","name":"COMERCIAL NAVARRO AUBANELL, S.A","url":"https:\/\/www.navarroaubanell.com\/ca\/","logo":{"@type":"ImageObject","inLanguage":"ca","@id":"https:\/\/www.navarroaubanell.com\/ca\/#\/schema\/logo\/image\/","url":"https:\/\/www.navarroaubanell.com\/wp-content\/uploads\/2017\/07\/logo-navarro-aubuanell.png","contentUrl":"https:\/\/www.navarroaubanell.com\/wp-content\/uploads\/2017\/07\/logo-navarro-aubuanell.png","width":6304,"height":1154,"caption":"COMERCIAL NAVARRO AUBANELL, S.A"},"image":{"@id":"https:\/\/www.navarroaubanell.com\/ca\/#\/schema\/logo\/image\/"}}]}},"_links":{"self":[{"href":"https:\/\/www.navarroaubanell.com\/ca\/wp-json\/wp\/v2\/product\/42931","targetHints":{"allow":["GET"]}}],"collection":[{"href":"https:\/\/www.navarroaubanell.com\/ca\/wp-json\/wp\/v2\/product"}],"about":[{"href":"https:\/\/www.navarroaubanell.com\/ca\/wp-json\/wp\/v2\/types\/product"}],"wp:featuredmedia":[{"embeddable":true,"href":"https:\/\/www.navarroaubanell.com\/ca\/wp-json\/wp\/v2\/media\/42927"}],"wp:attachment":[{"href":"https:\/\/www.navarroaubanell.com\/ca\/wp-json\/wp\/v2\/media?parent=42931"}],"wp:term":[{"taxonomy":"product_brand","embeddable":true,"href":"https:\/\/www.navarroaubanell.com\/ca\/wp-json\/wp\/v2\/product_brand?post=42931"},{"taxonomy":"product_cat","embeddable":true,"href":"https:\/\/www.navarroaubanell.com\/ca\/wp-json\/wp\/v2\/product_cat?post=42931"},{"taxonomy":"product_tag","embeddable":true,"href":"https:\/\/www.navarroaubanell.com\/ca\/wp-json\/wp\/v2\/product_tag?post=42931"}],"curies":[{"name":"wp","href":"https:\/\/api.w.org\/{rel}","templated":true}]}}