{"id":42866,"date":"2024-12-09T16:27:45","date_gmt":"2024-12-09T15:27:45","guid":{"rendered":"https:\/\/www.navarroaubanell.com\/producto\/conjunto-aire-navarroaubanell\/"},"modified":"2024-12-16T16:54:59","modified_gmt":"2024-12-16T15:54:59","slug":"conjunt-aire-navarroaubanell","status":"publish","type":"product","link":"https:\/\/www.navarroaubanell.com\/ca\/producte\/conjunt-aire-navarroaubanell\/","title":{"rendered":"Conjunt Aire"},"content":{"rendered":"<h5>Conjunt Aire: Eleg\u00e0ncia Moderna per a Exteriors<\/h5>\n<div class=\"traductor-textarea form-group\">\n<div class=\"textarea-desti col-xs-12 col-sm-6\">\n<div class=\"form-control second-textarea\">El Conjunt Aire \u00e9s l&#8217;elecci\u00f3 perfecta per als qui busquen afegir un toc d&#8217;eleg\u00e0ncia moderna als seus espais. Est\u00e0 compost per dues butaques, un sof\u00e0 de 3 places i una taula de centre, oferint una combinaci\u00f3 vers\u00e0til i funcional per a qualsevol espai, ja sigui interior o exterior.<\/div>\n<\/div>\n<\/div>\n<h6>Estructura Duradera i Resistent<\/h6>\n<div class=\"traductor-textarea form-group\">\n<div class=\"textarea-desti col-xs-12 col-sm-6\">\n<div class=\"form-control second-textarea\">L&#8217;estructura est\u00e0 fabricada en alumini recobert amb una pintura grisa resistent als elements exteriors. Aquest material no sols proporciona una est\u00e8tica elegant, sin\u00f3 que tamb\u00e9 garanteix durabilitat i capacitat per a suportar l&#8217;\u00fas diari sense comprometre la seva integritat.<\/div>\n<\/div>\n<\/div>\n<h6>Seients i Taula<\/h6>\n<p>El seient i respatller d&#8217;aquest conjunt estan confeccionats amb corda de poli\u00e8ster rodona, formant figures geom\u00e8triques que li atorguen un toc distintiu i contemporani. Els coixins spunpoly s\u00f3n resistents als agents clim\u00e0tics i asseguren una experi\u00e8ncia c\u00f2moda i acollidora. La taula central inclou un sobre de cristall que afegeix un toc de sofisticaci\u00f3, a m\u00e9s de ser durador i f\u00e0cil de mantenir.<\/p>\n<h6>Protecci\u00f3 i Mesures<\/h6>\n<div class=\"traductor-textarea form-group\">\n<div class=\"textarea-desti col-xs-12 col-sm-6\">\n<div class=\"form-control second-textarea\">Totes les peces del conjunt Aire inclouen tacs protectors en les potes, que ajuden a protegir el terra de possibles danys i a prolongar la vida \u00fatil del producte.<\/div>\n<\/div>\n<\/div>\n<div class=\"traductor-checkbox form-group\">\n<div class=\"row\">\n<div class=\"col-sm-offset-2 col-sm-5\"><\/div>\n<\/div>\n<\/div>\n<p><strong>Butaca:<\/strong> 84x89x58 cm<br \/>\n<strong>Sof\u00e0 de 3 places:<\/strong> 234x89x59 cm<br \/>\n<strong>Taula Central:<\/strong> 130x70x33 cm<\/p>\n","protected":false},"excerpt":{"rendered":"<p>Conjunt Aire: Eleg\u00e0ncia Moderna per a Exteriors El Conjunt Aire \u00e9s l&#8217;elecci\u00f3 perfecta per als qui busquen afegir un toc d&#8217;eleg\u00e0ncia moderna als seus espais. Est\u00e0 compost per dues butaques, un sof\u00e0 de 3 places i una taula de centre, oferint una combinaci\u00f3 vers\u00e0til i funcional per a qualsevol espai, ja sigui interior o exterior.&hellip;<\/p>\n","protected":false},"featured_media":42864,"template":"","meta":{"_acf_changed":false},"product_brand":[],"product_cat":[565,563],"product_tag":[992,605,617,1018,640,1600,664,754,695],"class_list":{"0":"post-42866","1":"product","2":"type-product","3":"status-publish","4":"has-post-thumbnail","6":"product_cat-conjunts-exterior","7":"product_cat-exterior-ca","8":"product_tag-aluminio-ca","9":"product_tag-butaca-ca","10":"product_tag-conjunt","11":"product_tag-cuerda-ca","12":"product_tag-exterior-ca","13":"product_tag-f16-ca","14":"product_tag-interior-ca","15":"product_tag-sofa-ca","16":"product_tag-taula","17":"description-off","19":"first","20":"instock","21":"shipping-taxable","22":"product-type-simple"},"acf":[],"yoast_head":"<!-- This site is optimized with the Yoast SEO plugin v27.0 - https:\/\/yoast.com\/product\/yoast-seo-wordpress\/ -->\n<title>Conjunt Aire - Navarro Aubanell<\/title>\n<meta name=\"description\" content=\"Conjunt Aire: mobiliari contemporani i sofisticat per a exteriors o interiors, amb estructura d&#039;alumini, corda resistent i taula de vidre.\" \/>\n<meta name=\"robots\" content=\"index, follow, max-snippet:-1, max-image-preview:large, max-video-preview:-1\" \/>\n<link rel=\"canonical\" href=\"https:\/\/www.navarroaubanell.com\/ca\/producte\/conjunt-aire-navarroaubanell\/\" \/>\n<meta property=\"og:locale\" content=\"ca_ES\" \/>\n<meta property=\"og:type\" content=\"article\" \/>\n<meta property=\"og:title\" content=\"Conjunt Aire - Navarro Aubanell\" \/>\n<meta property=\"og:description\" content=\"Conjunt Aire: mobiliari contemporani i sofisticat per a exteriors o interiors, amb estructura d&#039;alumini, corda resistent i taula de vidre.\" \/>\n<meta property=\"og:url\" content=\"https:\/\/www.navarroaubanell.com\/ca\/producte\/conjunt-aire-navarroaubanell\/\" \/>\n<meta property=\"og:site_name\" content=\"Navarro Aubanell\" \/>\n<meta property=\"article:modified_time\" content=\"2024-12-16T15:54:59+00:00\" \/>\n<meta property=\"og:image\" content=\"https:\/\/www.navarroaubanell.com\/wp-content\/uploads\/2024\/12\/aire.png\" \/>\n\t<meta property=\"og:image:width\" content=\"1280\" \/>\n\t<meta property=\"og:image:height\" content=\"1040\" \/>\n\t<meta property=\"og:image:type\" content=\"image\/png\" \/>\n<meta name=\"twitter:label1\" content=\"Est. reading time\" \/>\n\t<meta name=\"twitter:data1\" content=\"2 minutes\" \/>\n<script type=\"application\/ld+json\" class=\"yoast-schema-graph\">{\"@context\":\"https:\/\/schema.org\",\"@graph\":[{\"@type\":\"WebPage\",\"@id\":\"https:\/\/www.navarroaubanell.com\/ca\/producte\/conjunt-aire-navarroaubanell\/\",\"url\":\"https:\/\/www.navarroaubanell.com\/ca\/producte\/conjunt-aire-navarroaubanell\/\",\"name\":\"Conjunt Aire - Navarro Aubanell\",\"isPartOf\":{\"@id\":\"https:\/\/www.navarroaubanell.com\/ca\/#website\"},\"primaryImageOfPage\":{\"@id\":\"https:\/\/www.navarroaubanell.com\/ca\/producte\/conjunt-aire-navarroaubanell\/#primaryimage\"},\"image\":{\"@id\":\"https:\/\/www.navarroaubanell.com\/ca\/producte\/conjunt-aire-navarroaubanell\/#primaryimage\"},\"thumbnailUrl\":\"https:\/\/www.navarroaubanell.com\/wp-content\/uploads\/2024\/12\/aire.png\",\"datePublished\":\"2024-12-09T15:27:45+00:00\",\"dateModified\":\"2024-12-16T15:54:59+00:00\",\"description\":\"Conjunt Aire: mobiliari contemporani i sofisticat per a exteriors o interiors, amb estructura d'alumini, corda resistent i taula de vidre.\",\"breadcrumb\":{\"@id\":\"https:\/\/www.navarroaubanell.com\/ca\/producte\/conjunt-aire-navarroaubanell\/#breadcrumb\"},\"inLanguage\":\"ca\",\"potentialAction\":[{\"@type\":\"ReadAction\",\"target\":[\"https:\/\/www.navarroaubanell.com\/ca\/producte\/conjunt-aire-navarroaubanell\/\"]}]},{\"@type\":\"ImageObject\",\"inLanguage\":\"ca\",\"@id\":\"https:\/\/www.navarroaubanell.com\/ca\/producte\/conjunt-aire-navarroaubanell\/#primaryimage\",\"url\":\"https:\/\/www.navarroaubanell.com\/wp-content\/uploads\/2024\/12\/aire.png\",\"contentUrl\":\"https:\/\/www.navarroaubanell.com\/wp-content\/uploads\/2024\/12\/aire.png\",\"width\":1280,\"height\":1040,\"caption\":\"Conjunto Aire\"},{\"@type\":\"BreadcrumbList\",\"@id\":\"https:\/\/www.navarroaubanell.com\/ca\/producte\/conjunt-aire-navarroaubanell\/#breadcrumb\",\"itemListElement\":[{\"@type\":\"ListItem\",\"position\":1,\"name\":\"Portada\",\"item\":\"https:\/\/www.navarroaubanell.com\/ca\/\"},{\"@type\":\"ListItem\",\"position\":2,\"name\":\"Productes\",\"item\":\"https:\/\/www.navarroaubanell.com\/productos\/\"},{\"@type\":\"ListItem\",\"position\":3,\"name\":\"Conjunt Aire\"}]},{\"@type\":\"WebSite\",\"@id\":\"https:\/\/www.navarroaubanell.com\/ca\/#website\",\"url\":\"https:\/\/www.navarroaubanell.com\/ca\/\",\"name\":\"Navarro Aubanell\",\"description\":\"Mobiliario para hoteler\u00eda, colectividades y oficinas\",\"publisher\":{\"@id\":\"https:\/\/www.navarroaubanell.com\/ca\/#organization\"},\"potentialAction\":[{\"@type\":\"SearchAction\",\"target\":{\"@type\":\"EntryPoint\",\"urlTemplate\":\"https:\/\/www.navarroaubanell.com\/ca\/?s={search_term_string}\"},\"query-input\":{\"@type\":\"PropertyValueSpecification\",\"valueRequired\":true,\"valueName\":\"search_term_string\"}}],\"inLanguage\":\"ca\"},{\"@type\":\"Organization\",\"@id\":\"https:\/\/www.navarroaubanell.com\/ca\/#organization\",\"name\":\"COMERCIAL NAVARRO AUBANELL, S.A\",\"url\":\"https:\/\/www.navarroaubanell.com\/ca\/\",\"logo\":{\"@type\":\"ImageObject\",\"inLanguage\":\"ca\",\"@id\":\"https:\/\/www.navarroaubanell.com\/ca\/#\/schema\/logo\/image\/\",\"url\":\"https:\/\/www.navarroaubanell.com\/wp-content\/uploads\/2017\/07\/logo-navarro-aubuanell.png\",\"contentUrl\":\"https:\/\/www.navarroaubanell.com\/wp-content\/uploads\/2017\/07\/logo-navarro-aubuanell.png\",\"width\":6304,\"height\":1154,\"caption\":\"COMERCIAL NAVARRO AUBANELL, S.A\"},\"image\":{\"@id\":\"https:\/\/www.navarroaubanell.com\/ca\/#\/schema\/logo\/image\/\"}}]}<\/script>\n<!-- \/ Yoast SEO plugin. -->","yoast_head_json":{"title":"Conjunt Aire - Navarro Aubanell","description":"Conjunt Aire: mobiliari contemporani i sofisticat per a exteriors o interiors, amb estructura d'alumini, corda resistent i taula de vidre.","robots":{"index":"index","follow":"follow","max-snippet":"max-snippet:-1","max-image-preview":"max-image-preview:large","max-video-preview":"max-video-preview:-1"},"canonical":"https:\/\/www.navarroaubanell.com\/ca\/producte\/conjunt-aire-navarroaubanell\/","og_locale":"ca_ES","og_type":"article","og_title":"Conjunt Aire - Navarro Aubanell","og_description":"Conjunt Aire: mobiliari contemporani i sofisticat per a exteriors o interiors, amb estructura d'alumini, corda resistent i taula de vidre.","og_url":"https:\/\/www.navarroaubanell.com\/ca\/producte\/conjunt-aire-navarroaubanell\/","og_site_name":"Navarro Aubanell","article_modified_time":"2024-12-16T15:54:59+00:00","og_image":[{"width":1280,"height":1040,"url":"https:\/\/www.navarroaubanell.com\/wp-content\/uploads\/2024\/12\/aire.png","type":"image\/png"}],"twitter_misc":{"Est. reading time":"2 minutes"},"schema":{"@context":"https:\/\/schema.org","@graph":[{"@type":"WebPage","@id":"https:\/\/www.navarroaubanell.com\/ca\/producte\/conjunt-aire-navarroaubanell\/","url":"https:\/\/www.navarroaubanell.com\/ca\/producte\/conjunt-aire-navarroaubanell\/","name":"Conjunt Aire - Navarro Aubanell","isPartOf":{"@id":"https:\/\/www.navarroaubanell.com\/ca\/#website"},"primaryImageOfPage":{"@id":"https:\/\/www.navarroaubanell.com\/ca\/producte\/conjunt-aire-navarroaubanell\/#primaryimage"},"image":{"@id":"https:\/\/www.navarroaubanell.com\/ca\/producte\/conjunt-aire-navarroaubanell\/#primaryimage"},"thumbnailUrl":"https:\/\/www.navarroaubanell.com\/wp-content\/uploads\/2024\/12\/aire.png","datePublished":"2024-12-09T15:27:45+00:00","dateModified":"2024-12-16T15:54:59+00:00","description":"Conjunt Aire: mobiliari contemporani i sofisticat per a exteriors o interiors, amb estructura d'alumini, corda resistent i taula de vidre.","breadcrumb":{"@id":"https:\/\/www.navarroaubanell.com\/ca\/producte\/conjunt-aire-navarroaubanell\/#breadcrumb"},"inLanguage":"ca","potentialAction":[{"@type":"ReadAction","target":["https:\/\/www.navarroaubanell.com\/ca\/producte\/conjunt-aire-navarroaubanell\/"]}]},{"@type":"ImageObject","inLanguage":"ca","@id":"https:\/\/www.navarroaubanell.com\/ca\/producte\/conjunt-aire-navarroaubanell\/#primaryimage","url":"https:\/\/www.navarroaubanell.com\/wp-content\/uploads\/2024\/12\/aire.png","contentUrl":"https:\/\/www.navarroaubanell.com\/wp-content\/uploads\/2024\/12\/aire.png","width":1280,"height":1040,"caption":"Conjunto Aire"},{"@type":"BreadcrumbList","@id":"https:\/\/www.navarroaubanell.com\/ca\/producte\/conjunt-aire-navarroaubanell\/#breadcrumb","itemListElement":[{"@type":"ListItem","position":1,"name":"Portada","item":"https:\/\/www.navarroaubanell.com\/ca\/"},{"@type":"ListItem","position":2,"name":"Productes","item":"https:\/\/www.navarroaubanell.com\/productos\/"},{"@type":"ListItem","position":3,"name":"Conjunt Aire"}]},{"@type":"WebSite","@id":"https:\/\/www.navarroaubanell.com\/ca\/#website","url":"https:\/\/www.navarroaubanell.com\/ca\/","name":"Navarro Aubanell","description":"Mobiliario para hoteler\u00eda, colectividades y oficinas","publisher":{"@id":"https:\/\/www.navarroaubanell.com\/ca\/#organization"},"potentialAction":[{"@type":"SearchAction","target":{"@type":"EntryPoint","urlTemplate":"https:\/\/www.navarroaubanell.com\/ca\/?s={search_term_string}"},"query-input":{"@type":"PropertyValueSpecification","valueRequired":true,"valueName":"search_term_string"}}],"inLanguage":"ca"},{"@type":"Organization","@id":"https:\/\/www.navarroaubanell.com\/ca\/#organization","name":"COMERCIAL NAVARRO AUBANELL, S.A","url":"https:\/\/www.navarroaubanell.com\/ca\/","logo":{"@type":"ImageObject","inLanguage":"ca","@id":"https:\/\/www.navarroaubanell.com\/ca\/#\/schema\/logo\/image\/","url":"https:\/\/www.navarroaubanell.com\/wp-content\/uploads\/2017\/07\/logo-navarro-aubuanell.png","contentUrl":"https:\/\/www.navarroaubanell.com\/wp-content\/uploads\/2017\/07\/logo-navarro-aubuanell.png","width":6304,"height":1154,"caption":"COMERCIAL NAVARRO AUBANELL, S.A"},"image":{"@id":"https:\/\/www.navarroaubanell.com\/ca\/#\/schema\/logo\/image\/"}}]}},"_links":{"self":[{"href":"https:\/\/www.navarroaubanell.com\/ca\/wp-json\/wp\/v2\/product\/42866","targetHints":{"allow":["GET"]}}],"collection":[{"href":"https:\/\/www.navarroaubanell.com\/ca\/wp-json\/wp\/v2\/product"}],"about":[{"href":"https:\/\/www.navarroaubanell.com\/ca\/wp-json\/wp\/v2\/types\/product"}],"wp:featuredmedia":[{"embeddable":true,"href":"https:\/\/www.navarroaubanell.com\/ca\/wp-json\/wp\/v2\/media\/42864"}],"wp:attachment":[{"href":"https:\/\/www.navarroaubanell.com\/ca\/wp-json\/wp\/v2\/media?parent=42866"}],"wp:term":[{"taxonomy":"product_brand","embeddable":true,"href":"https:\/\/www.navarroaubanell.com\/ca\/wp-json\/wp\/v2\/product_brand?post=42866"},{"taxonomy":"product_cat","embeddable":true,"href":"https:\/\/www.navarroaubanell.com\/ca\/wp-json\/wp\/v2\/product_cat?post=42866"},{"taxonomy":"product_tag","embeddable":true,"href":"https:\/\/www.navarroaubanell.com\/ca\/wp-json\/wp\/v2\/product_tag?post=42866"}],"curies":[{"name":"wp","href":"https:\/\/api.w.org\/{rel}","templated":true}]}}