{"id":42824,"date":"2024-12-05T17:32:20","date_gmt":"2024-12-05T16:32:20","guid":{"rendered":"https:\/\/www.navarroaubanell.com\/producto\/sillon-a16-057-navarroaubanell\/"},"modified":"2024-12-05T17:42:55","modified_gmt":"2024-12-05T16:42:55","slug":"cadira-de-bracos-a16-057-navarroaubanell","status":"publish","type":"product","link":"https:\/\/www.navarroaubanell.com\/ca\/producte\/cadira-de-bracos-a16-057-navarroaubanell\/","title":{"rendered":"Cadira de bra\u00e7os A16-057"},"content":{"rendered":"<h5>Cadira de bra\u00e7os A16-057: Fusi\u00f3 R\u00fastica i Contempor\u00e0nia<\/h5>\n<div class=\"traductor-textarea form-group\">\n<div class=\"textarea-desti col-xs-12 col-sm-6\">\n<div class=\"form-control second-textarea\">La cadira de bra\u00e7os A16-057 t\u00e9 un disseny r\u00fastic amb un toc contemporani, aconseguint una pe\u00e7a vers\u00e0til que aporta eleg\u00e0ncia i comoditat a qualsevol espai. Gr\u00e0cies al seu estil, s&#8217;adapta f\u00e0cilment tant a entorns cl\u00e0ssics com a ambients de disseny actual.<\/div>\n<\/div>\n<\/div>\n<h6>Materials d&#8217;Alta Qualitat<\/h6>\n<div class=\"traductor-textarea form-group\">\n<div class=\"textarea-desti col-xs-12 col-sm-6\">\n<div class=\"form-control second-textarea\">L&#8217;estructura est\u00e0 fabricada en fusta de teca, coneguda per la seva estabilitat, durabilitat i resist\u00e8ncia a la humitat. La fusta ha estat tractada amb cera d&#8217;oli per a refor\u00e7ar la seva protecci\u00f3 i mantenir el seu atractiu acabat en color noguera, la qual cosa assegura una llarga vida \u00fatil tamb\u00e9 en entorns d&#8217;\u00fas intensiu.<\/div>\n<\/div>\n<\/div>\n<h6>Comoditat i Estil<\/h6>\n<div class=\"traductor-textarea form-group\">\n<div class=\"textarea-desti col-xs-12 col-sm-6\">\n<div class=\"form-control second-textarea\">El seient i el respatller estan confeccionats en ratt\u00e1n sint\u00e8tic, entrella\u00e7at en un patr\u00f3 geom\u00e8tric de quadrats. Aquest material no sols ofereix comoditat, sin\u00f3 que tamb\u00e9 li atorga a la cadira una est\u00e8tica contempor\u00e0nia i funcional, ideal per a espais tant interiors com exteriors.<\/div>\n<\/div>\n<\/div>\n<h6>Protecci\u00f3 i Durabilitat<\/h6>\n<div class=\"traductor-textarea form-group\">\n<div class=\"textarea-desti col-xs-12 col-sm-6\">\n<div class=\"form-control second-textarea\">\n<div class=\"traductor-textarea form-group\">\n<div class=\"textarea-desti col-xs-12 col-sm-6\">\n<div class=\"form-control second-textarea\">Per a assegurar la m\u00e0xima protecci\u00f3, la cadira de bra\u00e7os A16-057 ve equipat amb tacs protectors que prevenen rayaduras en el s\u00f2l, prolongant la vida \u00fatil del producte. Aquesta pe\u00e7a no sols destaca pel seu estil i disseny, sin\u00f3 tamb\u00e9 per la seva funcionalitat i resist\u00e8ncia.<\/div>\n<\/div>\n<\/div>\n<\/div>\n<\/div>\n<\/div>\n","protected":false},"excerpt":{"rendered":"<p>Cadira de bra\u00e7os A16-057: Fusi\u00f3 R\u00fastica i Contempor\u00e0nia La cadira de bra\u00e7os A16-057 t\u00e9 un disseny r\u00fastic amb un toc contemporani, aconseguint una pe\u00e7a vers\u00e0til que aporta eleg\u00e0ncia i comoditat a qualsevol espai. Gr\u00e0cies al seu estil, s&#8217;adapta f\u00e0cilment tant a entorns cl\u00e0ssics com a ambients de disseny actual. Materials d&#8217;Alta Qualitat L&#8217;estructura est\u00e0 fabricada&hellip;<\/p>\n","protected":false},"featured_media":42814,"template":"","meta":{"_acf_changed":false},"product_brand":[],"product_cat":[534,525],"product_tag":[749,618,945,664,1596],"class_list":{"0":"post-42824","1":"product","2":"type-product","3":"status-publish","4":"has-post-thumbnail","6":"product_cat-cadires-de-bracos","7":"product_cat-interior","8":"product_tag-cadira-de-barcos","9":"product_tag-contract-ca","10":"product_tag-madera-ca","11":"product_tag-interior-ca","12":"product_tag-rattan-ca","13":"description-off","15":"first","16":"instock","17":"shipping-taxable","18":"product-type-simple"},"acf":[],"yoast_head":"<!-- This site is optimized with the Yoast SEO plugin v27.0 - https:\/\/yoast.com\/product\/yoast-seo-wordpress\/ -->\n<title>Cadira de bra\u00e7os A16-057 - Navarro Aubanell<\/title>\n<meta name=\"description\" content=\"Cadira de bra\u00e7os A16-057 combina disseny r\u00fastic i contemporani, amb estructura de teca i ratt\u00e1n sint\u00e8tic, ideal per a interiors i exteriors.\" \/>\n<meta name=\"robots\" content=\"index, follow, max-snippet:-1, max-image-preview:large, max-video-preview:-1\" \/>\n<link rel=\"canonical\" href=\"https:\/\/www.navarroaubanell.com\/ca\/producte\/cadira-de-bracos-a16-057-navarroaubanell\/\" \/>\n<meta property=\"og:locale\" content=\"ca_ES\" \/>\n<meta property=\"og:type\" content=\"article\" \/>\n<meta property=\"og:title\" content=\"Cadira de bra\u00e7os A16-057 - Navarro Aubanell\" \/>\n<meta property=\"og:description\" content=\"Cadira de bra\u00e7os A16-057 combina disseny r\u00fastic i contemporani, amb estructura de teca i ratt\u00e1n sint\u00e8tic, ideal per a interiors i exteriors.\" \/>\n<meta property=\"og:url\" content=\"https:\/\/www.navarroaubanell.com\/ca\/producte\/cadira-de-bracos-a16-057-navarroaubanell\/\" \/>\n<meta property=\"og:site_name\" content=\"Navarro Aubanell\" \/>\n<meta property=\"article:modified_time\" content=\"2024-12-05T16:42:55+00:00\" \/>\n<meta property=\"og:image\" content=\"https:\/\/www.navarroaubanell.com\/wp-content\/uploads\/2024\/12\/1-4.jpg\" \/>\n\t<meta property=\"og:image:width\" content=\"1280\" \/>\n\t<meta property=\"og:image:height\" content=\"1040\" \/>\n\t<meta property=\"og:image:type\" content=\"image\/jpeg\" \/>\n<meta name=\"twitter:label1\" content=\"Est. reading time\" \/>\n\t<meta name=\"twitter:data1\" content=\"2 minutes\" \/>\n<script type=\"application\/ld+json\" class=\"yoast-schema-graph\">{\"@context\":\"https:\/\/schema.org\",\"@graph\":[{\"@type\":\"WebPage\",\"@id\":\"https:\/\/www.navarroaubanell.com\/ca\/producte\/cadira-de-bracos-a16-057-navarroaubanell\/\",\"url\":\"https:\/\/www.navarroaubanell.com\/ca\/producte\/cadira-de-bracos-a16-057-navarroaubanell\/\",\"name\":\"Cadira de bra\u00e7os A16-057 - Navarro Aubanell\",\"isPartOf\":{\"@id\":\"https:\/\/www.navarroaubanell.com\/ca\/#website\"},\"primaryImageOfPage\":{\"@id\":\"https:\/\/www.navarroaubanell.com\/ca\/producte\/cadira-de-bracos-a16-057-navarroaubanell\/#primaryimage\"},\"image\":{\"@id\":\"https:\/\/www.navarroaubanell.com\/ca\/producte\/cadira-de-bracos-a16-057-navarroaubanell\/#primaryimage\"},\"thumbnailUrl\":\"https:\/\/www.navarroaubanell.com\/wp-content\/uploads\/2024\/12\/1-4.jpg\",\"datePublished\":\"2024-12-05T16:32:20+00:00\",\"dateModified\":\"2024-12-05T16:42:55+00:00\",\"description\":\"Cadira de bra\u00e7os A16-057 combina disseny r\u00fastic i contemporani, amb estructura de teca i ratt\u00e1n sint\u00e8tic, ideal per a interiors i exteriors.\",\"breadcrumb\":{\"@id\":\"https:\/\/www.navarroaubanell.com\/ca\/producte\/cadira-de-bracos-a16-057-navarroaubanell\/#breadcrumb\"},\"inLanguage\":\"ca\",\"potentialAction\":[{\"@type\":\"ReadAction\",\"target\":[\"https:\/\/www.navarroaubanell.com\/ca\/producte\/cadira-de-bracos-a16-057-navarroaubanell\/\"]}]},{\"@type\":\"ImageObject\",\"inLanguage\":\"ca\",\"@id\":\"https:\/\/www.navarroaubanell.com\/ca\/producte\/cadira-de-bracos-a16-057-navarroaubanell\/#primaryimage\",\"url\":\"https:\/\/www.navarroaubanell.com\/wp-content\/uploads\/2024\/12\/1-4.jpg\",\"contentUrl\":\"https:\/\/www.navarroaubanell.com\/wp-content\/uploads\/2024\/12\/1-4.jpg\",\"width\":1280,\"height\":1040,\"caption\":\"Cadira de bra\u00e7os A16-057\"},{\"@type\":\"BreadcrumbList\",\"@id\":\"https:\/\/www.navarroaubanell.com\/ca\/producte\/cadira-de-bracos-a16-057-navarroaubanell\/#breadcrumb\",\"itemListElement\":[{\"@type\":\"ListItem\",\"position\":1,\"name\":\"Portada\",\"item\":\"https:\/\/www.navarroaubanell.com\/ca\/\"},{\"@type\":\"ListItem\",\"position\":2,\"name\":\"Productes\",\"item\":\"https:\/\/www.navarroaubanell.com\/productos\/\"},{\"@type\":\"ListItem\",\"position\":3,\"name\":\"Cadira de bra\u00e7os A16-057\"}]},{\"@type\":\"WebSite\",\"@id\":\"https:\/\/www.navarroaubanell.com\/ca\/#website\",\"url\":\"https:\/\/www.navarroaubanell.com\/ca\/\",\"name\":\"Navarro Aubanell\",\"description\":\"Mobiliario para hoteler\u00eda, colectividades y oficinas\",\"publisher\":{\"@id\":\"https:\/\/www.navarroaubanell.com\/ca\/#organization\"},\"potentialAction\":[{\"@type\":\"SearchAction\",\"target\":{\"@type\":\"EntryPoint\",\"urlTemplate\":\"https:\/\/www.navarroaubanell.com\/ca\/?s={search_term_string}\"},\"query-input\":{\"@type\":\"PropertyValueSpecification\",\"valueRequired\":true,\"valueName\":\"search_term_string\"}}],\"inLanguage\":\"ca\"},{\"@type\":\"Organization\",\"@id\":\"https:\/\/www.navarroaubanell.com\/ca\/#organization\",\"name\":\"COMERCIAL NAVARRO AUBANELL, S.A\",\"url\":\"https:\/\/www.navarroaubanell.com\/ca\/\",\"logo\":{\"@type\":\"ImageObject\",\"inLanguage\":\"ca\",\"@id\":\"https:\/\/www.navarroaubanell.com\/ca\/#\/schema\/logo\/image\/\",\"url\":\"https:\/\/www.navarroaubanell.com\/wp-content\/uploads\/2017\/07\/logo-navarro-aubuanell.png\",\"contentUrl\":\"https:\/\/www.navarroaubanell.com\/wp-content\/uploads\/2017\/07\/logo-navarro-aubuanell.png\",\"width\":6304,\"height\":1154,\"caption\":\"COMERCIAL NAVARRO AUBANELL, S.A\"},\"image\":{\"@id\":\"https:\/\/www.navarroaubanell.com\/ca\/#\/schema\/logo\/image\/\"}}]}<\/script>\n<!-- \/ Yoast SEO plugin. -->","yoast_head_json":{"title":"Cadira de bra\u00e7os A16-057 - Navarro Aubanell","description":"Cadira de bra\u00e7os A16-057 combina disseny r\u00fastic i contemporani, amb estructura de teca i ratt\u00e1n sint\u00e8tic, ideal per a interiors i exteriors.","robots":{"index":"index","follow":"follow","max-snippet":"max-snippet:-1","max-image-preview":"max-image-preview:large","max-video-preview":"max-video-preview:-1"},"canonical":"https:\/\/www.navarroaubanell.com\/ca\/producte\/cadira-de-bracos-a16-057-navarroaubanell\/","og_locale":"ca_ES","og_type":"article","og_title":"Cadira de bra\u00e7os A16-057 - Navarro Aubanell","og_description":"Cadira de bra\u00e7os A16-057 combina disseny r\u00fastic i contemporani, amb estructura de teca i ratt\u00e1n sint\u00e8tic, ideal per a interiors i exteriors.","og_url":"https:\/\/www.navarroaubanell.com\/ca\/producte\/cadira-de-bracos-a16-057-navarroaubanell\/","og_site_name":"Navarro Aubanell","article_modified_time":"2024-12-05T16:42:55+00:00","og_image":[{"width":1280,"height":1040,"url":"https:\/\/www.navarroaubanell.com\/wp-content\/uploads\/2024\/12\/1-4.jpg","type":"image\/jpeg"}],"twitter_misc":{"Est. reading time":"2 minutes"},"schema":{"@context":"https:\/\/schema.org","@graph":[{"@type":"WebPage","@id":"https:\/\/www.navarroaubanell.com\/ca\/producte\/cadira-de-bracos-a16-057-navarroaubanell\/","url":"https:\/\/www.navarroaubanell.com\/ca\/producte\/cadira-de-bracos-a16-057-navarroaubanell\/","name":"Cadira de bra\u00e7os A16-057 - Navarro Aubanell","isPartOf":{"@id":"https:\/\/www.navarroaubanell.com\/ca\/#website"},"primaryImageOfPage":{"@id":"https:\/\/www.navarroaubanell.com\/ca\/producte\/cadira-de-bracos-a16-057-navarroaubanell\/#primaryimage"},"image":{"@id":"https:\/\/www.navarroaubanell.com\/ca\/producte\/cadira-de-bracos-a16-057-navarroaubanell\/#primaryimage"},"thumbnailUrl":"https:\/\/www.navarroaubanell.com\/wp-content\/uploads\/2024\/12\/1-4.jpg","datePublished":"2024-12-05T16:32:20+00:00","dateModified":"2024-12-05T16:42:55+00:00","description":"Cadira de bra\u00e7os A16-057 combina disseny r\u00fastic i contemporani, amb estructura de teca i ratt\u00e1n sint\u00e8tic, ideal per a interiors i exteriors.","breadcrumb":{"@id":"https:\/\/www.navarroaubanell.com\/ca\/producte\/cadira-de-bracos-a16-057-navarroaubanell\/#breadcrumb"},"inLanguage":"ca","potentialAction":[{"@type":"ReadAction","target":["https:\/\/www.navarroaubanell.com\/ca\/producte\/cadira-de-bracos-a16-057-navarroaubanell\/"]}]},{"@type":"ImageObject","inLanguage":"ca","@id":"https:\/\/www.navarroaubanell.com\/ca\/producte\/cadira-de-bracos-a16-057-navarroaubanell\/#primaryimage","url":"https:\/\/www.navarroaubanell.com\/wp-content\/uploads\/2024\/12\/1-4.jpg","contentUrl":"https:\/\/www.navarroaubanell.com\/wp-content\/uploads\/2024\/12\/1-4.jpg","width":1280,"height":1040,"caption":"Cadira de bra\u00e7os A16-057"},{"@type":"BreadcrumbList","@id":"https:\/\/www.navarroaubanell.com\/ca\/producte\/cadira-de-bracos-a16-057-navarroaubanell\/#breadcrumb","itemListElement":[{"@type":"ListItem","position":1,"name":"Portada","item":"https:\/\/www.navarroaubanell.com\/ca\/"},{"@type":"ListItem","position":2,"name":"Productes","item":"https:\/\/www.navarroaubanell.com\/productos\/"},{"@type":"ListItem","position":3,"name":"Cadira de bra\u00e7os A16-057"}]},{"@type":"WebSite","@id":"https:\/\/www.navarroaubanell.com\/ca\/#website","url":"https:\/\/www.navarroaubanell.com\/ca\/","name":"Navarro Aubanell","description":"Mobiliario para hoteler\u00eda, colectividades y oficinas","publisher":{"@id":"https:\/\/www.navarroaubanell.com\/ca\/#organization"},"potentialAction":[{"@type":"SearchAction","target":{"@type":"EntryPoint","urlTemplate":"https:\/\/www.navarroaubanell.com\/ca\/?s={search_term_string}"},"query-input":{"@type":"PropertyValueSpecification","valueRequired":true,"valueName":"search_term_string"}}],"inLanguage":"ca"},{"@type":"Organization","@id":"https:\/\/www.navarroaubanell.com\/ca\/#organization","name":"COMERCIAL NAVARRO AUBANELL, S.A","url":"https:\/\/www.navarroaubanell.com\/ca\/","logo":{"@type":"ImageObject","inLanguage":"ca","@id":"https:\/\/www.navarroaubanell.com\/ca\/#\/schema\/logo\/image\/","url":"https:\/\/www.navarroaubanell.com\/wp-content\/uploads\/2017\/07\/logo-navarro-aubuanell.png","contentUrl":"https:\/\/www.navarroaubanell.com\/wp-content\/uploads\/2017\/07\/logo-navarro-aubuanell.png","width":6304,"height":1154,"caption":"COMERCIAL NAVARRO AUBANELL, S.A"},"image":{"@id":"https:\/\/www.navarroaubanell.com\/ca\/#\/schema\/logo\/image\/"}}]}},"_links":{"self":[{"href":"https:\/\/www.navarroaubanell.com\/ca\/wp-json\/wp\/v2\/product\/42824","targetHints":{"allow":["GET"]}}],"collection":[{"href":"https:\/\/www.navarroaubanell.com\/ca\/wp-json\/wp\/v2\/product"}],"about":[{"href":"https:\/\/www.navarroaubanell.com\/ca\/wp-json\/wp\/v2\/types\/product"}],"wp:featuredmedia":[{"embeddable":true,"href":"https:\/\/www.navarroaubanell.com\/ca\/wp-json\/wp\/v2\/media\/42814"}],"wp:attachment":[{"href":"https:\/\/www.navarroaubanell.com\/ca\/wp-json\/wp\/v2\/media?parent=42824"}],"wp:term":[{"taxonomy":"product_brand","embeddable":true,"href":"https:\/\/www.navarroaubanell.com\/ca\/wp-json\/wp\/v2\/product_brand?post=42824"},{"taxonomy":"product_cat","embeddable":true,"href":"https:\/\/www.navarroaubanell.com\/ca\/wp-json\/wp\/v2\/product_cat?post=42824"},{"taxonomy":"product_tag","embeddable":true,"href":"https:\/\/www.navarroaubanell.com\/ca\/wp-json\/wp\/v2\/product_tag?post=42824"}],"curies":[{"name":"wp","href":"https:\/\/api.w.org\/{rel}","templated":true}]}}