{"id":42663,"date":"2024-12-03T09:03:15","date_gmt":"2024-12-03T08:03:15","guid":{"rendered":"https:\/\/www.navarroaubanell.com\/producto\/mesa-a16-044-navarroaubanell\/"},"modified":"2024-12-03T09:44:59","modified_gmt":"2024-12-03T08:44:59","slug":"taula-a16-050-navarroaubanell","status":"publish","type":"product","link":"https:\/\/www.navarroaubanell.com\/ca\/producte\/taula-a16-050-navarroaubanell\/","title":{"rendered":"Taula Alta A16-050"},"content":{"rendered":"<h5>Taula A16-050: Modernitat i Versatilitat<\/h5>\n<div class=\"traductor-textarea form-group\">\n<div class=\"textarea-desti col-xs-12 col-sm-6\">\n<div class=\"form-control second-textarea\">La taula A16-050 destaca pel seu disseny modern i minimalista, ideal per a oferir un toc contemporani i atemporal a qualsevol espai. La seva estructura d&#8217;alumini anoditzat combina resist\u00e8ncia i lleugeresa, convertint-la en una excel\u00b7lent opci\u00f3 per a espais com a bars, cafeteries, restaurants i altres entorns comercials.<\/div>\n<\/div>\n<\/div>\n<h6>Estructura d&#8217;Alumini Resistent i Lleugera<\/h6>\n<div class=\"traductor-textarea form-group\">\n<div class=\"textarea-desti col-xs-12 col-sm-6\">\n<div class=\"form-control second-textarea\">Fabricada en alumini anoditzat que la protegeix contra la corrosi\u00f3, \u00e9s una taula que garanteix una durabilitat excepcional sense sacrificar la seva lleugeresa. La taula permet una personalitzaci\u00f3 vers\u00e0til en una \u00e0mplia gamma de colors, disponible en colors est\u00e0ndard com a antracita, blanc, plata o negre. Tamb\u00e9 pot pintar-se en qualsevol color de la carta RAL, adaptant-se f\u00e0cilment a qualsevol projecte decoratiu o estil.<\/div>\n<\/div>\n<\/div>\n<h6>Base Quadrada per a Major Estabilitat<\/h6>\n<div class=\"traductor-textarea form-group\">\n<div class=\"textarea-desti col-xs-12 col-sm-6\">\n<div class=\"form-control second-textarea\">Amb una base quadrada de 40\u00d740 cm, la taula proporciona estabilitat s\u00f2lida i equilibrada. La seva columna central garanteix un suport ferm i durador, mentre que la seva altura de 110 cm la fa perfecta per a ambients que requereixen taules altes, aportant funcionalitat sense perdre eleg\u00e0ncia.<\/div>\n<\/div>\n<\/div>\n<h6>Protecci\u00f3 i Llarga Durabilitat<\/h6>\n<div class=\"traductor-textarea form-group\">\n<div class=\"textarea-desti col-xs-12 col-sm-6\">\n<div class=\"form-control second-textarea\">La taula A16-050 ve equipada amb tacs protectors, que prevenen danys en el terra i asseguren una vida \u00fatil prolongada tant de la taula com de les superf\u00edcies on s&#8217;utilitzi.<\/div>\n<\/div>\n<\/div>\n","protected":false},"excerpt":{"rendered":"<p>Taula A16-050: Modernitat i Versatilitat La taula A16-050 destaca pel seu disseny modern i minimalista, ideal per a oferir un toc contemporani i atemporal a qualsevol espai. La seva estructura d&#8217;alumini anoditzat combina resist\u00e8ncia i lleugeresa, convertint-la en una excel\u00b7lent opci\u00f3 per a espais com a bars, cafeteries, restaurants i altres entorns comercials. Estructura d&#8217;Alumini&hellip;<\/p>\n","protected":false},"featured_media":42659,"template":"","meta":{"_acf_changed":false},"product_brand":[],"product_cat":[563,525,529,567],"product_tag":[992,1537,1591,618,640,664,695],"class_list":{"0":"post-42663","1":"product","2":"type-product","3":"status-publish","4":"has-post-thumbnail","6":"product_cat-exterior-ca","7":"product_cat-interior","8":"product_cat-taules","9":"product_cat-taules-exterior","10":"product_tag-aluminio-ca","11":"product_tag-base-ca","12":"product_tag-colores-ral-ca","13":"product_tag-contract-ca","14":"product_tag-exterior-ca","15":"product_tag-interior-ca","16":"product_tag-taula","17":"description-off","19":"first","20":"instock","21":"shipping-taxable","22":"product-type-simple"},"acf":[],"yoast_head":"<!-- This site is optimized with the Yoast SEO plugin v27.5 - https:\/\/yoast.com\/product\/yoast-seo-wordpress\/ -->\n<title>Taula Alta A16-050 - Navarro Aubanell<\/title>\n<meta name=\"description\" content=\"Taula alta A16-050 de 110 cm, disseny minimalista en alumini anoditzat, resistent i personalitzable, ideal per a espais comercials.\" \/>\n<meta name=\"robots\" content=\"index, follow, max-snippet:-1, max-image-preview:large, max-video-preview:-1\" \/>\n<link rel=\"canonical\" href=\"https:\/\/www.navarroaubanell.com\/ca\/producte\/taula-a16-050-navarroaubanell\/\" \/>\n<meta property=\"og:locale\" content=\"ca_ES\" \/>\n<meta property=\"og:type\" content=\"article\" \/>\n<meta property=\"og:title\" content=\"Taula Alta A16-050 - Navarro Aubanell\" \/>\n<meta property=\"og:description\" content=\"Taula alta A16-050 de 110 cm, disseny minimalista en alumini anoditzat, resistent i personalitzable, ideal per a espais comercials.\" \/>\n<meta property=\"og:url\" content=\"https:\/\/www.navarroaubanell.com\/ca\/producte\/taula-a16-050-navarroaubanell\/\" \/>\n<meta property=\"og:site_name\" content=\"Navarro Aubanell\" \/>\n<meta property=\"article:modified_time\" content=\"2024-12-03T08:44:59+00:00\" \/>\n<meta property=\"og:image\" content=\"https:\/\/www.navarroaubanell.com\/wp-content\/uploads\/2024\/12\/mesa.png\" \/>\n\t<meta property=\"og:image:width\" content=\"1280\" \/>\n\t<meta property=\"og:image:height\" content=\"1040\" \/>\n\t<meta property=\"og:image:type\" content=\"image\/png\" \/>\n<meta name=\"twitter:label1\" content=\"Est. reading time\" \/>\n\t<meta name=\"twitter:data1\" content=\"2 minutes\" \/>\n<script type=\"application\/ld+json\" class=\"yoast-schema-graph\">{\"@context\":\"https:\\\/\\\/schema.org\",\"@graph\":[{\"@type\":\"WebPage\",\"@id\":\"https:\\\/\\\/www.navarroaubanell.com\\\/ca\\\/producte\\\/taula-a16-050-navarroaubanell\\\/\",\"url\":\"https:\\\/\\\/www.navarroaubanell.com\\\/ca\\\/producte\\\/taula-a16-050-navarroaubanell\\\/\",\"name\":\"Taula Alta A16-050 - Navarro Aubanell\",\"isPartOf\":{\"@id\":\"https:\\\/\\\/www.navarroaubanell.com\\\/ca\\\/#website\"},\"primaryImageOfPage\":{\"@id\":\"https:\\\/\\\/www.navarroaubanell.com\\\/ca\\\/producte\\\/taula-a16-050-navarroaubanell\\\/#primaryimage\"},\"image\":{\"@id\":\"https:\\\/\\\/www.navarroaubanell.com\\\/ca\\\/producte\\\/taula-a16-050-navarroaubanell\\\/#primaryimage\"},\"thumbnailUrl\":\"https:\\\/\\\/www.navarroaubanell.com\\\/wp-content\\\/uploads\\\/2024\\\/12\\\/mesa.png\",\"datePublished\":\"2024-12-03T08:03:15+00:00\",\"dateModified\":\"2024-12-03T08:44:59+00:00\",\"description\":\"Taula alta A16-050 de 110 cm, disseny minimalista en alumini anoditzat, resistent i personalitzable, ideal per a espais comercials.\",\"breadcrumb\":{\"@id\":\"https:\\\/\\\/www.navarroaubanell.com\\\/ca\\\/producte\\\/taula-a16-050-navarroaubanell\\\/#breadcrumb\"},\"inLanguage\":\"ca\",\"potentialAction\":[{\"@type\":\"ReadAction\",\"target\":[\"https:\\\/\\\/www.navarroaubanell.com\\\/ca\\\/producte\\\/taula-a16-050-navarroaubanell\\\/\"]}]},{\"@type\":\"ImageObject\",\"inLanguage\":\"ca\",\"@id\":\"https:\\\/\\\/www.navarroaubanell.com\\\/ca\\\/producte\\\/taula-a16-050-navarroaubanell\\\/#primaryimage\",\"url\":\"https:\\\/\\\/www.navarroaubanell.com\\\/wp-content\\\/uploads\\\/2024\\\/12\\\/mesa.png\",\"contentUrl\":\"https:\\\/\\\/www.navarroaubanell.com\\\/wp-content\\\/uploads\\\/2024\\\/12\\\/mesa.png\",\"width\":1280,\"height\":1040,\"caption\":\"Taula alta A16-050\"},{\"@type\":\"BreadcrumbList\",\"@id\":\"https:\\\/\\\/www.navarroaubanell.com\\\/ca\\\/producte\\\/taula-a16-050-navarroaubanell\\\/#breadcrumb\",\"itemListElement\":[{\"@type\":\"ListItem\",\"position\":1,\"name\":\"Portada\",\"item\":\"https:\\\/\\\/www.navarroaubanell.com\\\/ca\\\/\"},{\"@type\":\"ListItem\",\"position\":2,\"name\":\"Productes\",\"item\":\"https:\\\/\\\/www.navarroaubanell.com\\\/productos\\\/\"},{\"@type\":\"ListItem\",\"position\":3,\"name\":\"Taula Alta A16-050\"}]},{\"@type\":\"WebSite\",\"@id\":\"https:\\\/\\\/www.navarroaubanell.com\\\/ca\\\/#website\",\"url\":\"https:\\\/\\\/www.navarroaubanell.com\\\/ca\\\/\",\"name\":\"Navarro Aubanell\",\"description\":\"Mobiliario para hoteler\u00eda, colectividades y oficinas\",\"publisher\":{\"@id\":\"https:\\\/\\\/www.navarroaubanell.com\\\/ca\\\/#organization\"},\"potentialAction\":[{\"@type\":\"SearchAction\",\"target\":{\"@type\":\"EntryPoint\",\"urlTemplate\":\"https:\\\/\\\/www.navarroaubanell.com\\\/ca\\\/?s={search_term_string}\"},\"query-input\":{\"@type\":\"PropertyValueSpecification\",\"valueRequired\":true,\"valueName\":\"search_term_string\"}}],\"inLanguage\":\"ca\"},{\"@type\":\"Organization\",\"@id\":\"https:\\\/\\\/www.navarroaubanell.com\\\/ca\\\/#organization\",\"name\":\"COMERCIAL NAVARRO AUBANELL, S.A\",\"url\":\"https:\\\/\\\/www.navarroaubanell.com\\\/ca\\\/\",\"logo\":{\"@type\":\"ImageObject\",\"inLanguage\":\"ca\",\"@id\":\"https:\\\/\\\/www.navarroaubanell.com\\\/ca\\\/#\\\/schema\\\/logo\\\/image\\\/\",\"url\":\"https:\\\/\\\/www.navarroaubanell.com\\\/wp-content\\\/uploads\\\/2017\\\/07\\\/logo-navarro-aubuanell.png\",\"contentUrl\":\"https:\\\/\\\/www.navarroaubanell.com\\\/wp-content\\\/uploads\\\/2017\\\/07\\\/logo-navarro-aubuanell.png\",\"width\":6304,\"height\":1154,\"caption\":\"COMERCIAL NAVARRO AUBANELL, S.A\"},\"image\":{\"@id\":\"https:\\\/\\\/www.navarroaubanell.com\\\/ca\\\/#\\\/schema\\\/logo\\\/image\\\/\"}}]}<\/script>\n<!-- \/ Yoast SEO plugin. -->","yoast_head_json":{"title":"Taula Alta A16-050 - Navarro Aubanell","description":"Taula alta A16-050 de 110 cm, disseny minimalista en alumini anoditzat, resistent i personalitzable, ideal per a espais comercials.","robots":{"index":"index","follow":"follow","max-snippet":"max-snippet:-1","max-image-preview":"max-image-preview:large","max-video-preview":"max-video-preview:-1"},"canonical":"https:\/\/www.navarroaubanell.com\/ca\/producte\/taula-a16-050-navarroaubanell\/","og_locale":"ca_ES","og_type":"article","og_title":"Taula Alta A16-050 - Navarro Aubanell","og_description":"Taula alta A16-050 de 110 cm, disseny minimalista en alumini anoditzat, resistent i personalitzable, ideal per a espais comercials.","og_url":"https:\/\/www.navarroaubanell.com\/ca\/producte\/taula-a16-050-navarroaubanell\/","og_site_name":"Navarro Aubanell","article_modified_time":"2024-12-03T08:44:59+00:00","og_image":[{"width":1280,"height":1040,"url":"https:\/\/www.navarroaubanell.com\/wp-content\/uploads\/2024\/12\/mesa.png","type":"image\/png"}],"twitter_misc":{"Est. reading time":"2 minutes"},"schema":{"@context":"https:\/\/schema.org","@graph":[{"@type":"WebPage","@id":"https:\/\/www.navarroaubanell.com\/ca\/producte\/taula-a16-050-navarroaubanell\/","url":"https:\/\/www.navarroaubanell.com\/ca\/producte\/taula-a16-050-navarroaubanell\/","name":"Taula Alta A16-050 - Navarro Aubanell","isPartOf":{"@id":"https:\/\/www.navarroaubanell.com\/ca\/#website"},"primaryImageOfPage":{"@id":"https:\/\/www.navarroaubanell.com\/ca\/producte\/taula-a16-050-navarroaubanell\/#primaryimage"},"image":{"@id":"https:\/\/www.navarroaubanell.com\/ca\/producte\/taula-a16-050-navarroaubanell\/#primaryimage"},"thumbnailUrl":"https:\/\/www.navarroaubanell.com\/wp-content\/uploads\/2024\/12\/mesa.png","datePublished":"2024-12-03T08:03:15+00:00","dateModified":"2024-12-03T08:44:59+00:00","description":"Taula alta A16-050 de 110 cm, disseny minimalista en alumini anoditzat, resistent i personalitzable, ideal per a espais comercials.","breadcrumb":{"@id":"https:\/\/www.navarroaubanell.com\/ca\/producte\/taula-a16-050-navarroaubanell\/#breadcrumb"},"inLanguage":"ca","potentialAction":[{"@type":"ReadAction","target":["https:\/\/www.navarroaubanell.com\/ca\/producte\/taula-a16-050-navarroaubanell\/"]}]},{"@type":"ImageObject","inLanguage":"ca","@id":"https:\/\/www.navarroaubanell.com\/ca\/producte\/taula-a16-050-navarroaubanell\/#primaryimage","url":"https:\/\/www.navarroaubanell.com\/wp-content\/uploads\/2024\/12\/mesa.png","contentUrl":"https:\/\/www.navarroaubanell.com\/wp-content\/uploads\/2024\/12\/mesa.png","width":1280,"height":1040,"caption":"Taula alta A16-050"},{"@type":"BreadcrumbList","@id":"https:\/\/www.navarroaubanell.com\/ca\/producte\/taula-a16-050-navarroaubanell\/#breadcrumb","itemListElement":[{"@type":"ListItem","position":1,"name":"Portada","item":"https:\/\/www.navarroaubanell.com\/ca\/"},{"@type":"ListItem","position":2,"name":"Productes","item":"https:\/\/www.navarroaubanell.com\/productos\/"},{"@type":"ListItem","position":3,"name":"Taula Alta A16-050"}]},{"@type":"WebSite","@id":"https:\/\/www.navarroaubanell.com\/ca\/#website","url":"https:\/\/www.navarroaubanell.com\/ca\/","name":"Navarro Aubanell","description":"Mobiliario para hoteler\u00eda, colectividades y oficinas","publisher":{"@id":"https:\/\/www.navarroaubanell.com\/ca\/#organization"},"potentialAction":[{"@type":"SearchAction","target":{"@type":"EntryPoint","urlTemplate":"https:\/\/www.navarroaubanell.com\/ca\/?s={search_term_string}"},"query-input":{"@type":"PropertyValueSpecification","valueRequired":true,"valueName":"search_term_string"}}],"inLanguage":"ca"},{"@type":"Organization","@id":"https:\/\/www.navarroaubanell.com\/ca\/#organization","name":"COMERCIAL NAVARRO AUBANELL, S.A","url":"https:\/\/www.navarroaubanell.com\/ca\/","logo":{"@type":"ImageObject","inLanguage":"ca","@id":"https:\/\/www.navarroaubanell.com\/ca\/#\/schema\/logo\/image\/","url":"https:\/\/www.navarroaubanell.com\/wp-content\/uploads\/2017\/07\/logo-navarro-aubuanell.png","contentUrl":"https:\/\/www.navarroaubanell.com\/wp-content\/uploads\/2017\/07\/logo-navarro-aubuanell.png","width":6304,"height":1154,"caption":"COMERCIAL NAVARRO AUBANELL, S.A"},"image":{"@id":"https:\/\/www.navarroaubanell.com\/ca\/#\/schema\/logo\/image\/"}}]}},"_links":{"self":[{"href":"https:\/\/www.navarroaubanell.com\/ca\/wp-json\/wp\/v2\/product\/42663","targetHints":{"allow":["GET"]}}],"collection":[{"href":"https:\/\/www.navarroaubanell.com\/ca\/wp-json\/wp\/v2\/product"}],"about":[{"href":"https:\/\/www.navarroaubanell.com\/ca\/wp-json\/wp\/v2\/types\/product"}],"wp:featuredmedia":[{"embeddable":true,"href":"https:\/\/www.navarroaubanell.com\/ca\/wp-json\/wp\/v2\/media\/42659"}],"wp:attachment":[{"href":"https:\/\/www.navarroaubanell.com\/ca\/wp-json\/wp\/v2\/media?parent=42663"}],"wp:term":[{"taxonomy":"product_brand","embeddable":true,"href":"https:\/\/www.navarroaubanell.com\/ca\/wp-json\/wp\/v2\/product_brand?post=42663"},{"taxonomy":"product_cat","embeddable":true,"href":"https:\/\/www.navarroaubanell.com\/ca\/wp-json\/wp\/v2\/product_cat?post=42663"},{"taxonomy":"product_tag","embeddable":true,"href":"https:\/\/www.navarroaubanell.com\/ca\/wp-json\/wp\/v2\/product_tag?post=42663"}],"curies":[{"name":"wp","href":"https:\/\/api.w.org\/{rel}","templated":true}]}}