{"id":42382,"date":"2024-11-25T17:53:05","date_gmt":"2024-11-25T16:53:05","guid":{"rendered":"https:\/\/www.navarroaubanell.com\/producto\/sillon-a16-035-navarroaubanell\/"},"modified":"2024-11-25T17:59:15","modified_gmt":"2024-11-25T16:59:15","slug":"cadira-de-bracos-a16-035-navarroaubanell","status":"publish","type":"product","link":"https:\/\/www.navarroaubanell.com\/ca\/producte\/cadira-de-bracos-a16-035-navarroaubanell\/","title":{"rendered":"Cadira de bra\u00e7os A16-035"},"content":{"rendered":"<h5>Cadira de bra\u00e7os A16-035: Disseny Vers\u00e0til i Sofisticat<\/h5>\n<div class=\"traductor-textarea form-group\">\n<div class=\"textarea-desti col-xs-12 col-sm-6\">\n<div class=\"form-control second-textarea\">La cadira de bra\u00e7os A16-035 combina eleg\u00e0ncia i funcionalitat en un disseny que s&#8217;adapta perfectament a interiors i exteriors. \u00c9s ideal per a projectes d&#8217;hostaleria que busquen peces de mobiliari c\u00f2modes, est\u00e8tiques i duradores. El seu disseny vers\u00e0til la integra perfectament en ambients moderns, minimalistes o r\u00fastics, aportant sempre un toc d&#8217;estil.<\/div>\n<\/div>\n<\/div>\n<h6>Estructura Robusta i Elegant<\/h6>\n<div class=\"traductor-textarea form-group\">\n<div class=\"textarea-desti col-xs-12 col-sm-6\">\n<div class=\"form-control second-textarea\">L&#8217;estructura d&#8217;alumini pintat en blanc ofereix una base resistent i duradora, a m\u00e9s d&#8217;adaptar-se a una gran varietat d&#8217;estils decoratius. La cadira est\u00e0 equipada amb tacs protectors en les potes, que ajuden a mantenir el terra en perfecte estat i al mateix temps prolonguen la seva vida \u00fatil.<\/div>\n<\/div>\n<\/div>\n<h6>Comoditat i Qualitat a Cada Detall<\/h6>\n<div class=\"traductor-textarea form-group\">\n<div class=\"textarea-desti col-xs-12 col-sm-6\">\n<div class=\"form-control second-textarea\">L&#8217;A16-035 ve amb un coix\u00ed beix de polyester de 5 cm de gruix que proporciona una comoditat \u00f2ptima. El respatller i els laterals estan confeccionats amb corda <em>olefin<\/em> en color natural, un material resistent als raigs UV, la qual cosa assegura que la cadira de bra\u00e7os mantingui la seva aparen\u00e7a i qualitat al llarg del temps.<\/div>\n<\/div>\n<\/div>\n<h6>Estil i Durabilitat per a Espais Contract<\/h6>\n<div class=\"traductor-textarea form-group\">\n<div class=\"textarea-desti col-xs-12 col-sm-6\">\n<div class=\"form-control second-textarea\">El seu disseny ofereix durabilitat i facilitat de manteniment, convertint-ho en una opci\u00f3 perfecta per a terrasses, jardins, restaurants i altres espais d&#8217;alta rotaci\u00f3.<\/div>\n<\/div>\n<\/div>\n","protected":false},"excerpt":{"rendered":"<p>Cadira de bra\u00e7os A16-035: Disseny Vers\u00e0til i Sofisticat La cadira de bra\u00e7os A16-035 combina eleg\u00e0ncia i funcionalitat en un disseny que s&#8217;adapta perfectament a interiors i exteriors. \u00c9s ideal per a projectes d&#8217;hostaleria que busquen peces de mobiliari c\u00f2modes, est\u00e8tiques i duradores. El seu disseny vers\u00e0til la integra perfectament en ambients moderns, minimalistes o r\u00fastics,&hellip;<\/p>\n","protected":false},"featured_media":42376,"template":"","meta":{"_acf_changed":false},"product_brand":[],"product_cat":[534,573,563,525],"product_tag":[992,749,618,640,664],"class_list":{"0":"post-42382","1":"product","2":"type-product","3":"status-publish","4":"has-post-thumbnail","6":"product_cat-cadires-de-bracos","7":"product_cat-cadires-de-bracos-exterior","8":"product_cat-exterior-ca","9":"product_cat-interior","10":"product_tag-aluminio-ca","11":"product_tag-cadira-de-barcos","12":"product_tag-contract-ca","13":"product_tag-exterior-ca","14":"product_tag-interior-ca","15":"description-off","17":"first","18":"instock","19":"shipping-taxable","20":"product-type-simple"},"acf":[],"yoast_head":"<!-- This site is optimized with the Yoast SEO plugin v27.0 - https:\/\/yoast.com\/product\/yoast-seo-wordpress\/ -->\n<title>Cadira de bra\u00e7os A16-035 - Navarro Aubanell<\/title>\n<meta name=\"description\" content=\"Cadira de bra\u00e7os A16-035: elegant i vers\u00e0til, amb estructura d&#039;alumini blanc, coix\u00ed de polyester i suport d&#039;entenimentada olefin natural.\" \/>\n<meta name=\"robots\" content=\"index, follow, max-snippet:-1, max-image-preview:large, max-video-preview:-1\" \/>\n<link rel=\"canonical\" href=\"https:\/\/www.navarroaubanell.com\/ca\/producte\/cadira-de-bracos-a16-035-navarroaubanell\/\" \/>\n<meta property=\"og:locale\" content=\"ca_ES\" \/>\n<meta property=\"og:type\" content=\"article\" \/>\n<meta property=\"og:title\" content=\"Cadira de bra\u00e7os A16-035 - Navarro Aubanell\" \/>\n<meta property=\"og:description\" content=\"Cadira de bra\u00e7os A16-035: elegant i vers\u00e0til, amb estructura d&#039;alumini blanc, coix\u00ed de polyester i suport d&#039;entenimentada olefin natural.\" \/>\n<meta property=\"og:url\" content=\"https:\/\/www.navarroaubanell.com\/ca\/producte\/cadira-de-bracos-a16-035-navarroaubanell\/\" \/>\n<meta property=\"og:site_name\" content=\"Navarro Aubanell\" \/>\n<meta property=\"article:modified_time\" content=\"2024-11-25T16:59:15+00:00\" \/>\n<meta property=\"og:image\" content=\"https:\/\/www.navarroaubanell.com\/wp-content\/uploads\/2024\/11\/Captura-Photoroom-5-1.png\" \/>\n\t<meta property=\"og:image:width\" content=\"1280\" \/>\n\t<meta property=\"og:image:height\" content=\"1040\" \/>\n\t<meta property=\"og:image:type\" content=\"image\/png\" \/>\n<meta name=\"twitter:label1\" content=\"Est. reading time\" \/>\n\t<meta name=\"twitter:data1\" content=\"2 minutes\" \/>\n<script type=\"application\/ld+json\" class=\"yoast-schema-graph\">{\"@context\":\"https:\/\/schema.org\",\"@graph\":[{\"@type\":\"WebPage\",\"@id\":\"https:\/\/www.navarroaubanell.com\/ca\/producte\/cadira-de-bracos-a16-035-navarroaubanell\/\",\"url\":\"https:\/\/www.navarroaubanell.com\/ca\/producte\/cadira-de-bracos-a16-035-navarroaubanell\/\",\"name\":\"Cadira de bra\u00e7os A16-035 - Navarro Aubanell\",\"isPartOf\":{\"@id\":\"https:\/\/www.navarroaubanell.com\/ca\/#website\"},\"primaryImageOfPage\":{\"@id\":\"https:\/\/www.navarroaubanell.com\/ca\/producte\/cadira-de-bracos-a16-035-navarroaubanell\/#primaryimage\"},\"image\":{\"@id\":\"https:\/\/www.navarroaubanell.com\/ca\/producte\/cadira-de-bracos-a16-035-navarroaubanell\/#primaryimage\"},\"thumbnailUrl\":\"https:\/\/www.navarroaubanell.com\/wp-content\/uploads\/2024\/11\/Captura-Photoroom-5-1.png\",\"datePublished\":\"2024-11-25T16:53:05+00:00\",\"dateModified\":\"2024-11-25T16:59:15+00:00\",\"description\":\"Cadira de bra\u00e7os A16-035: elegant i vers\u00e0til, amb estructura d'alumini blanc, coix\u00ed de polyester i suport d'entenimentada olefin natural.\",\"breadcrumb\":{\"@id\":\"https:\/\/www.navarroaubanell.com\/ca\/producte\/cadira-de-bracos-a16-035-navarroaubanell\/#breadcrumb\"},\"inLanguage\":\"ca\",\"potentialAction\":[{\"@type\":\"ReadAction\",\"target\":[\"https:\/\/www.navarroaubanell.com\/ca\/producte\/cadira-de-bracos-a16-035-navarroaubanell\/\"]}]},{\"@type\":\"ImageObject\",\"inLanguage\":\"ca\",\"@id\":\"https:\/\/www.navarroaubanell.com\/ca\/producte\/cadira-de-bracos-a16-035-navarroaubanell\/#primaryimage\",\"url\":\"https:\/\/www.navarroaubanell.com\/wp-content\/uploads\/2024\/11\/Captura-Photoroom-5-1.png\",\"contentUrl\":\"https:\/\/www.navarroaubanell.com\/wp-content\/uploads\/2024\/11\/Captura-Photoroom-5-1.png\",\"width\":1280,\"height\":1040,\"caption\":\"Cadira de bra\u00e7os A16-035\"},{\"@type\":\"BreadcrumbList\",\"@id\":\"https:\/\/www.navarroaubanell.com\/ca\/producte\/cadira-de-bracos-a16-035-navarroaubanell\/#breadcrumb\",\"itemListElement\":[{\"@type\":\"ListItem\",\"position\":1,\"name\":\"Portada\",\"item\":\"https:\/\/www.navarroaubanell.com\/ca\/\"},{\"@type\":\"ListItem\",\"position\":2,\"name\":\"Productes\",\"item\":\"https:\/\/www.navarroaubanell.com\/productos\/\"},{\"@type\":\"ListItem\",\"position\":3,\"name\":\"Cadira de bra\u00e7os A16-035\"}]},{\"@type\":\"WebSite\",\"@id\":\"https:\/\/www.navarroaubanell.com\/ca\/#website\",\"url\":\"https:\/\/www.navarroaubanell.com\/ca\/\",\"name\":\"Navarro Aubanell\",\"description\":\"Mobiliario para hoteler\u00eda, colectividades y oficinas\",\"publisher\":{\"@id\":\"https:\/\/www.navarroaubanell.com\/ca\/#organization\"},\"potentialAction\":[{\"@type\":\"SearchAction\",\"target\":{\"@type\":\"EntryPoint\",\"urlTemplate\":\"https:\/\/www.navarroaubanell.com\/ca\/?s={search_term_string}\"},\"query-input\":{\"@type\":\"PropertyValueSpecification\",\"valueRequired\":true,\"valueName\":\"search_term_string\"}}],\"inLanguage\":\"ca\"},{\"@type\":\"Organization\",\"@id\":\"https:\/\/www.navarroaubanell.com\/ca\/#organization\",\"name\":\"COMERCIAL NAVARRO AUBANELL, S.A\",\"url\":\"https:\/\/www.navarroaubanell.com\/ca\/\",\"logo\":{\"@type\":\"ImageObject\",\"inLanguage\":\"ca\",\"@id\":\"https:\/\/www.navarroaubanell.com\/ca\/#\/schema\/logo\/image\/\",\"url\":\"https:\/\/www.navarroaubanell.com\/wp-content\/uploads\/2017\/07\/logo-navarro-aubuanell.png\",\"contentUrl\":\"https:\/\/www.navarroaubanell.com\/wp-content\/uploads\/2017\/07\/logo-navarro-aubuanell.png\",\"width\":6304,\"height\":1154,\"caption\":\"COMERCIAL NAVARRO AUBANELL, S.A\"},\"image\":{\"@id\":\"https:\/\/www.navarroaubanell.com\/ca\/#\/schema\/logo\/image\/\"}}]}<\/script>\n<!-- \/ Yoast SEO plugin. -->","yoast_head_json":{"title":"Cadira de bra\u00e7os A16-035 - Navarro Aubanell","description":"Cadira de bra\u00e7os A16-035: elegant i vers\u00e0til, amb estructura d'alumini blanc, coix\u00ed de polyester i suport d'entenimentada olefin natural.","robots":{"index":"index","follow":"follow","max-snippet":"max-snippet:-1","max-image-preview":"max-image-preview:large","max-video-preview":"max-video-preview:-1"},"canonical":"https:\/\/www.navarroaubanell.com\/ca\/producte\/cadira-de-bracos-a16-035-navarroaubanell\/","og_locale":"ca_ES","og_type":"article","og_title":"Cadira de bra\u00e7os A16-035 - Navarro Aubanell","og_description":"Cadira de bra\u00e7os A16-035: elegant i vers\u00e0til, amb estructura d'alumini blanc, coix\u00ed de polyester i suport d'entenimentada olefin natural.","og_url":"https:\/\/www.navarroaubanell.com\/ca\/producte\/cadira-de-bracos-a16-035-navarroaubanell\/","og_site_name":"Navarro Aubanell","article_modified_time":"2024-11-25T16:59:15+00:00","og_image":[{"width":1280,"height":1040,"url":"https:\/\/www.navarroaubanell.com\/wp-content\/uploads\/2024\/11\/Captura-Photoroom-5-1.png","type":"image\/png"}],"twitter_misc":{"Est. reading time":"2 minutes"},"schema":{"@context":"https:\/\/schema.org","@graph":[{"@type":"WebPage","@id":"https:\/\/www.navarroaubanell.com\/ca\/producte\/cadira-de-bracos-a16-035-navarroaubanell\/","url":"https:\/\/www.navarroaubanell.com\/ca\/producte\/cadira-de-bracos-a16-035-navarroaubanell\/","name":"Cadira de bra\u00e7os A16-035 - Navarro Aubanell","isPartOf":{"@id":"https:\/\/www.navarroaubanell.com\/ca\/#website"},"primaryImageOfPage":{"@id":"https:\/\/www.navarroaubanell.com\/ca\/producte\/cadira-de-bracos-a16-035-navarroaubanell\/#primaryimage"},"image":{"@id":"https:\/\/www.navarroaubanell.com\/ca\/producte\/cadira-de-bracos-a16-035-navarroaubanell\/#primaryimage"},"thumbnailUrl":"https:\/\/www.navarroaubanell.com\/wp-content\/uploads\/2024\/11\/Captura-Photoroom-5-1.png","datePublished":"2024-11-25T16:53:05+00:00","dateModified":"2024-11-25T16:59:15+00:00","description":"Cadira de bra\u00e7os A16-035: elegant i vers\u00e0til, amb estructura d'alumini blanc, coix\u00ed de polyester i suport d'entenimentada olefin natural.","breadcrumb":{"@id":"https:\/\/www.navarroaubanell.com\/ca\/producte\/cadira-de-bracos-a16-035-navarroaubanell\/#breadcrumb"},"inLanguage":"ca","potentialAction":[{"@type":"ReadAction","target":["https:\/\/www.navarroaubanell.com\/ca\/producte\/cadira-de-bracos-a16-035-navarroaubanell\/"]}]},{"@type":"ImageObject","inLanguage":"ca","@id":"https:\/\/www.navarroaubanell.com\/ca\/producte\/cadira-de-bracos-a16-035-navarroaubanell\/#primaryimage","url":"https:\/\/www.navarroaubanell.com\/wp-content\/uploads\/2024\/11\/Captura-Photoroom-5-1.png","contentUrl":"https:\/\/www.navarroaubanell.com\/wp-content\/uploads\/2024\/11\/Captura-Photoroom-5-1.png","width":1280,"height":1040,"caption":"Cadira de bra\u00e7os A16-035"},{"@type":"BreadcrumbList","@id":"https:\/\/www.navarroaubanell.com\/ca\/producte\/cadira-de-bracos-a16-035-navarroaubanell\/#breadcrumb","itemListElement":[{"@type":"ListItem","position":1,"name":"Portada","item":"https:\/\/www.navarroaubanell.com\/ca\/"},{"@type":"ListItem","position":2,"name":"Productes","item":"https:\/\/www.navarroaubanell.com\/productos\/"},{"@type":"ListItem","position":3,"name":"Cadira de bra\u00e7os A16-035"}]},{"@type":"WebSite","@id":"https:\/\/www.navarroaubanell.com\/ca\/#website","url":"https:\/\/www.navarroaubanell.com\/ca\/","name":"Navarro Aubanell","description":"Mobiliario para hoteler\u00eda, colectividades y oficinas","publisher":{"@id":"https:\/\/www.navarroaubanell.com\/ca\/#organization"},"potentialAction":[{"@type":"SearchAction","target":{"@type":"EntryPoint","urlTemplate":"https:\/\/www.navarroaubanell.com\/ca\/?s={search_term_string}"},"query-input":{"@type":"PropertyValueSpecification","valueRequired":true,"valueName":"search_term_string"}}],"inLanguage":"ca"},{"@type":"Organization","@id":"https:\/\/www.navarroaubanell.com\/ca\/#organization","name":"COMERCIAL NAVARRO AUBANELL, S.A","url":"https:\/\/www.navarroaubanell.com\/ca\/","logo":{"@type":"ImageObject","inLanguage":"ca","@id":"https:\/\/www.navarroaubanell.com\/ca\/#\/schema\/logo\/image\/","url":"https:\/\/www.navarroaubanell.com\/wp-content\/uploads\/2017\/07\/logo-navarro-aubuanell.png","contentUrl":"https:\/\/www.navarroaubanell.com\/wp-content\/uploads\/2017\/07\/logo-navarro-aubuanell.png","width":6304,"height":1154,"caption":"COMERCIAL NAVARRO AUBANELL, S.A"},"image":{"@id":"https:\/\/www.navarroaubanell.com\/ca\/#\/schema\/logo\/image\/"}}]}},"_links":{"self":[{"href":"https:\/\/www.navarroaubanell.com\/ca\/wp-json\/wp\/v2\/product\/42382","targetHints":{"allow":["GET"]}}],"collection":[{"href":"https:\/\/www.navarroaubanell.com\/ca\/wp-json\/wp\/v2\/product"}],"about":[{"href":"https:\/\/www.navarroaubanell.com\/ca\/wp-json\/wp\/v2\/types\/product"}],"wp:featuredmedia":[{"embeddable":true,"href":"https:\/\/www.navarroaubanell.com\/ca\/wp-json\/wp\/v2\/media\/42376"}],"wp:attachment":[{"href":"https:\/\/www.navarroaubanell.com\/ca\/wp-json\/wp\/v2\/media?parent=42382"}],"wp:term":[{"taxonomy":"product_brand","embeddable":true,"href":"https:\/\/www.navarroaubanell.com\/ca\/wp-json\/wp\/v2\/product_brand?post=42382"},{"taxonomy":"product_cat","embeddable":true,"href":"https:\/\/www.navarroaubanell.com\/ca\/wp-json\/wp\/v2\/product_cat?post=42382"},{"taxonomy":"product_tag","embeddable":true,"href":"https:\/\/www.navarroaubanell.com\/ca\/wp-json\/wp\/v2\/product_tag?post=42382"}],"curies":[{"name":"wp","href":"https:\/\/api.w.org\/{rel}","templated":true}]}}